{"id":242647,"date":"2025-01-03T09:00:59","date_gmt":"2025-01-03T08:00:59","guid":{"rendered":"https:\/\/najnaj.eu\/?post_type=product&#038;p=242647"},"modified":"2026-03-07T15:54:25","modified_gmt":"2026-03-07T14:54:25","slug":"b-box-mini-kutija-za-uzinu-lemon-twist","status":"publish","type":"product","link":"https:\/\/najnaj.eu\/sl\/izdelek\/b-box-mini-kutija-za-uzinu-lemon-twist\/","title":{"rendered":"b.box Mini Kutija za u\u017einu &#8211; lemon twist"},"content":{"rendered":"<p>b.box mini kutija za ru\u010dak mo\u017eda je kompaktna, ali ima mnogo mjesta za zdrav obrok.<br \/>\nFleksibilan poklopac za vo\u0107e raste\u017ee se tako da je vo\u0107ka za\u0161ti\u0107ena unutar posude. 2 odvojena nepropusna pretinca zatvaraju se zasebno, pa pakiranje suhe i teku\u0107e hrane u istoj posudi vi\u0161e nije problem.<br \/>\nPomi\u010dna pregrada mo\u017ee se prilagoditi ovisno o vrsti i veli\u010dini obroka koje va\u0161e dijete pojedini dan nosi. Integrirana ru\u010dka olak\u0161ava va\u0111enje iz torbe, a velika kop\u010da olak\u0161ava malim prstima otvaranje i poti\u010de ih na samostalnost. Svi dijelovi se mogu skinuti i oprati.<\/p>\n","protected":false},"excerpt":{"rendered":"<p>&gt; Uklonjiva pregrada omogu\u0107uje pode\u0161avanje veli\u010dine odjeljaka po potrebi<br \/>\n&gt; Dva zatvorena odjeljka otporna na curenje, osiguravaju mokru hranu poput pirea, jogurta ili umaka<br \/>\n&gt; Brtve se mogu potpuno ukloniti radi lak\u0161eg \u010di\u0161\u0107enja i sprje\u010davanja nakupljanja plijesni<br \/>\n&gt; Uz jedinstveni odjeljak za cijelo vo\u0107e s rastezljivom brtvom nema potrebe za rezanjem vo\u0107a na komadi\u0107e<br \/>\n&gt; Dozvoljeno pranje u perilici posu\u0111a na gornjoj polici<br \/>\n&gt; Ne sadr\u017ei BPA, ftalate i PVC<br \/>\n&gt; Dimenzije: 18,5 x 17 x 6,7 cm<br \/>\n&gt; Kapacitet: 1l<\/p>\n","protected":false},"featured_media":242661,"comment_status":"open","ping_status":"closed","template":"","meta":{"_acf_changed":false,"footnotes":""},"product_brand":[],"product_cat":[655,622],"product_tag":[],"class_list":{"0":"post-242647","1":"product","2":"type-product","3":"status-publish","4":"has-post-thumbnail","6":"product_cat-kutije-za-uzinu","7":"product_cat-posude","8":"pa_boja-zuta","9":"pa_brand-b-box","10":"pa_vrsta-posuda-kutije-za-uzinu","12":"first","13":"instock","14":"purchasable","15":"product-type-simple"},"bundled_by":[],"bundle_stock_status":"instock","bundle_stock_quantity":14,"bundle_virtual":false,"bundle_layout":"","bundle_add_to_cart_form_location":"","bundle_editable_in_cart":false,"bundle_sold_individually_context":"","bundle_item_grouping":"","bundle_min_size":"","bundle_max_size":"","bundle_price":[],"bundled_items":[],"bundle_sell_ids":[],"acf":[],"yoast_head":"<!-- This site is optimized with the Yoast SEO Premium plugin v21.5 (Yoast SEO v27.3) - https:\/\/yoast.com\/product\/yoast-seo-premium-wordpress\/ -->\n<title>b.box Mini Kutija za u\u017einu - lemon twist - NajNaj.eu<\/title>\n<meta name=\"robots\" content=\"index, follow, max-snippet:-1, max-image-preview:large, max-video-preview:-1\" \/>\n<link rel=\"canonical\" href=\"https:\/\/najnaj.eu\/sl\/izdelek\/b-box-mini-kutija-za-uzinu-lemon-twist\/\" \/>\n<meta property=\"og:locale\" content=\"sl_SI\" \/>\n<meta property=\"og:type\" content=\"article\" \/>\n<meta property=\"og:title\" content=\"b.box Mini Kutija za u\u017einu - lemon twist\" \/>\n<meta property=\"og:description\" content=\"&gt; Uklonjiva pregrada omogu\u0107uje pode\u0161avanje veli\u010dine odjeljaka po potrebi &gt; Dva zatvorena odjeljka otporna na curenje, osiguravaju mokru hranu poput pirea, jogurta ili umaka &gt; Brtve se mogu potpuno ukloniti radi lak\u0161eg \u010di\u0161\u0107enja i sprje\u010davanja nakupljanja plijesni &gt; Uz jedinstveni odjeljak za cijelo vo\u0107e s rastezljivom brtvom nema potrebe za rezanjem vo\u0107a na komadi\u0107e &gt; Dozvoljeno pranje u perilici posu\u0111a na gornjoj polici &gt; Ne sadr\u017ei BPA, ftalate i PVC &gt; Dimenzije: 18,5 x 17 x 6,7 cm &gt; Kapacitet: 1l\" \/>\n<meta property=\"og:url\" content=\"https:\/\/najnaj.eu\/sl\/izdelek\/b-box-mini-kutija-za-uzinu-lemon-twist\/\" \/>\n<meta property=\"og:site_name\" content=\"NajNaj.eu\" \/>\n<meta property=\"article:publisher\" content=\"https:\/\/web.facebook.com\/najnaj.eu\/\" \/>\n<meta property=\"article:modified_time\" content=\"2026-03-07T14:54:25+00:00\" \/>\n<meta property=\"og:image\" content=\"https:\/\/najnaj.eu\/wp-content\/uploads\/2025\/02\/mini-lunchbox-lemon-twwist.jpg\" \/>\n\t<meta property=\"og:image:width\" content=\"1080\" \/>\n\t<meta property=\"og:image:height\" content=\"1080\" \/>\n\t<meta property=\"og:image:type\" content=\"image\/jpeg\" \/>\n<meta name=\"twitter:card\" content=\"summary_large_image\" \/>\n<meta name=\"twitter:label1\" content=\"Price\" \/>\n\t<meta name=\"twitter:data1\" content=\"18,99&nbsp;&euro;\" \/>\n\t<meta name=\"twitter:label2\" content=\"Availability\" \/>\n\t<meta name=\"twitter:data2\" content=\"In stock\" \/>\n<script type=\"application\/ld+json\" class=\"yoast-schema-graph\">{\"@context\":\"https:\\\/\\\/schema.org\",\"@graph\":[{\"@type\":\"WebPage\",\"@id\":\"https:\\\/\\\/najnaj.eu\\\/sl\\\/izdelek\\\/b-box-mini-kutija-za-uzinu-lemon-twist\\\/\",\"url\":\"https:\\\/\\\/najnaj.eu\\\/sl\\\/izdelek\\\/b-box-mini-kutija-za-uzinu-lemon-twist\\\/\",\"name\":\"b.box Mini Kutija za u\u017einu - lemon twist - NajNaj.eu\",\"isPartOf\":{\"@id\":\"https:\\\/\\\/najnaj.eu\\\/sl\\\/#website\"},\"primaryImageOfPage\":{\"@id\":\"https:\\\/\\\/najnaj.eu\\\/sl\\\/izdelek\\\/b-box-mini-kutija-za-uzinu-lemon-twist\\\/#primaryimage\"},\"image\":{\"@id\":\"https:\\\/\\\/najnaj.eu\\\/sl\\\/izdelek\\\/b-box-mini-kutija-za-uzinu-lemon-twist\\\/#primaryimage\"},\"thumbnailUrl\":\"https:\\\/\\\/najnaj.eu\\\/wp-content\\\/uploads\\\/2025\\\/02\\\/mini-lunchbox-lemon-twwist.jpg\",\"datePublished\":\"2025-01-03T08:00:59+00:00\",\"dateModified\":\"2026-03-07T14:54:25+00:00\",\"breadcrumb\":{\"@id\":\"https:\\\/\\\/najnaj.eu\\\/sl\\\/izdelek\\\/b-box-mini-kutija-za-uzinu-lemon-twist\\\/#breadcrumb\"},\"inLanguage\":\"sl-SI\",\"potentialAction\":[{\"@type\":\"ReadAction\",\"target\":[\"https:\\\/\\\/najnaj.eu\\\/sl\\\/izdelek\\\/b-box-mini-kutija-za-uzinu-lemon-twist\\\/\"]}]},{\"@type\":\"ImageObject\",\"inLanguage\":\"sl-SI\",\"@id\":\"https:\\\/\\\/najnaj.eu\\\/sl\\\/izdelek\\\/b-box-mini-kutija-za-uzinu-lemon-twist\\\/#primaryimage\",\"url\":\"https:\\\/\\\/najnaj.eu\\\/wp-content\\\/uploads\\\/2025\\\/02\\\/mini-lunchbox-lemon-twwist.jpg\",\"contentUrl\":\"https:\\\/\\\/najnaj.eu\\\/wp-content\\\/uploads\\\/2025\\\/02\\\/mini-lunchbox-lemon-twwist.jpg\",\"width\":1080,\"height\":1080},{\"@type\":\"BreadcrumbList\",\"@id\":\"https:\\\/\\\/najnaj.eu\\\/sl\\\/izdelek\\\/b-box-mini-kutija-za-uzinu-lemon-twist\\\/#breadcrumb\",\"itemListElement\":[{\"@type\":\"ListItem\",\"position\":1,\"name\":\"Po\u010detna stranica\",\"item\":\"https:\\\/\\\/najnaj.eu\\\/sl\\\/prednja-stran\\\/\"},{\"@type\":\"ListItem\",\"position\":2,\"name\":\"Shop\",\"item\":\"https:\\\/\\\/najnaj.eu\\\/sl\\\/shop\\\/\"},{\"@type\":\"ListItem\",\"position\":3,\"name\":\"b.box Mini Kutija za u\u017einu &#8211; lemon twist\"}]},{\"@type\":\"WebSite\",\"@id\":\"https:\\\/\\\/najnaj.eu\\\/sl\\\/#website\",\"url\":\"https:\\\/\\\/najnaj.eu\\\/sl\\\/\",\"name\":\"NajNaj.eu\",\"description\":\"Za najva\u017enije!\",\"publisher\":{\"@id\":\"https:\\\/\\\/najnaj.eu\\\/sl\\\/#organization\"},\"potentialAction\":[{\"@type\":\"SearchAction\",\"target\":{\"@type\":\"EntryPoint\",\"urlTemplate\":\"https:\\\/\\\/najnaj.eu\\\/sl\\\/?s={search_term_string}\"},\"query-input\":{\"@type\":\"PropertyValueSpecification\",\"valueRequired\":true,\"valueName\":\"search_term_string\"}}],\"inLanguage\":\"sl-SI\"},{\"@type\":\"Organization\",\"@id\":\"https:\\\/\\\/najnaj.eu\\\/sl\\\/#organization\",\"name\":\"NajNaj.eu\",\"url\":\"https:\\\/\\\/najnaj.eu\\\/sl\\\/\",\"logo\":{\"@type\":\"ImageObject\",\"inLanguage\":\"sl-SI\",\"@id\":\"https:\\\/\\\/najnaj.eu\\\/sl\\\/#\\\/schema\\\/logo\\\/image\\\/\",\"url\":\"https:\\\/\\\/najnaj.eu\\\/wp-content\\\/uploads\\\/2023\\\/09\\\/logo_Najnaj_2023.svg\",\"contentUrl\":\"https:\\\/\\\/najnaj.eu\\\/wp-content\\\/uploads\\\/2023\\\/09\\\/logo_Najnaj_2023.svg\",\"width\":501,\"height\":278,\"caption\":\"NajNaj.eu\"},\"image\":{\"@id\":\"https:\\\/\\\/najnaj.eu\\\/sl\\\/#\\\/schema\\\/logo\\\/image\\\/\"},\"sameAs\":[\"https:\\\/\\\/web.facebook.com\\\/najnaj.eu\\\/\",\"https:\\\/\\\/www.instagram.com\\\/najnaj.eu\\\/\",\"https:\\\/\\\/www.tiktok.com\\\/@najnaj.eu\"]}]}<\/script>\n<meta property=\"product:brand\" content=\"b.box\" \/>\n<meta property=\"product:price:amount\" content=\"18.99\" \/>\n<meta property=\"product:price:currency\" content=\"EUR\" \/>\n<meta property=\"og:availability\" content=\"instock\" \/>\n<meta property=\"product:availability\" content=\"instock\" \/>\n<meta property=\"product:retailer_item_id\" content=\"BX0737\" \/>\n<meta property=\"product:condition\" content=\"new\" \/>\n<!-- \/ Yoast SEO Premium plugin. -->","yoast_head_json":{"title":"b.box Mini Kutija za u\u017einu - lemon twist - NajNaj.eu","robots":{"index":"index","follow":"follow","max-snippet":"max-snippet:-1","max-image-preview":"max-image-preview:large","max-video-preview":"max-video-preview:-1"},"canonical":"https:\/\/najnaj.eu\/sl\/izdelek\/b-box-mini-kutija-za-uzinu-lemon-twist\/","og_locale":"sl_SI","og_type":"article","og_title":"b.box Mini Kutija za u\u017einu - lemon twist","og_description":"&gt; Uklonjiva pregrada omogu\u0107uje pode\u0161avanje veli\u010dine odjeljaka po potrebi &gt; Dva zatvorena odjeljka otporna na curenje, osiguravaju mokru hranu poput pirea, jogurta ili umaka &gt; Brtve se mogu potpuno ukloniti radi lak\u0161eg \u010di\u0161\u0107enja i sprje\u010davanja nakupljanja plijesni &gt; Uz jedinstveni odjeljak za cijelo vo\u0107e s rastezljivom brtvom nema potrebe za rezanjem vo\u0107a na komadi\u0107e &gt; Dozvoljeno pranje u perilici posu\u0111a na gornjoj polici &gt; Ne sadr\u017ei BPA, ftalate i PVC &gt; Dimenzije: 18,5 x 17 x 6,7 cm &gt; Kapacitet: 1l","og_url":"https:\/\/najnaj.eu\/sl\/izdelek\/b-box-mini-kutija-za-uzinu-lemon-twist\/","og_site_name":"NajNaj.eu","article_publisher":"https:\/\/web.facebook.com\/najnaj.eu\/","article_modified_time":"2026-03-07T14:54:25+00:00","og_image":[{"width":1080,"height":1080,"url":"https:\/\/najnaj.eu\/wp-content\/uploads\/2025\/02\/mini-lunchbox-lemon-twwist.jpg","type":"image\/jpeg"}],"twitter_card":"summary_large_image","twitter_misc":{"Price":"18,99&nbsp;&euro;","Availability":"In stock"},"schema":{"@context":"https:\/\/schema.org","@graph":[{"@type":"WebPage","@id":"https:\/\/najnaj.eu\/sl\/izdelek\/b-box-mini-kutija-za-uzinu-lemon-twist\/","url":"https:\/\/najnaj.eu\/sl\/izdelek\/b-box-mini-kutija-za-uzinu-lemon-twist\/","name":"b.box Mini Kutija za u\u017einu - lemon twist - NajNaj.eu","isPartOf":{"@id":"https:\/\/najnaj.eu\/sl\/#website"},"primaryImageOfPage":{"@id":"https:\/\/najnaj.eu\/sl\/izdelek\/b-box-mini-kutija-za-uzinu-lemon-twist\/#primaryimage"},"image":{"@id":"https:\/\/najnaj.eu\/sl\/izdelek\/b-box-mini-kutija-za-uzinu-lemon-twist\/#primaryimage"},"thumbnailUrl":"https:\/\/najnaj.eu\/wp-content\/uploads\/2025\/02\/mini-lunchbox-lemon-twwist.jpg","datePublished":"2025-01-03T08:00:59+00:00","dateModified":"2026-03-07T14:54:25+00:00","breadcrumb":{"@id":"https:\/\/najnaj.eu\/sl\/izdelek\/b-box-mini-kutija-za-uzinu-lemon-twist\/#breadcrumb"},"inLanguage":"sl-SI","potentialAction":[{"@type":"ReadAction","target":["https:\/\/najnaj.eu\/sl\/izdelek\/b-box-mini-kutija-za-uzinu-lemon-twist\/"]}]},{"@type":"ImageObject","inLanguage":"sl-SI","@id":"https:\/\/najnaj.eu\/sl\/izdelek\/b-box-mini-kutija-za-uzinu-lemon-twist\/#primaryimage","url":"https:\/\/najnaj.eu\/wp-content\/uploads\/2025\/02\/mini-lunchbox-lemon-twwist.jpg","contentUrl":"https:\/\/najnaj.eu\/wp-content\/uploads\/2025\/02\/mini-lunchbox-lemon-twwist.jpg","width":1080,"height":1080},{"@type":"BreadcrumbList","@id":"https:\/\/najnaj.eu\/sl\/izdelek\/b-box-mini-kutija-za-uzinu-lemon-twist\/#breadcrumb","itemListElement":[{"@type":"ListItem","position":1,"name":"Po\u010detna stranica","item":"https:\/\/najnaj.eu\/sl\/prednja-stran\/"},{"@type":"ListItem","position":2,"name":"Shop","item":"https:\/\/najnaj.eu\/sl\/shop\/"},{"@type":"ListItem","position":3,"name":"b.box Mini Kutija za u\u017einu &#8211; lemon twist"}]},{"@type":"WebSite","@id":"https:\/\/najnaj.eu\/sl\/#website","url":"https:\/\/najnaj.eu\/sl\/","name":"NajNaj.eu","description":"Za najva\u017enije!","publisher":{"@id":"https:\/\/najnaj.eu\/sl\/#organization"},"potentialAction":[{"@type":"SearchAction","target":{"@type":"EntryPoint","urlTemplate":"https:\/\/najnaj.eu\/sl\/?s={search_term_string}"},"query-input":{"@type":"PropertyValueSpecification","valueRequired":true,"valueName":"search_term_string"}}],"inLanguage":"sl-SI"},{"@type":"Organization","@id":"https:\/\/najnaj.eu\/sl\/#organization","name":"NajNaj.eu","url":"https:\/\/najnaj.eu\/sl\/","logo":{"@type":"ImageObject","inLanguage":"sl-SI","@id":"https:\/\/najnaj.eu\/sl\/#\/schema\/logo\/image\/","url":"https:\/\/najnaj.eu\/wp-content\/uploads\/2023\/09\/logo_Najnaj_2023.svg","contentUrl":"https:\/\/najnaj.eu\/wp-content\/uploads\/2023\/09\/logo_Najnaj_2023.svg","width":501,"height":278,"caption":"NajNaj.eu"},"image":{"@id":"https:\/\/najnaj.eu\/sl\/#\/schema\/logo\/image\/"},"sameAs":["https:\/\/web.facebook.com\/najnaj.eu\/","https:\/\/www.instagram.com\/najnaj.eu\/","https:\/\/www.tiktok.com\/@najnaj.eu"]}]},"product_brand":"b.box","product_price_amount":"18.99","product_price_currency":"EUR","og_availability":"instock","product_availability":"instock","product_retailer_item_id":"BX0737","product_condition":"new"},"_links":{"self":[{"href":"https:\/\/najnaj.eu\/sl\/wp-json\/wp\/v2\/product\/242647","targetHints":{"allow":["GET"]}}],"collection":[{"href":"https:\/\/najnaj.eu\/sl\/wp-json\/wp\/v2\/product"}],"about":[{"href":"https:\/\/najnaj.eu\/sl\/wp-json\/wp\/v2\/types\/product"}],"replies":[{"embeddable":true,"href":"https:\/\/najnaj.eu\/sl\/wp-json\/wp\/v2\/comments?post=242647"}],"version-history":[{"count":0,"href":"https:\/\/najnaj.eu\/sl\/wp-json\/wp\/v2\/product\/242647\/revisions"}],"wp:featuredmedia":[{"embeddable":true,"href":"https:\/\/najnaj.eu\/sl\/wp-json\/wp\/v2\/media\/242661"}],"wp:attachment":[{"href":"https:\/\/najnaj.eu\/sl\/wp-json\/wp\/v2\/media?parent=242647"}],"wp:term":[{"taxonomy":"product_brand","embeddable":true,"href":"https:\/\/najnaj.eu\/sl\/wp-json\/wp\/v2\/product_brand?post=242647"},{"taxonomy":"product_cat","embeddable":true,"href":"https:\/\/najnaj.eu\/sl\/wp-json\/wp\/v2\/product_cat?post=242647"},{"taxonomy":"product_tag","embeddable":true,"href":"https:\/\/najnaj.eu\/sl\/wp-json\/wp\/v2\/product_tag?post=242647"}],"curies":[{"name":"wp","href":"https:\/\/api.w.org\/{rel}","templated":true}]}}