{"id":242045,"date":"2025-02-18T11:48:13","date_gmt":"2025-02-18T10:48:13","guid":{"rendered":"https:\/\/najnaj.eu\/?post_type=product&#038;p=242045"},"modified":"2026-03-20T14:24:10","modified_gmt":"2026-03-20T13:24:10","slug":"b-box-kutija-za-uzinu-batman","status":"publish","type":"product","link":"https:\/\/najnaj.eu\/sl\/izdelek\/b-box-kutija-za-uzinu-batman\/","title":{"rendered":"b.box Kutija za u\u017einu &#8211; Batman"},"content":{"rendered":"<p>Djeca vole izbor razli\u010dite vrste hrane tijekom dana, stoga smo dizajnirali kutiju za ru\u010dak koja roditeljima i djeci nudi ve\u0107u fleksibilnost.<br \/>\nJedinstveni fleksibilni poklopac za vo\u0107e omogu\u0107uje vam pohranjivanje cijele jabuke. Budu\u0107i da je poklopac savitljiv, prilago\u0111ava se obliku va\u0161eg vo\u0107a \u2013 stoga nema potrebe rezati vo\u0107e na manje komade! Prilagodljiva pregrada klizi i tako vam omogu\u0107ava da odredite veli\u010dinu pretinca po potrebi ili da ju uklonite da u nju stane npr cijela banana. Uz b.box lunchbox, samo nebo je granica!<\/p>\n","protected":false},"excerpt":{"rendered":"<p>BAM! Kad vrijeme ru\u010dka treba superheroja, Batman spa\u0161ava stvar \u2013 uz ove dodatke za ru\u010dak i hidrataciju inspirirane Caped Crusaderom, djeca \u0107e dobiti snagu za igrali\u0161te!<br \/>\n&gt; U veliki pretinac stane cijeli sendvi\u010d ili pecivo<br \/>\n&gt; Jastu\u010di\u0107 s gelom (dolazi u paketu) nalazi se ispod pretinca za sendvi\u010de kako bi hrana bila hladna i svje\u017ea dulje vrijeme<br \/>\n&gt; Uklonjiva pregrada omogu\u0107uje pode\u0161avanje veli\u010dine odjeljaka po potrebi<br \/>\n&gt; Nepropusne silikonske brtve osiguravaju mokru hranu, poput lubenice i jogurta (ne teku\u0107ine)<br \/>\n&gt; Brtve se mogu potpuno ukloniti radi lak\u0161eg \u010di\u0161\u0107enja i sprje\u010davanja nakupljanja plijesni<br \/>\n&gt; Uz jedinstveni odjeljak za cijelo vo\u0107e s rastezljivom brtvom vi\u0161e nema potrebe za rezanjem vo\u0107a na komadi\u0107e<br \/>\n&gt; Dozvoljeno pranje u perilici posu\u0111a, na gornjoj polici, do temperature od 60\u02d9C<br \/>\n&gt; Ne sadr\u017ei BPA, ftalate i PVC<br \/>\n&gt; Dimenzije: 23,5 x 21,5 x 6,5 cm<br \/>\n&gt; Kapacitet: 2l<\/p>\n","protected":false},"featured_media":242048,"comment_status":"open","ping_status":"closed","template":"","meta":{"_acf_changed":false,"footnotes":""},"product_brand":[],"product_cat":[655,622],"product_tag":[],"class_list":{"0":"post-242045","1":"product","2":"type-product","3":"status-publish","4":"has-post-thumbnail","6":"product_cat-kutije-za-uzinu","7":"product_cat-posude","8":"pa_boja-siva","9":"pa_boja-zuta","10":"pa_brand-b-box","11":"pa_vrsta-posuda-kutije-za-uzinu","13":"first","14":"instock","15":"purchasable","16":"product-type-simple"},"bundled_by":[],"bundle_stock_status":"instock","bundle_stock_quantity":9,"bundle_virtual":false,"bundle_layout":"","bundle_add_to_cart_form_location":"","bundle_editable_in_cart":false,"bundle_sold_individually_context":"","bundle_item_grouping":"","bundle_min_size":"","bundle_max_size":"","bundle_price":[],"bundled_items":[],"bundle_sell_ids":[],"acf":[],"yoast_head":"<!-- This site is optimized with the Yoast SEO Premium plugin v21.5 (Yoast SEO v27.3) - https:\/\/yoast.com\/product\/yoast-seo-premium-wordpress\/ -->\n<title>b.box Kutija za u\u017einu - Batman - NajNaj.eu<\/title>\n<meta name=\"robots\" content=\"index, follow, max-snippet:-1, max-image-preview:large, max-video-preview:-1\" \/>\n<link rel=\"canonical\" href=\"https:\/\/najnaj.eu\/sl\/izdelek\/b-box-kutija-za-uzinu-batman\/\" \/>\n<meta property=\"og:locale\" content=\"sl_SI\" \/>\n<meta property=\"og:type\" content=\"article\" \/>\n<meta property=\"og:title\" content=\"b.box Kutija za u\u017einu - Batman\" \/>\n<meta property=\"og:description\" content=\"BAM! Kad vrijeme ru\u010dka treba superheroja, Batman spa\u0161ava stvar \u2013 uz ove dodatke za ru\u010dak i hidrataciju inspirirane Caped Crusaderom, djeca \u0107e dobiti snagu za igrali\u0161te! &gt; U veliki pretinac stane cijeli sendvi\u010d ili pecivo &gt; Jastu\u010di\u0107 s gelom (dolazi u paketu) nalazi se ispod pretinca za sendvi\u010de kako bi hrana bila hladna i svje\u017ea dulje vrijeme &gt; Uklonjiva pregrada omogu\u0107uje pode\u0161avanje veli\u010dine odjeljaka po potrebi &gt; Nepropusne silikonske brtve osiguravaju mokru hranu, poput lubenice i jogurta (ne teku\u0107ine) &gt; Brtve se mogu potpuno ukloniti radi lak\u0161eg \u010di\u0161\u0107enja i sprje\u010davanja nakupljanja plijesni &gt; Uz jedinstveni odjeljak za cijelo vo\u0107e s rastezljivom brtvom vi\u0161e nema potrebe za rezanjem vo\u0107a na komadi\u0107e &gt; Dozvoljeno pranje u perilici posu\u0111a, na gornjoj polici, do temperature od 60\u02d9C &gt; Ne sadr\u017ei BPA, ftalate i PVC &gt; Dimenzije: 23,5 x 21,5 x 6,5 cm &gt; Kapacitet: 2l\" \/>\n<meta property=\"og:url\" content=\"https:\/\/najnaj.eu\/sl\/izdelek\/b-box-kutija-za-uzinu-batman\/\" \/>\n<meta property=\"og:site_name\" content=\"NajNaj.eu\" \/>\n<meta property=\"article:publisher\" content=\"https:\/\/web.facebook.com\/najnaj.eu\/\" \/>\n<meta property=\"article:modified_time\" content=\"2026-03-20T13:24:10+00:00\" \/>\n<meta property=\"og:image\" content=\"https:\/\/najnaj.eu\/wp-content\/uploads\/2025\/02\/0063_Batman_-Lunchbox_2.jpg\" \/>\n\t<meta property=\"og:image:width\" content=\"1200\" \/>\n\t<meta property=\"og:image:height\" content=\"1200\" \/>\n\t<meta property=\"og:image:type\" content=\"image\/jpeg\" \/>\n<meta name=\"twitter:card\" content=\"summary_large_image\" \/>\n<meta name=\"twitter:label1\" content=\"Price\" \/>\n\t<meta name=\"twitter:data1\" content=\"24,99&nbsp;&euro;\" \/>\n\t<meta name=\"twitter:label2\" content=\"Availability\" \/>\n\t<meta name=\"twitter:data2\" content=\"In stock\" \/>\n<script type=\"application\/ld+json\" class=\"yoast-schema-graph\">{\"@context\":\"https:\\\/\\\/schema.org\",\"@graph\":[{\"@type\":\"WebPage\",\"@id\":\"https:\\\/\\\/najnaj.eu\\\/sl\\\/izdelek\\\/b-box-kutija-za-uzinu-batman\\\/\",\"url\":\"https:\\\/\\\/najnaj.eu\\\/sl\\\/izdelek\\\/b-box-kutija-za-uzinu-batman\\\/\",\"name\":\"b.box Kutija za u\u017einu - Batman - NajNaj.eu\",\"isPartOf\":{\"@id\":\"https:\\\/\\\/najnaj.eu\\\/sl\\\/#website\"},\"primaryImageOfPage\":{\"@id\":\"https:\\\/\\\/najnaj.eu\\\/sl\\\/izdelek\\\/b-box-kutija-za-uzinu-batman\\\/#primaryimage\"},\"image\":{\"@id\":\"https:\\\/\\\/najnaj.eu\\\/sl\\\/izdelek\\\/b-box-kutija-za-uzinu-batman\\\/#primaryimage\"},\"thumbnailUrl\":\"https:\\\/\\\/najnaj.eu\\\/wp-content\\\/uploads\\\/2025\\\/02\\\/0063_Batman_-Lunchbox_2.jpg\",\"datePublished\":\"2025-02-18T10:48:13+00:00\",\"dateModified\":\"2026-03-20T13:24:10+00:00\",\"breadcrumb\":{\"@id\":\"https:\\\/\\\/najnaj.eu\\\/sl\\\/izdelek\\\/b-box-kutija-za-uzinu-batman\\\/#breadcrumb\"},\"inLanguage\":\"sl-SI\",\"potentialAction\":[{\"@type\":\"ReadAction\",\"target\":[\"https:\\\/\\\/najnaj.eu\\\/sl\\\/izdelek\\\/b-box-kutija-za-uzinu-batman\\\/\"]}]},{\"@type\":\"ImageObject\",\"inLanguage\":\"sl-SI\",\"@id\":\"https:\\\/\\\/najnaj.eu\\\/sl\\\/izdelek\\\/b-box-kutija-za-uzinu-batman\\\/#primaryimage\",\"url\":\"https:\\\/\\\/najnaj.eu\\\/wp-content\\\/uploads\\\/2025\\\/02\\\/0063_Batman_-Lunchbox_2.jpg\",\"contentUrl\":\"https:\\\/\\\/najnaj.eu\\\/wp-content\\\/uploads\\\/2025\\\/02\\\/0063_Batman_-Lunchbox_2.jpg\",\"width\":1200,\"height\":1200},{\"@type\":\"BreadcrumbList\",\"@id\":\"https:\\\/\\\/najnaj.eu\\\/sl\\\/izdelek\\\/b-box-kutija-za-uzinu-batman\\\/#breadcrumb\",\"itemListElement\":[{\"@type\":\"ListItem\",\"position\":1,\"name\":\"Po\u010detna stranica\",\"item\":\"https:\\\/\\\/najnaj.eu\\\/sl\\\/prednja-stran\\\/\"},{\"@type\":\"ListItem\",\"position\":2,\"name\":\"Shop\",\"item\":\"https:\\\/\\\/najnaj.eu\\\/sl\\\/shop\\\/\"},{\"@type\":\"ListItem\",\"position\":3,\"name\":\"b.box Kutija za u\u017einu &#8211; Batman\"}]},{\"@type\":\"WebSite\",\"@id\":\"https:\\\/\\\/najnaj.eu\\\/sl\\\/#website\",\"url\":\"https:\\\/\\\/najnaj.eu\\\/sl\\\/\",\"name\":\"NajNaj.eu\",\"description\":\"Za najva\u017enije!\",\"publisher\":{\"@id\":\"https:\\\/\\\/najnaj.eu\\\/sl\\\/#organization\"},\"potentialAction\":[{\"@type\":\"SearchAction\",\"target\":{\"@type\":\"EntryPoint\",\"urlTemplate\":\"https:\\\/\\\/najnaj.eu\\\/sl\\\/?s={search_term_string}\"},\"query-input\":{\"@type\":\"PropertyValueSpecification\",\"valueRequired\":true,\"valueName\":\"search_term_string\"}}],\"inLanguage\":\"sl-SI\"},{\"@type\":\"Organization\",\"@id\":\"https:\\\/\\\/najnaj.eu\\\/sl\\\/#organization\",\"name\":\"NajNaj.eu\",\"url\":\"https:\\\/\\\/najnaj.eu\\\/sl\\\/\",\"logo\":{\"@type\":\"ImageObject\",\"inLanguage\":\"sl-SI\",\"@id\":\"https:\\\/\\\/najnaj.eu\\\/sl\\\/#\\\/schema\\\/logo\\\/image\\\/\",\"url\":\"https:\\\/\\\/najnaj.eu\\\/wp-content\\\/uploads\\\/2023\\\/09\\\/logo_Najnaj_2023.svg\",\"contentUrl\":\"https:\\\/\\\/najnaj.eu\\\/wp-content\\\/uploads\\\/2023\\\/09\\\/logo_Najnaj_2023.svg\",\"width\":501,\"height\":278,\"caption\":\"NajNaj.eu\"},\"image\":{\"@id\":\"https:\\\/\\\/najnaj.eu\\\/sl\\\/#\\\/schema\\\/logo\\\/image\\\/\"},\"sameAs\":[\"https:\\\/\\\/web.facebook.com\\\/najnaj.eu\\\/\",\"https:\\\/\\\/www.instagram.com\\\/najnaj.eu\\\/\",\"https:\\\/\\\/www.tiktok.com\\\/@najnaj.eu\"]}]}<\/script>\n<meta property=\"product:brand\" content=\"b.box\" \/>\n<meta property=\"product:price:amount\" content=\"24.99\" \/>\n<meta property=\"product:price:currency\" content=\"EUR\" \/>\n<meta property=\"og:availability\" content=\"instock\" \/>\n<meta property=\"product:availability\" content=\"instock\" \/>\n<meta property=\"product:retailer_item_id\" content=\"BX0908\" \/>\n<meta property=\"product:condition\" content=\"new\" \/>\n<!-- \/ Yoast SEO Premium plugin. -->","yoast_head_json":{"title":"b.box Kutija za u\u017einu - Batman - NajNaj.eu","robots":{"index":"index","follow":"follow","max-snippet":"max-snippet:-1","max-image-preview":"max-image-preview:large","max-video-preview":"max-video-preview:-1"},"canonical":"https:\/\/najnaj.eu\/sl\/izdelek\/b-box-kutija-za-uzinu-batman\/","og_locale":"sl_SI","og_type":"article","og_title":"b.box Kutija za u\u017einu - Batman","og_description":"BAM! Kad vrijeme ru\u010dka treba superheroja, Batman spa\u0161ava stvar \u2013 uz ove dodatke za ru\u010dak i hidrataciju inspirirane Caped Crusaderom, djeca \u0107e dobiti snagu za igrali\u0161te! &gt; U veliki pretinac stane cijeli sendvi\u010d ili pecivo &gt; Jastu\u010di\u0107 s gelom (dolazi u paketu) nalazi se ispod pretinca za sendvi\u010de kako bi hrana bila hladna i svje\u017ea dulje vrijeme &gt; Uklonjiva pregrada omogu\u0107uje pode\u0161avanje veli\u010dine odjeljaka po potrebi &gt; Nepropusne silikonske brtve osiguravaju mokru hranu, poput lubenice i jogurta (ne teku\u0107ine) &gt; Brtve se mogu potpuno ukloniti radi lak\u0161eg \u010di\u0161\u0107enja i sprje\u010davanja nakupljanja plijesni &gt; Uz jedinstveni odjeljak za cijelo vo\u0107e s rastezljivom brtvom vi\u0161e nema potrebe za rezanjem vo\u0107a na komadi\u0107e &gt; Dozvoljeno pranje u perilici posu\u0111a, na gornjoj polici, do temperature od 60\u02d9C &gt; Ne sadr\u017ei BPA, ftalate i PVC &gt; Dimenzije: 23,5 x 21,5 x 6,5 cm &gt; Kapacitet: 2l","og_url":"https:\/\/najnaj.eu\/sl\/izdelek\/b-box-kutija-za-uzinu-batman\/","og_site_name":"NajNaj.eu","article_publisher":"https:\/\/web.facebook.com\/najnaj.eu\/","article_modified_time":"2026-03-20T13:24:10+00:00","og_image":[{"width":1200,"height":1200,"url":"https:\/\/najnaj.eu\/wp-content\/uploads\/2025\/02\/0063_Batman_-Lunchbox_2.jpg","type":"image\/jpeg"}],"twitter_card":"summary_large_image","twitter_misc":{"Price":"24,99&nbsp;&euro;","Availability":"In stock"},"schema":{"@context":"https:\/\/schema.org","@graph":[{"@type":"WebPage","@id":"https:\/\/najnaj.eu\/sl\/izdelek\/b-box-kutija-za-uzinu-batman\/","url":"https:\/\/najnaj.eu\/sl\/izdelek\/b-box-kutija-za-uzinu-batman\/","name":"b.box Kutija za u\u017einu - Batman - NajNaj.eu","isPartOf":{"@id":"https:\/\/najnaj.eu\/sl\/#website"},"primaryImageOfPage":{"@id":"https:\/\/najnaj.eu\/sl\/izdelek\/b-box-kutija-za-uzinu-batman\/#primaryimage"},"image":{"@id":"https:\/\/najnaj.eu\/sl\/izdelek\/b-box-kutija-za-uzinu-batman\/#primaryimage"},"thumbnailUrl":"https:\/\/najnaj.eu\/wp-content\/uploads\/2025\/02\/0063_Batman_-Lunchbox_2.jpg","datePublished":"2025-02-18T10:48:13+00:00","dateModified":"2026-03-20T13:24:10+00:00","breadcrumb":{"@id":"https:\/\/najnaj.eu\/sl\/izdelek\/b-box-kutija-za-uzinu-batman\/#breadcrumb"},"inLanguage":"sl-SI","potentialAction":[{"@type":"ReadAction","target":["https:\/\/najnaj.eu\/sl\/izdelek\/b-box-kutija-za-uzinu-batman\/"]}]},{"@type":"ImageObject","inLanguage":"sl-SI","@id":"https:\/\/najnaj.eu\/sl\/izdelek\/b-box-kutija-za-uzinu-batman\/#primaryimage","url":"https:\/\/najnaj.eu\/wp-content\/uploads\/2025\/02\/0063_Batman_-Lunchbox_2.jpg","contentUrl":"https:\/\/najnaj.eu\/wp-content\/uploads\/2025\/02\/0063_Batman_-Lunchbox_2.jpg","width":1200,"height":1200},{"@type":"BreadcrumbList","@id":"https:\/\/najnaj.eu\/sl\/izdelek\/b-box-kutija-za-uzinu-batman\/#breadcrumb","itemListElement":[{"@type":"ListItem","position":1,"name":"Po\u010detna stranica","item":"https:\/\/najnaj.eu\/sl\/prednja-stran\/"},{"@type":"ListItem","position":2,"name":"Shop","item":"https:\/\/najnaj.eu\/sl\/shop\/"},{"@type":"ListItem","position":3,"name":"b.box Kutija za u\u017einu &#8211; Batman"}]},{"@type":"WebSite","@id":"https:\/\/najnaj.eu\/sl\/#website","url":"https:\/\/najnaj.eu\/sl\/","name":"NajNaj.eu","description":"Za najva\u017enije!","publisher":{"@id":"https:\/\/najnaj.eu\/sl\/#organization"},"potentialAction":[{"@type":"SearchAction","target":{"@type":"EntryPoint","urlTemplate":"https:\/\/najnaj.eu\/sl\/?s={search_term_string}"},"query-input":{"@type":"PropertyValueSpecification","valueRequired":true,"valueName":"search_term_string"}}],"inLanguage":"sl-SI"},{"@type":"Organization","@id":"https:\/\/najnaj.eu\/sl\/#organization","name":"NajNaj.eu","url":"https:\/\/najnaj.eu\/sl\/","logo":{"@type":"ImageObject","inLanguage":"sl-SI","@id":"https:\/\/najnaj.eu\/sl\/#\/schema\/logo\/image\/","url":"https:\/\/najnaj.eu\/wp-content\/uploads\/2023\/09\/logo_Najnaj_2023.svg","contentUrl":"https:\/\/najnaj.eu\/wp-content\/uploads\/2023\/09\/logo_Najnaj_2023.svg","width":501,"height":278,"caption":"NajNaj.eu"},"image":{"@id":"https:\/\/najnaj.eu\/sl\/#\/schema\/logo\/image\/"},"sameAs":["https:\/\/web.facebook.com\/najnaj.eu\/","https:\/\/www.instagram.com\/najnaj.eu\/","https:\/\/www.tiktok.com\/@najnaj.eu"]}]},"product_brand":"b.box","product_price_amount":"24.99","product_price_currency":"EUR","og_availability":"instock","product_availability":"instock","product_retailer_item_id":"BX0908","product_condition":"new"},"_links":{"self":[{"href":"https:\/\/najnaj.eu\/sl\/wp-json\/wp\/v2\/product\/242045","targetHints":{"allow":["GET"]}}],"collection":[{"href":"https:\/\/najnaj.eu\/sl\/wp-json\/wp\/v2\/product"}],"about":[{"href":"https:\/\/najnaj.eu\/sl\/wp-json\/wp\/v2\/types\/product"}],"replies":[{"embeddable":true,"href":"https:\/\/najnaj.eu\/sl\/wp-json\/wp\/v2\/comments?post=242045"}],"version-history":[{"count":0,"href":"https:\/\/najnaj.eu\/sl\/wp-json\/wp\/v2\/product\/242045\/revisions"}],"wp:featuredmedia":[{"embeddable":true,"href":"https:\/\/najnaj.eu\/sl\/wp-json\/wp\/v2\/media\/242048"}],"wp:attachment":[{"href":"https:\/\/najnaj.eu\/sl\/wp-json\/wp\/v2\/media?parent=242045"}],"wp:term":[{"taxonomy":"product_brand","embeddable":true,"href":"https:\/\/najnaj.eu\/sl\/wp-json\/wp\/v2\/product_brand?post=242045"},{"taxonomy":"product_cat","embeddable":true,"href":"https:\/\/najnaj.eu\/sl\/wp-json\/wp\/v2\/product_cat?post=242045"},{"taxonomy":"product_tag","embeddable":true,"href":"https:\/\/najnaj.eu\/sl\/wp-json\/wp\/v2\/product_tag?post=242045"}],"curies":[{"name":"wp","href":"https:\/\/api.w.org\/{rel}","templated":true}]}}