{"id":241640,"date":"2025-02-18T09:39:09","date_gmt":"2025-02-18T08:39:09","guid":{"rendered":"https:\/\/najnaj.eu\/?post_type=product&#038;p=241640"},"modified":"2026-02-04T09:11:32","modified_gmt":"2026-02-04T08:11:32","slug":"b-box-silikonski-podbradnjak-looney-tunes","status":"publish","type":"product","link":"https:\/\/najnaj.eu\/sl\/izdelek\/b-box-silikonski-podbradnjak-looney-tunes\/","title":{"rendered":"b.box Silikonski podbradnjak &#8211; Looney Tunes"},"content":{"rendered":"<p>Kakav ulov! Ovaj savr\u0161eni podbradnjak koji se mo\u017ee ponijeti svugdje ima duboki &#8216;stay open&#8217; d\u017eep, strukturno dizajniran da pomogne uhvatiti vi\u0161e hrane i teku\u0107ine, osiguravaju\u0107i da je beba \u010dista, suha i da joj je udobno za vrijeme obroka. Izra\u0111en je od netoksi\u010dnog silikona pogodnog za hranu koji zadr\u017eava glatku neljepljivu povr\u0161inu, \u010dak i kada je mokar.<\/p>\n<p>Lako se \u010disti, mo\u017ee se prati u perilici posu\u0111a i jednostavno se mota i pri\u010dvr\u0161\u0107uje za jelo u pokretu. Uklju\u010duje kop\u010du koja se lako pode\u0161ava za pravilno pristajanje, su\u017eena ramena koja omogu\u0107uju ve\u0107u pokretljivost ruku i glatki, udobni rub. Dostupan u rasponu prekrasnih suvremenih boja koje odgovaraju svakoj bebi, svakom no\u0161enju!<\/p>\n","protected":false},"excerpt":{"rendered":"<p>Preslatki likovi iz Looney Tunesa donose zabavu hranjenju i pijenju mali\u0161anima i nasmijavaju najmla\u0111e za vrijeme ru\u010dka!<br \/>\n&gt;4mj+<br \/>\n&gt;duboki \u201cstay open\u201d d\u017eep hvata vi\u0161e hrane i teku\u0107ine<br \/>\n&gt;udoban su\u017eeni oblik ramena<br \/>\n&gt;glatki oblo\u017eeni rub za udobnije no\u0161enje<br \/>\n&gt;podesivo zatvaranje vrata<br \/>\n&gt;netoksi\u010dni silikon zadr\u017eava svoju glatku neljepljivu povr\u0161inu, \u010dak i kada je mokar<br \/>\n&gt;smotajte i osigurajte za kompaktnije &gt;skladi\u0161tenje u pokretu<br \/>\n&gt;lako se \u010disti<br \/>\n&gt;pogodno za pranje u perilici posu\u0111a<br \/>\n&gt;izra\u0111en od FDA silikona<br \/>\n&gt;dimenzije: 21,8cm x 29,6cm<br \/>\n&gt;Bez BPA, ftalata i PVC-a<\/p>\n","protected":false},"featured_media":241645,"comment_status":"open","ping_status":"closed","template":"","meta":{"_acf_changed":false,"footnotes":""},"product_brand":[],"product_cat":[577,659,623],"product_tag":[],"class_list":{"0":"post-241640","1":"product","2":"type-product","3":"status-publish","4":"has-post-thumbnail","6":"product_cat-hranjenje","7":"product_cat-ostalo-za-hranjenje","8":"product_cat-podbradnjaci","9":"pa_boja-plava","10":"pa_boja-zuta","11":"pa_brand-b-box","13":"first","14":"instock","15":"shipping-taxable","16":"purchasable","17":"product-type-simple"},"bundled_by":[],"bundle_stock_status":"instock","bundle_stock_quantity":12,"bundle_virtual":false,"bundle_layout":"","bundle_add_to_cart_form_location":"","bundle_editable_in_cart":false,"bundle_sold_individually_context":"","bundle_item_grouping":"","bundle_min_size":"","bundle_max_size":"","bundle_price":[],"bundled_items":[],"bundle_sell_ids":[],"acf":[],"yoast_head":"<!-- This site is optimized with the Yoast SEO Premium plugin v21.5 (Yoast SEO v27.3) - https:\/\/yoast.com\/product\/yoast-seo-premium-wordpress\/ -->\n<title>b.box Silikonski podbradnjak - Looney Tunes - NajNaj.eu<\/title>\n<meta name=\"robots\" content=\"index, follow, max-snippet:-1, max-image-preview:large, max-video-preview:-1\" \/>\n<link rel=\"canonical\" href=\"https:\/\/najnaj.eu\/sl\/izdelek\/b-box-silikonski-podbradnjak-looney-tunes\/\" \/>\n<meta property=\"og:locale\" content=\"sl_SI\" \/>\n<meta property=\"og:type\" content=\"article\" \/>\n<meta property=\"og:title\" content=\"b.box Silikonski podbradnjak - Looney Tunes\" \/>\n<meta property=\"og:description\" content=\"Preslatki likovi iz Looney Tunesa donose zabavu hranjenju i pijenju mali\u0161anima i nasmijavaju najmla\u0111e za vrijeme ru\u010dka! &gt;4mj+ &gt;duboki \u201cstay open\u201d d\u017eep hvata vi\u0161e hrane i teku\u0107ine &gt;udoban su\u017eeni oblik ramena &gt;glatki oblo\u017eeni rub za udobnije no\u0161enje &gt;podesivo zatvaranje vrata &gt;netoksi\u010dni silikon zadr\u017eava svoju glatku neljepljivu povr\u0161inu, \u010dak i kada je mokar &gt;smotajte i osigurajte za kompaktnije &gt;skladi\u0161tenje u pokretu &gt;lako se \u010disti &gt;pogodno za pranje u perilici posu\u0111a &gt;izra\u0111en od FDA silikona &gt;dimenzije: 21,8cm x 29,6cm &gt;Bez BPA, ftalata i PVC-a\" \/>\n<meta property=\"og:url\" content=\"https:\/\/najnaj.eu\/sl\/izdelek\/b-box-silikonski-podbradnjak-looney-tunes\/\" \/>\n<meta property=\"og:site_name\" content=\"NajNaj.eu\" \/>\n<meta property=\"article:publisher\" content=\"https:\/\/web.facebook.com\/najnaj.eu\/\" \/>\n<meta property=\"article:modified_time\" content=\"2026-02-04T08:11:32+00:00\" \/>\n<meta property=\"og:image\" content=\"https:\/\/najnaj.eu\/wp-content\/uploads\/2025\/02\/0019_Looney-Tunes_Silicone-Bib_1.jpg\" \/>\n\t<meta property=\"og:image:width\" content=\"1200\" \/>\n\t<meta property=\"og:image:height\" content=\"1200\" \/>\n\t<meta property=\"og:image:type\" content=\"image\/jpeg\" \/>\n<meta name=\"twitter:card\" content=\"summary_large_image\" \/>\n<meta name=\"twitter:label1\" content=\"Price\" \/>\n\t<meta name=\"twitter:data1\" content=\"15,99&nbsp;&euro;\" \/>\n\t<meta name=\"twitter:label2\" content=\"Availability\" \/>\n\t<meta name=\"twitter:data2\" content=\"In stock\" \/>\n<script type=\"application\/ld+json\" class=\"yoast-schema-graph\">{\"@context\":\"https:\\\/\\\/schema.org\",\"@graph\":[{\"@type\":\"WebPage\",\"@id\":\"https:\\\/\\\/najnaj.eu\\\/sl\\\/izdelek\\\/b-box-silikonski-podbradnjak-looney-tunes\\\/\",\"url\":\"https:\\\/\\\/najnaj.eu\\\/sl\\\/izdelek\\\/b-box-silikonski-podbradnjak-looney-tunes\\\/\",\"name\":\"b.box Silikonski podbradnjak - Looney Tunes - NajNaj.eu\",\"isPartOf\":{\"@id\":\"https:\\\/\\\/najnaj.eu\\\/sl\\\/#website\"},\"primaryImageOfPage\":{\"@id\":\"https:\\\/\\\/najnaj.eu\\\/sl\\\/izdelek\\\/b-box-silikonski-podbradnjak-looney-tunes\\\/#primaryimage\"},\"image\":{\"@id\":\"https:\\\/\\\/najnaj.eu\\\/sl\\\/izdelek\\\/b-box-silikonski-podbradnjak-looney-tunes\\\/#primaryimage\"},\"thumbnailUrl\":\"https:\\\/\\\/najnaj.eu\\\/wp-content\\\/uploads\\\/2025\\\/02\\\/0019_Looney-Tunes_Silicone-Bib_1.jpg\",\"datePublished\":\"2025-02-18T08:39:09+00:00\",\"dateModified\":\"2026-02-04T08:11:32+00:00\",\"breadcrumb\":{\"@id\":\"https:\\\/\\\/najnaj.eu\\\/sl\\\/izdelek\\\/b-box-silikonski-podbradnjak-looney-tunes\\\/#breadcrumb\"},\"inLanguage\":\"sl-SI\",\"potentialAction\":[{\"@type\":\"ReadAction\",\"target\":[\"https:\\\/\\\/najnaj.eu\\\/sl\\\/izdelek\\\/b-box-silikonski-podbradnjak-looney-tunes\\\/\"]}]},{\"@type\":\"ImageObject\",\"inLanguage\":\"sl-SI\",\"@id\":\"https:\\\/\\\/najnaj.eu\\\/sl\\\/izdelek\\\/b-box-silikonski-podbradnjak-looney-tunes\\\/#primaryimage\",\"url\":\"https:\\\/\\\/najnaj.eu\\\/wp-content\\\/uploads\\\/2025\\\/02\\\/0019_Looney-Tunes_Silicone-Bib_1.jpg\",\"contentUrl\":\"https:\\\/\\\/najnaj.eu\\\/wp-content\\\/uploads\\\/2025\\\/02\\\/0019_Looney-Tunes_Silicone-Bib_1.jpg\",\"width\":1200,\"height\":1200},{\"@type\":\"BreadcrumbList\",\"@id\":\"https:\\\/\\\/najnaj.eu\\\/sl\\\/izdelek\\\/b-box-silikonski-podbradnjak-looney-tunes\\\/#breadcrumb\",\"itemListElement\":[{\"@type\":\"ListItem\",\"position\":1,\"name\":\"Po\u010detna stranica\",\"item\":\"https:\\\/\\\/najnaj.eu\\\/sl\\\/prednja-stran\\\/\"},{\"@type\":\"ListItem\",\"position\":2,\"name\":\"Shop\",\"item\":\"https:\\\/\\\/najnaj.eu\\\/sl\\\/shop\\\/\"},{\"@type\":\"ListItem\",\"position\":3,\"name\":\"b.box Silikonski podbradnjak &#8211; Looney Tunes\"}]},{\"@type\":\"WebSite\",\"@id\":\"https:\\\/\\\/najnaj.eu\\\/sl\\\/#website\",\"url\":\"https:\\\/\\\/najnaj.eu\\\/sl\\\/\",\"name\":\"NajNaj.eu\",\"description\":\"Za najva\u017enije!\",\"publisher\":{\"@id\":\"https:\\\/\\\/najnaj.eu\\\/sl\\\/#organization\"},\"potentialAction\":[{\"@type\":\"SearchAction\",\"target\":{\"@type\":\"EntryPoint\",\"urlTemplate\":\"https:\\\/\\\/najnaj.eu\\\/sl\\\/?s={search_term_string}\"},\"query-input\":{\"@type\":\"PropertyValueSpecification\",\"valueRequired\":true,\"valueName\":\"search_term_string\"}}],\"inLanguage\":\"sl-SI\"},{\"@type\":\"Organization\",\"@id\":\"https:\\\/\\\/najnaj.eu\\\/sl\\\/#organization\",\"name\":\"NajNaj.eu\",\"url\":\"https:\\\/\\\/najnaj.eu\\\/sl\\\/\",\"logo\":{\"@type\":\"ImageObject\",\"inLanguage\":\"sl-SI\",\"@id\":\"https:\\\/\\\/najnaj.eu\\\/sl\\\/#\\\/schema\\\/logo\\\/image\\\/\",\"url\":\"https:\\\/\\\/najnaj.eu\\\/wp-content\\\/uploads\\\/2023\\\/09\\\/logo_Najnaj_2023.svg\",\"contentUrl\":\"https:\\\/\\\/najnaj.eu\\\/wp-content\\\/uploads\\\/2023\\\/09\\\/logo_Najnaj_2023.svg\",\"width\":501,\"height\":278,\"caption\":\"NajNaj.eu\"},\"image\":{\"@id\":\"https:\\\/\\\/najnaj.eu\\\/sl\\\/#\\\/schema\\\/logo\\\/image\\\/\"},\"sameAs\":[\"https:\\\/\\\/web.facebook.com\\\/najnaj.eu\\\/\",\"https:\\\/\\\/www.instagram.com\\\/najnaj.eu\\\/\",\"https:\\\/\\\/www.tiktok.com\\\/@najnaj.eu\"]}]}<\/script>\n<meta property=\"product:brand\" content=\"b.box\" \/>\n<meta property=\"product:price:amount\" content=\"15.99\" \/>\n<meta property=\"product:price:currency\" content=\"EUR\" \/>\n<meta property=\"og:availability\" content=\"instock\" \/>\n<meta property=\"product:availability\" content=\"instock\" \/>\n<meta property=\"product:retailer_item_id\" content=\"BX0901\" \/>\n<meta property=\"product:condition\" content=\"new\" \/>\n<!-- \/ Yoast SEO Premium plugin. -->","yoast_head_json":{"title":"b.box Silikonski podbradnjak - Looney Tunes - NajNaj.eu","robots":{"index":"index","follow":"follow","max-snippet":"max-snippet:-1","max-image-preview":"max-image-preview:large","max-video-preview":"max-video-preview:-1"},"canonical":"https:\/\/najnaj.eu\/sl\/izdelek\/b-box-silikonski-podbradnjak-looney-tunes\/","og_locale":"sl_SI","og_type":"article","og_title":"b.box Silikonski podbradnjak - Looney Tunes","og_description":"Preslatki likovi iz Looney Tunesa donose zabavu hranjenju i pijenju mali\u0161anima i nasmijavaju najmla\u0111e za vrijeme ru\u010dka! &gt;4mj+ &gt;duboki \u201cstay open\u201d d\u017eep hvata vi\u0161e hrane i teku\u0107ine &gt;udoban su\u017eeni oblik ramena &gt;glatki oblo\u017eeni rub za udobnije no\u0161enje &gt;podesivo zatvaranje vrata &gt;netoksi\u010dni silikon zadr\u017eava svoju glatku neljepljivu povr\u0161inu, \u010dak i kada je mokar &gt;smotajte i osigurajte za kompaktnije &gt;skladi\u0161tenje u pokretu &gt;lako se \u010disti &gt;pogodno za pranje u perilici posu\u0111a &gt;izra\u0111en od FDA silikona &gt;dimenzije: 21,8cm x 29,6cm &gt;Bez BPA, ftalata i PVC-a","og_url":"https:\/\/najnaj.eu\/sl\/izdelek\/b-box-silikonski-podbradnjak-looney-tunes\/","og_site_name":"NajNaj.eu","article_publisher":"https:\/\/web.facebook.com\/najnaj.eu\/","article_modified_time":"2026-02-04T08:11:32+00:00","og_image":[{"width":1200,"height":1200,"url":"https:\/\/najnaj.eu\/wp-content\/uploads\/2025\/02\/0019_Looney-Tunes_Silicone-Bib_1.jpg","type":"image\/jpeg"}],"twitter_card":"summary_large_image","twitter_misc":{"Price":"15,99&nbsp;&euro;","Availability":"In stock"},"schema":{"@context":"https:\/\/schema.org","@graph":[{"@type":"WebPage","@id":"https:\/\/najnaj.eu\/sl\/izdelek\/b-box-silikonski-podbradnjak-looney-tunes\/","url":"https:\/\/najnaj.eu\/sl\/izdelek\/b-box-silikonski-podbradnjak-looney-tunes\/","name":"b.box Silikonski podbradnjak - Looney Tunes - NajNaj.eu","isPartOf":{"@id":"https:\/\/najnaj.eu\/sl\/#website"},"primaryImageOfPage":{"@id":"https:\/\/najnaj.eu\/sl\/izdelek\/b-box-silikonski-podbradnjak-looney-tunes\/#primaryimage"},"image":{"@id":"https:\/\/najnaj.eu\/sl\/izdelek\/b-box-silikonski-podbradnjak-looney-tunes\/#primaryimage"},"thumbnailUrl":"https:\/\/najnaj.eu\/wp-content\/uploads\/2025\/02\/0019_Looney-Tunes_Silicone-Bib_1.jpg","datePublished":"2025-02-18T08:39:09+00:00","dateModified":"2026-02-04T08:11:32+00:00","breadcrumb":{"@id":"https:\/\/najnaj.eu\/sl\/izdelek\/b-box-silikonski-podbradnjak-looney-tunes\/#breadcrumb"},"inLanguage":"sl-SI","potentialAction":[{"@type":"ReadAction","target":["https:\/\/najnaj.eu\/sl\/izdelek\/b-box-silikonski-podbradnjak-looney-tunes\/"]}]},{"@type":"ImageObject","inLanguage":"sl-SI","@id":"https:\/\/najnaj.eu\/sl\/izdelek\/b-box-silikonski-podbradnjak-looney-tunes\/#primaryimage","url":"https:\/\/najnaj.eu\/wp-content\/uploads\/2025\/02\/0019_Looney-Tunes_Silicone-Bib_1.jpg","contentUrl":"https:\/\/najnaj.eu\/wp-content\/uploads\/2025\/02\/0019_Looney-Tunes_Silicone-Bib_1.jpg","width":1200,"height":1200},{"@type":"BreadcrumbList","@id":"https:\/\/najnaj.eu\/sl\/izdelek\/b-box-silikonski-podbradnjak-looney-tunes\/#breadcrumb","itemListElement":[{"@type":"ListItem","position":1,"name":"Po\u010detna stranica","item":"https:\/\/najnaj.eu\/sl\/prednja-stran\/"},{"@type":"ListItem","position":2,"name":"Shop","item":"https:\/\/najnaj.eu\/sl\/shop\/"},{"@type":"ListItem","position":3,"name":"b.box Silikonski podbradnjak &#8211; Looney Tunes"}]},{"@type":"WebSite","@id":"https:\/\/najnaj.eu\/sl\/#website","url":"https:\/\/najnaj.eu\/sl\/","name":"NajNaj.eu","description":"Za najva\u017enije!","publisher":{"@id":"https:\/\/najnaj.eu\/sl\/#organization"},"potentialAction":[{"@type":"SearchAction","target":{"@type":"EntryPoint","urlTemplate":"https:\/\/najnaj.eu\/sl\/?s={search_term_string}"},"query-input":{"@type":"PropertyValueSpecification","valueRequired":true,"valueName":"search_term_string"}}],"inLanguage":"sl-SI"},{"@type":"Organization","@id":"https:\/\/najnaj.eu\/sl\/#organization","name":"NajNaj.eu","url":"https:\/\/najnaj.eu\/sl\/","logo":{"@type":"ImageObject","inLanguage":"sl-SI","@id":"https:\/\/najnaj.eu\/sl\/#\/schema\/logo\/image\/","url":"https:\/\/najnaj.eu\/wp-content\/uploads\/2023\/09\/logo_Najnaj_2023.svg","contentUrl":"https:\/\/najnaj.eu\/wp-content\/uploads\/2023\/09\/logo_Najnaj_2023.svg","width":501,"height":278,"caption":"NajNaj.eu"},"image":{"@id":"https:\/\/najnaj.eu\/sl\/#\/schema\/logo\/image\/"},"sameAs":["https:\/\/web.facebook.com\/najnaj.eu\/","https:\/\/www.instagram.com\/najnaj.eu\/","https:\/\/www.tiktok.com\/@najnaj.eu"]}]},"product_brand":"b.box","product_price_amount":"15.99","product_price_currency":"EUR","og_availability":"instock","product_availability":"instock","product_retailer_item_id":"BX0901","product_condition":"new"},"_links":{"self":[{"href":"https:\/\/najnaj.eu\/sl\/wp-json\/wp\/v2\/product\/241640","targetHints":{"allow":["GET"]}}],"collection":[{"href":"https:\/\/najnaj.eu\/sl\/wp-json\/wp\/v2\/product"}],"about":[{"href":"https:\/\/najnaj.eu\/sl\/wp-json\/wp\/v2\/types\/product"}],"replies":[{"embeddable":true,"href":"https:\/\/najnaj.eu\/sl\/wp-json\/wp\/v2\/comments?post=241640"}],"version-history":[{"count":0,"href":"https:\/\/najnaj.eu\/sl\/wp-json\/wp\/v2\/product\/241640\/revisions"}],"wp:featuredmedia":[{"embeddable":true,"href":"https:\/\/najnaj.eu\/sl\/wp-json\/wp\/v2\/media\/241645"}],"wp:attachment":[{"href":"https:\/\/najnaj.eu\/sl\/wp-json\/wp\/v2\/media?parent=241640"}],"wp:term":[{"taxonomy":"product_brand","embeddable":true,"href":"https:\/\/najnaj.eu\/sl\/wp-json\/wp\/v2\/product_brand?post=241640"},{"taxonomy":"product_cat","embeddable":true,"href":"https:\/\/najnaj.eu\/sl\/wp-json\/wp\/v2\/product_cat?post=241640"},{"taxonomy":"product_tag","embeddable":true,"href":"https:\/\/najnaj.eu\/sl\/wp-json\/wp\/v2\/product_tag?post=241640"}],"curies":[{"name":"wp","href":"https:\/\/api.w.org\/{rel}","templated":true}]}}