{"id":238257,"date":"2025-01-02T15:02:05","date_gmt":"2025-01-02T14:02:05","guid":{"rendered":"https:\/\/najnaj.eu\/?post_type=product&#038;p=238257"},"modified":"2026-03-31T14:35:47","modified_gmt":"2026-03-31T12:35:47","slug":"besafe-izi-flex-fix-2-i-size-antracitna-mreza-2","status":"publish","type":"product","link":"https:\/\/najnaj.eu\/sl\/izdelek\/besafe-izi-flex-fix-2-i-size-antracitna-mreza-2\/","title":{"rendered":"BeSafe Flex FIX 2 &#8211; Black SoftBreeze"},"content":{"rendered":"<p><strong>3 avtosede\u017ei v vrsti<\/strong><br \/>\nZ odstranitvijo obeh stranskih za\u0161\u010dit SIP s sredinskega sede\u017ea lahko v vrsti sede\u017eev sprostite prostor za do tri otroke.<\/p>\n<p><strong>PAD+ blazina<\/strong><br \/>\nPAD+, zasnovan za dodatno za\u0161\u010dito brade in prsnega ko\u0161a, ponuja mehko in udobno blazinico za rob varnostnega pasu.<\/p>\n<p><strong>Vodila za jermen<\/strong><br \/>\nInovativna zaponka za medno\u017eje BeSafe temelji na na\u0161i preizku\u0161eni tehnologiji nose\u010dni\u0161kih pasov. Ta inteligentna re\u0161itev prepre\u010duje, da bi otrokovo telo zdrsnilo naprej in pod varnostni pas ter vedno zagotavlja pravilno namestitev trebu\u0161nega dela varnostnega pasu. Z na\u0161im vodilom za ramenski pas je pripenjanje varnostnega pasu zdaj \u0161e la\u017eje in natan\u010dnej\u0161e. Tkanina medno\u017ene zaponke se zlahka odstrani, kar omogo\u010da enostavno vzdr\u017eevanje in \u010di\u0161\u010denje po potrebi.<\/p>\n<p><strong>Rahlo nagnjen polo\u017eaj<\/strong><br \/>\nSede\u017e je mogo\u010de enostavno nastaviti v rahlo nagnjen polo\u017eaj, kar zagotavlja dodatno udobje in za\u0161\u010dito va\u0161ega otroka. Ko va\u0161 otrok v avtu postane zaspan, nagnjen polo\u017eaj pomaga zagotoviti, da njegova glava in trup ostaneta za\u0161\u010ditena v avtomobilskem sede\u017eu.<\/p>\n<p><strong>Inovativen vzglavnik<\/strong><br \/>\nInovativna zasnova vzglavnika z za\u0161\u010ditnim u\u010dinkom, podobnim trampolinu.<\/p>\n<p><strong>Varnost<\/strong><br \/>\n&#8211; Inovativna zasnova vzglavnika z za\u0161\u010ditnim u\u010dinkom, podobnim trampolinu (Dynamic Force Absorber\u2122)<br \/>\n&#8211; Odobreno v skladu z uredbo ZN R129<br \/>\n-PAD+ zasnova za dodatno za\u0161\u010dito brade in prsnega ko\u0161a<br \/>\n-Prilagodljiva stranska za\u0161\u010dita pred udarci<br \/>\n&#8211; Vodila ramenskega in trebu\u0161nega pasu za popolno pozicioniranje<br \/>\n-SIP+ za\u0161\u010dita pred stranskimi udarci<br \/>\n&#8211; Vzglavnik iz EPP materiala za vrhunsko za\u0161\u010dito<br \/>\n&#8211; Brez naslonov za roke, da se prepre\u010di nepravilna uporaba varnostnega pasu<\/p>\n<p><strong>Veliko prostora in 3 sede\u017ei v vrsti<\/strong><br \/>\n&#8211; Zavzame malo prostora \u2013 a z veliko prostora za va\u0161ega otroka<br \/>\n&#8211; Stransko za\u0161\u010dito SIP je mogo\u010de odstraniti, da se v vrsto namesti do 3 sede\u017ei\/osebe<\/p>\n<p><strong>Udobje<\/strong><br \/>\n&#8211; Vzglavnik otroku zagotavlja dober stranski pogled in dobro oporo med spanjem<br \/>\n&#8211; Edinstvena re\u0161itev za nastavitev vi\u0161ine s strani sede\u017ea, medtem ko je otrok pripet<br \/>\n-Prilagaja se rasti otroka<br \/>\n-PAD+ blazina zagotavlja udobno in mehko podlago ob varnostnem pasu<br \/>\n&#8211; Edinstvena in prakti\u010dna funkcija naslonjala<br \/>\n&#8211; Integriran ro\u010daj za enostavno prena\u0161anje<br \/>\n&#8211; Enostavno pranje s popolnoma snemljivo prevleko<\/p>\n","protected":false},"excerpt":{"rendered":"<p><strong>Nova vrhunska <a href=\"https:\/\/najnaj.eu\/predstavljamo-soft-breeze-nasu-najmeksu-i-vrhunsku-tkaninu\/\">tkanina Soft Breeze<\/a> za dodatno zra\u010dnost in udobje.<\/strong><\/p>\n<p>Flex FIX 2 &#8211; booster z naslonom je naslednik ve\u010dkrat nagrajenega avtosede\u017ea BeSafe iZi Flex FIX i-Size. Zdru\u017euje odli\u010dno varnost, optimalno udobje in kakovosten dizajn za postavitev do treh sede\u017eev v vrsti.<\/p>\n<p>Vi\u0161ina: 100 \u2013 150 cm<br \/>\nStarost: pribli\u017eno 4\u201312 let.<br \/>\nNamestitev: ISOfix ali avtomobilski varnostni pas s trito\u010dkovnim pritrdi\u0161\u010dem<br \/>\nSmer: V smeri vo\u017enje<br \/>\nCertifikat: UN R129<\/p>\n","protected":false},"featured_media":238264,"comment_status":"open","ping_status":"closed","template":"","meta":{"_acf_changed":false,"footnotes":""},"product_brand":[],"product_cat":[1204,1343],"product_tag":[],"class_list":{"0":"post-238257","1":"product","2":"type-product","3":"status-publish","4":"has-post-thumbnail","6":"product_cat-avto-sedezi","7":"product_cat-starejsi-otroci-od-4-let","8":"pa_atest-ece-r129-i-size-sl","9":"pa_boja-crna-sl","10":"pa_brand-besafe-sl","11":"pa_nacin-postavljanja-automobilski-pojas-sl","12":"pa_nacin-postavljanja-isofix-sl","13":"pa_visina-djeteta-od-100-do-150-cm-sl","15":"first","16":"instock","17":"featured","18":"shipping-taxable","19":"purchasable","20":"product-type-simple"},"bundled_by":[],"bundle_stock_status":"instock","bundle_stock_quantity":5,"bundle_virtual":false,"bundle_layout":"","bundle_add_to_cart_form_location":"","bundle_editable_in_cart":false,"bundle_sold_individually_context":"","bundle_item_grouping":"","bundle_min_size":"","bundle_max_size":"","bundle_price":[],"bundled_items":[],"bundle_sell_ids":[],"acf":[],"yoast_head":"<!-- This site is optimized with the Yoast SEO Premium plugin v21.5 (Yoast SEO v27.4) - https:\/\/yoast.com\/product\/yoast-seo-premium-wordpress\/ -->\n<title>BeSafe Flex FIX 2 - Black SoftBreeze - NajNaj.eu<\/title>\n<meta name=\"robots\" content=\"index, follow, max-snippet:-1, max-image-preview:large, max-video-preview:-1\" \/>\n<link rel=\"canonical\" href=\"https:\/\/najnaj.eu\/sl\/izdelek\/besafe-izi-flex-fix-2-i-size-antracitna-mreza-2\/\" \/>\n<meta property=\"og:locale\" content=\"sl_SI\" \/>\n<meta property=\"og:type\" content=\"article\" \/>\n<meta property=\"og:title\" content=\"BeSafe Flex FIX 2 - Black SoftBreeze\" \/>\n<meta property=\"og:description\" content=\"Nova vrhunska tkanina Soft Breeze za dodatno zra\u010dnost in udobje.  Flex FIX 2 - booster z naslonom je naslednik ve\u010dkrat nagrajenega avtosede\u017ea BeSafe iZi Flex FIX i-Size. Zdru\u017euje odli\u010dno varnost, optimalno udobje in kakovosten dizajn za postavitev do treh sede\u017eev v vrsti.  Vi\u0161ina: 100 \u2013 150 cm Starost: pribli\u017eno 4\u201312 let. Namestitev: ISOfix ali avtomobilski varnostni pas s trito\u010dkovnim pritrdi\u0161\u010dem Smer: V smeri vo\u017enje Certifikat: UN R129\" \/>\n<meta property=\"og:url\" content=\"https:\/\/najnaj.eu\/sl\/izdelek\/besafe-izi-flex-fix-2-i-size-antracitna-mreza-2\/\" \/>\n<meta property=\"og:site_name\" content=\"NajNaj.eu\" \/>\n<meta property=\"article:publisher\" content=\"https:\/\/web.facebook.com\/najnaj.eu\/\" \/>\n<meta property=\"article:modified_time\" content=\"2026-03-31T12:35:47+00:00\" \/>\n<meta property=\"og:image\" content=\"https:\/\/najnaj.eu\/wp-content\/uploads\/2025\/02\/11037469__BeSafe-Flex-FIX-2__Black-SoftBreeze_Front.jpg\" \/>\n\t<meta property=\"og:image:width\" content=\"1080\" \/>\n\t<meta property=\"og:image:height\" content=\"1080\" \/>\n\t<meta property=\"og:image:type\" content=\"image\/jpeg\" \/>\n<meta name=\"twitter:card\" content=\"summary_large_image\" \/>\n<meta name=\"twitter:label1\" content=\"Price\" \/>\n\t<meta name=\"twitter:data1\" content=\"319,00&nbsp;&euro;\" \/>\n\t<meta name=\"twitter:label2\" content=\"Availability\" \/>\n\t<meta name=\"twitter:data2\" content=\"In stock\" \/>\n<script type=\"application\/ld+json\" class=\"yoast-schema-graph\">{\"@context\":\"https:\\\/\\\/schema.org\",\"@graph\":[{\"@type\":\"WebPage\",\"@id\":\"https:\\\/\\\/najnaj.eu\\\/sl\\\/izdelek\\\/besafe-izi-flex-fix-2-i-size-antracitna-mreza-2\\\/\",\"url\":\"https:\\\/\\\/najnaj.eu\\\/sl\\\/izdelek\\\/besafe-izi-flex-fix-2-i-size-antracitna-mreza-2\\\/\",\"name\":\"BeSafe Flex FIX 2 - Black SoftBreeze - NajNaj.eu\",\"isPartOf\":{\"@id\":\"https:\\\/\\\/najnaj.eu\\\/sl\\\/#website\"},\"primaryImageOfPage\":{\"@id\":\"https:\\\/\\\/najnaj.eu\\\/sl\\\/izdelek\\\/besafe-izi-flex-fix-2-i-size-antracitna-mreza-2\\\/#primaryimage\"},\"image\":{\"@id\":\"https:\\\/\\\/najnaj.eu\\\/sl\\\/izdelek\\\/besafe-izi-flex-fix-2-i-size-antracitna-mreza-2\\\/#primaryimage\"},\"thumbnailUrl\":\"https:\\\/\\\/najnaj.eu\\\/wp-content\\\/uploads\\\/2025\\\/02\\\/11037469__BeSafe-Flex-FIX-2__Black-SoftBreeze_Front.jpg\",\"datePublished\":\"2025-01-02T14:02:05+00:00\",\"dateModified\":\"2026-03-31T12:35:47+00:00\",\"breadcrumb\":{\"@id\":\"https:\\\/\\\/najnaj.eu\\\/sl\\\/izdelek\\\/besafe-izi-flex-fix-2-i-size-antracitna-mreza-2\\\/#breadcrumb\"},\"inLanguage\":\"sl-SI\",\"potentialAction\":[{\"@type\":\"ReadAction\",\"target\":[\"https:\\\/\\\/najnaj.eu\\\/sl\\\/izdelek\\\/besafe-izi-flex-fix-2-i-size-antracitna-mreza-2\\\/\"]}]},{\"@type\":\"ImageObject\",\"inLanguage\":\"sl-SI\",\"@id\":\"https:\\\/\\\/najnaj.eu\\\/sl\\\/izdelek\\\/besafe-izi-flex-fix-2-i-size-antracitna-mreza-2\\\/#primaryimage\",\"url\":\"https:\\\/\\\/najnaj.eu\\\/wp-content\\\/uploads\\\/2025\\\/02\\\/11037469__BeSafe-Flex-FIX-2__Black-SoftBreeze_Front.jpg\",\"contentUrl\":\"https:\\\/\\\/najnaj.eu\\\/wp-content\\\/uploads\\\/2025\\\/02\\\/11037469__BeSafe-Flex-FIX-2__Black-SoftBreeze_Front.jpg\",\"width\":1080,\"height\":1080},{\"@type\":\"BreadcrumbList\",\"@id\":\"https:\\\/\\\/najnaj.eu\\\/sl\\\/izdelek\\\/besafe-izi-flex-fix-2-i-size-antracitna-mreza-2\\\/#breadcrumb\",\"itemListElement\":[{\"@type\":\"ListItem\",\"position\":1,\"name\":\"Po\u010detna stranica\",\"item\":\"https:\\\/\\\/najnaj.eu\\\/sl\\\/prednja-stran\\\/\"},{\"@type\":\"ListItem\",\"position\":2,\"name\":\"Shop\",\"item\":\"https:\\\/\\\/najnaj.eu\\\/sl\\\/shop\\\/\"},{\"@type\":\"ListItem\",\"position\":3,\"name\":\"BeSafe Flex FIX 2 &#8211; Black SoftBreeze\"}]},{\"@type\":\"WebSite\",\"@id\":\"https:\\\/\\\/najnaj.eu\\\/sl\\\/#website\",\"url\":\"https:\\\/\\\/najnaj.eu\\\/sl\\\/\",\"name\":\"NajNaj.eu\",\"description\":\"Za najva\u017enije!\",\"publisher\":{\"@id\":\"https:\\\/\\\/najnaj.eu\\\/sl\\\/#organization\"},\"potentialAction\":[{\"@type\":\"SearchAction\",\"target\":{\"@type\":\"EntryPoint\",\"urlTemplate\":\"https:\\\/\\\/najnaj.eu\\\/sl\\\/?s={search_term_string}\"},\"query-input\":{\"@type\":\"PropertyValueSpecification\",\"valueRequired\":true,\"valueName\":\"search_term_string\"}}],\"inLanguage\":\"sl-SI\"},{\"@type\":\"Organization\",\"@id\":\"https:\\\/\\\/najnaj.eu\\\/sl\\\/#organization\",\"name\":\"NajNaj.eu\",\"url\":\"https:\\\/\\\/najnaj.eu\\\/sl\\\/\",\"logo\":{\"@type\":\"ImageObject\",\"inLanguage\":\"sl-SI\",\"@id\":\"https:\\\/\\\/najnaj.eu\\\/sl\\\/#\\\/schema\\\/logo\\\/image\\\/\",\"url\":\"https:\\\/\\\/najnaj.eu\\\/wp-content\\\/uploads\\\/2023\\\/09\\\/logo_Najnaj_2023.svg\",\"contentUrl\":\"https:\\\/\\\/najnaj.eu\\\/wp-content\\\/uploads\\\/2023\\\/09\\\/logo_Najnaj_2023.svg\",\"width\":501,\"height\":278,\"caption\":\"NajNaj.eu\"},\"image\":{\"@id\":\"https:\\\/\\\/najnaj.eu\\\/sl\\\/#\\\/schema\\\/logo\\\/image\\\/\"},\"sameAs\":[\"https:\\\/\\\/web.facebook.com\\\/najnaj.eu\\\/\",\"https:\\\/\\\/www.instagram.com\\\/najnaj.eu\\\/\",\"https:\\\/\\\/www.tiktok.com\\\/@najnaj.eu\"]}]}<\/script>\n<meta property=\"product:brand\" content=\"BeSafe\" \/>\n<meta property=\"product:price:amount\" content=\"319.00\" \/>\n<meta property=\"product:price:currency\" content=\"EUR\" \/>\n<meta property=\"og:availability\" content=\"instock\" \/>\n<meta property=\"product:availability\" content=\"instock\" \/>\n<meta property=\"product:retailer_item_id\" content=\"11037469-BlackSoBr-1Std\" \/>\n<meta property=\"product:condition\" content=\"new\" \/>\n<!-- \/ Yoast SEO Premium plugin. -->","yoast_head_json":{"title":"BeSafe Flex FIX 2 - Black SoftBreeze - NajNaj.eu","robots":{"index":"index","follow":"follow","max-snippet":"max-snippet:-1","max-image-preview":"max-image-preview:large","max-video-preview":"max-video-preview:-1"},"canonical":"https:\/\/najnaj.eu\/sl\/izdelek\/besafe-izi-flex-fix-2-i-size-antracitna-mreza-2\/","og_locale":"sl_SI","og_type":"article","og_title":"BeSafe Flex FIX 2 - Black SoftBreeze","og_description":"Nova vrhunska tkanina Soft Breeze za dodatno zra\u010dnost in udobje.  Flex FIX 2 - booster z naslonom je naslednik ve\u010dkrat nagrajenega avtosede\u017ea BeSafe iZi Flex FIX i-Size. Zdru\u017euje odli\u010dno varnost, optimalno udobje in kakovosten dizajn za postavitev do treh sede\u017eev v vrsti.  Vi\u0161ina: 100 \u2013 150 cm Starost: pribli\u017eno 4\u201312 let. Namestitev: ISOfix ali avtomobilski varnostni pas s trito\u010dkovnim pritrdi\u0161\u010dem Smer: V smeri vo\u017enje Certifikat: UN R129","og_url":"https:\/\/najnaj.eu\/sl\/izdelek\/besafe-izi-flex-fix-2-i-size-antracitna-mreza-2\/","og_site_name":"NajNaj.eu","article_publisher":"https:\/\/web.facebook.com\/najnaj.eu\/","article_modified_time":"2026-03-31T12:35:47+00:00","og_image":[{"width":1080,"height":1080,"url":"https:\/\/najnaj.eu\/wp-content\/uploads\/2025\/02\/11037469__BeSafe-Flex-FIX-2__Black-SoftBreeze_Front.jpg","type":"image\/jpeg"}],"twitter_card":"summary_large_image","twitter_misc":{"Price":"319,00&nbsp;&euro;","Availability":"In stock"},"schema":{"@context":"https:\/\/schema.org","@graph":[{"@type":"WebPage","@id":"https:\/\/najnaj.eu\/sl\/izdelek\/besafe-izi-flex-fix-2-i-size-antracitna-mreza-2\/","url":"https:\/\/najnaj.eu\/sl\/izdelek\/besafe-izi-flex-fix-2-i-size-antracitna-mreza-2\/","name":"BeSafe Flex FIX 2 - Black SoftBreeze - NajNaj.eu","isPartOf":{"@id":"https:\/\/najnaj.eu\/sl\/#website"},"primaryImageOfPage":{"@id":"https:\/\/najnaj.eu\/sl\/izdelek\/besafe-izi-flex-fix-2-i-size-antracitna-mreza-2\/#primaryimage"},"image":{"@id":"https:\/\/najnaj.eu\/sl\/izdelek\/besafe-izi-flex-fix-2-i-size-antracitna-mreza-2\/#primaryimage"},"thumbnailUrl":"https:\/\/najnaj.eu\/wp-content\/uploads\/2025\/02\/11037469__BeSafe-Flex-FIX-2__Black-SoftBreeze_Front.jpg","datePublished":"2025-01-02T14:02:05+00:00","dateModified":"2026-03-31T12:35:47+00:00","breadcrumb":{"@id":"https:\/\/najnaj.eu\/sl\/izdelek\/besafe-izi-flex-fix-2-i-size-antracitna-mreza-2\/#breadcrumb"},"inLanguage":"sl-SI","potentialAction":[{"@type":"ReadAction","target":["https:\/\/najnaj.eu\/sl\/izdelek\/besafe-izi-flex-fix-2-i-size-antracitna-mreza-2\/"]}]},{"@type":"ImageObject","inLanguage":"sl-SI","@id":"https:\/\/najnaj.eu\/sl\/izdelek\/besafe-izi-flex-fix-2-i-size-antracitna-mreza-2\/#primaryimage","url":"https:\/\/najnaj.eu\/wp-content\/uploads\/2025\/02\/11037469__BeSafe-Flex-FIX-2__Black-SoftBreeze_Front.jpg","contentUrl":"https:\/\/najnaj.eu\/wp-content\/uploads\/2025\/02\/11037469__BeSafe-Flex-FIX-2__Black-SoftBreeze_Front.jpg","width":1080,"height":1080},{"@type":"BreadcrumbList","@id":"https:\/\/najnaj.eu\/sl\/izdelek\/besafe-izi-flex-fix-2-i-size-antracitna-mreza-2\/#breadcrumb","itemListElement":[{"@type":"ListItem","position":1,"name":"Po\u010detna stranica","item":"https:\/\/najnaj.eu\/sl\/prednja-stran\/"},{"@type":"ListItem","position":2,"name":"Shop","item":"https:\/\/najnaj.eu\/sl\/shop\/"},{"@type":"ListItem","position":3,"name":"BeSafe Flex FIX 2 &#8211; Black SoftBreeze"}]},{"@type":"WebSite","@id":"https:\/\/najnaj.eu\/sl\/#website","url":"https:\/\/najnaj.eu\/sl\/","name":"NajNaj.eu","description":"Za najva\u017enije!","publisher":{"@id":"https:\/\/najnaj.eu\/sl\/#organization"},"potentialAction":[{"@type":"SearchAction","target":{"@type":"EntryPoint","urlTemplate":"https:\/\/najnaj.eu\/sl\/?s={search_term_string}"},"query-input":{"@type":"PropertyValueSpecification","valueRequired":true,"valueName":"search_term_string"}}],"inLanguage":"sl-SI"},{"@type":"Organization","@id":"https:\/\/najnaj.eu\/sl\/#organization","name":"NajNaj.eu","url":"https:\/\/najnaj.eu\/sl\/","logo":{"@type":"ImageObject","inLanguage":"sl-SI","@id":"https:\/\/najnaj.eu\/sl\/#\/schema\/logo\/image\/","url":"https:\/\/najnaj.eu\/wp-content\/uploads\/2023\/09\/logo_Najnaj_2023.svg","contentUrl":"https:\/\/najnaj.eu\/wp-content\/uploads\/2023\/09\/logo_Najnaj_2023.svg","width":501,"height":278,"caption":"NajNaj.eu"},"image":{"@id":"https:\/\/najnaj.eu\/sl\/#\/schema\/logo\/image\/"},"sameAs":["https:\/\/web.facebook.com\/najnaj.eu\/","https:\/\/www.instagram.com\/najnaj.eu\/","https:\/\/www.tiktok.com\/@najnaj.eu"]}]},"product_brand":"BeSafe","product_price_amount":"319.00","product_price_currency":"EUR","og_availability":"instock","product_availability":"instock","product_retailer_item_id":"11037469-BlackSoBr-1Std","product_condition":"new"},"_links":{"self":[{"href":"https:\/\/najnaj.eu\/sl\/wp-json\/wp\/v2\/product\/238257","targetHints":{"allow":["GET"]}}],"collection":[{"href":"https:\/\/najnaj.eu\/sl\/wp-json\/wp\/v2\/product"}],"about":[{"href":"https:\/\/najnaj.eu\/sl\/wp-json\/wp\/v2\/types\/product"}],"replies":[{"embeddable":true,"href":"https:\/\/najnaj.eu\/sl\/wp-json\/wp\/v2\/comments?post=238257"}],"version-history":[{"count":0,"href":"https:\/\/najnaj.eu\/sl\/wp-json\/wp\/v2\/product\/238257\/revisions"}],"wp:featuredmedia":[{"embeddable":true,"href":"https:\/\/najnaj.eu\/sl\/wp-json\/wp\/v2\/media\/238264"}],"wp:attachment":[{"href":"https:\/\/najnaj.eu\/sl\/wp-json\/wp\/v2\/media?parent=238257"}],"wp:term":[{"taxonomy":"product_brand","embeddable":true,"href":"https:\/\/najnaj.eu\/sl\/wp-json\/wp\/v2\/product_brand?post=238257"},{"taxonomy":"product_cat","embeddable":true,"href":"https:\/\/najnaj.eu\/sl\/wp-json\/wp\/v2\/product_cat?post=238257"},{"taxonomy":"product_tag","embeddable":true,"href":"https:\/\/najnaj.eu\/sl\/wp-json\/wp\/v2\/product_tag?post=238257"}],"curies":[{"name":"wp","href":"https:\/\/api.w.org\/{rel}","templated":true}]}}