{"id":236190,"date":"2025-01-23T14:53:27","date_gmt":"2025-01-23T13:53:27","guid":{"rendered":"https:\/\/najnaj.eu\/?post_type=product&#038;p=236190"},"modified":"2025-09-26T13:28:01","modified_gmt":"2025-09-26T11:28:01","slug":"citron-thermo-posoda-za-hrano-mala-250ml-zelena-4","status":"publish","type":"product","link":"https:\/\/najnaj.eu\/sl\/izdelek\/citron-thermo-posoda-za-hrano-mala-250ml-zelena-4\/","title":{"rendered":"Termo posoda za hrano Citron 350 ml Ballerina"},"content":{"rendered":"<p>Ta termos posoda za hrano s prostornino 350 ml je popolnoma zasnovana tako, da je ravno prave velikosti, in ima vse klasi\u010dne lastnosti, ki jih imate radi, zdaj pa z izbolj\u0161ano izolacijo in novo obliko! Ta srednje velika posoda za hrano bo va\u0161e okusne obroke ohranjala tople, medtem ko so va\u0161i mal\u010dki na poti ali v \u0161oli. Ima dodatno izolacijo in \u0161ir\u0161o odprtino ter ergonomsko oblikovan pokrov na zasuk, ki je neprepusten in enostaven za dr\u017eanje. Je barvita, prakti\u010dna in okolju prijazna, kar vam omogo\u010da, da zdrave obroke vzamete s seboj kamor koli greste.   <\/p>\n<p>&nbsp;<\/p>\n<p><img loading=\"lazy\" decoding=\"async\" class=\"aligncenter wp-image-236579 size-large\" src=\"https:\/\/najnaj.eu\/wp-content\/uploads\/2025\/01\/Classic_Thermal_FJ_350_Ballerina-6-HR-1-1024x1024.jpg\" alt=\"\" width=\"980\" height=\"980\" srcset=\"https:\/\/najnaj.eu\/wp-content\/uploads\/2025\/01\/Classic_Thermal_FJ_350_Ballerina-6-HR-1-1024x1024.jpg 1024w, https:\/\/najnaj.eu\/wp-content\/uploads\/2025\/01\/Classic_Thermal_FJ_350_Ballerina-6-HR-1-324x324.jpg 324w, https:\/\/najnaj.eu\/wp-content\/uploads\/2025\/01\/Classic_Thermal_FJ_350_Ballerina-6-HR-1-100x100.jpg 100w, https:\/\/najnaj.eu\/wp-content\/uploads\/2025\/01\/Classic_Thermal_FJ_350_Ballerina-6-HR-1-1200x1200.jpg 1200w, https:\/\/najnaj.eu\/wp-content\/uploads\/2025\/01\/Classic_Thermal_FJ_350_Ballerina-6-HR-1-300x300.jpg 300w, https:\/\/najnaj.eu\/wp-content\/uploads\/2025\/01\/Classic_Thermal_FJ_350_Ballerina-6-HR-1-150x150.jpg 150w, https:\/\/najnaj.eu\/wp-content\/uploads\/2025\/01\/Classic_Thermal_FJ_350_Ballerina-6-HR-1-768x768.jpg 768w, https:\/\/najnaj.eu\/wp-content\/uploads\/2025\/01\/Classic_Thermal_FJ_350_Ballerina-6-HR-1-1536x1536.jpg 1536w, https:\/\/najnaj.eu\/wp-content\/uploads\/2025\/01\/Classic_Thermal_FJ_350_Ballerina-6-HR-1-1440x1440.jpg 1440w, https:\/\/najnaj.eu\/wp-content\/uploads\/2025\/01\/Classic_Thermal_FJ_350_Ballerina-6-HR-1-420x420.jpg 420w, https:\/\/najnaj.eu\/wp-content\/uploads\/2025\/01\/Classic_Thermal_FJ_350_Ballerina-6-HR-1-50x50.jpg 50w, https:\/\/najnaj.eu\/wp-content\/uploads\/2025\/01\/Classic_Thermal_FJ_350_Ballerina-6-HR-1.jpg 2048w\" sizes=\"auto, (max-width: 980px) 100vw, 980px\" \/><\/p>\n","protected":false},"excerpt":{"rendered":"<p>+ Srednje velika termo posoda za hrano s trojno izolacijo<br \/>\n + Ergonomsko oblikovan pokrov<br \/>\n + Hrano ohranja toplo do 6 ur in hladno do 7 ur<br \/>\n + Varno za \u017eivila, neprepustno in brez BPA<br \/>\n Specifikacije:<br \/>\n Starost: 18+ mesecev<\/p>\n","protected":false},"featured_media":247417,"comment_status":"open","ping_status":"closed","template":"","meta":{"_acf_changed":false,"footnotes":""},"product_brand":[],"product_cat":[1167,1275,2270],"product_tag":[2282],"class_list":{"0":"post-236190","1":"product","2":"type-product","3":"status-publish","4":"has-post-thumbnail","6":"product_cat-hranjenje-sl","7":"product_cat-posoda","8":"product_cat-termo-posode","9":"product_tag-zima-sl","10":"pa_boja-roza-sl","11":"pa_brand-citron-sl","12":"pa_vrsta-posuda-skatle-za-kosilo","14":"first","15":"instock","16":"shipping-taxable","17":"purchasable","18":"product-type-simple"},"bundled_by":[],"bundle_stock_status":"instock","bundle_stock_quantity":3,"bundle_virtual":false,"bundle_layout":"","bundle_add_to_cart_form_location":"","bundle_editable_in_cart":false,"bundle_sold_individually_context":"","bundle_item_grouping":"","bundle_min_size":"","bundle_max_size":"","bundle_price":[],"bundled_items":[],"bundle_sell_ids":[],"acf":[],"yoast_head":"<!-- This site is optimized with the Yoast SEO Premium plugin v21.5 (Yoast SEO v27.4) - https:\/\/yoast.com\/product\/yoast-seo-premium-wordpress\/ -->\n<title>Termo posoda za hrano Citron 350 ml Ballerina - NajNaj.eu<\/title>\n<meta name=\"robots\" content=\"index, follow, max-snippet:-1, max-image-preview:large, max-video-preview:-1\" \/>\n<link rel=\"canonical\" href=\"https:\/\/najnaj.eu\/sl\/izdelek\/citron-thermo-posoda-za-hrano-mala-250ml-zelena-4\/\" \/>\n<meta property=\"og:locale\" content=\"sl_SI\" \/>\n<meta property=\"og:type\" content=\"article\" \/>\n<meta property=\"og:title\" content=\"Termo posoda za hrano Citron 350 ml Ballerina\" \/>\n<meta property=\"og:description\" content=\"+ Srednje velika termo posoda za hrano s trojno izolacijo + Ergonomsko oblikovan pokrov + Hrano ohranja toplo do 6 ur in hladno do 7 ur + Varno za \u017eivila, neprepustno in brez BPA Specifikacije: Starost: 18+ mesecev\" \/>\n<meta property=\"og:url\" content=\"https:\/\/najnaj.eu\/sl\/izdelek\/citron-thermo-posoda-za-hrano-mala-250ml-zelena-4\/\" \/>\n<meta property=\"og:site_name\" content=\"NajNaj.eu\" \/>\n<meta property=\"article:publisher\" content=\"https:\/\/web.facebook.com\/najnaj.eu\/\" \/>\n<meta property=\"article:modified_time\" content=\"2025-09-26T11:28:01+00:00\" \/>\n<meta property=\"og:image\" content=\"https:\/\/najnaj.eu\/wp-content\/uploads\/2025\/01\/Classic_Thermal_FJ_350_Ballerina.jpg\" \/>\n\t<meta property=\"og:image:width\" content=\"2000\" \/>\n\t<meta property=\"og:image:height\" content=\"2000\" \/>\n\t<meta property=\"og:image:type\" content=\"image\/jpeg\" \/>\n<meta name=\"twitter:card\" content=\"summary_large_image\" \/>\n<meta name=\"twitter:label1\" content=\"Price\" \/>\n\t<meta name=\"twitter:data1\" content=\"35,99&nbsp;&euro;\" \/>\n\t<meta name=\"twitter:label2\" content=\"Availability\" \/>\n\t<meta name=\"twitter:data2\" content=\"In stock\" \/>\n<script type=\"application\/ld+json\" class=\"yoast-schema-graph\">{\"@context\":\"https:\\\/\\\/schema.org\",\"@graph\":[{\"@type\":\"WebPage\",\"@id\":\"https:\\\/\\\/najnaj.eu\\\/sl\\\/izdelek\\\/citron-thermo-posoda-za-hrano-mala-250ml-zelena-4\\\/\",\"url\":\"https:\\\/\\\/najnaj.eu\\\/sl\\\/izdelek\\\/citron-thermo-posoda-za-hrano-mala-250ml-zelena-4\\\/\",\"name\":\"Termo posoda za hrano Citron 350 ml Ballerina - NajNaj.eu\",\"isPartOf\":{\"@id\":\"https:\\\/\\\/najnaj.eu\\\/sl\\\/#website\"},\"primaryImageOfPage\":{\"@id\":\"https:\\\/\\\/najnaj.eu\\\/sl\\\/izdelek\\\/citron-thermo-posoda-za-hrano-mala-250ml-zelena-4\\\/#primaryimage\"},\"image\":{\"@id\":\"https:\\\/\\\/najnaj.eu\\\/sl\\\/izdelek\\\/citron-thermo-posoda-za-hrano-mala-250ml-zelena-4\\\/#primaryimage\"},\"thumbnailUrl\":\"https:\\\/\\\/najnaj.eu\\\/wp-content\\\/uploads\\\/2025\\\/01\\\/Classic_Thermal_FJ_350_Ballerina.jpg\",\"datePublished\":\"2025-01-23T13:53:27+00:00\",\"dateModified\":\"2025-09-26T11:28:01+00:00\",\"breadcrumb\":{\"@id\":\"https:\\\/\\\/najnaj.eu\\\/sl\\\/izdelek\\\/citron-thermo-posoda-za-hrano-mala-250ml-zelena-4\\\/#breadcrumb\"},\"inLanguage\":\"sl-SI\",\"potentialAction\":[{\"@type\":\"ReadAction\",\"target\":[\"https:\\\/\\\/najnaj.eu\\\/sl\\\/izdelek\\\/citron-thermo-posoda-za-hrano-mala-250ml-zelena-4\\\/\"]}]},{\"@type\":\"ImageObject\",\"inLanguage\":\"sl-SI\",\"@id\":\"https:\\\/\\\/najnaj.eu\\\/sl\\\/izdelek\\\/citron-thermo-posoda-za-hrano-mala-250ml-zelena-4\\\/#primaryimage\",\"url\":\"https:\\\/\\\/najnaj.eu\\\/wp-content\\\/uploads\\\/2025\\\/01\\\/Classic_Thermal_FJ_350_Ballerina.jpg\",\"contentUrl\":\"https:\\\/\\\/najnaj.eu\\\/wp-content\\\/uploads\\\/2025\\\/01\\\/Classic_Thermal_FJ_350_Ballerina.jpg\",\"width\":2000,\"height\":2000},{\"@type\":\"BreadcrumbList\",\"@id\":\"https:\\\/\\\/najnaj.eu\\\/sl\\\/izdelek\\\/citron-thermo-posoda-za-hrano-mala-250ml-zelena-4\\\/#breadcrumb\",\"itemListElement\":[{\"@type\":\"ListItem\",\"position\":1,\"name\":\"Po\u010detna stranica\",\"item\":\"https:\\\/\\\/najnaj.eu\\\/sl\\\/prednja-stran\\\/\"},{\"@type\":\"ListItem\",\"position\":2,\"name\":\"Shop\",\"item\":\"https:\\\/\\\/najnaj.eu\\\/sl\\\/shop\\\/\"},{\"@type\":\"ListItem\",\"position\":3,\"name\":\"Termo posoda za hrano Citron 350 ml Ballerina\"}]},{\"@type\":\"WebSite\",\"@id\":\"https:\\\/\\\/najnaj.eu\\\/sl\\\/#website\",\"url\":\"https:\\\/\\\/najnaj.eu\\\/sl\\\/\",\"name\":\"NajNaj.eu\",\"description\":\"Za najva\u017enije!\",\"publisher\":{\"@id\":\"https:\\\/\\\/najnaj.eu\\\/sl\\\/#organization\"},\"potentialAction\":[{\"@type\":\"SearchAction\",\"target\":{\"@type\":\"EntryPoint\",\"urlTemplate\":\"https:\\\/\\\/najnaj.eu\\\/sl\\\/?s={search_term_string}\"},\"query-input\":{\"@type\":\"PropertyValueSpecification\",\"valueRequired\":true,\"valueName\":\"search_term_string\"}}],\"inLanguage\":\"sl-SI\"},{\"@type\":\"Organization\",\"@id\":\"https:\\\/\\\/najnaj.eu\\\/sl\\\/#organization\",\"name\":\"NajNaj.eu\",\"url\":\"https:\\\/\\\/najnaj.eu\\\/sl\\\/\",\"logo\":{\"@type\":\"ImageObject\",\"inLanguage\":\"sl-SI\",\"@id\":\"https:\\\/\\\/najnaj.eu\\\/sl\\\/#\\\/schema\\\/logo\\\/image\\\/\",\"url\":\"https:\\\/\\\/najnaj.eu\\\/wp-content\\\/uploads\\\/2023\\\/09\\\/logo_Najnaj_2023.svg\",\"contentUrl\":\"https:\\\/\\\/najnaj.eu\\\/wp-content\\\/uploads\\\/2023\\\/09\\\/logo_Najnaj_2023.svg\",\"width\":501,\"height\":278,\"caption\":\"NajNaj.eu\"},\"image\":{\"@id\":\"https:\\\/\\\/najnaj.eu\\\/sl\\\/#\\\/schema\\\/logo\\\/image\\\/\"},\"sameAs\":[\"https:\\\/\\\/web.facebook.com\\\/najnaj.eu\\\/\",\"https:\\\/\\\/www.instagram.com\\\/najnaj.eu\\\/\",\"https:\\\/\\\/www.tiktok.com\\\/@najnaj.eu\"]}]}<\/script>\n<meta property=\"product:brand\" content=\"Citron\" \/>\n<meta property=\"product:price:amount\" content=\"35.99\" \/>\n<meta property=\"product:price:currency\" content=\"EUR\" \/>\n<meta property=\"og:availability\" content=\"instock\" \/>\n<meta property=\"product:availability\" content=\"instock\" \/>\n<meta property=\"product:retailer_item_id\" content=\"Classic_Thermal_FJ_350_Ballerina\" \/>\n<meta property=\"product:condition\" content=\"new\" \/>\n<!-- \/ Yoast SEO Premium plugin. -->","yoast_head_json":{"title":"Termo posoda za hrano Citron 350 ml Ballerina - NajNaj.eu","robots":{"index":"index","follow":"follow","max-snippet":"max-snippet:-1","max-image-preview":"max-image-preview:large","max-video-preview":"max-video-preview:-1"},"canonical":"https:\/\/najnaj.eu\/sl\/izdelek\/citron-thermo-posoda-za-hrano-mala-250ml-zelena-4\/","og_locale":"sl_SI","og_type":"article","og_title":"Termo posoda za hrano Citron 350 ml Ballerina","og_description":"+ Srednje velika termo posoda za hrano s trojno izolacijo + Ergonomsko oblikovan pokrov + Hrano ohranja toplo do 6 ur in hladno do 7 ur + Varno za \u017eivila, neprepustno in brez BPA Specifikacije: Starost: 18+ mesecev","og_url":"https:\/\/najnaj.eu\/sl\/izdelek\/citron-thermo-posoda-za-hrano-mala-250ml-zelena-4\/","og_site_name":"NajNaj.eu","article_publisher":"https:\/\/web.facebook.com\/najnaj.eu\/","article_modified_time":"2025-09-26T11:28:01+00:00","og_image":[{"width":2000,"height":2000,"url":"https:\/\/najnaj.eu\/wp-content\/uploads\/2025\/01\/Classic_Thermal_FJ_350_Ballerina.jpg","type":"image\/jpeg"}],"twitter_card":"summary_large_image","twitter_misc":{"Price":"35,99&nbsp;&euro;","Availability":"In stock"},"schema":{"@context":"https:\/\/schema.org","@graph":[{"@type":"WebPage","@id":"https:\/\/najnaj.eu\/sl\/izdelek\/citron-thermo-posoda-za-hrano-mala-250ml-zelena-4\/","url":"https:\/\/najnaj.eu\/sl\/izdelek\/citron-thermo-posoda-za-hrano-mala-250ml-zelena-4\/","name":"Termo posoda za hrano Citron 350 ml Ballerina - NajNaj.eu","isPartOf":{"@id":"https:\/\/najnaj.eu\/sl\/#website"},"primaryImageOfPage":{"@id":"https:\/\/najnaj.eu\/sl\/izdelek\/citron-thermo-posoda-za-hrano-mala-250ml-zelena-4\/#primaryimage"},"image":{"@id":"https:\/\/najnaj.eu\/sl\/izdelek\/citron-thermo-posoda-za-hrano-mala-250ml-zelena-4\/#primaryimage"},"thumbnailUrl":"https:\/\/najnaj.eu\/wp-content\/uploads\/2025\/01\/Classic_Thermal_FJ_350_Ballerina.jpg","datePublished":"2025-01-23T13:53:27+00:00","dateModified":"2025-09-26T11:28:01+00:00","breadcrumb":{"@id":"https:\/\/najnaj.eu\/sl\/izdelek\/citron-thermo-posoda-za-hrano-mala-250ml-zelena-4\/#breadcrumb"},"inLanguage":"sl-SI","potentialAction":[{"@type":"ReadAction","target":["https:\/\/najnaj.eu\/sl\/izdelek\/citron-thermo-posoda-za-hrano-mala-250ml-zelena-4\/"]}]},{"@type":"ImageObject","inLanguage":"sl-SI","@id":"https:\/\/najnaj.eu\/sl\/izdelek\/citron-thermo-posoda-za-hrano-mala-250ml-zelena-4\/#primaryimage","url":"https:\/\/najnaj.eu\/wp-content\/uploads\/2025\/01\/Classic_Thermal_FJ_350_Ballerina.jpg","contentUrl":"https:\/\/najnaj.eu\/wp-content\/uploads\/2025\/01\/Classic_Thermal_FJ_350_Ballerina.jpg","width":2000,"height":2000},{"@type":"BreadcrumbList","@id":"https:\/\/najnaj.eu\/sl\/izdelek\/citron-thermo-posoda-za-hrano-mala-250ml-zelena-4\/#breadcrumb","itemListElement":[{"@type":"ListItem","position":1,"name":"Po\u010detna stranica","item":"https:\/\/najnaj.eu\/sl\/prednja-stran\/"},{"@type":"ListItem","position":2,"name":"Shop","item":"https:\/\/najnaj.eu\/sl\/shop\/"},{"@type":"ListItem","position":3,"name":"Termo posoda za hrano Citron 350 ml Ballerina"}]},{"@type":"WebSite","@id":"https:\/\/najnaj.eu\/sl\/#website","url":"https:\/\/najnaj.eu\/sl\/","name":"NajNaj.eu","description":"Za najva\u017enije!","publisher":{"@id":"https:\/\/najnaj.eu\/sl\/#organization"},"potentialAction":[{"@type":"SearchAction","target":{"@type":"EntryPoint","urlTemplate":"https:\/\/najnaj.eu\/sl\/?s={search_term_string}"},"query-input":{"@type":"PropertyValueSpecification","valueRequired":true,"valueName":"search_term_string"}}],"inLanguage":"sl-SI"},{"@type":"Organization","@id":"https:\/\/najnaj.eu\/sl\/#organization","name":"NajNaj.eu","url":"https:\/\/najnaj.eu\/sl\/","logo":{"@type":"ImageObject","inLanguage":"sl-SI","@id":"https:\/\/najnaj.eu\/sl\/#\/schema\/logo\/image\/","url":"https:\/\/najnaj.eu\/wp-content\/uploads\/2023\/09\/logo_Najnaj_2023.svg","contentUrl":"https:\/\/najnaj.eu\/wp-content\/uploads\/2023\/09\/logo_Najnaj_2023.svg","width":501,"height":278,"caption":"NajNaj.eu"},"image":{"@id":"https:\/\/najnaj.eu\/sl\/#\/schema\/logo\/image\/"},"sameAs":["https:\/\/web.facebook.com\/najnaj.eu\/","https:\/\/www.instagram.com\/najnaj.eu\/","https:\/\/www.tiktok.com\/@najnaj.eu"]}]},"product_brand":"Citron","product_price_amount":"35.99","product_price_currency":"EUR","og_availability":"instock","product_availability":"instock","product_retailer_item_id":"Classic_Thermal_FJ_350_Ballerina","product_condition":"new"},"_links":{"self":[{"href":"https:\/\/najnaj.eu\/sl\/wp-json\/wp\/v2\/product\/236190","targetHints":{"allow":["GET"]}}],"collection":[{"href":"https:\/\/najnaj.eu\/sl\/wp-json\/wp\/v2\/product"}],"about":[{"href":"https:\/\/najnaj.eu\/sl\/wp-json\/wp\/v2\/types\/product"}],"replies":[{"embeddable":true,"href":"https:\/\/najnaj.eu\/sl\/wp-json\/wp\/v2\/comments?post=236190"}],"version-history":[{"count":0,"href":"https:\/\/najnaj.eu\/sl\/wp-json\/wp\/v2\/product\/236190\/revisions"}],"wp:featuredmedia":[{"embeddable":true,"href":"https:\/\/najnaj.eu\/sl\/wp-json\/wp\/v2\/media\/247417"}],"wp:attachment":[{"href":"https:\/\/najnaj.eu\/sl\/wp-json\/wp\/v2\/media?parent=236190"}],"wp:term":[{"taxonomy":"product_brand","embeddable":true,"href":"https:\/\/najnaj.eu\/sl\/wp-json\/wp\/v2\/product_brand?post=236190"},{"taxonomy":"product_cat","embeddable":true,"href":"https:\/\/najnaj.eu\/sl\/wp-json\/wp\/v2\/product_cat?post=236190"},{"taxonomy":"product_tag","embeddable":true,"href":"https:\/\/najnaj.eu\/sl\/wp-json\/wp\/v2\/product_tag?post=236190"}],"curies":[{"name":"wp","href":"https:\/\/api.w.org\/{rel}","templated":true}]}}