{"id":236046,"date":"2025-01-23T14:30:06","date_gmt":"2025-01-23T13:30:06","guid":{"rendered":"https:\/\/najnaj.eu\/?post_type=product&#038;p=236046"},"modified":"2025-06-23T14:43:20","modified_gmt":"2025-06-23T12:43:20","slug":"skatla-za-prigrizke-citron-tritan-vesoljska-ladja-dusty-blue-2-2","status":"publish","type":"product","link":"https:\/\/najnaj.eu\/sl\/izdelek\/skatla-za-prigrizke-citron-tritan-vesoljska-ladja-dusty-blue-2-2\/","title":{"rendered":"\u0160katla za prigrizke Citron Tritan Cherry"},"content":{"rendered":"<p>+ Hrana se shranjuje v 3 lo\u010denih predelkih<br \/>\n + Zaradi neprepustnega pokrova va\u0161a torba za kosilo ostane suha in \u010dista<br \/>\n + Enostavno odpiranje tudi z majhnimi rokami<br \/>\n + Primerno za otroke, stare 6+ mesecev<br \/>\n + Oblo\u017eeno z odstranljivim silikonom za enostavno pranje<\/p>\n<p><img loading=\"lazy\" decoding=\"async\" class=\"aligncenter wp-image-210611 size-large\" src=\"https:\/\/najnaj.eu\/wp-content\/uploads\/2024\/03\/Tritan-Snackbox-Spaceship-Dusty-Blue-3-HR-1024x1024.jpg\" alt=\"\" width=\"980\" height=\"980\" srcset=\"https:\/\/najnaj.eu\/wp-content\/uploads\/2024\/03\/Tritan-Snackbox-Spaceship-Dusty-Blue-3-HR-1024x1024.jpg 1024w, https:\/\/najnaj.eu\/wp-content\/uploads\/2024\/03\/Tritan-Snackbox-Spaceship-Dusty-Blue-3-HR-324x324.jpg 324w, https:\/\/najnaj.eu\/wp-content\/uploads\/2024\/03\/Tritan-Snackbox-Spaceship-Dusty-Blue-3-HR-100x100.jpg 100w, https:\/\/najnaj.eu\/wp-content\/uploads\/2024\/03\/Tritan-Snackbox-Spaceship-Dusty-Blue-3-HR-1200x1200.jpg 1200w, https:\/\/najnaj.eu\/wp-content\/uploads\/2024\/03\/Tritan-Snackbox-Spaceship-Dusty-Blue-3-HR-300x300.jpg 300w, https:\/\/najnaj.eu\/wp-content\/uploads\/2024\/03\/Tritan-Snackbox-Spaceship-Dusty-Blue-3-HR-150x150.jpg 150w, https:\/\/najnaj.eu\/wp-content\/uploads\/2024\/03\/Tritan-Snackbox-Spaceship-Dusty-Blue-3-HR-768x768.jpg 768w, https:\/\/najnaj.eu\/wp-content\/uploads\/2024\/03\/Tritan-Snackbox-Spaceship-Dusty-Blue-3-HR-1536x1536.jpg 1536w, https:\/\/najnaj.eu\/wp-content\/uploads\/2024\/03\/Tritan-Snackbox-Spaceship-Dusty-Blue-3-HR-1440x1440.jpg 1440w, https:\/\/najnaj.eu\/wp-content\/uploads\/2024\/03\/Tritan-Snackbox-Spaceship-Dusty-Blue-3-HR-420x420.jpg 420w, https:\/\/najnaj.eu\/wp-content\/uploads\/2024\/03\/Tritan-Snackbox-Spaceship-Dusty-Blue-3-HR-50x50.jpg 50w, https:\/\/najnaj.eu\/wp-content\/uploads\/2024\/03\/Tritan-Snackbox-Spaceship-Dusty-Blue-3-HR.jpg 2048w\" sizes=\"auto, (max-width: 980px) 100vw, 980px\" \/><\/p>\n","protected":false},"excerpt":{"rendered":"<p>Prilagodljiv in lahek, novi Mini Snackbox je idealen za majhne roke in majhne obroke. Narejen je iz varnih, nestrupenih materialov z otrokom prijaznim pokrovom in tremi predelki v stilu bento za uravnote\u017eenje okusov. Je \u010dvrst in kakovosten, ravno to, kar potrebujete za svoje mal\u010dke, ko so na poti!  <\/p>\n","protected":false},"featured_media":236053,"comment_status":"open","ping_status":"closed","template":"","meta":{"_acf_changed":false,"footnotes":""},"product_brand":[],"product_cat":[622,655],"product_tag":[],"class_list":{"0":"post-236046","1":"product","2":"type-product","3":"status-publish","4":"has-post-thumbnail","6":"product_cat-posude","7":"product_cat-kutije-za-uzinu","8":"pa_boja-roza","9":"pa_brand-citron","10":"pa_vrsta-posuda-kutije-za-uzinu","12":"first","13":"instock","14":"shipping-taxable","15":"purchasable","16":"product-type-simple"},"bundled_by":[],"bundle_stock_status":"instock","bundle_stock_quantity":10,"bundle_virtual":false,"bundle_layout":"","bundle_add_to_cart_form_location":"","bundle_editable_in_cart":false,"bundle_sold_individually_context":"","bundle_item_grouping":"","bundle_min_size":"","bundle_max_size":"","bundle_price":[],"bundled_items":[],"bundle_sell_ids":[],"acf":[],"yoast_head":"<!-- This site is optimized with the Yoast SEO Premium plugin v21.5 (Yoast SEO v27.3) - https:\/\/yoast.com\/product\/yoast-seo-premium-wordpress\/ -->\n<title>\u0160katla za prigrizke Citron Tritan Cherry - NajNaj.eu<\/title>\n<meta name=\"robots\" content=\"index, follow, max-snippet:-1, max-image-preview:large, max-video-preview:-1\" \/>\n<link rel=\"canonical\" href=\"https:\/\/najnaj.eu\/sl\/izdelek\/skatla-za-prigrizke-citron-tritan-vesoljska-ladja-dusty-blue-2-2\/\" \/>\n<meta property=\"og:locale\" content=\"sl_SI\" \/>\n<meta property=\"og:type\" content=\"article\" \/>\n<meta property=\"og:title\" content=\"\u0160katla za prigrizke Citron Tritan Cherry\" \/>\n<meta property=\"og:description\" content=\"Prilagodljiv in lahek, novi Mini Snackbox je idealen za majhne roke in majhne obroke. Narejen je iz varnih, nestrupenih materialov z otrokom prijaznim pokrovom in tremi predelki v stilu bento za uravnote\u017eenje okusov. Je \u010dvrst in kakovosten, ravno to, kar potrebujete za svoje mal\u010dke, ko so na poti!\" \/>\n<meta property=\"og:url\" content=\"https:\/\/najnaj.eu\/sl\/izdelek\/skatla-za-prigrizke-citron-tritan-vesoljska-ladja-dusty-blue-2-2\/\" \/>\n<meta property=\"og:site_name\" content=\"NajNaj.eu\" \/>\n<meta property=\"article:publisher\" content=\"https:\/\/web.facebook.com\/najnaj.eu\/\" \/>\n<meta property=\"article:modified_time\" content=\"2025-06-23T12:43:20+00:00\" \/>\n<meta property=\"og:image\" content=\"https:\/\/najnaj.eu\/wp-content\/uploads\/2025\/01\/2022_Snackbox_Tritan_Cherry-1.jpg\" \/>\n\t<meta property=\"og:image:width\" content=\"2000\" \/>\n\t<meta property=\"og:image:height\" content=\"2000\" \/>\n\t<meta property=\"og:image:type\" content=\"image\/jpeg\" \/>\n<meta name=\"twitter:card\" content=\"summary_large_image\" \/>\n<meta name=\"twitter:label1\" content=\"Price\" \/>\n\t<meta name=\"twitter:data1\" content=\"27,99&nbsp;&euro;\" \/>\n\t<meta name=\"twitter:label2\" content=\"Availability\" \/>\n\t<meta name=\"twitter:data2\" content=\"In stock\" \/>\n<script type=\"application\/ld+json\" class=\"yoast-schema-graph\">{\"@context\":\"https:\\\/\\\/schema.org\",\"@graph\":[{\"@type\":\"WebPage\",\"@id\":\"https:\\\/\\\/najnaj.eu\\\/sl\\\/izdelek\\\/skatla-za-prigrizke-citron-tritan-vesoljska-ladja-dusty-blue-2-2\\\/\",\"url\":\"https:\\\/\\\/najnaj.eu\\\/sl\\\/izdelek\\\/skatla-za-prigrizke-citron-tritan-vesoljska-ladja-dusty-blue-2-2\\\/\",\"name\":\"\u0160katla za prigrizke Citron Tritan Cherry - NajNaj.eu\",\"isPartOf\":{\"@id\":\"https:\\\/\\\/najnaj.eu\\\/sl\\\/#website\"},\"primaryImageOfPage\":{\"@id\":\"https:\\\/\\\/najnaj.eu\\\/sl\\\/izdelek\\\/skatla-za-prigrizke-citron-tritan-vesoljska-ladja-dusty-blue-2-2\\\/#primaryimage\"},\"image\":{\"@id\":\"https:\\\/\\\/najnaj.eu\\\/sl\\\/izdelek\\\/skatla-za-prigrizke-citron-tritan-vesoljska-ladja-dusty-blue-2-2\\\/#primaryimage\"},\"thumbnailUrl\":\"https:\\\/\\\/najnaj.eu\\\/wp-content\\\/uploads\\\/2025\\\/01\\\/2022_Snackbox_Tritan_Cherry-1.jpg\",\"datePublished\":\"2025-01-23T13:30:06+00:00\",\"dateModified\":\"2025-06-23T12:43:20+00:00\",\"breadcrumb\":{\"@id\":\"https:\\\/\\\/najnaj.eu\\\/sl\\\/izdelek\\\/skatla-za-prigrizke-citron-tritan-vesoljska-ladja-dusty-blue-2-2\\\/#breadcrumb\"},\"inLanguage\":\"sl-SI\",\"potentialAction\":[{\"@type\":\"ReadAction\",\"target\":[\"https:\\\/\\\/najnaj.eu\\\/sl\\\/izdelek\\\/skatla-za-prigrizke-citron-tritan-vesoljska-ladja-dusty-blue-2-2\\\/\"]}]},{\"@type\":\"ImageObject\",\"inLanguage\":\"sl-SI\",\"@id\":\"https:\\\/\\\/najnaj.eu\\\/sl\\\/izdelek\\\/skatla-za-prigrizke-citron-tritan-vesoljska-ladja-dusty-blue-2-2\\\/#primaryimage\",\"url\":\"https:\\\/\\\/najnaj.eu\\\/wp-content\\\/uploads\\\/2025\\\/01\\\/2022_Snackbox_Tritan_Cherry-1.jpg\",\"contentUrl\":\"https:\\\/\\\/najnaj.eu\\\/wp-content\\\/uploads\\\/2025\\\/01\\\/2022_Snackbox_Tritan_Cherry-1.jpg\",\"width\":2000,\"height\":2000},{\"@type\":\"BreadcrumbList\",\"@id\":\"https:\\\/\\\/najnaj.eu\\\/sl\\\/izdelek\\\/skatla-za-prigrizke-citron-tritan-vesoljska-ladja-dusty-blue-2-2\\\/#breadcrumb\",\"itemListElement\":[{\"@type\":\"ListItem\",\"position\":1,\"name\":\"Po\u010detna stranica\",\"item\":\"https:\\\/\\\/najnaj.eu\\\/sl\\\/prednja-stran\\\/\"},{\"@type\":\"ListItem\",\"position\":2,\"name\":\"Shop\",\"item\":\"https:\\\/\\\/najnaj.eu\\\/sl\\\/shop\\\/\"},{\"@type\":\"ListItem\",\"position\":3,\"name\":\"\u0160katla za prigrizke Citron Tritan Cherry\"}]},{\"@type\":\"WebSite\",\"@id\":\"https:\\\/\\\/najnaj.eu\\\/sl\\\/#website\",\"url\":\"https:\\\/\\\/najnaj.eu\\\/sl\\\/\",\"name\":\"NajNaj.eu\",\"description\":\"Za najva\u017enije!\",\"publisher\":{\"@id\":\"https:\\\/\\\/najnaj.eu\\\/sl\\\/#organization\"},\"potentialAction\":[{\"@type\":\"SearchAction\",\"target\":{\"@type\":\"EntryPoint\",\"urlTemplate\":\"https:\\\/\\\/najnaj.eu\\\/sl\\\/?s={search_term_string}\"},\"query-input\":{\"@type\":\"PropertyValueSpecification\",\"valueRequired\":true,\"valueName\":\"search_term_string\"}}],\"inLanguage\":\"sl-SI\"},{\"@type\":\"Organization\",\"@id\":\"https:\\\/\\\/najnaj.eu\\\/sl\\\/#organization\",\"name\":\"NajNaj.eu\",\"url\":\"https:\\\/\\\/najnaj.eu\\\/sl\\\/\",\"logo\":{\"@type\":\"ImageObject\",\"inLanguage\":\"sl-SI\",\"@id\":\"https:\\\/\\\/najnaj.eu\\\/sl\\\/#\\\/schema\\\/logo\\\/image\\\/\",\"url\":\"https:\\\/\\\/najnaj.eu\\\/wp-content\\\/uploads\\\/2023\\\/09\\\/logo_Najnaj_2023.svg\",\"contentUrl\":\"https:\\\/\\\/najnaj.eu\\\/wp-content\\\/uploads\\\/2023\\\/09\\\/logo_Najnaj_2023.svg\",\"width\":501,\"height\":278,\"caption\":\"NajNaj.eu\"},\"image\":{\"@id\":\"https:\\\/\\\/najnaj.eu\\\/sl\\\/#\\\/schema\\\/logo\\\/image\\\/\"},\"sameAs\":[\"https:\\\/\\\/web.facebook.com\\\/najnaj.eu\\\/\",\"https:\\\/\\\/www.instagram.com\\\/najnaj.eu\\\/\",\"https:\\\/\\\/www.tiktok.com\\\/@najnaj.eu\"]}]}<\/script>\n<meta property=\"product:brand\" content=\"Citron\" \/>\n<meta property=\"product:price:amount\" content=\"27.99\" \/>\n<meta property=\"product:price:currency\" content=\"EUR\" \/>\n<meta property=\"og:availability\" content=\"instock\" \/>\n<meta property=\"product:availability\" content=\"instock\" \/>\n<meta property=\"product:retailer_item_id\" content=\"2022_Snackbox_Tritan_Cherry\" \/>\n<meta property=\"product:condition\" content=\"new\" \/>\n<!-- \/ Yoast SEO Premium plugin. -->","yoast_head_json":{"title":"\u0160katla za prigrizke Citron Tritan Cherry - NajNaj.eu","robots":{"index":"index","follow":"follow","max-snippet":"max-snippet:-1","max-image-preview":"max-image-preview:large","max-video-preview":"max-video-preview:-1"},"canonical":"https:\/\/najnaj.eu\/sl\/izdelek\/skatla-za-prigrizke-citron-tritan-vesoljska-ladja-dusty-blue-2-2\/","og_locale":"sl_SI","og_type":"article","og_title":"\u0160katla za prigrizke Citron Tritan Cherry","og_description":"Prilagodljiv in lahek, novi Mini Snackbox je idealen za majhne roke in majhne obroke. Narejen je iz varnih, nestrupenih materialov z otrokom prijaznim pokrovom in tremi predelki v stilu bento za uravnote\u017eenje okusov. Je \u010dvrst in kakovosten, ravno to, kar potrebujete za svoje mal\u010dke, ko so na poti!","og_url":"https:\/\/najnaj.eu\/sl\/izdelek\/skatla-za-prigrizke-citron-tritan-vesoljska-ladja-dusty-blue-2-2\/","og_site_name":"NajNaj.eu","article_publisher":"https:\/\/web.facebook.com\/najnaj.eu\/","article_modified_time":"2025-06-23T12:43:20+00:00","og_image":[{"width":2000,"height":2000,"url":"https:\/\/najnaj.eu\/wp-content\/uploads\/2025\/01\/2022_Snackbox_Tritan_Cherry-1.jpg","type":"image\/jpeg"}],"twitter_card":"summary_large_image","twitter_misc":{"Price":"27,99&nbsp;&euro;","Availability":"In stock"},"schema":{"@context":"https:\/\/schema.org","@graph":[{"@type":"WebPage","@id":"https:\/\/najnaj.eu\/sl\/izdelek\/skatla-za-prigrizke-citron-tritan-vesoljska-ladja-dusty-blue-2-2\/","url":"https:\/\/najnaj.eu\/sl\/izdelek\/skatla-za-prigrizke-citron-tritan-vesoljska-ladja-dusty-blue-2-2\/","name":"\u0160katla za prigrizke Citron Tritan Cherry - NajNaj.eu","isPartOf":{"@id":"https:\/\/najnaj.eu\/sl\/#website"},"primaryImageOfPage":{"@id":"https:\/\/najnaj.eu\/sl\/izdelek\/skatla-za-prigrizke-citron-tritan-vesoljska-ladja-dusty-blue-2-2\/#primaryimage"},"image":{"@id":"https:\/\/najnaj.eu\/sl\/izdelek\/skatla-za-prigrizke-citron-tritan-vesoljska-ladja-dusty-blue-2-2\/#primaryimage"},"thumbnailUrl":"https:\/\/najnaj.eu\/wp-content\/uploads\/2025\/01\/2022_Snackbox_Tritan_Cherry-1.jpg","datePublished":"2025-01-23T13:30:06+00:00","dateModified":"2025-06-23T12:43:20+00:00","breadcrumb":{"@id":"https:\/\/najnaj.eu\/sl\/izdelek\/skatla-za-prigrizke-citron-tritan-vesoljska-ladja-dusty-blue-2-2\/#breadcrumb"},"inLanguage":"sl-SI","potentialAction":[{"@type":"ReadAction","target":["https:\/\/najnaj.eu\/sl\/izdelek\/skatla-za-prigrizke-citron-tritan-vesoljska-ladja-dusty-blue-2-2\/"]}]},{"@type":"ImageObject","inLanguage":"sl-SI","@id":"https:\/\/najnaj.eu\/sl\/izdelek\/skatla-za-prigrizke-citron-tritan-vesoljska-ladja-dusty-blue-2-2\/#primaryimage","url":"https:\/\/najnaj.eu\/wp-content\/uploads\/2025\/01\/2022_Snackbox_Tritan_Cherry-1.jpg","contentUrl":"https:\/\/najnaj.eu\/wp-content\/uploads\/2025\/01\/2022_Snackbox_Tritan_Cherry-1.jpg","width":2000,"height":2000},{"@type":"BreadcrumbList","@id":"https:\/\/najnaj.eu\/sl\/izdelek\/skatla-za-prigrizke-citron-tritan-vesoljska-ladja-dusty-blue-2-2\/#breadcrumb","itemListElement":[{"@type":"ListItem","position":1,"name":"Po\u010detna stranica","item":"https:\/\/najnaj.eu\/sl\/prednja-stran\/"},{"@type":"ListItem","position":2,"name":"Shop","item":"https:\/\/najnaj.eu\/sl\/shop\/"},{"@type":"ListItem","position":3,"name":"\u0160katla za prigrizke Citron Tritan Cherry"}]},{"@type":"WebSite","@id":"https:\/\/najnaj.eu\/sl\/#website","url":"https:\/\/najnaj.eu\/sl\/","name":"NajNaj.eu","description":"Za najva\u017enije!","publisher":{"@id":"https:\/\/najnaj.eu\/sl\/#organization"},"potentialAction":[{"@type":"SearchAction","target":{"@type":"EntryPoint","urlTemplate":"https:\/\/najnaj.eu\/sl\/?s={search_term_string}"},"query-input":{"@type":"PropertyValueSpecification","valueRequired":true,"valueName":"search_term_string"}}],"inLanguage":"sl-SI"},{"@type":"Organization","@id":"https:\/\/najnaj.eu\/sl\/#organization","name":"NajNaj.eu","url":"https:\/\/najnaj.eu\/sl\/","logo":{"@type":"ImageObject","inLanguage":"sl-SI","@id":"https:\/\/najnaj.eu\/sl\/#\/schema\/logo\/image\/","url":"https:\/\/najnaj.eu\/wp-content\/uploads\/2023\/09\/logo_Najnaj_2023.svg","contentUrl":"https:\/\/najnaj.eu\/wp-content\/uploads\/2023\/09\/logo_Najnaj_2023.svg","width":501,"height":278,"caption":"NajNaj.eu"},"image":{"@id":"https:\/\/najnaj.eu\/sl\/#\/schema\/logo\/image\/"},"sameAs":["https:\/\/web.facebook.com\/najnaj.eu\/","https:\/\/www.instagram.com\/najnaj.eu\/","https:\/\/www.tiktok.com\/@najnaj.eu"]}]},"product_brand":"Citron","product_price_amount":"27.99","product_price_currency":"EUR","og_availability":"instock","product_availability":"instock","product_retailer_item_id":"2022_Snackbox_Tritan_Cherry","product_condition":"new"},"_links":{"self":[{"href":"https:\/\/najnaj.eu\/sl\/wp-json\/wp\/v2\/product\/236046","targetHints":{"allow":["GET"]}}],"collection":[{"href":"https:\/\/najnaj.eu\/sl\/wp-json\/wp\/v2\/product"}],"about":[{"href":"https:\/\/najnaj.eu\/sl\/wp-json\/wp\/v2\/types\/product"}],"replies":[{"embeddable":true,"href":"https:\/\/najnaj.eu\/sl\/wp-json\/wp\/v2\/comments?post=236046"}],"version-history":[{"count":0,"href":"https:\/\/najnaj.eu\/sl\/wp-json\/wp\/v2\/product\/236046\/revisions"}],"wp:featuredmedia":[{"embeddable":true,"href":"https:\/\/najnaj.eu\/sl\/wp-json\/wp\/v2\/media\/236053"}],"wp:attachment":[{"href":"https:\/\/najnaj.eu\/sl\/wp-json\/wp\/v2\/media?parent=236046"}],"wp:term":[{"taxonomy":"product_brand","embeddable":true,"href":"https:\/\/najnaj.eu\/sl\/wp-json\/wp\/v2\/product_brand?post=236046"},{"taxonomy":"product_cat","embeddable":true,"href":"https:\/\/najnaj.eu\/sl\/wp-json\/wp\/v2\/product_cat?post=236046"},{"taxonomy":"product_tag","embeddable":true,"href":"https:\/\/najnaj.eu\/sl\/wp-json\/wp\/v2\/product_tag?post=236046"}],"curies":[{"name":"wp","href":"https:\/\/api.w.org\/{rel}","templated":true}]}}