{"id":235974,"date":"2025-01-23T14:08:27","date_gmt":"2025-01-23T13:08:27","guid":{"rendered":"https:\/\/najnaj.eu\/?post_type=product&#038;p=235974"},"modified":"2025-06-23T14:43:31","modified_gmt":"2025-06-23T12:43:31","slug":"citron-250ml-steklenica-za-vodo-limona-2","status":"publish","type":"product","link":"https:\/\/najnaj.eu\/sl\/izdelek\/citron-250ml-steklenica-za-vodo-limona-2\/","title":{"rendered":"Steklenica za vodo Citron 500ml Balerina"},"content":{"rendered":"<p>+Vakuumsko izolirana s trojno steno za ohranjanje temperature pija\u010de<br \/>\n +Teko\u010dine ostanejo tople 12 ur in hladne 24 ur<br \/>\n +Ohrani va\u0161o torbo za kosilo suho in \u010disto z neprepustno zadrgo<br \/>\n +Ostane suha in hladna na zunanji strani, ne glede na to, kako vro\u010da ali hladna je njena vsebina<br \/>\n +Prilo\u017eena sta 1 silikonska za\u0161\u010dita in 2 pokrov\u010dka<br \/>\n +Izdelano iz nerjave\u010dega jekla \u017eivilske kakovosti 304 za dolgotrajno uporabo<br \/>\n +Zasnovano iz trajnostnih materialov<br \/>\n +Izdelano iz nestrupenih materialov (brez BPA, ftalatov in svinca)<br \/>\n + QR tehnologija za enostavno iskanje<\/p>\n<p>&nbsp;<\/p>\n<p><img loading=\"lazy\" decoding=\"async\" class=\"aligncenter wp-image-236006 size-large\" src=\"https:\/\/najnaj.eu\/wp-content\/uploads\/2025\/01\/2023_wb_500_Ballerina-8-HR-1024x1024.jpg\" alt=\"\" width=\"980\" height=\"980\" srcset=\"https:\/\/najnaj.eu\/wp-content\/uploads\/2025\/01\/2023_wb_500_Ballerina-8-HR-1024x1024.jpg 1024w, https:\/\/najnaj.eu\/wp-content\/uploads\/2025\/01\/2023_wb_500_Ballerina-8-HR-324x324.jpg 324w, https:\/\/najnaj.eu\/wp-content\/uploads\/2025\/01\/2023_wb_500_Ballerina-8-HR-100x100.jpg 100w, https:\/\/najnaj.eu\/wp-content\/uploads\/2025\/01\/2023_wb_500_Ballerina-8-HR-1200x1200.jpg 1200w, https:\/\/najnaj.eu\/wp-content\/uploads\/2025\/01\/2023_wb_500_Ballerina-8-HR-300x300.jpg 300w, https:\/\/najnaj.eu\/wp-content\/uploads\/2025\/01\/2023_wb_500_Ballerina-8-HR-150x150.jpg 150w, https:\/\/najnaj.eu\/wp-content\/uploads\/2025\/01\/2023_wb_500_Ballerina-8-HR-768x768.jpg 768w, https:\/\/najnaj.eu\/wp-content\/uploads\/2025\/01\/2023_wb_500_Ballerina-8-HR-1536x1536.jpg 1536w, https:\/\/najnaj.eu\/wp-content\/uploads\/2025\/01\/2023_wb_500_Ballerina-8-HR-1440x1440.jpg 1440w, https:\/\/najnaj.eu\/wp-content\/uploads\/2025\/01\/2023_wb_500_Ballerina-8-HR-420x420.jpg 420w, https:\/\/najnaj.eu\/wp-content\/uploads\/2025\/01\/2023_wb_500_Ballerina-8-HR-50x50.jpg 50w, https:\/\/najnaj.eu\/wp-content\/uploads\/2025\/01\/2023_wb_500_Ballerina-8-HR.jpg 2048w\" sizes=\"auto, (max-width: 980px) 100vw, 980px\" \/><\/p>\n","protected":false},"excerpt":{"rendered":"<p>Veliki otroci, najstniki in odrasli bodo navdu\u0161eni nad funkcijami na\u0161e 500 ml izolirane steklenice za vodo. Od \u0161iroke odprtine za enostavno pitje do oprijema, ki ne povzro\u010da znoja, odporne proti udarcem in vzdr\u017eljivosti z odbija\u010dem ter trojno izolirane termi\u010dne tehnologije, ki ohranja teko\u010dine tople do 12 ur in hladne do 24 ur \u2013 ne glede na to, kam jo postavite!<\/p>\n","protected":false},"featured_media":247592,"comment_status":"open","ping_status":"closed","template":"","meta":{"_acf_changed":false,"footnotes":""},"product_brand":[],"product_cat":[2228,1275,1312],"product_tag":[2349,2282],"class_list":{"0":"post-235974","1":"product","2":"type-product","3":"status-publish","4":"has-post-thumbnail","6":"product_cat-darila","7":"product_cat-posoda","8":"product_cat-steklenice-za-vodo","9":"product_tag-personalizirani-proizvodi","10":"product_tag-zima-sl","11":"pa_boja-bez-sl","12":"pa_boja-roza-sl","13":"pa_brand-citron-sl","14":"pa_vrsta-posuda-steklenice-za-vodo","15":"pa_vrsta-posuda-termo-steklenice","17":"first","18":"instock","19":"shipping-taxable","20":"purchasable","21":"product-type-simple"},"bundled_by":[],"bundle_stock_status":"instock","bundle_stock_quantity":15,"bundle_virtual":false,"bundle_layout":"","bundle_add_to_cart_form_location":"","bundle_editable_in_cart":false,"bundle_sold_individually_context":"","bundle_item_grouping":"","bundle_min_size":"","bundle_max_size":"","bundle_price":[],"bundled_items":[],"bundle_sell_ids":[],"acf":[],"yoast_head":"<!-- This site is optimized with the Yoast SEO Premium plugin v21.5 (Yoast SEO v27.4) - https:\/\/yoast.com\/product\/yoast-seo-premium-wordpress\/ -->\n<title>Steklenica za vodo Citron 500ml Balerina - NajNaj.eu<\/title>\n<meta name=\"robots\" content=\"index, follow, max-snippet:-1, max-image-preview:large, max-video-preview:-1\" \/>\n<link rel=\"canonical\" href=\"https:\/\/najnaj.eu\/sl\/izdelek\/citron-250ml-steklenica-za-vodo-limona-2\/\" \/>\n<meta property=\"og:locale\" content=\"sl_SI\" \/>\n<meta property=\"og:type\" content=\"article\" \/>\n<meta property=\"og:title\" content=\"Steklenica za vodo Citron 500ml Balerina\" \/>\n<meta property=\"og:description\" content=\"Veliki otroci, najstniki in odrasli bodo navdu\u0161eni nad funkcijami na\u0161e 500 ml izolirane steklenice za vodo. Od \u0161iroke odprtine za enostavno pitje do oprijema, ki ne povzro\u010da znoja, odporne proti udarcem in vzdr\u017eljivosti z odbija\u010dem ter trojno izolirane termi\u010dne tehnologije, ki ohranja teko\u010dine tople do 12 ur in hladne do 24 ur \u2013 ne glede na to, kam jo postavite!\" \/>\n<meta property=\"og:url\" content=\"https:\/\/najnaj.eu\/sl\/izdelek\/citron-250ml-steklenica-za-vodo-limona-2\/\" \/>\n<meta property=\"og:site_name\" content=\"NajNaj.eu\" \/>\n<meta property=\"article:publisher\" content=\"https:\/\/web.facebook.com\/najnaj.eu\/\" \/>\n<meta property=\"article:modified_time\" content=\"2025-06-23T12:43:31+00:00\" \/>\n<meta property=\"og:image\" content=\"https:\/\/najnaj.eu\/wp-content\/uploads\/2025\/01\/2023_wb_500_Ballerina.jpg\" \/>\n\t<meta property=\"og:image:width\" content=\"2000\" \/>\n\t<meta property=\"og:image:height\" content=\"2000\" \/>\n\t<meta property=\"og:image:type\" content=\"image\/jpeg\" \/>\n<meta name=\"twitter:card\" content=\"summary_large_image\" \/>\n<meta name=\"twitter:label1\" content=\"Price\" \/>\n\t<meta name=\"twitter:data1\" content=\"36,99&nbsp;&euro;\" \/>\n\t<meta name=\"twitter:label2\" content=\"Availability\" \/>\n\t<meta name=\"twitter:data2\" content=\"In stock\" \/>\n<script type=\"application\/ld+json\" class=\"yoast-schema-graph\">{\"@context\":\"https:\\\/\\\/schema.org\",\"@graph\":[{\"@type\":\"WebPage\",\"@id\":\"https:\\\/\\\/najnaj.eu\\\/sl\\\/izdelek\\\/citron-250ml-steklenica-za-vodo-limona-2\\\/\",\"url\":\"https:\\\/\\\/najnaj.eu\\\/sl\\\/izdelek\\\/citron-250ml-steklenica-za-vodo-limona-2\\\/\",\"name\":\"Steklenica za vodo Citron 500ml Balerina - NajNaj.eu\",\"isPartOf\":{\"@id\":\"https:\\\/\\\/najnaj.eu\\\/sl\\\/#website\"},\"primaryImageOfPage\":{\"@id\":\"https:\\\/\\\/najnaj.eu\\\/sl\\\/izdelek\\\/citron-250ml-steklenica-za-vodo-limona-2\\\/#primaryimage\"},\"image\":{\"@id\":\"https:\\\/\\\/najnaj.eu\\\/sl\\\/izdelek\\\/citron-250ml-steklenica-za-vodo-limona-2\\\/#primaryimage\"},\"thumbnailUrl\":\"https:\\\/\\\/najnaj.eu\\\/wp-content\\\/uploads\\\/2025\\\/01\\\/2023_wb_500_Ballerina.jpg\",\"datePublished\":\"2025-01-23T13:08:27+00:00\",\"dateModified\":\"2025-06-23T12:43:31+00:00\",\"breadcrumb\":{\"@id\":\"https:\\\/\\\/najnaj.eu\\\/sl\\\/izdelek\\\/citron-250ml-steklenica-za-vodo-limona-2\\\/#breadcrumb\"},\"inLanguage\":\"sl-SI\",\"potentialAction\":[{\"@type\":\"ReadAction\",\"target\":[\"https:\\\/\\\/najnaj.eu\\\/sl\\\/izdelek\\\/citron-250ml-steklenica-za-vodo-limona-2\\\/\"]}]},{\"@type\":\"ImageObject\",\"inLanguage\":\"sl-SI\",\"@id\":\"https:\\\/\\\/najnaj.eu\\\/sl\\\/izdelek\\\/citron-250ml-steklenica-za-vodo-limona-2\\\/#primaryimage\",\"url\":\"https:\\\/\\\/najnaj.eu\\\/wp-content\\\/uploads\\\/2025\\\/01\\\/2023_wb_500_Ballerina.jpg\",\"contentUrl\":\"https:\\\/\\\/najnaj.eu\\\/wp-content\\\/uploads\\\/2025\\\/01\\\/2023_wb_500_Ballerina.jpg\",\"width\":2000,\"height\":2000},{\"@type\":\"BreadcrumbList\",\"@id\":\"https:\\\/\\\/najnaj.eu\\\/sl\\\/izdelek\\\/citron-250ml-steklenica-za-vodo-limona-2\\\/#breadcrumb\",\"itemListElement\":[{\"@type\":\"ListItem\",\"position\":1,\"name\":\"Po\u010detna stranica\",\"item\":\"https:\\\/\\\/najnaj.eu\\\/sl\\\/prednja-stran\\\/\"},{\"@type\":\"ListItem\",\"position\":2,\"name\":\"Shop\",\"item\":\"https:\\\/\\\/najnaj.eu\\\/sl\\\/shop\\\/\"},{\"@type\":\"ListItem\",\"position\":3,\"name\":\"Steklenica za vodo Citron 500ml Balerina\"}]},{\"@type\":\"WebSite\",\"@id\":\"https:\\\/\\\/najnaj.eu\\\/sl\\\/#website\",\"url\":\"https:\\\/\\\/najnaj.eu\\\/sl\\\/\",\"name\":\"NajNaj.eu\",\"description\":\"Za najva\u017enije!\",\"publisher\":{\"@id\":\"https:\\\/\\\/najnaj.eu\\\/sl\\\/#organization\"},\"potentialAction\":[{\"@type\":\"SearchAction\",\"target\":{\"@type\":\"EntryPoint\",\"urlTemplate\":\"https:\\\/\\\/najnaj.eu\\\/sl\\\/?s={search_term_string}\"},\"query-input\":{\"@type\":\"PropertyValueSpecification\",\"valueRequired\":true,\"valueName\":\"search_term_string\"}}],\"inLanguage\":\"sl-SI\"},{\"@type\":\"Organization\",\"@id\":\"https:\\\/\\\/najnaj.eu\\\/sl\\\/#organization\",\"name\":\"NajNaj.eu\",\"url\":\"https:\\\/\\\/najnaj.eu\\\/sl\\\/\",\"logo\":{\"@type\":\"ImageObject\",\"inLanguage\":\"sl-SI\",\"@id\":\"https:\\\/\\\/najnaj.eu\\\/sl\\\/#\\\/schema\\\/logo\\\/image\\\/\",\"url\":\"https:\\\/\\\/najnaj.eu\\\/wp-content\\\/uploads\\\/2023\\\/09\\\/logo_Najnaj_2023.svg\",\"contentUrl\":\"https:\\\/\\\/najnaj.eu\\\/wp-content\\\/uploads\\\/2023\\\/09\\\/logo_Najnaj_2023.svg\",\"width\":501,\"height\":278,\"caption\":\"NajNaj.eu\"},\"image\":{\"@id\":\"https:\\\/\\\/najnaj.eu\\\/sl\\\/#\\\/schema\\\/logo\\\/image\\\/\"},\"sameAs\":[\"https:\\\/\\\/web.facebook.com\\\/najnaj.eu\\\/\",\"https:\\\/\\\/www.instagram.com\\\/najnaj.eu\\\/\",\"https:\\\/\\\/www.tiktok.com\\\/@najnaj.eu\"]}]}<\/script>\n<meta property=\"product:brand\" content=\"Citron\" \/>\n<meta property=\"product:price:amount\" content=\"36.99\" \/>\n<meta property=\"product:price:currency\" content=\"EUR\" \/>\n<meta property=\"og:availability\" content=\"instock\" \/>\n<meta property=\"product:availability\" content=\"instock\" \/>\n<meta property=\"product:retailer_item_id\" content=\"2023_wb_500_Ballerina\" \/>\n<meta property=\"product:condition\" content=\"new\" \/>\n<!-- \/ Yoast SEO Premium plugin. -->","yoast_head_json":{"title":"Steklenica za vodo Citron 500ml Balerina - NajNaj.eu","robots":{"index":"index","follow":"follow","max-snippet":"max-snippet:-1","max-image-preview":"max-image-preview:large","max-video-preview":"max-video-preview:-1"},"canonical":"https:\/\/najnaj.eu\/sl\/izdelek\/citron-250ml-steklenica-za-vodo-limona-2\/","og_locale":"sl_SI","og_type":"article","og_title":"Steklenica za vodo Citron 500ml Balerina","og_description":"Veliki otroci, najstniki in odrasli bodo navdu\u0161eni nad funkcijami na\u0161e 500 ml izolirane steklenice za vodo. Od \u0161iroke odprtine za enostavno pitje do oprijema, ki ne povzro\u010da znoja, odporne proti udarcem in vzdr\u017eljivosti z odbija\u010dem ter trojno izolirane termi\u010dne tehnologije, ki ohranja teko\u010dine tople do 12 ur in hladne do 24 ur \u2013 ne glede na to, kam jo postavite!","og_url":"https:\/\/najnaj.eu\/sl\/izdelek\/citron-250ml-steklenica-za-vodo-limona-2\/","og_site_name":"NajNaj.eu","article_publisher":"https:\/\/web.facebook.com\/najnaj.eu\/","article_modified_time":"2025-06-23T12:43:31+00:00","og_image":[{"width":2000,"height":2000,"url":"https:\/\/najnaj.eu\/wp-content\/uploads\/2025\/01\/2023_wb_500_Ballerina.jpg","type":"image\/jpeg"}],"twitter_card":"summary_large_image","twitter_misc":{"Price":"36,99&nbsp;&euro;","Availability":"In stock"},"schema":{"@context":"https:\/\/schema.org","@graph":[{"@type":"WebPage","@id":"https:\/\/najnaj.eu\/sl\/izdelek\/citron-250ml-steklenica-za-vodo-limona-2\/","url":"https:\/\/najnaj.eu\/sl\/izdelek\/citron-250ml-steklenica-za-vodo-limona-2\/","name":"Steklenica za vodo Citron 500ml Balerina - NajNaj.eu","isPartOf":{"@id":"https:\/\/najnaj.eu\/sl\/#website"},"primaryImageOfPage":{"@id":"https:\/\/najnaj.eu\/sl\/izdelek\/citron-250ml-steklenica-za-vodo-limona-2\/#primaryimage"},"image":{"@id":"https:\/\/najnaj.eu\/sl\/izdelek\/citron-250ml-steklenica-za-vodo-limona-2\/#primaryimage"},"thumbnailUrl":"https:\/\/najnaj.eu\/wp-content\/uploads\/2025\/01\/2023_wb_500_Ballerina.jpg","datePublished":"2025-01-23T13:08:27+00:00","dateModified":"2025-06-23T12:43:31+00:00","breadcrumb":{"@id":"https:\/\/najnaj.eu\/sl\/izdelek\/citron-250ml-steklenica-za-vodo-limona-2\/#breadcrumb"},"inLanguage":"sl-SI","potentialAction":[{"@type":"ReadAction","target":["https:\/\/najnaj.eu\/sl\/izdelek\/citron-250ml-steklenica-za-vodo-limona-2\/"]}]},{"@type":"ImageObject","inLanguage":"sl-SI","@id":"https:\/\/najnaj.eu\/sl\/izdelek\/citron-250ml-steklenica-za-vodo-limona-2\/#primaryimage","url":"https:\/\/najnaj.eu\/wp-content\/uploads\/2025\/01\/2023_wb_500_Ballerina.jpg","contentUrl":"https:\/\/najnaj.eu\/wp-content\/uploads\/2025\/01\/2023_wb_500_Ballerina.jpg","width":2000,"height":2000},{"@type":"BreadcrumbList","@id":"https:\/\/najnaj.eu\/sl\/izdelek\/citron-250ml-steklenica-za-vodo-limona-2\/#breadcrumb","itemListElement":[{"@type":"ListItem","position":1,"name":"Po\u010detna stranica","item":"https:\/\/najnaj.eu\/sl\/prednja-stran\/"},{"@type":"ListItem","position":2,"name":"Shop","item":"https:\/\/najnaj.eu\/sl\/shop\/"},{"@type":"ListItem","position":3,"name":"Steklenica za vodo Citron 500ml Balerina"}]},{"@type":"WebSite","@id":"https:\/\/najnaj.eu\/sl\/#website","url":"https:\/\/najnaj.eu\/sl\/","name":"NajNaj.eu","description":"Za najva\u017enije!","publisher":{"@id":"https:\/\/najnaj.eu\/sl\/#organization"},"potentialAction":[{"@type":"SearchAction","target":{"@type":"EntryPoint","urlTemplate":"https:\/\/najnaj.eu\/sl\/?s={search_term_string}"},"query-input":{"@type":"PropertyValueSpecification","valueRequired":true,"valueName":"search_term_string"}}],"inLanguage":"sl-SI"},{"@type":"Organization","@id":"https:\/\/najnaj.eu\/sl\/#organization","name":"NajNaj.eu","url":"https:\/\/najnaj.eu\/sl\/","logo":{"@type":"ImageObject","inLanguage":"sl-SI","@id":"https:\/\/najnaj.eu\/sl\/#\/schema\/logo\/image\/","url":"https:\/\/najnaj.eu\/wp-content\/uploads\/2023\/09\/logo_Najnaj_2023.svg","contentUrl":"https:\/\/najnaj.eu\/wp-content\/uploads\/2023\/09\/logo_Najnaj_2023.svg","width":501,"height":278,"caption":"NajNaj.eu"},"image":{"@id":"https:\/\/najnaj.eu\/sl\/#\/schema\/logo\/image\/"},"sameAs":["https:\/\/web.facebook.com\/najnaj.eu\/","https:\/\/www.instagram.com\/najnaj.eu\/","https:\/\/www.tiktok.com\/@najnaj.eu"]}]},"product_brand":"Citron","product_price_amount":"36.99","product_price_currency":"EUR","og_availability":"instock","product_availability":"instock","product_retailer_item_id":"2023_wb_500_Ballerina","product_condition":"new"},"_links":{"self":[{"href":"https:\/\/najnaj.eu\/sl\/wp-json\/wp\/v2\/product\/235974","targetHints":{"allow":["GET"]}}],"collection":[{"href":"https:\/\/najnaj.eu\/sl\/wp-json\/wp\/v2\/product"}],"about":[{"href":"https:\/\/najnaj.eu\/sl\/wp-json\/wp\/v2\/types\/product"}],"replies":[{"embeddable":true,"href":"https:\/\/najnaj.eu\/sl\/wp-json\/wp\/v2\/comments?post=235974"}],"version-history":[{"count":0,"href":"https:\/\/najnaj.eu\/sl\/wp-json\/wp\/v2\/product\/235974\/revisions"}],"wp:featuredmedia":[{"embeddable":true,"href":"https:\/\/najnaj.eu\/sl\/wp-json\/wp\/v2\/media\/247592"}],"wp:attachment":[{"href":"https:\/\/najnaj.eu\/sl\/wp-json\/wp\/v2\/media?parent=235974"}],"wp:term":[{"taxonomy":"product_brand","embeddable":true,"href":"https:\/\/najnaj.eu\/sl\/wp-json\/wp\/v2\/product_brand?post=235974"},{"taxonomy":"product_cat","embeddable":true,"href":"https:\/\/najnaj.eu\/sl\/wp-json\/wp\/v2\/product_cat?post=235974"},{"taxonomy":"product_tag","embeddable":true,"href":"https:\/\/najnaj.eu\/sl\/wp-json\/wp\/v2\/product_tag?post=235974"}],"curies":[{"name":"wp","href":"https:\/\/api.w.org\/{rel}","templated":true}]}}