{"id":216721,"date":"2024-09-19T11:53:06","date_gmt":"2024-09-19T09:53:06","guid":{"rendered":"https:\/\/najnaj.eu\/proizvod\/besafe-pojas-za-trudnice\/"},"modified":"2025-12-04T08:49:15","modified_gmt":"2025-12-04T07:49:15","slug":"besafe-pojas-za-trudnice","status":"publish","type":"product","link":"https:\/\/najnaj.eu\/sl\/izdelek\/besafe-pojas-za-trudnice\/","title":{"rendered":"BeSafe pas za nose\u010dnice"},"content":{"rendered":"<p><strong>BeSafe pas za nose\u010dnice &#8211; en pas, dve \u017eivljenji<\/strong><\/p>\n<p>Med nose\u010dnostjo vsakdo skrbi za varnost in dobro po\u010dutje nerojenega otroka. Mnogi se ne zavedajo, da lahko nepravilno pripet avtomobilski varnostni pas predstavlja nevarnost za nose\u010dnico in nerojenega otroka. Raziskava \u0161vedske zavarovalnice Folksam in fundacije Chalmers Industriteknik ka\u017ee, da se kar 4 od 10 nose\u010dnic nepravilno pripnejo z varnostnim pasom.<\/p>\n<p><strong>Pove\u010dana varnost za nerojenega otroka<\/strong><\/p>\n<p>V primeru trka odrasel \u010dlovek tehta od 3 do 5 ton. Dojen\u010dek je name\u0161\u010den spredaj v trebu\u0161\u010dku in je tako izpostavljen velikim obremenitvam. Za za\u0161\u010dito dojen\u010dka pred morebitnimi po\u0161kodbami z varnostnim pasom poskrbi BeSafe pas za nose\u010dnice, ki pravilno namesti medeni\u010dni del avtomobilskega pasu preko bokov nose\u010dnice. BeSafe pas za nose\u010dnice ne moti varnostne funkcije avtomobilskega pasu, ampak pomaga pri pravilni postavitvi medeni\u010dnega dela pasu za za\u0161\u010dito nerojenega otroka.<\/p>\n<p><strong>Udobje za bodo\u010do mamico<\/strong><\/p>\n<p>BeSafe pas za nose\u010dnice pove\u010da udobje bodo\u010de mamice z zmanj\u0161anjem neprijetnih pritiskov na trebuh in mehur med potovanjem. BeSafe pas za nose\u010dnice se lahko uporablja od drugega meseca nose\u010dnosti. Preizku\u0161en je v skladu z ECE R16.<\/p>\n","protected":false},"excerpt":{"rendered":"<ul>\n<li>Priporo\u010dljivo: od drugega meseca nose\u010dnosti<\/li>\n<li>Nastavitev: trak za namestitev<\/li>\n<li>Testirano v skladu z ECE R16.<\/li>\n<\/ul>\n<p>BeSafe pas za nose\u010dnice varuje mamo in nerojenega otroka v primeru nezgode in se priporo\u010da od drugega meseca nose\u010dnosti. Nose\u010dni\u0161ki pas je zasnovan tako, da dodatno izbolj\u0161a udobje in olaj\u0161a vsakodnevno uporabo. Enostavno se namesti s pomo\u010djo nastavljivega traku.<\/p>\n","protected":false},"featured_media":214397,"comment_status":"open","ping_status":"closed","template":"","meta":{"_acf_changed":false,"footnotes":""},"product_brand":[],"product_cat":[1341,1415,1401],"product_tag":[],"class_list":{"0":"post-216721","1":"product","2":"type-product","3":"status-publish","4":"has-post-thumbnail","6":"product_cat-dodatki-za-avtosedeze","7":"product_cat-pas-za-nosecnice","8":"product_cat-za-mamo","9":"pa_boja-crna-sl","10":"pa_brand-besafe-sl","12":"first","13":"instock","14":"shipping-taxable","15":"purchasable","16":"product-type-simple"},"bundled_by":[],"bundle_stock_status":"instock","bundle_stock_quantity":15,"bundle_virtual":false,"bundle_layout":"","bundle_add_to_cart_form_location":"","bundle_editable_in_cart":false,"bundle_sold_individually_context":"","bundle_item_grouping":"","bundle_min_size":"","bundle_max_size":"","bundle_price":[],"bundled_items":[],"bundle_sell_ids":[],"acf":[],"yoast_head":"<!-- This site is optimized with the Yoast SEO Premium plugin v21.5 (Yoast SEO v27.3) - https:\/\/yoast.com\/product\/yoast-seo-premium-wordpress\/ -->\n<title>BeSafe pas za nose\u010dnice - NajNaj.eu<\/title>\n<meta name=\"robots\" content=\"index, follow, max-snippet:-1, max-image-preview:large, max-video-preview:-1\" \/>\n<link rel=\"canonical\" href=\"https:\/\/najnaj.eu\/sl\/izdelek\/besafe-pojas-za-trudnice\/\" \/>\n<meta property=\"og:locale\" content=\"sl_SI\" \/>\n<meta property=\"og:type\" content=\"article\" \/>\n<meta property=\"og:title\" content=\"BeSafe pas za nose\u010dnice\" \/>\n<meta property=\"og:description\" content=\"Priporo\u010dljivo: od drugega meseca nose\u010dnosti  Nastavitev: trak za namestitev  Testirano v skladu z ECE R16.  BeSafe pas za nose\u010dnice varuje mamo in nerojenega otroka v primeru nezgode in se priporo\u010da od drugega meseca nose\u010dnosti. Nose\u010dni\u0161ki pas je zasnovan tako, da dodatno izbolj\u0161a udobje in olaj\u0161a vsakodnevno uporabo. Enostavno se namesti s pomo\u010djo nastavljivega traku.\" \/>\n<meta property=\"og:url\" content=\"https:\/\/najnaj.eu\/sl\/izdelek\/besafe-pojas-za-trudnice\/\" \/>\n<meta property=\"og:site_name\" content=\"NajNaj.eu\" \/>\n<meta property=\"article:publisher\" content=\"https:\/\/web.facebook.com\/najnaj.eu\/\" \/>\n<meta property=\"article:modified_time\" content=\"2025-12-04T07:49:15+00:00\" \/>\n<meta property=\"og:image\" content=\"https:\/\/najnaj.eu\/wp-content\/uploads\/2024\/09\/10010122_BeSafe_Pregnant.jpg\" \/>\n\t<meta property=\"og:image:width\" content=\"2400\" \/>\n\t<meta property=\"og:image:height\" content=\"1761\" \/>\n\t<meta property=\"og:image:type\" content=\"image\/jpeg\" \/>\n<meta name=\"twitter:card\" content=\"summary_large_image\" \/>\n<meta name=\"twitter:label1\" content=\"Price\" \/>\n\t<meta name=\"twitter:data1\" content=\"39,99&nbsp;&euro;\" \/>\n\t<meta name=\"twitter:label2\" content=\"Availability\" \/>\n\t<meta name=\"twitter:data2\" content=\"In stock\" \/>\n<script type=\"application\/ld+json\" class=\"yoast-schema-graph\">{\"@context\":\"https:\\\/\\\/schema.org\",\"@graph\":[{\"@type\":\"WebPage\",\"@id\":\"https:\\\/\\\/najnaj.eu\\\/sl\\\/izdelek\\\/besafe-pojas-za-trudnice\\\/\",\"url\":\"https:\\\/\\\/najnaj.eu\\\/sl\\\/izdelek\\\/besafe-pojas-za-trudnice\\\/\",\"name\":\"BeSafe pas za nose\u010dnice - NajNaj.eu\",\"isPartOf\":{\"@id\":\"https:\\\/\\\/najnaj.eu\\\/sl\\\/#website\"},\"primaryImageOfPage\":{\"@id\":\"https:\\\/\\\/najnaj.eu\\\/sl\\\/izdelek\\\/besafe-pojas-za-trudnice\\\/#primaryimage\"},\"image\":{\"@id\":\"https:\\\/\\\/najnaj.eu\\\/sl\\\/izdelek\\\/besafe-pojas-za-trudnice\\\/#primaryimage\"},\"thumbnailUrl\":\"https:\\\/\\\/najnaj.eu\\\/wp-content\\\/uploads\\\/2024\\\/09\\\/10010122_BeSafe_Pregnant.jpg\",\"datePublished\":\"2024-09-19T09:53:06+00:00\",\"dateModified\":\"2025-12-04T07:49:15+00:00\",\"breadcrumb\":{\"@id\":\"https:\\\/\\\/najnaj.eu\\\/sl\\\/izdelek\\\/besafe-pojas-za-trudnice\\\/#breadcrumb\"},\"inLanguage\":\"sl-SI\",\"potentialAction\":[{\"@type\":\"ReadAction\",\"target\":[\"https:\\\/\\\/najnaj.eu\\\/sl\\\/izdelek\\\/besafe-pojas-za-trudnice\\\/\"]}]},{\"@type\":\"ImageObject\",\"inLanguage\":\"sl-SI\",\"@id\":\"https:\\\/\\\/najnaj.eu\\\/sl\\\/izdelek\\\/besafe-pojas-za-trudnice\\\/#primaryimage\",\"url\":\"https:\\\/\\\/najnaj.eu\\\/wp-content\\\/uploads\\\/2024\\\/09\\\/10010122_BeSafe_Pregnant.jpg\",\"contentUrl\":\"https:\\\/\\\/najnaj.eu\\\/wp-content\\\/uploads\\\/2024\\\/09\\\/10010122_BeSafe_Pregnant.jpg\",\"width\":2400,\"height\":1761},{\"@type\":\"BreadcrumbList\",\"@id\":\"https:\\\/\\\/najnaj.eu\\\/sl\\\/izdelek\\\/besafe-pojas-za-trudnice\\\/#breadcrumb\",\"itemListElement\":[{\"@type\":\"ListItem\",\"position\":1,\"name\":\"Po\u010detna stranica\",\"item\":\"https:\\\/\\\/najnaj.eu\\\/sl\\\/prednja-stran\\\/\"},{\"@type\":\"ListItem\",\"position\":2,\"name\":\"Shop\",\"item\":\"https:\\\/\\\/najnaj.eu\\\/sl\\\/shop\\\/\"},{\"@type\":\"ListItem\",\"position\":3,\"name\":\"BeSafe pas za nose\u010dnice\"}]},{\"@type\":\"WebSite\",\"@id\":\"https:\\\/\\\/najnaj.eu\\\/sl\\\/#website\",\"url\":\"https:\\\/\\\/najnaj.eu\\\/sl\\\/\",\"name\":\"NajNaj.eu\",\"description\":\"Za najva\u017enije!\",\"publisher\":{\"@id\":\"https:\\\/\\\/najnaj.eu\\\/sl\\\/#organization\"},\"potentialAction\":[{\"@type\":\"SearchAction\",\"target\":{\"@type\":\"EntryPoint\",\"urlTemplate\":\"https:\\\/\\\/najnaj.eu\\\/sl\\\/?s={search_term_string}\"},\"query-input\":{\"@type\":\"PropertyValueSpecification\",\"valueRequired\":true,\"valueName\":\"search_term_string\"}}],\"inLanguage\":\"sl-SI\"},{\"@type\":\"Organization\",\"@id\":\"https:\\\/\\\/najnaj.eu\\\/sl\\\/#organization\",\"name\":\"NajNaj.eu\",\"url\":\"https:\\\/\\\/najnaj.eu\\\/sl\\\/\",\"logo\":{\"@type\":\"ImageObject\",\"inLanguage\":\"sl-SI\",\"@id\":\"https:\\\/\\\/najnaj.eu\\\/sl\\\/#\\\/schema\\\/logo\\\/image\\\/\",\"url\":\"https:\\\/\\\/najnaj.eu\\\/wp-content\\\/uploads\\\/2023\\\/09\\\/logo_Najnaj_2023.svg\",\"contentUrl\":\"https:\\\/\\\/najnaj.eu\\\/wp-content\\\/uploads\\\/2023\\\/09\\\/logo_Najnaj_2023.svg\",\"width\":501,\"height\":278,\"caption\":\"NajNaj.eu\"},\"image\":{\"@id\":\"https:\\\/\\\/najnaj.eu\\\/sl\\\/#\\\/schema\\\/logo\\\/image\\\/\"},\"sameAs\":[\"https:\\\/\\\/web.facebook.com\\\/najnaj.eu\\\/\",\"https:\\\/\\\/www.instagram.com\\\/najnaj.eu\\\/\",\"https:\\\/\\\/www.tiktok.com\\\/@najnaj.eu\"]}]}<\/script>\n<meta property=\"product:brand\" content=\"BeSafe\" \/>\n<meta property=\"product:price:amount\" content=\"39.99\" \/>\n<meta property=\"product:price:currency\" content=\"EUR\" \/>\n<meta property=\"og:availability\" content=\"instock\" \/>\n<meta property=\"product:availability\" content=\"instock\" \/>\n<meta property=\"product:retailer_item_id\" content=\"10010122-Black-Std\" \/>\n<meta property=\"product:condition\" content=\"new\" \/>\n<!-- \/ Yoast SEO Premium plugin. -->","yoast_head_json":{"title":"BeSafe pas za nose\u010dnice - NajNaj.eu","robots":{"index":"index","follow":"follow","max-snippet":"max-snippet:-1","max-image-preview":"max-image-preview:large","max-video-preview":"max-video-preview:-1"},"canonical":"https:\/\/najnaj.eu\/sl\/izdelek\/besafe-pojas-za-trudnice\/","og_locale":"sl_SI","og_type":"article","og_title":"BeSafe pas za nose\u010dnice","og_description":"Priporo\u010dljivo: od drugega meseca nose\u010dnosti  Nastavitev: trak za namestitev  Testirano v skladu z ECE R16.  BeSafe pas za nose\u010dnice varuje mamo in nerojenega otroka v primeru nezgode in se priporo\u010da od drugega meseca nose\u010dnosti. Nose\u010dni\u0161ki pas je zasnovan tako, da dodatno izbolj\u0161a udobje in olaj\u0161a vsakodnevno uporabo. Enostavno se namesti s pomo\u010djo nastavljivega traku.","og_url":"https:\/\/najnaj.eu\/sl\/izdelek\/besafe-pojas-za-trudnice\/","og_site_name":"NajNaj.eu","article_publisher":"https:\/\/web.facebook.com\/najnaj.eu\/","article_modified_time":"2025-12-04T07:49:15+00:00","og_image":[{"width":2400,"height":1761,"url":"https:\/\/najnaj.eu\/wp-content\/uploads\/2024\/09\/10010122_BeSafe_Pregnant.jpg","type":"image\/jpeg"}],"twitter_card":"summary_large_image","twitter_misc":{"Price":"39,99&nbsp;&euro;","Availability":"In stock"},"schema":{"@context":"https:\/\/schema.org","@graph":[{"@type":"WebPage","@id":"https:\/\/najnaj.eu\/sl\/izdelek\/besafe-pojas-za-trudnice\/","url":"https:\/\/najnaj.eu\/sl\/izdelek\/besafe-pojas-za-trudnice\/","name":"BeSafe pas za nose\u010dnice - NajNaj.eu","isPartOf":{"@id":"https:\/\/najnaj.eu\/sl\/#website"},"primaryImageOfPage":{"@id":"https:\/\/najnaj.eu\/sl\/izdelek\/besafe-pojas-za-trudnice\/#primaryimage"},"image":{"@id":"https:\/\/najnaj.eu\/sl\/izdelek\/besafe-pojas-za-trudnice\/#primaryimage"},"thumbnailUrl":"https:\/\/najnaj.eu\/wp-content\/uploads\/2024\/09\/10010122_BeSafe_Pregnant.jpg","datePublished":"2024-09-19T09:53:06+00:00","dateModified":"2025-12-04T07:49:15+00:00","breadcrumb":{"@id":"https:\/\/najnaj.eu\/sl\/izdelek\/besafe-pojas-za-trudnice\/#breadcrumb"},"inLanguage":"sl-SI","potentialAction":[{"@type":"ReadAction","target":["https:\/\/najnaj.eu\/sl\/izdelek\/besafe-pojas-za-trudnice\/"]}]},{"@type":"ImageObject","inLanguage":"sl-SI","@id":"https:\/\/najnaj.eu\/sl\/izdelek\/besafe-pojas-za-trudnice\/#primaryimage","url":"https:\/\/najnaj.eu\/wp-content\/uploads\/2024\/09\/10010122_BeSafe_Pregnant.jpg","contentUrl":"https:\/\/najnaj.eu\/wp-content\/uploads\/2024\/09\/10010122_BeSafe_Pregnant.jpg","width":2400,"height":1761},{"@type":"BreadcrumbList","@id":"https:\/\/najnaj.eu\/sl\/izdelek\/besafe-pojas-za-trudnice\/#breadcrumb","itemListElement":[{"@type":"ListItem","position":1,"name":"Po\u010detna stranica","item":"https:\/\/najnaj.eu\/sl\/prednja-stran\/"},{"@type":"ListItem","position":2,"name":"Shop","item":"https:\/\/najnaj.eu\/sl\/shop\/"},{"@type":"ListItem","position":3,"name":"BeSafe pas za nose\u010dnice"}]},{"@type":"WebSite","@id":"https:\/\/najnaj.eu\/sl\/#website","url":"https:\/\/najnaj.eu\/sl\/","name":"NajNaj.eu","description":"Za najva\u017enije!","publisher":{"@id":"https:\/\/najnaj.eu\/sl\/#organization"},"potentialAction":[{"@type":"SearchAction","target":{"@type":"EntryPoint","urlTemplate":"https:\/\/najnaj.eu\/sl\/?s={search_term_string}"},"query-input":{"@type":"PropertyValueSpecification","valueRequired":true,"valueName":"search_term_string"}}],"inLanguage":"sl-SI"},{"@type":"Organization","@id":"https:\/\/najnaj.eu\/sl\/#organization","name":"NajNaj.eu","url":"https:\/\/najnaj.eu\/sl\/","logo":{"@type":"ImageObject","inLanguage":"sl-SI","@id":"https:\/\/najnaj.eu\/sl\/#\/schema\/logo\/image\/","url":"https:\/\/najnaj.eu\/wp-content\/uploads\/2023\/09\/logo_Najnaj_2023.svg","contentUrl":"https:\/\/najnaj.eu\/wp-content\/uploads\/2023\/09\/logo_Najnaj_2023.svg","width":501,"height":278,"caption":"NajNaj.eu"},"image":{"@id":"https:\/\/najnaj.eu\/sl\/#\/schema\/logo\/image\/"},"sameAs":["https:\/\/web.facebook.com\/najnaj.eu\/","https:\/\/www.instagram.com\/najnaj.eu\/","https:\/\/www.tiktok.com\/@najnaj.eu"]}]},"product_brand":"BeSafe","product_price_amount":"39.99","product_price_currency":"EUR","og_availability":"instock","product_availability":"instock","product_retailer_item_id":"10010122-Black-Std","product_condition":"new"},"_links":{"self":[{"href":"https:\/\/najnaj.eu\/sl\/wp-json\/wp\/v2\/product\/216721","targetHints":{"allow":["GET"]}}],"collection":[{"href":"https:\/\/najnaj.eu\/sl\/wp-json\/wp\/v2\/product"}],"about":[{"href":"https:\/\/najnaj.eu\/sl\/wp-json\/wp\/v2\/types\/product"}],"replies":[{"embeddable":true,"href":"https:\/\/najnaj.eu\/sl\/wp-json\/wp\/v2\/comments?post=216721"}],"version-history":[{"count":0,"href":"https:\/\/najnaj.eu\/sl\/wp-json\/wp\/v2\/product\/216721\/revisions"}],"wp:featuredmedia":[{"embeddable":true,"href":"https:\/\/najnaj.eu\/sl\/wp-json\/wp\/v2\/media\/214397"}],"wp:attachment":[{"href":"https:\/\/najnaj.eu\/sl\/wp-json\/wp\/v2\/media?parent=216721"}],"wp:term":[{"taxonomy":"product_brand","embeddable":true,"href":"https:\/\/najnaj.eu\/sl\/wp-json\/wp\/v2\/product_brand?post=216721"},{"taxonomy":"product_cat","embeddable":true,"href":"https:\/\/najnaj.eu\/sl\/wp-json\/wp\/v2\/product_cat?post=216721"},{"taxonomy":"product_tag","embeddable":true,"href":"https:\/\/najnaj.eu\/sl\/wp-json\/wp\/v2\/product_tag?post=216721"}],"curies":[{"name":"wp","href":"https:\/\/api.w.org\/{rel}","templated":true}]}}