{"id":216249,"date":"2024-10-09T12:12:49","date_gmt":"2024-10-09T10:12:49","guid":{"rendered":"https:\/\/najnaj.eu\/?post_type=product&#038;p=216249"},"modified":"2026-03-21T21:06:51","modified_gmt":"2026-03-21T20:06:51","slug":"b-box-2u1-prijanjajuci-tanjur-sage","status":"publish","type":"product","link":"https:\/\/najnaj.eu\/sl\/izdelek\/b-box-2u1-prijanjajuci-tanjur-sage\/","title":{"rendered":"b.box 2u1 prijanjaju\u0107i tanjur Sage"},"content":{"rendered":"<p>Prilagodljiv pribor za blagovanje va\u0161eg djeteta od prvih poku\u0161aja do samostalnog jedenja. Njegova jaka silikonska vakuumska baza \u010dvrsto prijanja na glatke povr\u0161ine za obroke bez nereda, a pritom se lako u\u010dvr\u0161\u0107uje i osloba\u0111a. Podesiva pregrada slu\u017ei za kontrolu porcija i odvajanje hrane za izbirljive ru\u010dice, dok rub pregrada i zakrivljene stranice poti\u010du samostalno hranjenje s manje nereda. Mo\u017ee se pretvoriti u standardni tanjur za stariju djecu, idealan je i za tople i za hladne obroke. Izra\u0111en od izdr\u017eljivog PP-a i silikona, mo\u017ee se prati u mikrovalnoj pe\u0107nici i perilici posu\u0111a (samo na gornjoj re\u0161etki) za jednostavno \u010di\u0161\u0107enje i bez neugodnih tvari poput BPA, PVC-a i ftalata.<\/p>\n<p>Za najbolje prijanjanje pritisnite sredi\u0161te razdjelnika na \u010distu, glatku povr\u0161inu. Kada koristite bez razdjelnika, gurnite vanjski rub tanjura. Ako tanjur ne prijanja dobro (\u0161to se mo\u017ee dogoditi na negraltkim povr\u0161inama), lagano navla\u017eite povr\u0161inu za ja\u010de lijepljenje. Imajte na umu: ako je povr\u0161ina mokra, plo\u010da mo\u017ee skliznuti i kliziti po povr\u0161ini. Grube, izgrebane ili teksturirane povr\u0161ine smanjuju u\u010dinkovitost prijanjaju\u0107e baze ili \u010dak mogu onemogu\u0107iti njezin rad.<\/p>\n","protected":false},"excerpt":{"rendered":"<p>Prijanjaju\u0107i 2u1 tanjur heroj je u prilagodbi za vrijeme obroka! Dizajniran da se prilago\u0111ava potrebama va\u0161eg djeteta, ovaj je tanjur prikladan od prvog hranjenja do samostalnog jedenja.<br \/>\n-&gt; Sna\u017eno silikonsko prijanjanje koje traje \u2013 pritisnite sredi\u0161te kako bi se zalijepio, a povucite jezi\u010dak za uklanjanje<br \/>\n-&gt; Uklonjiva pregrada i usisna baza za svestranu upotrebu<br \/>\n-&gt; 3 podijeljena odjeljka &#8211; idealno za porcioniranje hrane i male izbirljivce<br \/>\n-&gt; Rub pregrada usmjerava hranu natrag na tanjur za manje nereda<br \/>\n-&gt; Zakrivljene strane za jednostavno grabljenje i samostalno hranjenje<br \/>\n-&gt; Pogodan za toplu i hladnu hranu<br \/>\n-&gt; Mo\u017ee koristiti pri zagrijavanju hrane u mikrovalnoj pe\u0107nici te prati u perilici posu\u0111a (samo gornja polica)<br \/>\n-&gt; Izra\u0111en od izdr\u017eljivog PP-a i silikona<br \/>\n-&gt; Bez BPA, PVC-a i ftalata<\/p>\n","protected":false},"featured_media":216299,"comment_status":"open","ping_status":"closed","template":"","meta":{"_acf_changed":false,"footnotes":""},"product_brand":[],"product_cat":[577,622,657],"product_tag":[],"class_list":{"0":"post-216249","1":"product","2":"type-product","3":"status-publish","4":"has-post-thumbnail","6":"product_cat-hranjenje","7":"product_cat-posude","8":"product_cat-tanjuri","9":"pa_boja-zelena","10":"pa_brand-b-box","11":"pa_vrsta-posuda-tanjuri","13":"first","14":"instock","15":"shipping-taxable","16":"purchasable","17":"product-type-simple"},"bundled_by":[],"bundle_stock_status":"instock","bundle_stock_quantity":15,"bundle_virtual":false,"bundle_layout":"","bundle_add_to_cart_form_location":"","bundle_editable_in_cart":false,"bundle_sold_individually_context":"","bundle_item_grouping":"","bundle_min_size":"","bundle_max_size":"","bundle_price":[],"bundled_items":[],"bundle_sell_ids":[],"acf":[],"yoast_head":"<!-- This site is optimized with the Yoast SEO Premium plugin v21.5 (Yoast SEO v27.3) - https:\/\/yoast.com\/product\/yoast-seo-premium-wordpress\/ -->\n<title>b.box 2u1 prijanjaju\u0107i tanjur Sage - NajNaj.eu<\/title>\n<meta name=\"robots\" content=\"index, follow, max-snippet:-1, max-image-preview:large, max-video-preview:-1\" \/>\n<link rel=\"canonical\" href=\"https:\/\/najnaj.eu\/sl\/izdelek\/b-box-2u1-prijanjajuci-tanjur-sage\/\" \/>\n<meta property=\"og:locale\" content=\"sl_SI\" \/>\n<meta property=\"og:type\" content=\"article\" \/>\n<meta property=\"og:title\" content=\"b.box 2u1 prijanjaju\u0107i tanjur Sage\" \/>\n<meta property=\"og:description\" content=\"Prijanjaju\u0107i 2u1 tanjur heroj je u prilagodbi za vrijeme obroka! Dizajniran da se prilago\u0111ava potrebama va\u0161eg djeteta, ovaj je tanjur prikladan od prvog hranjenja do samostalnog jedenja. -&gt; Sna\u017eno silikonsko prijanjanje koje traje \u2013 pritisnite sredi\u0161te kako bi se zalijepio, a povucite jezi\u010dak za uklanjanje -&gt; Uklonjiva pregrada i usisna baza za svestranu upotrebu -&gt; 3 podijeljena odjeljka - idealno za porcioniranje hrane i male izbirljivce -&gt; Rub pregrada usmjerava hranu natrag na tanjur za manje nereda -&gt; Zakrivljene strane za jednostavno grabljenje i samostalno hranjenje -&gt; Pogodan za toplu i hladnu hranu -&gt; Mo\u017ee koristiti pri zagrijavanju hrane u mikrovalnoj pe\u0107nici te prati u perilici posu\u0111a (samo gornja polica) -&gt; Izra\u0111en od izdr\u017eljivog PP-a i silikona -&gt; Bez BPA, PVC-a i ftalata\" \/>\n<meta property=\"og:url\" content=\"https:\/\/najnaj.eu\/sl\/izdelek\/b-box-2u1-prijanjajuci-tanjur-sage\/\" \/>\n<meta property=\"og:site_name\" content=\"NajNaj.eu\" \/>\n<meta property=\"article:publisher\" content=\"https:\/\/web.facebook.com\/najnaj.eu\/\" \/>\n<meta property=\"article:modified_time\" content=\"2026-03-21T20:06:51+00:00\" \/>\n<meta property=\"og:image\" content=\"https:\/\/najnaj.eu\/wp-content\/uploads\/2024\/10\/Divided-Suction-Plate_Sage_4.jpg\" \/>\n\t<meta property=\"og:image:width\" content=\"2400\" \/>\n\t<meta property=\"og:image:height\" content=\"1792\" \/>\n\t<meta property=\"og:image:type\" content=\"image\/jpeg\" \/>\n<meta name=\"twitter:card\" content=\"summary_large_image\" \/>\n<meta name=\"twitter:label1\" content=\"Price\" \/>\n\t<meta name=\"twitter:data1\" content=\"9,99&nbsp;&euro;\" \/>\n\t<meta name=\"twitter:label2\" content=\"Availability\" \/>\n\t<meta name=\"twitter:data2\" content=\"In stock\" \/>\n<script type=\"application\/ld+json\" class=\"yoast-schema-graph\">{\"@context\":\"https:\\\/\\\/schema.org\",\"@graph\":[{\"@type\":\"WebPage\",\"@id\":\"https:\\\/\\\/najnaj.eu\\\/sl\\\/izdelek\\\/b-box-2u1-prijanjajuci-tanjur-sage\\\/\",\"url\":\"https:\\\/\\\/najnaj.eu\\\/sl\\\/izdelek\\\/b-box-2u1-prijanjajuci-tanjur-sage\\\/\",\"name\":\"b.box 2u1 prijanjaju\u0107i tanjur Sage - NajNaj.eu\",\"isPartOf\":{\"@id\":\"https:\\\/\\\/najnaj.eu\\\/sl\\\/#website\"},\"primaryImageOfPage\":{\"@id\":\"https:\\\/\\\/najnaj.eu\\\/sl\\\/izdelek\\\/b-box-2u1-prijanjajuci-tanjur-sage\\\/#primaryimage\"},\"image\":{\"@id\":\"https:\\\/\\\/najnaj.eu\\\/sl\\\/izdelek\\\/b-box-2u1-prijanjajuci-tanjur-sage\\\/#primaryimage\"},\"thumbnailUrl\":\"https:\\\/\\\/najnaj.eu\\\/wp-content\\\/uploads\\\/2024\\\/10\\\/Divided-Suction-Plate_Sage_4.jpg\",\"datePublished\":\"2024-10-09T10:12:49+00:00\",\"dateModified\":\"2026-03-21T20:06:51+00:00\",\"breadcrumb\":{\"@id\":\"https:\\\/\\\/najnaj.eu\\\/sl\\\/izdelek\\\/b-box-2u1-prijanjajuci-tanjur-sage\\\/#breadcrumb\"},\"inLanguage\":\"sl-SI\",\"potentialAction\":[{\"@type\":\"ReadAction\",\"target\":[\"https:\\\/\\\/najnaj.eu\\\/sl\\\/izdelek\\\/b-box-2u1-prijanjajuci-tanjur-sage\\\/\"]}]},{\"@type\":\"ImageObject\",\"inLanguage\":\"sl-SI\",\"@id\":\"https:\\\/\\\/najnaj.eu\\\/sl\\\/izdelek\\\/b-box-2u1-prijanjajuci-tanjur-sage\\\/#primaryimage\",\"url\":\"https:\\\/\\\/najnaj.eu\\\/wp-content\\\/uploads\\\/2024\\\/10\\\/Divided-Suction-Plate_Sage_4.jpg\",\"contentUrl\":\"https:\\\/\\\/najnaj.eu\\\/wp-content\\\/uploads\\\/2024\\\/10\\\/Divided-Suction-Plate_Sage_4.jpg\",\"width\":2400,\"height\":1792},{\"@type\":\"BreadcrumbList\",\"@id\":\"https:\\\/\\\/najnaj.eu\\\/sl\\\/izdelek\\\/b-box-2u1-prijanjajuci-tanjur-sage\\\/#breadcrumb\",\"itemListElement\":[{\"@type\":\"ListItem\",\"position\":1,\"name\":\"Po\u010detna stranica\",\"item\":\"https:\\\/\\\/najnaj.eu\\\/sl\\\/prednja-stran\\\/\"},{\"@type\":\"ListItem\",\"position\":2,\"name\":\"Shop\",\"item\":\"https:\\\/\\\/najnaj.eu\\\/sl\\\/shop\\\/\"},{\"@type\":\"ListItem\",\"position\":3,\"name\":\"b.box 2u1 prijanjaju\u0107i tanjur Sage\"}]},{\"@type\":\"WebSite\",\"@id\":\"https:\\\/\\\/najnaj.eu\\\/sl\\\/#website\",\"url\":\"https:\\\/\\\/najnaj.eu\\\/sl\\\/\",\"name\":\"NajNaj.eu\",\"description\":\"Za najva\u017enije!\",\"publisher\":{\"@id\":\"https:\\\/\\\/najnaj.eu\\\/sl\\\/#organization\"},\"potentialAction\":[{\"@type\":\"SearchAction\",\"target\":{\"@type\":\"EntryPoint\",\"urlTemplate\":\"https:\\\/\\\/najnaj.eu\\\/sl\\\/?s={search_term_string}\"},\"query-input\":{\"@type\":\"PropertyValueSpecification\",\"valueRequired\":true,\"valueName\":\"search_term_string\"}}],\"inLanguage\":\"sl-SI\"},{\"@type\":\"Organization\",\"@id\":\"https:\\\/\\\/najnaj.eu\\\/sl\\\/#organization\",\"name\":\"NajNaj.eu\",\"url\":\"https:\\\/\\\/najnaj.eu\\\/sl\\\/\",\"logo\":{\"@type\":\"ImageObject\",\"inLanguage\":\"sl-SI\",\"@id\":\"https:\\\/\\\/najnaj.eu\\\/sl\\\/#\\\/schema\\\/logo\\\/image\\\/\",\"url\":\"https:\\\/\\\/najnaj.eu\\\/wp-content\\\/uploads\\\/2023\\\/09\\\/logo_Najnaj_2023.svg\",\"contentUrl\":\"https:\\\/\\\/najnaj.eu\\\/wp-content\\\/uploads\\\/2023\\\/09\\\/logo_Najnaj_2023.svg\",\"width\":501,\"height\":278,\"caption\":\"NajNaj.eu\"},\"image\":{\"@id\":\"https:\\\/\\\/najnaj.eu\\\/sl\\\/#\\\/schema\\\/logo\\\/image\\\/\"},\"sameAs\":[\"https:\\\/\\\/web.facebook.com\\\/najnaj.eu\\\/\",\"https:\\\/\\\/www.instagram.com\\\/najnaj.eu\\\/\",\"https:\\\/\\\/www.tiktok.com\\\/@najnaj.eu\"]}]}<\/script>\n<meta property=\"product:brand\" content=\"b.box\" \/>\n<meta property=\"product:price:amount\" content=\"9.99\" \/>\n<meta property=\"product:price:currency\" content=\"EUR\" \/>\n<meta property=\"og:availability\" content=\"instock\" \/>\n<meta property=\"product:availability\" content=\"instock\" \/>\n<meta property=\"product:retailer_item_id\" content=\"BX101510\" \/>\n<meta property=\"product:condition\" content=\"new\" \/>\n<!-- \/ Yoast SEO Premium plugin. -->","yoast_head_json":{"title":"b.box 2u1 prijanjaju\u0107i tanjur Sage - NajNaj.eu","robots":{"index":"index","follow":"follow","max-snippet":"max-snippet:-1","max-image-preview":"max-image-preview:large","max-video-preview":"max-video-preview:-1"},"canonical":"https:\/\/najnaj.eu\/sl\/izdelek\/b-box-2u1-prijanjajuci-tanjur-sage\/","og_locale":"sl_SI","og_type":"article","og_title":"b.box 2u1 prijanjaju\u0107i tanjur Sage","og_description":"Prijanjaju\u0107i 2u1 tanjur heroj je u prilagodbi za vrijeme obroka! Dizajniran da se prilago\u0111ava potrebama va\u0161eg djeteta, ovaj je tanjur prikladan od prvog hranjenja do samostalnog jedenja. -&gt; Sna\u017eno silikonsko prijanjanje koje traje \u2013 pritisnite sredi\u0161te kako bi se zalijepio, a povucite jezi\u010dak za uklanjanje -&gt; Uklonjiva pregrada i usisna baza za svestranu upotrebu -&gt; 3 podijeljena odjeljka - idealno za porcioniranje hrane i male izbirljivce -&gt; Rub pregrada usmjerava hranu natrag na tanjur za manje nereda -&gt; Zakrivljene strane za jednostavno grabljenje i samostalno hranjenje -&gt; Pogodan za toplu i hladnu hranu -&gt; Mo\u017ee koristiti pri zagrijavanju hrane u mikrovalnoj pe\u0107nici te prati u perilici posu\u0111a (samo gornja polica) -&gt; Izra\u0111en od izdr\u017eljivog PP-a i silikona -&gt; Bez BPA, PVC-a i ftalata","og_url":"https:\/\/najnaj.eu\/sl\/izdelek\/b-box-2u1-prijanjajuci-tanjur-sage\/","og_site_name":"NajNaj.eu","article_publisher":"https:\/\/web.facebook.com\/najnaj.eu\/","article_modified_time":"2026-03-21T20:06:51+00:00","og_image":[{"width":2400,"height":1792,"url":"https:\/\/najnaj.eu\/wp-content\/uploads\/2024\/10\/Divided-Suction-Plate_Sage_4.jpg","type":"image\/jpeg"}],"twitter_card":"summary_large_image","twitter_misc":{"Price":"9,99&nbsp;&euro;","Availability":"In stock"},"schema":{"@context":"https:\/\/schema.org","@graph":[{"@type":"WebPage","@id":"https:\/\/najnaj.eu\/sl\/izdelek\/b-box-2u1-prijanjajuci-tanjur-sage\/","url":"https:\/\/najnaj.eu\/sl\/izdelek\/b-box-2u1-prijanjajuci-tanjur-sage\/","name":"b.box 2u1 prijanjaju\u0107i tanjur Sage - NajNaj.eu","isPartOf":{"@id":"https:\/\/najnaj.eu\/sl\/#website"},"primaryImageOfPage":{"@id":"https:\/\/najnaj.eu\/sl\/izdelek\/b-box-2u1-prijanjajuci-tanjur-sage\/#primaryimage"},"image":{"@id":"https:\/\/najnaj.eu\/sl\/izdelek\/b-box-2u1-prijanjajuci-tanjur-sage\/#primaryimage"},"thumbnailUrl":"https:\/\/najnaj.eu\/wp-content\/uploads\/2024\/10\/Divided-Suction-Plate_Sage_4.jpg","datePublished":"2024-10-09T10:12:49+00:00","dateModified":"2026-03-21T20:06:51+00:00","breadcrumb":{"@id":"https:\/\/najnaj.eu\/sl\/izdelek\/b-box-2u1-prijanjajuci-tanjur-sage\/#breadcrumb"},"inLanguage":"sl-SI","potentialAction":[{"@type":"ReadAction","target":["https:\/\/najnaj.eu\/sl\/izdelek\/b-box-2u1-prijanjajuci-tanjur-sage\/"]}]},{"@type":"ImageObject","inLanguage":"sl-SI","@id":"https:\/\/najnaj.eu\/sl\/izdelek\/b-box-2u1-prijanjajuci-tanjur-sage\/#primaryimage","url":"https:\/\/najnaj.eu\/wp-content\/uploads\/2024\/10\/Divided-Suction-Plate_Sage_4.jpg","contentUrl":"https:\/\/najnaj.eu\/wp-content\/uploads\/2024\/10\/Divided-Suction-Plate_Sage_4.jpg","width":2400,"height":1792},{"@type":"BreadcrumbList","@id":"https:\/\/najnaj.eu\/sl\/izdelek\/b-box-2u1-prijanjajuci-tanjur-sage\/#breadcrumb","itemListElement":[{"@type":"ListItem","position":1,"name":"Po\u010detna stranica","item":"https:\/\/najnaj.eu\/sl\/prednja-stran\/"},{"@type":"ListItem","position":2,"name":"Shop","item":"https:\/\/najnaj.eu\/sl\/shop\/"},{"@type":"ListItem","position":3,"name":"b.box 2u1 prijanjaju\u0107i tanjur Sage"}]},{"@type":"WebSite","@id":"https:\/\/najnaj.eu\/sl\/#website","url":"https:\/\/najnaj.eu\/sl\/","name":"NajNaj.eu","description":"Za najva\u017enije!","publisher":{"@id":"https:\/\/najnaj.eu\/sl\/#organization"},"potentialAction":[{"@type":"SearchAction","target":{"@type":"EntryPoint","urlTemplate":"https:\/\/najnaj.eu\/sl\/?s={search_term_string}"},"query-input":{"@type":"PropertyValueSpecification","valueRequired":true,"valueName":"search_term_string"}}],"inLanguage":"sl-SI"},{"@type":"Organization","@id":"https:\/\/najnaj.eu\/sl\/#organization","name":"NajNaj.eu","url":"https:\/\/najnaj.eu\/sl\/","logo":{"@type":"ImageObject","inLanguage":"sl-SI","@id":"https:\/\/najnaj.eu\/sl\/#\/schema\/logo\/image\/","url":"https:\/\/najnaj.eu\/wp-content\/uploads\/2023\/09\/logo_Najnaj_2023.svg","contentUrl":"https:\/\/najnaj.eu\/wp-content\/uploads\/2023\/09\/logo_Najnaj_2023.svg","width":501,"height":278,"caption":"NajNaj.eu"},"image":{"@id":"https:\/\/najnaj.eu\/sl\/#\/schema\/logo\/image\/"},"sameAs":["https:\/\/web.facebook.com\/najnaj.eu\/","https:\/\/www.instagram.com\/najnaj.eu\/","https:\/\/www.tiktok.com\/@najnaj.eu"]}]},"product_brand":"b.box","product_price_amount":"9.99","product_price_currency":"EUR","og_availability":"instock","product_availability":"instock","product_retailer_item_id":"BX101510","product_condition":"new"},"_links":{"self":[{"href":"https:\/\/najnaj.eu\/sl\/wp-json\/wp\/v2\/product\/216249","targetHints":{"allow":["GET"]}}],"collection":[{"href":"https:\/\/najnaj.eu\/sl\/wp-json\/wp\/v2\/product"}],"about":[{"href":"https:\/\/najnaj.eu\/sl\/wp-json\/wp\/v2\/types\/product"}],"replies":[{"embeddable":true,"href":"https:\/\/najnaj.eu\/sl\/wp-json\/wp\/v2\/comments?post=216249"}],"version-history":[{"count":0,"href":"https:\/\/najnaj.eu\/sl\/wp-json\/wp\/v2\/product\/216249\/revisions"}],"wp:featuredmedia":[{"embeddable":true,"href":"https:\/\/najnaj.eu\/sl\/wp-json\/wp\/v2\/media\/216299"}],"wp:attachment":[{"href":"https:\/\/najnaj.eu\/sl\/wp-json\/wp\/v2\/media?parent=216249"}],"wp:term":[{"taxonomy":"product_brand","embeddable":true,"href":"https:\/\/najnaj.eu\/sl\/wp-json\/wp\/v2\/product_brand?post=216249"},{"taxonomy":"product_cat","embeddable":true,"href":"https:\/\/najnaj.eu\/sl\/wp-json\/wp\/v2\/product_cat?post=216249"},{"taxonomy":"product_tag","embeddable":true,"href":"https:\/\/najnaj.eu\/sl\/wp-json\/wp\/v2\/product_tag?post=216249"}],"curies":[{"name":"wp","href":"https:\/\/api.w.org\/{rel}","templated":true}]}}