{"id":215170,"date":"2024-09-30T11:44:33","date_gmt":"2024-09-30T09:44:33","guid":{"rendered":"https:\/\/najnaj.eu\/?post_type=product&#038;p=215170"},"modified":"2026-03-24T10:54:39","modified_gmt":"2026-03-24T09:54:39","slug":"ergobaby-adapt-softflex-mrezasta-nosilka-biserno-siva-2","status":"publish","type":"product","link":"https:\/\/najnaj.eu\/sl\/izdelek\/ergobaby-adapt-softflex-mrezasta-nosilka-biserno-siva-2\/","title":{"rendered":"Ergobaby Adapt SoftFlex mre\u017easta nosilka, oniks \u010drna"},"content":{"rendered":"<h1><strong><span style=\"color: #9ab9af;\"><span style=\"color: #81a4b9;\">Nosilka, ki zdru\u017euje preprostost in udobje!<\/span><\/span><\/strong><\/h1>\n<p>Nosilka Adapt se popolnoma prilagodi vam in va\u0161emu dojen\u010dku zahvaljujo\u010d mehki in udobni tkanini v kombinaciji s tremi preprostimi na\u010dini prilagajanja nosilke. Adapt je namenjen no\u0161enju otroka k sebi, zaradi prilagajanja starosti pa nosilka &#8220;raste&#8221; skupaj z va\u0161im mal\u010dkom.   <img loading=\"lazy\" decoding=\"async\" class=\"wp-image-110790 alignright\" src=\"https:\/\/najnaj.eu\/wp-content\/uploads\/2023\/08\/EGB-Adapt-Illustrations-04.png\" alt=\"\" width=\"146\" height=\"215\"><\/p>\n<p><iframe loading=\"lazy\" title=\"Predstavljamo novi Ergobaby Adapt SoftFlex\u2122 Mesh!\" width=\"980\" height=\"551\" src=\"https:\/\/www.youtube.com\/embed\/pbT_6WsRgJ4?feature=oembed&#038;enablejsapi=1&#038;origin=https:\/\/najnaj.eu\" frameborder=\"0\" allow=\"accelerometer; autoplay; clipboard-write; encrypted-media; gyroscope; picture-in-picture; web-share\" allowfullscreen><\/iframe><\/p>\n<h2><span style=\"color: #81a4b9;\"><strong>No\u0161enje je preprosto kot 1-2-3!<\/strong><\/span><\/h2>\n<p>Z inovativno zasnovo nosilke Adapt udobje \u0161e nikoli ni bilo preprostej\u0161e in ergonomija \u0161e nikoli ve\u010dja. 3 polo\u017eaji za no\u0161enje vam omogo\u010dajo no\u0161enje va\u0161ega mal\u010dka od rojstva do starosti vrtca (cca. 0 &#8211; 48 mesecev; 3,2 &#8211; 20,4 kg). <\/p>\n<p><strong>Trije ergonomski polo\u017eaji no\u0161enja:<\/strong><\/p>\n<ul>\n<li>na trebuhu proti star\u0161u<\/li>\n<li>na strani<\/li>\n<li>na hrbtni strani<\/li>\n<\/ul>\n<h2><span style=\"color: #81a4b9;\"><strong>Najve\u010dja zra\u010dnost<img loading=\"lazy\" decoding=\"async\" class=\"wp-image-110794 alignright\" src=\"https:\/\/najnaj.eu\/wp-content\/uploads\/2023\/08\/EGB-Adapt-Illustrations-26.png\" alt=\"\" width=\"169\" height=\"177\"> <\/strong><\/span><\/h2>\n<p>Narejena je iz lahke mre\u017easte tkanine SoftFlex\u2122 za najve\u010dji pretok zraka, zaradi \u010desar je nosilka, ki bo vas in va\u0161ega otroka ohranjala sve\u017ea in suha ves dan.<\/p>\n<p><strong>Druge lastnosti:<\/strong><\/p>\n<ul>\n<li>Mre\u017easta tkanina SoftFlex\u2122 za najve\u010dji pretok zraka<\/li>\n<li>Pre\u010dne naramnice in ledvena opora<\/li>\n<li>Ergonomija v vseh polo\u017eajih (M-polo\u017eaj)<\/li>\n<li>Enostavna prilagoditev<\/li>\n<li>Kapuca za zasebnost in za\u0161\u010dito pred soncem<\/li>\n<li>Obseg pasu: 45 cm &#8211; 144,8 cm<\/li>\n<li>3,2 \u2013 20,4 kg<\/li>\n<li>Perilo v pralnem stroju<\/li>\n<li>Mo\u017eno dojenje v nosilki<\/li>\n<\/ul>\n<h2><span style=\"color: #81a4b9;\"><strong>Zdravo za dojen\u010dkove kolke<\/strong><\/span><\/h2>\n<p>Adapt SoftFlex\u2122Mesh je nosilka, ki se lahko uporablja brez vlo\u017eka od rojstva naprej in vedno zagotavlja, da je otrok v nosilki name\u0161\u010den v naravnem &#8220;M-polo\u017eaju&#8221; nog, z razprtimi koleni, z zadnjico na ali spodaj. vi\u0161ina kolen. Nosilka podpira otroka od stegna do stegna, raste z otrokom in se prilagaja glede na velikost otroka in polo\u017eaj no\u0161enja.<\/p>\n<p>Adapt SoftFlex\u2122Mesh je tako kot vse druge nosilke Ergobaby Mednarodni in\u0161titut za displazijo kolkov (IHDI) priznal kot &#8220;zdrav izdelek za otro\u0161ke kolke&#8221;.<\/p>\n<h2><span style=\"color: #81a4b9;\"><strong>Zdrava hrbtenica za dojen\u010dke in star\u0161e<\/strong><\/span><\/h2>\n<p>Nosilec Adapt SoftFlex\u2122Mesh je priznan tudi kot &#8220;Parent Spine Healthy Product&#8221; s strani organizacije Healthier Back (AGR).<\/p>\n","protected":false},"excerpt":{"rendered":"<h3><span style=\"color: #9ab9af;\"><strong>Nosilka Ergobaby Adapt SoftFlex\u2122Mesh<\/strong><\/span><\/h3>\n<p>Mre\u017easti nosilec Adapt SoftFlex\u2122 odli\u010dno zdru\u017euje udobje in preprosto uporabo. Ustvarjen je za povezovanje dojen\u010dka in star\u0161ev ter se zlahka prilagaja otrokovi rasti.<\/p>\n<p>Izdelan je iz mre\u017easte tkanine SoftFlex\u2122 za maksimalen pretok zraka in je zasnovan tako, da vam in va\u0161emu otroku zagotavlja celodnevno udobje in suhost!<\/p>\n<ul>\n<li>Prilagodljiva velikost za otroke od rojstva do starosti vrtca (pribli\u017eno 0-48 mesecev), brez potrebe po vstavku<\/li>\n<li>Za otroke od 3,2 kg do 20,4 kg<\/li>\n<li>Podlo\u017eena ledvena opora za dodatno udobje na hrbtu<\/li>\n<li>Omogo\u010da 3 polo\u017eaje: no\u0161enje na trebuhu proti star\u0161u, na boku in na hrbtu<\/li>\n<li>Maksimalno udobje za star\u0161a<\/li>\n<li>Udoben in ergonomski polo\u017eaj za otroka v vseh polo\u017eajih no\u0161enja<\/li>\n<li>Kapuca za za\u0161\u010dito pred soncem (UPF 50+) in zasebnost<\/li>\n<li>Tkanina s certifikatom Oeko-Tex STANDARD 100<\/li>\n<li>ErgoPromise \u2013 10-letna garancija<\/li>\n<\/ul>\n","protected":false},"featured_media":215218,"comment_status":"open","ping_status":"closed","template":"","meta":{"_acf_changed":false,"footnotes":""},"product_brand":[],"product_cat":[1112,882,959],"product_tag":[],"class_list":{"0":"post-215170","1":"product","2":"type-product","3":"status-publish","4":"has-post-thumbnail","6":"product_cat-3-polozaja-nosenja-sl","7":"product_cat-nosilke","8":"product_cat-od-rojstva-do-3-let","9":"pa_boja-siva-sl","10":"pa_brand-ergobaby-sl","12":"first","13":"instock","14":"purchasable","15":"product-type-simple"},"bundled_by":[],"bundle_stock_status":"instock","bundle_stock_quantity":15,"bundle_virtual":false,"bundle_layout":"","bundle_add_to_cart_form_location":"","bundle_editable_in_cart":false,"bundle_sold_individually_context":"","bundle_item_grouping":"","bundle_min_size":"","bundle_max_size":"","bundle_price":[],"bundled_items":[],"bundle_sell_ids":[],"acf":[],"yoast_head":"<!-- This site is optimized with the Yoast SEO Premium plugin v21.5 (Yoast SEO v27.4) - https:\/\/yoast.com\/product\/yoast-seo-premium-wordpress\/ -->\n<title>Ergobaby Adapt SoftFlex mre\u017easta nosilka, oniks \u010drna - NajNaj.eu<\/title>\n<meta name=\"robots\" content=\"index, follow, max-snippet:-1, max-image-preview:large, max-video-preview:-1\" \/>\n<link rel=\"canonical\" href=\"https:\/\/najnaj.eu\/sl\/izdelek\/ergobaby-adapt-softflex-mrezasta-nosilka-biserno-siva-2\/\" \/>\n<meta property=\"og:locale\" content=\"sl_SI\" \/>\n<meta property=\"og:type\" content=\"article\" \/>\n<meta property=\"og:title\" content=\"Ergobaby Adapt SoftFlex mre\u017easta nosilka, oniks \u010drna\" \/>\n<meta property=\"og:description\" content=\"Nosilka Ergobaby Adapt SoftFlex\u2122Mesh Mre\u017easti nosilec Adapt SoftFlex\u2122 odli\u010dno zdru\u017euje udobje in preprosto uporabo. Ustvarjen je za povezovanje dojen\u010dka in star\u0161ev ter se zlahka prilagaja otrokovi rasti. Izdelan je iz mre\u017easte tkanine SoftFlex\u2122 za maksimalen pretok zraka in je zasnovan tako, da vam in va\u0161emu otroku zagotavlja celodnevno udobje in suhost!  Prilagodljiva velikost za otroke od rojstva do starosti vrtca (pribli\u017eno 0-48 mesecev), brez potrebe po vstavku  Za otroke od 3,2 kg do 20,4 kg  Podlo\u017eena ledvena opora za dodatno udobje na hrbtu  Omogo\u010da 3 polo\u017eaje: no\u0161enje na trebuhu proti star\u0161u, na boku in na hrbtu  Maksimalno udobje za star\u0161a  Udoben in ergonomski polo\u017eaj za otroka v vseh polo\u017eajih no\u0161enja  Kapuca za za\u0161\u010dito pred soncem (UPF 50+) in zasebnost  Tkanina s certifikatom Oeko-Tex STANDARD 100  ErgoPromise \u2013 10-letna garancija\" \/>\n<meta property=\"og:url\" content=\"https:\/\/najnaj.eu\/sl\/izdelek\/ergobaby-adapt-softflex-mrezasta-nosilka-biserno-siva-2\/\" \/>\n<meta property=\"og:site_name\" content=\"NajNaj.eu\" \/>\n<meta property=\"article:publisher\" content=\"https:\/\/web.facebook.com\/najnaj.eu\/\" \/>\n<meta property=\"article:modified_time\" content=\"2026-03-24T09:54:39+00:00\" \/>\n<meta property=\"og:image\" content=\"https:\/\/najnaj.eu\/wp-content\/uploads\/2024\/09\/Adapt_Mesh_Onyx_Black_02.jpg\" \/>\n\t<meta property=\"og:image:width\" content=\"2400\" \/>\n\t<meta property=\"og:image:height\" content=\"2400\" \/>\n\t<meta property=\"og:image:type\" content=\"image\/jpeg\" \/>\n<meta name=\"twitter:card\" content=\"summary_large_image\" \/>\n<meta name=\"twitter:label1\" content=\"Price\" \/>\n\t<meta name=\"twitter:data1\" content=\"139,90&nbsp;&euro;\" \/>\n\t<meta name=\"twitter:label2\" content=\"Availability\" \/>\n\t<meta name=\"twitter:data2\" content=\"In stock\" \/>\n<script type=\"application\/ld+json\" class=\"yoast-schema-graph\">{\"@context\":\"https:\\\/\\\/schema.org\",\"@graph\":[{\"@type\":\"WebPage\",\"@id\":\"https:\\\/\\\/najnaj.eu\\\/sl\\\/izdelek\\\/ergobaby-adapt-softflex-mrezasta-nosilka-biserno-siva-2\\\/\",\"url\":\"https:\\\/\\\/najnaj.eu\\\/sl\\\/izdelek\\\/ergobaby-adapt-softflex-mrezasta-nosilka-biserno-siva-2\\\/\",\"name\":\"Ergobaby Adapt SoftFlex mre\u017easta nosilka, oniks \u010drna - NajNaj.eu\",\"isPartOf\":{\"@id\":\"https:\\\/\\\/najnaj.eu\\\/sl\\\/#website\"},\"primaryImageOfPage\":{\"@id\":\"https:\\\/\\\/najnaj.eu\\\/sl\\\/izdelek\\\/ergobaby-adapt-softflex-mrezasta-nosilka-biserno-siva-2\\\/#primaryimage\"},\"image\":{\"@id\":\"https:\\\/\\\/najnaj.eu\\\/sl\\\/izdelek\\\/ergobaby-adapt-softflex-mrezasta-nosilka-biserno-siva-2\\\/#primaryimage\"},\"thumbnailUrl\":\"https:\\\/\\\/najnaj.eu\\\/wp-content\\\/uploads\\\/2024\\\/09\\\/Adapt_Mesh_Onyx_Black_02.jpg\",\"datePublished\":\"2024-09-30T09:44:33+00:00\",\"dateModified\":\"2026-03-24T09:54:39+00:00\",\"breadcrumb\":{\"@id\":\"https:\\\/\\\/najnaj.eu\\\/sl\\\/izdelek\\\/ergobaby-adapt-softflex-mrezasta-nosilka-biserno-siva-2\\\/#breadcrumb\"},\"inLanguage\":\"sl-SI\",\"potentialAction\":[{\"@type\":\"ReadAction\",\"target\":[\"https:\\\/\\\/najnaj.eu\\\/sl\\\/izdelek\\\/ergobaby-adapt-softflex-mrezasta-nosilka-biserno-siva-2\\\/\"]}]},{\"@type\":\"ImageObject\",\"inLanguage\":\"sl-SI\",\"@id\":\"https:\\\/\\\/najnaj.eu\\\/sl\\\/izdelek\\\/ergobaby-adapt-softflex-mrezasta-nosilka-biserno-siva-2\\\/#primaryimage\",\"url\":\"https:\\\/\\\/najnaj.eu\\\/wp-content\\\/uploads\\\/2024\\\/09\\\/Adapt_Mesh_Onyx_Black_02.jpg\",\"contentUrl\":\"https:\\\/\\\/najnaj.eu\\\/wp-content\\\/uploads\\\/2024\\\/09\\\/Adapt_Mesh_Onyx_Black_02.jpg\",\"width\":2400,\"height\":2400},{\"@type\":\"BreadcrumbList\",\"@id\":\"https:\\\/\\\/najnaj.eu\\\/sl\\\/izdelek\\\/ergobaby-adapt-softflex-mrezasta-nosilka-biserno-siva-2\\\/#breadcrumb\",\"itemListElement\":[{\"@type\":\"ListItem\",\"position\":1,\"name\":\"Po\u010detna stranica\",\"item\":\"https:\\\/\\\/najnaj.eu\\\/sl\\\/prednja-stran\\\/\"},{\"@type\":\"ListItem\",\"position\":2,\"name\":\"Shop\",\"item\":\"https:\\\/\\\/najnaj.eu\\\/sl\\\/shop\\\/\"},{\"@type\":\"ListItem\",\"position\":3,\"name\":\"Ergobaby Adapt SoftFlex mre\u017easta nosilka, oniks \u010drna\"}]},{\"@type\":\"WebSite\",\"@id\":\"https:\\\/\\\/najnaj.eu\\\/sl\\\/#website\",\"url\":\"https:\\\/\\\/najnaj.eu\\\/sl\\\/\",\"name\":\"NajNaj.eu\",\"description\":\"Za najva\u017enije!\",\"publisher\":{\"@id\":\"https:\\\/\\\/najnaj.eu\\\/sl\\\/#organization\"},\"potentialAction\":[{\"@type\":\"SearchAction\",\"target\":{\"@type\":\"EntryPoint\",\"urlTemplate\":\"https:\\\/\\\/najnaj.eu\\\/sl\\\/?s={search_term_string}\"},\"query-input\":{\"@type\":\"PropertyValueSpecification\",\"valueRequired\":true,\"valueName\":\"search_term_string\"}}],\"inLanguage\":\"sl-SI\"},{\"@type\":\"Organization\",\"@id\":\"https:\\\/\\\/najnaj.eu\\\/sl\\\/#organization\",\"name\":\"NajNaj.eu\",\"url\":\"https:\\\/\\\/najnaj.eu\\\/sl\\\/\",\"logo\":{\"@type\":\"ImageObject\",\"inLanguage\":\"sl-SI\",\"@id\":\"https:\\\/\\\/najnaj.eu\\\/sl\\\/#\\\/schema\\\/logo\\\/image\\\/\",\"url\":\"https:\\\/\\\/najnaj.eu\\\/wp-content\\\/uploads\\\/2023\\\/09\\\/logo_Najnaj_2023.svg\",\"contentUrl\":\"https:\\\/\\\/najnaj.eu\\\/wp-content\\\/uploads\\\/2023\\\/09\\\/logo_Najnaj_2023.svg\",\"width\":501,\"height\":278,\"caption\":\"NajNaj.eu\"},\"image\":{\"@id\":\"https:\\\/\\\/najnaj.eu\\\/sl\\\/#\\\/schema\\\/logo\\\/image\\\/\"},\"sameAs\":[\"https:\\\/\\\/web.facebook.com\\\/najnaj.eu\\\/\",\"https:\\\/\\\/www.instagram.com\\\/najnaj.eu\\\/\",\"https:\\\/\\\/www.tiktok.com\\\/@najnaj.eu\"]}]}<\/script>\n<meta property=\"product:brand\" content=\"Ergobaby\" \/>\n<meta property=\"product:price:amount\" content=\"139.90\" \/>\n<meta property=\"product:price:currency\" content=\"EUR\" \/>\n<meta property=\"og:availability\" content=\"instock\" \/>\n<meta property=\"product:availability\" content=\"instock\" \/>\n<meta property=\"product:retailer_item_id\" content=\"BCASFMONYX\" \/>\n<meta property=\"product:condition\" content=\"new\" \/>\n<!-- \/ Yoast SEO Premium plugin. -->","yoast_head_json":{"title":"Ergobaby Adapt SoftFlex mre\u017easta nosilka, oniks \u010drna - NajNaj.eu","robots":{"index":"index","follow":"follow","max-snippet":"max-snippet:-1","max-image-preview":"max-image-preview:large","max-video-preview":"max-video-preview:-1"},"canonical":"https:\/\/najnaj.eu\/sl\/izdelek\/ergobaby-adapt-softflex-mrezasta-nosilka-biserno-siva-2\/","og_locale":"sl_SI","og_type":"article","og_title":"Ergobaby Adapt SoftFlex mre\u017easta nosilka, oniks \u010drna","og_description":"Nosilka Ergobaby Adapt SoftFlex\u2122Mesh Mre\u017easti nosilec Adapt SoftFlex\u2122 odli\u010dno zdru\u017euje udobje in preprosto uporabo. Ustvarjen je za povezovanje dojen\u010dka in star\u0161ev ter se zlahka prilagaja otrokovi rasti. Izdelan je iz mre\u017easte tkanine SoftFlex\u2122 za maksimalen pretok zraka in je zasnovan tako, da vam in va\u0161emu otroku zagotavlja celodnevno udobje in suhost!  Prilagodljiva velikost za otroke od rojstva do starosti vrtca (pribli\u017eno 0-48 mesecev), brez potrebe po vstavku  Za otroke od 3,2 kg do 20,4 kg  Podlo\u017eena ledvena opora za dodatno udobje na hrbtu  Omogo\u010da 3 polo\u017eaje: no\u0161enje na trebuhu proti star\u0161u, na boku in na hrbtu  Maksimalno udobje za star\u0161a  Udoben in ergonomski polo\u017eaj za otroka v vseh polo\u017eajih no\u0161enja  Kapuca za za\u0161\u010dito pred soncem (UPF 50+) in zasebnost  Tkanina s certifikatom Oeko-Tex STANDARD 100  ErgoPromise \u2013 10-letna garancija","og_url":"https:\/\/najnaj.eu\/sl\/izdelek\/ergobaby-adapt-softflex-mrezasta-nosilka-biserno-siva-2\/","og_site_name":"NajNaj.eu","article_publisher":"https:\/\/web.facebook.com\/najnaj.eu\/","article_modified_time":"2026-03-24T09:54:39+00:00","og_image":[{"width":2400,"height":2400,"url":"https:\/\/najnaj.eu\/wp-content\/uploads\/2024\/09\/Adapt_Mesh_Onyx_Black_02.jpg","type":"image\/jpeg"}],"twitter_card":"summary_large_image","twitter_misc":{"Price":"139,90&nbsp;&euro;","Availability":"In stock"},"schema":{"@context":"https:\/\/schema.org","@graph":[{"@type":"WebPage","@id":"https:\/\/najnaj.eu\/sl\/izdelek\/ergobaby-adapt-softflex-mrezasta-nosilka-biserno-siva-2\/","url":"https:\/\/najnaj.eu\/sl\/izdelek\/ergobaby-adapt-softflex-mrezasta-nosilka-biserno-siva-2\/","name":"Ergobaby Adapt SoftFlex mre\u017easta nosilka, oniks \u010drna - NajNaj.eu","isPartOf":{"@id":"https:\/\/najnaj.eu\/sl\/#website"},"primaryImageOfPage":{"@id":"https:\/\/najnaj.eu\/sl\/izdelek\/ergobaby-adapt-softflex-mrezasta-nosilka-biserno-siva-2\/#primaryimage"},"image":{"@id":"https:\/\/najnaj.eu\/sl\/izdelek\/ergobaby-adapt-softflex-mrezasta-nosilka-biserno-siva-2\/#primaryimage"},"thumbnailUrl":"https:\/\/najnaj.eu\/wp-content\/uploads\/2024\/09\/Adapt_Mesh_Onyx_Black_02.jpg","datePublished":"2024-09-30T09:44:33+00:00","dateModified":"2026-03-24T09:54:39+00:00","breadcrumb":{"@id":"https:\/\/najnaj.eu\/sl\/izdelek\/ergobaby-adapt-softflex-mrezasta-nosilka-biserno-siva-2\/#breadcrumb"},"inLanguage":"sl-SI","potentialAction":[{"@type":"ReadAction","target":["https:\/\/najnaj.eu\/sl\/izdelek\/ergobaby-adapt-softflex-mrezasta-nosilka-biserno-siva-2\/"]}]},{"@type":"ImageObject","inLanguage":"sl-SI","@id":"https:\/\/najnaj.eu\/sl\/izdelek\/ergobaby-adapt-softflex-mrezasta-nosilka-biserno-siva-2\/#primaryimage","url":"https:\/\/najnaj.eu\/wp-content\/uploads\/2024\/09\/Adapt_Mesh_Onyx_Black_02.jpg","contentUrl":"https:\/\/najnaj.eu\/wp-content\/uploads\/2024\/09\/Adapt_Mesh_Onyx_Black_02.jpg","width":2400,"height":2400},{"@type":"BreadcrumbList","@id":"https:\/\/najnaj.eu\/sl\/izdelek\/ergobaby-adapt-softflex-mrezasta-nosilka-biserno-siva-2\/#breadcrumb","itemListElement":[{"@type":"ListItem","position":1,"name":"Po\u010detna stranica","item":"https:\/\/najnaj.eu\/sl\/prednja-stran\/"},{"@type":"ListItem","position":2,"name":"Shop","item":"https:\/\/najnaj.eu\/sl\/shop\/"},{"@type":"ListItem","position":3,"name":"Ergobaby Adapt SoftFlex mre\u017easta nosilka, oniks \u010drna"}]},{"@type":"WebSite","@id":"https:\/\/najnaj.eu\/sl\/#website","url":"https:\/\/najnaj.eu\/sl\/","name":"NajNaj.eu","description":"Za najva\u017enije!","publisher":{"@id":"https:\/\/najnaj.eu\/sl\/#organization"},"potentialAction":[{"@type":"SearchAction","target":{"@type":"EntryPoint","urlTemplate":"https:\/\/najnaj.eu\/sl\/?s={search_term_string}"},"query-input":{"@type":"PropertyValueSpecification","valueRequired":true,"valueName":"search_term_string"}}],"inLanguage":"sl-SI"},{"@type":"Organization","@id":"https:\/\/najnaj.eu\/sl\/#organization","name":"NajNaj.eu","url":"https:\/\/najnaj.eu\/sl\/","logo":{"@type":"ImageObject","inLanguage":"sl-SI","@id":"https:\/\/najnaj.eu\/sl\/#\/schema\/logo\/image\/","url":"https:\/\/najnaj.eu\/wp-content\/uploads\/2023\/09\/logo_Najnaj_2023.svg","contentUrl":"https:\/\/najnaj.eu\/wp-content\/uploads\/2023\/09\/logo_Najnaj_2023.svg","width":501,"height":278,"caption":"NajNaj.eu"},"image":{"@id":"https:\/\/najnaj.eu\/sl\/#\/schema\/logo\/image\/"},"sameAs":["https:\/\/web.facebook.com\/najnaj.eu\/","https:\/\/www.instagram.com\/najnaj.eu\/","https:\/\/www.tiktok.com\/@najnaj.eu"]}]},"product_brand":"Ergobaby","product_price_amount":"139.90","product_price_currency":"EUR","og_availability":"instock","product_availability":"instock","product_retailer_item_id":"BCASFMONYX","product_condition":"new"},"_links":{"self":[{"href":"https:\/\/najnaj.eu\/sl\/wp-json\/wp\/v2\/product\/215170","targetHints":{"allow":["GET"]}}],"collection":[{"href":"https:\/\/najnaj.eu\/sl\/wp-json\/wp\/v2\/product"}],"about":[{"href":"https:\/\/najnaj.eu\/sl\/wp-json\/wp\/v2\/types\/product"}],"replies":[{"embeddable":true,"href":"https:\/\/najnaj.eu\/sl\/wp-json\/wp\/v2\/comments?post=215170"}],"version-history":[{"count":0,"href":"https:\/\/najnaj.eu\/sl\/wp-json\/wp\/v2\/product\/215170\/revisions"}],"wp:featuredmedia":[{"embeddable":true,"href":"https:\/\/najnaj.eu\/sl\/wp-json\/wp\/v2\/media\/215218"}],"wp:attachment":[{"href":"https:\/\/najnaj.eu\/sl\/wp-json\/wp\/v2\/media?parent=215170"}],"wp:term":[{"taxonomy":"product_brand","embeddable":true,"href":"https:\/\/najnaj.eu\/sl\/wp-json\/wp\/v2\/product_brand?post=215170"},{"taxonomy":"product_cat","embeddable":true,"href":"https:\/\/najnaj.eu\/sl\/wp-json\/wp\/v2\/product_cat?post=215170"},{"taxonomy":"product_tag","embeddable":true,"href":"https:\/\/najnaj.eu\/sl\/wp-json\/wp\/v2\/product_tag?post=215170"}],"curies":[{"name":"wp","href":"https:\/\/api.w.org\/{rel}","templated":true}]}}