{"id":211182,"date":"2024-07-30T11:52:20","date_gmt":"2024-07-30T09:52:20","guid":{"rendered":"https:\/\/najnaj.eu\/?post_type=product&#038;p=211182"},"modified":"2026-02-06T15:14:46","modified_gmt":"2026-02-06T14:14:46","slug":"b-box-silikonska-hranilica-za-svjeze-voce-peony","status":"publish","type":"product","link":"https:\/\/najnaj.eu\/sl\/izdelek\/b-box-silikonska-hranilica-za-svjeze-voce-peony\/","title":{"rendered":"b.box Silikonska hranilica za svje\u017ee vo\u0107e &#8211; peony"},"content":{"rendered":"<p>Silikonska hranilica za svje\u017ee vo\u0107e idealna je za upoznavanje najmanjih s novim okusima. Vrlo ju je lako odr\u017eavati, periva je u perilici posu\u0111a i nje\u017ena za bebine desni. Dizajnirana je na na\u010din da je djeca mogu sama dr\u017eati i otkrivati nove okuse na zabavan i siguran na\u010din. Lubenica, meko vo\u0107e, rashla\u0111eno kuhano povr\u0107e&#8230;opcija je puno. Jednostavno skinite silikonski pretinac, napunite ga hranom, vratite natrag i u\u017eivanje u hrani mo\u017ee po\u010deti. Prakti\u010dna ru\u010dka poma\u017ee malenima u \u010dvrstom hvatu prilikom kori\u0161tenja, no slu\u017ei i kao no\u017eice na koje se postavi kada nije u upotrebi, kako bi hranilica ostala \u010dista i ne bi dodirivala povr\u0161inu na koju je odlo\u017eena. Uz hranilicu dolazi i poklop\u010di\u0107 za higijenskije pohranjivanje hranilice. Ova simpati\u010dna hranilica mo\u017ee se sterilizirati u parnom sterilizatoru.<\/p>\n","protected":false},"excerpt":{"rendered":"<p>&gt; Idealan pribor za higijensko i sigurno upoznavanje s novim okusima<br \/>\n&gt; Silikonska \u017evakalica je vrlo ugodna za bebine desni<br \/>\n&gt; Tri ru\u010dkice bebama olak\u0161avaju dr\u017eanje s jednom ili dvije ruke, a ostavljaju prostora i roditeljima da prisko\u010de u pomo\u0107<br \/>\n&gt; Otvaranje i zatvaranje na click-lock prsten<br \/>\n&gt; Kapica za silikonski dio poma\u017ee u odr\u017eavanju \u010disto\u0107e i higijene<br \/>\n&gt; Svi dijelovi se mogu rastaviti i oprati<br \/>\n&gt; Perivo na gornjoj polici u perilici posu\u0111a<br \/>\n&gt; Mogu\u0107a sterilizacija u parnom sterilizatoru<\/p>\n","protected":false},"featured_media":211575,"comment_status":"open","ping_status":"closed","template":"","meta":{"_acf_changed":false,"footnotes":""},"product_brand":[],"product_cat":[661,659,622],"product_tag":[],"class_list":{"0":"post-211182","1":"product","2":"type-product","3":"status-publish","4":"has-post-thumbnail","6":"product_cat-grickala","7":"product_cat-ostalo-za-hranjenje","8":"product_cat-posude","9":"pa_boja-ljubicasta","10":"pa_boja-roza","11":"pa_brand-b-box","12":"pa_vrsta-posuda-hranilica-za-voce","14":"first","15":"instock","16":"purchasable","17":"product-type-simple"},"bundled_by":["268324"],"bundle_stock_status":"instock","bundle_stock_quantity":15,"bundle_virtual":false,"bundle_layout":"","bundle_add_to_cart_form_location":"","bundle_editable_in_cart":false,"bundle_sold_individually_context":"","bundle_item_grouping":"","bundle_min_size":"","bundle_max_size":"","bundle_price":[],"bundled_items":[],"bundle_sell_ids":[],"acf":[],"yoast_head":"<!-- This site is optimized with the Yoast SEO Premium plugin v21.5 (Yoast SEO v27.3) - https:\/\/yoast.com\/product\/yoast-seo-premium-wordpress\/ -->\n<title>b.box Silikonska hranilica za svje\u017ee vo\u0107e - peony - NajNaj.eu<\/title>\n<meta name=\"robots\" content=\"index, follow, max-snippet:-1, max-image-preview:large, max-video-preview:-1\" \/>\n<link rel=\"canonical\" href=\"https:\/\/najnaj.eu\/sl\/izdelek\/b-box-silikonska-hranilica-za-svjeze-voce-peony\/\" \/>\n<meta property=\"og:locale\" content=\"sl_SI\" \/>\n<meta property=\"og:type\" content=\"article\" \/>\n<meta property=\"og:title\" content=\"b.box Silikonska hranilica za svje\u017ee vo\u0107e - peony\" \/>\n<meta property=\"og:description\" content=\"&gt; Idealan pribor za higijensko i sigurno upoznavanje s novim okusima &gt; Silikonska \u017evakalica je vrlo ugodna za bebine desni &gt; Tri ru\u010dkice bebama olak\u0161avaju dr\u017eanje s jednom ili dvije ruke, a ostavljaju prostora i roditeljima da prisko\u010de u pomo\u0107 &gt; Otvaranje i zatvaranje na click-lock prsten &gt; Kapica za silikonski dio poma\u017ee u odr\u017eavanju \u010disto\u0107e i higijene &gt; Svi dijelovi se mogu rastaviti i oprati &gt; Perivo na gornjoj polici u perilici posu\u0111a &gt; Mogu\u0107a sterilizacija u parnom sterilizatoru\" \/>\n<meta property=\"og:url\" content=\"https:\/\/najnaj.eu\/sl\/izdelek\/b-box-silikonska-hranilica-za-svjeze-voce-peony\/\" \/>\n<meta property=\"og:site_name\" content=\"NajNaj.eu\" \/>\n<meta property=\"article:publisher\" content=\"https:\/\/web.facebook.com\/najnaj.eu\/\" \/>\n<meta property=\"article:modified_time\" content=\"2026-02-06T14:14:46+00:00\" \/>\n<meta property=\"og:image\" content=\"https:\/\/najnaj.eu\/wp-content\/uploads\/2024\/07\/Peony_Silicone-Fresh-Food-Feeder_2.jpg\" \/>\n\t<meta property=\"og:image:width\" content=\"1833\" \/>\n\t<meta property=\"og:image:height\" content=\"2392\" \/>\n\t<meta property=\"og:image:type\" content=\"image\/jpeg\" \/>\n<meta name=\"twitter:card\" content=\"summary_large_image\" \/>\n<meta name=\"twitter:label1\" content=\"Price\" \/>\n\t<meta name=\"twitter:data1\" content=\"9,99&nbsp;&euro;\" \/>\n\t<meta name=\"twitter:label2\" content=\"Availability\" \/>\n\t<meta name=\"twitter:data2\" content=\"In stock\" \/>\n<script type=\"application\/ld+json\" class=\"yoast-schema-graph\">{\"@context\":\"https:\\\/\\\/schema.org\",\"@graph\":[{\"@type\":\"WebPage\",\"@id\":\"https:\\\/\\\/najnaj.eu\\\/sl\\\/izdelek\\\/b-box-silikonska-hranilica-za-svjeze-voce-peony\\\/\",\"url\":\"https:\\\/\\\/najnaj.eu\\\/sl\\\/izdelek\\\/b-box-silikonska-hranilica-za-svjeze-voce-peony\\\/\",\"name\":\"b.box Silikonska hranilica za svje\u017ee vo\u0107e - peony - NajNaj.eu\",\"isPartOf\":{\"@id\":\"https:\\\/\\\/najnaj.eu\\\/sl\\\/#website\"},\"primaryImageOfPage\":{\"@id\":\"https:\\\/\\\/najnaj.eu\\\/sl\\\/izdelek\\\/b-box-silikonska-hranilica-za-svjeze-voce-peony\\\/#primaryimage\"},\"image\":{\"@id\":\"https:\\\/\\\/najnaj.eu\\\/sl\\\/izdelek\\\/b-box-silikonska-hranilica-za-svjeze-voce-peony\\\/#primaryimage\"},\"thumbnailUrl\":\"https:\\\/\\\/najnaj.eu\\\/wp-content\\\/uploads\\\/2024\\\/07\\\/Peony_Silicone-Fresh-Food-Feeder_2.jpg\",\"datePublished\":\"2024-07-30T09:52:20+00:00\",\"dateModified\":\"2026-02-06T14:14:46+00:00\",\"breadcrumb\":{\"@id\":\"https:\\\/\\\/najnaj.eu\\\/sl\\\/izdelek\\\/b-box-silikonska-hranilica-za-svjeze-voce-peony\\\/#breadcrumb\"},\"inLanguage\":\"sl-SI\",\"potentialAction\":[{\"@type\":\"ReadAction\",\"target\":[\"https:\\\/\\\/najnaj.eu\\\/sl\\\/izdelek\\\/b-box-silikonska-hranilica-za-svjeze-voce-peony\\\/\"]}]},{\"@type\":\"ImageObject\",\"inLanguage\":\"sl-SI\",\"@id\":\"https:\\\/\\\/najnaj.eu\\\/sl\\\/izdelek\\\/b-box-silikonska-hranilica-za-svjeze-voce-peony\\\/#primaryimage\",\"url\":\"https:\\\/\\\/najnaj.eu\\\/wp-content\\\/uploads\\\/2024\\\/07\\\/Peony_Silicone-Fresh-Food-Feeder_2.jpg\",\"contentUrl\":\"https:\\\/\\\/najnaj.eu\\\/wp-content\\\/uploads\\\/2024\\\/07\\\/Peony_Silicone-Fresh-Food-Feeder_2.jpg\",\"width\":1833,\"height\":2392},{\"@type\":\"BreadcrumbList\",\"@id\":\"https:\\\/\\\/najnaj.eu\\\/sl\\\/izdelek\\\/b-box-silikonska-hranilica-za-svjeze-voce-peony\\\/#breadcrumb\",\"itemListElement\":[{\"@type\":\"ListItem\",\"position\":1,\"name\":\"Po\u010detna stranica\",\"item\":\"https:\\\/\\\/najnaj.eu\\\/sl\\\/prednja-stran\\\/\"},{\"@type\":\"ListItem\",\"position\":2,\"name\":\"Shop\",\"item\":\"https:\\\/\\\/najnaj.eu\\\/sl\\\/shop\\\/\"},{\"@type\":\"ListItem\",\"position\":3,\"name\":\"b.box Silikonska hranilica za svje\u017ee vo\u0107e &#8211; peony\"}]},{\"@type\":\"WebSite\",\"@id\":\"https:\\\/\\\/najnaj.eu\\\/sl\\\/#website\",\"url\":\"https:\\\/\\\/najnaj.eu\\\/sl\\\/\",\"name\":\"NajNaj.eu\",\"description\":\"Za najva\u017enije!\",\"publisher\":{\"@id\":\"https:\\\/\\\/najnaj.eu\\\/sl\\\/#organization\"},\"potentialAction\":[{\"@type\":\"SearchAction\",\"target\":{\"@type\":\"EntryPoint\",\"urlTemplate\":\"https:\\\/\\\/najnaj.eu\\\/sl\\\/?s={search_term_string}\"},\"query-input\":{\"@type\":\"PropertyValueSpecification\",\"valueRequired\":true,\"valueName\":\"search_term_string\"}}],\"inLanguage\":\"sl-SI\"},{\"@type\":\"Organization\",\"@id\":\"https:\\\/\\\/najnaj.eu\\\/sl\\\/#organization\",\"name\":\"NajNaj.eu\",\"url\":\"https:\\\/\\\/najnaj.eu\\\/sl\\\/\",\"logo\":{\"@type\":\"ImageObject\",\"inLanguage\":\"sl-SI\",\"@id\":\"https:\\\/\\\/najnaj.eu\\\/sl\\\/#\\\/schema\\\/logo\\\/image\\\/\",\"url\":\"https:\\\/\\\/najnaj.eu\\\/wp-content\\\/uploads\\\/2023\\\/09\\\/logo_Najnaj_2023.svg\",\"contentUrl\":\"https:\\\/\\\/najnaj.eu\\\/wp-content\\\/uploads\\\/2023\\\/09\\\/logo_Najnaj_2023.svg\",\"width\":501,\"height\":278,\"caption\":\"NajNaj.eu\"},\"image\":{\"@id\":\"https:\\\/\\\/najnaj.eu\\\/sl\\\/#\\\/schema\\\/logo\\\/image\\\/\"},\"sameAs\":[\"https:\\\/\\\/web.facebook.com\\\/najnaj.eu\\\/\",\"https:\\\/\\\/www.instagram.com\\\/najnaj.eu\\\/\",\"https:\\\/\\\/www.tiktok.com\\\/@najnaj.eu\"]}]}<\/script>\n<meta property=\"product:brand\" content=\"b.box\" \/>\n<meta property=\"product:price:amount\" content=\"9.99\" \/>\n<meta property=\"product:price:currency\" content=\"EUR\" \/>\n<meta property=\"og:availability\" content=\"instock\" \/>\n<meta property=\"product:availability\" content=\"instock\" \/>\n<meta property=\"product:retailer_item_id\" content=\"BX101409\" \/>\n<meta property=\"product:condition\" content=\"new\" \/>\n<!-- \/ Yoast SEO Premium plugin. -->","yoast_head_json":{"title":"b.box Silikonska hranilica za svje\u017ee vo\u0107e - peony - NajNaj.eu","robots":{"index":"index","follow":"follow","max-snippet":"max-snippet:-1","max-image-preview":"max-image-preview:large","max-video-preview":"max-video-preview:-1"},"canonical":"https:\/\/najnaj.eu\/sl\/izdelek\/b-box-silikonska-hranilica-za-svjeze-voce-peony\/","og_locale":"sl_SI","og_type":"article","og_title":"b.box Silikonska hranilica za svje\u017ee vo\u0107e - peony","og_description":"&gt; Idealan pribor za higijensko i sigurno upoznavanje s novim okusima &gt; Silikonska \u017evakalica je vrlo ugodna za bebine desni &gt; Tri ru\u010dkice bebama olak\u0161avaju dr\u017eanje s jednom ili dvije ruke, a ostavljaju prostora i roditeljima da prisko\u010de u pomo\u0107 &gt; Otvaranje i zatvaranje na click-lock prsten &gt; Kapica za silikonski dio poma\u017ee u odr\u017eavanju \u010disto\u0107e i higijene &gt; Svi dijelovi se mogu rastaviti i oprati &gt; Perivo na gornjoj polici u perilici posu\u0111a &gt; Mogu\u0107a sterilizacija u parnom sterilizatoru","og_url":"https:\/\/najnaj.eu\/sl\/izdelek\/b-box-silikonska-hranilica-za-svjeze-voce-peony\/","og_site_name":"NajNaj.eu","article_publisher":"https:\/\/web.facebook.com\/najnaj.eu\/","article_modified_time":"2026-02-06T14:14:46+00:00","og_image":[{"width":1833,"height":2392,"url":"https:\/\/najnaj.eu\/wp-content\/uploads\/2024\/07\/Peony_Silicone-Fresh-Food-Feeder_2.jpg","type":"image\/jpeg"}],"twitter_card":"summary_large_image","twitter_misc":{"Price":"9,99&nbsp;&euro;","Availability":"In stock"},"schema":{"@context":"https:\/\/schema.org","@graph":[{"@type":"WebPage","@id":"https:\/\/najnaj.eu\/sl\/izdelek\/b-box-silikonska-hranilica-za-svjeze-voce-peony\/","url":"https:\/\/najnaj.eu\/sl\/izdelek\/b-box-silikonska-hranilica-za-svjeze-voce-peony\/","name":"b.box Silikonska hranilica za svje\u017ee vo\u0107e - peony - NajNaj.eu","isPartOf":{"@id":"https:\/\/najnaj.eu\/sl\/#website"},"primaryImageOfPage":{"@id":"https:\/\/najnaj.eu\/sl\/izdelek\/b-box-silikonska-hranilica-za-svjeze-voce-peony\/#primaryimage"},"image":{"@id":"https:\/\/najnaj.eu\/sl\/izdelek\/b-box-silikonska-hranilica-za-svjeze-voce-peony\/#primaryimage"},"thumbnailUrl":"https:\/\/najnaj.eu\/wp-content\/uploads\/2024\/07\/Peony_Silicone-Fresh-Food-Feeder_2.jpg","datePublished":"2024-07-30T09:52:20+00:00","dateModified":"2026-02-06T14:14:46+00:00","breadcrumb":{"@id":"https:\/\/najnaj.eu\/sl\/izdelek\/b-box-silikonska-hranilica-za-svjeze-voce-peony\/#breadcrumb"},"inLanguage":"sl-SI","potentialAction":[{"@type":"ReadAction","target":["https:\/\/najnaj.eu\/sl\/izdelek\/b-box-silikonska-hranilica-za-svjeze-voce-peony\/"]}]},{"@type":"ImageObject","inLanguage":"sl-SI","@id":"https:\/\/najnaj.eu\/sl\/izdelek\/b-box-silikonska-hranilica-za-svjeze-voce-peony\/#primaryimage","url":"https:\/\/najnaj.eu\/wp-content\/uploads\/2024\/07\/Peony_Silicone-Fresh-Food-Feeder_2.jpg","contentUrl":"https:\/\/najnaj.eu\/wp-content\/uploads\/2024\/07\/Peony_Silicone-Fresh-Food-Feeder_2.jpg","width":1833,"height":2392},{"@type":"BreadcrumbList","@id":"https:\/\/najnaj.eu\/sl\/izdelek\/b-box-silikonska-hranilica-za-svjeze-voce-peony\/#breadcrumb","itemListElement":[{"@type":"ListItem","position":1,"name":"Po\u010detna stranica","item":"https:\/\/najnaj.eu\/sl\/prednja-stran\/"},{"@type":"ListItem","position":2,"name":"Shop","item":"https:\/\/najnaj.eu\/sl\/shop\/"},{"@type":"ListItem","position":3,"name":"b.box Silikonska hranilica za svje\u017ee vo\u0107e &#8211; peony"}]},{"@type":"WebSite","@id":"https:\/\/najnaj.eu\/sl\/#website","url":"https:\/\/najnaj.eu\/sl\/","name":"NajNaj.eu","description":"Za najva\u017enije!","publisher":{"@id":"https:\/\/najnaj.eu\/sl\/#organization"},"potentialAction":[{"@type":"SearchAction","target":{"@type":"EntryPoint","urlTemplate":"https:\/\/najnaj.eu\/sl\/?s={search_term_string}"},"query-input":{"@type":"PropertyValueSpecification","valueRequired":true,"valueName":"search_term_string"}}],"inLanguage":"sl-SI"},{"@type":"Organization","@id":"https:\/\/najnaj.eu\/sl\/#organization","name":"NajNaj.eu","url":"https:\/\/najnaj.eu\/sl\/","logo":{"@type":"ImageObject","inLanguage":"sl-SI","@id":"https:\/\/najnaj.eu\/sl\/#\/schema\/logo\/image\/","url":"https:\/\/najnaj.eu\/wp-content\/uploads\/2023\/09\/logo_Najnaj_2023.svg","contentUrl":"https:\/\/najnaj.eu\/wp-content\/uploads\/2023\/09\/logo_Najnaj_2023.svg","width":501,"height":278,"caption":"NajNaj.eu"},"image":{"@id":"https:\/\/najnaj.eu\/sl\/#\/schema\/logo\/image\/"},"sameAs":["https:\/\/web.facebook.com\/najnaj.eu\/","https:\/\/www.instagram.com\/najnaj.eu\/","https:\/\/www.tiktok.com\/@najnaj.eu"]}]},"product_brand":"b.box","product_price_amount":"9.99","product_price_currency":"EUR","og_availability":"instock","product_availability":"instock","product_retailer_item_id":"BX101409","product_condition":"new"},"_links":{"self":[{"href":"https:\/\/najnaj.eu\/sl\/wp-json\/wp\/v2\/product\/211182","targetHints":{"allow":["GET"]}}],"collection":[{"href":"https:\/\/najnaj.eu\/sl\/wp-json\/wp\/v2\/product"}],"about":[{"href":"https:\/\/najnaj.eu\/sl\/wp-json\/wp\/v2\/types\/product"}],"replies":[{"embeddable":true,"href":"https:\/\/najnaj.eu\/sl\/wp-json\/wp\/v2\/comments?post=211182"}],"version-history":[{"count":0,"href":"https:\/\/najnaj.eu\/sl\/wp-json\/wp\/v2\/product\/211182\/revisions"}],"wp:featuredmedia":[{"embeddable":true,"href":"https:\/\/najnaj.eu\/sl\/wp-json\/wp\/v2\/media\/211575"}],"wp:attachment":[{"href":"https:\/\/najnaj.eu\/sl\/wp-json\/wp\/v2\/media?parent=211182"}],"wp:term":[{"taxonomy":"product_brand","embeddable":true,"href":"https:\/\/najnaj.eu\/sl\/wp-json\/wp\/v2\/product_brand?post=211182"},{"taxonomy":"product_cat","embeddable":true,"href":"https:\/\/najnaj.eu\/sl\/wp-json\/wp\/v2\/product_cat?post=211182"},{"taxonomy":"product_tag","embeddable":true,"href":"https:\/\/najnaj.eu\/sl\/wp-json\/wp\/v2\/product_tag?post=211182"}],"curies":[{"name":"wp","href":"https:\/\/api.w.org\/{rel}","templated":true}]}}