{"id":208718,"date":"2025-09-24T11:43:18","date_gmt":"2025-09-24T09:43:18","guid":{"rendered":"https:\/\/najnaj.eu\/?post_type=product&#038;p=208718"},"modified":"2025-09-24T15:51:39","modified_gmt":"2025-09-24T13:51:39","slug":"citron-thermo-posoda-za-hrano-mala-250ml-zelena-2","status":"publish","type":"product","link":"https:\/\/najnaj.eu\/sl\/izdelek\/citron-thermo-posoda-za-hrano-mala-250ml-zelena-2\/","title":{"rendered":"Termo posoda za hrano Citron, majhna, 250 ml, Nevihtni samorog"},"content":{"rendered":"<ul>\n<li>Dvojna stena z vakuumsko izolacijo za ohranjanje temperature hrane<\/li>\n<li>Hrana ostane topla 6 ur in hladna 7 ur<\/li>\n<li>Zadrga, ki prepre\u010duje pu\u0161\u010danje, ohranja va\u0161o torbo za kosilo suho in \u010disto<\/li>\n<li>Ostane suh in hladen na zunanji strani, ne glede na to, kako vro\u010da ali hladna je vsebina<\/li>\n<li>Izdelano iz nerjave\u010dega jekla 304 za \u017eivilsko kakovost za dolgotrajno uporabo<\/li>\n<li>Zasnovano iz trajnostnih materialov<\/li>\n<li>Izdelano iz nestrupenih materialov (brez BPA, ftalatov in svinca)<\/li>\n<li>Pokrov se odpira navpi\u010dno brez potrebe po vrtenju, kar olaj\u0161a uporabo majhnim rokam.<\/li>\n<li>Primerno za otroke, stare 6+ mesecev<\/li>\n<li>Oblo\u017eeno z odstranljivo silikonsko prevleko za enostavno pranje<\/li>\n<li>Prostornina do 250 ml hrane<\/li>\n<li>Dimenzije: \u016010*V6,5 cm<\/li>\n<\/ul>\n<p>&nbsp;<\/p>\n<p><img loading=\"lazy\" decoding=\"async\" class=\"alignnone wp-image-211505 size-large\" src=\"https:\/\/najnaj.eu\/wp-content\/uploads\/2024\/07\/Small-Thermal-Food-Jar-250-Stormy-Unicorn-6-1-1024x1024.jpg\" alt=\"\" width=\"980\" height=\"980\" srcset=\"https:\/\/najnaj.eu\/wp-content\/uploads\/2024\/07\/Small-Thermal-Food-Jar-250-Stormy-Unicorn-6-1-1024x1024.jpg 1024w, https:\/\/najnaj.eu\/wp-content\/uploads\/2024\/07\/Small-Thermal-Food-Jar-250-Stormy-Unicorn-6-1-324x324.jpg 324w, https:\/\/najnaj.eu\/wp-content\/uploads\/2024\/07\/Small-Thermal-Food-Jar-250-Stormy-Unicorn-6-1-100x100.jpg 100w, https:\/\/najnaj.eu\/wp-content\/uploads\/2024\/07\/Small-Thermal-Food-Jar-250-Stormy-Unicorn-6-1-1200x1200.jpg 1200w, https:\/\/najnaj.eu\/wp-content\/uploads\/2024\/07\/Small-Thermal-Food-Jar-250-Stormy-Unicorn-6-1-300x300.jpg 300w, https:\/\/najnaj.eu\/wp-content\/uploads\/2024\/07\/Small-Thermal-Food-Jar-250-Stormy-Unicorn-6-1-150x150.jpg 150w, https:\/\/najnaj.eu\/wp-content\/uploads\/2024\/07\/Small-Thermal-Food-Jar-250-Stormy-Unicorn-6-1-768x768.jpg 768w, https:\/\/najnaj.eu\/wp-content\/uploads\/2024\/07\/Small-Thermal-Food-Jar-250-Stormy-Unicorn-6-1-1536x1536.jpg 1536w, https:\/\/najnaj.eu\/wp-content\/uploads\/2024\/07\/Small-Thermal-Food-Jar-250-Stormy-Unicorn-6-1-2048x2048.jpg 2048w, https:\/\/najnaj.eu\/wp-content\/uploads\/2024\/07\/Small-Thermal-Food-Jar-250-Stormy-Unicorn-6-1-1440x1440.jpg 1440w, https:\/\/najnaj.eu\/wp-content\/uploads\/2024\/07\/Small-Thermal-Food-Jar-250-Stormy-Unicorn-6-1-420x420.jpg 420w, https:\/\/najnaj.eu\/wp-content\/uploads\/2024\/07\/Small-Thermal-Food-Jar-250-Stormy-Unicorn-6-1-50x50.jpg 50w\" sizes=\"auto, (max-width: 980px) 100vw, 980px\" \/><\/p>\n","protected":false},"excerpt":{"rendered":"<p>S svojo inovativno tehnologijo vakuumske izolacije in izjemno \u0161iroko odprtino je na\u0161a 250 ml termo posoda za hrano \u0161e posebej uporabna, ko gre za obroke in prehranjevanje na poti. Njegova termo izolacija ohranja hrano pri temperaturi brez potrebe po pogrevanju in ohlajanju, prav tako je odporen na pu\u0161\u010danje in ima pokrov, ki se odpre navpi\u010dno, tako da se otrokom ni treba truditi z preklopnim pokrovom! <\/p>\n","protected":false},"featured_media":271317,"comment_status":"open","ping_status":"closed","template":"","meta":{"_acf_changed":false,"footnotes":""},"product_brand":[],"product_cat":[1167,1275,2270],"product_tag":[2282],"class_list":{"0":"post-208718","1":"product","2":"type-product","3":"status-publish","4":"has-post-thumbnail","6":"product_cat-hranjenje-sl","7":"product_cat-posoda","8":"product_cat-termo-posode","9":"product_tag-zima-sl","10":"pa_boja-roza-sl","11":"pa_brand-citron-sl","12":"pa_vrsta-posuda-skatle-za-prigrizke","14":"first","15":"instock","16":"shipping-taxable","17":"purchasable","18":"product-type-simple"},"bundled_by":[],"bundle_stock_status":"instock","bundle_stock_quantity":1,"bundle_virtual":false,"bundle_layout":"","bundle_add_to_cart_form_location":"","bundle_editable_in_cart":false,"bundle_sold_individually_context":"","bundle_item_grouping":"","bundle_min_size":"","bundle_max_size":"","bundle_price":[],"bundled_items":[],"bundle_sell_ids":[],"acf":[],"yoast_head":"<!-- This site is optimized with the Yoast SEO Premium plugin v21.5 (Yoast SEO v27.3) - https:\/\/yoast.com\/product\/yoast-seo-premium-wordpress\/ -->\n<title>Termo posoda za hrano Citron, majhna, 250 ml, Nevihtni samorog - NajNaj.eu<\/title>\n<meta name=\"robots\" content=\"index, follow, max-snippet:-1, max-image-preview:large, max-video-preview:-1\" \/>\n<link rel=\"canonical\" href=\"https:\/\/najnaj.eu\/sl\/izdelek\/citron-thermo-posoda-za-hrano-mala-250ml-zelena-2\/\" \/>\n<meta property=\"og:locale\" content=\"sl_SI\" \/>\n<meta property=\"og:type\" content=\"article\" \/>\n<meta property=\"og:title\" content=\"Termo posoda za hrano Citron, majhna, 250 ml, Nevihtni samorog\" \/>\n<meta property=\"og:description\" content=\"S svojo inovativno tehnologijo vakuumske izolacije in izjemno \u0161iroko odprtino je na\u0161a 250 ml termo posoda za hrano \u0161e posebej uporabna, ko gre za obroke in prehranjevanje na poti. Njegova termo izolacija ohranja hrano pri temperaturi brez potrebe po pogrevanju in ohlajanju, prav tako je odporen na pu\u0161\u010danje in ima pokrov, ki se odpre navpi\u010dno, tako da se otrokom ni treba truditi z preklopnim pokrovom!\" \/>\n<meta property=\"og:url\" content=\"https:\/\/najnaj.eu\/sl\/izdelek\/citron-thermo-posoda-za-hrano-mala-250ml-zelena-2\/\" \/>\n<meta property=\"og:site_name\" content=\"NajNaj.eu\" \/>\n<meta property=\"article:publisher\" content=\"https:\/\/web.facebook.com\/najnaj.eu\/\" \/>\n<meta property=\"article:modified_time\" content=\"2025-09-24T13:51:39+00:00\" \/>\n<meta property=\"og:image\" content=\"https:\/\/najnaj.eu\/wp-content\/uploads\/2024\/07\/Z1007-Stormy-Unicorn-Extra-1-scaled.jpg\" \/>\n\t<meta property=\"og:image:width\" content=\"2560\" \/>\n\t<meta property=\"og:image:height\" content=\"2560\" \/>\n\t<meta property=\"og:image:type\" content=\"image\/jpeg\" \/>\n<meta name=\"twitter:card\" content=\"summary_large_image\" \/>\n<meta name=\"twitter:label1\" content=\"Price\" \/>\n\t<meta name=\"twitter:data1\" content=\"28,99&nbsp;&euro;\" \/>\n\t<meta name=\"twitter:label2\" content=\"Availability\" \/>\n\t<meta name=\"twitter:data2\" content=\"In stock\" \/>\n<script type=\"application\/ld+json\" class=\"yoast-schema-graph\">{\"@context\":\"https:\\\/\\\/schema.org\",\"@graph\":[{\"@type\":\"WebPage\",\"@id\":\"https:\\\/\\\/najnaj.eu\\\/sl\\\/izdelek\\\/citron-thermo-posoda-za-hrano-mala-250ml-zelena-2\\\/\",\"url\":\"https:\\\/\\\/najnaj.eu\\\/sl\\\/izdelek\\\/citron-thermo-posoda-za-hrano-mala-250ml-zelena-2\\\/\",\"name\":\"Termo posoda za hrano Citron, majhna, 250 ml, Nevihtni samorog - NajNaj.eu\",\"isPartOf\":{\"@id\":\"https:\\\/\\\/najnaj.eu\\\/sl\\\/#website\"},\"primaryImageOfPage\":{\"@id\":\"https:\\\/\\\/najnaj.eu\\\/sl\\\/izdelek\\\/citron-thermo-posoda-za-hrano-mala-250ml-zelena-2\\\/#primaryimage\"},\"image\":{\"@id\":\"https:\\\/\\\/najnaj.eu\\\/sl\\\/izdelek\\\/citron-thermo-posoda-za-hrano-mala-250ml-zelena-2\\\/#primaryimage\"},\"thumbnailUrl\":\"https:\\\/\\\/najnaj.eu\\\/wp-content\\\/uploads\\\/2024\\\/07\\\/Z1007-Stormy-Unicorn-Extra-1-scaled.jpg\",\"datePublished\":\"2025-09-24T09:43:18+00:00\",\"dateModified\":\"2025-09-24T13:51:39+00:00\",\"breadcrumb\":{\"@id\":\"https:\\\/\\\/najnaj.eu\\\/sl\\\/izdelek\\\/citron-thermo-posoda-za-hrano-mala-250ml-zelena-2\\\/#breadcrumb\"},\"inLanguage\":\"sl-SI\",\"potentialAction\":[{\"@type\":\"ReadAction\",\"target\":[\"https:\\\/\\\/najnaj.eu\\\/sl\\\/izdelek\\\/citron-thermo-posoda-za-hrano-mala-250ml-zelena-2\\\/\"]}]},{\"@type\":\"ImageObject\",\"inLanguage\":\"sl-SI\",\"@id\":\"https:\\\/\\\/najnaj.eu\\\/sl\\\/izdelek\\\/citron-thermo-posoda-za-hrano-mala-250ml-zelena-2\\\/#primaryimage\",\"url\":\"https:\\\/\\\/najnaj.eu\\\/wp-content\\\/uploads\\\/2024\\\/07\\\/Z1007-Stormy-Unicorn-Extra-1-scaled.jpg\",\"contentUrl\":\"https:\\\/\\\/najnaj.eu\\\/wp-content\\\/uploads\\\/2024\\\/07\\\/Z1007-Stormy-Unicorn-Extra-1-scaled.jpg\",\"width\":2560,\"height\":2560},{\"@type\":\"BreadcrumbList\",\"@id\":\"https:\\\/\\\/najnaj.eu\\\/sl\\\/izdelek\\\/citron-thermo-posoda-za-hrano-mala-250ml-zelena-2\\\/#breadcrumb\",\"itemListElement\":[{\"@type\":\"ListItem\",\"position\":1,\"name\":\"Po\u010detna stranica\",\"item\":\"https:\\\/\\\/najnaj.eu\\\/sl\\\/prednja-stran\\\/\"},{\"@type\":\"ListItem\",\"position\":2,\"name\":\"Shop\",\"item\":\"https:\\\/\\\/najnaj.eu\\\/sl\\\/shop\\\/\"},{\"@type\":\"ListItem\",\"position\":3,\"name\":\"Termo posoda za hrano Citron, majhna, 250 ml, Nevihtni samorog\"}]},{\"@type\":\"WebSite\",\"@id\":\"https:\\\/\\\/najnaj.eu\\\/sl\\\/#website\",\"url\":\"https:\\\/\\\/najnaj.eu\\\/sl\\\/\",\"name\":\"NajNaj.eu\",\"description\":\"Za najva\u017enije!\",\"publisher\":{\"@id\":\"https:\\\/\\\/najnaj.eu\\\/sl\\\/#organization\"},\"potentialAction\":[{\"@type\":\"SearchAction\",\"target\":{\"@type\":\"EntryPoint\",\"urlTemplate\":\"https:\\\/\\\/najnaj.eu\\\/sl\\\/?s={search_term_string}\"},\"query-input\":{\"@type\":\"PropertyValueSpecification\",\"valueRequired\":true,\"valueName\":\"search_term_string\"}}],\"inLanguage\":\"sl-SI\"},{\"@type\":\"Organization\",\"@id\":\"https:\\\/\\\/najnaj.eu\\\/sl\\\/#organization\",\"name\":\"NajNaj.eu\",\"url\":\"https:\\\/\\\/najnaj.eu\\\/sl\\\/\",\"logo\":{\"@type\":\"ImageObject\",\"inLanguage\":\"sl-SI\",\"@id\":\"https:\\\/\\\/najnaj.eu\\\/sl\\\/#\\\/schema\\\/logo\\\/image\\\/\",\"url\":\"https:\\\/\\\/najnaj.eu\\\/wp-content\\\/uploads\\\/2023\\\/09\\\/logo_Najnaj_2023.svg\",\"contentUrl\":\"https:\\\/\\\/najnaj.eu\\\/wp-content\\\/uploads\\\/2023\\\/09\\\/logo_Najnaj_2023.svg\",\"width\":501,\"height\":278,\"caption\":\"NajNaj.eu\"},\"image\":{\"@id\":\"https:\\\/\\\/najnaj.eu\\\/sl\\\/#\\\/schema\\\/logo\\\/image\\\/\"},\"sameAs\":[\"https:\\\/\\\/web.facebook.com\\\/najnaj.eu\\\/\",\"https:\\\/\\\/www.instagram.com\\\/najnaj.eu\\\/\",\"https:\\\/\\\/www.tiktok.com\\\/@najnaj.eu\"]}]}<\/script>\n<meta property=\"product:brand\" content=\"Citron\" \/>\n<meta property=\"product:price:amount\" content=\"28.99\" \/>\n<meta property=\"product:price:currency\" content=\"EUR\" \/>\n<meta property=\"og:availability\" content=\"instock\" \/>\n<meta property=\"product:availability\" content=\"instock\" \/>\n<meta property=\"product:retailer_item_id\" content=\"2024_N_FJ_250_Unicorn\" \/>\n<meta property=\"product:condition\" content=\"new\" \/>\n<!-- \/ Yoast SEO Premium plugin. -->","yoast_head_json":{"title":"Termo posoda za hrano Citron, majhna, 250 ml, Nevihtni samorog - NajNaj.eu","robots":{"index":"index","follow":"follow","max-snippet":"max-snippet:-1","max-image-preview":"max-image-preview:large","max-video-preview":"max-video-preview:-1"},"canonical":"https:\/\/najnaj.eu\/sl\/izdelek\/citron-thermo-posoda-za-hrano-mala-250ml-zelena-2\/","og_locale":"sl_SI","og_type":"article","og_title":"Termo posoda za hrano Citron, majhna, 250 ml, Nevihtni samorog","og_description":"S svojo inovativno tehnologijo vakuumske izolacije in izjemno \u0161iroko odprtino je na\u0161a 250 ml termo posoda za hrano \u0161e posebej uporabna, ko gre za obroke in prehranjevanje na poti. Njegova termo izolacija ohranja hrano pri temperaturi brez potrebe po pogrevanju in ohlajanju, prav tako je odporen na pu\u0161\u010danje in ima pokrov, ki se odpre navpi\u010dno, tako da se otrokom ni treba truditi z preklopnim pokrovom!","og_url":"https:\/\/najnaj.eu\/sl\/izdelek\/citron-thermo-posoda-za-hrano-mala-250ml-zelena-2\/","og_site_name":"NajNaj.eu","article_publisher":"https:\/\/web.facebook.com\/najnaj.eu\/","article_modified_time":"2025-09-24T13:51:39+00:00","og_image":[{"width":2560,"height":2560,"url":"https:\/\/najnaj.eu\/wp-content\/uploads\/2024\/07\/Z1007-Stormy-Unicorn-Extra-1-scaled.jpg","type":"image\/jpeg"}],"twitter_card":"summary_large_image","twitter_misc":{"Price":"28,99&nbsp;&euro;","Availability":"In stock"},"schema":{"@context":"https:\/\/schema.org","@graph":[{"@type":"WebPage","@id":"https:\/\/najnaj.eu\/sl\/izdelek\/citron-thermo-posoda-za-hrano-mala-250ml-zelena-2\/","url":"https:\/\/najnaj.eu\/sl\/izdelek\/citron-thermo-posoda-za-hrano-mala-250ml-zelena-2\/","name":"Termo posoda za hrano Citron, majhna, 250 ml, Nevihtni samorog - NajNaj.eu","isPartOf":{"@id":"https:\/\/najnaj.eu\/sl\/#website"},"primaryImageOfPage":{"@id":"https:\/\/najnaj.eu\/sl\/izdelek\/citron-thermo-posoda-za-hrano-mala-250ml-zelena-2\/#primaryimage"},"image":{"@id":"https:\/\/najnaj.eu\/sl\/izdelek\/citron-thermo-posoda-za-hrano-mala-250ml-zelena-2\/#primaryimage"},"thumbnailUrl":"https:\/\/najnaj.eu\/wp-content\/uploads\/2024\/07\/Z1007-Stormy-Unicorn-Extra-1-scaled.jpg","datePublished":"2025-09-24T09:43:18+00:00","dateModified":"2025-09-24T13:51:39+00:00","breadcrumb":{"@id":"https:\/\/najnaj.eu\/sl\/izdelek\/citron-thermo-posoda-za-hrano-mala-250ml-zelena-2\/#breadcrumb"},"inLanguage":"sl-SI","potentialAction":[{"@type":"ReadAction","target":["https:\/\/najnaj.eu\/sl\/izdelek\/citron-thermo-posoda-za-hrano-mala-250ml-zelena-2\/"]}]},{"@type":"ImageObject","inLanguage":"sl-SI","@id":"https:\/\/najnaj.eu\/sl\/izdelek\/citron-thermo-posoda-za-hrano-mala-250ml-zelena-2\/#primaryimage","url":"https:\/\/najnaj.eu\/wp-content\/uploads\/2024\/07\/Z1007-Stormy-Unicorn-Extra-1-scaled.jpg","contentUrl":"https:\/\/najnaj.eu\/wp-content\/uploads\/2024\/07\/Z1007-Stormy-Unicorn-Extra-1-scaled.jpg","width":2560,"height":2560},{"@type":"BreadcrumbList","@id":"https:\/\/najnaj.eu\/sl\/izdelek\/citron-thermo-posoda-za-hrano-mala-250ml-zelena-2\/#breadcrumb","itemListElement":[{"@type":"ListItem","position":1,"name":"Po\u010detna stranica","item":"https:\/\/najnaj.eu\/sl\/prednja-stran\/"},{"@type":"ListItem","position":2,"name":"Shop","item":"https:\/\/najnaj.eu\/sl\/shop\/"},{"@type":"ListItem","position":3,"name":"Termo posoda za hrano Citron, majhna, 250 ml, Nevihtni samorog"}]},{"@type":"WebSite","@id":"https:\/\/najnaj.eu\/sl\/#website","url":"https:\/\/najnaj.eu\/sl\/","name":"NajNaj.eu","description":"Za najva\u017enije!","publisher":{"@id":"https:\/\/najnaj.eu\/sl\/#organization"},"potentialAction":[{"@type":"SearchAction","target":{"@type":"EntryPoint","urlTemplate":"https:\/\/najnaj.eu\/sl\/?s={search_term_string}"},"query-input":{"@type":"PropertyValueSpecification","valueRequired":true,"valueName":"search_term_string"}}],"inLanguage":"sl-SI"},{"@type":"Organization","@id":"https:\/\/najnaj.eu\/sl\/#organization","name":"NajNaj.eu","url":"https:\/\/najnaj.eu\/sl\/","logo":{"@type":"ImageObject","inLanguage":"sl-SI","@id":"https:\/\/najnaj.eu\/sl\/#\/schema\/logo\/image\/","url":"https:\/\/najnaj.eu\/wp-content\/uploads\/2023\/09\/logo_Najnaj_2023.svg","contentUrl":"https:\/\/najnaj.eu\/wp-content\/uploads\/2023\/09\/logo_Najnaj_2023.svg","width":501,"height":278,"caption":"NajNaj.eu"},"image":{"@id":"https:\/\/najnaj.eu\/sl\/#\/schema\/logo\/image\/"},"sameAs":["https:\/\/web.facebook.com\/najnaj.eu\/","https:\/\/www.instagram.com\/najnaj.eu\/","https:\/\/www.tiktok.com\/@najnaj.eu"]}]},"product_brand":"Citron","product_price_amount":"28.99","product_price_currency":"EUR","og_availability":"instock","product_availability":"instock","product_retailer_item_id":"2024_N_FJ_250_Unicorn","product_condition":"new"},"_links":{"self":[{"href":"https:\/\/najnaj.eu\/sl\/wp-json\/wp\/v2\/product\/208718","targetHints":{"allow":["GET"]}}],"collection":[{"href":"https:\/\/najnaj.eu\/sl\/wp-json\/wp\/v2\/product"}],"about":[{"href":"https:\/\/najnaj.eu\/sl\/wp-json\/wp\/v2\/types\/product"}],"replies":[{"embeddable":true,"href":"https:\/\/najnaj.eu\/sl\/wp-json\/wp\/v2\/comments?post=208718"}],"version-history":[{"count":0,"href":"https:\/\/najnaj.eu\/sl\/wp-json\/wp\/v2\/product\/208718\/revisions"}],"wp:featuredmedia":[{"embeddable":true,"href":"https:\/\/najnaj.eu\/sl\/wp-json\/wp\/v2\/media\/271317"}],"wp:attachment":[{"href":"https:\/\/najnaj.eu\/sl\/wp-json\/wp\/v2\/media?parent=208718"}],"wp:term":[{"taxonomy":"product_brand","embeddable":true,"href":"https:\/\/najnaj.eu\/sl\/wp-json\/wp\/v2\/product_brand?post=208718"},{"taxonomy":"product_cat","embeddable":true,"href":"https:\/\/najnaj.eu\/sl\/wp-json\/wp\/v2\/product_cat?post=208718"},{"taxonomy":"product_tag","embeddable":true,"href":"https:\/\/najnaj.eu\/sl\/wp-json\/wp\/v2\/product_tag?post=208718"}],"curies":[{"name":"wp","href":"https:\/\/api.w.org\/{rel}","templated":true}]}}