{"id":204742,"date":"2024-05-17T14:54:49","date_gmt":"2024-05-17T12:54:49","guid":{"rendered":"https:\/\/najnaj.eu\/?post_type=product&#038;p=204742"},"modified":"2026-03-14T10:27:25","modified_gmt":"2026-03-14T09:27:25","slug":"b-box-termo-boca-flip-top-1-l-deep-space","status":"publish","type":"product","link":"https:\/\/najnaj.eu\/sl\/izdelek\/b-box-termo-boca-flip-top-1-l-deep-space\/","title":{"rendered":"b.box Termo boca, Flip Top, 1 l &#8211; deep space"},"content":{"rendered":"<p>Dizajnirana za moju svakodnevicu, dizajnirana za mene.<\/p>\n<p>Pripremite se za ve\u0107u i bolju cjelodnevnu hidrataciju! Izolirana boca za pi\u0107e s preklopnim poklopcem od 1 L va\u0161a je svakodnevna stvar koju morate imati kad ste vani.<\/p>\n<p>Troslojna izolacija odr\u017eava teku\u0107ine hladnima do 46 sati, tako da mo\u017eete ostati hidratizirani bez obzira na to \u0161to vas dan \u010deka! Sadr\u017ei preklopni poklopac i slamku od nehr\u0111aju\u0107eg \u010delika za jednostavno okretanje i pijuckanje, slobodno ispijanje.<\/p>\n<p>Fleksibilna i izdr\u017eljiva ru\u010dka za no\u0161enje \u010dini hidrataciju u pokretu jednostavnom. Veliki otvor za jednostavno punjenje (i ponovno punjenje) teku\u0107inama i kockicama leda. Kapacitet 1L. Dizajn koji se lako \u010disti, mo\u017ee se prati u perilici posu\u0111a, samo gornja polica. Bez BPA, ftalata i PVC-a.<\/p>\n","protected":false},"excerpt":{"rendered":"<ul>\n<li>Troslojna izolacija &#8211; odr\u017eava teku\u0107ine hladnima do 46 sati!<\/li>\n<li>Preklopni gornji poklopac za pi\u0107e slobodnog protoka sa slamkom od nehr\u0111aju\u0107eg \u010delika iznutra<\/li>\n<li>Nepropusno kada je poklopac zatvoren<\/li>\n<li>Dizajn koji se lako \u010disti<\/li>\n<li>Mo\u017ee se prati u perilici posu\u0111a, samo gornja polica<\/li>\n<li>Izdr\u017eljiva, fleksibilna ru\u010dka za no\u0161enje u pokretu<\/li>\n<li>Izra\u0111en od nehr\u0111aju\u0107eg \u010delika, PP i silikona<\/li>\n<li>Bez BPA, PVC-a i ftalata<\/li>\n<li>Te\u017eina: 0,47 kg<\/li>\n<li>Kapacitet: 1L<\/li>\n<\/ul>\n","protected":false},"featured_media":248016,"comment_status":"open","ping_status":"closed","template":"","meta":{"_acf_changed":false,"footnotes":""},"product_brand":[],"product_cat":[654,577,1709,622],"product_tag":[2272,2141],"class_list":{"0":"post-204742","1":"product","2":"type-product","3":"status-publish","4":"has-post-thumbnail","6":"product_cat-boce-za-vodu","7":"product_cat-hranjenje","8":"product_cat-pokloni","9":"product_cat-posude","10":"product_tag-ljeto","11":"product_tag-personalizirani-proizvodi","12":"pa_boja-crna","13":"pa_brand-b-box","14":"pa_vrsta-posuda-bocice","15":"pa_vrsta-posuda-termo-bocice","17":"first","18":"instock","19":"shipping-taxable","20":"purchasable","21":"product-type-simple"},"bundled_by":[],"bundle_stock_status":"instock","bundle_stock_quantity":8,"bundle_virtual":false,"bundle_layout":"","bundle_add_to_cart_form_location":"","bundle_editable_in_cart":false,"bundle_sold_individually_context":"","bundle_item_grouping":"","bundle_min_size":"","bundle_max_size":"","bundle_price":[],"bundled_items":[],"bundle_sell_ids":[],"acf":[],"yoast_head":"<!-- This site is optimized with the Yoast SEO Premium plugin v21.5 (Yoast SEO v27.3) - https:\/\/yoast.com\/product\/yoast-seo-premium-wordpress\/ -->\n<title>b.box Termo boca, Flip Top, 1 l - deep space - NajNaj.eu<\/title>\n<meta name=\"robots\" content=\"index, follow, max-snippet:-1, max-image-preview:large, max-video-preview:-1\" \/>\n<link rel=\"canonical\" href=\"https:\/\/najnaj.eu\/sl\/izdelek\/b-box-termo-boca-flip-top-1-l-deep-space\/\" \/>\n<meta property=\"og:locale\" content=\"sl_SI\" \/>\n<meta property=\"og:type\" content=\"article\" \/>\n<meta property=\"og:title\" content=\"b.box Termo boca, Flip Top, 1 l - deep space\" \/>\n<meta property=\"og:description\" content=\"Troslojna izolacija - odr\u017eava teku\u0107ine hladnima do 46 sati!  Preklopni gornji poklopac za pi\u0107e slobodnog protoka sa slamkom od nehr\u0111aju\u0107eg \u010delika iznutra  Nepropusno kada je poklopac zatvoren  Dizajn koji se lako \u010disti  Mo\u017ee se prati u perilici posu\u0111a, samo gornja polica  Izdr\u017eljiva, fleksibilna ru\u010dka za no\u0161enje u pokretu  Izra\u0111en od nehr\u0111aju\u0107eg \u010delika, PP i silikona  Bez BPA, PVC-a i ftalata  Te\u017eina: 0,47 kg  Kapacitet: 1L\" \/>\n<meta property=\"og:url\" content=\"https:\/\/najnaj.eu\/sl\/izdelek\/b-box-termo-boca-flip-top-1-l-deep-space\/\" \/>\n<meta property=\"og:site_name\" content=\"NajNaj.eu\" \/>\n<meta property=\"article:publisher\" content=\"https:\/\/web.facebook.com\/najnaj.eu\/\" \/>\n<meta property=\"article:modified_time\" content=\"2026-03-14T09:27:25+00:00\" \/>\n<meta property=\"og:image\" content=\"https:\/\/najnaj.eu\/wp-content\/uploads\/2024\/05\/BX501539.jpg\" \/>\n\t<meta property=\"og:image:width\" content=\"2000\" \/>\n\t<meta property=\"og:image:height\" content=\"2000\" \/>\n\t<meta property=\"og:image:type\" content=\"image\/jpeg\" \/>\n<meta name=\"twitter:card\" content=\"summary_large_image\" \/>\n<meta name=\"twitter:label1\" content=\"Price\" \/>\n\t<meta name=\"twitter:data1\" content=\"38,99&nbsp;&euro;\" \/>\n\t<meta name=\"twitter:label2\" content=\"Availability\" \/>\n\t<meta name=\"twitter:data2\" content=\"In stock\" \/>\n<script type=\"application\/ld+json\" class=\"yoast-schema-graph\">{\"@context\":\"https:\\\/\\\/schema.org\",\"@graph\":[{\"@type\":\"WebPage\",\"@id\":\"https:\\\/\\\/najnaj.eu\\\/sl\\\/izdelek\\\/b-box-termo-boca-flip-top-1-l-deep-space\\\/\",\"url\":\"https:\\\/\\\/najnaj.eu\\\/sl\\\/izdelek\\\/b-box-termo-boca-flip-top-1-l-deep-space\\\/\",\"name\":\"b.box Termo boca, Flip Top, 1 l - deep space - NajNaj.eu\",\"isPartOf\":{\"@id\":\"https:\\\/\\\/najnaj.eu\\\/sl\\\/#website\"},\"primaryImageOfPage\":{\"@id\":\"https:\\\/\\\/najnaj.eu\\\/sl\\\/izdelek\\\/b-box-termo-boca-flip-top-1-l-deep-space\\\/#primaryimage\"},\"image\":{\"@id\":\"https:\\\/\\\/najnaj.eu\\\/sl\\\/izdelek\\\/b-box-termo-boca-flip-top-1-l-deep-space\\\/#primaryimage\"},\"thumbnailUrl\":\"https:\\\/\\\/najnaj.eu\\\/wp-content\\\/uploads\\\/2024\\\/05\\\/BX501539.jpg\",\"datePublished\":\"2024-05-17T12:54:49+00:00\",\"dateModified\":\"2026-03-14T09:27:25+00:00\",\"breadcrumb\":{\"@id\":\"https:\\\/\\\/najnaj.eu\\\/sl\\\/izdelek\\\/b-box-termo-boca-flip-top-1-l-deep-space\\\/#breadcrumb\"},\"inLanguage\":\"sl-SI\",\"potentialAction\":[{\"@type\":\"ReadAction\",\"target\":[\"https:\\\/\\\/najnaj.eu\\\/sl\\\/izdelek\\\/b-box-termo-boca-flip-top-1-l-deep-space\\\/\"]}]},{\"@type\":\"ImageObject\",\"inLanguage\":\"sl-SI\",\"@id\":\"https:\\\/\\\/najnaj.eu\\\/sl\\\/izdelek\\\/b-box-termo-boca-flip-top-1-l-deep-space\\\/#primaryimage\",\"url\":\"https:\\\/\\\/najnaj.eu\\\/wp-content\\\/uploads\\\/2024\\\/05\\\/BX501539.jpg\",\"contentUrl\":\"https:\\\/\\\/najnaj.eu\\\/wp-content\\\/uploads\\\/2024\\\/05\\\/BX501539.jpg\",\"width\":2000,\"height\":2000},{\"@type\":\"BreadcrumbList\",\"@id\":\"https:\\\/\\\/najnaj.eu\\\/sl\\\/izdelek\\\/b-box-termo-boca-flip-top-1-l-deep-space\\\/#breadcrumb\",\"itemListElement\":[{\"@type\":\"ListItem\",\"position\":1,\"name\":\"Po\u010detna stranica\",\"item\":\"https:\\\/\\\/najnaj.eu\\\/sl\\\/prednja-stran\\\/\"},{\"@type\":\"ListItem\",\"position\":2,\"name\":\"Shop\",\"item\":\"https:\\\/\\\/najnaj.eu\\\/sl\\\/shop\\\/\"},{\"@type\":\"ListItem\",\"position\":3,\"name\":\"b.box Termo boca, Flip Top, 1 l &#8211; deep space\"}]},{\"@type\":\"WebSite\",\"@id\":\"https:\\\/\\\/najnaj.eu\\\/sl\\\/#website\",\"url\":\"https:\\\/\\\/najnaj.eu\\\/sl\\\/\",\"name\":\"NajNaj.eu\",\"description\":\"Za najva\u017enije!\",\"publisher\":{\"@id\":\"https:\\\/\\\/najnaj.eu\\\/sl\\\/#organization\"},\"potentialAction\":[{\"@type\":\"SearchAction\",\"target\":{\"@type\":\"EntryPoint\",\"urlTemplate\":\"https:\\\/\\\/najnaj.eu\\\/sl\\\/?s={search_term_string}\"},\"query-input\":{\"@type\":\"PropertyValueSpecification\",\"valueRequired\":true,\"valueName\":\"search_term_string\"}}],\"inLanguage\":\"sl-SI\"},{\"@type\":\"Organization\",\"@id\":\"https:\\\/\\\/najnaj.eu\\\/sl\\\/#organization\",\"name\":\"NajNaj.eu\",\"url\":\"https:\\\/\\\/najnaj.eu\\\/sl\\\/\",\"logo\":{\"@type\":\"ImageObject\",\"inLanguage\":\"sl-SI\",\"@id\":\"https:\\\/\\\/najnaj.eu\\\/sl\\\/#\\\/schema\\\/logo\\\/image\\\/\",\"url\":\"https:\\\/\\\/najnaj.eu\\\/wp-content\\\/uploads\\\/2023\\\/09\\\/logo_Najnaj_2023.svg\",\"contentUrl\":\"https:\\\/\\\/najnaj.eu\\\/wp-content\\\/uploads\\\/2023\\\/09\\\/logo_Najnaj_2023.svg\",\"width\":501,\"height\":278,\"caption\":\"NajNaj.eu\"},\"image\":{\"@id\":\"https:\\\/\\\/najnaj.eu\\\/sl\\\/#\\\/schema\\\/logo\\\/image\\\/\"},\"sameAs\":[\"https:\\\/\\\/web.facebook.com\\\/najnaj.eu\\\/\",\"https:\\\/\\\/www.instagram.com\\\/najnaj.eu\\\/\",\"https:\\\/\\\/www.tiktok.com\\\/@najnaj.eu\"]}]}<\/script>\n<meta property=\"product:brand\" content=\"b.box\" \/>\n<meta property=\"product:price:amount\" content=\"38.99\" \/>\n<meta property=\"product:price:currency\" content=\"EUR\" \/>\n<meta property=\"og:availability\" content=\"instock\" \/>\n<meta property=\"product:availability\" content=\"instock\" \/>\n<meta property=\"product:retailer_item_id\" content=\"BX501539\" \/>\n<meta property=\"product:condition\" content=\"new\" \/>\n<!-- \/ Yoast SEO Premium plugin. -->","yoast_head_json":{"title":"b.box Termo boca, Flip Top, 1 l - deep space - NajNaj.eu","robots":{"index":"index","follow":"follow","max-snippet":"max-snippet:-1","max-image-preview":"max-image-preview:large","max-video-preview":"max-video-preview:-1"},"canonical":"https:\/\/najnaj.eu\/sl\/izdelek\/b-box-termo-boca-flip-top-1-l-deep-space\/","og_locale":"sl_SI","og_type":"article","og_title":"b.box Termo boca, Flip Top, 1 l - deep space","og_description":"Troslojna izolacija - odr\u017eava teku\u0107ine hladnima do 46 sati!  Preklopni gornji poklopac za pi\u0107e slobodnog protoka sa slamkom od nehr\u0111aju\u0107eg \u010delika iznutra  Nepropusno kada je poklopac zatvoren  Dizajn koji se lako \u010disti  Mo\u017ee se prati u perilici posu\u0111a, samo gornja polica  Izdr\u017eljiva, fleksibilna ru\u010dka za no\u0161enje u pokretu  Izra\u0111en od nehr\u0111aju\u0107eg \u010delika, PP i silikona  Bez BPA, PVC-a i ftalata  Te\u017eina: 0,47 kg  Kapacitet: 1L","og_url":"https:\/\/najnaj.eu\/sl\/izdelek\/b-box-termo-boca-flip-top-1-l-deep-space\/","og_site_name":"NajNaj.eu","article_publisher":"https:\/\/web.facebook.com\/najnaj.eu\/","article_modified_time":"2026-03-14T09:27:25+00:00","og_image":[{"width":2000,"height":2000,"url":"https:\/\/najnaj.eu\/wp-content\/uploads\/2024\/05\/BX501539.jpg","type":"image\/jpeg"}],"twitter_card":"summary_large_image","twitter_misc":{"Price":"38,99&nbsp;&euro;","Availability":"In stock"},"schema":{"@context":"https:\/\/schema.org","@graph":[{"@type":"WebPage","@id":"https:\/\/najnaj.eu\/sl\/izdelek\/b-box-termo-boca-flip-top-1-l-deep-space\/","url":"https:\/\/najnaj.eu\/sl\/izdelek\/b-box-termo-boca-flip-top-1-l-deep-space\/","name":"b.box Termo boca, Flip Top, 1 l - deep space - NajNaj.eu","isPartOf":{"@id":"https:\/\/najnaj.eu\/sl\/#website"},"primaryImageOfPage":{"@id":"https:\/\/najnaj.eu\/sl\/izdelek\/b-box-termo-boca-flip-top-1-l-deep-space\/#primaryimage"},"image":{"@id":"https:\/\/najnaj.eu\/sl\/izdelek\/b-box-termo-boca-flip-top-1-l-deep-space\/#primaryimage"},"thumbnailUrl":"https:\/\/najnaj.eu\/wp-content\/uploads\/2024\/05\/BX501539.jpg","datePublished":"2024-05-17T12:54:49+00:00","dateModified":"2026-03-14T09:27:25+00:00","breadcrumb":{"@id":"https:\/\/najnaj.eu\/sl\/izdelek\/b-box-termo-boca-flip-top-1-l-deep-space\/#breadcrumb"},"inLanguage":"sl-SI","potentialAction":[{"@type":"ReadAction","target":["https:\/\/najnaj.eu\/sl\/izdelek\/b-box-termo-boca-flip-top-1-l-deep-space\/"]}]},{"@type":"ImageObject","inLanguage":"sl-SI","@id":"https:\/\/najnaj.eu\/sl\/izdelek\/b-box-termo-boca-flip-top-1-l-deep-space\/#primaryimage","url":"https:\/\/najnaj.eu\/wp-content\/uploads\/2024\/05\/BX501539.jpg","contentUrl":"https:\/\/najnaj.eu\/wp-content\/uploads\/2024\/05\/BX501539.jpg","width":2000,"height":2000},{"@type":"BreadcrumbList","@id":"https:\/\/najnaj.eu\/sl\/izdelek\/b-box-termo-boca-flip-top-1-l-deep-space\/#breadcrumb","itemListElement":[{"@type":"ListItem","position":1,"name":"Po\u010detna stranica","item":"https:\/\/najnaj.eu\/sl\/prednja-stran\/"},{"@type":"ListItem","position":2,"name":"Shop","item":"https:\/\/najnaj.eu\/sl\/shop\/"},{"@type":"ListItem","position":3,"name":"b.box Termo boca, Flip Top, 1 l &#8211; deep space"}]},{"@type":"WebSite","@id":"https:\/\/najnaj.eu\/sl\/#website","url":"https:\/\/najnaj.eu\/sl\/","name":"NajNaj.eu","description":"Za najva\u017enije!","publisher":{"@id":"https:\/\/najnaj.eu\/sl\/#organization"},"potentialAction":[{"@type":"SearchAction","target":{"@type":"EntryPoint","urlTemplate":"https:\/\/najnaj.eu\/sl\/?s={search_term_string}"},"query-input":{"@type":"PropertyValueSpecification","valueRequired":true,"valueName":"search_term_string"}}],"inLanguage":"sl-SI"},{"@type":"Organization","@id":"https:\/\/najnaj.eu\/sl\/#organization","name":"NajNaj.eu","url":"https:\/\/najnaj.eu\/sl\/","logo":{"@type":"ImageObject","inLanguage":"sl-SI","@id":"https:\/\/najnaj.eu\/sl\/#\/schema\/logo\/image\/","url":"https:\/\/najnaj.eu\/wp-content\/uploads\/2023\/09\/logo_Najnaj_2023.svg","contentUrl":"https:\/\/najnaj.eu\/wp-content\/uploads\/2023\/09\/logo_Najnaj_2023.svg","width":501,"height":278,"caption":"NajNaj.eu"},"image":{"@id":"https:\/\/najnaj.eu\/sl\/#\/schema\/logo\/image\/"},"sameAs":["https:\/\/web.facebook.com\/najnaj.eu\/","https:\/\/www.instagram.com\/najnaj.eu\/","https:\/\/www.tiktok.com\/@najnaj.eu"]}]},"product_brand":"b.box","product_price_amount":"38.99","product_price_currency":"EUR","og_availability":"instock","product_availability":"instock","product_retailer_item_id":"BX501539","product_condition":"new"},"_links":{"self":[{"href":"https:\/\/najnaj.eu\/sl\/wp-json\/wp\/v2\/product\/204742","targetHints":{"allow":["GET"]}}],"collection":[{"href":"https:\/\/najnaj.eu\/sl\/wp-json\/wp\/v2\/product"}],"about":[{"href":"https:\/\/najnaj.eu\/sl\/wp-json\/wp\/v2\/types\/product"}],"replies":[{"embeddable":true,"href":"https:\/\/najnaj.eu\/sl\/wp-json\/wp\/v2\/comments?post=204742"}],"version-history":[{"count":0,"href":"https:\/\/najnaj.eu\/sl\/wp-json\/wp\/v2\/product\/204742\/revisions"}],"wp:featuredmedia":[{"embeddable":true,"href":"https:\/\/najnaj.eu\/sl\/wp-json\/wp\/v2\/media\/248016"}],"wp:attachment":[{"href":"https:\/\/najnaj.eu\/sl\/wp-json\/wp\/v2\/media?parent=204742"}],"wp:term":[{"taxonomy":"product_brand","embeddable":true,"href":"https:\/\/najnaj.eu\/sl\/wp-json\/wp\/v2\/product_brand?post=204742"},{"taxonomy":"product_cat","embeddable":true,"href":"https:\/\/najnaj.eu\/sl\/wp-json\/wp\/v2\/product_cat?post=204742"},{"taxonomy":"product_tag","embeddable":true,"href":"https:\/\/najnaj.eu\/sl\/wp-json\/wp\/v2\/product_tag?post=204742"}],"curies":[{"name":"wp","href":"https:\/\/api.w.org\/{rel}","templated":true}]}}