{"id":204379,"date":"2024-03-07T11:58:02","date_gmt":"2024-03-07T10:58:02","guid":{"rendered":"https:\/\/najnaj.eu\/proizvod\/b-box-360-steklo-lila-pop\/"},"modified":"2025-03-04T11:24:53","modified_gmt":"2025-03-04T10:24:53","slug":"b-box-360-steklo-lila-pop","status":"publish","type":"product","link":"https:\/\/najnaj.eu\/sl\/izdelek\/b-box-360-steklo-lila-pop\/","title":{"rendered":"b.box 360 steklo &#8211; lila pop"},"content":{"rendered":"<p>Spoznajte na\u0161 kozarec 360\u2026 podpira neodvisno pitje z majhnim pridihom\u2026<br \/>\nOdli\u010dna za najmlaj\u0161e, ki se u\u010dijo piti, na\u0161a skodelica 360 omogo\u010da otrokom, da srkajo iz super mehkega silikonskega roba za pitje, ki se aktivira z ustnicami. Ponujajo nadzor pretoka (bolj ko pritisnejo, ve\u010d teko\u010dine bo steklo) in manj razlitja zaradi tesnjenja silikonskih robov, ko niso v uporabi &#8230; kak\u0161na odli\u010dna ideja!<br \/>\nVeliki ro\u010daji olaj\u0161ajo dr\u017eanje otrokom, kar spodbuja njihovo samostojnost.<br \/>\nZ obra\u010danjem ro\u010dajev navzdol se razkrije silikonski rob za la\u017eje pitje, z obra\u010danjem ro\u010daja navzgor pa se zaklene in zapre, tako da ne pu\u0161\u010da v torbah ali vozi\u010dkih, poleg tega pa silikonski rob ostane \u010dist in higiensko za\u0161\u010diten.<br \/>\nProzoren pokrov omogo\u010da otrokom, da vidijo vsebino skodelice, podpira nagibanje in pitje ter koordinacijo rok in o\u010di. Prozorna skodelica omogo\u010da spremljanje dnevne hidracije.<br \/>\nProstornina 250 ml je primerna za hladno in vro\u010do teko\u010dino.<br \/>\nDno skodelice je primerno za mikrovalovno pe\u010dico.<br \/>\nVse dele lahko pomivate v pomivalnem stroju + sterilizatorju.<br \/>\n*Upo\u0161tevajte: stojalo za skodelice 360 \u200b\u200bni zdru\u017eljivo z drugimi steklenicami ali skodelicami b.box.*<\/p>\n","protected":false},"excerpt":{"rendered":"<p>&gt;360\u02da dizajn omogo\u010da otrokom, da pijejo od koder koli okoli roba silikonskega tesnila, ki se aktivira z ustnicami, kar pomaga nadzorovati pretok brez polivanja<br \/>\n&gt;  \u0160iroki ro\u010daji za la\u017eje dr\u017eanje spodbujajo samostojnost otrok<br \/>\n&gt;  2 funkciji &#8211; pokrov gor &#8211; pripravljen za uporabo, pokrov navzdol &#8211; pripravljen za potovanje<br \/>\n&gt;  Zasnova z zasukom prepre\u010duje pu\u0161\u010danje in ohranja rob za pitje higiensko \u010dist<br \/>\n&gt;  Prozoren pokrov omogo\u010da otrokom, da vidijo notranjost sto\u017eca in podpira koordinacijo o\u010di in rok<br \/>\n&gt;  Prozorno dno skodelice star\u0161em omogo\u010da spremljanje nivoja vode<br \/>\n&gt;  Prostornina 250 ml<br \/>\n&gt;  Pralno v pomivalnem stroju, samo na zgornji polici<br \/>\n&gt;  Primerno za sterilizator<\/p>\n","protected":false},"featured_media":199127,"comment_status":"open","ping_status":"closed","template":"","meta":{"_acf_changed":false,"footnotes":""},"product_brand":[],"product_cat":[577,656,622,318],"product_tag":[],"class_list":{"0":"post-204379","1":"product","2":"type-product","3":"status-publish","4":"has-post-thumbnail","6":"product_cat-hranjenje","7":"product_cat-salice","8":"product_cat-posude","9":"product_cat-proizvodi","10":"pa_boja-ljubicasta","11":"pa_boja-zelena","12":"pa_brand-b-box","13":"pa_vrsta-posuda-casice-i-salice","15":"first","16":"instock","17":"shipping-taxable","18":"purchasable","19":"product-type-simple"},"bundled_by":[],"bundle_stock_status":"instock","bundle_stock_quantity":15,"bundle_virtual":false,"bundle_layout":"","bundle_add_to_cart_form_location":"","bundle_editable_in_cart":false,"bundle_sold_individually_context":"","bundle_item_grouping":"","bundle_min_size":"","bundle_max_size":"","bundle_price":[],"bundled_items":[],"bundle_sell_ids":[],"acf":[],"yoast_head":"<!-- This site is optimized with the Yoast SEO Premium plugin v21.5 (Yoast SEO v27.4) - https:\/\/yoast.com\/product\/yoast-seo-premium-wordpress\/ -->\n<title>b.box 360 steklo - lila pop - NajNaj.eu<\/title>\n<meta name=\"robots\" content=\"index, follow, max-snippet:-1, max-image-preview:large, max-video-preview:-1\" \/>\n<link rel=\"canonical\" href=\"https:\/\/najnaj.eu\/sl\/izdelek\/b-box-360-steklo-lila-pop\/\" \/>\n<meta property=\"og:locale\" content=\"sl_SI\" \/>\n<meta property=\"og:type\" content=\"article\" \/>\n<meta property=\"og:title\" content=\"b.box 360 steklo - lila pop\" \/>\n<meta property=\"og:description\" content=\"&gt;360\u02da dizajn omogo\u010da otrokom, da pijejo od koder koli okoli roba silikonskega tesnila, ki se aktivira z ustnicami, kar pomaga nadzorovati pretok brez polivanja &gt; \u0160iroki ro\u010daji za la\u017eje dr\u017eanje spodbujajo samostojnost otrok &gt; 2 funkciji - pokrov gor - pripravljen za uporabo, pokrov navzdol - pripravljen za potovanje &gt; Zasnova z zasukom prepre\u010duje pu\u0161\u010danje in ohranja rob za pitje higiensko \u010dist &gt; Prozoren pokrov omogo\u010da otrokom, da vidijo notranjost sto\u017eca in podpira koordinacijo o\u010di in rok &gt; Prozorno dno skodelice star\u0161em omogo\u010da spremljanje nivoja vode &gt; Prostornina 250 ml &gt; Pralno v pomivalnem stroju, samo na zgornji polici &gt; Primerno za sterilizator\" \/>\n<meta property=\"og:url\" content=\"https:\/\/najnaj.eu\/sl\/izdelek\/b-box-360-steklo-lila-pop\/\" \/>\n<meta property=\"og:site_name\" content=\"NajNaj.eu\" \/>\n<meta property=\"article:publisher\" content=\"https:\/\/web.facebook.com\/najnaj.eu\/\" \/>\n<meta property=\"article:modified_time\" content=\"2025-03-04T10:24:53+00:00\" \/>\n<meta property=\"og:image\" content=\"https:\/\/najnaj.eu\/wp-content\/uploads\/2024\/03\/360-cup_lilac-pop_1.jpg\" \/>\n\t<meta property=\"og:image:width\" content=\"854\" \/>\n\t<meta property=\"og:image:height\" content=\"854\" \/>\n\t<meta property=\"og:image:type\" content=\"image\/jpeg\" \/>\n<meta name=\"twitter:card\" content=\"summary_large_image\" \/>\n<meta name=\"twitter:label1\" content=\"Price\" \/>\n\t<meta name=\"twitter:data1\" content=\"9,99&nbsp;&euro;\" \/>\n\t<meta name=\"twitter:label2\" content=\"Availability\" \/>\n\t<meta name=\"twitter:data2\" content=\"In stock\" \/>\n<script type=\"application\/ld+json\" class=\"yoast-schema-graph\">{\"@context\":\"https:\\\/\\\/schema.org\",\"@graph\":[{\"@type\":\"WebPage\",\"@id\":\"https:\\\/\\\/najnaj.eu\\\/sl\\\/izdelek\\\/b-box-360-steklo-lila-pop\\\/\",\"url\":\"https:\\\/\\\/najnaj.eu\\\/sl\\\/izdelek\\\/b-box-360-steklo-lila-pop\\\/\",\"name\":\"b.box 360 steklo - lila pop - NajNaj.eu\",\"isPartOf\":{\"@id\":\"https:\\\/\\\/najnaj.eu\\\/sl\\\/#website\"},\"primaryImageOfPage\":{\"@id\":\"https:\\\/\\\/najnaj.eu\\\/sl\\\/izdelek\\\/b-box-360-steklo-lila-pop\\\/#primaryimage\"},\"image\":{\"@id\":\"https:\\\/\\\/najnaj.eu\\\/sl\\\/izdelek\\\/b-box-360-steklo-lila-pop\\\/#primaryimage\"},\"thumbnailUrl\":\"https:\\\/\\\/najnaj.eu\\\/wp-content\\\/uploads\\\/2024\\\/03\\\/360-cup_lilac-pop_1.jpg\",\"datePublished\":\"2024-03-07T10:58:02+00:00\",\"dateModified\":\"2025-03-04T10:24:53+00:00\",\"breadcrumb\":{\"@id\":\"https:\\\/\\\/najnaj.eu\\\/sl\\\/izdelek\\\/b-box-360-steklo-lila-pop\\\/#breadcrumb\"},\"inLanguage\":\"sl-SI\",\"potentialAction\":[{\"@type\":\"ReadAction\",\"target\":[\"https:\\\/\\\/najnaj.eu\\\/sl\\\/izdelek\\\/b-box-360-steklo-lila-pop\\\/\"]}]},{\"@type\":\"ImageObject\",\"inLanguage\":\"sl-SI\",\"@id\":\"https:\\\/\\\/najnaj.eu\\\/sl\\\/izdelek\\\/b-box-360-steklo-lila-pop\\\/#primaryimage\",\"url\":\"https:\\\/\\\/najnaj.eu\\\/wp-content\\\/uploads\\\/2024\\\/03\\\/360-cup_lilac-pop_1.jpg\",\"contentUrl\":\"https:\\\/\\\/najnaj.eu\\\/wp-content\\\/uploads\\\/2024\\\/03\\\/360-cup_lilac-pop_1.jpg\",\"width\":854,\"height\":854},{\"@type\":\"BreadcrumbList\",\"@id\":\"https:\\\/\\\/najnaj.eu\\\/sl\\\/izdelek\\\/b-box-360-steklo-lila-pop\\\/#breadcrumb\",\"itemListElement\":[{\"@type\":\"ListItem\",\"position\":1,\"name\":\"Po\u010detna stranica\",\"item\":\"https:\\\/\\\/najnaj.eu\\\/sl\\\/prednja-stran\\\/\"},{\"@type\":\"ListItem\",\"position\":2,\"name\":\"Shop\",\"item\":\"https:\\\/\\\/najnaj.eu\\\/sl\\\/shop\\\/\"},{\"@type\":\"ListItem\",\"position\":3,\"name\":\"b.box 360 steklo &#8211; lila pop\"}]},{\"@type\":\"WebSite\",\"@id\":\"https:\\\/\\\/najnaj.eu\\\/sl\\\/#website\",\"url\":\"https:\\\/\\\/najnaj.eu\\\/sl\\\/\",\"name\":\"NajNaj.eu\",\"description\":\"Za najva\u017enije!\",\"publisher\":{\"@id\":\"https:\\\/\\\/najnaj.eu\\\/sl\\\/#organization\"},\"potentialAction\":[{\"@type\":\"SearchAction\",\"target\":{\"@type\":\"EntryPoint\",\"urlTemplate\":\"https:\\\/\\\/najnaj.eu\\\/sl\\\/?s={search_term_string}\"},\"query-input\":{\"@type\":\"PropertyValueSpecification\",\"valueRequired\":true,\"valueName\":\"search_term_string\"}}],\"inLanguage\":\"sl-SI\"},{\"@type\":\"Organization\",\"@id\":\"https:\\\/\\\/najnaj.eu\\\/sl\\\/#organization\",\"name\":\"NajNaj.eu\",\"url\":\"https:\\\/\\\/najnaj.eu\\\/sl\\\/\",\"logo\":{\"@type\":\"ImageObject\",\"inLanguage\":\"sl-SI\",\"@id\":\"https:\\\/\\\/najnaj.eu\\\/sl\\\/#\\\/schema\\\/logo\\\/image\\\/\",\"url\":\"https:\\\/\\\/najnaj.eu\\\/wp-content\\\/uploads\\\/2023\\\/09\\\/logo_Najnaj_2023.svg\",\"contentUrl\":\"https:\\\/\\\/najnaj.eu\\\/wp-content\\\/uploads\\\/2023\\\/09\\\/logo_Najnaj_2023.svg\",\"width\":501,\"height\":278,\"caption\":\"NajNaj.eu\"},\"image\":{\"@id\":\"https:\\\/\\\/najnaj.eu\\\/sl\\\/#\\\/schema\\\/logo\\\/image\\\/\"},\"sameAs\":[\"https:\\\/\\\/web.facebook.com\\\/najnaj.eu\\\/\",\"https:\\\/\\\/www.instagram.com\\\/najnaj.eu\\\/\",\"https:\\\/\\\/www.tiktok.com\\\/@najnaj.eu\"]}]}<\/script>\n<meta property=\"product:brand\" content=\"b.box\" \/>\n<meta property=\"product:price:amount\" content=\"9.99\" \/>\n<meta property=\"product:price:currency\" content=\"EUR\" \/>\n<meta property=\"og:availability\" content=\"instock\" \/>\n<meta property=\"product:availability\" content=\"instock\" \/>\n<meta property=\"product:retailer_item_id\" content=\"BX200103\" \/>\n<meta property=\"product:condition\" content=\"new\" \/>\n<!-- \/ Yoast SEO Premium plugin. -->","yoast_head_json":{"title":"b.box 360 steklo - lila pop - NajNaj.eu","robots":{"index":"index","follow":"follow","max-snippet":"max-snippet:-1","max-image-preview":"max-image-preview:large","max-video-preview":"max-video-preview:-1"},"canonical":"https:\/\/najnaj.eu\/sl\/izdelek\/b-box-360-steklo-lila-pop\/","og_locale":"sl_SI","og_type":"article","og_title":"b.box 360 steklo - lila pop","og_description":"&gt;360\u02da dizajn omogo\u010da otrokom, da pijejo od koder koli okoli roba silikonskega tesnila, ki se aktivira z ustnicami, kar pomaga nadzorovati pretok brez polivanja &gt; \u0160iroki ro\u010daji za la\u017eje dr\u017eanje spodbujajo samostojnost otrok &gt; 2 funkciji - pokrov gor - pripravljen za uporabo, pokrov navzdol - pripravljen za potovanje &gt; Zasnova z zasukom prepre\u010duje pu\u0161\u010danje in ohranja rob za pitje higiensko \u010dist &gt; Prozoren pokrov omogo\u010da otrokom, da vidijo notranjost sto\u017eca in podpira koordinacijo o\u010di in rok &gt; Prozorno dno skodelice star\u0161em omogo\u010da spremljanje nivoja vode &gt; Prostornina 250 ml &gt; Pralno v pomivalnem stroju, samo na zgornji polici &gt; Primerno za sterilizator","og_url":"https:\/\/najnaj.eu\/sl\/izdelek\/b-box-360-steklo-lila-pop\/","og_site_name":"NajNaj.eu","article_publisher":"https:\/\/web.facebook.com\/najnaj.eu\/","article_modified_time":"2025-03-04T10:24:53+00:00","og_image":[{"width":854,"height":854,"url":"https:\/\/najnaj.eu\/wp-content\/uploads\/2024\/03\/360-cup_lilac-pop_1.jpg","type":"image\/jpeg"}],"twitter_card":"summary_large_image","twitter_misc":{"Price":"9,99&nbsp;&euro;","Availability":"In stock"},"schema":{"@context":"https:\/\/schema.org","@graph":[{"@type":"WebPage","@id":"https:\/\/najnaj.eu\/sl\/izdelek\/b-box-360-steklo-lila-pop\/","url":"https:\/\/najnaj.eu\/sl\/izdelek\/b-box-360-steklo-lila-pop\/","name":"b.box 360 steklo - lila pop - NajNaj.eu","isPartOf":{"@id":"https:\/\/najnaj.eu\/sl\/#website"},"primaryImageOfPage":{"@id":"https:\/\/najnaj.eu\/sl\/izdelek\/b-box-360-steklo-lila-pop\/#primaryimage"},"image":{"@id":"https:\/\/najnaj.eu\/sl\/izdelek\/b-box-360-steklo-lila-pop\/#primaryimage"},"thumbnailUrl":"https:\/\/najnaj.eu\/wp-content\/uploads\/2024\/03\/360-cup_lilac-pop_1.jpg","datePublished":"2024-03-07T10:58:02+00:00","dateModified":"2025-03-04T10:24:53+00:00","breadcrumb":{"@id":"https:\/\/najnaj.eu\/sl\/izdelek\/b-box-360-steklo-lila-pop\/#breadcrumb"},"inLanguage":"sl-SI","potentialAction":[{"@type":"ReadAction","target":["https:\/\/najnaj.eu\/sl\/izdelek\/b-box-360-steklo-lila-pop\/"]}]},{"@type":"ImageObject","inLanguage":"sl-SI","@id":"https:\/\/najnaj.eu\/sl\/izdelek\/b-box-360-steklo-lila-pop\/#primaryimage","url":"https:\/\/najnaj.eu\/wp-content\/uploads\/2024\/03\/360-cup_lilac-pop_1.jpg","contentUrl":"https:\/\/najnaj.eu\/wp-content\/uploads\/2024\/03\/360-cup_lilac-pop_1.jpg","width":854,"height":854},{"@type":"BreadcrumbList","@id":"https:\/\/najnaj.eu\/sl\/izdelek\/b-box-360-steklo-lila-pop\/#breadcrumb","itemListElement":[{"@type":"ListItem","position":1,"name":"Po\u010detna stranica","item":"https:\/\/najnaj.eu\/sl\/prednja-stran\/"},{"@type":"ListItem","position":2,"name":"Shop","item":"https:\/\/najnaj.eu\/sl\/shop\/"},{"@type":"ListItem","position":3,"name":"b.box 360 steklo &#8211; lila pop"}]},{"@type":"WebSite","@id":"https:\/\/najnaj.eu\/sl\/#website","url":"https:\/\/najnaj.eu\/sl\/","name":"NajNaj.eu","description":"Za najva\u017enije!","publisher":{"@id":"https:\/\/najnaj.eu\/sl\/#organization"},"potentialAction":[{"@type":"SearchAction","target":{"@type":"EntryPoint","urlTemplate":"https:\/\/najnaj.eu\/sl\/?s={search_term_string}"},"query-input":{"@type":"PropertyValueSpecification","valueRequired":true,"valueName":"search_term_string"}}],"inLanguage":"sl-SI"},{"@type":"Organization","@id":"https:\/\/najnaj.eu\/sl\/#organization","name":"NajNaj.eu","url":"https:\/\/najnaj.eu\/sl\/","logo":{"@type":"ImageObject","inLanguage":"sl-SI","@id":"https:\/\/najnaj.eu\/sl\/#\/schema\/logo\/image\/","url":"https:\/\/najnaj.eu\/wp-content\/uploads\/2023\/09\/logo_Najnaj_2023.svg","contentUrl":"https:\/\/najnaj.eu\/wp-content\/uploads\/2023\/09\/logo_Najnaj_2023.svg","width":501,"height":278,"caption":"NajNaj.eu"},"image":{"@id":"https:\/\/najnaj.eu\/sl\/#\/schema\/logo\/image\/"},"sameAs":["https:\/\/web.facebook.com\/najnaj.eu\/","https:\/\/www.instagram.com\/najnaj.eu\/","https:\/\/www.tiktok.com\/@najnaj.eu"]}]},"product_brand":"b.box","product_price_amount":"9.99","product_price_currency":"EUR","og_availability":"instock","product_availability":"instock","product_retailer_item_id":"BX200103","product_condition":"new"},"_links":{"self":[{"href":"https:\/\/najnaj.eu\/sl\/wp-json\/wp\/v2\/product\/204379","targetHints":{"allow":["GET"]}}],"collection":[{"href":"https:\/\/najnaj.eu\/sl\/wp-json\/wp\/v2\/product"}],"about":[{"href":"https:\/\/najnaj.eu\/sl\/wp-json\/wp\/v2\/types\/product"}],"replies":[{"embeddable":true,"href":"https:\/\/najnaj.eu\/sl\/wp-json\/wp\/v2\/comments?post=204379"}],"version-history":[{"count":0,"href":"https:\/\/najnaj.eu\/sl\/wp-json\/wp\/v2\/product\/204379\/revisions"}],"wp:featuredmedia":[{"embeddable":true,"href":"https:\/\/najnaj.eu\/sl\/wp-json\/wp\/v2\/media\/199127"}],"wp:attachment":[{"href":"https:\/\/najnaj.eu\/sl\/wp-json\/wp\/v2\/media?parent=204379"}],"wp:term":[{"taxonomy":"product_brand","embeddable":true,"href":"https:\/\/najnaj.eu\/sl\/wp-json\/wp\/v2\/product_brand?post=204379"},{"taxonomy":"product_cat","embeddable":true,"href":"https:\/\/najnaj.eu\/sl\/wp-json\/wp\/v2\/product_cat?post=204379"},{"taxonomy":"product_tag","embeddable":true,"href":"https:\/\/najnaj.eu\/sl\/wp-json\/wp\/v2\/product_tag?post=204379"}],"curies":[{"name":"wp","href":"https:\/\/api.w.org\/{rel}","templated":true}]}}