{"id":204303,"date":"2025-01-02T10:24:45","date_gmt":"2025-01-02T09:24:45","guid":{"rendered":"https:\/\/najnaj.eu\/proizvod\/besafe-izi-flex-fix-2-i-size-peak-mesh\/"},"modified":"2025-12-04T08:47:35","modified_gmt":"2025-12-04T07:47:35","slug":"besafe-izi-flex-fix-2-i-size-peak-mesh","status":"publish","type":"product","link":"https:\/\/najnaj.eu\/sl\/izdelek\/besafe-izi-flex-fix-2-i-size-peak-mesh\/","title":{"rendered":"BeSafe iZi Flex FIX 2 i-Size &#8211; Peak Mesh"},"content":{"rendered":"<p><strong>3 avtomobilski sede\u017ei v vrsti<\/strong><br \/>\nNaredite prostor za do tri otroke v vrsti tako, da preprosto odstranite oba stranska \u0161\u010ditnika SIP s sredinskega sede\u017ea.<\/p>\n<p><strong>Blazina PAD+<\/strong><br \/>\nZasnovan za dodatno za\u0161\u010dito brade in prsnega ko\u0161a, PAD+ ponuja mehko in udobno podlogo za rob varnostnega pasu.<\/p>\n<p><strong>Vodila za pasove<\/strong><br \/>\nInovativna medno\u017ena zaponka BeSafe temelji na na\u0161i preizku\u0161eni tehnologiji nose\u010dni\u0161kega pasu. Ta inteligentna re\u0161itev prepre\u010duje, da bi otrokovo telo zdrsnilo naprej in pod varnostni pas ter vedno zagotavlja pravilno namestitev trebu\u0161nega dela varnostnega pasu. Z na\u0161im vodilom za ramenski pas je pripenjanje varnostnega pasu zdaj \u0161e la\u017eje in natan\u010dnej\u0161e. Tkanina medno\u017ene zaponke se zlahka odstrani, kar omogo\u010da enostavno vzdr\u017eevanje in \u010di\u0161\u010denje po potrebi.<\/p>\n<p><strong>Rahlo nagnjen polo\u017eaj<\/strong><br \/>\nSede\u017e je enostavno nastavljiv v rahlo nagnjen polo\u017eaj, kar zagotavlja dodatno udobje in za\u0161\u010dito va\u0161ega otroka. Ko va\u0161 otrok v avtu postane zaspan, nagnjen polo\u017eaj pomaga zagotoviti, da njegova glava in trup ostaneta za\u0161\u010ditena v avtomobilskem sede\u017eu.<\/p>\n<p><strong>Inovativen naslon za glavo<\/strong><br \/>\nInovativna konstrukcija vzglavnika z za\u0161\u010ditnim u\u010dinkom kot trampolin.<\/p>\n<p><strong>Varnost<\/strong><br \/>\n&#8211; Inovativna konstrukcija vzglavnika z za\u0161\u010ditnim u\u010dinkom kot trampolin (Dynamic Force Absorber\u2122)<br \/>\n&#8211; Odobreno v skladu s pravilnikom UN R129<br \/>\n&#8211; Zasnova blazine PAD+ za dodatno za\u0161\u010dito brade in prsi<br \/>\n&#8211; Fleksibilna za\u0161\u010dita pri bo\u010dnem trku<br \/>\n&#8211; Vodila za ramenski in medeni\u010dni pas za popolno namestitev<br \/>\n-SIP+ bo\u010dna za\u0161\u010dita pred udarci<br \/>\n&#8211; Vzglavnik iz EPP materiala za vrhunsko za\u0161\u010dito<br \/>\n-Brez naslonov za roke, da prepre\u010dite nepravilno uporabo varnostnega pasu<\/p>\n<p><strong>Veliko prostora in 3 sede\u017ei v vrsti<\/strong><br \/>\n&#8211; Zavzame malo prostora \u2013 a z veliko prostora za va\u0161ega otroka<br \/>\n&#8211; Stranske za\u0161\u010dite SIP je mogo\u010de odstraniti za namestitev do 3 sede\u017eev\/oseb v vrsti<\/p>\n<p><strong>Udobje<\/strong><br \/>\n&#8211; Opora za glavo otroku zagotavlja dober pogled s strani in dobro oporo med spanjem<br \/>\n&#8211; Edinstvena re\u0161itev za nastavitev vi\u0161ine ob strani sede\u017ea, medtem ko je va\u0161 otrok pripet<br \/>\n-Prilagaja se odra\u0161\u010dajo\u010demu otroku<br \/>\n&#8211; Blazina PAD+ zagotavlja udobno in mehko povr\u0161ino z varnostnim pasom<br \/>\n&#8211; Edinstvena in prakti\u010dna funkcija naslonjala<br \/>\n&#8211; Integriran ro\u010daj za la\u017eji transport<br \/>\n&#8211; Enostavno pranje s popolnoma odstranljivo prevleko<\/p>\n","protected":false},"excerpt":{"rendered":"<p>Flex FIX 2 &#8211; booster z naslonom je naslednik ve\u010dkrat nagrajenega avtosede\u017ea BeSafe iZi Flex FIX i-Size. Zdru\u017euje odli\u010dno varnost, optimalno udobje in kakovosten dizajn za postavitev do treh sede\u017eev v vrsti.<\/p>\n<p>Vi\u0161ina: 100-150 cm<br \/>\nStarost: pribl. 4 \u2013 12 let.<br \/>\nNamestitev: ISOfix ali avtomobilski varnostni pas s trito\u010dkovnim pritrditvijo<br \/>\nSmer: V smeri vo\u017enje<br \/>\nCertifikat: UN R129<\/p>\n","protected":false},"featured_media":199673,"comment_status":"open","ping_status":"closed","template":"","meta":{"_acf_changed":false,"footnotes":""},"product_brand":[],"product_cat":[574,832],"product_tag":[],"class_list":{"0":"post-204303","1":"product","2":"type-product","3":"status-publish","4":"has-post-thumbnail","6":"product_cat-autosjedalice","7":"product_cat-veca-djeca-od-4-god","8":"pa_atest-ece-r129-i-size","9":"pa_boja-siva","10":"pa_brand-besafe","11":"pa_nacin-postavljanja-automobilski-pojas","12":"pa_nacin-postavljanja-isofix","13":"pa_visina-djeteta-od-100-do-150-cm","15":"first","16":"outofstock","17":"shipping-taxable","18":"purchasable","19":"product-type-simple"},"bundled_by":[],"bundle_stock_status":"outofstock","bundle_stock_quantity":0,"bundle_virtual":false,"bundle_layout":"","bundle_add_to_cart_form_location":"","bundle_editable_in_cart":false,"bundle_sold_individually_context":"","bundle_item_grouping":"","bundle_min_size":"","bundle_max_size":"","bundle_price":[],"bundled_items":[],"bundle_sell_ids":[],"acf":[],"yoast_head":"<!-- This site is optimized with the Yoast SEO Premium plugin v21.5 (Yoast SEO v27.3) - https:\/\/yoast.com\/product\/yoast-seo-premium-wordpress\/ -->\n<title>BeSafe iZi Flex FIX 2 i-Size - Peak Mesh - NajNaj.eu<\/title>\n<meta name=\"robots\" content=\"index, follow, max-snippet:-1, max-image-preview:large, max-video-preview:-1\" \/>\n<link rel=\"canonical\" href=\"https:\/\/najnaj.eu\/sl\/izdelek\/besafe-izi-flex-fix-2-i-size-peak-mesh\/\" \/>\n<meta property=\"og:locale\" content=\"sl_SI\" \/>\n<meta property=\"og:type\" content=\"article\" \/>\n<meta property=\"og:title\" content=\"BeSafe iZi Flex FIX 2 i-Size - Peak Mesh\" \/>\n<meta property=\"og:description\" content=\"Flex FIX 2 - booster z naslonom je naslednik ve\u010dkrat nagrajenega avtosede\u017ea BeSafe iZi Flex FIX i-Size. Zdru\u017euje odli\u010dno varnost, optimalno udobje in kakovosten dizajn za postavitev do treh sede\u017eev v vrsti. Vi\u0161ina: 100-150 cm Starost: pribl. 4 \u2013 12 let. Namestitev: ISOfix ali avtomobilski varnostni pas s trito\u010dkovnim pritrditvijo Smer: V smeri vo\u017enje Certifikat: UN R129\" \/>\n<meta property=\"og:url\" content=\"https:\/\/najnaj.eu\/sl\/izdelek\/besafe-izi-flex-fix-2-i-size-peak-mesh\/\" \/>\n<meta property=\"og:site_name\" content=\"NajNaj.eu\" \/>\n<meta property=\"article:publisher\" content=\"https:\/\/web.facebook.com\/najnaj.eu\/\" \/>\n<meta property=\"article:modified_time\" content=\"2025-12-04T07:47:35+00:00\" \/>\n<meta property=\"og:image\" content=\"https:\/\/najnaj.eu\/wp-content\/uploads\/2024\/03\/11037469\u200b_BeSafe-Flex-FIX-2\u200b_Peak-Mesh_Front.jpg\" \/>\n\t<meta property=\"og:image:width\" content=\"1080\" \/>\n\t<meta property=\"og:image:height\" content=\"1080\" \/>\n\t<meta property=\"og:image:type\" content=\"image\/jpeg\" \/>\n<meta name=\"twitter:card\" content=\"summary_large_image\" \/>\n<meta name=\"twitter:label1\" content=\"Price\" \/>\n\t<meta name=\"twitter:data1\" content=\"309,00&nbsp;&euro;\" \/>\n\t<meta name=\"twitter:label2\" content=\"Availability\" \/>\n\t<meta name=\"twitter:data2\" content=\"Out of stock\" \/>\n<script type=\"application\/ld+json\" class=\"yoast-schema-graph\">{\"@context\":\"https:\\\/\\\/schema.org\",\"@graph\":[{\"@type\":\"WebPage\",\"@id\":\"https:\\\/\\\/najnaj.eu\\\/sl\\\/izdelek\\\/besafe-izi-flex-fix-2-i-size-peak-mesh\\\/\",\"url\":\"https:\\\/\\\/najnaj.eu\\\/sl\\\/izdelek\\\/besafe-izi-flex-fix-2-i-size-peak-mesh\\\/\",\"name\":\"BeSafe iZi Flex FIX 2 i-Size - Peak Mesh - NajNaj.eu\",\"isPartOf\":{\"@id\":\"https:\\\/\\\/najnaj.eu\\\/sl\\\/#website\"},\"primaryImageOfPage\":{\"@id\":\"https:\\\/\\\/najnaj.eu\\\/sl\\\/izdelek\\\/besafe-izi-flex-fix-2-i-size-peak-mesh\\\/#primaryimage\"},\"image\":{\"@id\":\"https:\\\/\\\/najnaj.eu\\\/sl\\\/izdelek\\\/besafe-izi-flex-fix-2-i-size-peak-mesh\\\/#primaryimage\"},\"thumbnailUrl\":\"https:\\\/\\\/najnaj.eu\\\/wp-content\\\/uploads\\\/2024\\\/03\\\/11037469\u200b_BeSafe-Flex-FIX-2\u200b_Peak-Mesh_Front.jpg\",\"datePublished\":\"2025-01-02T09:24:45+00:00\",\"dateModified\":\"2025-12-04T07:47:35+00:00\",\"breadcrumb\":{\"@id\":\"https:\\\/\\\/najnaj.eu\\\/sl\\\/izdelek\\\/besafe-izi-flex-fix-2-i-size-peak-mesh\\\/#breadcrumb\"},\"inLanguage\":\"sl-SI\",\"potentialAction\":[{\"@type\":\"ReadAction\",\"target\":[\"https:\\\/\\\/najnaj.eu\\\/sl\\\/izdelek\\\/besafe-izi-flex-fix-2-i-size-peak-mesh\\\/\"]}]},{\"@type\":\"ImageObject\",\"inLanguage\":\"sl-SI\",\"@id\":\"https:\\\/\\\/najnaj.eu\\\/sl\\\/izdelek\\\/besafe-izi-flex-fix-2-i-size-peak-mesh\\\/#primaryimage\",\"url\":\"https:\\\/\\\/najnaj.eu\\\/wp-content\\\/uploads\\\/2024\\\/03\\\/11037469\u200b_BeSafe-Flex-FIX-2\u200b_Peak-Mesh_Front.jpg\",\"contentUrl\":\"https:\\\/\\\/najnaj.eu\\\/wp-content\\\/uploads\\\/2024\\\/03\\\/11037469\u200b_BeSafe-Flex-FIX-2\u200b_Peak-Mesh_Front.jpg\",\"width\":1080,\"height\":1080},{\"@type\":\"BreadcrumbList\",\"@id\":\"https:\\\/\\\/najnaj.eu\\\/sl\\\/izdelek\\\/besafe-izi-flex-fix-2-i-size-peak-mesh\\\/#breadcrumb\",\"itemListElement\":[{\"@type\":\"ListItem\",\"position\":1,\"name\":\"Po\u010detna stranica\",\"item\":\"https:\\\/\\\/najnaj.eu\\\/sl\\\/prednja-stran\\\/\"},{\"@type\":\"ListItem\",\"position\":2,\"name\":\"Shop\",\"item\":\"https:\\\/\\\/najnaj.eu\\\/sl\\\/shop\\\/\"},{\"@type\":\"ListItem\",\"position\":3,\"name\":\"BeSafe iZi Flex FIX 2 i-Size &#8211; Peak Mesh\"}]},{\"@type\":\"WebSite\",\"@id\":\"https:\\\/\\\/najnaj.eu\\\/sl\\\/#website\",\"url\":\"https:\\\/\\\/najnaj.eu\\\/sl\\\/\",\"name\":\"NajNaj.eu\",\"description\":\"Za najva\u017enije!\",\"publisher\":{\"@id\":\"https:\\\/\\\/najnaj.eu\\\/sl\\\/#organization\"},\"potentialAction\":[{\"@type\":\"SearchAction\",\"target\":{\"@type\":\"EntryPoint\",\"urlTemplate\":\"https:\\\/\\\/najnaj.eu\\\/sl\\\/?s={search_term_string}\"},\"query-input\":{\"@type\":\"PropertyValueSpecification\",\"valueRequired\":true,\"valueName\":\"search_term_string\"}}],\"inLanguage\":\"sl-SI\"},{\"@type\":\"Organization\",\"@id\":\"https:\\\/\\\/najnaj.eu\\\/sl\\\/#organization\",\"name\":\"NajNaj.eu\",\"url\":\"https:\\\/\\\/najnaj.eu\\\/sl\\\/\",\"logo\":{\"@type\":\"ImageObject\",\"inLanguage\":\"sl-SI\",\"@id\":\"https:\\\/\\\/najnaj.eu\\\/sl\\\/#\\\/schema\\\/logo\\\/image\\\/\",\"url\":\"https:\\\/\\\/najnaj.eu\\\/wp-content\\\/uploads\\\/2023\\\/09\\\/logo_Najnaj_2023.svg\",\"contentUrl\":\"https:\\\/\\\/najnaj.eu\\\/wp-content\\\/uploads\\\/2023\\\/09\\\/logo_Najnaj_2023.svg\",\"width\":501,\"height\":278,\"caption\":\"NajNaj.eu\"},\"image\":{\"@id\":\"https:\\\/\\\/najnaj.eu\\\/sl\\\/#\\\/schema\\\/logo\\\/image\\\/\"},\"sameAs\":[\"https:\\\/\\\/web.facebook.com\\\/najnaj.eu\\\/\",\"https:\\\/\\\/www.instagram.com\\\/najnaj.eu\\\/\",\"https:\\\/\\\/www.tiktok.com\\\/@najnaj.eu\"]}]}<\/script>\n<meta property=\"product:brand\" content=\"BeSafe\" \/>\n<meta property=\"product:price:amount\" content=\"309.00\" \/>\n<meta property=\"product:price:currency\" content=\"EUR\" \/>\n<meta property=\"og:availability\" content=\"out of stock\" \/>\n<meta property=\"product:availability\" content=\"out of stock\" \/>\n<meta property=\"product:retailer_item_id\" content=\"11037469-PeakMesh-1Std\" \/>\n<meta property=\"product:condition\" content=\"new\" \/>\n<!-- \/ Yoast SEO Premium plugin. -->","yoast_head_json":{"title":"BeSafe iZi Flex FIX 2 i-Size - Peak Mesh - NajNaj.eu","robots":{"index":"index","follow":"follow","max-snippet":"max-snippet:-1","max-image-preview":"max-image-preview:large","max-video-preview":"max-video-preview:-1"},"canonical":"https:\/\/najnaj.eu\/sl\/izdelek\/besafe-izi-flex-fix-2-i-size-peak-mesh\/","og_locale":"sl_SI","og_type":"article","og_title":"BeSafe iZi Flex FIX 2 i-Size - Peak Mesh","og_description":"Flex FIX 2 - booster z naslonom je naslednik ve\u010dkrat nagrajenega avtosede\u017ea BeSafe iZi Flex FIX i-Size. Zdru\u017euje odli\u010dno varnost, optimalno udobje in kakovosten dizajn za postavitev do treh sede\u017eev v vrsti. Vi\u0161ina: 100-150 cm Starost: pribl. 4 \u2013 12 let. Namestitev: ISOfix ali avtomobilski varnostni pas s trito\u010dkovnim pritrditvijo Smer: V smeri vo\u017enje Certifikat: UN R129","og_url":"https:\/\/najnaj.eu\/sl\/izdelek\/besafe-izi-flex-fix-2-i-size-peak-mesh\/","og_site_name":"NajNaj.eu","article_publisher":"https:\/\/web.facebook.com\/najnaj.eu\/","article_modified_time":"2025-12-04T07:47:35+00:00","og_image":[{"width":1080,"height":1080,"url":"https:\/\/najnaj.eu\/wp-content\/uploads\/2024\/03\/11037469\u200b_BeSafe-Flex-FIX-2\u200b_Peak-Mesh_Front.jpg","type":"image\/jpeg"}],"twitter_card":"summary_large_image","twitter_misc":{"Price":"309,00&nbsp;&euro;","Availability":"Out of stock"},"schema":{"@context":"https:\/\/schema.org","@graph":[{"@type":"WebPage","@id":"https:\/\/najnaj.eu\/sl\/izdelek\/besafe-izi-flex-fix-2-i-size-peak-mesh\/","url":"https:\/\/najnaj.eu\/sl\/izdelek\/besafe-izi-flex-fix-2-i-size-peak-mesh\/","name":"BeSafe iZi Flex FIX 2 i-Size - Peak Mesh - NajNaj.eu","isPartOf":{"@id":"https:\/\/najnaj.eu\/sl\/#website"},"primaryImageOfPage":{"@id":"https:\/\/najnaj.eu\/sl\/izdelek\/besafe-izi-flex-fix-2-i-size-peak-mesh\/#primaryimage"},"image":{"@id":"https:\/\/najnaj.eu\/sl\/izdelek\/besafe-izi-flex-fix-2-i-size-peak-mesh\/#primaryimage"},"thumbnailUrl":"https:\/\/najnaj.eu\/wp-content\/uploads\/2024\/03\/11037469\u200b_BeSafe-Flex-FIX-2\u200b_Peak-Mesh_Front.jpg","datePublished":"2025-01-02T09:24:45+00:00","dateModified":"2025-12-04T07:47:35+00:00","breadcrumb":{"@id":"https:\/\/najnaj.eu\/sl\/izdelek\/besafe-izi-flex-fix-2-i-size-peak-mesh\/#breadcrumb"},"inLanguage":"sl-SI","potentialAction":[{"@type":"ReadAction","target":["https:\/\/najnaj.eu\/sl\/izdelek\/besafe-izi-flex-fix-2-i-size-peak-mesh\/"]}]},{"@type":"ImageObject","inLanguage":"sl-SI","@id":"https:\/\/najnaj.eu\/sl\/izdelek\/besafe-izi-flex-fix-2-i-size-peak-mesh\/#primaryimage","url":"https:\/\/najnaj.eu\/wp-content\/uploads\/2024\/03\/11037469\u200b_BeSafe-Flex-FIX-2\u200b_Peak-Mesh_Front.jpg","contentUrl":"https:\/\/najnaj.eu\/wp-content\/uploads\/2024\/03\/11037469\u200b_BeSafe-Flex-FIX-2\u200b_Peak-Mesh_Front.jpg","width":1080,"height":1080},{"@type":"BreadcrumbList","@id":"https:\/\/najnaj.eu\/sl\/izdelek\/besafe-izi-flex-fix-2-i-size-peak-mesh\/#breadcrumb","itemListElement":[{"@type":"ListItem","position":1,"name":"Po\u010detna stranica","item":"https:\/\/najnaj.eu\/sl\/prednja-stran\/"},{"@type":"ListItem","position":2,"name":"Shop","item":"https:\/\/najnaj.eu\/sl\/shop\/"},{"@type":"ListItem","position":3,"name":"BeSafe iZi Flex FIX 2 i-Size &#8211; Peak Mesh"}]},{"@type":"WebSite","@id":"https:\/\/najnaj.eu\/sl\/#website","url":"https:\/\/najnaj.eu\/sl\/","name":"NajNaj.eu","description":"Za najva\u017enije!","publisher":{"@id":"https:\/\/najnaj.eu\/sl\/#organization"},"potentialAction":[{"@type":"SearchAction","target":{"@type":"EntryPoint","urlTemplate":"https:\/\/najnaj.eu\/sl\/?s={search_term_string}"},"query-input":{"@type":"PropertyValueSpecification","valueRequired":true,"valueName":"search_term_string"}}],"inLanguage":"sl-SI"},{"@type":"Organization","@id":"https:\/\/najnaj.eu\/sl\/#organization","name":"NajNaj.eu","url":"https:\/\/najnaj.eu\/sl\/","logo":{"@type":"ImageObject","inLanguage":"sl-SI","@id":"https:\/\/najnaj.eu\/sl\/#\/schema\/logo\/image\/","url":"https:\/\/najnaj.eu\/wp-content\/uploads\/2023\/09\/logo_Najnaj_2023.svg","contentUrl":"https:\/\/najnaj.eu\/wp-content\/uploads\/2023\/09\/logo_Najnaj_2023.svg","width":501,"height":278,"caption":"NajNaj.eu"},"image":{"@id":"https:\/\/najnaj.eu\/sl\/#\/schema\/logo\/image\/"},"sameAs":["https:\/\/web.facebook.com\/najnaj.eu\/","https:\/\/www.instagram.com\/najnaj.eu\/","https:\/\/www.tiktok.com\/@najnaj.eu"]}]},"product_brand":"BeSafe","product_price_amount":"309.00","product_price_currency":"EUR","og_availability":"out of stock","product_availability":"out of stock","product_retailer_item_id":"11037469-PeakMesh-1Std","product_condition":"new"},"_links":{"self":[{"href":"https:\/\/najnaj.eu\/sl\/wp-json\/wp\/v2\/product\/204303","targetHints":{"allow":["GET"]}}],"collection":[{"href":"https:\/\/najnaj.eu\/sl\/wp-json\/wp\/v2\/product"}],"about":[{"href":"https:\/\/najnaj.eu\/sl\/wp-json\/wp\/v2\/types\/product"}],"replies":[{"embeddable":true,"href":"https:\/\/najnaj.eu\/sl\/wp-json\/wp\/v2\/comments?post=204303"}],"version-history":[{"count":0,"href":"https:\/\/najnaj.eu\/sl\/wp-json\/wp\/v2\/product\/204303\/revisions"}],"wp:featuredmedia":[{"embeddable":true,"href":"https:\/\/najnaj.eu\/sl\/wp-json\/wp\/v2\/media\/199673"}],"wp:attachment":[{"href":"https:\/\/najnaj.eu\/sl\/wp-json\/wp\/v2\/media?parent=204303"}],"wp:term":[{"taxonomy":"product_brand","embeddable":true,"href":"https:\/\/najnaj.eu\/sl\/wp-json\/wp\/v2\/product_brand?post=204303"},{"taxonomy":"product_cat","embeddable":true,"href":"https:\/\/najnaj.eu\/sl\/wp-json\/wp\/v2\/product_cat?post=204303"},{"taxonomy":"product_tag","embeddable":true,"href":"https:\/\/najnaj.eu\/sl\/wp-json\/wp\/v2\/product_tag?post=204303"}],"curies":[{"name":"wp","href":"https:\/\/api.w.org\/{rel}","templated":true}]}}