{"id":204277,"date":"2024-04-05T09:19:28","date_gmt":"2024-04-05T07:19:28","guid":{"rendered":"https:\/\/najnaj.eu\/proizvod\/ponco-lassig-za-na-plazo-kaktusno-zelen\/"},"modified":"2025-02-06T10:38:59","modified_gmt":"2025-02-06T09:38:59","slug":"ponco-lassig-za-na-plazo-kaktusno-zelen","status":"publish","type":"product","link":"https:\/\/najnaj.eu\/sl\/izdelek\/ponco-lassig-za-na-plazo-kaktusno-zelen\/","title":{"rendered":"Pon\u010do L\u00e4ssig za na pla\u017eo, kaktusno zelen"},"content":{"rendered":"<p>L\u00c4SSIG pon\u010do za na pla\u017eo z zunanjim materialom iz poliestra (recikliranega) ima UV za\u0161\u010dito 80 in je idealen spremljevalec na pla\u017ei in v bazenu ter idealno dopolnilo L\u00c4SSIG Splash &amp; Fun kolekciji.<\/p>\n<p>Pon\u010do za pla\u017eo vas bo grel po \u010dofotanju. Ne le, da vas \u0161\u010diti pred soncem, ampak tudi pred vetrom zahvaljujo\u010d hitro su\u0161e\u010demu, tesno tkanemu zunanjemu delu iz mikrovlaken. Puhasta in vpojna brisa\u010da absorbira vlago iz notranjosti in vas vabi, da se stisnete.<\/p>\n<p>Udoben pon\u010do je tudi brisa\u010da s kapuco, ki \u0161\u010diti pred vetrom, hitro su\u0161e\u010da kopalna brisa\u010da in podloga za pla\u017eo, ki odbija pesek. Multitalent, v katerem se najmlaj\u0161i neizmerno zabavajo.<\/p>\n<p>Z uporabo recikliranih materialov in inovativnih procesov ter zavra\u010danjem \u017eivalskih komponent L\u00c4SSIG prispeva h kro\u017enemu gospodarstvu in ohranjanju zemeljskih virov. Za pla\u017eni pon\u010do se na primer plasti\u010dni odpadki (npr. plastenke za enkratno uporabo in proizvodni odpadki) reciklirajo in spremenijo v nov material.<\/p>\n<p>L\u00c4SSIG pon\u010do za pla\u017eo z UV za\u0161\u010dito UPF 80 je testiran v skladu z UV STANDARDOM 801 (Hohenstein).<\/p>\n","protected":false},"excerpt":{"rendered":"<p>L\u00c4SSIG pon\u010do za na pla\u017eo z zunanjim materialom iz poliestra (recikliranega) z UV za\u0161\u010dito 80 vas vabi, da se stisnete po \u010dofotanju in vas greje. Medtem ko zunanjost iz mikrovlaken \u0161\u010diti pred vetrom, udobna notranjost iz frotirja absorbira vlago.<\/p>\n","protected":false},"featured_media":200471,"comment_status":"open","ping_status":"closed","template":"","meta":{"_acf_changed":false,"footnotes":""},"product_brand":[],"product_cat":[1386,1639,1652,1385],"product_tag":[],"class_list":{"0":"post-204277","1":"product","2":"type-product","3":"status-publish","4":"has-post-thumbnail","6":"product_cat-cevlji","7":"product_cat-oblacila","8":"product_cat-poletje","9":"product_cat-stvari-za-otroke","10":"pa_boja-zelena-sl","11":"pa_brand-lassig-sl","13":"first","14":"outofstock","15":"shipping-taxable","16":"purchasable","17":"product-type-simple"},"bundled_by":[],"bundle_stock_status":"outofstock","bundle_stock_quantity":0,"bundle_virtual":false,"bundle_layout":"","bundle_add_to_cart_form_location":"","bundle_editable_in_cart":false,"bundle_sold_individually_context":"","bundle_item_grouping":"","bundle_min_size":"","bundle_max_size":"","bundle_price":[],"bundled_items":[],"bundle_sell_ids":[],"acf":[],"yoast_head":"<!-- This site is optimized with the Yoast SEO Premium plugin v21.5 (Yoast SEO v27.3) - https:\/\/yoast.com\/product\/yoast-seo-premium-wordpress\/ -->\n<title>Pon\u010do L\u00e4ssig za na pla\u017eo, kaktusno zelen - NajNaj.eu<\/title>\n<meta name=\"robots\" content=\"index, follow, max-snippet:-1, max-image-preview:large, max-video-preview:-1\" \/>\n<link rel=\"canonical\" href=\"https:\/\/najnaj.eu\/sl\/izdelek\/ponco-lassig-za-na-plazo-kaktusno-zelen\/\" \/>\n<meta property=\"og:locale\" content=\"sl_SI\" \/>\n<meta property=\"og:type\" content=\"article\" \/>\n<meta property=\"og:title\" content=\"Pon\u010do L\u00e4ssig za na pla\u017eo, kaktusno zelen\" \/>\n<meta property=\"og:description\" content=\"L\u00c4SSIG pon\u010do za na pla\u017eo z zunanjim materialom iz poliestra (recikliranega) z UV za\u0161\u010dito 80 vas vabi, da se stisnete po \u010dofotanju in vas greje. Medtem ko zunanjost iz mikrovlaken \u0161\u010diti pred vetrom, udobna notranjost iz frotirja absorbira vlago.\" \/>\n<meta property=\"og:url\" content=\"https:\/\/najnaj.eu\/sl\/izdelek\/ponco-lassig-za-na-plazo-kaktusno-zelen\/\" \/>\n<meta property=\"og:site_name\" content=\"NajNaj.eu\" \/>\n<meta property=\"article:publisher\" content=\"https:\/\/web.facebook.com\/najnaj.eu\/\" \/>\n<meta property=\"article:modified_time\" content=\"2025-02-06T09:38:59+00:00\" \/>\n<meta property=\"og:image\" content=\"https:\/\/najnaj.eu\/wp-content\/uploads\/2024\/04\/SPL_F23_1433003873_P_2.jpg\" \/>\n\t<meta property=\"og:image:width\" content=\"800\" \/>\n\t<meta property=\"og:image:height\" content=\"800\" \/>\n\t<meta property=\"og:image:type\" content=\"image\/jpeg\" \/>\n<meta name=\"twitter:card\" content=\"summary_large_image\" \/>\n<meta name=\"twitter:label1\" content=\"Price\" \/>\n\t<meta name=\"twitter:data1\" content=\"39,95&nbsp;&euro;\" \/>\n\t<meta name=\"twitter:label2\" content=\"Availability\" \/>\n\t<meta name=\"twitter:data2\" content=\"Out of stock\" \/>\n<script type=\"application\/ld+json\" class=\"yoast-schema-graph\">{\"@context\":\"https:\\\/\\\/schema.org\",\"@graph\":[{\"@type\":\"WebPage\",\"@id\":\"https:\\\/\\\/najnaj.eu\\\/sl\\\/izdelek\\\/ponco-lassig-za-na-plazo-kaktusno-zelen\\\/\",\"url\":\"https:\\\/\\\/najnaj.eu\\\/sl\\\/izdelek\\\/ponco-lassig-za-na-plazo-kaktusno-zelen\\\/\",\"name\":\"Pon\u010do L\u00e4ssig za na pla\u017eo, kaktusno zelen - NajNaj.eu\",\"isPartOf\":{\"@id\":\"https:\\\/\\\/najnaj.eu\\\/sl\\\/#website\"},\"primaryImageOfPage\":{\"@id\":\"https:\\\/\\\/najnaj.eu\\\/sl\\\/izdelek\\\/ponco-lassig-za-na-plazo-kaktusno-zelen\\\/#primaryimage\"},\"image\":{\"@id\":\"https:\\\/\\\/najnaj.eu\\\/sl\\\/izdelek\\\/ponco-lassig-za-na-plazo-kaktusno-zelen\\\/#primaryimage\"},\"thumbnailUrl\":\"https:\\\/\\\/najnaj.eu\\\/wp-content\\\/uploads\\\/2024\\\/04\\\/SPL_F23_1433003873_P_2.jpg\",\"datePublished\":\"2024-04-05T07:19:28+00:00\",\"dateModified\":\"2025-02-06T09:38:59+00:00\",\"breadcrumb\":{\"@id\":\"https:\\\/\\\/najnaj.eu\\\/sl\\\/izdelek\\\/ponco-lassig-za-na-plazo-kaktusno-zelen\\\/#breadcrumb\"},\"inLanguage\":\"sl-SI\",\"potentialAction\":[{\"@type\":\"ReadAction\",\"target\":[\"https:\\\/\\\/najnaj.eu\\\/sl\\\/izdelek\\\/ponco-lassig-za-na-plazo-kaktusno-zelen\\\/\"]}]},{\"@type\":\"ImageObject\",\"inLanguage\":\"sl-SI\",\"@id\":\"https:\\\/\\\/najnaj.eu\\\/sl\\\/izdelek\\\/ponco-lassig-za-na-plazo-kaktusno-zelen\\\/#primaryimage\",\"url\":\"https:\\\/\\\/najnaj.eu\\\/wp-content\\\/uploads\\\/2024\\\/04\\\/SPL_F23_1433003873_P_2.jpg\",\"contentUrl\":\"https:\\\/\\\/najnaj.eu\\\/wp-content\\\/uploads\\\/2024\\\/04\\\/SPL_F23_1433003873_P_2.jpg\",\"width\":800,\"height\":800},{\"@type\":\"BreadcrumbList\",\"@id\":\"https:\\\/\\\/najnaj.eu\\\/sl\\\/izdelek\\\/ponco-lassig-za-na-plazo-kaktusno-zelen\\\/#breadcrumb\",\"itemListElement\":[{\"@type\":\"ListItem\",\"position\":1,\"name\":\"Po\u010detna stranica\",\"item\":\"https:\\\/\\\/najnaj.eu\\\/sl\\\/prednja-stran\\\/\"},{\"@type\":\"ListItem\",\"position\":2,\"name\":\"Shop\",\"item\":\"https:\\\/\\\/najnaj.eu\\\/sl\\\/shop\\\/\"},{\"@type\":\"ListItem\",\"position\":3,\"name\":\"Pon\u010do L\u00e4ssig za na pla\u017eo, kaktusno zelen\"}]},{\"@type\":\"WebSite\",\"@id\":\"https:\\\/\\\/najnaj.eu\\\/sl\\\/#website\",\"url\":\"https:\\\/\\\/najnaj.eu\\\/sl\\\/\",\"name\":\"NajNaj.eu\",\"description\":\"Za najva\u017enije!\",\"publisher\":{\"@id\":\"https:\\\/\\\/najnaj.eu\\\/sl\\\/#organization\"},\"potentialAction\":[{\"@type\":\"SearchAction\",\"target\":{\"@type\":\"EntryPoint\",\"urlTemplate\":\"https:\\\/\\\/najnaj.eu\\\/sl\\\/?s={search_term_string}\"},\"query-input\":{\"@type\":\"PropertyValueSpecification\",\"valueRequired\":true,\"valueName\":\"search_term_string\"}}],\"inLanguage\":\"sl-SI\"},{\"@type\":\"Organization\",\"@id\":\"https:\\\/\\\/najnaj.eu\\\/sl\\\/#organization\",\"name\":\"NajNaj.eu\",\"url\":\"https:\\\/\\\/najnaj.eu\\\/sl\\\/\",\"logo\":{\"@type\":\"ImageObject\",\"inLanguage\":\"sl-SI\",\"@id\":\"https:\\\/\\\/najnaj.eu\\\/sl\\\/#\\\/schema\\\/logo\\\/image\\\/\",\"url\":\"https:\\\/\\\/najnaj.eu\\\/wp-content\\\/uploads\\\/2023\\\/09\\\/logo_Najnaj_2023.svg\",\"contentUrl\":\"https:\\\/\\\/najnaj.eu\\\/wp-content\\\/uploads\\\/2023\\\/09\\\/logo_Najnaj_2023.svg\",\"width\":501,\"height\":278,\"caption\":\"NajNaj.eu\"},\"image\":{\"@id\":\"https:\\\/\\\/najnaj.eu\\\/sl\\\/#\\\/schema\\\/logo\\\/image\\\/\"},\"sameAs\":[\"https:\\\/\\\/web.facebook.com\\\/najnaj.eu\\\/\",\"https:\\\/\\\/www.instagram.com\\\/najnaj.eu\\\/\",\"https:\\\/\\\/www.tiktok.com\\\/@najnaj.eu\"]}]}<\/script>\n<meta property=\"product:brand\" content=\"L\u00e4ssig\" \/>\n<meta property=\"product:price:amount\" content=\"39.95\" \/>\n<meta property=\"product:price:currency\" content=\"EUR\" \/>\n<meta property=\"og:availability\" content=\"out of stock\" \/>\n<meta property=\"product:availability\" content=\"out of stock\" \/>\n<meta property=\"product:retailer_item_id\" content=\"1433003873\" \/>\n<meta property=\"product:condition\" content=\"new\" \/>\n<!-- \/ Yoast SEO Premium plugin. -->","yoast_head_json":{"title":"Pon\u010do L\u00e4ssig za na pla\u017eo, kaktusno zelen - NajNaj.eu","robots":{"index":"index","follow":"follow","max-snippet":"max-snippet:-1","max-image-preview":"max-image-preview:large","max-video-preview":"max-video-preview:-1"},"canonical":"https:\/\/najnaj.eu\/sl\/izdelek\/ponco-lassig-za-na-plazo-kaktusno-zelen\/","og_locale":"sl_SI","og_type":"article","og_title":"Pon\u010do L\u00e4ssig za na pla\u017eo, kaktusno zelen","og_description":"L\u00c4SSIG pon\u010do za na pla\u017eo z zunanjim materialom iz poliestra (recikliranega) z UV za\u0161\u010dito 80 vas vabi, da se stisnete po \u010dofotanju in vas greje. Medtem ko zunanjost iz mikrovlaken \u0161\u010diti pred vetrom, udobna notranjost iz frotirja absorbira vlago.","og_url":"https:\/\/najnaj.eu\/sl\/izdelek\/ponco-lassig-za-na-plazo-kaktusno-zelen\/","og_site_name":"NajNaj.eu","article_publisher":"https:\/\/web.facebook.com\/najnaj.eu\/","article_modified_time":"2025-02-06T09:38:59+00:00","og_image":[{"width":800,"height":800,"url":"https:\/\/najnaj.eu\/wp-content\/uploads\/2024\/04\/SPL_F23_1433003873_P_2.jpg","type":"image\/jpeg"}],"twitter_card":"summary_large_image","twitter_misc":{"Price":"39,95&nbsp;&euro;","Availability":"Out of stock"},"schema":{"@context":"https:\/\/schema.org","@graph":[{"@type":"WebPage","@id":"https:\/\/najnaj.eu\/sl\/izdelek\/ponco-lassig-za-na-plazo-kaktusno-zelen\/","url":"https:\/\/najnaj.eu\/sl\/izdelek\/ponco-lassig-za-na-plazo-kaktusno-zelen\/","name":"Pon\u010do L\u00e4ssig za na pla\u017eo, kaktusno zelen - NajNaj.eu","isPartOf":{"@id":"https:\/\/najnaj.eu\/sl\/#website"},"primaryImageOfPage":{"@id":"https:\/\/najnaj.eu\/sl\/izdelek\/ponco-lassig-za-na-plazo-kaktusno-zelen\/#primaryimage"},"image":{"@id":"https:\/\/najnaj.eu\/sl\/izdelek\/ponco-lassig-za-na-plazo-kaktusno-zelen\/#primaryimage"},"thumbnailUrl":"https:\/\/najnaj.eu\/wp-content\/uploads\/2024\/04\/SPL_F23_1433003873_P_2.jpg","datePublished":"2024-04-05T07:19:28+00:00","dateModified":"2025-02-06T09:38:59+00:00","breadcrumb":{"@id":"https:\/\/najnaj.eu\/sl\/izdelek\/ponco-lassig-za-na-plazo-kaktusno-zelen\/#breadcrumb"},"inLanguage":"sl-SI","potentialAction":[{"@type":"ReadAction","target":["https:\/\/najnaj.eu\/sl\/izdelek\/ponco-lassig-za-na-plazo-kaktusno-zelen\/"]}]},{"@type":"ImageObject","inLanguage":"sl-SI","@id":"https:\/\/najnaj.eu\/sl\/izdelek\/ponco-lassig-za-na-plazo-kaktusno-zelen\/#primaryimage","url":"https:\/\/najnaj.eu\/wp-content\/uploads\/2024\/04\/SPL_F23_1433003873_P_2.jpg","contentUrl":"https:\/\/najnaj.eu\/wp-content\/uploads\/2024\/04\/SPL_F23_1433003873_P_2.jpg","width":800,"height":800},{"@type":"BreadcrumbList","@id":"https:\/\/najnaj.eu\/sl\/izdelek\/ponco-lassig-za-na-plazo-kaktusno-zelen\/#breadcrumb","itemListElement":[{"@type":"ListItem","position":1,"name":"Po\u010detna stranica","item":"https:\/\/najnaj.eu\/sl\/prednja-stran\/"},{"@type":"ListItem","position":2,"name":"Shop","item":"https:\/\/najnaj.eu\/sl\/shop\/"},{"@type":"ListItem","position":3,"name":"Pon\u010do L\u00e4ssig za na pla\u017eo, kaktusno zelen"}]},{"@type":"WebSite","@id":"https:\/\/najnaj.eu\/sl\/#website","url":"https:\/\/najnaj.eu\/sl\/","name":"NajNaj.eu","description":"Za najva\u017enije!","publisher":{"@id":"https:\/\/najnaj.eu\/sl\/#organization"},"potentialAction":[{"@type":"SearchAction","target":{"@type":"EntryPoint","urlTemplate":"https:\/\/najnaj.eu\/sl\/?s={search_term_string}"},"query-input":{"@type":"PropertyValueSpecification","valueRequired":true,"valueName":"search_term_string"}}],"inLanguage":"sl-SI"},{"@type":"Organization","@id":"https:\/\/najnaj.eu\/sl\/#organization","name":"NajNaj.eu","url":"https:\/\/najnaj.eu\/sl\/","logo":{"@type":"ImageObject","inLanguage":"sl-SI","@id":"https:\/\/najnaj.eu\/sl\/#\/schema\/logo\/image\/","url":"https:\/\/najnaj.eu\/wp-content\/uploads\/2023\/09\/logo_Najnaj_2023.svg","contentUrl":"https:\/\/najnaj.eu\/wp-content\/uploads\/2023\/09\/logo_Najnaj_2023.svg","width":501,"height":278,"caption":"NajNaj.eu"},"image":{"@id":"https:\/\/najnaj.eu\/sl\/#\/schema\/logo\/image\/"},"sameAs":["https:\/\/web.facebook.com\/najnaj.eu\/","https:\/\/www.instagram.com\/najnaj.eu\/","https:\/\/www.tiktok.com\/@najnaj.eu"]}]},"product_brand":"L\u00e4ssig","product_price_amount":"39.95","product_price_currency":"EUR","og_availability":"out of stock","product_availability":"out of stock","product_retailer_item_id":"1433003873","product_condition":"new"},"_links":{"self":[{"href":"https:\/\/najnaj.eu\/sl\/wp-json\/wp\/v2\/product\/204277","targetHints":{"allow":["GET"]}}],"collection":[{"href":"https:\/\/najnaj.eu\/sl\/wp-json\/wp\/v2\/product"}],"about":[{"href":"https:\/\/najnaj.eu\/sl\/wp-json\/wp\/v2\/types\/product"}],"replies":[{"embeddable":true,"href":"https:\/\/najnaj.eu\/sl\/wp-json\/wp\/v2\/comments?post=204277"}],"version-history":[{"count":0,"href":"https:\/\/najnaj.eu\/sl\/wp-json\/wp\/v2\/product\/204277\/revisions"}],"wp:featuredmedia":[{"embeddable":true,"href":"https:\/\/najnaj.eu\/sl\/wp-json\/wp\/v2\/media\/200471"}],"wp:attachment":[{"href":"https:\/\/najnaj.eu\/sl\/wp-json\/wp\/v2\/media?parent=204277"}],"wp:term":[{"taxonomy":"product_brand","embeddable":true,"href":"https:\/\/najnaj.eu\/sl\/wp-json\/wp\/v2\/product_brand?post=204277"},{"taxonomy":"product_cat","embeddable":true,"href":"https:\/\/najnaj.eu\/sl\/wp-json\/wp\/v2\/product_cat?post=204277"},{"taxonomy":"product_tag","embeddable":true,"href":"https:\/\/najnaj.eu\/sl\/wp-json\/wp\/v2\/product_tag?post=204277"}],"curies":[{"name":"wp","href":"https:\/\/api.w.org\/{rel}","templated":true}]}}