{"id":204233,"date":"2024-04-09T08:44:31","date_gmt":"2024-04-09T06:44:31","guid":{"rendered":"https:\/\/najnaj.eu\/proizvod\/spalna-vreca-kenguru-gold-muslin-tog1-lesnik\/"},"modified":"2026-04-01T15:36:44","modified_gmt":"2026-04-01T13:36:44","slug":"spalna-vreca-kenguru-gold-muslin-tog1-lesnik","status":"publish","type":"product","link":"https:\/\/najnaj.eu\/sl\/izdelek\/spalna-vreca-kenguru-gold-muslin-tog1-lesnik\/","title":{"rendered":"Spalna vre\u010da Kenguru Gold Muslin TOG1, &#8220;le\u0161nik&#8221;"},"content":{"rendered":"<p>Koncept garderobe &#8220;capsule&#8221; za zmanj\u0161anje nepotrebnih stvari v va\u0161i garderobi<br \/>\nInovativen dizajn omogo\u010da no\u0161enje v ve\u010d velikostih, kar podalj\u0161a \u010das uporabe izdelka<br \/>\nGOTS &#8220;organic&#8221; certificiran izdelek, od pridelave ekolo\u0161kega bomba\u017ea do proizvodnje kon\u010dnega izdelka. Vsi delovni procesi so revidirani in certificirani s strani mednarodnega neodvisnega certifikacijskega organa za za\u0161\u010dito na\u0161ega trajnostnega okolja.<\/p>\n<p><strong>1 TOG izolirana spalna vre\u010da<\/strong><br \/>\nZunanji temperaturi prilagojena spalna obla\u010dila in spalne vre\u010de bodo poskrbele za stabilno no\u010dno temperaturo va\u0161ega dojen\u010dka.<br \/>\nZ na\u0161o spletno ali mobilno aplikacijo enostavno sestavite pravo spalno srajco<br \/>\nUporabite spalno vre\u010do, da prepre\u010dite nesre\u010de zaradi odeje &#8211; ni\u010d ve\u010d odej ne drsi na otrokovo glavo<br \/>\nPomembno pravilo pri obla\u010denju je, da obseg ovratnika spalne vre\u010de nikoli ne sme biti ve\u010dji od velikosti dojen\u010dkove glave, da prepre\u010dimo, da bi otrokova glavica med spanjem zdrsnila v spalno vre\u010do.<br \/>\nVedno uporabljajte spalno vre\u010do s patentiranim dizajnom, ki ustreza otrokovi starosti in velikosti.<br \/>\nZgornja in notranja zadrga z za\u0161\u010dito ter zadrga zgoraj navzdol \u0161\u010ditijo ne\u017eno dojen\u010dkovo ko\u017eo pred manj\u0161imi po\u0161kodbami.<\/p>\n<p>Stil: spalna vre\u010da brez rokavov 3 v 1, nastavljiva v treh velikostih z zadrgo spredaj<br \/>\nZra\u010den dizajn brez rokavov s \u0161irokimi izrezi na ramenih in vratu<\/p>\n","protected":false},"excerpt":{"rendered":"<ul>\n<li>No\u010dni mir: \u0161\u010diti in greje dojen\u010dkovo telo vso no\u010d, hkrati pa pomaga prepre\u010devati no\u010dne skrbi<\/li>\n<li>3 velikosti v 1 izdelku, nastavljiva velikost vratu in ramen z zadrgami<\/li>\n<li>Zadrga na dnu in ob strani za enostavno obla\u010denje in hitro menjavo plenic<\/li>\n<li>Organski bomba\u017e zagotavlja mehak ob\u010dutek znotraj in zunaj<\/li>\n<li>Dobro zra\u010den dizajn brez rokavov, \u0161irok izrez na ramenih in vratu ter odli\u010dna zra\u010dnost pomagajo pri izhlapevanju in s tem uravnavanju telesne temperature<\/li>\n<\/ul>\n","protected":false},"featured_media":201593,"comment_status":"open","ping_status":"closed","template":"","meta":{"_acf_changed":false,"footnotes":""},"product_brand":[],"product_cat":[1288,1306,1302],"product_tag":[],"class_list":{"0":"post-204233","1":"product","2":"type-product","3":"status-publish","4":"has-post-thumbnail","6":"product_cat-otroska-soba","7":"product_cat-prehodne-spalne-vrece","8":"product_cat-spalne-vrece","9":"pa_boja-bez","10":"pa_brand-kenguru-gold","12":"first","13":"instock","14":"shipping-taxable","15":"purchasable","16":"product-type-variable"},"bundled_by":[],"bundle_stock_status":"instock","bundle_stock_quantity":1,"bundle_virtual":false,"bundle_layout":"","bundle_add_to_cart_form_location":"","bundle_editable_in_cart":false,"bundle_sold_individually_context":"","bundle_item_grouping":"","bundle_min_size":"","bundle_max_size":"","bundle_price":[],"bundled_items":[],"bundle_sell_ids":[],"acf":[],"yoast_head":"<!-- This site is optimized with the Yoast SEO Premium plugin v21.5 (Yoast SEO v27.3) - https:\/\/yoast.com\/product\/yoast-seo-premium-wordpress\/ -->\n<title>Spalna vre\u010da Kenguru Gold Muslin TOG1, &quot;le\u0161nik&quot; - NajNaj.eu<\/title>\n<meta name=\"robots\" content=\"index, follow, max-snippet:-1, max-image-preview:large, max-video-preview:-1\" \/>\n<link rel=\"canonical\" href=\"https:\/\/najnaj.eu\/sl\/izdelek\/spalna-vreca-kenguru-gold-muslin-tog1-lesnik\/\" \/>\n<meta property=\"og:locale\" content=\"sl_SI\" \/>\n<meta property=\"og:type\" content=\"article\" \/>\n<meta property=\"og:title\" content=\"Spalna vre\u010da Kenguru Gold Muslin TOG1, &quot;le\u0161nik&quot;\" \/>\n<meta property=\"og:description\" content=\"No\u010dni mir: \u0161\u010diti in greje dojen\u010dkovo telo vso no\u010d, hkrati pa pomaga prepre\u010devati no\u010dne skrbi  3 velikosti v 1 izdelku, nastavljiva velikost vratu in ramen z zadrgami  Zadrga na dnu in ob strani za enostavno obla\u010denje in hitro menjavo plenic  Organski bomba\u017e zagotavlja mehak ob\u010dutek znotraj in zunaj  Dobro zra\u010den dizajn brez rokavov, \u0161irok izrez na ramenih in vratu ter odli\u010dna zra\u010dnost pomagajo pri izhlapevanju in s tem uravnavanju telesne temperature\" \/>\n<meta property=\"og:url\" content=\"https:\/\/najnaj.eu\/sl\/izdelek\/spalna-vreca-kenguru-gold-muslin-tog1-lesnik\/\" \/>\n<meta property=\"og:site_name\" content=\"NajNaj.eu\" \/>\n<meta property=\"article:publisher\" content=\"https:\/\/web.facebook.com\/najnaj.eu\/\" \/>\n<meta property=\"article:modified_time\" content=\"2026-04-01T13:36:44+00:00\" \/>\n<meta property=\"og:image\" content=\"https:\/\/najnaj.eu\/wp-content\/uploads\/2024\/04\/KG3045_main.jpg\" \/>\n\t<meta property=\"og:image:width\" content=\"2000\" \/>\n\t<meta property=\"og:image:height\" content=\"2000\" \/>\n\t<meta property=\"og:image:type\" content=\"image\/jpeg\" \/>\n<meta name=\"twitter:card\" content=\"summary_large_image\" \/>\n<meta name=\"twitter:label1\" content=\"Availability\" \/>\n\t<meta name=\"twitter:data1\" content=\"In stock\" \/>\n<script type=\"application\/ld+json\" class=\"yoast-schema-graph\">{\"@context\":\"https:\\\/\\\/schema.org\",\"@graph\":[{\"@type\":\"WebPage\",\"@id\":\"https:\\\/\\\/najnaj.eu\\\/sl\\\/izdelek\\\/spalna-vreca-kenguru-gold-muslin-tog1-lesnik\\\/\",\"url\":\"https:\\\/\\\/najnaj.eu\\\/sl\\\/izdelek\\\/spalna-vreca-kenguru-gold-muslin-tog1-lesnik\\\/\",\"name\":\"Spalna vre\u010da Kenguru Gold Muslin TOG1, \\\"le\u0161nik\\\" - NajNaj.eu\",\"isPartOf\":{\"@id\":\"https:\\\/\\\/najnaj.eu\\\/sl\\\/#website\"},\"primaryImageOfPage\":{\"@id\":\"https:\\\/\\\/najnaj.eu\\\/sl\\\/izdelek\\\/spalna-vreca-kenguru-gold-muslin-tog1-lesnik\\\/#primaryimage\"},\"image\":{\"@id\":\"https:\\\/\\\/najnaj.eu\\\/sl\\\/izdelek\\\/spalna-vreca-kenguru-gold-muslin-tog1-lesnik\\\/#primaryimage\"},\"thumbnailUrl\":\"https:\\\/\\\/najnaj.eu\\\/wp-content\\\/uploads\\\/2024\\\/04\\\/KG3045_main.jpg\",\"datePublished\":\"2024-04-09T06:44:31+00:00\",\"dateModified\":\"2026-04-01T13:36:44+00:00\",\"breadcrumb\":{\"@id\":\"https:\\\/\\\/najnaj.eu\\\/sl\\\/izdelek\\\/spalna-vreca-kenguru-gold-muslin-tog1-lesnik\\\/#breadcrumb\"},\"inLanguage\":\"sl-SI\",\"potentialAction\":[{\"@type\":\"ReadAction\",\"target\":[\"https:\\\/\\\/najnaj.eu\\\/sl\\\/izdelek\\\/spalna-vreca-kenguru-gold-muslin-tog1-lesnik\\\/\"]}]},{\"@type\":\"ImageObject\",\"inLanguage\":\"sl-SI\",\"@id\":\"https:\\\/\\\/najnaj.eu\\\/sl\\\/izdelek\\\/spalna-vreca-kenguru-gold-muslin-tog1-lesnik\\\/#primaryimage\",\"url\":\"https:\\\/\\\/najnaj.eu\\\/wp-content\\\/uploads\\\/2024\\\/04\\\/KG3045_main.jpg\",\"contentUrl\":\"https:\\\/\\\/najnaj.eu\\\/wp-content\\\/uploads\\\/2024\\\/04\\\/KG3045_main.jpg\",\"width\":2000,\"height\":2000},{\"@type\":\"BreadcrumbList\",\"@id\":\"https:\\\/\\\/najnaj.eu\\\/sl\\\/izdelek\\\/spalna-vreca-kenguru-gold-muslin-tog1-lesnik\\\/#breadcrumb\",\"itemListElement\":[{\"@type\":\"ListItem\",\"position\":1,\"name\":\"Po\u010detna stranica\",\"item\":\"https:\\\/\\\/najnaj.eu\\\/sl\\\/prednja-stran\\\/\"},{\"@type\":\"ListItem\",\"position\":2,\"name\":\"Shop\",\"item\":\"https:\\\/\\\/najnaj.eu\\\/sl\\\/shop\\\/\"},{\"@type\":\"ListItem\",\"position\":3,\"name\":\"Spalna vre\u010da Kenguru Gold Muslin TOG1, &#8220;le\u0161nik&#8221;\"}]},{\"@type\":\"WebSite\",\"@id\":\"https:\\\/\\\/najnaj.eu\\\/sl\\\/#website\",\"url\":\"https:\\\/\\\/najnaj.eu\\\/sl\\\/\",\"name\":\"NajNaj.eu\",\"description\":\"Za najva\u017enije!\",\"publisher\":{\"@id\":\"https:\\\/\\\/najnaj.eu\\\/sl\\\/#organization\"},\"potentialAction\":[{\"@type\":\"SearchAction\",\"target\":{\"@type\":\"EntryPoint\",\"urlTemplate\":\"https:\\\/\\\/najnaj.eu\\\/sl\\\/?s={search_term_string}\"},\"query-input\":{\"@type\":\"PropertyValueSpecification\",\"valueRequired\":true,\"valueName\":\"search_term_string\"}}],\"inLanguage\":\"sl-SI\"},{\"@type\":\"Organization\",\"@id\":\"https:\\\/\\\/najnaj.eu\\\/sl\\\/#organization\",\"name\":\"NajNaj.eu\",\"url\":\"https:\\\/\\\/najnaj.eu\\\/sl\\\/\",\"logo\":{\"@type\":\"ImageObject\",\"inLanguage\":\"sl-SI\",\"@id\":\"https:\\\/\\\/najnaj.eu\\\/sl\\\/#\\\/schema\\\/logo\\\/image\\\/\",\"url\":\"https:\\\/\\\/najnaj.eu\\\/wp-content\\\/uploads\\\/2023\\\/09\\\/logo_Najnaj_2023.svg\",\"contentUrl\":\"https:\\\/\\\/najnaj.eu\\\/wp-content\\\/uploads\\\/2023\\\/09\\\/logo_Najnaj_2023.svg\",\"width\":501,\"height\":278,\"caption\":\"NajNaj.eu\"},\"image\":{\"@id\":\"https:\\\/\\\/najnaj.eu\\\/sl\\\/#\\\/schema\\\/logo\\\/image\\\/\"},\"sameAs\":[\"https:\\\/\\\/web.facebook.com\\\/najnaj.eu\\\/\",\"https:\\\/\\\/www.instagram.com\\\/najnaj.eu\\\/\",\"https:\\\/\\\/www.tiktok.com\\\/@najnaj.eu\"]}]}<\/script>\n<meta property=\"product:brand\" content=\"Kenguru Gold\" \/>\n<meta property=\"og:availability\" content=\"instock\" \/>\n<meta property=\"product:availability\" content=\"instock\" \/>\n<meta property=\"product:retailer_item_id\" content=\"KG3045-N\" \/>\n<meta property=\"product:condition\" content=\"new\" \/>\n<!-- \/ Yoast SEO Premium plugin. -->","yoast_head_json":{"title":"Spalna vre\u010da Kenguru Gold Muslin TOG1, \"le\u0161nik\" - NajNaj.eu","robots":{"index":"index","follow":"follow","max-snippet":"max-snippet:-1","max-image-preview":"max-image-preview:large","max-video-preview":"max-video-preview:-1"},"canonical":"https:\/\/najnaj.eu\/sl\/izdelek\/spalna-vreca-kenguru-gold-muslin-tog1-lesnik\/","og_locale":"sl_SI","og_type":"article","og_title":"Spalna vre\u010da Kenguru Gold Muslin TOG1, \"le\u0161nik\"","og_description":"No\u010dni mir: \u0161\u010diti in greje dojen\u010dkovo telo vso no\u010d, hkrati pa pomaga prepre\u010devati no\u010dne skrbi  3 velikosti v 1 izdelku, nastavljiva velikost vratu in ramen z zadrgami  Zadrga na dnu in ob strani za enostavno obla\u010denje in hitro menjavo plenic  Organski bomba\u017e zagotavlja mehak ob\u010dutek znotraj in zunaj  Dobro zra\u010den dizajn brez rokavov, \u0161irok izrez na ramenih in vratu ter odli\u010dna zra\u010dnost pomagajo pri izhlapevanju in s tem uravnavanju telesne temperature","og_url":"https:\/\/najnaj.eu\/sl\/izdelek\/spalna-vreca-kenguru-gold-muslin-tog1-lesnik\/","og_site_name":"NajNaj.eu","article_publisher":"https:\/\/web.facebook.com\/najnaj.eu\/","article_modified_time":"2026-04-01T13:36:44+00:00","og_image":[{"width":2000,"height":2000,"url":"https:\/\/najnaj.eu\/wp-content\/uploads\/2024\/04\/KG3045_main.jpg","type":"image\/jpeg"}],"twitter_card":"summary_large_image","twitter_misc":{"Availability":"In stock"},"schema":{"@context":"https:\/\/schema.org","@graph":[{"@type":"WebPage","@id":"https:\/\/najnaj.eu\/sl\/izdelek\/spalna-vreca-kenguru-gold-muslin-tog1-lesnik\/","url":"https:\/\/najnaj.eu\/sl\/izdelek\/spalna-vreca-kenguru-gold-muslin-tog1-lesnik\/","name":"Spalna vre\u010da Kenguru Gold Muslin TOG1, \"le\u0161nik\" - NajNaj.eu","isPartOf":{"@id":"https:\/\/najnaj.eu\/sl\/#website"},"primaryImageOfPage":{"@id":"https:\/\/najnaj.eu\/sl\/izdelek\/spalna-vreca-kenguru-gold-muslin-tog1-lesnik\/#primaryimage"},"image":{"@id":"https:\/\/najnaj.eu\/sl\/izdelek\/spalna-vreca-kenguru-gold-muslin-tog1-lesnik\/#primaryimage"},"thumbnailUrl":"https:\/\/najnaj.eu\/wp-content\/uploads\/2024\/04\/KG3045_main.jpg","datePublished":"2024-04-09T06:44:31+00:00","dateModified":"2026-04-01T13:36:44+00:00","breadcrumb":{"@id":"https:\/\/najnaj.eu\/sl\/izdelek\/spalna-vreca-kenguru-gold-muslin-tog1-lesnik\/#breadcrumb"},"inLanguage":"sl-SI","potentialAction":[{"@type":"ReadAction","target":["https:\/\/najnaj.eu\/sl\/izdelek\/spalna-vreca-kenguru-gold-muslin-tog1-lesnik\/"]}]},{"@type":"ImageObject","inLanguage":"sl-SI","@id":"https:\/\/najnaj.eu\/sl\/izdelek\/spalna-vreca-kenguru-gold-muslin-tog1-lesnik\/#primaryimage","url":"https:\/\/najnaj.eu\/wp-content\/uploads\/2024\/04\/KG3045_main.jpg","contentUrl":"https:\/\/najnaj.eu\/wp-content\/uploads\/2024\/04\/KG3045_main.jpg","width":2000,"height":2000},{"@type":"BreadcrumbList","@id":"https:\/\/najnaj.eu\/sl\/izdelek\/spalna-vreca-kenguru-gold-muslin-tog1-lesnik\/#breadcrumb","itemListElement":[{"@type":"ListItem","position":1,"name":"Po\u010detna stranica","item":"https:\/\/najnaj.eu\/sl\/prednja-stran\/"},{"@type":"ListItem","position":2,"name":"Shop","item":"https:\/\/najnaj.eu\/sl\/shop\/"},{"@type":"ListItem","position":3,"name":"Spalna vre\u010da Kenguru Gold Muslin TOG1, &#8220;le\u0161nik&#8221;"}]},{"@type":"WebSite","@id":"https:\/\/najnaj.eu\/sl\/#website","url":"https:\/\/najnaj.eu\/sl\/","name":"NajNaj.eu","description":"Za najva\u017enije!","publisher":{"@id":"https:\/\/najnaj.eu\/sl\/#organization"},"potentialAction":[{"@type":"SearchAction","target":{"@type":"EntryPoint","urlTemplate":"https:\/\/najnaj.eu\/sl\/?s={search_term_string}"},"query-input":{"@type":"PropertyValueSpecification","valueRequired":true,"valueName":"search_term_string"}}],"inLanguage":"sl-SI"},{"@type":"Organization","@id":"https:\/\/najnaj.eu\/sl\/#organization","name":"NajNaj.eu","url":"https:\/\/najnaj.eu\/sl\/","logo":{"@type":"ImageObject","inLanguage":"sl-SI","@id":"https:\/\/najnaj.eu\/sl\/#\/schema\/logo\/image\/","url":"https:\/\/najnaj.eu\/wp-content\/uploads\/2023\/09\/logo_Najnaj_2023.svg","contentUrl":"https:\/\/najnaj.eu\/wp-content\/uploads\/2023\/09\/logo_Najnaj_2023.svg","width":501,"height":278,"caption":"NajNaj.eu"},"image":{"@id":"https:\/\/najnaj.eu\/sl\/#\/schema\/logo\/image\/"},"sameAs":["https:\/\/web.facebook.com\/najnaj.eu\/","https:\/\/www.instagram.com\/najnaj.eu\/","https:\/\/www.tiktok.com\/@najnaj.eu"]}]},"product_brand":"Kenguru Gold","og_availability":"instock","product_availability":"instock","product_retailer_item_id":"KG3045-N","product_condition":"new"},"_links":{"self":[{"href":"https:\/\/najnaj.eu\/sl\/wp-json\/wp\/v2\/product\/204233","targetHints":{"allow":["GET"]}}],"collection":[{"href":"https:\/\/najnaj.eu\/sl\/wp-json\/wp\/v2\/product"}],"about":[{"href":"https:\/\/najnaj.eu\/sl\/wp-json\/wp\/v2\/types\/product"}],"replies":[{"embeddable":true,"href":"https:\/\/najnaj.eu\/sl\/wp-json\/wp\/v2\/comments?post=204233"}],"version-history":[{"count":0,"href":"https:\/\/najnaj.eu\/sl\/wp-json\/wp\/v2\/product\/204233\/revisions"}],"wp:featuredmedia":[{"embeddable":true,"href":"https:\/\/najnaj.eu\/sl\/wp-json\/wp\/v2\/media\/201593"}],"wp:attachment":[{"href":"https:\/\/najnaj.eu\/sl\/wp-json\/wp\/v2\/media?parent=204233"}],"wp:term":[{"taxonomy":"product_brand","embeddable":true,"href":"https:\/\/najnaj.eu\/sl\/wp-json\/wp\/v2\/product_brand?post=204233"},{"taxonomy":"product_cat","embeddable":true,"href":"https:\/\/najnaj.eu\/sl\/wp-json\/wp\/v2\/product_cat?post=204233"},{"taxonomy":"product_tag","embeddable":true,"href":"https:\/\/najnaj.eu\/sl\/wp-json\/wp\/v2\/product_tag?post=204233"}],"curies":[{"name":"wp","href":"https:\/\/api.w.org\/{rel}","templated":true}]}}