{"id":204230,"date":"2024-04-05T13:56:41","date_gmt":"2024-04-05T11:56:41","guid":{"rendered":"https:\/\/najnaj.eu\/proizvod\/kapa-lassig-z-zascito-za-vrat-camel-roza\/"},"modified":"2025-02-06T10:35:43","modified_gmt":"2025-02-06T09:35:43","slug":"kapa-lassig-z-zascito-za-vrat-camel-roza","status":"publish","type":"product","link":"https:\/\/najnaj.eu\/sl\/izdelek\/kapa-lassig-z-zascito-za-vrat-camel-roza\/","title":{"rendered":"Kapa L\u00e4ssig z za\u0161\u010dito za vrat, Camel roza"},"content":{"rendered":"<p>Son\u010dni klobuk L\u00e4ssig, izdelan iz recikliranega poliestra, z izjemno dolgo za\u0161\u010dito za vrat in izborom ljubkih motivov zagotavlja brezskrbne poletne dni. Njegov UV-za\u0161\u010ditni faktor 80 \u0161\u010diti poleti ob\u010dutljivo lasi\u0161\u010de dojen\u010dkov in majhnih otrok.<\/p>\n<p>Izjemno dolga za\u0161\u010dita vratu, ki jo nudi ta kapa, \u0161\u010diti otrokovo glavo in o\u010di ter predel vratu pred son\u010dnimi \u017earki. Lahko se jo zave\u017ee pod brado, da je veter ne odnese.<\/p>\n<p>Lahka, zra\u010dna in hitro su\u0161e\u010da tkanina klobuka L\u00e4ssig omogo\u010da udobno no\u0161enje na pla\u017ei ali v vodi. In ko pridete domov, lahko kapo operete pri 30 \u00b0C v ne\u017enem ciklu.<\/p>\n<p>Pri izdelavi klobuka L\u00e4ssig se odpadna plastika reciklira tako, da se prede v prejo, pri \u010demer se ekvivalent sedmih plastenk PET spremeni v meter blaga. Z uporabo recikliranih materialov in inovativnih procesov ter izklju\u010ditvijo komponent \u017eivalskega izvora L\u00e4ssig prispeva h kro\u017enemu gospodarstvu in ohranjanju virov na\u0161ega planeta<\/p>\n<p>Son\u010dni klobuk L\u00e4ssig ima UV za\u0161\u010ditni faktor 80 in je skladen z UV standardom 801.<\/p>\n","protected":false},"excerpt":{"rendered":"<p>Izjemno dolga za\u0161\u010dita za vrat na tem L\u00e4ssigovem klobuku za son\u010denje ima UV za\u0161\u010ditni faktor 80 za za\u0161\u010dito ob\u010dutljivega lasi\u0161\u010da dojen\u010dkov in mal\u010dkov. Hitro su\u0161e\u010da tkanina iz recikliranega poliestra in ljubki motivi v kombinaciji poskrbijo za brezskrbne poletne dni.<\/p>\n","protected":false},"featured_media":201181,"comment_status":"open","ping_status":"closed","template":"","meta":{"_acf_changed":false,"footnotes":""},"product_brand":[],"product_cat":[1385],"product_tag":[2281],"class_list":{"0":"post-204230","1":"product","2":"type-product","3":"status-publish","4":"has-post-thumbnail","6":"product_cat-stvari-za-otroke","7":"product_tag-poletje","8":"pa_boja-oranzna","9":"pa_boja-roza-sl","10":"pa_brand-lassig-sl","12":"first","13":"instock","14":"shipping-taxable","15":"purchasable","16":"product-type-variable"},"bundled_by":[],"bundle_stock_status":"instock","bundle_stock_quantity":1,"bundle_virtual":false,"bundle_layout":"","bundle_add_to_cart_form_location":"","bundle_editable_in_cart":false,"bundle_sold_individually_context":"","bundle_item_grouping":"","bundle_min_size":"","bundle_max_size":"","bundle_price":[],"bundled_items":[],"bundle_sell_ids":[],"acf":[],"yoast_head":"<!-- This site is optimized with the Yoast SEO Premium plugin v21.5 (Yoast SEO v27.4) - https:\/\/yoast.com\/product\/yoast-seo-premium-wordpress\/ -->\n<title>Kapa L\u00e4ssig z za\u0161\u010dito za vrat, Camel roza - NajNaj.eu<\/title>\n<meta name=\"robots\" content=\"index, follow, max-snippet:-1, max-image-preview:large, max-video-preview:-1\" \/>\n<link rel=\"canonical\" href=\"https:\/\/najnaj.eu\/sl\/izdelek\/kapa-lassig-z-zascito-za-vrat-camel-roza\/\" \/>\n<meta property=\"og:locale\" content=\"sl_SI\" \/>\n<meta property=\"og:type\" content=\"article\" \/>\n<meta property=\"og:title\" content=\"Kapa L\u00e4ssig z za\u0161\u010dito za vrat, Camel roza\" \/>\n<meta property=\"og:description\" content=\"Izjemno dolga za\u0161\u010dita za vrat na tem L\u00e4ssigovem klobuku za son\u010denje ima UV za\u0161\u010ditni faktor 80 za za\u0161\u010dito ob\u010dutljivega lasi\u0161\u010da dojen\u010dkov in mal\u010dkov. Hitro su\u0161e\u010da tkanina iz recikliranega poliestra in ljubki motivi v kombinaciji poskrbijo za brezskrbne poletne dni.\" \/>\n<meta property=\"og:url\" content=\"https:\/\/najnaj.eu\/sl\/izdelek\/kapa-lassig-z-zascito-za-vrat-camel-roza\/\" \/>\n<meta property=\"og:site_name\" content=\"NajNaj.eu\" \/>\n<meta property=\"article:publisher\" content=\"https:\/\/web.facebook.com\/najnaj.eu\/\" \/>\n<meta property=\"article:modified_time\" content=\"2025-02-06T09:35:43+00:00\" \/>\n<meta property=\"og:image\" content=\"https:\/\/najnaj.eu\/wp-content\/uploads\/2024\/04\/SPL_F23_1433015638_P_1.jpg\" \/>\n\t<meta property=\"og:image:width\" content=\"800\" \/>\n\t<meta property=\"og:image:height\" content=\"800\" \/>\n\t<meta property=\"og:image:type\" content=\"image\/jpeg\" \/>\n<meta name=\"twitter:card\" content=\"summary_large_image\" \/>\n<meta name=\"twitter:label1\" content=\"Availability\" \/>\n\t<meta name=\"twitter:data1\" content=\"In stock\" \/>\n<script type=\"application\/ld+json\" class=\"yoast-schema-graph\">{\"@context\":\"https:\\\/\\\/schema.org\",\"@graph\":[{\"@type\":\"WebPage\",\"@id\":\"https:\\\/\\\/najnaj.eu\\\/sl\\\/izdelek\\\/kapa-lassig-z-zascito-za-vrat-camel-roza\\\/\",\"url\":\"https:\\\/\\\/najnaj.eu\\\/sl\\\/izdelek\\\/kapa-lassig-z-zascito-za-vrat-camel-roza\\\/\",\"name\":\"Kapa L\u00e4ssig z za\u0161\u010dito za vrat, Camel roza - NajNaj.eu\",\"isPartOf\":{\"@id\":\"https:\\\/\\\/najnaj.eu\\\/sl\\\/#website\"},\"primaryImageOfPage\":{\"@id\":\"https:\\\/\\\/najnaj.eu\\\/sl\\\/izdelek\\\/kapa-lassig-z-zascito-za-vrat-camel-roza\\\/#primaryimage\"},\"image\":{\"@id\":\"https:\\\/\\\/najnaj.eu\\\/sl\\\/izdelek\\\/kapa-lassig-z-zascito-za-vrat-camel-roza\\\/#primaryimage\"},\"thumbnailUrl\":\"https:\\\/\\\/najnaj.eu\\\/wp-content\\\/uploads\\\/2024\\\/04\\\/SPL_F23_1433015638_P_1.jpg\",\"datePublished\":\"2024-04-05T11:56:41+00:00\",\"dateModified\":\"2025-02-06T09:35:43+00:00\",\"breadcrumb\":{\"@id\":\"https:\\\/\\\/najnaj.eu\\\/sl\\\/izdelek\\\/kapa-lassig-z-zascito-za-vrat-camel-roza\\\/#breadcrumb\"},\"inLanguage\":\"sl-SI\",\"potentialAction\":[{\"@type\":\"ReadAction\",\"target\":[\"https:\\\/\\\/najnaj.eu\\\/sl\\\/izdelek\\\/kapa-lassig-z-zascito-za-vrat-camel-roza\\\/\"]}]},{\"@type\":\"ImageObject\",\"inLanguage\":\"sl-SI\",\"@id\":\"https:\\\/\\\/najnaj.eu\\\/sl\\\/izdelek\\\/kapa-lassig-z-zascito-za-vrat-camel-roza\\\/#primaryimage\",\"url\":\"https:\\\/\\\/najnaj.eu\\\/wp-content\\\/uploads\\\/2024\\\/04\\\/SPL_F23_1433015638_P_1.jpg\",\"contentUrl\":\"https:\\\/\\\/najnaj.eu\\\/wp-content\\\/uploads\\\/2024\\\/04\\\/SPL_F23_1433015638_P_1.jpg\",\"width\":800,\"height\":800},{\"@type\":\"BreadcrumbList\",\"@id\":\"https:\\\/\\\/najnaj.eu\\\/sl\\\/izdelek\\\/kapa-lassig-z-zascito-za-vrat-camel-roza\\\/#breadcrumb\",\"itemListElement\":[{\"@type\":\"ListItem\",\"position\":1,\"name\":\"Po\u010detna stranica\",\"item\":\"https:\\\/\\\/najnaj.eu\\\/sl\\\/prednja-stran\\\/\"},{\"@type\":\"ListItem\",\"position\":2,\"name\":\"Shop\",\"item\":\"https:\\\/\\\/najnaj.eu\\\/sl\\\/shop\\\/\"},{\"@type\":\"ListItem\",\"position\":3,\"name\":\"Kapa L\u00e4ssig z za\u0161\u010dito za vrat, Camel roza\"}]},{\"@type\":\"WebSite\",\"@id\":\"https:\\\/\\\/najnaj.eu\\\/sl\\\/#website\",\"url\":\"https:\\\/\\\/najnaj.eu\\\/sl\\\/\",\"name\":\"NajNaj.eu\",\"description\":\"Za najva\u017enije!\",\"publisher\":{\"@id\":\"https:\\\/\\\/najnaj.eu\\\/sl\\\/#organization\"},\"potentialAction\":[{\"@type\":\"SearchAction\",\"target\":{\"@type\":\"EntryPoint\",\"urlTemplate\":\"https:\\\/\\\/najnaj.eu\\\/sl\\\/?s={search_term_string}\"},\"query-input\":{\"@type\":\"PropertyValueSpecification\",\"valueRequired\":true,\"valueName\":\"search_term_string\"}}],\"inLanguage\":\"sl-SI\"},{\"@type\":\"Organization\",\"@id\":\"https:\\\/\\\/najnaj.eu\\\/sl\\\/#organization\",\"name\":\"NajNaj.eu\",\"url\":\"https:\\\/\\\/najnaj.eu\\\/sl\\\/\",\"logo\":{\"@type\":\"ImageObject\",\"inLanguage\":\"sl-SI\",\"@id\":\"https:\\\/\\\/najnaj.eu\\\/sl\\\/#\\\/schema\\\/logo\\\/image\\\/\",\"url\":\"https:\\\/\\\/najnaj.eu\\\/wp-content\\\/uploads\\\/2023\\\/09\\\/logo_Najnaj_2023.svg\",\"contentUrl\":\"https:\\\/\\\/najnaj.eu\\\/wp-content\\\/uploads\\\/2023\\\/09\\\/logo_Najnaj_2023.svg\",\"width\":501,\"height\":278,\"caption\":\"NajNaj.eu\"},\"image\":{\"@id\":\"https:\\\/\\\/najnaj.eu\\\/sl\\\/#\\\/schema\\\/logo\\\/image\\\/\"},\"sameAs\":[\"https:\\\/\\\/web.facebook.com\\\/najnaj.eu\\\/\",\"https:\\\/\\\/www.instagram.com\\\/najnaj.eu\\\/\",\"https:\\\/\\\/www.tiktok.com\\\/@najnaj.eu\"]}]}<\/script>\n<meta property=\"product:brand\" content=\"L\u00e4ssig\" \/>\n<meta property=\"og:availability\" content=\"instock\" \/>\n<meta property=\"product:availability\" content=\"instock\" \/>\n<meta property=\"product:retailer_item_id\" content=\"1433015638\" \/>\n<meta property=\"product:condition\" content=\"new\" \/>\n<!-- \/ Yoast SEO Premium plugin. -->","yoast_head_json":{"title":"Kapa L\u00e4ssig z za\u0161\u010dito za vrat, Camel roza - NajNaj.eu","robots":{"index":"index","follow":"follow","max-snippet":"max-snippet:-1","max-image-preview":"max-image-preview:large","max-video-preview":"max-video-preview:-1"},"canonical":"https:\/\/najnaj.eu\/sl\/izdelek\/kapa-lassig-z-zascito-za-vrat-camel-roza\/","og_locale":"sl_SI","og_type":"article","og_title":"Kapa L\u00e4ssig z za\u0161\u010dito za vrat, Camel roza","og_description":"Izjemno dolga za\u0161\u010dita za vrat na tem L\u00e4ssigovem klobuku za son\u010denje ima UV za\u0161\u010ditni faktor 80 za za\u0161\u010dito ob\u010dutljivega lasi\u0161\u010da dojen\u010dkov in mal\u010dkov. Hitro su\u0161e\u010da tkanina iz recikliranega poliestra in ljubki motivi v kombinaciji poskrbijo za brezskrbne poletne dni.","og_url":"https:\/\/najnaj.eu\/sl\/izdelek\/kapa-lassig-z-zascito-za-vrat-camel-roza\/","og_site_name":"NajNaj.eu","article_publisher":"https:\/\/web.facebook.com\/najnaj.eu\/","article_modified_time":"2025-02-06T09:35:43+00:00","og_image":[{"width":800,"height":800,"url":"https:\/\/najnaj.eu\/wp-content\/uploads\/2024\/04\/SPL_F23_1433015638_P_1.jpg","type":"image\/jpeg"}],"twitter_card":"summary_large_image","twitter_misc":{"Availability":"In stock"},"schema":{"@context":"https:\/\/schema.org","@graph":[{"@type":"WebPage","@id":"https:\/\/najnaj.eu\/sl\/izdelek\/kapa-lassig-z-zascito-za-vrat-camel-roza\/","url":"https:\/\/najnaj.eu\/sl\/izdelek\/kapa-lassig-z-zascito-za-vrat-camel-roza\/","name":"Kapa L\u00e4ssig z za\u0161\u010dito za vrat, Camel roza - NajNaj.eu","isPartOf":{"@id":"https:\/\/najnaj.eu\/sl\/#website"},"primaryImageOfPage":{"@id":"https:\/\/najnaj.eu\/sl\/izdelek\/kapa-lassig-z-zascito-za-vrat-camel-roza\/#primaryimage"},"image":{"@id":"https:\/\/najnaj.eu\/sl\/izdelek\/kapa-lassig-z-zascito-za-vrat-camel-roza\/#primaryimage"},"thumbnailUrl":"https:\/\/najnaj.eu\/wp-content\/uploads\/2024\/04\/SPL_F23_1433015638_P_1.jpg","datePublished":"2024-04-05T11:56:41+00:00","dateModified":"2025-02-06T09:35:43+00:00","breadcrumb":{"@id":"https:\/\/najnaj.eu\/sl\/izdelek\/kapa-lassig-z-zascito-za-vrat-camel-roza\/#breadcrumb"},"inLanguage":"sl-SI","potentialAction":[{"@type":"ReadAction","target":["https:\/\/najnaj.eu\/sl\/izdelek\/kapa-lassig-z-zascito-za-vrat-camel-roza\/"]}]},{"@type":"ImageObject","inLanguage":"sl-SI","@id":"https:\/\/najnaj.eu\/sl\/izdelek\/kapa-lassig-z-zascito-za-vrat-camel-roza\/#primaryimage","url":"https:\/\/najnaj.eu\/wp-content\/uploads\/2024\/04\/SPL_F23_1433015638_P_1.jpg","contentUrl":"https:\/\/najnaj.eu\/wp-content\/uploads\/2024\/04\/SPL_F23_1433015638_P_1.jpg","width":800,"height":800},{"@type":"BreadcrumbList","@id":"https:\/\/najnaj.eu\/sl\/izdelek\/kapa-lassig-z-zascito-za-vrat-camel-roza\/#breadcrumb","itemListElement":[{"@type":"ListItem","position":1,"name":"Po\u010detna stranica","item":"https:\/\/najnaj.eu\/sl\/prednja-stran\/"},{"@type":"ListItem","position":2,"name":"Shop","item":"https:\/\/najnaj.eu\/sl\/shop\/"},{"@type":"ListItem","position":3,"name":"Kapa L\u00e4ssig z za\u0161\u010dito za vrat, Camel roza"}]},{"@type":"WebSite","@id":"https:\/\/najnaj.eu\/sl\/#website","url":"https:\/\/najnaj.eu\/sl\/","name":"NajNaj.eu","description":"Za najva\u017enije!","publisher":{"@id":"https:\/\/najnaj.eu\/sl\/#organization"},"potentialAction":[{"@type":"SearchAction","target":{"@type":"EntryPoint","urlTemplate":"https:\/\/najnaj.eu\/sl\/?s={search_term_string}"},"query-input":{"@type":"PropertyValueSpecification","valueRequired":true,"valueName":"search_term_string"}}],"inLanguage":"sl-SI"},{"@type":"Organization","@id":"https:\/\/najnaj.eu\/sl\/#organization","name":"NajNaj.eu","url":"https:\/\/najnaj.eu\/sl\/","logo":{"@type":"ImageObject","inLanguage":"sl-SI","@id":"https:\/\/najnaj.eu\/sl\/#\/schema\/logo\/image\/","url":"https:\/\/najnaj.eu\/wp-content\/uploads\/2023\/09\/logo_Najnaj_2023.svg","contentUrl":"https:\/\/najnaj.eu\/wp-content\/uploads\/2023\/09\/logo_Najnaj_2023.svg","width":501,"height":278,"caption":"NajNaj.eu"},"image":{"@id":"https:\/\/najnaj.eu\/sl\/#\/schema\/logo\/image\/"},"sameAs":["https:\/\/web.facebook.com\/najnaj.eu\/","https:\/\/www.instagram.com\/najnaj.eu\/","https:\/\/www.tiktok.com\/@najnaj.eu"]}]},"product_brand":"L\u00e4ssig","og_availability":"instock","product_availability":"instock","product_retailer_item_id":"1433015638","product_condition":"new"},"_links":{"self":[{"href":"https:\/\/najnaj.eu\/sl\/wp-json\/wp\/v2\/product\/204230","targetHints":{"allow":["GET"]}}],"collection":[{"href":"https:\/\/najnaj.eu\/sl\/wp-json\/wp\/v2\/product"}],"about":[{"href":"https:\/\/najnaj.eu\/sl\/wp-json\/wp\/v2\/types\/product"}],"replies":[{"embeddable":true,"href":"https:\/\/najnaj.eu\/sl\/wp-json\/wp\/v2\/comments?post=204230"}],"version-history":[{"count":0,"href":"https:\/\/najnaj.eu\/sl\/wp-json\/wp\/v2\/product\/204230\/revisions"}],"wp:featuredmedia":[{"embeddable":true,"href":"https:\/\/najnaj.eu\/sl\/wp-json\/wp\/v2\/media\/201181"}],"wp:attachment":[{"href":"https:\/\/najnaj.eu\/sl\/wp-json\/wp\/v2\/media?parent=204230"}],"wp:term":[{"taxonomy":"product_brand","embeddable":true,"href":"https:\/\/najnaj.eu\/sl\/wp-json\/wp\/v2\/product_brand?post=204230"},{"taxonomy":"product_cat","embeddable":true,"href":"https:\/\/najnaj.eu\/sl\/wp-json\/wp\/v2\/product_cat?post=204230"},{"taxonomy":"product_tag","embeddable":true,"href":"https:\/\/najnaj.eu\/sl\/wp-json\/wp\/v2\/product_tag?post=204230"}],"curies":[{"name":"wp","href":"https:\/\/api.w.org\/{rel}","templated":true}]}}