{"id":204157,"date":"2024-04-09T14:04:13","date_gmt":"2024-04-09T12:04:13","guid":{"rendered":"https:\/\/najnaj.eu\/proizvod\/kenguru-gold-spalna-vreca-z-nogami-tog2-popcorn-fox\/"},"modified":"2025-11-03T11:05:43","modified_gmt":"2025-11-03T10:05:43","slug":"kenguru-gold-spalna-vreca-z-nogami-tog2-popcorn-fox","status":"publish","type":"product","link":"https:\/\/najnaj.eu\/sl\/izdelek\/kenguru-gold-spalna-vreca-z-nogami-tog2-popcorn-fox\/","title":{"rendered":"Kenguru Gold Spalna vre\u010da z nogami TOG2, &#8220;Popcorn-fox&#8221;"},"content":{"rendered":"<p>Koncept garderobe &#8220;capsule&#8221; za zmanj\u0161anje nepotrebnih stvari v va\u0161i garderobi<br \/>\nInovativna oblika omogo\u010da no\u0161enje v ve\u010d velikostih, kar podalj\u0161a \u010das uporabe izdelka<br \/>\nGOTS &#8220;organic&#8221; certificiran izdelek, od pridelave ekolo\u0161kega bomba\u017ea do proizvodnje kon\u010dnega izdelka. Vsi delovni procesi so revidirani in certificirani s strani mednarodnega neodvisnega certifikacijskega organa za za\u0161\u010dito na\u0161ega trajnostnega okolja.<\/p>\n<p><strong>Termo spalna vre\u010da 2 TOG za majhne otroke<\/strong><br \/>\nZunanji temperaturi prilagojena spalna obla\u010dila in spalne vre\u010de bodo poskrbele za stabilno no\u010dno temperaturo va\u0161ega dojen\u010dka.<br \/>\nUporabite na\u0161o spletno ali mobilno aplikacijo, da si boste la\u017eje sestavili pravo kombinacijo za spanje.<br \/>\nUporaba dobro izbrane spalne vre\u010de za majhne otroke lahko zmanj\u0161a pogosto no\u010dno potenje.<\/p>\n<p>Stil: 3 v 1, s tremi velikostmi nastavljivih naramnic in izrezom za roke.<br \/>\nSpalna vre\u010da brez rokavov za mal\u010dke z odprtinami ob strani in zgoraj.<br \/>\nZra\u010den dizajn brez rokavov s \u0161irokimi odprtinami na ramenih in vratu.<br \/>\nNoge, ki se lahko po potrebi kraj\u0161ajo in podalj\u0161ujejo<\/p>\n","protected":false},"excerpt":{"rendered":"<ul>\n<li>No\u010dni mir: \u0161\u010diti in greje dojen\u010dkovo telo vso no\u010d, hkrati pa pomaga prepre\u010devati no\u010dne skrbi<\/li>\n<li>3 velikosti v 1 izdelku, nastavljiva velikost vratu in ramen z zadrgami<\/li>\n<li>Zadrga spodaj in ob strani za enostavno obla\u010denje in hitro menjavo plenic<\/li>\n<li>Material: tkanina iz mikrovlaken na zunanji strani in tkanina iz organskega bomba\u017ea na notranji strani zagotavljata mehak dotik<\/li>\n<li>Dobro zra\u010den dizajn brez rokavov, \u0161iroke odprtine na ramenih in vratu ter odli\u010dna zra\u010dnost pomagajo pri izhlapevanju in s tem uravnavanju telesne temperature<\/li>\n<\/ul>\n","protected":false},"featured_media":201947,"comment_status":"open","ping_status":"closed","template":"","meta":{"_acf_changed":false,"footnotes":""},"product_brand":[],"product_cat":[1288,1302,1368],"product_tag":[2282],"class_list":{"0":"post-204157","1":"product","2":"type-product","3":"status-publish","4":"has-post-thumbnail","6":"product_cat-otroska-soba","7":"product_cat-spalne-vrece","8":"product_cat-zimske-spalne-vrece","9":"product_tag-zima-sl","10":"pa_boja-bijela-sl","11":"pa_brand-kenguru-gold","13":"first","14":"outofstock","15":"shipping-taxable","16":"purchasable","17":"product-type-variable"},"bundled_by":[],"bundle_stock_status":"outofstock","bundle_stock_quantity":null,"bundle_virtual":false,"bundle_layout":"","bundle_add_to_cart_form_location":"","bundle_editable_in_cart":false,"bundle_sold_individually_context":"","bundle_item_grouping":"","bundle_min_size":"","bundle_max_size":"","bundle_price":[],"bundled_items":[],"bundle_sell_ids":[],"acf":[],"yoast_head":"<!-- This site is optimized with the Yoast SEO Premium plugin v21.5 (Yoast SEO v27.3) - https:\/\/yoast.com\/product\/yoast-seo-premium-wordpress\/ -->\n<title>Kenguru Gold Spalna vre\u010da z nogami TOG2, &quot;Popcorn-fox&quot; - NajNaj.eu<\/title>\n<meta name=\"robots\" content=\"index, follow, max-snippet:-1, max-image-preview:large, max-video-preview:-1\" \/>\n<link rel=\"canonical\" href=\"https:\/\/najnaj.eu\/sl\/izdelek\/kenguru-gold-spalna-vreca-z-nogami-tog2-popcorn-fox\/\" \/>\n<meta property=\"og:locale\" content=\"sl_SI\" \/>\n<meta property=\"og:type\" content=\"article\" \/>\n<meta property=\"og:title\" content=\"Kenguru Gold Spalna vre\u010da z nogami TOG2, &quot;Popcorn-fox&quot;\" \/>\n<meta property=\"og:description\" content=\"No\u010dni mir: \u0161\u010diti in greje dojen\u010dkovo telo vso no\u010d, hkrati pa pomaga prepre\u010devati no\u010dne skrbi  3 velikosti v 1 izdelku, nastavljiva velikost vratu in ramen z zadrgami  Zadrga spodaj in ob strani za enostavno obla\u010denje in hitro menjavo plenic  Material: tkanina iz mikrovlaken na zunanji strani in tkanina iz organskega bomba\u017ea na notranji strani zagotavljata mehak dotik  Dobro zra\u010den dizajn brez rokavov, \u0161iroke odprtine na ramenih in vratu ter odli\u010dna zra\u010dnost pomagajo pri izhlapevanju in s tem uravnavanju telesne temperature\" \/>\n<meta property=\"og:url\" content=\"https:\/\/najnaj.eu\/sl\/izdelek\/kenguru-gold-spalna-vreca-z-nogami-tog2-popcorn-fox\/\" \/>\n<meta property=\"og:site_name\" content=\"NajNaj.eu\" \/>\n<meta property=\"article:publisher\" content=\"https:\/\/web.facebook.com\/najnaj.eu\/\" \/>\n<meta property=\"article:modified_time\" content=\"2025-11-03T10:05:43+00:00\" \/>\n<meta property=\"og:image\" content=\"https:\/\/najnaj.eu\/wp-content\/uploads\/2024\/04\/KG3015_main1.jpg\" \/>\n\t<meta property=\"og:image:width\" content=\"756\" \/>\n\t<meta property=\"og:image:height\" content=\"1920\" \/>\n\t<meta property=\"og:image:type\" content=\"image\/jpeg\" \/>\n<meta name=\"twitter:card\" content=\"summary_large_image\" \/>\n<meta name=\"twitter:label1\" content=\"Availability\" \/>\n\t<meta name=\"twitter:data1\" content=\"Out of stock\" \/>\n<script type=\"application\/ld+json\" class=\"yoast-schema-graph\">{\"@context\":\"https:\\\/\\\/schema.org\",\"@graph\":[{\"@type\":\"WebPage\",\"@id\":\"https:\\\/\\\/najnaj.eu\\\/sl\\\/izdelek\\\/kenguru-gold-spalna-vreca-z-nogami-tog2-popcorn-fox\\\/\",\"url\":\"https:\\\/\\\/najnaj.eu\\\/sl\\\/izdelek\\\/kenguru-gold-spalna-vreca-z-nogami-tog2-popcorn-fox\\\/\",\"name\":\"Kenguru Gold Spalna vre\u010da z nogami TOG2, \\\"Popcorn-fox\\\" - NajNaj.eu\",\"isPartOf\":{\"@id\":\"https:\\\/\\\/najnaj.eu\\\/sl\\\/#website\"},\"primaryImageOfPage\":{\"@id\":\"https:\\\/\\\/najnaj.eu\\\/sl\\\/izdelek\\\/kenguru-gold-spalna-vreca-z-nogami-tog2-popcorn-fox\\\/#primaryimage\"},\"image\":{\"@id\":\"https:\\\/\\\/najnaj.eu\\\/sl\\\/izdelek\\\/kenguru-gold-spalna-vreca-z-nogami-tog2-popcorn-fox\\\/#primaryimage\"},\"thumbnailUrl\":\"https:\\\/\\\/najnaj.eu\\\/wp-content\\\/uploads\\\/2024\\\/04\\\/KG3015_main1.jpg\",\"datePublished\":\"2024-04-09T12:04:13+00:00\",\"dateModified\":\"2025-11-03T10:05:43+00:00\",\"breadcrumb\":{\"@id\":\"https:\\\/\\\/najnaj.eu\\\/sl\\\/izdelek\\\/kenguru-gold-spalna-vreca-z-nogami-tog2-popcorn-fox\\\/#breadcrumb\"},\"inLanguage\":\"sl-SI\",\"potentialAction\":[{\"@type\":\"ReadAction\",\"target\":[\"https:\\\/\\\/najnaj.eu\\\/sl\\\/izdelek\\\/kenguru-gold-spalna-vreca-z-nogami-tog2-popcorn-fox\\\/\"]}]},{\"@type\":\"ImageObject\",\"inLanguage\":\"sl-SI\",\"@id\":\"https:\\\/\\\/najnaj.eu\\\/sl\\\/izdelek\\\/kenguru-gold-spalna-vreca-z-nogami-tog2-popcorn-fox\\\/#primaryimage\",\"url\":\"https:\\\/\\\/najnaj.eu\\\/wp-content\\\/uploads\\\/2024\\\/04\\\/KG3015_main1.jpg\",\"contentUrl\":\"https:\\\/\\\/najnaj.eu\\\/wp-content\\\/uploads\\\/2024\\\/04\\\/KG3015_main1.jpg\",\"width\":756,\"height\":1920},{\"@type\":\"BreadcrumbList\",\"@id\":\"https:\\\/\\\/najnaj.eu\\\/sl\\\/izdelek\\\/kenguru-gold-spalna-vreca-z-nogami-tog2-popcorn-fox\\\/#breadcrumb\",\"itemListElement\":[{\"@type\":\"ListItem\",\"position\":1,\"name\":\"Po\u010detna stranica\",\"item\":\"https:\\\/\\\/najnaj.eu\\\/sl\\\/prednja-stran\\\/\"},{\"@type\":\"ListItem\",\"position\":2,\"name\":\"Shop\",\"item\":\"https:\\\/\\\/najnaj.eu\\\/sl\\\/shop\\\/\"},{\"@type\":\"ListItem\",\"position\":3,\"name\":\"Kenguru Gold Spalna vre\u010da z nogami TOG2, &#8220;Popcorn-fox&#8221;\"}]},{\"@type\":\"WebSite\",\"@id\":\"https:\\\/\\\/najnaj.eu\\\/sl\\\/#website\",\"url\":\"https:\\\/\\\/najnaj.eu\\\/sl\\\/\",\"name\":\"NajNaj.eu\",\"description\":\"Za najva\u017enije!\",\"publisher\":{\"@id\":\"https:\\\/\\\/najnaj.eu\\\/sl\\\/#organization\"},\"potentialAction\":[{\"@type\":\"SearchAction\",\"target\":{\"@type\":\"EntryPoint\",\"urlTemplate\":\"https:\\\/\\\/najnaj.eu\\\/sl\\\/?s={search_term_string}\"},\"query-input\":{\"@type\":\"PropertyValueSpecification\",\"valueRequired\":true,\"valueName\":\"search_term_string\"}}],\"inLanguage\":\"sl-SI\"},{\"@type\":\"Organization\",\"@id\":\"https:\\\/\\\/najnaj.eu\\\/sl\\\/#organization\",\"name\":\"NajNaj.eu\",\"url\":\"https:\\\/\\\/najnaj.eu\\\/sl\\\/\",\"logo\":{\"@type\":\"ImageObject\",\"inLanguage\":\"sl-SI\",\"@id\":\"https:\\\/\\\/najnaj.eu\\\/sl\\\/#\\\/schema\\\/logo\\\/image\\\/\",\"url\":\"https:\\\/\\\/najnaj.eu\\\/wp-content\\\/uploads\\\/2023\\\/09\\\/logo_Najnaj_2023.svg\",\"contentUrl\":\"https:\\\/\\\/najnaj.eu\\\/wp-content\\\/uploads\\\/2023\\\/09\\\/logo_Najnaj_2023.svg\",\"width\":501,\"height\":278,\"caption\":\"NajNaj.eu\"},\"image\":{\"@id\":\"https:\\\/\\\/najnaj.eu\\\/sl\\\/#\\\/schema\\\/logo\\\/image\\\/\"},\"sameAs\":[\"https:\\\/\\\/web.facebook.com\\\/najnaj.eu\\\/\",\"https:\\\/\\\/www.instagram.com\\\/najnaj.eu\\\/\",\"https:\\\/\\\/www.tiktok.com\\\/@najnaj.eu\"]}]}<\/script>\n<meta property=\"product:brand\" content=\"Kenguru Gold\" \/>\n<meta property=\"og:availability\" content=\"out of stock\" \/>\n<meta property=\"product:availability\" content=\"out of stock\" \/>\n<meta property=\"product:retailer_item_id\" content=\"KG3015-N\" \/>\n<meta property=\"product:condition\" content=\"new\" \/>\n<!-- \/ Yoast SEO Premium plugin. -->","yoast_head_json":{"title":"Kenguru Gold Spalna vre\u010da z nogami TOG2, \"Popcorn-fox\" - NajNaj.eu","robots":{"index":"index","follow":"follow","max-snippet":"max-snippet:-1","max-image-preview":"max-image-preview:large","max-video-preview":"max-video-preview:-1"},"canonical":"https:\/\/najnaj.eu\/sl\/izdelek\/kenguru-gold-spalna-vreca-z-nogami-tog2-popcorn-fox\/","og_locale":"sl_SI","og_type":"article","og_title":"Kenguru Gold Spalna vre\u010da z nogami TOG2, \"Popcorn-fox\"","og_description":"No\u010dni mir: \u0161\u010diti in greje dojen\u010dkovo telo vso no\u010d, hkrati pa pomaga prepre\u010devati no\u010dne skrbi  3 velikosti v 1 izdelku, nastavljiva velikost vratu in ramen z zadrgami  Zadrga spodaj in ob strani za enostavno obla\u010denje in hitro menjavo plenic  Material: tkanina iz mikrovlaken na zunanji strani in tkanina iz organskega bomba\u017ea na notranji strani zagotavljata mehak dotik  Dobro zra\u010den dizajn brez rokavov, \u0161iroke odprtine na ramenih in vratu ter odli\u010dna zra\u010dnost pomagajo pri izhlapevanju in s tem uravnavanju telesne temperature","og_url":"https:\/\/najnaj.eu\/sl\/izdelek\/kenguru-gold-spalna-vreca-z-nogami-tog2-popcorn-fox\/","og_site_name":"NajNaj.eu","article_publisher":"https:\/\/web.facebook.com\/najnaj.eu\/","article_modified_time":"2025-11-03T10:05:43+00:00","og_image":[{"width":756,"height":1920,"url":"https:\/\/najnaj.eu\/wp-content\/uploads\/2024\/04\/KG3015_main1.jpg","type":"image\/jpeg"}],"twitter_card":"summary_large_image","twitter_misc":{"Availability":"Out of stock"},"schema":{"@context":"https:\/\/schema.org","@graph":[{"@type":"WebPage","@id":"https:\/\/najnaj.eu\/sl\/izdelek\/kenguru-gold-spalna-vreca-z-nogami-tog2-popcorn-fox\/","url":"https:\/\/najnaj.eu\/sl\/izdelek\/kenguru-gold-spalna-vreca-z-nogami-tog2-popcorn-fox\/","name":"Kenguru Gold Spalna vre\u010da z nogami TOG2, \"Popcorn-fox\" - NajNaj.eu","isPartOf":{"@id":"https:\/\/najnaj.eu\/sl\/#website"},"primaryImageOfPage":{"@id":"https:\/\/najnaj.eu\/sl\/izdelek\/kenguru-gold-spalna-vreca-z-nogami-tog2-popcorn-fox\/#primaryimage"},"image":{"@id":"https:\/\/najnaj.eu\/sl\/izdelek\/kenguru-gold-spalna-vreca-z-nogami-tog2-popcorn-fox\/#primaryimage"},"thumbnailUrl":"https:\/\/najnaj.eu\/wp-content\/uploads\/2024\/04\/KG3015_main1.jpg","datePublished":"2024-04-09T12:04:13+00:00","dateModified":"2025-11-03T10:05:43+00:00","breadcrumb":{"@id":"https:\/\/najnaj.eu\/sl\/izdelek\/kenguru-gold-spalna-vreca-z-nogami-tog2-popcorn-fox\/#breadcrumb"},"inLanguage":"sl-SI","potentialAction":[{"@type":"ReadAction","target":["https:\/\/najnaj.eu\/sl\/izdelek\/kenguru-gold-spalna-vreca-z-nogami-tog2-popcorn-fox\/"]}]},{"@type":"ImageObject","inLanguage":"sl-SI","@id":"https:\/\/najnaj.eu\/sl\/izdelek\/kenguru-gold-spalna-vreca-z-nogami-tog2-popcorn-fox\/#primaryimage","url":"https:\/\/najnaj.eu\/wp-content\/uploads\/2024\/04\/KG3015_main1.jpg","contentUrl":"https:\/\/najnaj.eu\/wp-content\/uploads\/2024\/04\/KG3015_main1.jpg","width":756,"height":1920},{"@type":"BreadcrumbList","@id":"https:\/\/najnaj.eu\/sl\/izdelek\/kenguru-gold-spalna-vreca-z-nogami-tog2-popcorn-fox\/#breadcrumb","itemListElement":[{"@type":"ListItem","position":1,"name":"Po\u010detna stranica","item":"https:\/\/najnaj.eu\/sl\/prednja-stran\/"},{"@type":"ListItem","position":2,"name":"Shop","item":"https:\/\/najnaj.eu\/sl\/shop\/"},{"@type":"ListItem","position":3,"name":"Kenguru Gold Spalna vre\u010da z nogami TOG2, &#8220;Popcorn-fox&#8221;"}]},{"@type":"WebSite","@id":"https:\/\/najnaj.eu\/sl\/#website","url":"https:\/\/najnaj.eu\/sl\/","name":"NajNaj.eu","description":"Za najva\u017enije!","publisher":{"@id":"https:\/\/najnaj.eu\/sl\/#organization"},"potentialAction":[{"@type":"SearchAction","target":{"@type":"EntryPoint","urlTemplate":"https:\/\/najnaj.eu\/sl\/?s={search_term_string}"},"query-input":{"@type":"PropertyValueSpecification","valueRequired":true,"valueName":"search_term_string"}}],"inLanguage":"sl-SI"},{"@type":"Organization","@id":"https:\/\/najnaj.eu\/sl\/#organization","name":"NajNaj.eu","url":"https:\/\/najnaj.eu\/sl\/","logo":{"@type":"ImageObject","inLanguage":"sl-SI","@id":"https:\/\/najnaj.eu\/sl\/#\/schema\/logo\/image\/","url":"https:\/\/najnaj.eu\/wp-content\/uploads\/2023\/09\/logo_Najnaj_2023.svg","contentUrl":"https:\/\/najnaj.eu\/wp-content\/uploads\/2023\/09\/logo_Najnaj_2023.svg","width":501,"height":278,"caption":"NajNaj.eu"},"image":{"@id":"https:\/\/najnaj.eu\/sl\/#\/schema\/logo\/image\/"},"sameAs":["https:\/\/web.facebook.com\/najnaj.eu\/","https:\/\/www.instagram.com\/najnaj.eu\/","https:\/\/www.tiktok.com\/@najnaj.eu"]}]},"product_brand":"Kenguru Gold","og_availability":"out of stock","product_availability":"out of stock","product_retailer_item_id":"KG3015-N","product_condition":"new"},"_links":{"self":[{"href":"https:\/\/najnaj.eu\/sl\/wp-json\/wp\/v2\/product\/204157","targetHints":{"allow":["GET"]}}],"collection":[{"href":"https:\/\/najnaj.eu\/sl\/wp-json\/wp\/v2\/product"}],"about":[{"href":"https:\/\/najnaj.eu\/sl\/wp-json\/wp\/v2\/types\/product"}],"replies":[{"embeddable":true,"href":"https:\/\/najnaj.eu\/sl\/wp-json\/wp\/v2\/comments?post=204157"}],"version-history":[{"count":0,"href":"https:\/\/najnaj.eu\/sl\/wp-json\/wp\/v2\/product\/204157\/revisions"}],"wp:featuredmedia":[{"embeddable":true,"href":"https:\/\/najnaj.eu\/sl\/wp-json\/wp\/v2\/media\/201947"}],"wp:attachment":[{"href":"https:\/\/najnaj.eu\/sl\/wp-json\/wp\/v2\/media?parent=204157"}],"wp:term":[{"taxonomy":"product_brand","embeddable":true,"href":"https:\/\/najnaj.eu\/sl\/wp-json\/wp\/v2\/product_brand?post=204157"},{"taxonomy":"product_cat","embeddable":true,"href":"https:\/\/najnaj.eu\/sl\/wp-json\/wp\/v2\/product_cat?post=204157"},{"taxonomy":"product_tag","embeddable":true,"href":"https:\/\/najnaj.eu\/sl\/wp-json\/wp\/v2\/product_tag?post=204157"}],"curies":[{"name":"wp","href":"https:\/\/api.w.org\/{rel}","templated":true}]}}