{"id":204136,"date":"2024-04-09T10:33:27","date_gmt":"2024-04-09T08:33:27","guid":{"rendered":"https:\/\/najnaj.eu\/proizvod\/igrace-za-pesek-set-5-colnov-water-friends-boat-olive\/"},"modified":"2025-02-06T10:30:28","modified_gmt":"2025-02-06T09:30:28","slug":"igrace-za-pesek-set-5-colnov-water-friends-boat-olive","status":"publish","type":"product","link":"https:\/\/najnaj.eu\/sl\/izdelek\/igrace-za-pesek-set-5-colnov-water-friends-boat-olive\/","title":{"rendered":"Igra\u010de za pesek, set 5 \u010dolnov Water Friends Boat olive"},"content":{"rendered":"<p>Avanture na morju so pred vami! S \u0161tiridelnim setom igra\u010d L\u00c4SSIG \u010doln je va\u0161 otrok pripravljen na veliko potovanje okoli sveta. Set \u010doln je sestavljen iz \u010dolna v obliki velikega tropskega lista in treh razli\u010dnih \u017eivalskih potnikov, ki jih lahko postavite po \u017eelji va\u0161ega otroka. S kompletom igra\u010d L\u00c4SSIG se lahko igra v peskovniku ali pa ga vr\u017ee v kad in otro\u0161ki bazen.<\/p>\n<p>Komplet igra\u010d L\u00c4SSIG \u010coln ima edinstveno obliko in razli\u010dne namene. \u010coln je sestavljen iz spodnjega dela trupa in zgornje palube, ki se lahko uporablja kot sito. \u010coln lahko po vodi vle\u010dete s pomo\u010djo makrame vrvi. Va\u0161 otrok se bo zelo zabaval pri preurejanju pisanih \u017eivalskih figur \u2013 ustvarjalnost ne pozna meja. Pesek ali vodo lahko filtriramo skozi luknje v majhnih \u017eivalih.<\/p>\n<p>Komplet igra\u010d za \u010doln spodbuja va\u0161ega otroka, da se igra z elementi vode in peska, hkrati pa pridobiva razumevanje njunih naravnih lastnosti. Idealen dodatek k kompletu igra\u010d za pesek L\u00c4SSIG, izdelan je iz poltrdnega biokompozita, polipropilena in celuloze ter je prijazen do virov zaradi zmanj\u0161ane uporabe surovin na osnovi fosilov.<\/p>\n<p>Torej, kdo so pravzaprav ti trije pustolovci v \u010dolnu? V njej nastopajo panda Pau, povodni konj Hippo in krokodil Croco, trije \u017eivalski spremljevalci, ki prihajajo s treh razli\u010dnih celin. Drzni Pau na obali odkrije ogromen list taroka in odpluje iz Azije v Afriko, kjer sre\u010da povodnega konja. Hitro se spoprijateljita in odplujeta naprej, dokler ne prispeta v Avstralijo in sre\u010data prijaznega Croca, ki se jima pridru\u017ei na njuni poti. Va\u0161 otrok odlo\u010da o nadaljnjih dogodiv\u0161\u010dinah treh prijateljev!<\/p>\n","protected":false},"excerpt":{"rendered":"<p>Avanture na morju so pred vami! \u0160tiridelni komplet igra\u010d L\u00c4SSIG je pripravljen na veliko potovanje okoli sveta. Va\u0161 otrok lahko pusti prosto pot svoji ustvarjalnosti in se zabava v vodi in pesku.<\/p>\n","protected":false},"featured_media":202049,"comment_status":"open","ping_status":"closed","template":"","meta":{"_acf_changed":false,"footnotes":""},"product_brand":[],"product_cat":[1652],"product_tag":[],"class_list":{"0":"post-204136","1":"product","2":"type-product","3":"status-publish","4":"has-post-thumbnail","6":"product_cat-poletje","7":"pa_boja-zelena-sl","8":"pa_brand-lassig-sl","10":"first","11":"outofstock","12":"shipping-taxable","13":"purchasable","14":"product-type-simple"},"bundled_by":[],"bundle_stock_status":"outofstock","bundle_stock_quantity":0,"bundle_virtual":false,"bundle_layout":"","bundle_add_to_cart_form_location":"","bundle_editable_in_cart":false,"bundle_sold_individually_context":"","bundle_item_grouping":"","bundle_min_size":"","bundle_max_size":"","bundle_price":[],"bundled_items":[],"bundle_sell_ids":[],"acf":[],"yoast_head":"<!-- This site is optimized with the Yoast SEO Premium plugin v21.5 (Yoast SEO v27.4) - https:\/\/yoast.com\/product\/yoast-seo-premium-wordpress\/ -->\n<title>Igra\u010de za pesek, set 5 \u010dolnov Water Friends Boat olive - NajNaj.eu<\/title>\n<meta name=\"robots\" content=\"index, follow, max-snippet:-1, max-image-preview:large, max-video-preview:-1\" \/>\n<link rel=\"canonical\" href=\"https:\/\/najnaj.eu\/sl\/izdelek\/igrace-za-pesek-set-5-colnov-water-friends-boat-olive\/\" \/>\n<meta property=\"og:locale\" content=\"sl_SI\" \/>\n<meta property=\"og:type\" content=\"article\" \/>\n<meta property=\"og:title\" content=\"Igra\u010de za pesek, set 5 \u010dolnov Water Friends Boat olive\" \/>\n<meta property=\"og:description\" content=\"Avanture na morju so pred vami! \u0160tiridelni komplet igra\u010d L\u00c4SSIG je pripravljen na veliko potovanje okoli sveta. Va\u0161 otrok lahko pusti prosto pot svoji ustvarjalnosti in se zabava v vodi in pesku.\" \/>\n<meta property=\"og:url\" content=\"https:\/\/najnaj.eu\/sl\/izdelek\/igrace-za-pesek-set-5-colnov-water-friends-boat-olive\/\" \/>\n<meta property=\"og:site_name\" content=\"NajNaj.eu\" \/>\n<meta property=\"article:publisher\" content=\"https:\/\/web.facebook.com\/najnaj.eu\/\" \/>\n<meta property=\"article:modified_time\" content=\"2025-02-06T09:30:28+00:00\" \/>\n<meta property=\"og:image\" content=\"https:\/\/najnaj.eu\/wp-content\/uploads\/2024\/04\/1313029065_1_1280x1280.jpg\" \/>\n\t<meta property=\"og:image:width\" content=\"1280\" \/>\n\t<meta property=\"og:image:height\" content=\"1280\" \/>\n\t<meta property=\"og:image:type\" content=\"image\/jpeg\" \/>\n<meta name=\"twitter:card\" content=\"summary_large_image\" \/>\n<meta name=\"twitter:label1\" content=\"Price\" \/>\n\t<meta name=\"twitter:data1\" content=\"14,95&nbsp;&euro;\" \/>\n\t<meta name=\"twitter:label2\" content=\"Availability\" \/>\n\t<meta name=\"twitter:data2\" content=\"Out of stock\" \/>\n<script type=\"application\/ld+json\" class=\"yoast-schema-graph\">{\"@context\":\"https:\\\/\\\/schema.org\",\"@graph\":[{\"@type\":\"WebPage\",\"@id\":\"https:\\\/\\\/najnaj.eu\\\/sl\\\/izdelek\\\/igrace-za-pesek-set-5-colnov-water-friends-boat-olive\\\/\",\"url\":\"https:\\\/\\\/najnaj.eu\\\/sl\\\/izdelek\\\/igrace-za-pesek-set-5-colnov-water-friends-boat-olive\\\/\",\"name\":\"Igra\u010de za pesek, set 5 \u010dolnov Water Friends Boat olive - NajNaj.eu\",\"isPartOf\":{\"@id\":\"https:\\\/\\\/najnaj.eu\\\/sl\\\/#website\"},\"primaryImageOfPage\":{\"@id\":\"https:\\\/\\\/najnaj.eu\\\/sl\\\/izdelek\\\/igrace-za-pesek-set-5-colnov-water-friends-boat-olive\\\/#primaryimage\"},\"image\":{\"@id\":\"https:\\\/\\\/najnaj.eu\\\/sl\\\/izdelek\\\/igrace-za-pesek-set-5-colnov-water-friends-boat-olive\\\/#primaryimage\"},\"thumbnailUrl\":\"https:\\\/\\\/najnaj.eu\\\/wp-content\\\/uploads\\\/2024\\\/04\\\/1313029065_1_1280x1280.jpg\",\"datePublished\":\"2024-04-09T08:33:27+00:00\",\"dateModified\":\"2025-02-06T09:30:28+00:00\",\"breadcrumb\":{\"@id\":\"https:\\\/\\\/najnaj.eu\\\/sl\\\/izdelek\\\/igrace-za-pesek-set-5-colnov-water-friends-boat-olive\\\/#breadcrumb\"},\"inLanguage\":\"sl-SI\",\"potentialAction\":[{\"@type\":\"ReadAction\",\"target\":[\"https:\\\/\\\/najnaj.eu\\\/sl\\\/izdelek\\\/igrace-za-pesek-set-5-colnov-water-friends-boat-olive\\\/\"]}]},{\"@type\":\"ImageObject\",\"inLanguage\":\"sl-SI\",\"@id\":\"https:\\\/\\\/najnaj.eu\\\/sl\\\/izdelek\\\/igrace-za-pesek-set-5-colnov-water-friends-boat-olive\\\/#primaryimage\",\"url\":\"https:\\\/\\\/najnaj.eu\\\/wp-content\\\/uploads\\\/2024\\\/04\\\/1313029065_1_1280x1280.jpg\",\"contentUrl\":\"https:\\\/\\\/najnaj.eu\\\/wp-content\\\/uploads\\\/2024\\\/04\\\/1313029065_1_1280x1280.jpg\",\"width\":1280,\"height\":1280},{\"@type\":\"BreadcrumbList\",\"@id\":\"https:\\\/\\\/najnaj.eu\\\/sl\\\/izdelek\\\/igrace-za-pesek-set-5-colnov-water-friends-boat-olive\\\/#breadcrumb\",\"itemListElement\":[{\"@type\":\"ListItem\",\"position\":1,\"name\":\"Po\u010detna stranica\",\"item\":\"https:\\\/\\\/najnaj.eu\\\/sl\\\/prednja-stran\\\/\"},{\"@type\":\"ListItem\",\"position\":2,\"name\":\"Shop\",\"item\":\"https:\\\/\\\/najnaj.eu\\\/sl\\\/shop\\\/\"},{\"@type\":\"ListItem\",\"position\":3,\"name\":\"Igra\u010de za pesek, set 5 \u010dolnov Water Friends Boat olive\"}]},{\"@type\":\"WebSite\",\"@id\":\"https:\\\/\\\/najnaj.eu\\\/sl\\\/#website\",\"url\":\"https:\\\/\\\/najnaj.eu\\\/sl\\\/\",\"name\":\"NajNaj.eu\",\"description\":\"Za najva\u017enije!\",\"publisher\":{\"@id\":\"https:\\\/\\\/najnaj.eu\\\/sl\\\/#organization\"},\"potentialAction\":[{\"@type\":\"SearchAction\",\"target\":{\"@type\":\"EntryPoint\",\"urlTemplate\":\"https:\\\/\\\/najnaj.eu\\\/sl\\\/?s={search_term_string}\"},\"query-input\":{\"@type\":\"PropertyValueSpecification\",\"valueRequired\":true,\"valueName\":\"search_term_string\"}}],\"inLanguage\":\"sl-SI\"},{\"@type\":\"Organization\",\"@id\":\"https:\\\/\\\/najnaj.eu\\\/sl\\\/#organization\",\"name\":\"NajNaj.eu\",\"url\":\"https:\\\/\\\/najnaj.eu\\\/sl\\\/\",\"logo\":{\"@type\":\"ImageObject\",\"inLanguage\":\"sl-SI\",\"@id\":\"https:\\\/\\\/najnaj.eu\\\/sl\\\/#\\\/schema\\\/logo\\\/image\\\/\",\"url\":\"https:\\\/\\\/najnaj.eu\\\/wp-content\\\/uploads\\\/2023\\\/09\\\/logo_Najnaj_2023.svg\",\"contentUrl\":\"https:\\\/\\\/najnaj.eu\\\/wp-content\\\/uploads\\\/2023\\\/09\\\/logo_Najnaj_2023.svg\",\"width\":501,\"height\":278,\"caption\":\"NajNaj.eu\"},\"image\":{\"@id\":\"https:\\\/\\\/najnaj.eu\\\/sl\\\/#\\\/schema\\\/logo\\\/image\\\/\"},\"sameAs\":[\"https:\\\/\\\/web.facebook.com\\\/najnaj.eu\\\/\",\"https:\\\/\\\/www.instagram.com\\\/najnaj.eu\\\/\",\"https:\\\/\\\/www.tiktok.com\\\/@najnaj.eu\"]}]}<\/script>\n<meta property=\"product:brand\" content=\"L\u00e4ssig\" \/>\n<meta property=\"product:price:amount\" content=\"14.95\" \/>\n<meta property=\"product:price:currency\" content=\"EUR\" \/>\n<meta property=\"og:availability\" content=\"out of stock\" \/>\n<meta property=\"product:availability\" content=\"out of stock\" \/>\n<meta property=\"product:retailer_item_id\" content=\"1313029065\" \/>\n<meta property=\"product:condition\" content=\"new\" \/>\n<!-- \/ Yoast SEO Premium plugin. -->","yoast_head_json":{"title":"Igra\u010de za pesek, set 5 \u010dolnov Water Friends Boat olive - NajNaj.eu","robots":{"index":"index","follow":"follow","max-snippet":"max-snippet:-1","max-image-preview":"max-image-preview:large","max-video-preview":"max-video-preview:-1"},"canonical":"https:\/\/najnaj.eu\/sl\/izdelek\/igrace-za-pesek-set-5-colnov-water-friends-boat-olive\/","og_locale":"sl_SI","og_type":"article","og_title":"Igra\u010de za pesek, set 5 \u010dolnov Water Friends Boat olive","og_description":"Avanture na morju so pred vami! \u0160tiridelni komplet igra\u010d L\u00c4SSIG je pripravljen na veliko potovanje okoli sveta. Va\u0161 otrok lahko pusti prosto pot svoji ustvarjalnosti in se zabava v vodi in pesku.","og_url":"https:\/\/najnaj.eu\/sl\/izdelek\/igrace-za-pesek-set-5-colnov-water-friends-boat-olive\/","og_site_name":"NajNaj.eu","article_publisher":"https:\/\/web.facebook.com\/najnaj.eu\/","article_modified_time":"2025-02-06T09:30:28+00:00","og_image":[{"width":1280,"height":1280,"url":"https:\/\/najnaj.eu\/wp-content\/uploads\/2024\/04\/1313029065_1_1280x1280.jpg","type":"image\/jpeg"}],"twitter_card":"summary_large_image","twitter_misc":{"Price":"14,95&nbsp;&euro;","Availability":"Out of stock"},"schema":{"@context":"https:\/\/schema.org","@graph":[{"@type":"WebPage","@id":"https:\/\/najnaj.eu\/sl\/izdelek\/igrace-za-pesek-set-5-colnov-water-friends-boat-olive\/","url":"https:\/\/najnaj.eu\/sl\/izdelek\/igrace-za-pesek-set-5-colnov-water-friends-boat-olive\/","name":"Igra\u010de za pesek, set 5 \u010dolnov Water Friends Boat olive - NajNaj.eu","isPartOf":{"@id":"https:\/\/najnaj.eu\/sl\/#website"},"primaryImageOfPage":{"@id":"https:\/\/najnaj.eu\/sl\/izdelek\/igrace-za-pesek-set-5-colnov-water-friends-boat-olive\/#primaryimage"},"image":{"@id":"https:\/\/najnaj.eu\/sl\/izdelek\/igrace-za-pesek-set-5-colnov-water-friends-boat-olive\/#primaryimage"},"thumbnailUrl":"https:\/\/najnaj.eu\/wp-content\/uploads\/2024\/04\/1313029065_1_1280x1280.jpg","datePublished":"2024-04-09T08:33:27+00:00","dateModified":"2025-02-06T09:30:28+00:00","breadcrumb":{"@id":"https:\/\/najnaj.eu\/sl\/izdelek\/igrace-za-pesek-set-5-colnov-water-friends-boat-olive\/#breadcrumb"},"inLanguage":"sl-SI","potentialAction":[{"@type":"ReadAction","target":["https:\/\/najnaj.eu\/sl\/izdelek\/igrace-za-pesek-set-5-colnov-water-friends-boat-olive\/"]}]},{"@type":"ImageObject","inLanguage":"sl-SI","@id":"https:\/\/najnaj.eu\/sl\/izdelek\/igrace-za-pesek-set-5-colnov-water-friends-boat-olive\/#primaryimage","url":"https:\/\/najnaj.eu\/wp-content\/uploads\/2024\/04\/1313029065_1_1280x1280.jpg","contentUrl":"https:\/\/najnaj.eu\/wp-content\/uploads\/2024\/04\/1313029065_1_1280x1280.jpg","width":1280,"height":1280},{"@type":"BreadcrumbList","@id":"https:\/\/najnaj.eu\/sl\/izdelek\/igrace-za-pesek-set-5-colnov-water-friends-boat-olive\/#breadcrumb","itemListElement":[{"@type":"ListItem","position":1,"name":"Po\u010detna stranica","item":"https:\/\/najnaj.eu\/sl\/prednja-stran\/"},{"@type":"ListItem","position":2,"name":"Shop","item":"https:\/\/najnaj.eu\/sl\/shop\/"},{"@type":"ListItem","position":3,"name":"Igra\u010de za pesek, set 5 \u010dolnov Water Friends Boat olive"}]},{"@type":"WebSite","@id":"https:\/\/najnaj.eu\/sl\/#website","url":"https:\/\/najnaj.eu\/sl\/","name":"NajNaj.eu","description":"Za najva\u017enije!","publisher":{"@id":"https:\/\/najnaj.eu\/sl\/#organization"},"potentialAction":[{"@type":"SearchAction","target":{"@type":"EntryPoint","urlTemplate":"https:\/\/najnaj.eu\/sl\/?s={search_term_string}"},"query-input":{"@type":"PropertyValueSpecification","valueRequired":true,"valueName":"search_term_string"}}],"inLanguage":"sl-SI"},{"@type":"Organization","@id":"https:\/\/najnaj.eu\/sl\/#organization","name":"NajNaj.eu","url":"https:\/\/najnaj.eu\/sl\/","logo":{"@type":"ImageObject","inLanguage":"sl-SI","@id":"https:\/\/najnaj.eu\/sl\/#\/schema\/logo\/image\/","url":"https:\/\/najnaj.eu\/wp-content\/uploads\/2023\/09\/logo_Najnaj_2023.svg","contentUrl":"https:\/\/najnaj.eu\/wp-content\/uploads\/2023\/09\/logo_Najnaj_2023.svg","width":501,"height":278,"caption":"NajNaj.eu"},"image":{"@id":"https:\/\/najnaj.eu\/sl\/#\/schema\/logo\/image\/"},"sameAs":["https:\/\/web.facebook.com\/najnaj.eu\/","https:\/\/www.instagram.com\/najnaj.eu\/","https:\/\/www.tiktok.com\/@najnaj.eu"]}]},"product_brand":"L\u00e4ssig","product_price_amount":"14.95","product_price_currency":"EUR","og_availability":"out of stock","product_availability":"out of stock","product_retailer_item_id":"1313029065","product_condition":"new"},"_links":{"self":[{"href":"https:\/\/najnaj.eu\/sl\/wp-json\/wp\/v2\/product\/204136","targetHints":{"allow":["GET"]}}],"collection":[{"href":"https:\/\/najnaj.eu\/sl\/wp-json\/wp\/v2\/product"}],"about":[{"href":"https:\/\/najnaj.eu\/sl\/wp-json\/wp\/v2\/types\/product"}],"replies":[{"embeddable":true,"href":"https:\/\/najnaj.eu\/sl\/wp-json\/wp\/v2\/comments?post=204136"}],"version-history":[{"count":0,"href":"https:\/\/najnaj.eu\/sl\/wp-json\/wp\/v2\/product\/204136\/revisions"}],"wp:featuredmedia":[{"embeddable":true,"href":"https:\/\/najnaj.eu\/sl\/wp-json\/wp\/v2\/media\/202049"}],"wp:attachment":[{"href":"https:\/\/najnaj.eu\/sl\/wp-json\/wp\/v2\/media?parent=204136"}],"wp:term":[{"taxonomy":"product_brand","embeddable":true,"href":"https:\/\/najnaj.eu\/sl\/wp-json\/wp\/v2\/product_brand?post=204136"},{"taxonomy":"product_cat","embeddable":true,"href":"https:\/\/najnaj.eu\/sl\/wp-json\/wp\/v2\/product_cat?post=204136"},{"taxonomy":"product_tag","embeddable":true,"href":"https:\/\/najnaj.eu\/sl\/wp-json\/wp\/v2\/product_tag?post=204136"}],"curies":[{"name":"wp","href":"https:\/\/api.w.org\/{rel}","templated":true}]}}