{"id":204126,"date":"2024-03-11T08:57:32","date_gmt":"2024-03-11T07:57:32","guid":{"rendered":"https:\/\/najnaj.eu\/proizvod\/zlata-darilna-kosara-kenguru-spalna-vreca-tog2-popcorn-fox-2\/"},"modified":"2025-02-06T10:42:56","modified_gmt":"2025-02-06T09:42:56","slug":"zlata-darilna-kosara-kenguru-spalna-vreca-tog2-popcorn-fox-2","status":"publish","type":"product","link":"https:\/\/najnaj.eu\/sl\/izdelek\/zlata-darilna-kosara-kenguru-spalna-vreca-tog2-popcorn-fox-2\/","title":{"rendered":"zlata darilna ko\u0161ara Kenguru; Spalna vre\u010da TOG2, &#8220;Popcorn-fox&#8221;"},"content":{"rendered":"<p>Na\u0161e ko\u0161are so popolne za shranjevanje plenic ali igra\u010d ali organiziranje otro\u0161kih obla\u010dil, ne glede na to, ali zbirate nogavice ali razvr\u0161\u010date po barvah. Na\u0161e ko\u0161are so nastavljive po vi\u0161ini, da se prilegajo vsaki polici.<\/p>\n<p>Stil: lahko se uporablja v 3 velikostih, nastavljiva oblazinjena izvezena otro\u0161ka spalna vre\u010da, stranska zadrga<br \/>\nBarva: Ekr\u00fc, z izvezenim vzorcem lisice<\/p>\n<p>Patent brez niklja za za\u0161\u010dito ob\u010dutljive ko\u017ee<br \/>\nNo\u010dni po\u010ditek: \u0161\u010diti in greje otrokovo telo vso no\u010d<br \/>\nPrijetno mehak material iz mikrovlaken in organskega bomba\u017ea<br \/>\nEmbala\u017ea se lahko kasneje odli\u010dno uporablja kot organizator za otro\u0161ka obla\u010dila, pleni\u010dke ali igra\u010de, tako da vam okrasne embala\u017ee ni treba zavre\u010di.<\/p>\n<p>Izrezi za vrat in ramena z dobrim prezra\u010devanjem &#8211; za no\u010di brez potenja<\/p>\n","protected":false},"excerpt":{"rendered":"<p>Z na\u0161o estetsko, prakti\u010dno in okoljsko ozave\u0161\u010deno dekorativno embala\u017eo vam ni ve\u010d treba razmi\u0161ljati o popolnem darilu.<\/p>\n","protected":false},"featured_media":271683,"comment_status":"open","ping_status":"closed","template":"","meta":{"_acf_changed":false,"footnotes":""},"product_brand":[],"product_cat":[615,1709,1604,1597],"product_tag":[2271],"class_list":{"0":"post-204126","1":"product","2":"type-product","3":"status-publish","4":"has-post-thumbnail","6":"product_cat-odjeca_i_obuca","7":"product_cat-pokloni","8":"product_cat-poklon_kosare","9":"product_cat-odjeca","10":"product_tag-zima","11":"pa_boja-bijela","12":"pa_brand-kenguru-gold","14":"first","15":"instock","16":"shipping-taxable","17":"purchasable","18":"product-type-simple"},"bundled_by":[],"bundle_stock_status":"instock","bundle_stock_quantity":4,"bundle_virtual":false,"bundle_layout":"","bundle_add_to_cart_form_location":"","bundle_editable_in_cart":false,"bundle_sold_individually_context":"","bundle_item_grouping":"","bundle_min_size":"","bundle_max_size":"","bundle_price":[],"bundled_items":[],"bundle_sell_ids":[],"acf":[],"yoast_head":"<!-- This site is optimized with the Yoast SEO Premium plugin v21.5 (Yoast SEO v27.3) - https:\/\/yoast.com\/product\/yoast-seo-premium-wordpress\/ -->\n<title>zlata darilna ko\u0161ara Kenguru; Spalna vre\u010da TOG2, &quot;Popcorn-fox&quot; - NajNaj.eu<\/title>\n<meta name=\"robots\" content=\"index, follow, max-snippet:-1, max-image-preview:large, max-video-preview:-1\" \/>\n<link rel=\"canonical\" href=\"https:\/\/najnaj.eu\/sl\/izdelek\/zlata-darilna-kosara-kenguru-spalna-vreca-tog2-popcorn-fox-2\/\" \/>\n<meta property=\"og:locale\" content=\"sl_SI\" \/>\n<meta property=\"og:type\" content=\"article\" \/>\n<meta property=\"og:title\" content=\"zlata darilna ko\u0161ara Kenguru; Spalna vre\u010da TOG2, &quot;Popcorn-fox&quot;\" \/>\n<meta property=\"og:description\" content=\"Z na\u0161o estetsko, prakti\u010dno in okoljsko ozave\u0161\u010deno dekorativno embala\u017eo vam ni ve\u010d treba razmi\u0161ljati o popolnem darilu.\" \/>\n<meta property=\"og:url\" content=\"https:\/\/najnaj.eu\/sl\/izdelek\/zlata-darilna-kosara-kenguru-spalna-vreca-tog2-popcorn-fox-2\/\" \/>\n<meta property=\"og:site_name\" content=\"NajNaj.eu\" \/>\n<meta property=\"article:publisher\" content=\"https:\/\/web.facebook.com\/najnaj.eu\/\" \/>\n<meta property=\"article:modified_time\" content=\"2025-02-06T09:42:56+00:00\" \/>\n<meta property=\"og:image\" content=\"https:\/\/najnaj.eu\/wp-content\/uploads\/2024\/04\/KG4002_main.jpg\" \/>\n\t<meta property=\"og:image:width\" content=\"2000\" \/>\n\t<meta property=\"og:image:height\" content=\"2000\" \/>\n\t<meta property=\"og:image:type\" content=\"image\/jpeg\" \/>\n<meta name=\"twitter:card\" content=\"summary_large_image\" \/>\n<meta name=\"twitter:label1\" content=\"Price\" \/>\n\t<meta name=\"twitter:data1\" content=\"79,95&nbsp;&euro;\" \/>\n\t<meta name=\"twitter:label2\" content=\"Availability\" \/>\n\t<meta name=\"twitter:data2\" content=\"In stock\" \/>\n<script type=\"application\/ld+json\" class=\"yoast-schema-graph\">{\"@context\":\"https:\\\/\\\/schema.org\",\"@graph\":[{\"@type\":\"WebPage\",\"@id\":\"https:\\\/\\\/najnaj.eu\\\/sl\\\/izdelek\\\/zlata-darilna-kosara-kenguru-spalna-vreca-tog2-popcorn-fox-2\\\/\",\"url\":\"https:\\\/\\\/najnaj.eu\\\/sl\\\/izdelek\\\/zlata-darilna-kosara-kenguru-spalna-vreca-tog2-popcorn-fox-2\\\/\",\"name\":\"zlata darilna ko\u0161ara Kenguru; Spalna vre\u010da TOG2, \\\"Popcorn-fox\\\" - NajNaj.eu\",\"isPartOf\":{\"@id\":\"https:\\\/\\\/najnaj.eu\\\/sl\\\/#website\"},\"primaryImageOfPage\":{\"@id\":\"https:\\\/\\\/najnaj.eu\\\/sl\\\/izdelek\\\/zlata-darilna-kosara-kenguru-spalna-vreca-tog2-popcorn-fox-2\\\/#primaryimage\"},\"image\":{\"@id\":\"https:\\\/\\\/najnaj.eu\\\/sl\\\/izdelek\\\/zlata-darilna-kosara-kenguru-spalna-vreca-tog2-popcorn-fox-2\\\/#primaryimage\"},\"thumbnailUrl\":\"https:\\\/\\\/najnaj.eu\\\/wp-content\\\/uploads\\\/2024\\\/03\\\/4002.jpg\",\"datePublished\":\"2024-03-11T07:57:32+00:00\",\"dateModified\":\"2025-02-06T09:42:56+00:00\",\"breadcrumb\":{\"@id\":\"https:\\\/\\\/najnaj.eu\\\/sl\\\/izdelek\\\/zlata-darilna-kosara-kenguru-spalna-vreca-tog2-popcorn-fox-2\\\/#breadcrumb\"},\"inLanguage\":\"sl-SI\",\"potentialAction\":[{\"@type\":\"ReadAction\",\"target\":[\"https:\\\/\\\/najnaj.eu\\\/sl\\\/izdelek\\\/zlata-darilna-kosara-kenguru-spalna-vreca-tog2-popcorn-fox-2\\\/\"]}]},{\"@type\":\"ImageObject\",\"inLanguage\":\"sl-SI\",\"@id\":\"https:\\\/\\\/najnaj.eu\\\/sl\\\/izdelek\\\/zlata-darilna-kosara-kenguru-spalna-vreca-tog2-popcorn-fox-2\\\/#primaryimage\",\"url\":\"https:\\\/\\\/najnaj.eu\\\/wp-content\\\/uploads\\\/2024\\\/03\\\/4002.jpg\",\"contentUrl\":\"https:\\\/\\\/najnaj.eu\\\/wp-content\\\/uploads\\\/2024\\\/03\\\/4002.jpg\",\"width\":1800,\"height\":1800},{\"@type\":\"BreadcrumbList\",\"@id\":\"https:\\\/\\\/najnaj.eu\\\/sl\\\/izdelek\\\/zlata-darilna-kosara-kenguru-spalna-vreca-tog2-popcorn-fox-2\\\/#breadcrumb\",\"itemListElement\":[{\"@type\":\"ListItem\",\"position\":1,\"name\":\"Po\u010detna stranica\",\"item\":\"https:\\\/\\\/najnaj.eu\\\/sl\\\/prednja-stran\\\/\"},{\"@type\":\"ListItem\",\"position\":2,\"name\":\"Shop\",\"item\":\"https:\\\/\\\/najnaj.eu\\\/sl\\\/shop\\\/\"},{\"@type\":\"ListItem\",\"position\":3,\"name\":\"zlata darilna ko\u0161ara Kenguru; Spalna vre\u010da TOG2, &#8220;Popcorn-fox&#8221;\"}]},{\"@type\":\"WebSite\",\"@id\":\"https:\\\/\\\/najnaj.eu\\\/sl\\\/#website\",\"url\":\"https:\\\/\\\/najnaj.eu\\\/sl\\\/\",\"name\":\"NajNaj.eu\",\"description\":\"Za najva\u017enije!\",\"publisher\":{\"@id\":\"https:\\\/\\\/najnaj.eu\\\/sl\\\/#organization\"},\"potentialAction\":[{\"@type\":\"SearchAction\",\"target\":{\"@type\":\"EntryPoint\",\"urlTemplate\":\"https:\\\/\\\/najnaj.eu\\\/sl\\\/?s={search_term_string}\"},\"query-input\":{\"@type\":\"PropertyValueSpecification\",\"valueRequired\":true,\"valueName\":\"search_term_string\"}}],\"inLanguage\":\"sl-SI\"},{\"@type\":\"Organization\",\"@id\":\"https:\\\/\\\/najnaj.eu\\\/sl\\\/#organization\",\"name\":\"NajNaj.eu\",\"url\":\"https:\\\/\\\/najnaj.eu\\\/sl\\\/\",\"logo\":{\"@type\":\"ImageObject\",\"inLanguage\":\"sl-SI\",\"@id\":\"https:\\\/\\\/najnaj.eu\\\/sl\\\/#\\\/schema\\\/logo\\\/image\\\/\",\"url\":\"https:\\\/\\\/najnaj.eu\\\/wp-content\\\/uploads\\\/2023\\\/09\\\/logo_Najnaj_2023.svg\",\"contentUrl\":\"https:\\\/\\\/najnaj.eu\\\/wp-content\\\/uploads\\\/2023\\\/09\\\/logo_Najnaj_2023.svg\",\"width\":501,\"height\":278,\"caption\":\"NajNaj.eu\"},\"image\":{\"@id\":\"https:\\\/\\\/najnaj.eu\\\/sl\\\/#\\\/schema\\\/logo\\\/image\\\/\"},\"sameAs\":[\"https:\\\/\\\/web.facebook.com\\\/najnaj.eu\\\/\",\"https:\\\/\\\/www.instagram.com\\\/najnaj.eu\\\/\",\"https:\\\/\\\/www.tiktok.com\\\/@najnaj.eu\"]}]}<\/script>\n<meta property=\"product:brand\" content=\"Kenguru Gold\" \/>\n<meta property=\"product:price:amount\" content=\"79.95\" \/>\n<meta property=\"product:price:currency\" content=\"EUR\" \/>\n<meta property=\"og:availability\" content=\"instock\" \/>\n<meta property=\"product:availability\" content=\"instock\" \/>\n<meta property=\"product:retailer_item_id\" content=\"KG4002\" \/>\n<meta property=\"product:condition\" content=\"new\" \/>\n<!-- \/ Yoast SEO Premium plugin. -->","yoast_head_json":{"title":"zlata darilna ko\u0161ara Kenguru; Spalna vre\u010da TOG2, \"Popcorn-fox\" - NajNaj.eu","robots":{"index":"index","follow":"follow","max-snippet":"max-snippet:-1","max-image-preview":"max-image-preview:large","max-video-preview":"max-video-preview:-1"},"canonical":"https:\/\/najnaj.eu\/sl\/izdelek\/zlata-darilna-kosara-kenguru-spalna-vreca-tog2-popcorn-fox-2\/","og_locale":"sl_SI","og_type":"article","og_title":"zlata darilna ko\u0161ara Kenguru; Spalna vre\u010da TOG2, \"Popcorn-fox\"","og_description":"Z na\u0161o estetsko, prakti\u010dno in okoljsko ozave\u0161\u010deno dekorativno embala\u017eo vam ni ve\u010d treba razmi\u0161ljati o popolnem darilu.","og_url":"https:\/\/najnaj.eu\/sl\/izdelek\/zlata-darilna-kosara-kenguru-spalna-vreca-tog2-popcorn-fox-2\/","og_site_name":"NajNaj.eu","article_publisher":"https:\/\/web.facebook.com\/najnaj.eu\/","article_modified_time":"2025-02-06T09:42:56+00:00","og_image":[{"width":2000,"height":2000,"url":"https:\/\/najnaj.eu\/wp-content\/uploads\/2024\/04\/KG4002_main.jpg","type":"image\/jpeg"}],"twitter_card":"summary_large_image","twitter_misc":{"Price":"79,95&nbsp;&euro;","Availability":"In stock"},"schema":{"@context":"https:\/\/schema.org","@graph":[{"@type":"WebPage","@id":"https:\/\/najnaj.eu\/sl\/izdelek\/zlata-darilna-kosara-kenguru-spalna-vreca-tog2-popcorn-fox-2\/","url":"https:\/\/najnaj.eu\/sl\/izdelek\/zlata-darilna-kosara-kenguru-spalna-vreca-tog2-popcorn-fox-2\/","name":"zlata darilna ko\u0161ara Kenguru; Spalna vre\u010da TOG2, \"Popcorn-fox\" - NajNaj.eu","isPartOf":{"@id":"https:\/\/najnaj.eu\/sl\/#website"},"primaryImageOfPage":{"@id":"https:\/\/najnaj.eu\/sl\/izdelek\/zlata-darilna-kosara-kenguru-spalna-vreca-tog2-popcorn-fox-2\/#primaryimage"},"image":{"@id":"https:\/\/najnaj.eu\/sl\/izdelek\/zlata-darilna-kosara-kenguru-spalna-vreca-tog2-popcorn-fox-2\/#primaryimage"},"thumbnailUrl":"https:\/\/najnaj.eu\/wp-content\/uploads\/2024\/03\/4002.jpg","datePublished":"2024-03-11T07:57:32+00:00","dateModified":"2025-02-06T09:42:56+00:00","breadcrumb":{"@id":"https:\/\/najnaj.eu\/sl\/izdelek\/zlata-darilna-kosara-kenguru-spalna-vreca-tog2-popcorn-fox-2\/#breadcrumb"},"inLanguage":"sl-SI","potentialAction":[{"@type":"ReadAction","target":["https:\/\/najnaj.eu\/sl\/izdelek\/zlata-darilna-kosara-kenguru-spalna-vreca-tog2-popcorn-fox-2\/"]}]},{"@type":"ImageObject","inLanguage":"sl-SI","@id":"https:\/\/najnaj.eu\/sl\/izdelek\/zlata-darilna-kosara-kenguru-spalna-vreca-tog2-popcorn-fox-2\/#primaryimage","url":"https:\/\/najnaj.eu\/wp-content\/uploads\/2024\/03\/4002.jpg","contentUrl":"https:\/\/najnaj.eu\/wp-content\/uploads\/2024\/03\/4002.jpg","width":1800,"height":1800},{"@type":"BreadcrumbList","@id":"https:\/\/najnaj.eu\/sl\/izdelek\/zlata-darilna-kosara-kenguru-spalna-vreca-tog2-popcorn-fox-2\/#breadcrumb","itemListElement":[{"@type":"ListItem","position":1,"name":"Po\u010detna stranica","item":"https:\/\/najnaj.eu\/sl\/prednja-stran\/"},{"@type":"ListItem","position":2,"name":"Shop","item":"https:\/\/najnaj.eu\/sl\/shop\/"},{"@type":"ListItem","position":3,"name":"zlata darilna ko\u0161ara Kenguru; Spalna vre\u010da TOG2, &#8220;Popcorn-fox&#8221;"}]},{"@type":"WebSite","@id":"https:\/\/najnaj.eu\/sl\/#website","url":"https:\/\/najnaj.eu\/sl\/","name":"NajNaj.eu","description":"Za najva\u017enije!","publisher":{"@id":"https:\/\/najnaj.eu\/sl\/#organization"},"potentialAction":[{"@type":"SearchAction","target":{"@type":"EntryPoint","urlTemplate":"https:\/\/najnaj.eu\/sl\/?s={search_term_string}"},"query-input":{"@type":"PropertyValueSpecification","valueRequired":true,"valueName":"search_term_string"}}],"inLanguage":"sl-SI"},{"@type":"Organization","@id":"https:\/\/najnaj.eu\/sl\/#organization","name":"NajNaj.eu","url":"https:\/\/najnaj.eu\/sl\/","logo":{"@type":"ImageObject","inLanguage":"sl-SI","@id":"https:\/\/najnaj.eu\/sl\/#\/schema\/logo\/image\/","url":"https:\/\/najnaj.eu\/wp-content\/uploads\/2023\/09\/logo_Najnaj_2023.svg","contentUrl":"https:\/\/najnaj.eu\/wp-content\/uploads\/2023\/09\/logo_Najnaj_2023.svg","width":501,"height":278,"caption":"NajNaj.eu"},"image":{"@id":"https:\/\/najnaj.eu\/sl\/#\/schema\/logo\/image\/"},"sameAs":["https:\/\/web.facebook.com\/najnaj.eu\/","https:\/\/www.instagram.com\/najnaj.eu\/","https:\/\/www.tiktok.com\/@najnaj.eu"]}]},"product_brand":"Kenguru Gold","product_price_amount":"79.95","product_price_currency":"EUR","og_availability":"instock","product_availability":"instock","product_retailer_item_id":"KG4002","product_condition":"new"},"_links":{"self":[{"href":"https:\/\/najnaj.eu\/sl\/wp-json\/wp\/v2\/product\/204126","targetHints":{"allow":["GET"]}}],"collection":[{"href":"https:\/\/najnaj.eu\/sl\/wp-json\/wp\/v2\/product"}],"about":[{"href":"https:\/\/najnaj.eu\/sl\/wp-json\/wp\/v2\/types\/product"}],"replies":[{"embeddable":true,"href":"https:\/\/najnaj.eu\/sl\/wp-json\/wp\/v2\/comments?post=204126"}],"version-history":[{"count":0,"href":"https:\/\/najnaj.eu\/sl\/wp-json\/wp\/v2\/product\/204126\/revisions"}],"wp:featuredmedia":[{"embeddable":true,"href":"https:\/\/najnaj.eu\/sl\/wp-json\/wp\/v2\/media\/271683"}],"wp:attachment":[{"href":"https:\/\/najnaj.eu\/sl\/wp-json\/wp\/v2\/media?parent=204126"}],"wp:term":[{"taxonomy":"product_brand","embeddable":true,"href":"https:\/\/najnaj.eu\/sl\/wp-json\/wp\/v2\/product_brand?post=204126"},{"taxonomy":"product_cat","embeddable":true,"href":"https:\/\/najnaj.eu\/sl\/wp-json\/wp\/v2\/product_cat?post=204126"},{"taxonomy":"product_tag","embeddable":true,"href":"https:\/\/najnaj.eu\/sl\/wp-json\/wp\/v2\/product_tag?post=204126"}],"curies":[{"name":"wp","href":"https:\/\/api.w.org\/{rel}","templated":true}]}}