{"id":204111,"date":"2024-05-07T11:26:52","date_gmt":"2024-05-07T09:26:52","guid":{"rendered":"https:\/\/najnaj.eu\/proizvod\/b-box-fill-feed-bowl-zajbelj\/"},"modified":"2025-03-04T11:24:21","modified_gmt":"2025-03-04T10:24:21","slug":"b-box-fill-feed-bowl-zajbelj","status":"publish","type":"product","link":"https:\/\/najnaj.eu\/sl\/izdelek\/b-box-fill-feed-bowl-zajbelj\/","title":{"rendered":"b.box Fill + Feed bowl &#8211; \u017eajbelj"},"content":{"rendered":"<p>Pripravite sve\u017eo hrano za dojen\u010dke in mal\u010dke doma in jo vzemite na pot z na\u0161o posodo za ve\u010dkratno uporabo! Na\u0161a najnovej\u0161a inovacija pri hranjenju dojen\u010dkov star\u0161em omogo\u010da enostavno polnjenje prozorne silikonske vre\u010dke za hrano iz \u0161iroke odprtine za manj nereda. Nato zaprite pokrov in se pripravite na hranjenje!<\/p>\n<p>Ergonomsko oblikovan za majhne roke za enostavno dr\u017eanje in stiskanje, nato intuitivno sesanje in srkanje iz nagnjene konice dulca. Zdru\u017eite skledo s silikonsko \u017elico za tiste prve dni hranjenja pod vodstvom star\u0161ev. Idealen za ka\u0161aste sadne ali zelenjavne pireje, jogurt in drugo.<\/p>\n<p>Prilo\u017een kontrastni pokrov\u010dek se ne bo izgubil in ohranja izliv \u010dist, ko ste zunaj. Poleg tega je tesnilna masa zatesnjena in ne pu\u0161\u010da v otro\u0161kih torbah ali vozi\u010dkih.<\/p>\n<p>Za temeljito \u010di\u0161\u010denje je popolnoma razstavljen. Lahko se pere v pomivalnem stroju in sterilizatorju. Poslovite se od neurejenih vre\u010dk, ki jih je te\u017eko stisniti, in pakirane otro\u0161ke hrane ter pozdravite sve\u017eo hrano brez te\u017eav na poti!<\/p>\n","protected":false},"excerpt":{"rendered":"<ul>\n<li>Idealno za odstavljanje in hranjenje dojen\u010dkov od 4. meseca naprej<\/li>\n<li>Lahko jo napolnimo in uporabimo za doma\u010de sadne in zelenjavne ka\u0161ice, jogurte in podobno<\/li>\n<li>\u0160iroka odprtina omogo\u010da star\u0161em enostavno polnjenje silikonske vre\u010dke z manj nereda, pokrov se zapre, da ostane hrana v<\/li>\n<li>Ergonomsko oblikovan za majhne roke za dr\u017eanje in stiskanje<\/li>\n<li>Otroci intuitivno srkajo iz nagnjenega dulca, odrasli lahko pomagajo pri stiskanju in serviranju s silikonsko \u017eli\u010dko v prvih dneh hranjenja<\/li>\n<li>Prilo\u017eena tesnila na pokrovu tesnijo pokrov, tako da med premikanjem ne pu\u0161\u010da in ohranja dulec \u010dist in higieni\u010den<\/li>\n<li>Primeren za pomivalni stroj (zgornja polica) in sterilizator za enostavno \u010di\u0161\u010denje, pripravljen za ponovno uporabo<\/li>\n<li>Lahko se uporablja v mikrovalovni pe\u010dici (odprt pokrov) za segrevanje in postre\u017ebo<\/li>\n<li>Prostornina vre\u010dke 110 ml<\/li>\n<li>Brez BPA<\/li>\n<\/ul>\n","protected":false},"featured_media":203598,"comment_status":"open","ping_status":"closed","template":"","meta":{"_acf_changed":false,"footnotes":""},"product_brand":[],"product_cat":[1167,1379,1275],"product_tag":[],"class_list":{"0":"post-204111","1":"product","2":"type-product","3":"status-publish","4":"has-post-thumbnail","6":"product_cat-hranjenje-sl","7":"product_cat-krozniki-in-sklede","8":"product_cat-posoda","9":"pa_boja-zelena-sl","10":"pa_brand-b-box-sl","11":"pa_vrsta-posuda-krozniki-in-sklede","13":"first","14":"instock","15":"shipping-taxable","16":"purchasable","17":"product-type-simple"},"bundled_by":[],"bundle_stock_status":"instock","bundle_stock_quantity":15,"bundle_virtual":false,"bundle_layout":"","bundle_add_to_cart_form_location":"","bundle_editable_in_cart":false,"bundle_sold_individually_context":"","bundle_item_grouping":"","bundle_min_size":"","bundle_max_size":"","bundle_price":[],"bundled_items":[],"bundle_sell_ids":[],"acf":[],"yoast_head":"<!-- This site is optimized with the Yoast SEO Premium plugin v21.5 (Yoast SEO v27.4) - https:\/\/yoast.com\/product\/yoast-seo-premium-wordpress\/ -->\n<title>b.box Fill + Feed bowl - \u017eajbelj - NajNaj.eu<\/title>\n<meta name=\"robots\" content=\"index, follow, max-snippet:-1, max-image-preview:large, max-video-preview:-1\" \/>\n<link rel=\"canonical\" href=\"https:\/\/najnaj.eu\/sl\/izdelek\/b-box-fill-feed-bowl-zajbelj\/\" \/>\n<meta property=\"og:locale\" content=\"sl_SI\" \/>\n<meta property=\"og:type\" content=\"article\" \/>\n<meta property=\"og:title\" content=\"b.box Fill + Feed bowl - \u017eajbelj\" \/>\n<meta property=\"og:description\" content=\"Idealno za odstavljanje in hranjenje dojen\u010dkov od 4. meseca naprej  Lahko jo napolnimo in uporabimo za doma\u010de sadne in zelenjavne ka\u0161ice, jogurte in podobno  \u0160iroka odprtina omogo\u010da star\u0161em enostavno polnjenje silikonske vre\u010dke z manj nereda, pokrov se zapre, da ostane hrana v  Ergonomsko oblikovan za majhne roke za dr\u017eanje in stiskanje  Otroci intuitivno srkajo iz nagnjenega dulca, odrasli lahko pomagajo pri stiskanju in serviranju s silikonsko \u017eli\u010dko v prvih dneh hranjenja  Prilo\u017eena tesnila na pokrovu tesnijo pokrov, tako da med premikanjem ne pu\u0161\u010da in ohranja dulec \u010dist in higieni\u010den  Primeren za pomivalni stroj (zgornja polica) in sterilizator za enostavno \u010di\u0161\u010denje, pripravljen za ponovno uporabo  Lahko se uporablja v mikrovalovni pe\u010dici (odprt pokrov) za segrevanje in postre\u017ebo  Prostornina vre\u010dke 110 ml  Brez BPA\" \/>\n<meta property=\"og:url\" content=\"https:\/\/najnaj.eu\/sl\/izdelek\/b-box-fill-feed-bowl-zajbelj\/\" \/>\n<meta property=\"og:site_name\" content=\"NajNaj.eu\" \/>\n<meta property=\"article:publisher\" content=\"https:\/\/web.facebook.com\/najnaj.eu\/\" \/>\n<meta property=\"article:modified_time\" content=\"2025-03-04T10:24:21+00:00\" \/>\n<meta property=\"og:image\" content=\"https:\/\/najnaj.eu\/wp-content\/uploads\/2024\/05\/Fill-Feed_sage_5-copy.jpg\" \/>\n\t<meta property=\"og:image:width\" content=\"2400\" \/>\n\t<meta property=\"og:image:height\" content=\"1438\" \/>\n\t<meta property=\"og:image:type\" content=\"image\/jpeg\" \/>\n<meta name=\"twitter:card\" content=\"summary_large_image\" \/>\n<meta name=\"twitter:label1\" content=\"Price\" \/>\n\t<meta name=\"twitter:data1\" content=\"16,99&nbsp;&euro;\" \/>\n\t<meta name=\"twitter:label2\" content=\"Availability\" \/>\n\t<meta name=\"twitter:data2\" content=\"In stock\" \/>\n<script type=\"application\/ld+json\" class=\"yoast-schema-graph\">{\"@context\":\"https:\\\/\\\/schema.org\",\"@graph\":[{\"@type\":\"WebPage\",\"@id\":\"https:\\\/\\\/najnaj.eu\\\/sl\\\/izdelek\\\/b-box-fill-feed-bowl-zajbelj\\\/\",\"url\":\"https:\\\/\\\/najnaj.eu\\\/sl\\\/izdelek\\\/b-box-fill-feed-bowl-zajbelj\\\/\",\"name\":\"b.box Fill + Feed bowl - \u017eajbelj - NajNaj.eu\",\"isPartOf\":{\"@id\":\"https:\\\/\\\/najnaj.eu\\\/sl\\\/#website\"},\"primaryImageOfPage\":{\"@id\":\"https:\\\/\\\/najnaj.eu\\\/sl\\\/izdelek\\\/b-box-fill-feed-bowl-zajbelj\\\/#primaryimage\"},\"image\":{\"@id\":\"https:\\\/\\\/najnaj.eu\\\/sl\\\/izdelek\\\/b-box-fill-feed-bowl-zajbelj\\\/#primaryimage\"},\"thumbnailUrl\":\"https:\\\/\\\/najnaj.eu\\\/wp-content\\\/uploads\\\/2024\\\/05\\\/Fill-Feed_sage_5-copy.jpg\",\"datePublished\":\"2024-05-07T09:26:52+00:00\",\"dateModified\":\"2025-03-04T10:24:21+00:00\",\"breadcrumb\":{\"@id\":\"https:\\\/\\\/najnaj.eu\\\/sl\\\/izdelek\\\/b-box-fill-feed-bowl-zajbelj\\\/#breadcrumb\"},\"inLanguage\":\"sl-SI\",\"potentialAction\":[{\"@type\":\"ReadAction\",\"target\":[\"https:\\\/\\\/najnaj.eu\\\/sl\\\/izdelek\\\/b-box-fill-feed-bowl-zajbelj\\\/\"]}]},{\"@type\":\"ImageObject\",\"inLanguage\":\"sl-SI\",\"@id\":\"https:\\\/\\\/najnaj.eu\\\/sl\\\/izdelek\\\/b-box-fill-feed-bowl-zajbelj\\\/#primaryimage\",\"url\":\"https:\\\/\\\/najnaj.eu\\\/wp-content\\\/uploads\\\/2024\\\/05\\\/Fill-Feed_sage_5-copy.jpg\",\"contentUrl\":\"https:\\\/\\\/najnaj.eu\\\/wp-content\\\/uploads\\\/2024\\\/05\\\/Fill-Feed_sage_5-copy.jpg\",\"width\":2400,\"height\":1438},{\"@type\":\"BreadcrumbList\",\"@id\":\"https:\\\/\\\/najnaj.eu\\\/sl\\\/izdelek\\\/b-box-fill-feed-bowl-zajbelj\\\/#breadcrumb\",\"itemListElement\":[{\"@type\":\"ListItem\",\"position\":1,\"name\":\"Po\u010detna stranica\",\"item\":\"https:\\\/\\\/najnaj.eu\\\/sl\\\/prednja-stran\\\/\"},{\"@type\":\"ListItem\",\"position\":2,\"name\":\"Shop\",\"item\":\"https:\\\/\\\/najnaj.eu\\\/sl\\\/shop\\\/\"},{\"@type\":\"ListItem\",\"position\":3,\"name\":\"b.box Fill + Feed bowl &#8211; \u017eajbelj\"}]},{\"@type\":\"WebSite\",\"@id\":\"https:\\\/\\\/najnaj.eu\\\/sl\\\/#website\",\"url\":\"https:\\\/\\\/najnaj.eu\\\/sl\\\/\",\"name\":\"NajNaj.eu\",\"description\":\"Za najva\u017enije!\",\"publisher\":{\"@id\":\"https:\\\/\\\/najnaj.eu\\\/sl\\\/#organization\"},\"potentialAction\":[{\"@type\":\"SearchAction\",\"target\":{\"@type\":\"EntryPoint\",\"urlTemplate\":\"https:\\\/\\\/najnaj.eu\\\/sl\\\/?s={search_term_string}\"},\"query-input\":{\"@type\":\"PropertyValueSpecification\",\"valueRequired\":true,\"valueName\":\"search_term_string\"}}],\"inLanguage\":\"sl-SI\"},{\"@type\":\"Organization\",\"@id\":\"https:\\\/\\\/najnaj.eu\\\/sl\\\/#organization\",\"name\":\"NajNaj.eu\",\"url\":\"https:\\\/\\\/najnaj.eu\\\/sl\\\/\",\"logo\":{\"@type\":\"ImageObject\",\"inLanguage\":\"sl-SI\",\"@id\":\"https:\\\/\\\/najnaj.eu\\\/sl\\\/#\\\/schema\\\/logo\\\/image\\\/\",\"url\":\"https:\\\/\\\/najnaj.eu\\\/wp-content\\\/uploads\\\/2023\\\/09\\\/logo_Najnaj_2023.svg\",\"contentUrl\":\"https:\\\/\\\/najnaj.eu\\\/wp-content\\\/uploads\\\/2023\\\/09\\\/logo_Najnaj_2023.svg\",\"width\":501,\"height\":278,\"caption\":\"NajNaj.eu\"},\"image\":{\"@id\":\"https:\\\/\\\/najnaj.eu\\\/sl\\\/#\\\/schema\\\/logo\\\/image\\\/\"},\"sameAs\":[\"https:\\\/\\\/web.facebook.com\\\/najnaj.eu\\\/\",\"https:\\\/\\\/www.instagram.com\\\/najnaj.eu\\\/\",\"https:\\\/\\\/www.tiktok.com\\\/@najnaj.eu\"]}]}<\/script>\n<meta property=\"product:brand\" content=\"b.box\" \/>\n<meta property=\"product:price:amount\" content=\"16.99\" \/>\n<meta property=\"product:price:currency\" content=\"EUR\" \/>\n<meta property=\"og:availability\" content=\"instock\" \/>\n<meta property=\"product:availability\" content=\"instock\" \/>\n<meta property=\"product:retailer_item_id\" content=\"BX100110\" \/>\n<meta property=\"product:condition\" content=\"new\" \/>\n<!-- \/ Yoast SEO Premium plugin. -->","yoast_head_json":{"title":"b.box Fill + Feed bowl - \u017eajbelj - NajNaj.eu","robots":{"index":"index","follow":"follow","max-snippet":"max-snippet:-1","max-image-preview":"max-image-preview:large","max-video-preview":"max-video-preview:-1"},"canonical":"https:\/\/najnaj.eu\/sl\/izdelek\/b-box-fill-feed-bowl-zajbelj\/","og_locale":"sl_SI","og_type":"article","og_title":"b.box Fill + Feed bowl - \u017eajbelj","og_description":"Idealno za odstavljanje in hranjenje dojen\u010dkov od 4. meseca naprej  Lahko jo napolnimo in uporabimo za doma\u010de sadne in zelenjavne ka\u0161ice, jogurte in podobno  \u0160iroka odprtina omogo\u010da star\u0161em enostavno polnjenje silikonske vre\u010dke z manj nereda, pokrov se zapre, da ostane hrana v  Ergonomsko oblikovan za majhne roke za dr\u017eanje in stiskanje  Otroci intuitivno srkajo iz nagnjenega dulca, odrasli lahko pomagajo pri stiskanju in serviranju s silikonsko \u017eli\u010dko v prvih dneh hranjenja  Prilo\u017eena tesnila na pokrovu tesnijo pokrov, tako da med premikanjem ne pu\u0161\u010da in ohranja dulec \u010dist in higieni\u010den  Primeren za pomivalni stroj (zgornja polica) in sterilizator za enostavno \u010di\u0161\u010denje, pripravljen za ponovno uporabo  Lahko se uporablja v mikrovalovni pe\u010dici (odprt pokrov) za segrevanje in postre\u017ebo  Prostornina vre\u010dke 110 ml  Brez BPA","og_url":"https:\/\/najnaj.eu\/sl\/izdelek\/b-box-fill-feed-bowl-zajbelj\/","og_site_name":"NajNaj.eu","article_publisher":"https:\/\/web.facebook.com\/najnaj.eu\/","article_modified_time":"2025-03-04T10:24:21+00:00","og_image":[{"width":2400,"height":1438,"url":"https:\/\/najnaj.eu\/wp-content\/uploads\/2024\/05\/Fill-Feed_sage_5-copy.jpg","type":"image\/jpeg"}],"twitter_card":"summary_large_image","twitter_misc":{"Price":"16,99&nbsp;&euro;","Availability":"In stock"},"schema":{"@context":"https:\/\/schema.org","@graph":[{"@type":"WebPage","@id":"https:\/\/najnaj.eu\/sl\/izdelek\/b-box-fill-feed-bowl-zajbelj\/","url":"https:\/\/najnaj.eu\/sl\/izdelek\/b-box-fill-feed-bowl-zajbelj\/","name":"b.box Fill + Feed bowl - \u017eajbelj - NajNaj.eu","isPartOf":{"@id":"https:\/\/najnaj.eu\/sl\/#website"},"primaryImageOfPage":{"@id":"https:\/\/najnaj.eu\/sl\/izdelek\/b-box-fill-feed-bowl-zajbelj\/#primaryimage"},"image":{"@id":"https:\/\/najnaj.eu\/sl\/izdelek\/b-box-fill-feed-bowl-zajbelj\/#primaryimage"},"thumbnailUrl":"https:\/\/najnaj.eu\/wp-content\/uploads\/2024\/05\/Fill-Feed_sage_5-copy.jpg","datePublished":"2024-05-07T09:26:52+00:00","dateModified":"2025-03-04T10:24:21+00:00","breadcrumb":{"@id":"https:\/\/najnaj.eu\/sl\/izdelek\/b-box-fill-feed-bowl-zajbelj\/#breadcrumb"},"inLanguage":"sl-SI","potentialAction":[{"@type":"ReadAction","target":["https:\/\/najnaj.eu\/sl\/izdelek\/b-box-fill-feed-bowl-zajbelj\/"]}]},{"@type":"ImageObject","inLanguage":"sl-SI","@id":"https:\/\/najnaj.eu\/sl\/izdelek\/b-box-fill-feed-bowl-zajbelj\/#primaryimage","url":"https:\/\/najnaj.eu\/wp-content\/uploads\/2024\/05\/Fill-Feed_sage_5-copy.jpg","contentUrl":"https:\/\/najnaj.eu\/wp-content\/uploads\/2024\/05\/Fill-Feed_sage_5-copy.jpg","width":2400,"height":1438},{"@type":"BreadcrumbList","@id":"https:\/\/najnaj.eu\/sl\/izdelek\/b-box-fill-feed-bowl-zajbelj\/#breadcrumb","itemListElement":[{"@type":"ListItem","position":1,"name":"Po\u010detna stranica","item":"https:\/\/najnaj.eu\/sl\/prednja-stran\/"},{"@type":"ListItem","position":2,"name":"Shop","item":"https:\/\/najnaj.eu\/sl\/shop\/"},{"@type":"ListItem","position":3,"name":"b.box Fill + Feed bowl &#8211; \u017eajbelj"}]},{"@type":"WebSite","@id":"https:\/\/najnaj.eu\/sl\/#website","url":"https:\/\/najnaj.eu\/sl\/","name":"NajNaj.eu","description":"Za najva\u017enije!","publisher":{"@id":"https:\/\/najnaj.eu\/sl\/#organization"},"potentialAction":[{"@type":"SearchAction","target":{"@type":"EntryPoint","urlTemplate":"https:\/\/najnaj.eu\/sl\/?s={search_term_string}"},"query-input":{"@type":"PropertyValueSpecification","valueRequired":true,"valueName":"search_term_string"}}],"inLanguage":"sl-SI"},{"@type":"Organization","@id":"https:\/\/najnaj.eu\/sl\/#organization","name":"NajNaj.eu","url":"https:\/\/najnaj.eu\/sl\/","logo":{"@type":"ImageObject","inLanguage":"sl-SI","@id":"https:\/\/najnaj.eu\/sl\/#\/schema\/logo\/image\/","url":"https:\/\/najnaj.eu\/wp-content\/uploads\/2023\/09\/logo_Najnaj_2023.svg","contentUrl":"https:\/\/najnaj.eu\/wp-content\/uploads\/2023\/09\/logo_Najnaj_2023.svg","width":501,"height":278,"caption":"NajNaj.eu"},"image":{"@id":"https:\/\/najnaj.eu\/sl\/#\/schema\/logo\/image\/"},"sameAs":["https:\/\/web.facebook.com\/najnaj.eu\/","https:\/\/www.instagram.com\/najnaj.eu\/","https:\/\/www.tiktok.com\/@najnaj.eu"]}]},"product_brand":"b.box","product_price_amount":"16.99","product_price_currency":"EUR","og_availability":"instock","product_availability":"instock","product_retailer_item_id":"BX100110","product_condition":"new"},"_links":{"self":[{"href":"https:\/\/najnaj.eu\/sl\/wp-json\/wp\/v2\/product\/204111","targetHints":{"allow":["GET"]}}],"collection":[{"href":"https:\/\/najnaj.eu\/sl\/wp-json\/wp\/v2\/product"}],"about":[{"href":"https:\/\/najnaj.eu\/sl\/wp-json\/wp\/v2\/types\/product"}],"replies":[{"embeddable":true,"href":"https:\/\/najnaj.eu\/sl\/wp-json\/wp\/v2\/comments?post=204111"}],"version-history":[{"count":0,"href":"https:\/\/najnaj.eu\/sl\/wp-json\/wp\/v2\/product\/204111\/revisions"}],"wp:featuredmedia":[{"embeddable":true,"href":"https:\/\/najnaj.eu\/sl\/wp-json\/wp\/v2\/media\/203598"}],"wp:attachment":[{"href":"https:\/\/najnaj.eu\/sl\/wp-json\/wp\/v2\/media?parent=204111"}],"wp:term":[{"taxonomy":"product_brand","embeddable":true,"href":"https:\/\/najnaj.eu\/sl\/wp-json\/wp\/v2\/product_brand?post=204111"},{"taxonomy":"product_cat","embeddable":true,"href":"https:\/\/najnaj.eu\/sl\/wp-json\/wp\/v2\/product_cat?post=204111"},{"taxonomy":"product_tag","embeddable":true,"href":"https:\/\/najnaj.eu\/sl\/wp-json\/wp\/v2\/product_tag?post=204111"}],"curies":[{"name":"wp","href":"https:\/\/api.w.org\/{rel}","templated":true}]}}