{"id":204110,"date":"2024-04-09T14:50:33","date_gmt":"2024-04-09T12:50:33","guid":{"rendered":"https:\/\/najnaj.eu\/proizvod\/kenguru-gold-oblacila-za-dojencke-tog2-lesnik\/"},"modified":"2026-02-25T10:10:23","modified_gmt":"2026-02-25T09:10:23","slug":"kenguru-gold-oblacila-za-dojencke-tog2-lesnik","status":"publish","type":"product","link":"https:\/\/najnaj.eu\/sl\/izdelek\/kenguru-gold-oblacila-za-dojencke-tog2-lesnik\/","title":{"rendered":"Kenguru Gold Obla\u010dila za dojen\u010dke TOG2 &#8220;le\u0161nik&#8221;"},"content":{"rendered":"<p>Koncept garderobe &#8220;capsule&#8221; za zmanj\u0161anje nepotrebnih stvari v va\u0161i garderobi<br \/>\nInovativna oblika omogo\u010da no\u0161enje v ve\u010d velikostih, kar podalj\u0161a \u010das uporabe izdelka<br \/>\nGOTS &#8220;organic&#8221; certificiran izdelek, od pridelave ekolo\u0161kega bomba\u017ea do proizvodnje kon\u010dnega izdelka. Vsi delovni procesi so revidirani in certificirani s strani mednarodnega neodvisnega certifikacijskega organa za za\u0161\u010dito na\u0161ega trajnostnega okolja.<\/p>\n<p>&nbsp;<\/p>\n","protected":false},"excerpt":{"rendered":"<p>Koncept garderobe &#8220;capsule&#8221; za zmanj\u0161anje nepotrebnih stvari v va\u0161i garderobi Inovativna oblika omogo\u010da no\u0161enje v ve\u010d velikostih, kar podalj\u0161a \u010das uporabe izdelka GOTS &#8220;organic&#8221; certificiran izdelek, od pridelave ekolo\u0161kega bomba\u017ea [&hellip;]<\/p>\n","protected":false},"featured_media":202034,"comment_status":"open","ping_status":"closed","template":"","meta":{"_acf_changed":false,"footnotes":""},"product_brand":[],"product_cat":[1386,1639,1647],"product_tag":[2282],"class_list":{"0":"post-204110","1":"product","2":"type-product","3":"status-publish","4":"has-post-thumbnail","6":"product_cat-cevlji","7":"product_cat-oblacila","8":"product_cat-obleke-za-dojencke","9":"product_tag-zima-sl","10":"pa_boja-bijela-sl","11":"pa_brand-kenguru-gold","13":"first","14":"instock","15":"shipping-taxable","16":"purchasable","17":"product-type-variable"},"bundled_by":[],"bundle_stock_status":"instock","bundle_stock_quantity":1,"bundle_virtual":false,"bundle_layout":"","bundle_add_to_cart_form_location":"","bundle_editable_in_cart":false,"bundle_sold_individually_context":"","bundle_item_grouping":"","bundle_min_size":"","bundle_max_size":"","bundle_price":[],"bundled_items":[],"bundle_sell_ids":[],"acf":[],"yoast_head":"<!-- This site is optimized with the Yoast SEO Premium plugin v21.5 (Yoast SEO v27.3) - https:\/\/yoast.com\/product\/yoast-seo-premium-wordpress\/ -->\n<title>Kenguru Gold Obla\u010dila za dojen\u010dke TOG2 &quot;le\u0161nik&quot; - NajNaj.eu<\/title>\n<meta name=\"robots\" content=\"index, follow, max-snippet:-1, max-image-preview:large, max-video-preview:-1\" \/>\n<link rel=\"canonical\" href=\"https:\/\/najnaj.eu\/sl\/izdelek\/kenguru-gold-oblacila-za-dojencke-tog2-lesnik\/\" \/>\n<meta property=\"og:locale\" content=\"sl_SI\" \/>\n<meta property=\"og:type\" content=\"article\" \/>\n<meta property=\"og:title\" content=\"Kenguru Gold Obla\u010dila za dojen\u010dke TOG2 &quot;le\u0161nik&quot;\" \/>\n<meta property=\"og:description\" content=\"Koncept garderobe &#8220;capsule&#8221; za zmanj\u0161anje nepotrebnih stvari v va\u0161i garderobi Inovativna oblika omogo\u010da no\u0161enje v ve\u010d velikostih, kar podalj\u0161a \u010das uporabe izdelka GOTS &#8220;organic&#8221; certificiran izdelek, od pridelave ekolo\u0161kega bomba\u017ea [&hellip;]\" \/>\n<meta property=\"og:url\" content=\"https:\/\/najnaj.eu\/sl\/izdelek\/kenguru-gold-oblacila-za-dojencke-tog2-lesnik\/\" \/>\n<meta property=\"og:site_name\" content=\"NajNaj.eu\" \/>\n<meta property=\"article:publisher\" content=\"https:\/\/web.facebook.com\/najnaj.eu\/\" \/>\n<meta property=\"article:modified_time\" content=\"2026-02-25T09:10:23+00:00\" \/>\n<meta property=\"og:image\" content=\"https:\/\/najnaj.eu\/wp-content\/uploads\/2024\/04\/KG4084_main.jpg\" \/>\n\t<meta property=\"og:image:width\" content=\"2000\" \/>\n\t<meta property=\"og:image:height\" content=\"2000\" \/>\n\t<meta property=\"og:image:type\" content=\"image\/jpeg\" \/>\n<meta name=\"twitter:card\" content=\"summary_large_image\" \/>\n<meta name=\"twitter:label1\" content=\"Availability\" \/>\n\t<meta name=\"twitter:data1\" content=\"In stock\" \/>\n<script type=\"application\/ld+json\" class=\"yoast-schema-graph\">{\"@context\":\"https:\\\/\\\/schema.org\",\"@graph\":[{\"@type\":\"WebPage\",\"@id\":\"https:\\\/\\\/najnaj.eu\\\/sl\\\/izdelek\\\/kenguru-gold-oblacila-za-dojencke-tog2-lesnik\\\/\",\"url\":\"https:\\\/\\\/najnaj.eu\\\/sl\\\/izdelek\\\/kenguru-gold-oblacila-za-dojencke-tog2-lesnik\\\/\",\"name\":\"Kenguru Gold Obla\u010dila za dojen\u010dke TOG2 \\\"le\u0161nik\\\" - NajNaj.eu\",\"isPartOf\":{\"@id\":\"https:\\\/\\\/najnaj.eu\\\/sl\\\/#website\"},\"primaryImageOfPage\":{\"@id\":\"https:\\\/\\\/najnaj.eu\\\/sl\\\/izdelek\\\/kenguru-gold-oblacila-za-dojencke-tog2-lesnik\\\/#primaryimage\"},\"image\":{\"@id\":\"https:\\\/\\\/najnaj.eu\\\/sl\\\/izdelek\\\/kenguru-gold-oblacila-za-dojencke-tog2-lesnik\\\/#primaryimage\"},\"thumbnailUrl\":\"https:\\\/\\\/najnaj.eu\\\/wp-content\\\/uploads\\\/2024\\\/04\\\/KG4084_main.jpg\",\"datePublished\":\"2024-04-09T12:50:33+00:00\",\"dateModified\":\"2026-02-25T09:10:23+00:00\",\"breadcrumb\":{\"@id\":\"https:\\\/\\\/najnaj.eu\\\/sl\\\/izdelek\\\/kenguru-gold-oblacila-za-dojencke-tog2-lesnik\\\/#breadcrumb\"},\"inLanguage\":\"sl-SI\",\"potentialAction\":[{\"@type\":\"ReadAction\",\"target\":[\"https:\\\/\\\/najnaj.eu\\\/sl\\\/izdelek\\\/kenguru-gold-oblacila-za-dojencke-tog2-lesnik\\\/\"]}]},{\"@type\":\"ImageObject\",\"inLanguage\":\"sl-SI\",\"@id\":\"https:\\\/\\\/najnaj.eu\\\/sl\\\/izdelek\\\/kenguru-gold-oblacila-za-dojencke-tog2-lesnik\\\/#primaryimage\",\"url\":\"https:\\\/\\\/najnaj.eu\\\/wp-content\\\/uploads\\\/2024\\\/04\\\/KG4084_main.jpg\",\"contentUrl\":\"https:\\\/\\\/najnaj.eu\\\/wp-content\\\/uploads\\\/2024\\\/04\\\/KG4084_main.jpg\",\"width\":2000,\"height\":2000},{\"@type\":\"BreadcrumbList\",\"@id\":\"https:\\\/\\\/najnaj.eu\\\/sl\\\/izdelek\\\/kenguru-gold-oblacila-za-dojencke-tog2-lesnik\\\/#breadcrumb\",\"itemListElement\":[{\"@type\":\"ListItem\",\"position\":1,\"name\":\"Po\u010detna stranica\",\"item\":\"https:\\\/\\\/najnaj.eu\\\/sl\\\/prednja-stran\\\/\"},{\"@type\":\"ListItem\",\"position\":2,\"name\":\"Shop\",\"item\":\"https:\\\/\\\/najnaj.eu\\\/sl\\\/shop\\\/\"},{\"@type\":\"ListItem\",\"position\":3,\"name\":\"Kenguru Gold Obla\u010dila za dojen\u010dke TOG2 &#8220;le\u0161nik&#8221;\"}]},{\"@type\":\"WebSite\",\"@id\":\"https:\\\/\\\/najnaj.eu\\\/sl\\\/#website\",\"url\":\"https:\\\/\\\/najnaj.eu\\\/sl\\\/\",\"name\":\"NajNaj.eu\",\"description\":\"Za najva\u017enije!\",\"publisher\":{\"@id\":\"https:\\\/\\\/najnaj.eu\\\/sl\\\/#organization\"},\"potentialAction\":[{\"@type\":\"SearchAction\",\"target\":{\"@type\":\"EntryPoint\",\"urlTemplate\":\"https:\\\/\\\/najnaj.eu\\\/sl\\\/?s={search_term_string}\"},\"query-input\":{\"@type\":\"PropertyValueSpecification\",\"valueRequired\":true,\"valueName\":\"search_term_string\"}}],\"inLanguage\":\"sl-SI\"},{\"@type\":\"Organization\",\"@id\":\"https:\\\/\\\/najnaj.eu\\\/sl\\\/#organization\",\"name\":\"NajNaj.eu\",\"url\":\"https:\\\/\\\/najnaj.eu\\\/sl\\\/\",\"logo\":{\"@type\":\"ImageObject\",\"inLanguage\":\"sl-SI\",\"@id\":\"https:\\\/\\\/najnaj.eu\\\/sl\\\/#\\\/schema\\\/logo\\\/image\\\/\",\"url\":\"https:\\\/\\\/najnaj.eu\\\/wp-content\\\/uploads\\\/2023\\\/09\\\/logo_Najnaj_2023.svg\",\"contentUrl\":\"https:\\\/\\\/najnaj.eu\\\/wp-content\\\/uploads\\\/2023\\\/09\\\/logo_Najnaj_2023.svg\",\"width\":501,\"height\":278,\"caption\":\"NajNaj.eu\"},\"image\":{\"@id\":\"https:\\\/\\\/najnaj.eu\\\/sl\\\/#\\\/schema\\\/logo\\\/image\\\/\"},\"sameAs\":[\"https:\\\/\\\/web.facebook.com\\\/najnaj.eu\\\/\",\"https:\\\/\\\/www.instagram.com\\\/najnaj.eu\\\/\",\"https:\\\/\\\/www.tiktok.com\\\/@najnaj.eu\"]}]}<\/script>\n<meta property=\"product:brand\" content=\"Kenguru Gold\" \/>\n<meta property=\"og:availability\" content=\"instock\" \/>\n<meta property=\"product:availability\" content=\"instock\" \/>\n<meta property=\"product:retailer_item_id\" content=\"KG4084-N\" \/>\n<meta property=\"product:condition\" content=\"new\" \/>\n<!-- \/ Yoast SEO Premium plugin. -->","yoast_head_json":{"title":"Kenguru Gold Obla\u010dila za dojen\u010dke TOG2 \"le\u0161nik\" - NajNaj.eu","robots":{"index":"index","follow":"follow","max-snippet":"max-snippet:-1","max-image-preview":"max-image-preview:large","max-video-preview":"max-video-preview:-1"},"canonical":"https:\/\/najnaj.eu\/sl\/izdelek\/kenguru-gold-oblacila-za-dojencke-tog2-lesnik\/","og_locale":"sl_SI","og_type":"article","og_title":"Kenguru Gold Obla\u010dila za dojen\u010dke TOG2 \"le\u0161nik\"","og_description":"Koncept garderobe &#8220;capsule&#8221; za zmanj\u0161anje nepotrebnih stvari v va\u0161i garderobi Inovativna oblika omogo\u010da no\u0161enje v ve\u010d velikostih, kar podalj\u0161a \u010das uporabe izdelka GOTS &#8220;organic&#8221; certificiran izdelek, od pridelave ekolo\u0161kega bomba\u017ea [&hellip;]","og_url":"https:\/\/najnaj.eu\/sl\/izdelek\/kenguru-gold-oblacila-za-dojencke-tog2-lesnik\/","og_site_name":"NajNaj.eu","article_publisher":"https:\/\/web.facebook.com\/najnaj.eu\/","article_modified_time":"2026-02-25T09:10:23+00:00","og_image":[{"width":2000,"height":2000,"url":"https:\/\/najnaj.eu\/wp-content\/uploads\/2024\/04\/KG4084_main.jpg","type":"image\/jpeg"}],"twitter_card":"summary_large_image","twitter_misc":{"Availability":"In stock"},"schema":{"@context":"https:\/\/schema.org","@graph":[{"@type":"WebPage","@id":"https:\/\/najnaj.eu\/sl\/izdelek\/kenguru-gold-oblacila-za-dojencke-tog2-lesnik\/","url":"https:\/\/najnaj.eu\/sl\/izdelek\/kenguru-gold-oblacila-za-dojencke-tog2-lesnik\/","name":"Kenguru Gold Obla\u010dila za dojen\u010dke TOG2 \"le\u0161nik\" - NajNaj.eu","isPartOf":{"@id":"https:\/\/najnaj.eu\/sl\/#website"},"primaryImageOfPage":{"@id":"https:\/\/najnaj.eu\/sl\/izdelek\/kenguru-gold-oblacila-za-dojencke-tog2-lesnik\/#primaryimage"},"image":{"@id":"https:\/\/najnaj.eu\/sl\/izdelek\/kenguru-gold-oblacila-za-dojencke-tog2-lesnik\/#primaryimage"},"thumbnailUrl":"https:\/\/najnaj.eu\/wp-content\/uploads\/2024\/04\/KG4084_main.jpg","datePublished":"2024-04-09T12:50:33+00:00","dateModified":"2026-02-25T09:10:23+00:00","breadcrumb":{"@id":"https:\/\/najnaj.eu\/sl\/izdelek\/kenguru-gold-oblacila-za-dojencke-tog2-lesnik\/#breadcrumb"},"inLanguage":"sl-SI","potentialAction":[{"@type":"ReadAction","target":["https:\/\/najnaj.eu\/sl\/izdelek\/kenguru-gold-oblacila-za-dojencke-tog2-lesnik\/"]}]},{"@type":"ImageObject","inLanguage":"sl-SI","@id":"https:\/\/najnaj.eu\/sl\/izdelek\/kenguru-gold-oblacila-za-dojencke-tog2-lesnik\/#primaryimage","url":"https:\/\/najnaj.eu\/wp-content\/uploads\/2024\/04\/KG4084_main.jpg","contentUrl":"https:\/\/najnaj.eu\/wp-content\/uploads\/2024\/04\/KG4084_main.jpg","width":2000,"height":2000},{"@type":"BreadcrumbList","@id":"https:\/\/najnaj.eu\/sl\/izdelek\/kenguru-gold-oblacila-za-dojencke-tog2-lesnik\/#breadcrumb","itemListElement":[{"@type":"ListItem","position":1,"name":"Po\u010detna stranica","item":"https:\/\/najnaj.eu\/sl\/prednja-stran\/"},{"@type":"ListItem","position":2,"name":"Shop","item":"https:\/\/najnaj.eu\/sl\/shop\/"},{"@type":"ListItem","position":3,"name":"Kenguru Gold Obla\u010dila za dojen\u010dke TOG2 &#8220;le\u0161nik&#8221;"}]},{"@type":"WebSite","@id":"https:\/\/najnaj.eu\/sl\/#website","url":"https:\/\/najnaj.eu\/sl\/","name":"NajNaj.eu","description":"Za najva\u017enije!","publisher":{"@id":"https:\/\/najnaj.eu\/sl\/#organization"},"potentialAction":[{"@type":"SearchAction","target":{"@type":"EntryPoint","urlTemplate":"https:\/\/najnaj.eu\/sl\/?s={search_term_string}"},"query-input":{"@type":"PropertyValueSpecification","valueRequired":true,"valueName":"search_term_string"}}],"inLanguage":"sl-SI"},{"@type":"Organization","@id":"https:\/\/najnaj.eu\/sl\/#organization","name":"NajNaj.eu","url":"https:\/\/najnaj.eu\/sl\/","logo":{"@type":"ImageObject","inLanguage":"sl-SI","@id":"https:\/\/najnaj.eu\/sl\/#\/schema\/logo\/image\/","url":"https:\/\/najnaj.eu\/wp-content\/uploads\/2023\/09\/logo_Najnaj_2023.svg","contentUrl":"https:\/\/najnaj.eu\/wp-content\/uploads\/2023\/09\/logo_Najnaj_2023.svg","width":501,"height":278,"caption":"NajNaj.eu"},"image":{"@id":"https:\/\/najnaj.eu\/sl\/#\/schema\/logo\/image\/"},"sameAs":["https:\/\/web.facebook.com\/najnaj.eu\/","https:\/\/www.instagram.com\/najnaj.eu\/","https:\/\/www.tiktok.com\/@najnaj.eu"]}]},"product_brand":"Kenguru Gold","og_availability":"instock","product_availability":"instock","product_retailer_item_id":"KG4084-N","product_condition":"new"},"_links":{"self":[{"href":"https:\/\/najnaj.eu\/sl\/wp-json\/wp\/v2\/product\/204110","targetHints":{"allow":["GET"]}}],"collection":[{"href":"https:\/\/najnaj.eu\/sl\/wp-json\/wp\/v2\/product"}],"about":[{"href":"https:\/\/najnaj.eu\/sl\/wp-json\/wp\/v2\/types\/product"}],"replies":[{"embeddable":true,"href":"https:\/\/najnaj.eu\/sl\/wp-json\/wp\/v2\/comments?post=204110"}],"version-history":[{"count":0,"href":"https:\/\/najnaj.eu\/sl\/wp-json\/wp\/v2\/product\/204110\/revisions"}],"wp:featuredmedia":[{"embeddable":true,"href":"https:\/\/najnaj.eu\/sl\/wp-json\/wp\/v2\/media\/202034"}],"wp:attachment":[{"href":"https:\/\/najnaj.eu\/sl\/wp-json\/wp\/v2\/media?parent=204110"}],"wp:term":[{"taxonomy":"product_brand","embeddable":true,"href":"https:\/\/najnaj.eu\/sl\/wp-json\/wp\/v2\/product_brand?post=204110"},{"taxonomy":"product_cat","embeddable":true,"href":"https:\/\/najnaj.eu\/sl\/wp-json\/wp\/v2\/product_cat?post=204110"},{"taxonomy":"product_tag","embeddable":true,"href":"https:\/\/najnaj.eu\/sl\/wp-json\/wp\/v2\/product_tag?post=204110"}],"curies":[{"name":"wp","href":"https:\/\/api.w.org\/{rel}","templated":true}]}}