{"id":204103,"date":"2024-05-07T12:59:36","date_gmt":"2024-05-07T10:59:36","guid":{"rendered":"https:\/\/najnaj.eu\/proizvod\/citron-thermo-posoda-za-hrano-mala-250ml-blush-pink\/"},"modified":"2025-10-01T10:01:11","modified_gmt":"2025-10-01T08:01:11","slug":"citron-thermo-posoda-za-hrano-mala-250ml-blush-pink","status":"publish","type":"product","link":"https:\/\/najnaj.eu\/sl\/izdelek\/citron-thermo-posoda-za-hrano-mala-250ml-blush-pink\/","title":{"rendered":"Citron Thermo posoda za hrano mala 250ml Blush Pink"},"content":{"rendered":"<p>S svojo inovativno tehnologijo vakuumske izolacije in izjemno \u0161iroko odprtino je na\u0161a 250 ml termo posoda za hrano \u0161e posebej uporabna, ko gre za obroke in prehranjevanje na poti. Njegova termo izolacija ohranja hrano pri temperaturi brez potrebe po pogrevanju in ohlajanju, prav tako je odporen na pu\u0161\u010danje in ima pokrov, ki se odpre navpi\u010dno, tako da se otrokom ni treba truditi z preklopnim pokrovom! <\/p>\n<p>&nbsp;<\/p>\n<p><img loading=\"lazy\" decoding=\"async\" class=\"alignnone wp-image-211505 size-large\" src=\"https:\/\/najnaj.eu\/wp-content\/uploads\/2024\/07\/Small-Thermal-Food-Jar-250-Stormy-Unicorn-6-1-1024x1024.jpg\" alt=\"\" width=\"980\" height=\"980\" srcset=\"https:\/\/najnaj.eu\/wp-content\/uploads\/2024\/07\/Small-Thermal-Food-Jar-250-Stormy-Unicorn-6-1-1024x1024.jpg 1024w, https:\/\/najnaj.eu\/wp-content\/uploads\/2024\/07\/Small-Thermal-Food-Jar-250-Stormy-Unicorn-6-1-324x324.jpg 324w, https:\/\/najnaj.eu\/wp-content\/uploads\/2024\/07\/Small-Thermal-Food-Jar-250-Stormy-Unicorn-6-1-100x100.jpg 100w, https:\/\/najnaj.eu\/wp-content\/uploads\/2024\/07\/Small-Thermal-Food-Jar-250-Stormy-Unicorn-6-1-1200x1200.jpg 1200w, https:\/\/najnaj.eu\/wp-content\/uploads\/2024\/07\/Small-Thermal-Food-Jar-250-Stormy-Unicorn-6-1-300x300.jpg 300w, https:\/\/najnaj.eu\/wp-content\/uploads\/2024\/07\/Small-Thermal-Food-Jar-250-Stormy-Unicorn-6-1-150x150.jpg 150w, https:\/\/najnaj.eu\/wp-content\/uploads\/2024\/07\/Small-Thermal-Food-Jar-250-Stormy-Unicorn-6-1-768x768.jpg 768w, https:\/\/najnaj.eu\/wp-content\/uploads\/2024\/07\/Small-Thermal-Food-Jar-250-Stormy-Unicorn-6-1-1536x1536.jpg 1536w, https:\/\/najnaj.eu\/wp-content\/uploads\/2024\/07\/Small-Thermal-Food-Jar-250-Stormy-Unicorn-6-1-2048x2048.jpg 2048w, https:\/\/najnaj.eu\/wp-content\/uploads\/2024\/07\/Small-Thermal-Food-Jar-250-Stormy-Unicorn-6-1-1440x1440.jpg 1440w, https:\/\/najnaj.eu\/wp-content\/uploads\/2024\/07\/Small-Thermal-Food-Jar-250-Stormy-Unicorn-6-1-420x420.jpg 420w, https:\/\/najnaj.eu\/wp-content\/uploads\/2024\/07\/Small-Thermal-Food-Jar-250-Stormy-Unicorn-6-1-50x50.jpg 50w\" sizes=\"auto, (max-width: 980px) 100vw, 980px\" \/><\/p>\n","protected":false},"excerpt":{"rendered":"<p>+ Vakuumsko izoliran z dvojno steno za ohranjanje temperature hrane<br \/>\n+ Hrana ostane topla 6 ur in hladna 7 ur<br \/>\n+ Ohranja vre\u010dko za kosilo suho in \u010disto z neprepustnim zapiralom<br \/>\n+ Zunaj ostane suha in hladna, ne glede na to, kako vro\u010da ali hladna je njena vsebina<br \/>\n + Izdelano iz nerjave\u010dega jekla 304 za \u017eivilsko kakovost za dolgotrajno uporabo<br \/>\n + Zasnovano iz trajnostnih materialov<br \/>\n + Izdelano iz nestrupenih materialov (brez BPA, ftalatov in svinca)<br \/>\n + Pokrov se odpira navpi\u010dno brez potrebe po vrtenju, kar olaj\u0161a uporabo majhnim ro\u010dicam.<br \/>\n+ Primerno za otroke stare 6+ mesecev<br \/>\n+ Podlo\u017eena s silikonsko prevleko, ki se lahko odstrani za la\u017eje pranje<br \/>\n+ Prostornina do 250 ml hrane<br \/>\n+ Mere: D10*V6,5cm<\/p>\n","protected":false},"featured_media":247501,"comment_status":"open","ping_status":"closed","template":"","meta":{"_acf_changed":false,"footnotes":""},"product_brand":[],"product_cat":[1167,1275,2270],"product_tag":[2282],"class_list":{"0":"post-204103","1":"product","2":"type-product","3":"status-publish","4":"has-post-thumbnail","6":"product_cat-hranjenje-sl","7":"product_cat-posoda","8":"product_cat-termo-posode","9":"product_tag-zima-sl","10":"pa_boja-roza-sl","11":"pa_brand-citron-sl","12":"pa_vrsta-posuda-skatle-za-prigrizke","14":"first","15":"instock","16":"shipping-taxable","17":"purchasable","18":"product-type-simple"},"bundled_by":[],"bundle_stock_status":"instock","bundle_stock_quantity":14,"bundle_virtual":false,"bundle_layout":"","bundle_add_to_cart_form_location":"","bundle_editable_in_cart":false,"bundle_sold_individually_context":"","bundle_item_grouping":"","bundle_min_size":"","bundle_max_size":"","bundle_price":[],"bundled_items":[],"bundle_sell_ids":[],"acf":[],"yoast_head":"<!-- This site is optimized with the Yoast SEO Premium plugin v21.5 (Yoast SEO v27.3) - https:\/\/yoast.com\/product\/yoast-seo-premium-wordpress\/ -->\n<title>Citron Thermo posoda za hrano mala 250ml Blush Pink - NajNaj.eu<\/title>\n<meta name=\"robots\" content=\"index, follow, max-snippet:-1, max-image-preview:large, max-video-preview:-1\" \/>\n<link rel=\"canonical\" href=\"https:\/\/najnaj.eu\/sl\/izdelek\/citron-thermo-posoda-za-hrano-mala-250ml-blush-pink\/\" \/>\n<meta property=\"og:locale\" content=\"sl_SI\" \/>\n<meta property=\"og:type\" content=\"article\" \/>\n<meta property=\"og:title\" content=\"Citron Thermo posoda za hrano mala 250ml Blush Pink\" \/>\n<meta property=\"og:description\" content=\"+ Vakuumsko izoliran z dvojno steno za ohranjanje temperature hrane + Hrana ostane topla 6 ur in hladna 7 ur + Ohranja vre\u010dko za kosilo suho in \u010disto z neprepustnim zapiralom + Zunaj ostane suha in hladna, ne glede na to, kako vro\u010da ali hladna je njena vsebina + Izdelano iz nerjave\u010dega jekla 304 za \u017eivilsko kakovost za dolgotrajno uporabo + Zasnovano iz trajnostnih materialov + Izdelano iz nestrupenih materialov (brez BPA, ftalatov in svinca) + Pokrov se odpira navpi\u010dno brez potrebe po vrtenju, kar olaj\u0161a uporabo majhnim ro\u010dicam. + Primerno za otroke stare 6+ mesecev + Podlo\u017eena s silikonsko prevleko, ki se lahko odstrani za la\u017eje pranje + Prostornina do 250 ml hrane + Mere: D10*V6,5cm\" \/>\n<meta property=\"og:url\" content=\"https:\/\/najnaj.eu\/sl\/izdelek\/citron-thermo-posoda-za-hrano-mala-250ml-blush-pink\/\" \/>\n<meta property=\"og:site_name\" content=\"NajNaj.eu\" \/>\n<meta property=\"article:publisher\" content=\"https:\/\/web.facebook.com\/najnaj.eu\/\" \/>\n<meta property=\"article:modified_time\" content=\"2025-10-01T08:01:11+00:00\" \/>\n<meta property=\"og:image\" content=\"https:\/\/najnaj.eu\/wp-content\/uploads\/2024\/05\/2022_FJ_250_Blush_Pink.jpg\" \/>\n\t<meta property=\"og:image:width\" content=\"2000\" \/>\n\t<meta property=\"og:image:height\" content=\"2000\" \/>\n\t<meta property=\"og:image:type\" content=\"image\/jpeg\" \/>\n<meta name=\"twitter:card\" content=\"summary_large_image\" \/>\n<meta name=\"twitter:label1\" content=\"Price\" \/>\n\t<meta name=\"twitter:data1\" content=\"28,99&nbsp;&euro;\" \/>\n\t<meta name=\"twitter:label2\" content=\"Availability\" \/>\n\t<meta name=\"twitter:data2\" content=\"In stock\" \/>\n<script type=\"application\/ld+json\" class=\"yoast-schema-graph\">{\"@context\":\"https:\\\/\\\/schema.org\",\"@graph\":[{\"@type\":\"WebPage\",\"@id\":\"https:\\\/\\\/najnaj.eu\\\/sl\\\/izdelek\\\/citron-thermo-posoda-za-hrano-mala-250ml-blush-pink\\\/\",\"url\":\"https:\\\/\\\/najnaj.eu\\\/sl\\\/izdelek\\\/citron-thermo-posoda-za-hrano-mala-250ml-blush-pink\\\/\",\"name\":\"Citron Thermo posoda za hrano mala 250ml Blush Pink - NajNaj.eu\",\"isPartOf\":{\"@id\":\"https:\\\/\\\/najnaj.eu\\\/sl\\\/#website\"},\"primaryImageOfPage\":{\"@id\":\"https:\\\/\\\/najnaj.eu\\\/sl\\\/izdelek\\\/citron-thermo-posoda-za-hrano-mala-250ml-blush-pink\\\/#primaryimage\"},\"image\":{\"@id\":\"https:\\\/\\\/najnaj.eu\\\/sl\\\/izdelek\\\/citron-thermo-posoda-za-hrano-mala-250ml-blush-pink\\\/#primaryimage\"},\"thumbnailUrl\":\"https:\\\/\\\/najnaj.eu\\\/wp-content\\\/uploads\\\/2024\\\/05\\\/2022_FJ_250_Blush_Pink.jpg\",\"datePublished\":\"2024-05-07T10:59:36+00:00\",\"dateModified\":\"2025-10-01T08:01:11+00:00\",\"breadcrumb\":{\"@id\":\"https:\\\/\\\/najnaj.eu\\\/sl\\\/izdelek\\\/citron-thermo-posoda-za-hrano-mala-250ml-blush-pink\\\/#breadcrumb\"},\"inLanguage\":\"sl-SI\",\"potentialAction\":[{\"@type\":\"ReadAction\",\"target\":[\"https:\\\/\\\/najnaj.eu\\\/sl\\\/izdelek\\\/citron-thermo-posoda-za-hrano-mala-250ml-blush-pink\\\/\"]}]},{\"@type\":\"ImageObject\",\"inLanguage\":\"sl-SI\",\"@id\":\"https:\\\/\\\/najnaj.eu\\\/sl\\\/izdelek\\\/citron-thermo-posoda-za-hrano-mala-250ml-blush-pink\\\/#primaryimage\",\"url\":\"https:\\\/\\\/najnaj.eu\\\/wp-content\\\/uploads\\\/2024\\\/05\\\/2022_FJ_250_Blush_Pink.jpg\",\"contentUrl\":\"https:\\\/\\\/najnaj.eu\\\/wp-content\\\/uploads\\\/2024\\\/05\\\/2022_FJ_250_Blush_Pink.jpg\",\"width\":2000,\"height\":2000},{\"@type\":\"BreadcrumbList\",\"@id\":\"https:\\\/\\\/najnaj.eu\\\/sl\\\/izdelek\\\/citron-thermo-posoda-za-hrano-mala-250ml-blush-pink\\\/#breadcrumb\",\"itemListElement\":[{\"@type\":\"ListItem\",\"position\":1,\"name\":\"Po\u010detna stranica\",\"item\":\"https:\\\/\\\/najnaj.eu\\\/sl\\\/prednja-stran\\\/\"},{\"@type\":\"ListItem\",\"position\":2,\"name\":\"Shop\",\"item\":\"https:\\\/\\\/najnaj.eu\\\/sl\\\/shop\\\/\"},{\"@type\":\"ListItem\",\"position\":3,\"name\":\"Citron Thermo posoda za hrano mala 250ml Blush Pink\"}]},{\"@type\":\"WebSite\",\"@id\":\"https:\\\/\\\/najnaj.eu\\\/sl\\\/#website\",\"url\":\"https:\\\/\\\/najnaj.eu\\\/sl\\\/\",\"name\":\"NajNaj.eu\",\"description\":\"Za najva\u017enije!\",\"publisher\":{\"@id\":\"https:\\\/\\\/najnaj.eu\\\/sl\\\/#organization\"},\"potentialAction\":[{\"@type\":\"SearchAction\",\"target\":{\"@type\":\"EntryPoint\",\"urlTemplate\":\"https:\\\/\\\/najnaj.eu\\\/sl\\\/?s={search_term_string}\"},\"query-input\":{\"@type\":\"PropertyValueSpecification\",\"valueRequired\":true,\"valueName\":\"search_term_string\"}}],\"inLanguage\":\"sl-SI\"},{\"@type\":\"Organization\",\"@id\":\"https:\\\/\\\/najnaj.eu\\\/sl\\\/#organization\",\"name\":\"NajNaj.eu\",\"url\":\"https:\\\/\\\/najnaj.eu\\\/sl\\\/\",\"logo\":{\"@type\":\"ImageObject\",\"inLanguage\":\"sl-SI\",\"@id\":\"https:\\\/\\\/najnaj.eu\\\/sl\\\/#\\\/schema\\\/logo\\\/image\\\/\",\"url\":\"https:\\\/\\\/najnaj.eu\\\/wp-content\\\/uploads\\\/2023\\\/09\\\/logo_Najnaj_2023.svg\",\"contentUrl\":\"https:\\\/\\\/najnaj.eu\\\/wp-content\\\/uploads\\\/2023\\\/09\\\/logo_Najnaj_2023.svg\",\"width\":501,\"height\":278,\"caption\":\"NajNaj.eu\"},\"image\":{\"@id\":\"https:\\\/\\\/najnaj.eu\\\/sl\\\/#\\\/schema\\\/logo\\\/image\\\/\"},\"sameAs\":[\"https:\\\/\\\/web.facebook.com\\\/najnaj.eu\\\/\",\"https:\\\/\\\/www.instagram.com\\\/najnaj.eu\\\/\",\"https:\\\/\\\/www.tiktok.com\\\/@najnaj.eu\"]}]}<\/script>\n<meta property=\"product:brand\" content=\"Citron\" \/>\n<meta property=\"product:price:amount\" content=\"28.99\" \/>\n<meta property=\"product:price:currency\" content=\"EUR\" \/>\n<meta property=\"og:availability\" content=\"instock\" \/>\n<meta property=\"product:availability\" content=\"instock\" \/>\n<meta property=\"product:retailer_item_id\" content=\"2022_FJ_250_Blush_Pink\" \/>\n<meta property=\"product:condition\" content=\"new\" \/>\n<!-- \/ Yoast SEO Premium plugin. -->","yoast_head_json":{"title":"Citron Thermo posoda za hrano mala 250ml Blush Pink - NajNaj.eu","robots":{"index":"index","follow":"follow","max-snippet":"max-snippet:-1","max-image-preview":"max-image-preview:large","max-video-preview":"max-video-preview:-1"},"canonical":"https:\/\/najnaj.eu\/sl\/izdelek\/citron-thermo-posoda-za-hrano-mala-250ml-blush-pink\/","og_locale":"sl_SI","og_type":"article","og_title":"Citron Thermo posoda za hrano mala 250ml Blush Pink","og_description":"+ Vakuumsko izoliran z dvojno steno za ohranjanje temperature hrane + Hrana ostane topla 6 ur in hladna 7 ur + Ohranja vre\u010dko za kosilo suho in \u010disto z neprepustnim zapiralom + Zunaj ostane suha in hladna, ne glede na to, kako vro\u010da ali hladna je njena vsebina + Izdelano iz nerjave\u010dega jekla 304 za \u017eivilsko kakovost za dolgotrajno uporabo + Zasnovano iz trajnostnih materialov + Izdelano iz nestrupenih materialov (brez BPA, ftalatov in svinca) + Pokrov se odpira navpi\u010dno brez potrebe po vrtenju, kar olaj\u0161a uporabo majhnim ro\u010dicam. + Primerno za otroke stare 6+ mesecev + Podlo\u017eena s silikonsko prevleko, ki se lahko odstrani za la\u017eje pranje + Prostornina do 250 ml hrane + Mere: D10*V6,5cm","og_url":"https:\/\/najnaj.eu\/sl\/izdelek\/citron-thermo-posoda-za-hrano-mala-250ml-blush-pink\/","og_site_name":"NajNaj.eu","article_publisher":"https:\/\/web.facebook.com\/najnaj.eu\/","article_modified_time":"2025-10-01T08:01:11+00:00","og_image":[{"width":2000,"height":2000,"url":"https:\/\/najnaj.eu\/wp-content\/uploads\/2024\/05\/2022_FJ_250_Blush_Pink.jpg","type":"image\/jpeg"}],"twitter_card":"summary_large_image","twitter_misc":{"Price":"28,99&nbsp;&euro;","Availability":"In stock"},"schema":{"@context":"https:\/\/schema.org","@graph":[{"@type":"WebPage","@id":"https:\/\/najnaj.eu\/sl\/izdelek\/citron-thermo-posoda-za-hrano-mala-250ml-blush-pink\/","url":"https:\/\/najnaj.eu\/sl\/izdelek\/citron-thermo-posoda-za-hrano-mala-250ml-blush-pink\/","name":"Citron Thermo posoda za hrano mala 250ml Blush Pink - NajNaj.eu","isPartOf":{"@id":"https:\/\/najnaj.eu\/sl\/#website"},"primaryImageOfPage":{"@id":"https:\/\/najnaj.eu\/sl\/izdelek\/citron-thermo-posoda-za-hrano-mala-250ml-blush-pink\/#primaryimage"},"image":{"@id":"https:\/\/najnaj.eu\/sl\/izdelek\/citron-thermo-posoda-za-hrano-mala-250ml-blush-pink\/#primaryimage"},"thumbnailUrl":"https:\/\/najnaj.eu\/wp-content\/uploads\/2024\/05\/2022_FJ_250_Blush_Pink.jpg","datePublished":"2024-05-07T10:59:36+00:00","dateModified":"2025-10-01T08:01:11+00:00","breadcrumb":{"@id":"https:\/\/najnaj.eu\/sl\/izdelek\/citron-thermo-posoda-za-hrano-mala-250ml-blush-pink\/#breadcrumb"},"inLanguage":"sl-SI","potentialAction":[{"@type":"ReadAction","target":["https:\/\/najnaj.eu\/sl\/izdelek\/citron-thermo-posoda-za-hrano-mala-250ml-blush-pink\/"]}]},{"@type":"ImageObject","inLanguage":"sl-SI","@id":"https:\/\/najnaj.eu\/sl\/izdelek\/citron-thermo-posoda-za-hrano-mala-250ml-blush-pink\/#primaryimage","url":"https:\/\/najnaj.eu\/wp-content\/uploads\/2024\/05\/2022_FJ_250_Blush_Pink.jpg","contentUrl":"https:\/\/najnaj.eu\/wp-content\/uploads\/2024\/05\/2022_FJ_250_Blush_Pink.jpg","width":2000,"height":2000},{"@type":"BreadcrumbList","@id":"https:\/\/najnaj.eu\/sl\/izdelek\/citron-thermo-posoda-za-hrano-mala-250ml-blush-pink\/#breadcrumb","itemListElement":[{"@type":"ListItem","position":1,"name":"Po\u010detna stranica","item":"https:\/\/najnaj.eu\/sl\/prednja-stran\/"},{"@type":"ListItem","position":2,"name":"Shop","item":"https:\/\/najnaj.eu\/sl\/shop\/"},{"@type":"ListItem","position":3,"name":"Citron Thermo posoda za hrano mala 250ml Blush Pink"}]},{"@type":"WebSite","@id":"https:\/\/najnaj.eu\/sl\/#website","url":"https:\/\/najnaj.eu\/sl\/","name":"NajNaj.eu","description":"Za najva\u017enije!","publisher":{"@id":"https:\/\/najnaj.eu\/sl\/#organization"},"potentialAction":[{"@type":"SearchAction","target":{"@type":"EntryPoint","urlTemplate":"https:\/\/najnaj.eu\/sl\/?s={search_term_string}"},"query-input":{"@type":"PropertyValueSpecification","valueRequired":true,"valueName":"search_term_string"}}],"inLanguage":"sl-SI"},{"@type":"Organization","@id":"https:\/\/najnaj.eu\/sl\/#organization","name":"NajNaj.eu","url":"https:\/\/najnaj.eu\/sl\/","logo":{"@type":"ImageObject","inLanguage":"sl-SI","@id":"https:\/\/najnaj.eu\/sl\/#\/schema\/logo\/image\/","url":"https:\/\/najnaj.eu\/wp-content\/uploads\/2023\/09\/logo_Najnaj_2023.svg","contentUrl":"https:\/\/najnaj.eu\/wp-content\/uploads\/2023\/09\/logo_Najnaj_2023.svg","width":501,"height":278,"caption":"NajNaj.eu"},"image":{"@id":"https:\/\/najnaj.eu\/sl\/#\/schema\/logo\/image\/"},"sameAs":["https:\/\/web.facebook.com\/najnaj.eu\/","https:\/\/www.instagram.com\/najnaj.eu\/","https:\/\/www.tiktok.com\/@najnaj.eu"]}]},"product_brand":"Citron","product_price_amount":"28.99","product_price_currency":"EUR","og_availability":"instock","product_availability":"instock","product_retailer_item_id":"2022_FJ_250_Blush_Pink","product_condition":"new"},"_links":{"self":[{"href":"https:\/\/najnaj.eu\/sl\/wp-json\/wp\/v2\/product\/204103","targetHints":{"allow":["GET"]}}],"collection":[{"href":"https:\/\/najnaj.eu\/sl\/wp-json\/wp\/v2\/product"}],"about":[{"href":"https:\/\/najnaj.eu\/sl\/wp-json\/wp\/v2\/types\/product"}],"replies":[{"embeddable":true,"href":"https:\/\/najnaj.eu\/sl\/wp-json\/wp\/v2\/comments?post=204103"}],"version-history":[{"count":0,"href":"https:\/\/najnaj.eu\/sl\/wp-json\/wp\/v2\/product\/204103\/revisions"}],"wp:featuredmedia":[{"embeddable":true,"href":"https:\/\/najnaj.eu\/sl\/wp-json\/wp\/v2\/media\/247501"}],"wp:attachment":[{"href":"https:\/\/najnaj.eu\/sl\/wp-json\/wp\/v2\/media?parent=204103"}],"wp:term":[{"taxonomy":"product_brand","embeddable":true,"href":"https:\/\/najnaj.eu\/sl\/wp-json\/wp\/v2\/product_brand?post=204103"},{"taxonomy":"product_cat","embeddable":true,"href":"https:\/\/najnaj.eu\/sl\/wp-json\/wp\/v2\/product_cat?post=204103"},{"taxonomy":"product_tag","embeddable":true,"href":"https:\/\/najnaj.eu\/sl\/wp-json\/wp\/v2\/product_tag?post=204103"}],"curies":[{"name":"wp","href":"https:\/\/api.w.org\/{rel}","templated":true}]}}