{"id":204085,"date":"2024-05-07T12:50:25","date_gmt":"2024-05-07T10:50:25","guid":{"rendered":"https:\/\/najnaj.eu\/proizvod\/b-box-nadomestna-goba-za-kopanje-lullaby-modra-2-kom\/"},"modified":"2025-03-04T11:23:24","modified_gmt":"2025-03-04T10:23:24","slug":"b-box-nadomestna-goba-za-kopanje-lullaby-modra-2-kom","status":"publish","type":"product","link":"https:\/\/najnaj.eu\/sl\/izdelek\/b-box-nadomestna-goba-za-kopanje-lullaby-modra-2-kom\/","title":{"rendered":"b.box Nadomestna goba za kopanje, lullaby modra 2 kom"},"content":{"rendered":"<p>Ko je \u010das za novo gobico v va\u0161i otro\u0161ki krta\u010di za kopanje, je tu na\u0161 komplet dveh z zamenljivo gobico za krta\u010do za otro\u0161ko kopanje!<\/p>\n<p>Oblikovane za popolno prileganje, se gobice zlahka odstranijo in vstavijo v silikonsko krta\u010do za kopanje ali pa se uporabljajo same. Izjemno mehke in izdelane iz nestrupenih materialov, varnih za dojen\u010dke, zagotavljajo varno in higieni\u010dno \u010di\u0161\u010denje tudi za najbolj ob\u010dutljivo ko\u017eo.<\/p>\n<p>Idealna za vsakodnevno kopanje, super vpojna goba ustvarja razko\u0161no milno peno, ki ohranja otroka \u010distega.<\/p>\n<p>Ko je \u010das kopanja mimo, preprosto odstranite gobo, sperite, posu\u0161ite in ponovite. Z zabavnim dizajnom na sprednji strani, na\u0161 dvojni paket otro\u0161ke krta\u010de za kopanje in zamenljivih gobic skrbi za \u010disto\u010do, \u010das za kopanjem.<\/p>\n","protected":false},"excerpt":{"rendered":"<ul>\n<li>Popolnoma se prilega na\u0161i silikonski krta\u010di za kopanje dojen\u010dkov ali pa se lahko uporablja samostojno<\/li>\n<li>Zamenljive gobice zagotavljajo vsakokratno higiensko umivanje<\/li>\n<li>Nestrupeni materiali, varni za dojen\u010dke, so mehki in ne\u017eni do ob\u010dutljive ko\u017ee<\/li>\n<li>Vpojna goba pomaga ustvariti peno<\/li>\n<li>Hitro se su\u0161i in je primeren za ve\u010dkratno uporabo<\/li>\n<li>Ima zabaven dizajn na sprednji strani<\/li>\n<li>Prakti\u010dno dvojno pakiranje<\/li>\n<li>100% poliuretanska goba<\/li>\n<li>Brez BPA, PVC in ftalatov<\/li>\n<\/ul>\n","protected":false},"featured_media":203878,"comment_status":"open","ping_status":"closed","template":"","meta":{"_acf_changed":false,"footnotes":""},"product_brand":[],"product_cat":[1290,1288,1289],"product_tag":[],"class_list":{"0":"post-204085","1":"product","2":"type-product","3":"status-publish","4":"has-post-thumbnail","6":"product_cat-ostalo-sl-2","7":"product_cat-otroska-soba","8":"product_cat-otroska-soba-sl","9":"pa_boja-modra","10":"pa_brand-b-box-sl","12":"first","13":"instock","14":"sale","15":"shipping-taxable","16":"purchasable","17":"product-type-simple"},"bundled_by":[],"bundle_stock_status":"instock","bundle_stock_quantity":9,"bundle_virtual":false,"bundle_layout":"","bundle_add_to_cart_form_location":"","bundle_editable_in_cart":false,"bundle_sold_individually_context":"","bundle_item_grouping":"","bundle_min_size":"","bundle_max_size":"","bundle_price":[],"bundled_items":[],"bundle_sell_ids":[],"acf":[],"yoast_head":"<!-- This site is optimized with the Yoast SEO Premium plugin v21.5 (Yoast SEO v27.4) - https:\/\/yoast.com\/product\/yoast-seo-premium-wordpress\/ -->\n<title>b.box Nadomestna goba za kopanje, lullaby modra 2 kom - NajNaj.eu<\/title>\n<meta name=\"robots\" content=\"index, follow, max-snippet:-1, max-image-preview:large, max-video-preview:-1\" \/>\n<link rel=\"canonical\" href=\"https:\/\/najnaj.eu\/sl\/izdelek\/b-box-nadomestna-goba-za-kopanje-lullaby-modra-2-kom\/\" \/>\n<meta property=\"og:locale\" content=\"sl_SI\" \/>\n<meta property=\"og:type\" content=\"article\" \/>\n<meta property=\"og:title\" content=\"b.box Nadomestna goba za kopanje, lullaby modra 2 kom\" \/>\n<meta property=\"og:description\" content=\"Popolnoma se prilega na\u0161i silikonski krta\u010di za kopanje dojen\u010dkov ali pa se lahko uporablja samostojno  Zamenljive gobice zagotavljajo vsakokratno higiensko umivanje  Nestrupeni materiali, varni za dojen\u010dke, so mehki in ne\u017eni do ob\u010dutljive ko\u017ee  Vpojna goba pomaga ustvariti peno  Hitro se su\u0161i in je primeren za ve\u010dkratno uporabo  Ima zabaven dizajn na sprednji strani  Prakti\u010dno dvojno pakiranje  100% poliuretanska goba  Brez BPA, PVC in ftalatov\" \/>\n<meta property=\"og:url\" content=\"https:\/\/najnaj.eu\/sl\/izdelek\/b-box-nadomestna-goba-za-kopanje-lullaby-modra-2-kom\/\" \/>\n<meta property=\"og:site_name\" content=\"NajNaj.eu\" \/>\n<meta property=\"article:publisher\" content=\"https:\/\/web.facebook.com\/najnaj.eu\/\" \/>\n<meta property=\"article:modified_time\" content=\"2025-03-04T10:23:24+00:00\" \/>\n<meta property=\"og:image\" content=\"https:\/\/najnaj.eu\/wp-content\/uploads\/2024\/05\/Baby-Bath-Brush_16-1.jpg\" \/>\n\t<meta property=\"og:image:width\" content=\"1200\" \/>\n\t<meta property=\"og:image:height\" content=\"1200\" \/>\n\t<meta property=\"og:image:type\" content=\"image\/jpeg\" \/>\n<meta name=\"twitter:card\" content=\"summary_large_image\" \/>\n<meta name=\"twitter:label1\" content=\"Price\" \/>\n\t<meta name=\"twitter:data1\" content=\"7,99&nbsp;&euro;\" \/>\n\t<meta name=\"twitter:label2\" content=\"Availability\" \/>\n\t<meta name=\"twitter:data2\" content=\"In stock\" \/>\n<script type=\"application\/ld+json\" class=\"yoast-schema-graph\">{\"@context\":\"https:\\\/\\\/schema.org\",\"@graph\":[{\"@type\":\"WebPage\",\"@id\":\"https:\\\/\\\/najnaj.eu\\\/sl\\\/izdelek\\\/b-box-nadomestna-goba-za-kopanje-lullaby-modra-2-kom\\\/\",\"url\":\"https:\\\/\\\/najnaj.eu\\\/sl\\\/izdelek\\\/b-box-nadomestna-goba-za-kopanje-lullaby-modra-2-kom\\\/\",\"name\":\"b.box Nadomestna goba za kopanje, lullaby modra 2 kom - NajNaj.eu\",\"isPartOf\":{\"@id\":\"https:\\\/\\\/najnaj.eu\\\/sl\\\/#website\"},\"primaryImageOfPage\":{\"@id\":\"https:\\\/\\\/najnaj.eu\\\/sl\\\/izdelek\\\/b-box-nadomestna-goba-za-kopanje-lullaby-modra-2-kom\\\/#primaryimage\"},\"image\":{\"@id\":\"https:\\\/\\\/najnaj.eu\\\/sl\\\/izdelek\\\/b-box-nadomestna-goba-za-kopanje-lullaby-modra-2-kom\\\/#primaryimage\"},\"thumbnailUrl\":\"https:\\\/\\\/najnaj.eu\\\/wp-content\\\/uploads\\\/2024\\\/05\\\/Baby-Bath-Brush_16-1.jpg\",\"datePublished\":\"2024-05-07T10:50:25+00:00\",\"dateModified\":\"2025-03-04T10:23:24+00:00\",\"breadcrumb\":{\"@id\":\"https:\\\/\\\/najnaj.eu\\\/sl\\\/izdelek\\\/b-box-nadomestna-goba-za-kopanje-lullaby-modra-2-kom\\\/#breadcrumb\"},\"inLanguage\":\"sl-SI\",\"potentialAction\":[{\"@type\":\"ReadAction\",\"target\":[\"https:\\\/\\\/najnaj.eu\\\/sl\\\/izdelek\\\/b-box-nadomestna-goba-za-kopanje-lullaby-modra-2-kom\\\/\"]}]},{\"@type\":\"ImageObject\",\"inLanguage\":\"sl-SI\",\"@id\":\"https:\\\/\\\/najnaj.eu\\\/sl\\\/izdelek\\\/b-box-nadomestna-goba-za-kopanje-lullaby-modra-2-kom\\\/#primaryimage\",\"url\":\"https:\\\/\\\/najnaj.eu\\\/wp-content\\\/uploads\\\/2024\\\/05\\\/Baby-Bath-Brush_16-1.jpg\",\"contentUrl\":\"https:\\\/\\\/najnaj.eu\\\/wp-content\\\/uploads\\\/2024\\\/05\\\/Baby-Bath-Brush_16-1.jpg\",\"width\":1200,\"height\":1200},{\"@type\":\"BreadcrumbList\",\"@id\":\"https:\\\/\\\/najnaj.eu\\\/sl\\\/izdelek\\\/b-box-nadomestna-goba-za-kopanje-lullaby-modra-2-kom\\\/#breadcrumb\",\"itemListElement\":[{\"@type\":\"ListItem\",\"position\":1,\"name\":\"Po\u010detna stranica\",\"item\":\"https:\\\/\\\/najnaj.eu\\\/sl\\\/prednja-stran\\\/\"},{\"@type\":\"ListItem\",\"position\":2,\"name\":\"Shop\",\"item\":\"https:\\\/\\\/najnaj.eu\\\/sl\\\/shop\\\/\"},{\"@type\":\"ListItem\",\"position\":3,\"name\":\"b.box Nadomestna goba za kopanje, lullaby modra 2 kom\"}]},{\"@type\":\"WebSite\",\"@id\":\"https:\\\/\\\/najnaj.eu\\\/sl\\\/#website\",\"url\":\"https:\\\/\\\/najnaj.eu\\\/sl\\\/\",\"name\":\"NajNaj.eu\",\"description\":\"Za najva\u017enije!\",\"publisher\":{\"@id\":\"https:\\\/\\\/najnaj.eu\\\/sl\\\/#organization\"},\"potentialAction\":[{\"@type\":\"SearchAction\",\"target\":{\"@type\":\"EntryPoint\",\"urlTemplate\":\"https:\\\/\\\/najnaj.eu\\\/sl\\\/?s={search_term_string}\"},\"query-input\":{\"@type\":\"PropertyValueSpecification\",\"valueRequired\":true,\"valueName\":\"search_term_string\"}}],\"inLanguage\":\"sl-SI\"},{\"@type\":\"Organization\",\"@id\":\"https:\\\/\\\/najnaj.eu\\\/sl\\\/#organization\",\"name\":\"NajNaj.eu\",\"url\":\"https:\\\/\\\/najnaj.eu\\\/sl\\\/\",\"logo\":{\"@type\":\"ImageObject\",\"inLanguage\":\"sl-SI\",\"@id\":\"https:\\\/\\\/najnaj.eu\\\/sl\\\/#\\\/schema\\\/logo\\\/image\\\/\",\"url\":\"https:\\\/\\\/najnaj.eu\\\/wp-content\\\/uploads\\\/2023\\\/09\\\/logo_Najnaj_2023.svg\",\"contentUrl\":\"https:\\\/\\\/najnaj.eu\\\/wp-content\\\/uploads\\\/2023\\\/09\\\/logo_Najnaj_2023.svg\",\"width\":501,\"height\":278,\"caption\":\"NajNaj.eu\"},\"image\":{\"@id\":\"https:\\\/\\\/najnaj.eu\\\/sl\\\/#\\\/schema\\\/logo\\\/image\\\/\"},\"sameAs\":[\"https:\\\/\\\/web.facebook.com\\\/najnaj.eu\\\/\",\"https:\\\/\\\/www.instagram.com\\\/najnaj.eu\\\/\",\"https:\\\/\\\/www.tiktok.com\\\/@najnaj.eu\"]}]}<\/script>\n<meta property=\"product:brand\" content=\"b.box\" \/>\n<meta property=\"product:price:amount\" content=\"7.99\" \/>\n<meta property=\"product:price:currency\" content=\"EUR\" \/>\n<meta property=\"og:availability\" content=\"instock\" \/>\n<meta property=\"product:availability\" content=\"instock\" \/>\n<meta property=\"product:retailer_item_id\" content=\"BX700208\" \/>\n<meta property=\"product:condition\" content=\"new\" \/>\n<!-- \/ Yoast SEO Premium plugin. -->","yoast_head_json":{"title":"b.box Nadomestna goba za kopanje, lullaby modra 2 kom - NajNaj.eu","robots":{"index":"index","follow":"follow","max-snippet":"max-snippet:-1","max-image-preview":"max-image-preview:large","max-video-preview":"max-video-preview:-1"},"canonical":"https:\/\/najnaj.eu\/sl\/izdelek\/b-box-nadomestna-goba-za-kopanje-lullaby-modra-2-kom\/","og_locale":"sl_SI","og_type":"article","og_title":"b.box Nadomestna goba za kopanje, lullaby modra 2 kom","og_description":"Popolnoma se prilega na\u0161i silikonski krta\u010di za kopanje dojen\u010dkov ali pa se lahko uporablja samostojno  Zamenljive gobice zagotavljajo vsakokratno higiensko umivanje  Nestrupeni materiali, varni za dojen\u010dke, so mehki in ne\u017eni do ob\u010dutljive ko\u017ee  Vpojna goba pomaga ustvariti peno  Hitro se su\u0161i in je primeren za ve\u010dkratno uporabo  Ima zabaven dizajn na sprednji strani  Prakti\u010dno dvojno pakiranje  100% poliuretanska goba  Brez BPA, PVC in ftalatov","og_url":"https:\/\/najnaj.eu\/sl\/izdelek\/b-box-nadomestna-goba-za-kopanje-lullaby-modra-2-kom\/","og_site_name":"NajNaj.eu","article_publisher":"https:\/\/web.facebook.com\/najnaj.eu\/","article_modified_time":"2025-03-04T10:23:24+00:00","og_image":[{"width":1200,"height":1200,"url":"https:\/\/najnaj.eu\/wp-content\/uploads\/2024\/05\/Baby-Bath-Brush_16-1.jpg","type":"image\/jpeg"}],"twitter_card":"summary_large_image","twitter_misc":{"Price":"7,99&nbsp;&euro;","Availability":"In stock"},"schema":{"@context":"https:\/\/schema.org","@graph":[{"@type":"WebPage","@id":"https:\/\/najnaj.eu\/sl\/izdelek\/b-box-nadomestna-goba-za-kopanje-lullaby-modra-2-kom\/","url":"https:\/\/najnaj.eu\/sl\/izdelek\/b-box-nadomestna-goba-za-kopanje-lullaby-modra-2-kom\/","name":"b.box Nadomestna goba za kopanje, lullaby modra 2 kom - NajNaj.eu","isPartOf":{"@id":"https:\/\/najnaj.eu\/sl\/#website"},"primaryImageOfPage":{"@id":"https:\/\/najnaj.eu\/sl\/izdelek\/b-box-nadomestna-goba-za-kopanje-lullaby-modra-2-kom\/#primaryimage"},"image":{"@id":"https:\/\/najnaj.eu\/sl\/izdelek\/b-box-nadomestna-goba-za-kopanje-lullaby-modra-2-kom\/#primaryimage"},"thumbnailUrl":"https:\/\/najnaj.eu\/wp-content\/uploads\/2024\/05\/Baby-Bath-Brush_16-1.jpg","datePublished":"2024-05-07T10:50:25+00:00","dateModified":"2025-03-04T10:23:24+00:00","breadcrumb":{"@id":"https:\/\/najnaj.eu\/sl\/izdelek\/b-box-nadomestna-goba-za-kopanje-lullaby-modra-2-kom\/#breadcrumb"},"inLanguage":"sl-SI","potentialAction":[{"@type":"ReadAction","target":["https:\/\/najnaj.eu\/sl\/izdelek\/b-box-nadomestna-goba-za-kopanje-lullaby-modra-2-kom\/"]}]},{"@type":"ImageObject","inLanguage":"sl-SI","@id":"https:\/\/najnaj.eu\/sl\/izdelek\/b-box-nadomestna-goba-za-kopanje-lullaby-modra-2-kom\/#primaryimage","url":"https:\/\/najnaj.eu\/wp-content\/uploads\/2024\/05\/Baby-Bath-Brush_16-1.jpg","contentUrl":"https:\/\/najnaj.eu\/wp-content\/uploads\/2024\/05\/Baby-Bath-Brush_16-1.jpg","width":1200,"height":1200},{"@type":"BreadcrumbList","@id":"https:\/\/najnaj.eu\/sl\/izdelek\/b-box-nadomestna-goba-za-kopanje-lullaby-modra-2-kom\/#breadcrumb","itemListElement":[{"@type":"ListItem","position":1,"name":"Po\u010detna stranica","item":"https:\/\/najnaj.eu\/sl\/prednja-stran\/"},{"@type":"ListItem","position":2,"name":"Shop","item":"https:\/\/najnaj.eu\/sl\/shop\/"},{"@type":"ListItem","position":3,"name":"b.box Nadomestna goba za kopanje, lullaby modra 2 kom"}]},{"@type":"WebSite","@id":"https:\/\/najnaj.eu\/sl\/#website","url":"https:\/\/najnaj.eu\/sl\/","name":"NajNaj.eu","description":"Za najva\u017enije!","publisher":{"@id":"https:\/\/najnaj.eu\/sl\/#organization"},"potentialAction":[{"@type":"SearchAction","target":{"@type":"EntryPoint","urlTemplate":"https:\/\/najnaj.eu\/sl\/?s={search_term_string}"},"query-input":{"@type":"PropertyValueSpecification","valueRequired":true,"valueName":"search_term_string"}}],"inLanguage":"sl-SI"},{"@type":"Organization","@id":"https:\/\/najnaj.eu\/sl\/#organization","name":"NajNaj.eu","url":"https:\/\/najnaj.eu\/sl\/","logo":{"@type":"ImageObject","inLanguage":"sl-SI","@id":"https:\/\/najnaj.eu\/sl\/#\/schema\/logo\/image\/","url":"https:\/\/najnaj.eu\/wp-content\/uploads\/2023\/09\/logo_Najnaj_2023.svg","contentUrl":"https:\/\/najnaj.eu\/wp-content\/uploads\/2023\/09\/logo_Najnaj_2023.svg","width":501,"height":278,"caption":"NajNaj.eu"},"image":{"@id":"https:\/\/najnaj.eu\/sl\/#\/schema\/logo\/image\/"},"sameAs":["https:\/\/web.facebook.com\/najnaj.eu\/","https:\/\/www.instagram.com\/najnaj.eu\/","https:\/\/www.tiktok.com\/@najnaj.eu"]}]},"product_brand":"b.box","product_price_amount":"7.99","product_price_currency":"EUR","og_availability":"instock","product_availability":"instock","product_retailer_item_id":"BX700208","product_condition":"new"},"_links":{"self":[{"href":"https:\/\/najnaj.eu\/sl\/wp-json\/wp\/v2\/product\/204085","targetHints":{"allow":["GET"]}}],"collection":[{"href":"https:\/\/najnaj.eu\/sl\/wp-json\/wp\/v2\/product"}],"about":[{"href":"https:\/\/najnaj.eu\/sl\/wp-json\/wp\/v2\/types\/product"}],"replies":[{"embeddable":true,"href":"https:\/\/najnaj.eu\/sl\/wp-json\/wp\/v2\/comments?post=204085"}],"version-history":[{"count":0,"href":"https:\/\/najnaj.eu\/sl\/wp-json\/wp\/v2\/product\/204085\/revisions"}],"wp:featuredmedia":[{"embeddable":true,"href":"https:\/\/najnaj.eu\/sl\/wp-json\/wp\/v2\/media\/203878"}],"wp:attachment":[{"href":"https:\/\/najnaj.eu\/sl\/wp-json\/wp\/v2\/media?parent=204085"}],"wp:term":[{"taxonomy":"product_brand","embeddable":true,"href":"https:\/\/najnaj.eu\/sl\/wp-json\/wp\/v2\/product_brand?post=204085"},{"taxonomy":"product_cat","embeddable":true,"href":"https:\/\/najnaj.eu\/sl\/wp-json\/wp\/v2\/product_cat?post=204085"},{"taxonomy":"product_tag","embeddable":true,"href":"https:\/\/najnaj.eu\/sl\/wp-json\/wp\/v2\/product_tag?post=204085"}],"curies":[{"name":"wp","href":"https:\/\/api.w.org\/{rel}","templated":true}]}}