{"id":204084,"date":"2024-05-07T11:39:50","date_gmt":"2024-05-07T09:39:50","guid":{"rendered":"https:\/\/najnaj.eu\/proizvod\/b-box-silikonski-podbradnik-zajbelj\/"},"modified":"2025-03-04T11:23:59","modified_gmt":"2025-03-04T10:23:59","slug":"b-box-silikonski-podbradnik-zajbelj","status":"publish","type":"product","link":"https:\/\/najnaj.eu\/sl\/izdelek\/b-box-silikonski-podbradnik-zajbelj\/","title":{"rendered":"b.box Silikonski podbradnik &#8211; \u017eajbelj"},"content":{"rendered":"<p>Kak\u0161en ulov! Ta popolna oprsnica, ki jo lahko vzamete kamor koli, ima globok \u017eep, ki ostane odprt, strukturno zasnovan tako, da pomaga ujeti ve\u010d hrane in teko\u010dine, kar zagotavlja, da je otrok \u010dist, suh in mu je udobno med obroki. Narejen je iz nestrupenega silikona za \u017eivila, ki ohranja gladko povr\u0161ino proti prijemanju, tudi ko je mokra.<\/p>\n<p>Enostaven za \u010di\u0161\u010denje, primeren za pomivalni stroj in se preprosto zvije in pritrdi na hrano na poti. Vklju\u010duje enostavno nastavljivo zaponko za pravilno prileganje, zo\u017eena ramena za ve\u010djo gibljivost rok in gladek, udoben rob. Na voljo v \u0161tevilnih \u010dudovitih sodobnih barvah, ki ustrezajo vsakemu dojen\u010dku, vsaki no\u0161nji!<\/p>\n","protected":false},"excerpt":{"rendered":"<ul>\n<li>4 mesece+<\/li>\n<li>globok &#8220;stay open&#8221; \u017eep ujame ve\u010d hrane in teko\u010dine<\/li>\n<li>udobna zo\u017eena oblika ramen<\/li>\n<li>gladko podlo\u017een rob za udobnej\u0161e no\u0161enje<\/li>\n<li>nastavljivo zapiranje vrat<\/li>\n<li>nestrupen silikon ohranja gladko povr\u0161ino proti prijemanju, tudi ko je mokra<\/li>\n<li>zvijte in zavarujte za bolj kompaktno shranjevanje na poti<\/li>\n<li>enostavno \u010di\u0161\u010denje<\/li>\n<li>primeren za pomivanje v pomivalnem stroju<\/li>\n<li>iz FDA silikona<\/li>\n<li>dimenzije: 21,8cm x 29,6cm<\/li>\n<li>Brez BPA, ftalatov in PVC-ja<\/li>\n<\/ul>\n","protected":false},"featured_media":203686,"comment_status":"open","ping_status":"closed","template":"","meta":{"_acf_changed":false,"footnotes":""},"product_brand":[],"product_cat":[1167,1374,1376],"product_tag":[],"class_list":{"0":"post-204084","1":"product","2":"type-product","3":"status-publish","4":"has-post-thumbnail","6":"product_cat-hranjenje-sl","7":"product_cat-ostalo-sl-3","8":"product_cat-podbradniki","9":"pa_boja-zelena-sl","10":"pa_brand-b-box-sl","12":"first","13":"instock","14":"shipping-taxable","15":"purchasable","16":"product-type-simple"},"bundled_by":["281141","281147"],"bundle_stock_status":"instock","bundle_stock_quantity":15,"bundle_virtual":false,"bundle_layout":"","bundle_add_to_cart_form_location":"","bundle_editable_in_cart":false,"bundle_sold_individually_context":"","bundle_item_grouping":"","bundle_min_size":"","bundle_max_size":"","bundle_price":[],"bundled_items":[],"bundle_sell_ids":[],"acf":[],"yoast_head":"<!-- This site is optimized with the Yoast SEO Premium plugin v21.5 (Yoast SEO v27.3) - https:\/\/yoast.com\/product\/yoast-seo-premium-wordpress\/ -->\n<title>b.box Silikonski podbradnik - \u017eajbelj - NajNaj.eu<\/title>\n<meta name=\"robots\" content=\"index, follow, max-snippet:-1, max-image-preview:large, max-video-preview:-1\" \/>\n<link rel=\"canonical\" href=\"https:\/\/najnaj.eu\/sl\/izdelek\/b-box-silikonski-podbradnik-zajbelj\/\" \/>\n<meta property=\"og:locale\" content=\"sl_SI\" \/>\n<meta property=\"og:type\" content=\"article\" \/>\n<meta property=\"og:title\" content=\"b.box Silikonski podbradnik - \u017eajbelj\" \/>\n<meta property=\"og:description\" content=\"4 mesece+  globok &quot;stay open&quot; \u017eep ujame ve\u010d hrane in teko\u010dine  udobna zo\u017eena oblika ramen  gladko podlo\u017een rob za udobnej\u0161e no\u0161enje  nastavljivo zapiranje vrat  nestrupen silikon ohranja gladko povr\u0161ino proti prijemanju, tudi ko je mokra  zvijte in zavarujte za bolj kompaktno shranjevanje na poti  enostavno \u010di\u0161\u010denje  primeren za pomivanje v pomivalnem stroju  iz FDA silikona  dimenzije: 21,8cm x 29,6cm  Brez BPA, ftalatov in PVC-ja\" \/>\n<meta property=\"og:url\" content=\"https:\/\/najnaj.eu\/sl\/izdelek\/b-box-silikonski-podbradnik-zajbelj\/\" \/>\n<meta property=\"og:site_name\" content=\"NajNaj.eu\" \/>\n<meta property=\"article:publisher\" content=\"https:\/\/web.facebook.com\/najnaj.eu\/\" \/>\n<meta property=\"article:modified_time\" content=\"2025-03-04T10:23:59+00:00\" \/>\n<meta property=\"og:image\" content=\"https:\/\/najnaj.eu\/wp-content\/uploads\/2024\/05\/Silicone-Travel-Bib-Sage-1.jpeg\" \/>\n\t<meta property=\"og:image:width\" content=\"1960\" \/>\n\t<meta property=\"og:image:height\" content=\"2400\" \/>\n\t<meta property=\"og:image:type\" content=\"image\/jpeg\" \/>\n<meta name=\"twitter:card\" content=\"summary_large_image\" \/>\n<meta name=\"twitter:label1\" content=\"Price\" \/>\n\t<meta name=\"twitter:data1\" content=\"13,99&nbsp;&euro;\" \/>\n\t<meta name=\"twitter:label2\" content=\"Availability\" \/>\n\t<meta name=\"twitter:data2\" content=\"In stock\" \/>\n<script type=\"application\/ld+json\" class=\"yoast-schema-graph\">{\"@context\":\"https:\\\/\\\/schema.org\",\"@graph\":[{\"@type\":\"WebPage\",\"@id\":\"https:\\\/\\\/najnaj.eu\\\/sl\\\/izdelek\\\/b-box-silikonski-podbradnik-zajbelj\\\/\",\"url\":\"https:\\\/\\\/najnaj.eu\\\/sl\\\/izdelek\\\/b-box-silikonski-podbradnik-zajbelj\\\/\",\"name\":\"b.box Silikonski podbradnik - \u017eajbelj - NajNaj.eu\",\"isPartOf\":{\"@id\":\"https:\\\/\\\/najnaj.eu\\\/sl\\\/#website\"},\"primaryImageOfPage\":{\"@id\":\"https:\\\/\\\/najnaj.eu\\\/sl\\\/izdelek\\\/b-box-silikonski-podbradnik-zajbelj\\\/#primaryimage\"},\"image\":{\"@id\":\"https:\\\/\\\/najnaj.eu\\\/sl\\\/izdelek\\\/b-box-silikonski-podbradnik-zajbelj\\\/#primaryimage\"},\"thumbnailUrl\":\"https:\\\/\\\/najnaj.eu\\\/wp-content\\\/uploads\\\/2024\\\/05\\\/Silicone-Travel-Bib-Sage-1.jpeg\",\"datePublished\":\"2024-05-07T09:39:50+00:00\",\"dateModified\":\"2025-03-04T10:23:59+00:00\",\"breadcrumb\":{\"@id\":\"https:\\\/\\\/najnaj.eu\\\/sl\\\/izdelek\\\/b-box-silikonski-podbradnik-zajbelj\\\/#breadcrumb\"},\"inLanguage\":\"sl-SI\",\"potentialAction\":[{\"@type\":\"ReadAction\",\"target\":[\"https:\\\/\\\/najnaj.eu\\\/sl\\\/izdelek\\\/b-box-silikonski-podbradnik-zajbelj\\\/\"]}]},{\"@type\":\"ImageObject\",\"inLanguage\":\"sl-SI\",\"@id\":\"https:\\\/\\\/najnaj.eu\\\/sl\\\/izdelek\\\/b-box-silikonski-podbradnik-zajbelj\\\/#primaryimage\",\"url\":\"https:\\\/\\\/najnaj.eu\\\/wp-content\\\/uploads\\\/2024\\\/05\\\/Silicone-Travel-Bib-Sage-1.jpeg\",\"contentUrl\":\"https:\\\/\\\/najnaj.eu\\\/wp-content\\\/uploads\\\/2024\\\/05\\\/Silicone-Travel-Bib-Sage-1.jpeg\",\"width\":1960,\"height\":2400},{\"@type\":\"BreadcrumbList\",\"@id\":\"https:\\\/\\\/najnaj.eu\\\/sl\\\/izdelek\\\/b-box-silikonski-podbradnik-zajbelj\\\/#breadcrumb\",\"itemListElement\":[{\"@type\":\"ListItem\",\"position\":1,\"name\":\"Po\u010detna stranica\",\"item\":\"https:\\\/\\\/najnaj.eu\\\/sl\\\/prednja-stran\\\/\"},{\"@type\":\"ListItem\",\"position\":2,\"name\":\"Shop\",\"item\":\"https:\\\/\\\/najnaj.eu\\\/sl\\\/shop\\\/\"},{\"@type\":\"ListItem\",\"position\":3,\"name\":\"b.box Silikonski podbradnik &#8211; \u017eajbelj\"}]},{\"@type\":\"WebSite\",\"@id\":\"https:\\\/\\\/najnaj.eu\\\/sl\\\/#website\",\"url\":\"https:\\\/\\\/najnaj.eu\\\/sl\\\/\",\"name\":\"NajNaj.eu\",\"description\":\"Za najva\u017enije!\",\"publisher\":{\"@id\":\"https:\\\/\\\/najnaj.eu\\\/sl\\\/#organization\"},\"potentialAction\":[{\"@type\":\"SearchAction\",\"target\":{\"@type\":\"EntryPoint\",\"urlTemplate\":\"https:\\\/\\\/najnaj.eu\\\/sl\\\/?s={search_term_string}\"},\"query-input\":{\"@type\":\"PropertyValueSpecification\",\"valueRequired\":true,\"valueName\":\"search_term_string\"}}],\"inLanguage\":\"sl-SI\"},{\"@type\":\"Organization\",\"@id\":\"https:\\\/\\\/najnaj.eu\\\/sl\\\/#organization\",\"name\":\"NajNaj.eu\",\"url\":\"https:\\\/\\\/najnaj.eu\\\/sl\\\/\",\"logo\":{\"@type\":\"ImageObject\",\"inLanguage\":\"sl-SI\",\"@id\":\"https:\\\/\\\/najnaj.eu\\\/sl\\\/#\\\/schema\\\/logo\\\/image\\\/\",\"url\":\"https:\\\/\\\/najnaj.eu\\\/wp-content\\\/uploads\\\/2023\\\/09\\\/logo_Najnaj_2023.svg\",\"contentUrl\":\"https:\\\/\\\/najnaj.eu\\\/wp-content\\\/uploads\\\/2023\\\/09\\\/logo_Najnaj_2023.svg\",\"width\":501,\"height\":278,\"caption\":\"NajNaj.eu\"},\"image\":{\"@id\":\"https:\\\/\\\/najnaj.eu\\\/sl\\\/#\\\/schema\\\/logo\\\/image\\\/\"},\"sameAs\":[\"https:\\\/\\\/web.facebook.com\\\/najnaj.eu\\\/\",\"https:\\\/\\\/www.instagram.com\\\/najnaj.eu\\\/\",\"https:\\\/\\\/www.tiktok.com\\\/@najnaj.eu\"]}]}<\/script>\n<meta property=\"product:brand\" content=\"b.box\" \/>\n<meta property=\"product:price:amount\" content=\"13.99\" \/>\n<meta property=\"product:price:currency\" content=\"EUR\" \/>\n<meta property=\"og:availability\" content=\"instock\" \/>\n<meta property=\"product:availability\" content=\"instock\" \/>\n<meta property=\"product:retailer_item_id\" content=\"BX101210\" \/>\n<meta property=\"product:condition\" content=\"new\" \/>\n<!-- \/ Yoast SEO Premium plugin. -->","yoast_head_json":{"title":"b.box Silikonski podbradnik - \u017eajbelj - NajNaj.eu","robots":{"index":"index","follow":"follow","max-snippet":"max-snippet:-1","max-image-preview":"max-image-preview:large","max-video-preview":"max-video-preview:-1"},"canonical":"https:\/\/najnaj.eu\/sl\/izdelek\/b-box-silikonski-podbradnik-zajbelj\/","og_locale":"sl_SI","og_type":"article","og_title":"b.box Silikonski podbradnik - \u017eajbelj","og_description":"4 mesece+  globok \"stay open\" \u017eep ujame ve\u010d hrane in teko\u010dine  udobna zo\u017eena oblika ramen  gladko podlo\u017een rob za udobnej\u0161e no\u0161enje  nastavljivo zapiranje vrat  nestrupen silikon ohranja gladko povr\u0161ino proti prijemanju, tudi ko je mokra  zvijte in zavarujte za bolj kompaktno shranjevanje na poti  enostavno \u010di\u0161\u010denje  primeren za pomivanje v pomivalnem stroju  iz FDA silikona  dimenzije: 21,8cm x 29,6cm  Brez BPA, ftalatov in PVC-ja","og_url":"https:\/\/najnaj.eu\/sl\/izdelek\/b-box-silikonski-podbradnik-zajbelj\/","og_site_name":"NajNaj.eu","article_publisher":"https:\/\/web.facebook.com\/najnaj.eu\/","article_modified_time":"2025-03-04T10:23:59+00:00","og_image":[{"width":1960,"height":2400,"url":"https:\/\/najnaj.eu\/wp-content\/uploads\/2024\/05\/Silicone-Travel-Bib-Sage-1.jpeg","type":"image\/jpeg"}],"twitter_card":"summary_large_image","twitter_misc":{"Price":"13,99&nbsp;&euro;","Availability":"In stock"},"schema":{"@context":"https:\/\/schema.org","@graph":[{"@type":"WebPage","@id":"https:\/\/najnaj.eu\/sl\/izdelek\/b-box-silikonski-podbradnik-zajbelj\/","url":"https:\/\/najnaj.eu\/sl\/izdelek\/b-box-silikonski-podbradnik-zajbelj\/","name":"b.box Silikonski podbradnik - \u017eajbelj - NajNaj.eu","isPartOf":{"@id":"https:\/\/najnaj.eu\/sl\/#website"},"primaryImageOfPage":{"@id":"https:\/\/najnaj.eu\/sl\/izdelek\/b-box-silikonski-podbradnik-zajbelj\/#primaryimage"},"image":{"@id":"https:\/\/najnaj.eu\/sl\/izdelek\/b-box-silikonski-podbradnik-zajbelj\/#primaryimage"},"thumbnailUrl":"https:\/\/najnaj.eu\/wp-content\/uploads\/2024\/05\/Silicone-Travel-Bib-Sage-1.jpeg","datePublished":"2024-05-07T09:39:50+00:00","dateModified":"2025-03-04T10:23:59+00:00","breadcrumb":{"@id":"https:\/\/najnaj.eu\/sl\/izdelek\/b-box-silikonski-podbradnik-zajbelj\/#breadcrumb"},"inLanguage":"sl-SI","potentialAction":[{"@type":"ReadAction","target":["https:\/\/najnaj.eu\/sl\/izdelek\/b-box-silikonski-podbradnik-zajbelj\/"]}]},{"@type":"ImageObject","inLanguage":"sl-SI","@id":"https:\/\/najnaj.eu\/sl\/izdelek\/b-box-silikonski-podbradnik-zajbelj\/#primaryimage","url":"https:\/\/najnaj.eu\/wp-content\/uploads\/2024\/05\/Silicone-Travel-Bib-Sage-1.jpeg","contentUrl":"https:\/\/najnaj.eu\/wp-content\/uploads\/2024\/05\/Silicone-Travel-Bib-Sage-1.jpeg","width":1960,"height":2400},{"@type":"BreadcrumbList","@id":"https:\/\/najnaj.eu\/sl\/izdelek\/b-box-silikonski-podbradnik-zajbelj\/#breadcrumb","itemListElement":[{"@type":"ListItem","position":1,"name":"Po\u010detna stranica","item":"https:\/\/najnaj.eu\/sl\/prednja-stran\/"},{"@type":"ListItem","position":2,"name":"Shop","item":"https:\/\/najnaj.eu\/sl\/shop\/"},{"@type":"ListItem","position":3,"name":"b.box Silikonski podbradnik &#8211; \u017eajbelj"}]},{"@type":"WebSite","@id":"https:\/\/najnaj.eu\/sl\/#website","url":"https:\/\/najnaj.eu\/sl\/","name":"NajNaj.eu","description":"Za najva\u017enije!","publisher":{"@id":"https:\/\/najnaj.eu\/sl\/#organization"},"potentialAction":[{"@type":"SearchAction","target":{"@type":"EntryPoint","urlTemplate":"https:\/\/najnaj.eu\/sl\/?s={search_term_string}"},"query-input":{"@type":"PropertyValueSpecification","valueRequired":true,"valueName":"search_term_string"}}],"inLanguage":"sl-SI"},{"@type":"Organization","@id":"https:\/\/najnaj.eu\/sl\/#organization","name":"NajNaj.eu","url":"https:\/\/najnaj.eu\/sl\/","logo":{"@type":"ImageObject","inLanguage":"sl-SI","@id":"https:\/\/najnaj.eu\/sl\/#\/schema\/logo\/image\/","url":"https:\/\/najnaj.eu\/wp-content\/uploads\/2023\/09\/logo_Najnaj_2023.svg","contentUrl":"https:\/\/najnaj.eu\/wp-content\/uploads\/2023\/09\/logo_Najnaj_2023.svg","width":501,"height":278,"caption":"NajNaj.eu"},"image":{"@id":"https:\/\/najnaj.eu\/sl\/#\/schema\/logo\/image\/"},"sameAs":["https:\/\/web.facebook.com\/najnaj.eu\/","https:\/\/www.instagram.com\/najnaj.eu\/","https:\/\/www.tiktok.com\/@najnaj.eu"]}]},"product_brand":"b.box","product_price_amount":"13.99","product_price_currency":"EUR","og_availability":"instock","product_availability":"instock","product_retailer_item_id":"BX101210","product_condition":"new"},"_links":{"self":[{"href":"https:\/\/najnaj.eu\/sl\/wp-json\/wp\/v2\/product\/204084","targetHints":{"allow":["GET"]}}],"collection":[{"href":"https:\/\/najnaj.eu\/sl\/wp-json\/wp\/v2\/product"}],"about":[{"href":"https:\/\/najnaj.eu\/sl\/wp-json\/wp\/v2\/types\/product"}],"replies":[{"embeddable":true,"href":"https:\/\/najnaj.eu\/sl\/wp-json\/wp\/v2\/comments?post=204084"}],"version-history":[{"count":0,"href":"https:\/\/najnaj.eu\/sl\/wp-json\/wp\/v2\/product\/204084\/revisions"}],"wp:featuredmedia":[{"embeddable":true,"href":"https:\/\/najnaj.eu\/sl\/wp-json\/wp\/v2\/media\/203686"}],"wp:attachment":[{"href":"https:\/\/najnaj.eu\/sl\/wp-json\/wp\/v2\/media?parent=204084"}],"wp:term":[{"taxonomy":"product_brand","embeddable":true,"href":"https:\/\/najnaj.eu\/sl\/wp-json\/wp\/v2\/product_brand?post=204084"},{"taxonomy":"product_cat","embeddable":true,"href":"https:\/\/najnaj.eu\/sl\/wp-json\/wp\/v2\/product_cat?post=204084"},{"taxonomy":"product_tag","embeddable":true,"href":"https:\/\/najnaj.eu\/sl\/wp-json\/wp\/v2\/product_tag?post=204084"}],"curies":[{"name":"wp","href":"https:\/\/api.w.org\/{rel}","templated":true}]}}