{"id":199277,"date":"2024-03-07T15:49:54","date_gmt":"2024-03-07T14:49:54","guid":{"rendered":"https:\/\/najnaj.eu\/?post_type=product&#038;p=199277"},"modified":"2025-06-23T14:48:14","modified_gmt":"2025-06-23T12:48:14","slug":"citron-otroski-nahrbtnik-lemon-unicorn-blush-pink-2","status":"publish","type":"product","link":"https:\/\/najnaj.eu\/sl\/izdelek\/citron-otroski-nahrbtnik-lemon-unicorn-blush-pink-2\/","title":{"rendered":"Citron Otro\u0161ki nahrbtnik Spaceship Dusty Blue"},"content":{"rendered":"<p>+ Vklju\u010duje etiketo z nalepko z imenom v notranjosti<br \/>\n + Opremljen z dvema notranjima \u017eepoma za 2 stekleni\u010dki do 500 ml<br \/>\n + Prilo\u017eeni oblazinjeni naramni trakovi za no\u0161enje kot nahrbtnik<br \/>\n + Opremljen z ro\u010daji za la\u017eje prena\u0161anje<br \/>\n + Notranji predal za dodaten prostor za shranjevanje<br \/>\n + Lahko shrani \u0161katlo za malico, steklenico za vodo in prevleko<br \/>\n + Primerno za otroke, starej\u0161e od 18 mesecev<\/p>\n<p><img loading=\"lazy\" decoding=\"async\" class=\"alignnone wp-image-211209 size-large\" src=\"https:\/\/najnaj.eu\/wp-content\/uploads\/2024\/05\/Kids-Backpack-Cherry-9-1024x1024.jpg\" alt=\"\" width=\"980\" height=\"980\" srcset=\"https:\/\/najnaj.eu\/wp-content\/uploads\/2024\/05\/Kids-Backpack-Cherry-9-1024x1024.jpg 1024w, https:\/\/najnaj.eu\/wp-content\/uploads\/2024\/05\/Kids-Backpack-Cherry-9-324x324.jpg 324w, https:\/\/najnaj.eu\/wp-content\/uploads\/2024\/05\/Kids-Backpack-Cherry-9-100x100.jpg 100w, https:\/\/najnaj.eu\/wp-content\/uploads\/2024\/05\/Kids-Backpack-Cherry-9-1200x1200.jpg 1200w, https:\/\/najnaj.eu\/wp-content\/uploads\/2024\/05\/Kids-Backpack-Cherry-9-300x300.jpg 300w, https:\/\/najnaj.eu\/wp-content\/uploads\/2024\/05\/Kids-Backpack-Cherry-9-150x150.jpg 150w, https:\/\/najnaj.eu\/wp-content\/uploads\/2024\/05\/Kids-Backpack-Cherry-9-768x768.jpg 768w, https:\/\/najnaj.eu\/wp-content\/uploads\/2024\/05\/Kids-Backpack-Cherry-9-1536x1536.jpg 1536w, https:\/\/najnaj.eu\/wp-content\/uploads\/2024\/05\/Kids-Backpack-Cherry-9-2048x2048.jpg 2048w, https:\/\/najnaj.eu\/wp-content\/uploads\/2024\/05\/Kids-Backpack-Cherry-9-1440x1440.jpg 1440w, https:\/\/najnaj.eu\/wp-content\/uploads\/2024\/05\/Kids-Backpack-Cherry-9-420x420.jpg 420w, https:\/\/najnaj.eu\/wp-content\/uploads\/2024\/05\/Kids-Backpack-Cherry-9-50x50.jpg 50w\" sizes=\"auto, (max-width: 980px) 100vw, 980px\" \/><\/p>\n","protected":false},"excerpt":{"rendered":"<p>V otro\u0161kem nahrbtniku naj bo vse, kar ga tekom dneva veseli, poleg obvezne posode za hrano pa otroci radi vzamejo s seboj \u0161e kaj drugega. Za celodnevne izlete z dru\u017eino ali v \u0161oli je ta otro\u0161ki<br \/>\n Nahrbtnik ponuja ve\u010d prostora za no\u0161enje ne le hrane, temve\u010d tudi obla\u010dil, igra\u010d, stekleni\u010dk &#8230; To je to<br \/>\n Popoln \u0161olski nahrbtnik, ki zdru\u017euje potreb\u0161\u010dine za obrok in u\u010denje v enem. <\/p>\n","protected":false},"featured_media":199282,"comment_status":"open","ping_status":"closed","template":"","meta":{"_acf_changed":false,"footnotes":""},"product_brand":[],"product_cat":[1398,1385],"product_tag":[],"class_list":{"0":"post-199277","1":"product","2":"type-product","3":"status-publish","4":"has-post-thumbnail","6":"product_cat-otroski-nahrbtniki","7":"product_cat-stvari-za-otroke","8":"pa_boja-modra","9":"pa_brand-citron-sl","11":"first","12":"instock","13":"shipping-taxable","14":"purchasable","15":"product-type-simple"},"bundled_by":[],"bundle_stock_status":"instock","bundle_stock_quantity":14,"bundle_virtual":false,"bundle_layout":"","bundle_add_to_cart_form_location":"","bundle_editable_in_cart":false,"bundle_sold_individually_context":"","bundle_item_grouping":"","bundle_min_size":"","bundle_max_size":"","bundle_price":[],"bundled_items":[],"bundle_sell_ids":[],"acf":[],"yoast_head":"<!-- This site is optimized with the Yoast SEO Premium plugin v21.5 (Yoast SEO v27.4) - https:\/\/yoast.com\/product\/yoast-seo-premium-wordpress\/ -->\n<title>Citron Otro\u0161ki nahrbtnik Spaceship Dusty Blue - NajNaj.eu<\/title>\n<meta name=\"robots\" content=\"index, follow, max-snippet:-1, max-image-preview:large, max-video-preview:-1\" \/>\n<link rel=\"canonical\" href=\"https:\/\/najnaj.eu\/sl\/izdelek\/citron-otroski-nahrbtnik-lemon-unicorn-blush-pink-2\/\" \/>\n<meta property=\"og:locale\" content=\"sl_SI\" \/>\n<meta property=\"og:type\" content=\"article\" \/>\n<meta property=\"og:title\" content=\"Citron Otro\u0161ki nahrbtnik Spaceship Dusty Blue\" \/>\n<meta property=\"og:description\" content=\"V otro\u0161kem nahrbtniku naj bo vse, kar ga tekom dneva veseli, poleg obvezne posode za hrano pa otroci radi vzamejo s seboj \u0161e kaj drugega. Za celodnevne izlete z dru\u017eino ali v \u0161oli je ta otro\u0161ki Nahrbtnik ponuja ve\u010d prostora za no\u0161enje ne le hrane, temve\u010d tudi obla\u010dil, igra\u010d, stekleni\u010dk ... To je to Popoln \u0161olski nahrbtnik, ki zdru\u017euje potreb\u0161\u010dine za obrok in u\u010denje v enem.\" \/>\n<meta property=\"og:url\" content=\"https:\/\/najnaj.eu\/sl\/izdelek\/citron-otroski-nahrbtnik-lemon-unicorn-blush-pink-2\/\" \/>\n<meta property=\"og:site_name\" content=\"NajNaj.eu\" \/>\n<meta property=\"article:publisher\" content=\"https:\/\/web.facebook.com\/najnaj.eu\/\" \/>\n<meta property=\"article:modified_time\" content=\"2025-06-23T12:48:14+00:00\" \/>\n<meta property=\"og:image\" content=\"https:\/\/najnaj.eu\/wp-content\/uploads\/2024\/03\/CEU1019_Spaceship-Dusty-Blue_f-Large.jpg\" \/>\n\t<meta property=\"og:image:width\" content=\"1080\" \/>\n\t<meta property=\"og:image:height\" content=\"1080\" \/>\n\t<meta property=\"og:image:type\" content=\"image\/jpeg\" \/>\n<meta name=\"twitter:card\" content=\"summary_large_image\" \/>\n<meta name=\"twitter:label1\" content=\"Price\" \/>\n\t<meta name=\"twitter:data1\" content=\"47,99&nbsp;&euro;\" \/>\n\t<meta name=\"twitter:label2\" content=\"Availability\" \/>\n\t<meta name=\"twitter:data2\" content=\"In stock\" \/>\n<script type=\"application\/ld+json\" class=\"yoast-schema-graph\">{\"@context\":\"https:\\\/\\\/schema.org\",\"@graph\":[{\"@type\":\"WebPage\",\"@id\":\"https:\\\/\\\/najnaj.eu\\\/sl\\\/izdelek\\\/citron-otroski-nahrbtnik-lemon-unicorn-blush-pink-2\\\/\",\"url\":\"https:\\\/\\\/najnaj.eu\\\/sl\\\/izdelek\\\/citron-otroski-nahrbtnik-lemon-unicorn-blush-pink-2\\\/\",\"name\":\"Citron Otro\u0161ki nahrbtnik Spaceship Dusty Blue - NajNaj.eu\",\"isPartOf\":{\"@id\":\"https:\\\/\\\/najnaj.eu\\\/sl\\\/#website\"},\"primaryImageOfPage\":{\"@id\":\"https:\\\/\\\/najnaj.eu\\\/sl\\\/izdelek\\\/citron-otroski-nahrbtnik-lemon-unicorn-blush-pink-2\\\/#primaryimage\"},\"image\":{\"@id\":\"https:\\\/\\\/najnaj.eu\\\/sl\\\/izdelek\\\/citron-otroski-nahrbtnik-lemon-unicorn-blush-pink-2\\\/#primaryimage\"},\"thumbnailUrl\":\"https:\\\/\\\/najnaj.eu\\\/wp-content\\\/uploads\\\/2024\\\/03\\\/CEU1019_Spaceship-Dusty-Blue_f-Large.jpg\",\"datePublished\":\"2024-03-07T14:49:54+00:00\",\"dateModified\":\"2025-06-23T12:48:14+00:00\",\"breadcrumb\":{\"@id\":\"https:\\\/\\\/najnaj.eu\\\/sl\\\/izdelek\\\/citron-otroski-nahrbtnik-lemon-unicorn-blush-pink-2\\\/#breadcrumb\"},\"inLanguage\":\"sl-SI\",\"potentialAction\":[{\"@type\":\"ReadAction\",\"target\":[\"https:\\\/\\\/najnaj.eu\\\/sl\\\/izdelek\\\/citron-otroski-nahrbtnik-lemon-unicorn-blush-pink-2\\\/\"]}]},{\"@type\":\"ImageObject\",\"inLanguage\":\"sl-SI\",\"@id\":\"https:\\\/\\\/najnaj.eu\\\/sl\\\/izdelek\\\/citron-otroski-nahrbtnik-lemon-unicorn-blush-pink-2\\\/#primaryimage\",\"url\":\"https:\\\/\\\/najnaj.eu\\\/wp-content\\\/uploads\\\/2024\\\/03\\\/CEU1019_Spaceship-Dusty-Blue_f-Large.jpg\",\"contentUrl\":\"https:\\\/\\\/najnaj.eu\\\/wp-content\\\/uploads\\\/2024\\\/03\\\/CEU1019_Spaceship-Dusty-Blue_f-Large.jpg\",\"width\":1080,\"height\":1080},{\"@type\":\"BreadcrumbList\",\"@id\":\"https:\\\/\\\/najnaj.eu\\\/sl\\\/izdelek\\\/citron-otroski-nahrbtnik-lemon-unicorn-blush-pink-2\\\/#breadcrumb\",\"itemListElement\":[{\"@type\":\"ListItem\",\"position\":1,\"name\":\"Po\u010detna stranica\",\"item\":\"https:\\\/\\\/najnaj.eu\\\/sl\\\/prednja-stran\\\/\"},{\"@type\":\"ListItem\",\"position\":2,\"name\":\"Shop\",\"item\":\"https:\\\/\\\/najnaj.eu\\\/sl\\\/shop\\\/\"},{\"@type\":\"ListItem\",\"position\":3,\"name\":\"Citron Otro\u0161ki nahrbtnik Spaceship Dusty Blue\"}]},{\"@type\":\"WebSite\",\"@id\":\"https:\\\/\\\/najnaj.eu\\\/sl\\\/#website\",\"url\":\"https:\\\/\\\/najnaj.eu\\\/sl\\\/\",\"name\":\"NajNaj.eu\",\"description\":\"Za najva\u017enije!\",\"publisher\":{\"@id\":\"https:\\\/\\\/najnaj.eu\\\/sl\\\/#organization\"},\"potentialAction\":[{\"@type\":\"SearchAction\",\"target\":{\"@type\":\"EntryPoint\",\"urlTemplate\":\"https:\\\/\\\/najnaj.eu\\\/sl\\\/?s={search_term_string}\"},\"query-input\":{\"@type\":\"PropertyValueSpecification\",\"valueRequired\":true,\"valueName\":\"search_term_string\"}}],\"inLanguage\":\"sl-SI\"},{\"@type\":\"Organization\",\"@id\":\"https:\\\/\\\/najnaj.eu\\\/sl\\\/#organization\",\"name\":\"NajNaj.eu\",\"url\":\"https:\\\/\\\/najnaj.eu\\\/sl\\\/\",\"logo\":{\"@type\":\"ImageObject\",\"inLanguage\":\"sl-SI\",\"@id\":\"https:\\\/\\\/najnaj.eu\\\/sl\\\/#\\\/schema\\\/logo\\\/image\\\/\",\"url\":\"https:\\\/\\\/najnaj.eu\\\/wp-content\\\/uploads\\\/2023\\\/09\\\/logo_Najnaj_2023.svg\",\"contentUrl\":\"https:\\\/\\\/najnaj.eu\\\/wp-content\\\/uploads\\\/2023\\\/09\\\/logo_Najnaj_2023.svg\",\"width\":501,\"height\":278,\"caption\":\"NajNaj.eu\"},\"image\":{\"@id\":\"https:\\\/\\\/najnaj.eu\\\/sl\\\/#\\\/schema\\\/logo\\\/image\\\/\"},\"sameAs\":[\"https:\\\/\\\/web.facebook.com\\\/najnaj.eu\\\/\",\"https:\\\/\\\/www.instagram.com\\\/najnaj.eu\\\/\",\"https:\\\/\\\/www.tiktok.com\\\/@najnaj.eu\"]}]}<\/script>\n<meta property=\"product:brand\" content=\"Citron\" \/>\n<meta property=\"product:price:amount\" content=\"47.99\" \/>\n<meta property=\"product:price:currency\" content=\"EUR\" \/>\n<meta property=\"og:availability\" content=\"instock\" \/>\n<meta property=\"product:availability\" content=\"instock\" \/>\n<meta property=\"product:retailer_item_id\" content=\"Kids backpack_spaceship\" \/>\n<meta property=\"product:condition\" content=\"new\" \/>\n<!-- \/ Yoast SEO Premium plugin. -->","yoast_head_json":{"title":"Citron Otro\u0161ki nahrbtnik Spaceship Dusty Blue - NajNaj.eu","robots":{"index":"index","follow":"follow","max-snippet":"max-snippet:-1","max-image-preview":"max-image-preview:large","max-video-preview":"max-video-preview:-1"},"canonical":"https:\/\/najnaj.eu\/sl\/izdelek\/citron-otroski-nahrbtnik-lemon-unicorn-blush-pink-2\/","og_locale":"sl_SI","og_type":"article","og_title":"Citron Otro\u0161ki nahrbtnik Spaceship Dusty Blue","og_description":"V otro\u0161kem nahrbtniku naj bo vse, kar ga tekom dneva veseli, poleg obvezne posode za hrano pa otroci radi vzamejo s seboj \u0161e kaj drugega. Za celodnevne izlete z dru\u017eino ali v \u0161oli je ta otro\u0161ki Nahrbtnik ponuja ve\u010d prostora za no\u0161enje ne le hrane, temve\u010d tudi obla\u010dil, igra\u010d, stekleni\u010dk ... To je to Popoln \u0161olski nahrbtnik, ki zdru\u017euje potreb\u0161\u010dine za obrok in u\u010denje v enem.","og_url":"https:\/\/najnaj.eu\/sl\/izdelek\/citron-otroski-nahrbtnik-lemon-unicorn-blush-pink-2\/","og_site_name":"NajNaj.eu","article_publisher":"https:\/\/web.facebook.com\/najnaj.eu\/","article_modified_time":"2025-06-23T12:48:14+00:00","og_image":[{"width":1080,"height":1080,"url":"https:\/\/najnaj.eu\/wp-content\/uploads\/2024\/03\/CEU1019_Spaceship-Dusty-Blue_f-Large.jpg","type":"image\/jpeg"}],"twitter_card":"summary_large_image","twitter_misc":{"Price":"47,99&nbsp;&euro;","Availability":"In stock"},"schema":{"@context":"https:\/\/schema.org","@graph":[{"@type":"WebPage","@id":"https:\/\/najnaj.eu\/sl\/izdelek\/citron-otroski-nahrbtnik-lemon-unicorn-blush-pink-2\/","url":"https:\/\/najnaj.eu\/sl\/izdelek\/citron-otroski-nahrbtnik-lemon-unicorn-blush-pink-2\/","name":"Citron Otro\u0161ki nahrbtnik Spaceship Dusty Blue - NajNaj.eu","isPartOf":{"@id":"https:\/\/najnaj.eu\/sl\/#website"},"primaryImageOfPage":{"@id":"https:\/\/najnaj.eu\/sl\/izdelek\/citron-otroski-nahrbtnik-lemon-unicorn-blush-pink-2\/#primaryimage"},"image":{"@id":"https:\/\/najnaj.eu\/sl\/izdelek\/citron-otroski-nahrbtnik-lemon-unicorn-blush-pink-2\/#primaryimage"},"thumbnailUrl":"https:\/\/najnaj.eu\/wp-content\/uploads\/2024\/03\/CEU1019_Spaceship-Dusty-Blue_f-Large.jpg","datePublished":"2024-03-07T14:49:54+00:00","dateModified":"2025-06-23T12:48:14+00:00","breadcrumb":{"@id":"https:\/\/najnaj.eu\/sl\/izdelek\/citron-otroski-nahrbtnik-lemon-unicorn-blush-pink-2\/#breadcrumb"},"inLanguage":"sl-SI","potentialAction":[{"@type":"ReadAction","target":["https:\/\/najnaj.eu\/sl\/izdelek\/citron-otroski-nahrbtnik-lemon-unicorn-blush-pink-2\/"]}]},{"@type":"ImageObject","inLanguage":"sl-SI","@id":"https:\/\/najnaj.eu\/sl\/izdelek\/citron-otroski-nahrbtnik-lemon-unicorn-blush-pink-2\/#primaryimage","url":"https:\/\/najnaj.eu\/wp-content\/uploads\/2024\/03\/CEU1019_Spaceship-Dusty-Blue_f-Large.jpg","contentUrl":"https:\/\/najnaj.eu\/wp-content\/uploads\/2024\/03\/CEU1019_Spaceship-Dusty-Blue_f-Large.jpg","width":1080,"height":1080},{"@type":"BreadcrumbList","@id":"https:\/\/najnaj.eu\/sl\/izdelek\/citron-otroski-nahrbtnik-lemon-unicorn-blush-pink-2\/#breadcrumb","itemListElement":[{"@type":"ListItem","position":1,"name":"Po\u010detna stranica","item":"https:\/\/najnaj.eu\/sl\/prednja-stran\/"},{"@type":"ListItem","position":2,"name":"Shop","item":"https:\/\/najnaj.eu\/sl\/shop\/"},{"@type":"ListItem","position":3,"name":"Citron Otro\u0161ki nahrbtnik Spaceship Dusty Blue"}]},{"@type":"WebSite","@id":"https:\/\/najnaj.eu\/sl\/#website","url":"https:\/\/najnaj.eu\/sl\/","name":"NajNaj.eu","description":"Za najva\u017enije!","publisher":{"@id":"https:\/\/najnaj.eu\/sl\/#organization"},"potentialAction":[{"@type":"SearchAction","target":{"@type":"EntryPoint","urlTemplate":"https:\/\/najnaj.eu\/sl\/?s={search_term_string}"},"query-input":{"@type":"PropertyValueSpecification","valueRequired":true,"valueName":"search_term_string"}}],"inLanguage":"sl-SI"},{"@type":"Organization","@id":"https:\/\/najnaj.eu\/sl\/#organization","name":"NajNaj.eu","url":"https:\/\/najnaj.eu\/sl\/","logo":{"@type":"ImageObject","inLanguage":"sl-SI","@id":"https:\/\/najnaj.eu\/sl\/#\/schema\/logo\/image\/","url":"https:\/\/najnaj.eu\/wp-content\/uploads\/2023\/09\/logo_Najnaj_2023.svg","contentUrl":"https:\/\/najnaj.eu\/wp-content\/uploads\/2023\/09\/logo_Najnaj_2023.svg","width":501,"height":278,"caption":"NajNaj.eu"},"image":{"@id":"https:\/\/najnaj.eu\/sl\/#\/schema\/logo\/image\/"},"sameAs":["https:\/\/web.facebook.com\/najnaj.eu\/","https:\/\/www.instagram.com\/najnaj.eu\/","https:\/\/www.tiktok.com\/@najnaj.eu"]}]},"product_brand":"Citron","product_price_amount":"47.99","product_price_currency":"EUR","og_availability":"instock","product_availability":"instock","product_retailer_item_id":"Kids backpack_spaceship","product_condition":"new"},"_links":{"self":[{"href":"https:\/\/najnaj.eu\/sl\/wp-json\/wp\/v2\/product\/199277","targetHints":{"allow":["GET"]}}],"collection":[{"href":"https:\/\/najnaj.eu\/sl\/wp-json\/wp\/v2\/product"}],"about":[{"href":"https:\/\/najnaj.eu\/sl\/wp-json\/wp\/v2\/types\/product"}],"replies":[{"embeddable":true,"href":"https:\/\/najnaj.eu\/sl\/wp-json\/wp\/v2\/comments?post=199277"}],"version-history":[{"count":0,"href":"https:\/\/najnaj.eu\/sl\/wp-json\/wp\/v2\/product\/199277\/revisions"}],"wp:featuredmedia":[{"embeddable":true,"href":"https:\/\/najnaj.eu\/sl\/wp-json\/wp\/v2\/media\/199282"}],"wp:attachment":[{"href":"https:\/\/najnaj.eu\/sl\/wp-json\/wp\/v2\/media?parent=199277"}],"wp:term":[{"taxonomy":"product_brand","embeddable":true,"href":"https:\/\/najnaj.eu\/sl\/wp-json\/wp\/v2\/product_brand?post=199277"},{"taxonomy":"product_cat","embeddable":true,"href":"https:\/\/najnaj.eu\/sl\/wp-json\/wp\/v2\/product_cat?post=199277"},{"taxonomy":"product_tag","embeddable":true,"href":"https:\/\/najnaj.eu\/sl\/wp-json\/wp\/v2\/product_tag?post=199277"}],"curies":[{"name":"wp","href":"https:\/\/api.w.org\/{rel}","templated":true}]}}