{"id":197036,"date":"2024-02-02T08:10:40","date_gmt":"2024-02-02T07:10:40","guid":{"rendered":"https:\/\/najnaj.eu\/?post_type=product&#038;p=197036"},"modified":"2026-03-24T10:56:47","modified_gmt":"2026-03-24T09:56:47","slug":"ergobaby-aura-marama-sustainable-knit-twilight-navy","status":"publish","type":"product","link":"https:\/\/najnaj.eu\/sl\/izdelek\/ergobaby-aura-marama-sustainable-knit-twilight-navy\/","title":{"rendered":"\u0160al Ergobaby Aura Trajnostno pleten &#8211; Twilight Navy"},"content":{"rendered":"<p>Ruta Aura Sustainable je odli\u010dna izbira, \u010de \u017eelite svojega novorojen\u010dka dr\u017eati blizu srca v naravnem, ergonomskem polo\u017eaju.<\/p>\n<p>Rutka Ergobaby Aura Sustainable je idealna tako za za\u010detnike kot za izku\u0161ene nosilke. Z ozna\u010denim robom in oznako na sredini rute, ki olaj\u0161a zavezovanje, boste dojen\u010dka nosili na pouk. Mehka podporna tkanina dr\u017ei dojen\u010dka na mestu, blizu va\u0161ega srca, v naravnem ergonomskem polo\u017eaju v obliki \u010drke M.  <\/p>\n<p>Mehki materiali, ki hkrati nudijo pravo oporo, so kot nala\u0161\u010d za povezovanje v \u010detrtem trimese\u010dju! Ruta vam daje ob\u010dutek zra\u010dnosti, medtem ko jo v\u0161iti \u017eep, v katerega je zavita, naredi izjemno prakti\u010dno, da jo vzamete s seboj kamor koli. <\/p>\n<p><strong>Mehko in udobno<\/strong><br \/>\n Tkanina je naravno mehka in ne\u017ena do ko\u017ee novorojen\u010dka<\/p>\n<p><strong>Tkanina iz trajnostnih virov<\/strong><br \/>\n Vlakna Tencel\u2122 Lyocell so izdelana iz trajnostnega lesa in certificirana kot biorazgradljiva<\/p>\n<p><strong>Zaprta zanka proizvodnje<\/strong><br \/>\n Proizvedeno v zaprtem proizvodnem obratu, ki reciklira 99 % uporabljene vode in topil<\/p>\n<p>&nbsp;<\/p>\n","protected":false},"excerpt":{"rendered":"<p>\u0160al Aura Sustainable je izdelan iz trajnostnih in zra\u010dnih materialov, zaradi \u010desar je idealna izbira \u017ee od samega za\u010detka star\u0161evstva.<\/p>\n<p> Mehki materiali, ki hkrati zagotavljajo ustrezno oporo, so idealni za povezovanje v \u010detrtem trimese\u010dju!<\/p>\n<p> \u2022 100 % Tencel\u2122 liocel \u2013 naravno mehak in ne\u017een do ko\u017ee<br \/>\n \u2022 No\u0161enje od 3,6 kg do 11,3 kg (0\u201312 mesecev)<br \/>\n \u2022 No\u0161enje samo spredaj v troslojni tkanini<br \/>\n \u2022 Enostavno vezanje vzdol\u017e ozna\u010denih robov<br \/>\n \u2022 Prakti\u010dno za no\u0161enje zaradi v\u0161itega \u017eepa<br \/>\n \u2022 Enostavno vzdr\u017eevanje, pralno v pralnem stroju<br \/>\n \u2022 Podpira dojen\u010dka v ergonomskem polo\u017eaju \u201eM\u201c<\/p>\n","protected":false},"featured_media":197041,"comment_status":"open","ping_status":"closed","template":"","meta":{"_acf_changed":false,"footnotes":""},"product_brand":[],"product_cat":[1242,882,1234],"product_tag":[],"class_list":{"0":"post-197036","1":"product","2":"type-product","3":"status-publish","4":"has-post-thumbnail","6":"product_cat-1-polozaj-nosenja-sl","7":"product_cat-nosilke","8":"product_cat-za-prvih-godinu-dana-sl","9":"pa_boja-modra","10":"pa_brand-ergobaby-sl","12":"first","13":"outofstock","14":"purchasable","15":"product-type-simple"},"bundled_by":[],"bundle_stock_status":"outofstock","bundle_stock_quantity":0,"bundle_virtual":false,"bundle_layout":"","bundle_add_to_cart_form_location":"","bundle_editable_in_cart":false,"bundle_sold_individually_context":"","bundle_item_grouping":"","bundle_min_size":"","bundle_max_size":"","bundle_price":[],"bundled_items":[],"bundle_sell_ids":[],"acf":[],"yoast_head":"<!-- This site is optimized with the Yoast SEO Premium plugin v21.5 (Yoast SEO v27.4) - https:\/\/yoast.com\/product\/yoast-seo-premium-wordpress\/ -->\n<title>\u0160al Ergobaby Aura Trajnostno pleten - Twilight Navy - NajNaj.eu<\/title>\n<meta name=\"robots\" content=\"index, follow, max-snippet:-1, max-image-preview:large, max-video-preview:-1\" \/>\n<link rel=\"canonical\" href=\"https:\/\/najnaj.eu\/sl\/izdelek\/ergobaby-aura-marama-sustainable-knit-twilight-navy\/\" \/>\n<meta property=\"og:locale\" content=\"sl_SI\" \/>\n<meta property=\"og:type\" content=\"article\" \/>\n<meta property=\"og:title\" content=\"\u0160al Ergobaby Aura Trajnostno pleten - Twilight Navy\" \/>\n<meta property=\"og:description\" content=\"\u0160al Aura Sustainable je izdelan iz trajnostnih in zra\u010dnih materialov, zaradi \u010desar je idealna izbira \u017ee od samega za\u010detka star\u0161evstva.  Mehki materiali, ki hkrati zagotavljajo ustrezno oporo, so idealni za povezovanje v \u010detrtem trimese\u010dju!  \u2022 100 % Tencel\u2122 liocel \u2013 naravno mehak in ne\u017een do ko\u017ee \u2022 No\u0161enje od 3,6 kg do 11,3 kg (0\u201312 mesecev) \u2022 No\u0161enje samo spredaj v troslojni tkanini \u2022 Enostavno vezanje vzdol\u017e ozna\u010denih robov \u2022 Prakti\u010dno za no\u0161enje zaradi v\u0161itega \u017eepa \u2022 Enostavno vzdr\u017eevanje, pralno v pralnem stroju \u2022 Podpira dojen\u010dka v ergonomskem polo\u017eaju \u201eM\u201c\" \/>\n<meta property=\"og:url\" content=\"https:\/\/najnaj.eu\/sl\/izdelek\/ergobaby-aura-marama-sustainable-knit-twilight-navy\/\" \/>\n<meta property=\"og:site_name\" content=\"NajNaj.eu\" \/>\n<meta property=\"article:publisher\" content=\"https:\/\/web.facebook.com\/najnaj.eu\/\" \/>\n<meta property=\"article:modified_time\" content=\"2026-03-24T09:56:47+00:00\" \/>\n<meta property=\"og:image\" content=\"https:\/\/najnaj.eu\/wp-content\/uploads\/2024\/02\/aura-wrap-susbl-knit-navy-st-4380x6570-d817f0d.jpg\" \/>\n\t<meta property=\"og:image:width\" content=\"1600\" \/>\n\t<meta property=\"og:image:height\" content=\"2400\" \/>\n\t<meta property=\"og:image:type\" content=\"image\/jpeg\" \/>\n<meta name=\"twitter:card\" content=\"summary_large_image\" \/>\n<meta name=\"twitter:label1\" content=\"Price\" \/>\n\t<meta name=\"twitter:data1\" content=\"59,90&nbsp;&euro;\" \/>\n\t<meta name=\"twitter:label2\" content=\"Availability\" \/>\n\t<meta name=\"twitter:data2\" content=\"Out of stock\" \/>\n<script type=\"application\/ld+json\" class=\"yoast-schema-graph\">{\"@context\":\"https:\\\/\\\/schema.org\",\"@graph\":[{\"@type\":\"WebPage\",\"@id\":\"https:\\\/\\\/najnaj.eu\\\/sl\\\/izdelek\\\/ergobaby-aura-marama-sustainable-knit-twilight-navy\\\/\",\"url\":\"https:\\\/\\\/najnaj.eu\\\/sl\\\/izdelek\\\/ergobaby-aura-marama-sustainable-knit-twilight-navy\\\/\",\"name\":\"\u0160al Ergobaby Aura Trajnostno pleten - Twilight Navy - NajNaj.eu\",\"isPartOf\":{\"@id\":\"https:\\\/\\\/najnaj.eu\\\/sl\\\/#website\"},\"primaryImageOfPage\":{\"@id\":\"https:\\\/\\\/najnaj.eu\\\/sl\\\/izdelek\\\/ergobaby-aura-marama-sustainable-knit-twilight-navy\\\/#primaryimage\"},\"image\":{\"@id\":\"https:\\\/\\\/najnaj.eu\\\/sl\\\/izdelek\\\/ergobaby-aura-marama-sustainable-knit-twilight-navy\\\/#primaryimage\"},\"thumbnailUrl\":\"https:\\\/\\\/najnaj.eu\\\/wp-content\\\/uploads\\\/2024\\\/02\\\/aura-wrap-susbl-knit-navy-st-4380x6570-d817f0d.jpg\",\"datePublished\":\"2024-02-02T07:10:40+00:00\",\"dateModified\":\"2026-03-24T09:56:47+00:00\",\"breadcrumb\":{\"@id\":\"https:\\\/\\\/najnaj.eu\\\/sl\\\/izdelek\\\/ergobaby-aura-marama-sustainable-knit-twilight-navy\\\/#breadcrumb\"},\"inLanguage\":\"sl-SI\",\"potentialAction\":[{\"@type\":\"ReadAction\",\"target\":[\"https:\\\/\\\/najnaj.eu\\\/sl\\\/izdelek\\\/ergobaby-aura-marama-sustainable-knit-twilight-navy\\\/\"]}]},{\"@type\":\"ImageObject\",\"inLanguage\":\"sl-SI\",\"@id\":\"https:\\\/\\\/najnaj.eu\\\/sl\\\/izdelek\\\/ergobaby-aura-marama-sustainable-knit-twilight-navy\\\/#primaryimage\",\"url\":\"https:\\\/\\\/najnaj.eu\\\/wp-content\\\/uploads\\\/2024\\\/02\\\/aura-wrap-susbl-knit-navy-st-4380x6570-d817f0d.jpg\",\"contentUrl\":\"https:\\\/\\\/najnaj.eu\\\/wp-content\\\/uploads\\\/2024\\\/02\\\/aura-wrap-susbl-knit-navy-st-4380x6570-d817f0d.jpg\",\"width\":1600,\"height\":2400},{\"@type\":\"BreadcrumbList\",\"@id\":\"https:\\\/\\\/najnaj.eu\\\/sl\\\/izdelek\\\/ergobaby-aura-marama-sustainable-knit-twilight-navy\\\/#breadcrumb\",\"itemListElement\":[{\"@type\":\"ListItem\",\"position\":1,\"name\":\"Po\u010detna stranica\",\"item\":\"https:\\\/\\\/najnaj.eu\\\/sl\\\/prednja-stran\\\/\"},{\"@type\":\"ListItem\",\"position\":2,\"name\":\"Shop\",\"item\":\"https:\\\/\\\/najnaj.eu\\\/sl\\\/shop\\\/\"},{\"@type\":\"ListItem\",\"position\":3,\"name\":\"\u0160al Ergobaby Aura Trajnostno pleten &#8211; Twilight Navy\"}]},{\"@type\":\"WebSite\",\"@id\":\"https:\\\/\\\/najnaj.eu\\\/sl\\\/#website\",\"url\":\"https:\\\/\\\/najnaj.eu\\\/sl\\\/\",\"name\":\"NajNaj.eu\",\"description\":\"Za najva\u017enije!\",\"publisher\":{\"@id\":\"https:\\\/\\\/najnaj.eu\\\/sl\\\/#organization\"},\"potentialAction\":[{\"@type\":\"SearchAction\",\"target\":{\"@type\":\"EntryPoint\",\"urlTemplate\":\"https:\\\/\\\/najnaj.eu\\\/sl\\\/?s={search_term_string}\"},\"query-input\":{\"@type\":\"PropertyValueSpecification\",\"valueRequired\":true,\"valueName\":\"search_term_string\"}}],\"inLanguage\":\"sl-SI\"},{\"@type\":\"Organization\",\"@id\":\"https:\\\/\\\/najnaj.eu\\\/sl\\\/#organization\",\"name\":\"NajNaj.eu\",\"url\":\"https:\\\/\\\/najnaj.eu\\\/sl\\\/\",\"logo\":{\"@type\":\"ImageObject\",\"inLanguage\":\"sl-SI\",\"@id\":\"https:\\\/\\\/najnaj.eu\\\/sl\\\/#\\\/schema\\\/logo\\\/image\\\/\",\"url\":\"https:\\\/\\\/najnaj.eu\\\/wp-content\\\/uploads\\\/2023\\\/09\\\/logo_Najnaj_2023.svg\",\"contentUrl\":\"https:\\\/\\\/najnaj.eu\\\/wp-content\\\/uploads\\\/2023\\\/09\\\/logo_Najnaj_2023.svg\",\"width\":501,\"height\":278,\"caption\":\"NajNaj.eu\"},\"image\":{\"@id\":\"https:\\\/\\\/najnaj.eu\\\/sl\\\/#\\\/schema\\\/logo\\\/image\\\/\"},\"sameAs\":[\"https:\\\/\\\/web.facebook.com\\\/najnaj.eu\\\/\",\"https:\\\/\\\/www.instagram.com\\\/najnaj.eu\\\/\",\"https:\\\/\\\/www.tiktok.com\\\/@najnaj.eu\"]}]}<\/script>\n<meta property=\"product:brand\" content=\"Ergobaby\" \/>\n<meta property=\"product:price:amount\" content=\"59.90\" \/>\n<meta property=\"product:price:currency\" content=\"EUR\" \/>\n<meta property=\"og:availability\" content=\"out of stock\" \/>\n<meta property=\"product:availability\" content=\"out of stock\" \/>\n<meta property=\"product:retailer_item_id\" content=\"WLASKTWINVY\" \/>\n<meta property=\"product:condition\" content=\"new\" \/>\n<!-- \/ Yoast SEO Premium plugin. -->","yoast_head_json":{"title":"\u0160al Ergobaby Aura Trajnostno pleten - Twilight Navy - NajNaj.eu","robots":{"index":"index","follow":"follow","max-snippet":"max-snippet:-1","max-image-preview":"max-image-preview:large","max-video-preview":"max-video-preview:-1"},"canonical":"https:\/\/najnaj.eu\/sl\/izdelek\/ergobaby-aura-marama-sustainable-knit-twilight-navy\/","og_locale":"sl_SI","og_type":"article","og_title":"\u0160al Ergobaby Aura Trajnostno pleten - Twilight Navy","og_description":"\u0160al Aura Sustainable je izdelan iz trajnostnih in zra\u010dnih materialov, zaradi \u010desar je idealna izbira \u017ee od samega za\u010detka star\u0161evstva.  Mehki materiali, ki hkrati zagotavljajo ustrezno oporo, so idealni za povezovanje v \u010detrtem trimese\u010dju!  \u2022 100 % Tencel\u2122 liocel \u2013 naravno mehak in ne\u017een do ko\u017ee \u2022 No\u0161enje od 3,6 kg do 11,3 kg (0\u201312 mesecev) \u2022 No\u0161enje samo spredaj v troslojni tkanini \u2022 Enostavno vezanje vzdol\u017e ozna\u010denih robov \u2022 Prakti\u010dno za no\u0161enje zaradi v\u0161itega \u017eepa \u2022 Enostavno vzdr\u017eevanje, pralno v pralnem stroju \u2022 Podpira dojen\u010dka v ergonomskem polo\u017eaju \u201eM\u201c","og_url":"https:\/\/najnaj.eu\/sl\/izdelek\/ergobaby-aura-marama-sustainable-knit-twilight-navy\/","og_site_name":"NajNaj.eu","article_publisher":"https:\/\/web.facebook.com\/najnaj.eu\/","article_modified_time":"2026-03-24T09:56:47+00:00","og_image":[{"width":1600,"height":2400,"url":"https:\/\/najnaj.eu\/wp-content\/uploads\/2024\/02\/aura-wrap-susbl-knit-navy-st-4380x6570-d817f0d.jpg","type":"image\/jpeg"}],"twitter_card":"summary_large_image","twitter_misc":{"Price":"59,90&nbsp;&euro;","Availability":"Out of stock"},"schema":{"@context":"https:\/\/schema.org","@graph":[{"@type":"WebPage","@id":"https:\/\/najnaj.eu\/sl\/izdelek\/ergobaby-aura-marama-sustainable-knit-twilight-navy\/","url":"https:\/\/najnaj.eu\/sl\/izdelek\/ergobaby-aura-marama-sustainable-knit-twilight-navy\/","name":"\u0160al Ergobaby Aura Trajnostno pleten - Twilight Navy - NajNaj.eu","isPartOf":{"@id":"https:\/\/najnaj.eu\/sl\/#website"},"primaryImageOfPage":{"@id":"https:\/\/najnaj.eu\/sl\/izdelek\/ergobaby-aura-marama-sustainable-knit-twilight-navy\/#primaryimage"},"image":{"@id":"https:\/\/najnaj.eu\/sl\/izdelek\/ergobaby-aura-marama-sustainable-knit-twilight-navy\/#primaryimage"},"thumbnailUrl":"https:\/\/najnaj.eu\/wp-content\/uploads\/2024\/02\/aura-wrap-susbl-knit-navy-st-4380x6570-d817f0d.jpg","datePublished":"2024-02-02T07:10:40+00:00","dateModified":"2026-03-24T09:56:47+00:00","breadcrumb":{"@id":"https:\/\/najnaj.eu\/sl\/izdelek\/ergobaby-aura-marama-sustainable-knit-twilight-navy\/#breadcrumb"},"inLanguage":"sl-SI","potentialAction":[{"@type":"ReadAction","target":["https:\/\/najnaj.eu\/sl\/izdelek\/ergobaby-aura-marama-sustainable-knit-twilight-navy\/"]}]},{"@type":"ImageObject","inLanguage":"sl-SI","@id":"https:\/\/najnaj.eu\/sl\/izdelek\/ergobaby-aura-marama-sustainable-knit-twilight-navy\/#primaryimage","url":"https:\/\/najnaj.eu\/wp-content\/uploads\/2024\/02\/aura-wrap-susbl-knit-navy-st-4380x6570-d817f0d.jpg","contentUrl":"https:\/\/najnaj.eu\/wp-content\/uploads\/2024\/02\/aura-wrap-susbl-knit-navy-st-4380x6570-d817f0d.jpg","width":1600,"height":2400},{"@type":"BreadcrumbList","@id":"https:\/\/najnaj.eu\/sl\/izdelek\/ergobaby-aura-marama-sustainable-knit-twilight-navy\/#breadcrumb","itemListElement":[{"@type":"ListItem","position":1,"name":"Po\u010detna stranica","item":"https:\/\/najnaj.eu\/sl\/prednja-stran\/"},{"@type":"ListItem","position":2,"name":"Shop","item":"https:\/\/najnaj.eu\/sl\/shop\/"},{"@type":"ListItem","position":3,"name":"\u0160al Ergobaby Aura Trajnostno pleten &#8211; Twilight Navy"}]},{"@type":"WebSite","@id":"https:\/\/najnaj.eu\/sl\/#website","url":"https:\/\/najnaj.eu\/sl\/","name":"NajNaj.eu","description":"Za najva\u017enije!","publisher":{"@id":"https:\/\/najnaj.eu\/sl\/#organization"},"potentialAction":[{"@type":"SearchAction","target":{"@type":"EntryPoint","urlTemplate":"https:\/\/najnaj.eu\/sl\/?s={search_term_string}"},"query-input":{"@type":"PropertyValueSpecification","valueRequired":true,"valueName":"search_term_string"}}],"inLanguage":"sl-SI"},{"@type":"Organization","@id":"https:\/\/najnaj.eu\/sl\/#organization","name":"NajNaj.eu","url":"https:\/\/najnaj.eu\/sl\/","logo":{"@type":"ImageObject","inLanguage":"sl-SI","@id":"https:\/\/najnaj.eu\/sl\/#\/schema\/logo\/image\/","url":"https:\/\/najnaj.eu\/wp-content\/uploads\/2023\/09\/logo_Najnaj_2023.svg","contentUrl":"https:\/\/najnaj.eu\/wp-content\/uploads\/2023\/09\/logo_Najnaj_2023.svg","width":501,"height":278,"caption":"NajNaj.eu"},"image":{"@id":"https:\/\/najnaj.eu\/sl\/#\/schema\/logo\/image\/"},"sameAs":["https:\/\/web.facebook.com\/najnaj.eu\/","https:\/\/www.instagram.com\/najnaj.eu\/","https:\/\/www.tiktok.com\/@najnaj.eu"]}]},"product_brand":"Ergobaby","product_price_amount":"59.90","product_price_currency":"EUR","og_availability":"out of stock","product_availability":"out of stock","product_retailer_item_id":"WLASKTWINVY","product_condition":"new"},"_links":{"self":[{"href":"https:\/\/najnaj.eu\/sl\/wp-json\/wp\/v2\/product\/197036","targetHints":{"allow":["GET"]}}],"collection":[{"href":"https:\/\/najnaj.eu\/sl\/wp-json\/wp\/v2\/product"}],"about":[{"href":"https:\/\/najnaj.eu\/sl\/wp-json\/wp\/v2\/types\/product"}],"replies":[{"embeddable":true,"href":"https:\/\/najnaj.eu\/sl\/wp-json\/wp\/v2\/comments?post=197036"}],"version-history":[{"count":0,"href":"https:\/\/najnaj.eu\/sl\/wp-json\/wp\/v2\/product\/197036\/revisions"}],"wp:featuredmedia":[{"embeddable":true,"href":"https:\/\/najnaj.eu\/sl\/wp-json\/wp\/v2\/media\/197041"}],"wp:attachment":[{"href":"https:\/\/najnaj.eu\/sl\/wp-json\/wp\/v2\/media?parent=197036"}],"wp:term":[{"taxonomy":"product_brand","embeddable":true,"href":"https:\/\/najnaj.eu\/sl\/wp-json\/wp\/v2\/product_brand?post=197036"},{"taxonomy":"product_cat","embeddable":true,"href":"https:\/\/najnaj.eu\/sl\/wp-json\/wp\/v2\/product_cat?post=197036"},{"taxonomy":"product_tag","embeddable":true,"href":"https:\/\/najnaj.eu\/sl\/wp-json\/wp\/v2\/product_tag?post=197036"}],"curies":[{"name":"wp","href":"https:\/\/api.w.org\/{rel}","templated":true}]}}