{"id":195378,"date":"2017-11-02T23:00:00","date_gmt":"2017-11-02T22:00:00","guid":{"rendered":"https:\/\/najnaj.eu\/proizvod\/izi-modular-i-size-baza\/"},"modified":"2025-04-14T09:46:32","modified_gmt":"2025-04-14T07:46:32","slug":"izi-modular-i-size-baza","status":"publish","type":"product","link":"https:\/\/najnaj.eu\/sl\/izdelek\/izi-modular-i-size-baza\/","title":{"rendered":"iZi Modular i-Size, baza"},"content":{"rendered":"<p>Ena podlaga od 40 do 105 cm (0-4 leta)<\/p>\n<p>Podno\u017eje BeSafe iZi Go Modular i-Size je del inovativnega varnostnega sistema BeSafe: <strong>iZi Modular<\/strong> . Ta sistem zagotavlja re\u0161itev 3v1 za otroke od rojstva do 4. leta starosti.<br \/>\nSistem je sestavljen iz podstavka ISOfix in pripadajo\u010dih avtosede\u017eev, ki se namestijo na podstavek: avtosede\u017ea BeSafe iZi Go Modular i-Size za novorojen\u010dke (za otroke od 40 do 75 cm vi\u0161ine, tj. od pribli\u017eno 0 do 12 mesecev) in avto sede\u017ei za starej\u0161e otroke BeSafe iZi Modular i-Size (za otroke od 61 do 105 cm vi\u0161ine, tj. od pribli\u017eno 6 mesecev do 4 let).<\/p>\n<p>BeSafe iZi Go Modular i-Size je v avtu vedno name\u0161\u010den v nasprotni smeri od smeri vo\u017enje, avtosede\u017e za ve\u010dje otroke BeSafe iZi Modular i-Size za otroke od 61 do 105 cm vi\u0161ine pa lahko uporabljate v smeri nasproti smeri vo\u017enje, za otroke od 88 do 105 cm pa se lahko namesti tudi v smeri vo\u017enje.<\/p>\n<p>&nbsp;<\/p>\n<p>HITRA IN ENOSTAVNA NAMESTITEV V AVTO<\/p>\n<p>Modularna osnova ISOfix omogo\u010da enostavno namestitev v avto.<br \/>\nBeSafe iZi Modular i-Size ISOfix podstavek ima nastavljive ISOfix ro\u010daje, s katerimi lahko podstavek odmaknete ali pribli\u017eate naslonjalu avtosede\u017ea in tako pove\u010date prostor za otrokove noge ali naredite ve\u010d prostora v avtomobilu. Podstavek ima barvne indikatorje in zvo\u010dne indikatorje, ki zagotavljajo pravilno namestitev, v sredi\u0161\u010du pozornosti pa sta varnost in prakti\u010dnost.<\/p>\n<p>Sprednja opora je prilo\u017eena avtosede\u017eu za starej\u0161ega otroka in jo je treba vstaviti v podstavek na predvidenem mestu, ko se podstavek uporablja z modularnim avtosede\u017eem (61-105 cm).<\/p>\n<p>&nbsp;<\/p>\n<p>PREDPIS UN R129 (I-SIZE)<\/p>\n<p>Celoten varnostni sistem iZi Modular i-Size je odobren v skladu z najstro\u017ejimi in najnovej\u0161imi predpisi za otro\u0161ke avtosede\u017ee \u2013 UN R129 (i-Size).<\/p>\n<p>Oba avtosede\u017ea \u2013 za dojen\u010dke in za starej\u0161e otroke, se enostavno namestita in odstranita iz podstavka z enim klikom.<\/p>\n<p>&nbsp;<\/p>\n<p>&nbsp;<\/p>\n","protected":false},"excerpt":{"rendered":"<p><strong>iZi Modular &#8211; Tri v enem<\/strong><br \/>\nPodstavek iZi Modular i-Size je zdru\u017eljiv z obema modularnima avtosede\u017eema: <strong>iZi Go Modular<\/strong> in <strong>iZi Modular<\/strong><\/p>\n<p>&nbsp;<\/p>\n","protected":false},"featured_media":153798,"comment_status":"open","ping_status":"closed","template":"","meta":{"_acf_changed":false,"footnotes":""},"product_brand":[],"product_cat":[1204],"product_tag":[],"class_list":{"0":"post-195378","1":"product","2":"type-product","3":"status-publish","4":"has-post-thumbnail","6":"product_cat-avto-sedezi","8":"first","9":"instock","10":"purchasable","11":"product-type-simple"},"bundled_by":[],"bundle_stock_status":"instock","bundle_stock_quantity":6,"bundle_virtual":false,"bundle_layout":"","bundle_add_to_cart_form_location":"","bundle_editable_in_cart":false,"bundle_sold_individually_context":"","bundle_item_grouping":"","bundle_min_size":"","bundle_max_size":"","bundle_price":[],"bundled_items":[],"bundle_sell_ids":[],"acf":[],"yoast_head":"<!-- This site is optimized with the Yoast SEO Premium plugin v21.5 (Yoast SEO v27.3) - https:\/\/yoast.com\/product\/yoast-seo-premium-wordpress\/ -->\n<title>iZi Modular i-Size, baza - NajNaj.eu<\/title>\n<meta name=\"robots\" content=\"index, follow, max-snippet:-1, max-image-preview:large, max-video-preview:-1\" \/>\n<link rel=\"canonical\" href=\"https:\/\/najnaj.eu\/sl\/izdelek\/izi-modular-i-size-baza\/\" \/>\n<meta property=\"og:locale\" content=\"sl_SI\" \/>\n<meta property=\"og:type\" content=\"article\" \/>\n<meta property=\"og:title\" content=\"iZi Modular i-Size, baza\" \/>\n<meta property=\"og:description\" content=\"iZi Modular - Tri v enem Podstavek iZi Modular i-Size je zdru\u017eljiv z obema modularnima avtosede\u017eema: iZi Go Modular in iZi Modular &nbsp;\" \/>\n<meta property=\"og:url\" content=\"https:\/\/najnaj.eu\/sl\/izdelek\/izi-modular-i-size-baza\/\" \/>\n<meta property=\"og:site_name\" content=\"NajNaj.eu\" \/>\n<meta property=\"article:publisher\" content=\"https:\/\/web.facebook.com\/najnaj.eu\/\" \/>\n<meta property=\"article:modified_time\" content=\"2025-04-14T07:46:32+00:00\" \/>\n<meta property=\"og:image\" content=\"https:\/\/najnaj.eu\/wp-content\/uploads\/2023\/08\/iZi-Modular-baza.jpg\" \/>\n\t<meta property=\"og:image:width\" content=\"2160\" \/>\n\t<meta property=\"og:image:height\" content=\"1440\" \/>\n\t<meta property=\"og:image:type\" content=\"image\/jpeg\" \/>\n<meta name=\"twitter:card\" content=\"summary_large_image\" \/>\n<meta name=\"twitter:label1\" content=\"Price\" \/>\n\t<meta name=\"twitter:data1\" content=\"259,00&nbsp;&euro;\" \/>\n\t<meta name=\"twitter:label2\" content=\"Availability\" \/>\n\t<meta name=\"twitter:data2\" content=\"In stock\" \/>\n<script type=\"application\/ld+json\" class=\"yoast-schema-graph\">{\"@context\":\"https:\\\/\\\/schema.org\",\"@graph\":[{\"@type\":\"WebPage\",\"@id\":\"https:\\\/\\\/najnaj.eu\\\/sl\\\/izdelek\\\/izi-modular-i-size-baza\\\/\",\"url\":\"https:\\\/\\\/najnaj.eu\\\/sl\\\/izdelek\\\/izi-modular-i-size-baza\\\/\",\"name\":\"iZi Modular i-Size, baza - NajNaj.eu\",\"isPartOf\":{\"@id\":\"https:\\\/\\\/najnaj.eu\\\/sl\\\/#website\"},\"primaryImageOfPage\":{\"@id\":\"https:\\\/\\\/najnaj.eu\\\/sl\\\/izdelek\\\/izi-modular-i-size-baza\\\/#primaryimage\"},\"image\":{\"@id\":\"https:\\\/\\\/najnaj.eu\\\/sl\\\/izdelek\\\/izi-modular-i-size-baza\\\/#primaryimage\"},\"thumbnailUrl\":\"https:\\\/\\\/najnaj.eu\\\/wp-content\\\/uploads\\\/2023\\\/08\\\/iZi-Modular-baza.jpg\",\"datePublished\":\"2017-11-02T22:00:00+00:00\",\"dateModified\":\"2025-04-14T07:46:32+00:00\",\"breadcrumb\":{\"@id\":\"https:\\\/\\\/najnaj.eu\\\/sl\\\/izdelek\\\/izi-modular-i-size-baza\\\/#breadcrumb\"},\"inLanguage\":\"sl-SI\",\"potentialAction\":[{\"@type\":\"ReadAction\",\"target\":[\"https:\\\/\\\/najnaj.eu\\\/sl\\\/izdelek\\\/izi-modular-i-size-baza\\\/\"]}]},{\"@type\":\"ImageObject\",\"inLanguage\":\"sl-SI\",\"@id\":\"https:\\\/\\\/najnaj.eu\\\/sl\\\/izdelek\\\/izi-modular-i-size-baza\\\/#primaryimage\",\"url\":\"https:\\\/\\\/najnaj.eu\\\/wp-content\\\/uploads\\\/2023\\\/08\\\/iZi-Modular-baza.jpg\",\"contentUrl\":\"https:\\\/\\\/najnaj.eu\\\/wp-content\\\/uploads\\\/2023\\\/08\\\/iZi-Modular-baza.jpg\",\"width\":2160,\"height\":1440},{\"@type\":\"BreadcrumbList\",\"@id\":\"https:\\\/\\\/najnaj.eu\\\/sl\\\/izdelek\\\/izi-modular-i-size-baza\\\/#breadcrumb\",\"itemListElement\":[{\"@type\":\"ListItem\",\"position\":1,\"name\":\"Po\u010detna stranica\",\"item\":\"https:\\\/\\\/najnaj.eu\\\/sl\\\/prednja-stran\\\/\"},{\"@type\":\"ListItem\",\"position\":2,\"name\":\"Shop\",\"item\":\"https:\\\/\\\/najnaj.eu\\\/sl\\\/shop\\\/\"},{\"@type\":\"ListItem\",\"position\":3,\"name\":\"iZi Modular i-Size, baza\"}]},{\"@type\":\"WebSite\",\"@id\":\"https:\\\/\\\/najnaj.eu\\\/sl\\\/#website\",\"url\":\"https:\\\/\\\/najnaj.eu\\\/sl\\\/\",\"name\":\"NajNaj.eu\",\"description\":\"Za najva\u017enije!\",\"publisher\":{\"@id\":\"https:\\\/\\\/najnaj.eu\\\/sl\\\/#organization\"},\"potentialAction\":[{\"@type\":\"SearchAction\",\"target\":{\"@type\":\"EntryPoint\",\"urlTemplate\":\"https:\\\/\\\/najnaj.eu\\\/sl\\\/?s={search_term_string}\"},\"query-input\":{\"@type\":\"PropertyValueSpecification\",\"valueRequired\":true,\"valueName\":\"search_term_string\"}}],\"inLanguage\":\"sl-SI\"},{\"@type\":\"Organization\",\"@id\":\"https:\\\/\\\/najnaj.eu\\\/sl\\\/#organization\",\"name\":\"NajNaj.eu\",\"url\":\"https:\\\/\\\/najnaj.eu\\\/sl\\\/\",\"logo\":{\"@type\":\"ImageObject\",\"inLanguage\":\"sl-SI\",\"@id\":\"https:\\\/\\\/najnaj.eu\\\/sl\\\/#\\\/schema\\\/logo\\\/image\\\/\",\"url\":\"https:\\\/\\\/najnaj.eu\\\/wp-content\\\/uploads\\\/2023\\\/09\\\/logo_Najnaj_2023.svg\",\"contentUrl\":\"https:\\\/\\\/najnaj.eu\\\/wp-content\\\/uploads\\\/2023\\\/09\\\/logo_Najnaj_2023.svg\",\"width\":501,\"height\":278,\"caption\":\"NajNaj.eu\"},\"image\":{\"@id\":\"https:\\\/\\\/najnaj.eu\\\/sl\\\/#\\\/schema\\\/logo\\\/image\\\/\"},\"sameAs\":[\"https:\\\/\\\/web.facebook.com\\\/najnaj.eu\\\/\",\"https:\\\/\\\/www.instagram.com\\\/najnaj.eu\\\/\",\"https:\\\/\\\/www.tiktok.com\\\/@najnaj.eu\"]}]}<\/script>\n<meta property=\"product:price:amount\" content=\"259.00\" \/>\n<meta property=\"product:price:currency\" content=\"EUR\" \/>\n<meta property=\"og:availability\" content=\"instock\" \/>\n<meta property=\"product:availability\" content=\"instock\" \/>\n<meta property=\"product:retailer_item_id\" content=\"11009877\" \/>\n<meta property=\"product:condition\" content=\"new\" \/>\n<!-- \/ Yoast SEO Premium plugin. -->","yoast_head_json":{"title":"iZi Modular i-Size, baza - NajNaj.eu","robots":{"index":"index","follow":"follow","max-snippet":"max-snippet:-1","max-image-preview":"max-image-preview:large","max-video-preview":"max-video-preview:-1"},"canonical":"https:\/\/najnaj.eu\/sl\/izdelek\/izi-modular-i-size-baza\/","og_locale":"sl_SI","og_type":"article","og_title":"iZi Modular i-Size, baza","og_description":"iZi Modular - Tri v enem Podstavek iZi Modular i-Size je zdru\u017eljiv z obema modularnima avtosede\u017eema: iZi Go Modular in iZi Modular &nbsp;","og_url":"https:\/\/najnaj.eu\/sl\/izdelek\/izi-modular-i-size-baza\/","og_site_name":"NajNaj.eu","article_publisher":"https:\/\/web.facebook.com\/najnaj.eu\/","article_modified_time":"2025-04-14T07:46:32+00:00","og_image":[{"width":2160,"height":1440,"url":"https:\/\/najnaj.eu\/wp-content\/uploads\/2023\/08\/iZi-Modular-baza.jpg","type":"image\/jpeg"}],"twitter_card":"summary_large_image","twitter_misc":{"Price":"259,00&nbsp;&euro;","Availability":"In stock"},"schema":{"@context":"https:\/\/schema.org","@graph":[{"@type":"WebPage","@id":"https:\/\/najnaj.eu\/sl\/izdelek\/izi-modular-i-size-baza\/","url":"https:\/\/najnaj.eu\/sl\/izdelek\/izi-modular-i-size-baza\/","name":"iZi Modular i-Size, baza - NajNaj.eu","isPartOf":{"@id":"https:\/\/najnaj.eu\/sl\/#website"},"primaryImageOfPage":{"@id":"https:\/\/najnaj.eu\/sl\/izdelek\/izi-modular-i-size-baza\/#primaryimage"},"image":{"@id":"https:\/\/najnaj.eu\/sl\/izdelek\/izi-modular-i-size-baza\/#primaryimage"},"thumbnailUrl":"https:\/\/najnaj.eu\/wp-content\/uploads\/2023\/08\/iZi-Modular-baza.jpg","datePublished":"2017-11-02T22:00:00+00:00","dateModified":"2025-04-14T07:46:32+00:00","breadcrumb":{"@id":"https:\/\/najnaj.eu\/sl\/izdelek\/izi-modular-i-size-baza\/#breadcrumb"},"inLanguage":"sl-SI","potentialAction":[{"@type":"ReadAction","target":["https:\/\/najnaj.eu\/sl\/izdelek\/izi-modular-i-size-baza\/"]}]},{"@type":"ImageObject","inLanguage":"sl-SI","@id":"https:\/\/najnaj.eu\/sl\/izdelek\/izi-modular-i-size-baza\/#primaryimage","url":"https:\/\/najnaj.eu\/wp-content\/uploads\/2023\/08\/iZi-Modular-baza.jpg","contentUrl":"https:\/\/najnaj.eu\/wp-content\/uploads\/2023\/08\/iZi-Modular-baza.jpg","width":2160,"height":1440},{"@type":"BreadcrumbList","@id":"https:\/\/najnaj.eu\/sl\/izdelek\/izi-modular-i-size-baza\/#breadcrumb","itemListElement":[{"@type":"ListItem","position":1,"name":"Po\u010detna stranica","item":"https:\/\/najnaj.eu\/sl\/prednja-stran\/"},{"@type":"ListItem","position":2,"name":"Shop","item":"https:\/\/najnaj.eu\/sl\/shop\/"},{"@type":"ListItem","position":3,"name":"iZi Modular i-Size, baza"}]},{"@type":"WebSite","@id":"https:\/\/najnaj.eu\/sl\/#website","url":"https:\/\/najnaj.eu\/sl\/","name":"NajNaj.eu","description":"Za najva\u017enije!","publisher":{"@id":"https:\/\/najnaj.eu\/sl\/#organization"},"potentialAction":[{"@type":"SearchAction","target":{"@type":"EntryPoint","urlTemplate":"https:\/\/najnaj.eu\/sl\/?s={search_term_string}"},"query-input":{"@type":"PropertyValueSpecification","valueRequired":true,"valueName":"search_term_string"}}],"inLanguage":"sl-SI"},{"@type":"Organization","@id":"https:\/\/najnaj.eu\/sl\/#organization","name":"NajNaj.eu","url":"https:\/\/najnaj.eu\/sl\/","logo":{"@type":"ImageObject","inLanguage":"sl-SI","@id":"https:\/\/najnaj.eu\/sl\/#\/schema\/logo\/image\/","url":"https:\/\/najnaj.eu\/wp-content\/uploads\/2023\/09\/logo_Najnaj_2023.svg","contentUrl":"https:\/\/najnaj.eu\/wp-content\/uploads\/2023\/09\/logo_Najnaj_2023.svg","width":501,"height":278,"caption":"NajNaj.eu"},"image":{"@id":"https:\/\/najnaj.eu\/sl\/#\/schema\/logo\/image\/"},"sameAs":["https:\/\/web.facebook.com\/najnaj.eu\/","https:\/\/www.instagram.com\/najnaj.eu\/","https:\/\/www.tiktok.com\/@najnaj.eu"]}]},"product_price_amount":"259.00","product_price_currency":"EUR","og_availability":"instock","product_availability":"instock","product_retailer_item_id":"11009877","product_condition":"new"},"_links":{"self":[{"href":"https:\/\/najnaj.eu\/sl\/wp-json\/wp\/v2\/product\/195378","targetHints":{"allow":["GET"]}}],"collection":[{"href":"https:\/\/najnaj.eu\/sl\/wp-json\/wp\/v2\/product"}],"about":[{"href":"https:\/\/najnaj.eu\/sl\/wp-json\/wp\/v2\/types\/product"}],"replies":[{"embeddable":true,"href":"https:\/\/najnaj.eu\/sl\/wp-json\/wp\/v2\/comments?post=195378"}],"version-history":[{"count":0,"href":"https:\/\/najnaj.eu\/sl\/wp-json\/wp\/v2\/product\/195378\/revisions"}],"wp:featuredmedia":[{"embeddable":true,"href":"https:\/\/najnaj.eu\/sl\/wp-json\/wp\/v2\/media\/153798"}],"wp:attachment":[{"href":"https:\/\/najnaj.eu\/sl\/wp-json\/wp\/v2\/media?parent=195378"}],"wp:term":[{"taxonomy":"product_brand","embeddable":true,"href":"https:\/\/najnaj.eu\/sl\/wp-json\/wp\/v2\/product_brand?post=195378"},{"taxonomy":"product_cat","embeddable":true,"href":"https:\/\/najnaj.eu\/sl\/wp-json\/wp\/v2\/product_cat?post=195378"},{"taxonomy":"product_tag","embeddable":true,"href":"https:\/\/najnaj.eu\/sl\/wp-json\/wp\/v2\/product_tag?post=195378"}],"curies":[{"name":"wp","href":"https:\/\/api.w.org\/{rel}","templated":true}]}}