{"id":195377,"date":"2017-11-02T23:00:00","date_gmt":"2017-11-02T22:00:00","guid":{"rendered":"https:\/\/najnaj.eu\/proizvod\/pas-za-nosecnice\/"},"modified":"2026-04-24T04:51:11","modified_gmt":"2026-04-24T02:51:11","slug":"pas-za-nosecnice","status":"publish","type":"product","link":"https:\/\/najnaj.eu\/sl\/izdelek\/pas-za-nosecnice\/","title":{"rendered":"Pas za nose\u010dnice"},"content":{"rendered":"<p><strong>Zagotavlja varno potovanje za nose\u010dnice in spodbuja uporabo varnostnega pasu med nose\u010dnostjo  <\/strong><\/p>\n<p><span style=\"font-size: 16.2px;\">Nose\u010dni\u0161ki pas BeSafe ne moti osnovne varnostne zmogljivosti 3-to\u010dkovnega avtomobilskega varnostnega pasu, pomaga pa pravilno namestiti medeni\u010dni del pasu, tako da vedno \u0161\u010diti nerojenega otroka. Nose\u010dni\u0161ki pas iZi FIX BeSafe je zaradi va\u0161e varnosti testiran na trke.  <\/span><\/p>\n<p><strong>Pove\u010dana varnost za nerojenega otroka  <\/strong><\/p>\n<p>Nose\u010dni\u0161ki pas ohranja varnostni pas avtomobila v pravilnem polo\u017eaju na telesu, tako da je mati pravilno pripeta, medeni\u010dni pas pa je hkrati stran od njenega trebuha in nerojenega otroka. V primeru trka odrasel \u010dlovek tehta od 3 do 5 ton. Dojen\u010dek je polo\u017een v sprednji del trebuha in je tako izpostavljen velikim obremenitvam. Za za\u0161\u010dito dojen\u010dka pred po\u0161kodbami, ki jih povzro\u010di varnostni pas avtomobila, zato pas za nose\u010dnice BeSafe pas namesti pod trebuh in dojen\u010dka ter \u010dez boke.<\/p>\n<p><strong>Pove\u010dano udobje in uporabnost<\/strong><\/p>\n<p>BeSafe pas za nose\u010dnice iZi FIX poleg za\u0161\u010dite nerojenega otroka pove\u010da tudi udobje bodo\u010de mamice, saj zmanj\u0161a neprijeten pritisk na trebuh in mehur med potovanjem. Izbolj\u0161ana medno\u017ena sponka za vstavljanje pasu zagotavlja, da je pas pod trebuhom, kar nose\u010dnici omogo\u010da nagibanje naprej in enostavno vsakodnevno uporabo<\/p>\n<p><strong>Uporablja se lahko na skoraj vseh avtomobilskih sede\u017eih<\/strong><\/p>\n<p>BeSafe pas za nose\u010dnice iZi FIX je enostavno namestiti na skoraj vse avtomobilske sede\u017ee. Pas lahko namestite na ISOfix konektorje na sede\u017eih ali namestite s prilo\u017eenim trakom.<\/p>\n<p><a href=\"https:\/\/www.besafe.hr\/wp-content\/uploads\/2017\/11\/illustrasjon_gravid_small-1.slika_.jpg\"><img loading=\"lazy\" decoding=\"async\" class=\"alignleft size-full wp-image-6995\" src=\"https:\/\/www.besafe.hr\/wp-content\/uploads\/2017\/11\/illustrasjon_gravid_small-1.slika_.jpg\" alt=\"\" width=\"150\" height=\"125\"><\/a><\/p>\n<p>&nbsp;<\/p>\n<p>&nbsp;<\/p>\n<p>&nbsp;<\/p>\n<p>&nbsp;<\/p>\n<p><strong>Namestitev z nastavljivim trakom in 3-to\u010dkovnim avtomobilskim varnostnim pasom<\/strong><\/p>\n<p>Nose\u010dni\u0161ki pas iZi FIX lahko uporabljate na prednjem sede\u017eu, namestite ga s pomo\u010djo prilo\u017eenega traku za prilagajanje. Preprosta zaponka omogo\u010da enostavno premikanje varnostnega pasu z enega sede\u017ea na drugega<\/p>\n<p><a href=\"https:\/\/www.besafe.hr\/wp-content\/uploads\/2017\/11\/installation-pregnant-izi-fix-3-point-car-belt_width-2.slika_.jpg\"><img loading=\"lazy\" decoding=\"async\" class=\"alignleft size-full wp-image-6991\" src=\"https:\/\/www.besafe.hr\/wp-content\/uploads\/2017\/11\/installation-pregnant-izi-fix-3-point-car-belt_width-2.slika_.jpg\" alt=\"\" width=\"500\" height=\"139\"><\/a><\/p>\n<p>&nbsp;<\/p>\n<p>&nbsp;<\/p>\n<p>&nbsp;<\/p>\n<p>&nbsp;<\/p>\n<p><strong>Namestitev z ISOfix konektorji in 3-to\u010dkovnim avtomobilskim varnostnim pasom  <\/strong><\/p>\n<p>Kliknite na priklju\u010dne to\u010dke ISOfix v avtomobilu in nose\u010dni\u0161ki pas je pripravljen za uporabo.<\/p>\n<p><a href=\"https:\/\/www.besafe.hr\/wp-content\/uploads\/2017\/11\/installation-with-isofix-and-3-point-car-belt_width-3-slika.jpg\"><img loading=\"lazy\" decoding=\"async\" class=\"alignleft size-full wp-image-6993\" src=\"https:\/\/www.besafe.hr\/wp-content\/uploads\/2017\/11\/installation-with-isofix-and-3-point-car-belt_width-3-slika.jpg\" alt=\"\" width=\"500\" height=\"139\"><\/a><\/p>\n","protected":false},"excerpt":{"rendered":"<p><strong>En pas &#8211; dve \u017eivljenji<\/strong><br \/>\nPriporo\u010dljivo: od drugega meseca nose\u010dnosti<br \/>\nNamestitev: ISOfix in avtomobilski pas s trito\u010dkovnim pritrdi\u0161\u010dem ali prilagoditveni trak in pas s trito\u010dkovnim pritrditvijo<br \/>\nTestirano v skladu z: ECE R16<\/p>\n<p>BeSafe pas za nose\u010dnice iZi FIX \u0161\u010diti mater in nerojenega otroka v primeru nezgode in se priporo\u010da od drugega meseca nose\u010dnosti. Nose\u010dni\u0161ki pas iZi FIX je zasnovan tako, da dodatno izbolj\u0161a udobje in olaj\u0161a vsakodnevno uporabo.<\/p>\n","protected":false},"featured_media":153741,"comment_status":"open","ping_status":"closed","template":"","meta":{"_acf_changed":false,"footnotes":""},"product_brand":[],"product_cat":[1341,1415,1401],"product_tag":[],"class_list":{"0":"post-195377","1":"product","2":"type-product","3":"status-publish","4":"has-post-thumbnail","6":"product_cat-dodatki-za-avtosedeze","7":"product_cat-pas-za-nosecnice","8":"product_cat-za-mamo","9":"pa_boja-crna-sl","10":"pa_brand-besafe-sl","12":"first","13":"instock","14":"purchasable","15":"product-type-simple"},"bundled_by":[],"bundle_stock_status":"instock","bundle_stock_quantity":15,"bundle_virtual":false,"bundle_layout":"","bundle_add_to_cart_form_location":"","bundle_editable_in_cart":false,"bundle_sold_individually_context":"","bundle_item_grouping":"","bundle_min_size":"","bundle_max_size":"","bundle_price":[],"bundled_items":[],"bundle_sell_ids":[],"acf":[],"yoast_head":"<!-- This site is optimized with the Yoast SEO Premium plugin v21.5 (Yoast SEO v27.4) - https:\/\/yoast.com\/product\/yoast-seo-premium-wordpress\/ -->\n<title>Pas za nose\u010dnice - NajNaj.eu<\/title>\n<meta name=\"robots\" content=\"index, follow, max-snippet:-1, max-image-preview:large, max-video-preview:-1\" \/>\n<link rel=\"canonical\" href=\"https:\/\/najnaj.eu\/sl\/izdelek\/pas-za-nosecnice\/\" \/>\n<meta property=\"og:locale\" content=\"sl_SI\" \/>\n<meta property=\"og:type\" content=\"article\" \/>\n<meta property=\"og:title\" content=\"Pas za nose\u010dnice\" \/>\n<meta property=\"og:description\" content=\"En pas - dve \u017eivljenji Priporo\u010dljivo: od drugega meseca nose\u010dnosti Namestitev: ISOfix in avtomobilski pas s trito\u010dkovnim pritrdi\u0161\u010dem ali prilagoditveni trak in pas s trito\u010dkovnim pritrditvijo Testirano v skladu z: ECE R16 BeSafe pas za nose\u010dnice iZi FIX \u0161\u010diti mater in nerojenega otroka v primeru nezgode in se priporo\u010da od drugega meseca nose\u010dnosti. Nose\u010dni\u0161ki pas iZi FIX je zasnovan tako, da dodatno izbolj\u0161a udobje in olaj\u0161a vsakodnevno uporabo.\" \/>\n<meta property=\"og:url\" content=\"https:\/\/najnaj.eu\/sl\/izdelek\/pas-za-nosecnice\/\" \/>\n<meta property=\"og:site_name\" content=\"NajNaj.eu\" \/>\n<meta property=\"article:publisher\" content=\"https:\/\/web.facebook.com\/najnaj.eu\/\" \/>\n<meta property=\"article:modified_time\" content=\"2026-04-24T02:51:11+00:00\" \/>\n<meta property=\"og:image\" content=\"https:\/\/najnaj.eu\/wp-content\/uploads\/2023\/08\/520100-BeSafe-Pregnant-iZi-Fix.jpg\" \/>\n\t<meta property=\"og:image:width\" content=\"1410\" \/>\n\t<meta property=\"og:image:height\" content=\"1200\" \/>\n\t<meta property=\"og:image:type\" content=\"image\/jpeg\" \/>\n<meta name=\"twitter:card\" content=\"summary_large_image\" \/>\n<meta name=\"twitter:label1\" content=\"Price\" \/>\n\t<meta name=\"twitter:data1\" content=\"49,99&nbsp;&euro;\" \/>\n\t<meta name=\"twitter:label2\" content=\"Availability\" \/>\n\t<meta name=\"twitter:data2\" content=\"In stock\" \/>\n<script type=\"application\/ld+json\" class=\"yoast-schema-graph\">{\"@context\":\"https:\\\/\\\/schema.org\",\"@graph\":[{\"@type\":\"WebPage\",\"@id\":\"https:\\\/\\\/najnaj.eu\\\/sl\\\/izdelek\\\/pas-za-nosecnice\\\/\",\"url\":\"https:\\\/\\\/najnaj.eu\\\/sl\\\/izdelek\\\/pas-za-nosecnice\\\/\",\"name\":\"Pas za nose\u010dnice - NajNaj.eu\",\"isPartOf\":{\"@id\":\"https:\\\/\\\/najnaj.eu\\\/sl\\\/#website\"},\"primaryImageOfPage\":{\"@id\":\"https:\\\/\\\/najnaj.eu\\\/sl\\\/izdelek\\\/pas-za-nosecnice\\\/#primaryimage\"},\"image\":{\"@id\":\"https:\\\/\\\/najnaj.eu\\\/sl\\\/izdelek\\\/pas-za-nosecnice\\\/#primaryimage\"},\"thumbnailUrl\":\"https:\\\/\\\/najnaj.eu\\\/wp-content\\\/uploads\\\/2023\\\/08\\\/520100-BeSafe-Pregnant-iZi-Fix.jpg\",\"datePublished\":\"2017-11-02T22:00:00+00:00\",\"dateModified\":\"2026-04-24T02:51:11+00:00\",\"breadcrumb\":{\"@id\":\"https:\\\/\\\/najnaj.eu\\\/sl\\\/izdelek\\\/pas-za-nosecnice\\\/#breadcrumb\"},\"inLanguage\":\"sl-SI\",\"potentialAction\":[{\"@type\":\"ReadAction\",\"target\":[\"https:\\\/\\\/najnaj.eu\\\/sl\\\/izdelek\\\/pas-za-nosecnice\\\/\"]}]},{\"@type\":\"ImageObject\",\"inLanguage\":\"sl-SI\",\"@id\":\"https:\\\/\\\/najnaj.eu\\\/sl\\\/izdelek\\\/pas-za-nosecnice\\\/#primaryimage\",\"url\":\"https:\\\/\\\/najnaj.eu\\\/wp-content\\\/uploads\\\/2023\\\/08\\\/520100-BeSafe-Pregnant-iZi-Fix.jpg\",\"contentUrl\":\"https:\\\/\\\/najnaj.eu\\\/wp-content\\\/uploads\\\/2023\\\/08\\\/520100-BeSafe-Pregnant-iZi-Fix.jpg\",\"width\":1410,\"height\":1200},{\"@type\":\"BreadcrumbList\",\"@id\":\"https:\\\/\\\/najnaj.eu\\\/sl\\\/izdelek\\\/pas-za-nosecnice\\\/#breadcrumb\",\"itemListElement\":[{\"@type\":\"ListItem\",\"position\":1,\"name\":\"Po\u010detna stranica\",\"item\":\"https:\\\/\\\/najnaj.eu\\\/sl\\\/prednja-stran\\\/\"},{\"@type\":\"ListItem\",\"position\":2,\"name\":\"Shop\",\"item\":\"https:\\\/\\\/najnaj.eu\\\/sl\\\/shop\\\/\"},{\"@type\":\"ListItem\",\"position\":3,\"name\":\"Pas za nose\u010dnice\"}]},{\"@type\":\"WebSite\",\"@id\":\"https:\\\/\\\/najnaj.eu\\\/sl\\\/#website\",\"url\":\"https:\\\/\\\/najnaj.eu\\\/sl\\\/\",\"name\":\"NajNaj.eu\",\"description\":\"Za najva\u017enije!\",\"publisher\":{\"@id\":\"https:\\\/\\\/najnaj.eu\\\/sl\\\/#organization\"},\"potentialAction\":[{\"@type\":\"SearchAction\",\"target\":{\"@type\":\"EntryPoint\",\"urlTemplate\":\"https:\\\/\\\/najnaj.eu\\\/sl\\\/?s={search_term_string}\"},\"query-input\":{\"@type\":\"PropertyValueSpecification\",\"valueRequired\":true,\"valueName\":\"search_term_string\"}}],\"inLanguage\":\"sl-SI\"},{\"@type\":\"Organization\",\"@id\":\"https:\\\/\\\/najnaj.eu\\\/sl\\\/#organization\",\"name\":\"NajNaj.eu\",\"url\":\"https:\\\/\\\/najnaj.eu\\\/sl\\\/\",\"logo\":{\"@type\":\"ImageObject\",\"inLanguage\":\"sl-SI\",\"@id\":\"https:\\\/\\\/najnaj.eu\\\/sl\\\/#\\\/schema\\\/logo\\\/image\\\/\",\"url\":\"https:\\\/\\\/najnaj.eu\\\/wp-content\\\/uploads\\\/2023\\\/09\\\/logo_Najnaj_2023.svg\",\"contentUrl\":\"https:\\\/\\\/najnaj.eu\\\/wp-content\\\/uploads\\\/2023\\\/09\\\/logo_Najnaj_2023.svg\",\"width\":501,\"height\":278,\"caption\":\"NajNaj.eu\"},\"image\":{\"@id\":\"https:\\\/\\\/najnaj.eu\\\/sl\\\/#\\\/schema\\\/logo\\\/image\\\/\"},\"sameAs\":[\"https:\\\/\\\/web.facebook.com\\\/najnaj.eu\\\/\",\"https:\\\/\\\/www.instagram.com\\\/najnaj.eu\\\/\",\"https:\\\/\\\/www.tiktok.com\\\/@najnaj.eu\"]}]}<\/script>\n<meta property=\"product:brand\" content=\"BeSafe\" \/>\n<meta property=\"product:price:amount\" content=\"49.99\" \/>\n<meta property=\"product:price:currency\" content=\"EUR\" \/>\n<meta property=\"og:availability\" content=\"instock\" \/>\n<meta property=\"product:availability\" content=\"instock\" \/>\n<meta property=\"product:retailer_item_id\" content=\"10010123-BLACK-AREA1\" \/>\n<meta property=\"product:condition\" content=\"new\" \/>\n<!-- \/ Yoast SEO Premium plugin. -->","yoast_head_json":{"title":"Pas za nose\u010dnice - NajNaj.eu","robots":{"index":"index","follow":"follow","max-snippet":"max-snippet:-1","max-image-preview":"max-image-preview:large","max-video-preview":"max-video-preview:-1"},"canonical":"https:\/\/najnaj.eu\/sl\/izdelek\/pas-za-nosecnice\/","og_locale":"sl_SI","og_type":"article","og_title":"Pas za nose\u010dnice","og_description":"En pas - dve \u017eivljenji Priporo\u010dljivo: od drugega meseca nose\u010dnosti Namestitev: ISOfix in avtomobilski pas s trito\u010dkovnim pritrdi\u0161\u010dem ali prilagoditveni trak in pas s trito\u010dkovnim pritrditvijo Testirano v skladu z: ECE R16 BeSafe pas za nose\u010dnice iZi FIX \u0161\u010diti mater in nerojenega otroka v primeru nezgode in se priporo\u010da od drugega meseca nose\u010dnosti. Nose\u010dni\u0161ki pas iZi FIX je zasnovan tako, da dodatno izbolj\u0161a udobje in olaj\u0161a vsakodnevno uporabo.","og_url":"https:\/\/najnaj.eu\/sl\/izdelek\/pas-za-nosecnice\/","og_site_name":"NajNaj.eu","article_publisher":"https:\/\/web.facebook.com\/najnaj.eu\/","article_modified_time":"2026-04-24T02:51:11+00:00","og_image":[{"width":1410,"height":1200,"url":"https:\/\/najnaj.eu\/wp-content\/uploads\/2023\/08\/520100-BeSafe-Pregnant-iZi-Fix.jpg","type":"image\/jpeg"}],"twitter_card":"summary_large_image","twitter_misc":{"Price":"49,99&nbsp;&euro;","Availability":"In stock"},"schema":{"@context":"https:\/\/schema.org","@graph":[{"@type":"WebPage","@id":"https:\/\/najnaj.eu\/sl\/izdelek\/pas-za-nosecnice\/","url":"https:\/\/najnaj.eu\/sl\/izdelek\/pas-za-nosecnice\/","name":"Pas za nose\u010dnice - NajNaj.eu","isPartOf":{"@id":"https:\/\/najnaj.eu\/sl\/#website"},"primaryImageOfPage":{"@id":"https:\/\/najnaj.eu\/sl\/izdelek\/pas-za-nosecnice\/#primaryimage"},"image":{"@id":"https:\/\/najnaj.eu\/sl\/izdelek\/pas-za-nosecnice\/#primaryimage"},"thumbnailUrl":"https:\/\/najnaj.eu\/wp-content\/uploads\/2023\/08\/520100-BeSafe-Pregnant-iZi-Fix.jpg","datePublished":"2017-11-02T22:00:00+00:00","dateModified":"2026-04-24T02:51:11+00:00","breadcrumb":{"@id":"https:\/\/najnaj.eu\/sl\/izdelek\/pas-za-nosecnice\/#breadcrumb"},"inLanguage":"sl-SI","potentialAction":[{"@type":"ReadAction","target":["https:\/\/najnaj.eu\/sl\/izdelek\/pas-za-nosecnice\/"]}]},{"@type":"ImageObject","inLanguage":"sl-SI","@id":"https:\/\/najnaj.eu\/sl\/izdelek\/pas-za-nosecnice\/#primaryimage","url":"https:\/\/najnaj.eu\/wp-content\/uploads\/2023\/08\/520100-BeSafe-Pregnant-iZi-Fix.jpg","contentUrl":"https:\/\/najnaj.eu\/wp-content\/uploads\/2023\/08\/520100-BeSafe-Pregnant-iZi-Fix.jpg","width":1410,"height":1200},{"@type":"BreadcrumbList","@id":"https:\/\/najnaj.eu\/sl\/izdelek\/pas-za-nosecnice\/#breadcrumb","itemListElement":[{"@type":"ListItem","position":1,"name":"Po\u010detna stranica","item":"https:\/\/najnaj.eu\/sl\/prednja-stran\/"},{"@type":"ListItem","position":2,"name":"Shop","item":"https:\/\/najnaj.eu\/sl\/shop\/"},{"@type":"ListItem","position":3,"name":"Pas za nose\u010dnice"}]},{"@type":"WebSite","@id":"https:\/\/najnaj.eu\/sl\/#website","url":"https:\/\/najnaj.eu\/sl\/","name":"NajNaj.eu","description":"Za najva\u017enije!","publisher":{"@id":"https:\/\/najnaj.eu\/sl\/#organization"},"potentialAction":[{"@type":"SearchAction","target":{"@type":"EntryPoint","urlTemplate":"https:\/\/najnaj.eu\/sl\/?s={search_term_string}"},"query-input":{"@type":"PropertyValueSpecification","valueRequired":true,"valueName":"search_term_string"}}],"inLanguage":"sl-SI"},{"@type":"Organization","@id":"https:\/\/najnaj.eu\/sl\/#organization","name":"NajNaj.eu","url":"https:\/\/najnaj.eu\/sl\/","logo":{"@type":"ImageObject","inLanguage":"sl-SI","@id":"https:\/\/najnaj.eu\/sl\/#\/schema\/logo\/image\/","url":"https:\/\/najnaj.eu\/wp-content\/uploads\/2023\/09\/logo_Najnaj_2023.svg","contentUrl":"https:\/\/najnaj.eu\/wp-content\/uploads\/2023\/09\/logo_Najnaj_2023.svg","width":501,"height":278,"caption":"NajNaj.eu"},"image":{"@id":"https:\/\/najnaj.eu\/sl\/#\/schema\/logo\/image\/"},"sameAs":["https:\/\/web.facebook.com\/najnaj.eu\/","https:\/\/www.instagram.com\/najnaj.eu\/","https:\/\/www.tiktok.com\/@najnaj.eu"]}]},"product_brand":"BeSafe","product_price_amount":"49.99","product_price_currency":"EUR","og_availability":"instock","product_availability":"instock","product_retailer_item_id":"10010123-BLACK-AREA1","product_condition":"new"},"_links":{"self":[{"href":"https:\/\/najnaj.eu\/sl\/wp-json\/wp\/v2\/product\/195377","targetHints":{"allow":["GET"]}}],"collection":[{"href":"https:\/\/najnaj.eu\/sl\/wp-json\/wp\/v2\/product"}],"about":[{"href":"https:\/\/najnaj.eu\/sl\/wp-json\/wp\/v2\/types\/product"}],"replies":[{"embeddable":true,"href":"https:\/\/najnaj.eu\/sl\/wp-json\/wp\/v2\/comments?post=195377"}],"version-history":[{"count":0,"href":"https:\/\/najnaj.eu\/sl\/wp-json\/wp\/v2\/product\/195377\/revisions"}],"wp:featuredmedia":[{"embeddable":true,"href":"https:\/\/najnaj.eu\/sl\/wp-json\/wp\/v2\/media\/153741"}],"wp:attachment":[{"href":"https:\/\/najnaj.eu\/sl\/wp-json\/wp\/v2\/media?parent=195377"}],"wp:term":[{"taxonomy":"product_brand","embeddable":true,"href":"https:\/\/najnaj.eu\/sl\/wp-json\/wp\/v2\/product_brand?post=195377"},{"taxonomy":"product_cat","embeddable":true,"href":"https:\/\/najnaj.eu\/sl\/wp-json\/wp\/v2\/product_cat?post=195377"},{"taxonomy":"product_tag","embeddable":true,"href":"https:\/\/najnaj.eu\/sl\/wp-json\/wp\/v2\/product_tag?post=195377"}],"curies":[{"name":"wp","href":"https:\/\/api.w.org\/{rel}","templated":true}]}}