{"id":195214,"date":"2020-04-20T21:18:27","date_gmt":"2020-04-20T19:18:27","guid":{"rendered":"https:\/\/najnaj.eu\/proizvod\/carriwell-hlacke-z-oporo-za-trebuh-bele\/"},"modified":"2026-04-22T11:58:05","modified_gmt":"2026-04-22T09:58:05","slug":"carriwell-hlacke-z-oporo-za-trebuh-bele","status":"publish","type":"product","link":"https:\/\/najnaj.eu\/sl\/izdelek\/carriwell-hlacke-z-oporo-za-trebuh-bele\/","title":{"rendered":"Carriwell hla\u010dke z oporo za trebuh &#8211; bele"},"content":{"rendered":"<p>Najbolj udobne nose\u010dni\u0161ke spodnjice, ki jih boste kdaj nosile!<\/p>\n<p><strong>Podpora<\/strong><\/p>\n<p>Lahka opora pod trebuhom in na hrbtu; za ne\u017eno podporo trebuha in laj\u0161anje pritiska v hrbtu in trebuhu.<\/p>\n<p><strong>Udobje<\/strong><\/p>\n<p>Oblikovan s posebej raztegljivim materialom na odprtinah za noge in v predelu trebuha za postopno \u0161irjenje glede na rast va\u0161ega trebuha.<\/p>\n<p><strong>Zra\u010dnost<\/strong><\/p>\n<p>Izdelan iz posebej mehkega in zra\u010dnega mikrovlaken, ki ne dra\u017ei ko\u017ee.<\/p>\n<p><strong>Neviden<\/strong><\/p>\n<p>Oblikovani so tako, da ostanejo na mestu, ne da se premikajo pod trebuhom.<\/p>\n","protected":false},"excerpt":{"rendered":"<p>Udobje v spodnjicah je klju\u010dno za nose\u010dnost in materinstvo! Da bi bilo udobje \u010dim ve\u010dje, smo izdelali raztegljive odprtine za noge, lahka opora pod trebuhom in za kri\u017e pa zmanj\u0161a pritisk na te dele telesa.<\/p>\n","protected":false},"featured_media":299075,"comment_status":"open","ping_status":"closed","template":"","meta":{"_acf_changed":false,"footnotes":""},"product_brand":[],"product_cat":[1412,1401],"product_tag":[2144],"class_list":{"0":"post-195214","1":"product","2":"type-product","3":"status-publish","4":"has-post-thumbnail","6":"product_cat-spodnje-perilo","7":"product_cat-za-mamo","8":"product_tag-mama-ki-bo","9":"pa_boja-bela","10":"pa_brand-carriwell-sl","12":"first","13":"instock","14":"purchasable","15":"product-type-variable"},"bundled_by":[],"bundle_stock_status":"instock","bundle_stock_quantity":1,"bundle_virtual":false,"bundle_layout":"","bundle_add_to_cart_form_location":"","bundle_editable_in_cart":false,"bundle_sold_individually_context":"","bundle_item_grouping":"","bundle_min_size":"","bundle_max_size":"","bundle_price":[],"bundled_items":[],"bundle_sell_ids":[],"acf":[],"yoast_head":"<!-- This site is optimized with the Yoast SEO Premium plugin v21.5 (Yoast SEO v27.4) - https:\/\/yoast.com\/product\/yoast-seo-premium-wordpress\/ -->\n<title>Carriwell hla\u010dke z oporo za trebuh - bele - NajNaj.eu<\/title>\n<meta name=\"robots\" content=\"index, follow, max-snippet:-1, max-image-preview:large, max-video-preview:-1\" \/>\n<link rel=\"canonical\" href=\"https:\/\/najnaj.eu\/sl\/izdelek\/carriwell-hlacke-z-oporo-za-trebuh-bele\/\" \/>\n<meta property=\"og:locale\" content=\"sl_SI\" \/>\n<meta property=\"og:type\" content=\"article\" \/>\n<meta property=\"og:title\" content=\"Carriwell hla\u010dke z oporo za trebuh - bele\" \/>\n<meta property=\"og:description\" content=\"Udobje v spodnjicah je klju\u010dno za nose\u010dnost in materinstvo! Da bi bilo udobje \u010dim ve\u010dje, smo izdelali raztegljive odprtine za noge, lahka opora pod trebuhom in za kri\u017e pa zmanj\u0161a pritisk na te dele telesa.\" \/>\n<meta property=\"og:url\" content=\"https:\/\/najnaj.eu\/sl\/izdelek\/carriwell-hlacke-z-oporo-za-trebuh-bele\/\" \/>\n<meta property=\"og:site_name\" content=\"NajNaj.eu\" \/>\n<meta property=\"article:publisher\" content=\"https:\/\/web.facebook.com\/najnaj.eu\/\" \/>\n<meta property=\"article:modified_time\" content=\"2026-04-22T09:58:05+00:00\" \/>\n<meta property=\"og:image\" content=\"https:\/\/najnaj.eu\/wp-content\/uploads\/2023\/08\/405_01_MaternitySupportPanty_WHT_F1_STD.jpg\" \/>\n\t<meta property=\"og:image:width\" content=\"748\" \/>\n\t<meta property=\"og:image:height\" content=\"1080\" \/>\n\t<meta property=\"og:image:type\" content=\"image\/jpeg\" \/>\n<meta name=\"twitter:card\" content=\"summary_large_image\" \/>\n<meta name=\"twitter:label1\" content=\"Availability\" \/>\n\t<meta name=\"twitter:data1\" content=\"In stock\" \/>\n<script type=\"application\/ld+json\" class=\"yoast-schema-graph\">{\"@context\":\"https:\\\/\\\/schema.org\",\"@graph\":[{\"@type\":\"WebPage\",\"@id\":\"https:\\\/\\\/najnaj.eu\\\/sl\\\/izdelek\\\/carriwell-hlacke-z-oporo-za-trebuh-bele\\\/\",\"url\":\"https:\\\/\\\/najnaj.eu\\\/sl\\\/izdelek\\\/carriwell-hlacke-z-oporo-za-trebuh-bele\\\/\",\"name\":\"Carriwell hla\u010dke z oporo za trebuh - bele - NajNaj.eu\",\"isPartOf\":{\"@id\":\"https:\\\/\\\/najnaj.eu\\\/sl\\\/#website\"},\"primaryImageOfPage\":{\"@id\":\"https:\\\/\\\/najnaj.eu\\\/sl\\\/izdelek\\\/carriwell-hlacke-z-oporo-za-trebuh-bele\\\/#primaryimage\"},\"image\":{\"@id\":\"https:\\\/\\\/najnaj.eu\\\/sl\\\/izdelek\\\/carriwell-hlacke-z-oporo-za-trebuh-bele\\\/#primaryimage\"},\"thumbnailUrl\":\"https:\\\/\\\/najnaj.eu\\\/wp-content\\\/uploads\\\/2020\\\/04\\\/4100_Seamless-Maternity-Support-Panty_White_Web_v02.jpg\",\"datePublished\":\"2020-04-20T19:18:27+00:00\",\"dateModified\":\"2026-04-22T09:58:05+00:00\",\"breadcrumb\":{\"@id\":\"https:\\\/\\\/najnaj.eu\\\/sl\\\/izdelek\\\/carriwell-hlacke-z-oporo-za-trebuh-bele\\\/#breadcrumb\"},\"inLanguage\":\"sl-SI\",\"potentialAction\":[{\"@type\":\"ReadAction\",\"target\":[\"https:\\\/\\\/najnaj.eu\\\/sl\\\/izdelek\\\/carriwell-hlacke-z-oporo-za-trebuh-bele\\\/\"]}]},{\"@type\":\"ImageObject\",\"inLanguage\":\"sl-SI\",\"@id\":\"https:\\\/\\\/najnaj.eu\\\/sl\\\/izdelek\\\/carriwell-hlacke-z-oporo-za-trebuh-bele\\\/#primaryimage\",\"url\":\"https:\\\/\\\/najnaj.eu\\\/wp-content\\\/uploads\\\/2020\\\/04\\\/4100_Seamless-Maternity-Support-Panty_White_Web_v02.jpg\",\"contentUrl\":\"https:\\\/\\\/najnaj.eu\\\/wp-content\\\/uploads\\\/2020\\\/04\\\/4100_Seamless-Maternity-Support-Panty_White_Web_v02.jpg\",\"width\":1000,\"height\":1250},{\"@type\":\"BreadcrumbList\",\"@id\":\"https:\\\/\\\/najnaj.eu\\\/sl\\\/izdelek\\\/carriwell-hlacke-z-oporo-za-trebuh-bele\\\/#breadcrumb\",\"itemListElement\":[{\"@type\":\"ListItem\",\"position\":1,\"name\":\"Po\u010detna stranica\",\"item\":\"https:\\\/\\\/najnaj.eu\\\/sl\\\/prednja-stran\\\/\"},{\"@type\":\"ListItem\",\"position\":2,\"name\":\"Shop\",\"item\":\"https:\\\/\\\/najnaj.eu\\\/sl\\\/shop\\\/\"},{\"@type\":\"ListItem\",\"position\":3,\"name\":\"Carriwell hla\u010dke z oporo za trebuh &#8211; bele\"}]},{\"@type\":\"WebSite\",\"@id\":\"https:\\\/\\\/najnaj.eu\\\/sl\\\/#website\",\"url\":\"https:\\\/\\\/najnaj.eu\\\/sl\\\/\",\"name\":\"NajNaj.eu\",\"description\":\"Za najva\u017enije!\",\"publisher\":{\"@id\":\"https:\\\/\\\/najnaj.eu\\\/sl\\\/#organization\"},\"potentialAction\":[{\"@type\":\"SearchAction\",\"target\":{\"@type\":\"EntryPoint\",\"urlTemplate\":\"https:\\\/\\\/najnaj.eu\\\/sl\\\/?s={search_term_string}\"},\"query-input\":{\"@type\":\"PropertyValueSpecification\",\"valueRequired\":true,\"valueName\":\"search_term_string\"}}],\"inLanguage\":\"sl-SI\"},{\"@type\":\"Organization\",\"@id\":\"https:\\\/\\\/najnaj.eu\\\/sl\\\/#organization\",\"name\":\"NajNaj.eu\",\"url\":\"https:\\\/\\\/najnaj.eu\\\/sl\\\/\",\"logo\":{\"@type\":\"ImageObject\",\"inLanguage\":\"sl-SI\",\"@id\":\"https:\\\/\\\/najnaj.eu\\\/sl\\\/#\\\/schema\\\/logo\\\/image\\\/\",\"url\":\"https:\\\/\\\/najnaj.eu\\\/wp-content\\\/uploads\\\/2023\\\/09\\\/logo_Najnaj_2023.svg\",\"contentUrl\":\"https:\\\/\\\/najnaj.eu\\\/wp-content\\\/uploads\\\/2023\\\/09\\\/logo_Najnaj_2023.svg\",\"width\":501,\"height\":278,\"caption\":\"NajNaj.eu\"},\"image\":{\"@id\":\"https:\\\/\\\/najnaj.eu\\\/sl\\\/#\\\/schema\\\/logo\\\/image\\\/\"},\"sameAs\":[\"https:\\\/\\\/web.facebook.com\\\/najnaj.eu\\\/\",\"https:\\\/\\\/www.instagram.com\\\/najnaj.eu\\\/\",\"https:\\\/\\\/www.tiktok.com\\\/@najnaj.eu\"]}]}<\/script>\n<meta property=\"product:brand\" content=\"Carriwell\" \/>\n<meta property=\"og:availability\" content=\"instock\" \/>\n<meta property=\"product:availability\" content=\"instock\" \/>\n<meta property=\"product:retailer_item_id\" content=\"CW400011N\" \/>\n<meta property=\"product:condition\" content=\"new\" \/>\n<!-- \/ Yoast SEO Premium plugin. -->","yoast_head_json":{"title":"Carriwell hla\u010dke z oporo za trebuh - bele - NajNaj.eu","robots":{"index":"index","follow":"follow","max-snippet":"max-snippet:-1","max-image-preview":"max-image-preview:large","max-video-preview":"max-video-preview:-1"},"canonical":"https:\/\/najnaj.eu\/sl\/izdelek\/carriwell-hlacke-z-oporo-za-trebuh-bele\/","og_locale":"sl_SI","og_type":"article","og_title":"Carriwell hla\u010dke z oporo za trebuh - bele","og_description":"Udobje v spodnjicah je klju\u010dno za nose\u010dnost in materinstvo! Da bi bilo udobje \u010dim ve\u010dje, smo izdelali raztegljive odprtine za noge, lahka opora pod trebuhom in za kri\u017e pa zmanj\u0161a pritisk na te dele telesa.","og_url":"https:\/\/najnaj.eu\/sl\/izdelek\/carriwell-hlacke-z-oporo-za-trebuh-bele\/","og_site_name":"NajNaj.eu","article_publisher":"https:\/\/web.facebook.com\/najnaj.eu\/","article_modified_time":"2026-04-22T09:58:05+00:00","og_image":[{"width":748,"height":1080,"url":"https:\/\/najnaj.eu\/wp-content\/uploads\/2023\/08\/405_01_MaternitySupportPanty_WHT_F1_STD.jpg","type":"image\/jpeg"}],"twitter_card":"summary_large_image","twitter_misc":{"Availability":"In stock"},"schema":{"@context":"https:\/\/schema.org","@graph":[{"@type":"WebPage","@id":"https:\/\/najnaj.eu\/sl\/izdelek\/carriwell-hlacke-z-oporo-za-trebuh-bele\/","url":"https:\/\/najnaj.eu\/sl\/izdelek\/carriwell-hlacke-z-oporo-za-trebuh-bele\/","name":"Carriwell hla\u010dke z oporo za trebuh - bele - NajNaj.eu","isPartOf":{"@id":"https:\/\/najnaj.eu\/sl\/#website"},"primaryImageOfPage":{"@id":"https:\/\/najnaj.eu\/sl\/izdelek\/carriwell-hlacke-z-oporo-za-trebuh-bele\/#primaryimage"},"image":{"@id":"https:\/\/najnaj.eu\/sl\/izdelek\/carriwell-hlacke-z-oporo-za-trebuh-bele\/#primaryimage"},"thumbnailUrl":"https:\/\/najnaj.eu\/wp-content\/uploads\/2020\/04\/4100_Seamless-Maternity-Support-Panty_White_Web_v02.jpg","datePublished":"2020-04-20T19:18:27+00:00","dateModified":"2026-04-22T09:58:05+00:00","breadcrumb":{"@id":"https:\/\/najnaj.eu\/sl\/izdelek\/carriwell-hlacke-z-oporo-za-trebuh-bele\/#breadcrumb"},"inLanguage":"sl-SI","potentialAction":[{"@type":"ReadAction","target":["https:\/\/najnaj.eu\/sl\/izdelek\/carriwell-hlacke-z-oporo-za-trebuh-bele\/"]}]},{"@type":"ImageObject","inLanguage":"sl-SI","@id":"https:\/\/najnaj.eu\/sl\/izdelek\/carriwell-hlacke-z-oporo-za-trebuh-bele\/#primaryimage","url":"https:\/\/najnaj.eu\/wp-content\/uploads\/2020\/04\/4100_Seamless-Maternity-Support-Panty_White_Web_v02.jpg","contentUrl":"https:\/\/najnaj.eu\/wp-content\/uploads\/2020\/04\/4100_Seamless-Maternity-Support-Panty_White_Web_v02.jpg","width":1000,"height":1250},{"@type":"BreadcrumbList","@id":"https:\/\/najnaj.eu\/sl\/izdelek\/carriwell-hlacke-z-oporo-za-trebuh-bele\/#breadcrumb","itemListElement":[{"@type":"ListItem","position":1,"name":"Po\u010detna stranica","item":"https:\/\/najnaj.eu\/sl\/prednja-stran\/"},{"@type":"ListItem","position":2,"name":"Shop","item":"https:\/\/najnaj.eu\/sl\/shop\/"},{"@type":"ListItem","position":3,"name":"Carriwell hla\u010dke z oporo za trebuh &#8211; bele"}]},{"@type":"WebSite","@id":"https:\/\/najnaj.eu\/sl\/#website","url":"https:\/\/najnaj.eu\/sl\/","name":"NajNaj.eu","description":"Za najva\u017enije!","publisher":{"@id":"https:\/\/najnaj.eu\/sl\/#organization"},"potentialAction":[{"@type":"SearchAction","target":{"@type":"EntryPoint","urlTemplate":"https:\/\/najnaj.eu\/sl\/?s={search_term_string}"},"query-input":{"@type":"PropertyValueSpecification","valueRequired":true,"valueName":"search_term_string"}}],"inLanguage":"sl-SI"},{"@type":"Organization","@id":"https:\/\/najnaj.eu\/sl\/#organization","name":"NajNaj.eu","url":"https:\/\/najnaj.eu\/sl\/","logo":{"@type":"ImageObject","inLanguage":"sl-SI","@id":"https:\/\/najnaj.eu\/sl\/#\/schema\/logo\/image\/","url":"https:\/\/najnaj.eu\/wp-content\/uploads\/2023\/09\/logo_Najnaj_2023.svg","contentUrl":"https:\/\/najnaj.eu\/wp-content\/uploads\/2023\/09\/logo_Najnaj_2023.svg","width":501,"height":278,"caption":"NajNaj.eu"},"image":{"@id":"https:\/\/najnaj.eu\/sl\/#\/schema\/logo\/image\/"},"sameAs":["https:\/\/web.facebook.com\/najnaj.eu\/","https:\/\/www.instagram.com\/najnaj.eu\/","https:\/\/www.tiktok.com\/@najnaj.eu"]}]},"product_brand":"Carriwell","og_availability":"instock","product_availability":"instock","product_retailer_item_id":"CW400011N","product_condition":"new"},"_links":{"self":[{"href":"https:\/\/najnaj.eu\/sl\/wp-json\/wp\/v2\/product\/195214","targetHints":{"allow":["GET"]}}],"collection":[{"href":"https:\/\/najnaj.eu\/sl\/wp-json\/wp\/v2\/product"}],"about":[{"href":"https:\/\/najnaj.eu\/sl\/wp-json\/wp\/v2\/types\/product"}],"replies":[{"embeddable":true,"href":"https:\/\/najnaj.eu\/sl\/wp-json\/wp\/v2\/comments?post=195214"}],"version-history":[{"count":0,"href":"https:\/\/najnaj.eu\/sl\/wp-json\/wp\/v2\/product\/195214\/revisions"}],"wp:featuredmedia":[{"embeddable":true,"href":"https:\/\/najnaj.eu\/sl\/wp-json\/wp\/v2\/media\/299075"}],"wp:attachment":[{"href":"https:\/\/najnaj.eu\/sl\/wp-json\/wp\/v2\/media?parent=195214"}],"wp:term":[{"taxonomy":"product_brand","embeddable":true,"href":"https:\/\/najnaj.eu\/sl\/wp-json\/wp\/v2\/product_brand?post=195214"},{"taxonomy":"product_cat","embeddable":true,"href":"https:\/\/najnaj.eu\/sl\/wp-json\/wp\/v2\/product_cat?post=195214"},{"taxonomy":"product_tag","embeddable":true,"href":"https:\/\/najnaj.eu\/sl\/wp-json\/wp\/v2\/product_tag?post=195214"}],"curies":[{"name":"wp","href":"https:\/\/api.w.org\/{rel}","templated":true}]}}