{"id":195099,"date":"2020-06-30T13:01:35","date_gmt":"2020-06-30T11:01:35","guid":{"rendered":"https:\/\/najnaj.eu\/proizvod\/besafe-izi-transfer-svetlo-siva\/"},"modified":"2025-04-14T09:49:40","modified_gmt":"2025-04-14T07:49:40","slug":"besafe-izi-transfer-svetlo-siva","status":"publish","type":"product","link":"https:\/\/najnaj.eu\/sl\/izdelek\/besafe-izi-transfer-svetlo-siva\/","title":{"rendered":"BeSafe iZi Transfer, svetlo siva"},"content":{"rendered":"<p><strong><b>Odli\u010dna podpora od A do B<\/b><\/strong><\/p>\n<ul>\n<li>Razvito v tesnem sodelovanju s fizioterapevti<\/li>\n<li>Omogo\u010da prenos v vsaki vsakodnevni situaciji, znotraj in zunaj avtomobila<\/li>\n<li>Zasnovan za prilagajanje in podporo naravni obliki dojen\u010dka<\/li>\n<li>Omogo\u010da nemoteno prena\u0161anje dojen\u010dka brez spreminjanja polo\u017eaja za spanje<\/li>\n<li>Dodatno oblazinjenje v predelu glave za dodatno udobje in podporo<\/li>\n<li>Pri no\u0161enju ne\u017eno in tesno ovije otroka, kar pripomore k umirjenosti otroka<\/li>\n<\/ul>\n<p>&nbsp;<\/p>\n<p><strong><b>Temeljito testirano glede varnosti<\/b><\/strong><\/p>\n<ul>\n<li>Obse\u017eno testiranje vzdr\u017eljivosti za zagotovitev vzdr\u017eljivosti materiala<\/li>\n<li>Varnostni pas preizku\u0161en in odobren pri preskusu padca<\/li>\n<li>Ocena varnosti s T\u00dcV<\/li>\n<li>Preizkus tr\u010denja pri hitrosti tr\u010denja 64 km\/h<\/li>\n<li>Trden in zelo tanek dizajn ne moti avtomobilskih varnostnih pasov<\/li>\n<\/ul>\n<p><strong><b> <\/b><\/strong><\/p>\n<p><strong><b>Prijetno in udobno za otroka in star\u0161e<\/b><\/strong><\/p>\n<ul>\n<li>Posebna kombinacija materialov TENCEL\u2122, mre\u017ee, lanu in bomba\u017ea<\/li>\n<li>Preverjanje zra\u010dnosti v skladu s standardi za vzmetnice<\/li>\n<li>Izjemno lahek in enostaven za prena\u0161anje<\/li>\n<li>Mehak in prilagodljiv ro\u010daj za udobno no\u0161enje<\/li>\n<\/ul>\n<p>&nbsp;<\/p>\n<p><strong><b>Tehni\u010dne informacije<\/b><\/strong><\/p>\n<p>Vi\u0161ina: pribl. 56-68 cm<\/p>\n<p>Maks. te\u017ea: 9 kg<\/p>\n<p>Starost: pribl. 1 &#8211; 6 mesecev<\/p>\n<p>Odobreno: Ocena varnosti s T\u00dcV (vodja v svetu neodvisnih in\u0161pekcijskih storitev)<\/p>\n<p>&nbsp;<\/p>\n<p>Preizku\u0161en trk: Da<\/p>\n<p>Zdru\u017eljivost: Avtosede\u017ei se uporabljajo od rojstva<\/p>\n<p>&nbsp;<\/p>\n<p>Pranje: Primerno za strojno pranje<\/p>\n<p>Zunanji materiali: 47% bomba\u017e, 45% TENCEL\u2122, 7% lan, 1% spandex<\/p>\n<p>Notranji material: 100% bomba\u017ena mre\u017ea<\/p>\n<p>Pena: 100% poliester<\/p>\n<p>&nbsp;<\/p>\n<p>Vse tkanine sledijo strogim standardom REACH<\/p>\n","protected":false},"excerpt":{"rendered":"<p><strong>Iz avta v hi\u0161o, ne da bi se zbudil<\/strong><\/p>\n<ul>\n<li>Vi\u0161ina otroka: pribl. 56-68 cm<\/li>\n<li>te\u017ea: 9 kg<\/li>\n<li>Starost: pribl. 1 \u2013 6 mesecev<\/li>\n<li>Omogo\u010da nemoteno prena\u0161anje dojen\u010dka brez spreminjanja polo\u017eaja za spanje<\/li>\n<li>Razvito v tesnem sodelovanju s fizioterapevti<\/li>\n<li>Preizkus tr\u010denja pri hitrosti tr\u010denja 64 km\/h<\/li>\n<li>Ocena varnosti s T\u00dcV<\/li>\n<li>Posebna kombinacija materialov TENCEL\u2122, mre\u017ee, lanu in bomba\u017ea<\/li>\n<\/ul>\n<p>BeSafe iZi Transfer: Ta izdelek za prena\u0161anje dojen\u010dka vam omogo\u010da, da otroka ne\u017eno prenesete iz vozi\u010dka v avto do hi\u0161e, ne da bi se zbudil. Oblikovan je tako, da se prilagaja naravni obliki otroka in ga podpira ter omogo\u010da prena\u0161anje dojen\u010dka brez spreminjanja spalnega polo\u017eaja.<\/p>\n<p>*Upo\u0161tevajte, da je navedeni starostni razpon le smernica, ki temelji na povpre\u010dnih vrednostih in ne omejuje ali jam\u010di \u010dasa uporabe<\/p>\n","protected":false},"featured_media":154225,"comment_status":"open","ping_status":"open","template":"","meta":{"_acf_changed":false,"footnotes":""},"product_brand":[],"product_cat":[1180],"product_tag":[],"class_list":{"0":"post-195099","1":"product","2":"type-product","3":"status-publish","4":"has-post-thumbnail","6":"product_cat-proizvodi-sl","8":"first","9":"outofstock","10":"purchasable","11":"product-type-simple"},"bundled_by":[],"bundle_stock_status":"outofstock","bundle_stock_quantity":0,"bundle_virtual":false,"bundle_layout":"","bundle_add_to_cart_form_location":"","bundle_editable_in_cart":false,"bundle_sold_individually_context":"","bundle_item_grouping":"","bundle_min_size":"","bundle_max_size":"","bundle_price":[],"bundled_items":[],"bundle_sell_ids":[],"acf":[],"yoast_head":"<!-- This site is optimized with the Yoast SEO Premium plugin v21.5 (Yoast SEO v27.4) - https:\/\/yoast.com\/product\/yoast-seo-premium-wordpress\/ -->\n<title>BeSafe iZi Transfer, svetlo siva - NajNaj.eu<\/title>\n<meta name=\"robots\" content=\"index, follow, max-snippet:-1, max-image-preview:large, max-video-preview:-1\" \/>\n<link rel=\"canonical\" href=\"https:\/\/najnaj.eu\/sl\/izdelek\/besafe-izi-transfer-svetlo-siva\/\" \/>\n<meta property=\"og:locale\" content=\"sl_SI\" \/>\n<meta property=\"og:type\" content=\"article\" \/>\n<meta property=\"og:title\" content=\"BeSafe iZi Transfer, svetlo siva\" \/>\n<meta property=\"og:description\" content=\"Iz avta v hi\u0161o, ne da bi se zbudil  Vi\u0161ina otroka: pribl. 56-68 cm  te\u017ea: 9 kg  Starost: pribl. 1 \u2013 6 mesecev  Omogo\u010da nemoteno prena\u0161anje dojen\u010dka brez spreminjanja polo\u017eaja za spanje  Razvito v tesnem sodelovanju s fizioterapevti  Preizkus tr\u010denja pri hitrosti tr\u010denja 64 km\/h  Ocena varnosti s T\u00dcV  Posebna kombinacija materialov TENCEL\u2122, mre\u017ee, lanu in bomba\u017ea BeSafe iZi Transfer: Ta izdelek za prena\u0161anje dojen\u010dka vam omogo\u010da, da otroka ne\u017eno prenesete iz vozi\u010dka v avto do hi\u0161e, ne da bi se zbudil. Oblikovan je tako, da se prilagaja naravni obliki otroka in ga podpira ter omogo\u010da prena\u0161anje dojen\u010dka brez spreminjanja spalnega polo\u017eaja. *Upo\u0161tevajte, da je navedeni starostni razpon le smernica, ki temelji na povpre\u010dnih vrednostih in ne omejuje ali jam\u010di \u010dasa uporabe\" \/>\n<meta property=\"og:url\" content=\"https:\/\/najnaj.eu\/sl\/izdelek\/besafe-izi-transfer-svetlo-siva\/\" \/>\n<meta property=\"og:site_name\" content=\"NajNaj.eu\" \/>\n<meta property=\"article:publisher\" content=\"https:\/\/web.facebook.com\/najnaj.eu\/\" \/>\n<meta property=\"article:modified_time\" content=\"2025-04-14T07:49:40+00:00\" \/>\n<meta property=\"og:image\" content=\"https:\/\/najnaj.eu\/wp-content\/uploads\/2023\/08\/11008860_BeSafe_iZi-Transfer_Light-Grey_Front_1.jpg\" \/>\n\t<meta property=\"og:image:width\" content=\"1080\" \/>\n\t<meta property=\"og:image:height\" content=\"1080\" \/>\n\t<meta property=\"og:image:type\" content=\"image\/jpeg\" \/>\n<meta name=\"twitter:card\" content=\"summary_large_image\" \/>\n<meta name=\"twitter:label1\" content=\"Price\" \/>\n\t<meta name=\"twitter:data1\" content=\"39,99&nbsp;&euro;\" \/>\n\t<meta name=\"twitter:label2\" content=\"Availability\" \/>\n\t<meta name=\"twitter:data2\" content=\"Out of stock\" \/>\n<script type=\"application\/ld+json\" class=\"yoast-schema-graph\">{\"@context\":\"https:\\\/\\\/schema.org\",\"@graph\":[{\"@type\":\"WebPage\",\"@id\":\"https:\\\/\\\/najnaj.eu\\\/sl\\\/izdelek\\\/besafe-izi-transfer-svetlo-siva\\\/\",\"url\":\"https:\\\/\\\/najnaj.eu\\\/sl\\\/izdelek\\\/besafe-izi-transfer-svetlo-siva\\\/\",\"name\":\"BeSafe iZi Transfer, svetlo siva - NajNaj.eu\",\"isPartOf\":{\"@id\":\"https:\\\/\\\/najnaj.eu\\\/sl\\\/#website\"},\"primaryImageOfPage\":{\"@id\":\"https:\\\/\\\/najnaj.eu\\\/sl\\\/izdelek\\\/besafe-izi-transfer-svetlo-siva\\\/#primaryimage\"},\"image\":{\"@id\":\"https:\\\/\\\/najnaj.eu\\\/sl\\\/izdelek\\\/besafe-izi-transfer-svetlo-siva\\\/#primaryimage\"},\"thumbnailUrl\":\"https:\\\/\\\/najnaj.eu\\\/wp-content\\\/uploads\\\/2023\\\/08\\\/11008860_BeSafe_iZi-Transfer_Light-Grey_Front_1.jpg\",\"datePublished\":\"2020-06-30T11:01:35+00:00\",\"dateModified\":\"2025-04-14T07:49:40+00:00\",\"breadcrumb\":{\"@id\":\"https:\\\/\\\/najnaj.eu\\\/sl\\\/izdelek\\\/besafe-izi-transfer-svetlo-siva\\\/#breadcrumb\"},\"inLanguage\":\"sl-SI\",\"potentialAction\":[{\"@type\":\"ReadAction\",\"target\":[\"https:\\\/\\\/najnaj.eu\\\/sl\\\/izdelek\\\/besafe-izi-transfer-svetlo-siva\\\/\"]}]},{\"@type\":\"ImageObject\",\"inLanguage\":\"sl-SI\",\"@id\":\"https:\\\/\\\/najnaj.eu\\\/sl\\\/izdelek\\\/besafe-izi-transfer-svetlo-siva\\\/#primaryimage\",\"url\":\"https:\\\/\\\/najnaj.eu\\\/wp-content\\\/uploads\\\/2023\\\/08\\\/11008860_BeSafe_iZi-Transfer_Light-Grey_Front_1.jpg\",\"contentUrl\":\"https:\\\/\\\/najnaj.eu\\\/wp-content\\\/uploads\\\/2023\\\/08\\\/11008860_BeSafe_iZi-Transfer_Light-Grey_Front_1.jpg\",\"width\":1080,\"height\":1080},{\"@type\":\"BreadcrumbList\",\"@id\":\"https:\\\/\\\/najnaj.eu\\\/sl\\\/izdelek\\\/besafe-izi-transfer-svetlo-siva\\\/#breadcrumb\",\"itemListElement\":[{\"@type\":\"ListItem\",\"position\":1,\"name\":\"Po\u010detna stranica\",\"item\":\"https:\\\/\\\/najnaj.eu\\\/sl\\\/prednja-stran\\\/\"},{\"@type\":\"ListItem\",\"position\":2,\"name\":\"Shop\",\"item\":\"https:\\\/\\\/najnaj.eu\\\/sl\\\/shop\\\/\"},{\"@type\":\"ListItem\",\"position\":3,\"name\":\"BeSafe iZi Transfer, svetlo siva\"}]},{\"@type\":\"WebSite\",\"@id\":\"https:\\\/\\\/najnaj.eu\\\/sl\\\/#website\",\"url\":\"https:\\\/\\\/najnaj.eu\\\/sl\\\/\",\"name\":\"NajNaj.eu\",\"description\":\"Za najva\u017enije!\",\"publisher\":{\"@id\":\"https:\\\/\\\/najnaj.eu\\\/sl\\\/#organization\"},\"potentialAction\":[{\"@type\":\"SearchAction\",\"target\":{\"@type\":\"EntryPoint\",\"urlTemplate\":\"https:\\\/\\\/najnaj.eu\\\/sl\\\/?s={search_term_string}\"},\"query-input\":{\"@type\":\"PropertyValueSpecification\",\"valueRequired\":true,\"valueName\":\"search_term_string\"}}],\"inLanguage\":\"sl-SI\"},{\"@type\":\"Organization\",\"@id\":\"https:\\\/\\\/najnaj.eu\\\/sl\\\/#organization\",\"name\":\"NajNaj.eu\",\"url\":\"https:\\\/\\\/najnaj.eu\\\/sl\\\/\",\"logo\":{\"@type\":\"ImageObject\",\"inLanguage\":\"sl-SI\",\"@id\":\"https:\\\/\\\/najnaj.eu\\\/sl\\\/#\\\/schema\\\/logo\\\/image\\\/\",\"url\":\"https:\\\/\\\/najnaj.eu\\\/wp-content\\\/uploads\\\/2023\\\/09\\\/logo_Najnaj_2023.svg\",\"contentUrl\":\"https:\\\/\\\/najnaj.eu\\\/wp-content\\\/uploads\\\/2023\\\/09\\\/logo_Najnaj_2023.svg\",\"width\":501,\"height\":278,\"caption\":\"NajNaj.eu\"},\"image\":{\"@id\":\"https:\\\/\\\/najnaj.eu\\\/sl\\\/#\\\/schema\\\/logo\\\/image\\\/\"},\"sameAs\":[\"https:\\\/\\\/web.facebook.com\\\/najnaj.eu\\\/\",\"https:\\\/\\\/www.instagram.com\\\/najnaj.eu\\\/\",\"https:\\\/\\\/www.tiktok.com\\\/@najnaj.eu\"]}]}<\/script>\n<meta property=\"product:price:amount\" content=\"39.99\" \/>\n<meta property=\"product:price:currency\" content=\"EUR\" \/>\n<meta property=\"og:availability\" content=\"out of stock\" \/>\n<meta property=\"product:availability\" content=\"out of stock\" \/>\n<meta property=\"product:retailer_item_id\" content=\"11008860-LightGrey\" \/>\n<meta property=\"product:condition\" content=\"new\" \/>\n<!-- \/ Yoast SEO Premium plugin. -->","yoast_head_json":{"title":"BeSafe iZi Transfer, svetlo siva - NajNaj.eu","robots":{"index":"index","follow":"follow","max-snippet":"max-snippet:-1","max-image-preview":"max-image-preview:large","max-video-preview":"max-video-preview:-1"},"canonical":"https:\/\/najnaj.eu\/sl\/izdelek\/besafe-izi-transfer-svetlo-siva\/","og_locale":"sl_SI","og_type":"article","og_title":"BeSafe iZi Transfer, svetlo siva","og_description":"Iz avta v hi\u0161o, ne da bi se zbudil  Vi\u0161ina otroka: pribl. 56-68 cm  te\u017ea: 9 kg  Starost: pribl. 1 \u2013 6 mesecev  Omogo\u010da nemoteno prena\u0161anje dojen\u010dka brez spreminjanja polo\u017eaja za spanje  Razvito v tesnem sodelovanju s fizioterapevti  Preizkus tr\u010denja pri hitrosti tr\u010denja 64 km\/h  Ocena varnosti s T\u00dcV  Posebna kombinacija materialov TENCEL\u2122, mre\u017ee, lanu in bomba\u017ea BeSafe iZi Transfer: Ta izdelek za prena\u0161anje dojen\u010dka vam omogo\u010da, da otroka ne\u017eno prenesete iz vozi\u010dka v avto do hi\u0161e, ne da bi se zbudil. Oblikovan je tako, da se prilagaja naravni obliki otroka in ga podpira ter omogo\u010da prena\u0161anje dojen\u010dka brez spreminjanja spalnega polo\u017eaja. *Upo\u0161tevajte, da je navedeni starostni razpon le smernica, ki temelji na povpre\u010dnih vrednostih in ne omejuje ali jam\u010di \u010dasa uporabe","og_url":"https:\/\/najnaj.eu\/sl\/izdelek\/besafe-izi-transfer-svetlo-siva\/","og_site_name":"NajNaj.eu","article_publisher":"https:\/\/web.facebook.com\/najnaj.eu\/","article_modified_time":"2025-04-14T07:49:40+00:00","og_image":[{"width":1080,"height":1080,"url":"https:\/\/najnaj.eu\/wp-content\/uploads\/2023\/08\/11008860_BeSafe_iZi-Transfer_Light-Grey_Front_1.jpg","type":"image\/jpeg"}],"twitter_card":"summary_large_image","twitter_misc":{"Price":"39,99&nbsp;&euro;","Availability":"Out of stock"},"schema":{"@context":"https:\/\/schema.org","@graph":[{"@type":"WebPage","@id":"https:\/\/najnaj.eu\/sl\/izdelek\/besafe-izi-transfer-svetlo-siva\/","url":"https:\/\/najnaj.eu\/sl\/izdelek\/besafe-izi-transfer-svetlo-siva\/","name":"BeSafe iZi Transfer, svetlo siva - NajNaj.eu","isPartOf":{"@id":"https:\/\/najnaj.eu\/sl\/#website"},"primaryImageOfPage":{"@id":"https:\/\/najnaj.eu\/sl\/izdelek\/besafe-izi-transfer-svetlo-siva\/#primaryimage"},"image":{"@id":"https:\/\/najnaj.eu\/sl\/izdelek\/besafe-izi-transfer-svetlo-siva\/#primaryimage"},"thumbnailUrl":"https:\/\/najnaj.eu\/wp-content\/uploads\/2023\/08\/11008860_BeSafe_iZi-Transfer_Light-Grey_Front_1.jpg","datePublished":"2020-06-30T11:01:35+00:00","dateModified":"2025-04-14T07:49:40+00:00","breadcrumb":{"@id":"https:\/\/najnaj.eu\/sl\/izdelek\/besafe-izi-transfer-svetlo-siva\/#breadcrumb"},"inLanguage":"sl-SI","potentialAction":[{"@type":"ReadAction","target":["https:\/\/najnaj.eu\/sl\/izdelek\/besafe-izi-transfer-svetlo-siva\/"]}]},{"@type":"ImageObject","inLanguage":"sl-SI","@id":"https:\/\/najnaj.eu\/sl\/izdelek\/besafe-izi-transfer-svetlo-siva\/#primaryimage","url":"https:\/\/najnaj.eu\/wp-content\/uploads\/2023\/08\/11008860_BeSafe_iZi-Transfer_Light-Grey_Front_1.jpg","contentUrl":"https:\/\/najnaj.eu\/wp-content\/uploads\/2023\/08\/11008860_BeSafe_iZi-Transfer_Light-Grey_Front_1.jpg","width":1080,"height":1080},{"@type":"BreadcrumbList","@id":"https:\/\/najnaj.eu\/sl\/izdelek\/besafe-izi-transfer-svetlo-siva\/#breadcrumb","itemListElement":[{"@type":"ListItem","position":1,"name":"Po\u010detna stranica","item":"https:\/\/najnaj.eu\/sl\/prednja-stran\/"},{"@type":"ListItem","position":2,"name":"Shop","item":"https:\/\/najnaj.eu\/sl\/shop\/"},{"@type":"ListItem","position":3,"name":"BeSafe iZi Transfer, svetlo siva"}]},{"@type":"WebSite","@id":"https:\/\/najnaj.eu\/sl\/#website","url":"https:\/\/najnaj.eu\/sl\/","name":"NajNaj.eu","description":"Za najva\u017enije!","publisher":{"@id":"https:\/\/najnaj.eu\/sl\/#organization"},"potentialAction":[{"@type":"SearchAction","target":{"@type":"EntryPoint","urlTemplate":"https:\/\/najnaj.eu\/sl\/?s={search_term_string}"},"query-input":{"@type":"PropertyValueSpecification","valueRequired":true,"valueName":"search_term_string"}}],"inLanguage":"sl-SI"},{"@type":"Organization","@id":"https:\/\/najnaj.eu\/sl\/#organization","name":"NajNaj.eu","url":"https:\/\/najnaj.eu\/sl\/","logo":{"@type":"ImageObject","inLanguage":"sl-SI","@id":"https:\/\/najnaj.eu\/sl\/#\/schema\/logo\/image\/","url":"https:\/\/najnaj.eu\/wp-content\/uploads\/2023\/09\/logo_Najnaj_2023.svg","contentUrl":"https:\/\/najnaj.eu\/wp-content\/uploads\/2023\/09\/logo_Najnaj_2023.svg","width":501,"height":278,"caption":"NajNaj.eu"},"image":{"@id":"https:\/\/najnaj.eu\/sl\/#\/schema\/logo\/image\/"},"sameAs":["https:\/\/web.facebook.com\/najnaj.eu\/","https:\/\/www.instagram.com\/najnaj.eu\/","https:\/\/www.tiktok.com\/@najnaj.eu"]}]},"product_price_amount":"39.99","product_price_currency":"EUR","og_availability":"out of stock","product_availability":"out of stock","product_retailer_item_id":"11008860-LightGrey","product_condition":"new"},"_links":{"self":[{"href":"https:\/\/najnaj.eu\/sl\/wp-json\/wp\/v2\/product\/195099","targetHints":{"allow":["GET"]}}],"collection":[{"href":"https:\/\/najnaj.eu\/sl\/wp-json\/wp\/v2\/product"}],"about":[{"href":"https:\/\/najnaj.eu\/sl\/wp-json\/wp\/v2\/types\/product"}],"replies":[{"embeddable":true,"href":"https:\/\/najnaj.eu\/sl\/wp-json\/wp\/v2\/comments?post=195099"}],"version-history":[{"count":0,"href":"https:\/\/najnaj.eu\/sl\/wp-json\/wp\/v2\/product\/195099\/revisions"}],"wp:featuredmedia":[{"embeddable":true,"href":"https:\/\/najnaj.eu\/sl\/wp-json\/wp\/v2\/media\/154225"}],"wp:attachment":[{"href":"https:\/\/najnaj.eu\/sl\/wp-json\/wp\/v2\/media?parent=195099"}],"wp:term":[{"taxonomy":"product_brand","embeddable":true,"href":"https:\/\/najnaj.eu\/sl\/wp-json\/wp\/v2\/product_brand?post=195099"},{"taxonomy":"product_cat","embeddable":true,"href":"https:\/\/najnaj.eu\/sl\/wp-json\/wp\/v2\/product_cat?post=195099"},{"taxonomy":"product_tag","embeddable":true,"href":"https:\/\/najnaj.eu\/sl\/wp-json\/wp\/v2\/product_tag?post=195099"}],"curies":[{"name":"wp","href":"https:\/\/api.w.org\/{rel}","templated":true}]}}