{"id":195085,"date":"2020-06-03T13:45:33","date_gmt":"2020-06-03T11:45:33","guid":{"rendered":"https:\/\/najnaj.eu\/proizvod\/besafe-ogledalo-xl%c2%b2-z-lucko\/"},"modified":"2026-04-24T04:48:42","modified_gmt":"2026-04-24T02:48:42","slug":"besafe-ogledalo-xl%c2%b2-z-lucko","status":"publish","type":"product","link":"https:\/\/najnaj.eu\/sl\/izdelek\/besafe-ogledalo-xl%c2%b2-z-lucko\/","title":{"rendered":"BeSafe ogledalo XL\u00b2 z lu\u010dko"},"content":{"rendered":"<p>Dnevno in no\u010dno ogledalo za stik z otroki, ki vozijo nasproti<\/p>\n<p><strong><b>Za udobna in varna potovanja<\/b><\/strong><\/p>\n<ul>\n<li>Omogo\u010da vam, da vidite otroke, ki se vozijo na sede\u017eih v nasprotni smeri, in komunicirajo drug z drugim<\/li>\n<li>Velika zrcalna povr\u0161ina omogo\u010da odli\u010den pogled na otroka<\/li>\n<li>Bolj konveksno ukrivljen dizajn za \u0161e \u0161ir\u0161i razpon gledanja<\/li>\n<li>Za najve\u010djo varnost je bil preizku\u0161en pri hitrosti tr\u010denja 64 km\/h<\/li>\n<\/ul>\n<p>&nbsp;<\/p>\n<p><strong><b>Enostavna namestitev in prilagoditev  <\/b><\/strong><\/p>\n<ul>\n<li>Varno prileganje okoli vzglavnika z dvema pritrditvenima pasovoma<\/li>\n<li>Za individualno prilagoditev avtomobilu se lahko enostavno vrti in nagiba v katero koli smer<\/li>\n<\/ul>\n<p>&nbsp;<\/p>\n<p><strong><b>Stik z enim klikom tudi v temi<\/b><\/strong><\/p>\n<ul>\n<li>Vsebuje LED lu\u010di, ki omogo\u010dajo, da otroka vidijo tudi v temi<\/li>\n<li>Aktivacija z enim klikom preko daljinskega upravljalnika z izbolj\u0161ano objemko, ki jo lahko pritrdite na avtomobilski sen\u010dnik<\/li>\n<li>Mehka osvetlitev prepre\u010duje, da bi se otrok prebudil<\/li>\n<li>Var\u010devanje z baterijo &#8211; samodejni izklop po 2 minutah<\/li>\n<\/ul>\n<p>&nbsp;<\/p>\n","protected":false},"excerpt":{"rendered":"<p>Nadgrajena razli\u010dica na\u0161ega vrhunskega ogledala, ogledalo BeSafe XL\u00b2, vam omogo\u010da ohranjanje stika z otrokom v avtosede\u017eu, obrnjenem nazaj, tako podnevi kot v temi. Ima lu\u010dke za daljinsko upravljanje in \u0161tevilne druge prakti\u010dne in nove funkcije.<\/p>\n","protected":false},"featured_media":154146,"comment_status":"open","ping_status":"closed","template":"","meta":{"_acf_changed":false,"footnotes":""},"product_brand":[],"product_cat":[1341,1334],"product_tag":[],"class_list":{"0":"post-195085","1":"product","2":"type-product","3":"status-publish","4":"has-post-thumbnail","6":"product_cat-dodatki-za-avtosedeze","7":"product_cat-dodatna-oprema-sl","8":"pa_brand-besafe-sl","10":"first","11":"outofstock","12":"purchasable","13":"product-type-simple"},"bundled_by":[],"bundle_stock_status":"outofstock","bundle_stock_quantity":0,"bundle_virtual":false,"bundle_layout":"","bundle_add_to_cart_form_location":"","bundle_editable_in_cart":false,"bundle_sold_individually_context":"","bundle_item_grouping":"","bundle_min_size":"","bundle_max_size":"","bundle_price":[],"bundled_items":[],"bundle_sell_ids":[],"acf":[],"yoast_head":"<!-- This site is optimized with the Yoast SEO Premium plugin v21.5 (Yoast SEO v27.5) - https:\/\/yoast.com\/product\/yoast-seo-premium-wordpress\/ -->\n<title>BeSafe ogledalo XL\u00b2 z lu\u010dko - NajNaj.eu<\/title>\n<meta name=\"robots\" content=\"index, follow, max-snippet:-1, max-image-preview:large, max-video-preview:-1\" \/>\n<link rel=\"canonical\" href=\"https:\/\/najnaj.eu\/sl\/izdelek\/besafe-ogledalo-xl%c2%b2-z-lucko\/\" \/>\n<meta property=\"og:locale\" content=\"sl_SI\" \/>\n<meta property=\"og:type\" content=\"article\" \/>\n<meta property=\"og:title\" content=\"BeSafe ogledalo XL\u00b2 z lu\u010dko\" \/>\n<meta property=\"og:description\" content=\"Nadgrajena razli\u010dica na\u0161ega vrhunskega ogledala, ogledalo BeSafe XL\u00b2, vam omogo\u010da ohranjanje stika z otrokom v avtosede\u017eu, obrnjenem nazaj, tako podnevi kot v temi. Ima lu\u010dke za daljinsko upravljanje in \u0161tevilne druge prakti\u010dne in nove funkcije.\" \/>\n<meta property=\"og:url\" content=\"https:\/\/najnaj.eu\/sl\/izdelek\/besafe-ogledalo-xl%c2%b2-z-lucko\/\" \/>\n<meta property=\"og:site_name\" content=\"NajNaj.eu\" \/>\n<meta property=\"article:publisher\" content=\"https:\/\/web.facebook.com\/najnaj.eu\/\" \/>\n<meta property=\"article:modified_time\" content=\"2026-04-24T02:48:42+00:00\" \/>\n<meta property=\"og:image\" content=\"https:\/\/najnaj.eu\/wp-content\/uploads\/2023\/08\/BeSafe-ogledalo-XL-2.jpg\" \/>\n\t<meta property=\"og:image:width\" content=\"1981\" \/>\n\t<meta property=\"og:image:height\" content=\"1324\" \/>\n\t<meta property=\"og:image:type\" content=\"image\/jpeg\" \/>\n<meta name=\"twitter:card\" content=\"summary_large_image\" \/>\n<meta name=\"twitter:label1\" content=\"Price\" \/>\n\t<meta name=\"twitter:data1\" content=\"35,99&nbsp;&euro;\" \/>\n\t<meta name=\"twitter:label2\" content=\"Availability\" \/>\n\t<meta name=\"twitter:data2\" content=\"Out of stock\" \/>\n<script type=\"application\/ld+json\" class=\"yoast-schema-graph\">{\"@context\":\"https:\\\/\\\/schema.org\",\"@graph\":[{\"@type\":\"WebPage\",\"@id\":\"https:\\\/\\\/najnaj.eu\\\/sl\\\/izdelek\\\/besafe-ogledalo-xl%c2%b2-z-lucko\\\/\",\"url\":\"https:\\\/\\\/najnaj.eu\\\/sl\\\/izdelek\\\/besafe-ogledalo-xl%c2%b2-z-lucko\\\/\",\"name\":\"BeSafe ogledalo XL\u00b2 z lu\u010dko - NajNaj.eu\",\"isPartOf\":{\"@id\":\"https:\\\/\\\/najnaj.eu\\\/sl\\\/#website\"},\"primaryImageOfPage\":{\"@id\":\"https:\\\/\\\/najnaj.eu\\\/sl\\\/izdelek\\\/besafe-ogledalo-xl%c2%b2-z-lucko\\\/#primaryimage\"},\"image\":{\"@id\":\"https:\\\/\\\/najnaj.eu\\\/sl\\\/izdelek\\\/besafe-ogledalo-xl%c2%b2-z-lucko\\\/#primaryimage\"},\"thumbnailUrl\":\"https:\\\/\\\/najnaj.eu\\\/wp-content\\\/uploads\\\/2023\\\/08\\\/BeSafe-ogledalo-XL-2.jpg\",\"datePublished\":\"2020-06-03T11:45:33+00:00\",\"dateModified\":\"2026-04-24T02:48:42+00:00\",\"breadcrumb\":{\"@id\":\"https:\\\/\\\/najnaj.eu\\\/sl\\\/izdelek\\\/besafe-ogledalo-xl%c2%b2-z-lucko\\\/#breadcrumb\"},\"inLanguage\":\"sl-SI\",\"potentialAction\":[{\"@type\":\"ReadAction\",\"target\":[\"https:\\\/\\\/najnaj.eu\\\/sl\\\/izdelek\\\/besafe-ogledalo-xl%c2%b2-z-lucko\\\/\"]}]},{\"@type\":\"ImageObject\",\"inLanguage\":\"sl-SI\",\"@id\":\"https:\\\/\\\/najnaj.eu\\\/sl\\\/izdelek\\\/besafe-ogledalo-xl%c2%b2-z-lucko\\\/#primaryimage\",\"url\":\"https:\\\/\\\/najnaj.eu\\\/wp-content\\\/uploads\\\/2023\\\/08\\\/BeSafe-ogledalo-XL-2.jpg\",\"contentUrl\":\"https:\\\/\\\/najnaj.eu\\\/wp-content\\\/uploads\\\/2023\\\/08\\\/BeSafe-ogledalo-XL-2.jpg\",\"width\":1981,\"height\":1324},{\"@type\":\"BreadcrumbList\",\"@id\":\"https:\\\/\\\/najnaj.eu\\\/sl\\\/izdelek\\\/besafe-ogledalo-xl%c2%b2-z-lucko\\\/#breadcrumb\",\"itemListElement\":[{\"@type\":\"ListItem\",\"position\":1,\"name\":\"Po\u010detna stranica\",\"item\":\"https:\\\/\\\/najnaj.eu\\\/sl\\\/prednja-stran\\\/\"},{\"@type\":\"ListItem\",\"position\":2,\"name\":\"Shop\",\"item\":\"https:\\\/\\\/najnaj.eu\\\/sl\\\/shop\\\/\"},{\"@type\":\"ListItem\",\"position\":3,\"name\":\"BeSafe ogledalo XL\u00b2 z lu\u010dko\"}]},{\"@type\":\"WebSite\",\"@id\":\"https:\\\/\\\/najnaj.eu\\\/sl\\\/#website\",\"url\":\"https:\\\/\\\/najnaj.eu\\\/sl\\\/\",\"name\":\"NajNaj.eu\",\"description\":\"Za najva\u017enije!\",\"publisher\":{\"@id\":\"https:\\\/\\\/najnaj.eu\\\/sl\\\/#organization\"},\"potentialAction\":[{\"@type\":\"SearchAction\",\"target\":{\"@type\":\"EntryPoint\",\"urlTemplate\":\"https:\\\/\\\/najnaj.eu\\\/sl\\\/?s={search_term_string}\"},\"query-input\":{\"@type\":\"PropertyValueSpecification\",\"valueRequired\":true,\"valueName\":\"search_term_string\"}}],\"inLanguage\":\"sl-SI\"},{\"@type\":\"Organization\",\"@id\":\"https:\\\/\\\/najnaj.eu\\\/sl\\\/#organization\",\"name\":\"NajNaj.eu\",\"url\":\"https:\\\/\\\/najnaj.eu\\\/sl\\\/\",\"logo\":{\"@type\":\"ImageObject\",\"inLanguage\":\"sl-SI\",\"@id\":\"https:\\\/\\\/najnaj.eu\\\/sl\\\/#\\\/schema\\\/logo\\\/image\\\/\",\"url\":\"https:\\\/\\\/najnaj.eu\\\/wp-content\\\/uploads\\\/2023\\\/09\\\/logo_Najnaj_2023.svg\",\"contentUrl\":\"https:\\\/\\\/najnaj.eu\\\/wp-content\\\/uploads\\\/2023\\\/09\\\/logo_Najnaj_2023.svg\",\"width\":501,\"height\":278,\"caption\":\"NajNaj.eu\"},\"image\":{\"@id\":\"https:\\\/\\\/najnaj.eu\\\/sl\\\/#\\\/schema\\\/logo\\\/image\\\/\"},\"sameAs\":[\"https:\\\/\\\/web.facebook.com\\\/najnaj.eu\\\/\",\"https:\\\/\\\/www.instagram.com\\\/najnaj.eu\\\/\",\"https:\\\/\\\/www.tiktok.com\\\/@najnaj.eu\"]}]}<\/script>\n<meta property=\"product:brand\" content=\"BeSafe\" \/>\n<meta property=\"product:price:amount\" content=\"35.99\" \/>\n<meta property=\"product:price:currency\" content=\"EUR\" \/>\n<meta property=\"og:availability\" content=\"out of stock\" \/>\n<meta property=\"product:availability\" content=\"out of stock\" \/>\n<meta property=\"product:retailer_item_id\" content=\"11008430\" \/>\n<meta property=\"product:condition\" content=\"new\" \/>\n<!-- \/ Yoast SEO Premium plugin. -->","yoast_head_json":{"title":"BeSafe ogledalo XL\u00b2 z lu\u010dko - NajNaj.eu","robots":{"index":"index","follow":"follow","max-snippet":"max-snippet:-1","max-image-preview":"max-image-preview:large","max-video-preview":"max-video-preview:-1"},"canonical":"https:\/\/najnaj.eu\/sl\/izdelek\/besafe-ogledalo-xl%c2%b2-z-lucko\/","og_locale":"sl_SI","og_type":"article","og_title":"BeSafe ogledalo XL\u00b2 z lu\u010dko","og_description":"Nadgrajena razli\u010dica na\u0161ega vrhunskega ogledala, ogledalo BeSafe XL\u00b2, vam omogo\u010da ohranjanje stika z otrokom v avtosede\u017eu, obrnjenem nazaj, tako podnevi kot v temi. Ima lu\u010dke za daljinsko upravljanje in \u0161tevilne druge prakti\u010dne in nove funkcije.","og_url":"https:\/\/najnaj.eu\/sl\/izdelek\/besafe-ogledalo-xl%c2%b2-z-lucko\/","og_site_name":"NajNaj.eu","article_publisher":"https:\/\/web.facebook.com\/najnaj.eu\/","article_modified_time":"2026-04-24T02:48:42+00:00","og_image":[{"width":1981,"height":1324,"url":"https:\/\/najnaj.eu\/wp-content\/uploads\/2023\/08\/BeSafe-ogledalo-XL-2.jpg","type":"image\/jpeg"}],"twitter_card":"summary_large_image","twitter_misc":{"Price":"35,99&nbsp;&euro;","Availability":"Out of stock"},"schema":{"@context":"https:\/\/schema.org","@graph":[{"@type":"WebPage","@id":"https:\/\/najnaj.eu\/sl\/izdelek\/besafe-ogledalo-xl%c2%b2-z-lucko\/","url":"https:\/\/najnaj.eu\/sl\/izdelek\/besafe-ogledalo-xl%c2%b2-z-lucko\/","name":"BeSafe ogledalo XL\u00b2 z lu\u010dko - NajNaj.eu","isPartOf":{"@id":"https:\/\/najnaj.eu\/sl\/#website"},"primaryImageOfPage":{"@id":"https:\/\/najnaj.eu\/sl\/izdelek\/besafe-ogledalo-xl%c2%b2-z-lucko\/#primaryimage"},"image":{"@id":"https:\/\/najnaj.eu\/sl\/izdelek\/besafe-ogledalo-xl%c2%b2-z-lucko\/#primaryimage"},"thumbnailUrl":"https:\/\/najnaj.eu\/wp-content\/uploads\/2023\/08\/BeSafe-ogledalo-XL-2.jpg","datePublished":"2020-06-03T11:45:33+00:00","dateModified":"2026-04-24T02:48:42+00:00","breadcrumb":{"@id":"https:\/\/najnaj.eu\/sl\/izdelek\/besafe-ogledalo-xl%c2%b2-z-lucko\/#breadcrumb"},"inLanguage":"sl-SI","potentialAction":[{"@type":"ReadAction","target":["https:\/\/najnaj.eu\/sl\/izdelek\/besafe-ogledalo-xl%c2%b2-z-lucko\/"]}]},{"@type":"ImageObject","inLanguage":"sl-SI","@id":"https:\/\/najnaj.eu\/sl\/izdelek\/besafe-ogledalo-xl%c2%b2-z-lucko\/#primaryimage","url":"https:\/\/najnaj.eu\/wp-content\/uploads\/2023\/08\/BeSafe-ogledalo-XL-2.jpg","contentUrl":"https:\/\/najnaj.eu\/wp-content\/uploads\/2023\/08\/BeSafe-ogledalo-XL-2.jpg","width":1981,"height":1324},{"@type":"BreadcrumbList","@id":"https:\/\/najnaj.eu\/sl\/izdelek\/besafe-ogledalo-xl%c2%b2-z-lucko\/#breadcrumb","itemListElement":[{"@type":"ListItem","position":1,"name":"Po\u010detna stranica","item":"https:\/\/najnaj.eu\/sl\/prednja-stran\/"},{"@type":"ListItem","position":2,"name":"Shop","item":"https:\/\/najnaj.eu\/sl\/shop\/"},{"@type":"ListItem","position":3,"name":"BeSafe ogledalo XL\u00b2 z lu\u010dko"}]},{"@type":"WebSite","@id":"https:\/\/najnaj.eu\/sl\/#website","url":"https:\/\/najnaj.eu\/sl\/","name":"NajNaj.eu","description":"Za najva\u017enije!","publisher":{"@id":"https:\/\/najnaj.eu\/sl\/#organization"},"potentialAction":[{"@type":"SearchAction","target":{"@type":"EntryPoint","urlTemplate":"https:\/\/najnaj.eu\/sl\/?s={search_term_string}"},"query-input":{"@type":"PropertyValueSpecification","valueRequired":true,"valueName":"search_term_string"}}],"inLanguage":"sl-SI"},{"@type":"Organization","@id":"https:\/\/najnaj.eu\/sl\/#organization","name":"NajNaj.eu","url":"https:\/\/najnaj.eu\/sl\/","logo":{"@type":"ImageObject","inLanguage":"sl-SI","@id":"https:\/\/najnaj.eu\/sl\/#\/schema\/logo\/image\/","url":"https:\/\/najnaj.eu\/wp-content\/uploads\/2023\/09\/logo_Najnaj_2023.svg","contentUrl":"https:\/\/najnaj.eu\/wp-content\/uploads\/2023\/09\/logo_Najnaj_2023.svg","width":501,"height":278,"caption":"NajNaj.eu"},"image":{"@id":"https:\/\/najnaj.eu\/sl\/#\/schema\/logo\/image\/"},"sameAs":["https:\/\/web.facebook.com\/najnaj.eu\/","https:\/\/www.instagram.com\/najnaj.eu\/","https:\/\/www.tiktok.com\/@najnaj.eu"]}]},"product_brand":"BeSafe","product_price_amount":"35.99","product_price_currency":"EUR","og_availability":"out of stock","product_availability":"out of stock","product_retailer_item_id":"11008430","product_condition":"new"},"_links":{"self":[{"href":"https:\/\/najnaj.eu\/sl\/wp-json\/wp\/v2\/product\/195085","targetHints":{"allow":["GET"]}}],"collection":[{"href":"https:\/\/najnaj.eu\/sl\/wp-json\/wp\/v2\/product"}],"about":[{"href":"https:\/\/najnaj.eu\/sl\/wp-json\/wp\/v2\/types\/product"}],"replies":[{"embeddable":true,"href":"https:\/\/najnaj.eu\/sl\/wp-json\/wp\/v2\/comments?post=195085"}],"version-history":[{"count":0,"href":"https:\/\/najnaj.eu\/sl\/wp-json\/wp\/v2\/product\/195085\/revisions"}],"wp:featuredmedia":[{"embeddable":true,"href":"https:\/\/najnaj.eu\/sl\/wp-json\/wp\/v2\/media\/154146"}],"wp:attachment":[{"href":"https:\/\/najnaj.eu\/sl\/wp-json\/wp\/v2\/media?parent=195085"}],"wp:term":[{"taxonomy":"product_brand","embeddable":true,"href":"https:\/\/najnaj.eu\/sl\/wp-json\/wp\/v2\/product_brand?post=195085"},{"taxonomy":"product_cat","embeddable":true,"href":"https:\/\/najnaj.eu\/sl\/wp-json\/wp\/v2\/product_cat?post=195085"},{"taxonomy":"product_tag","embeddable":true,"href":"https:\/\/najnaj.eu\/sl\/wp-json\/wp\/v2\/product_tag?post=195085"}],"curies":[{"name":"wp","href":"https:\/\/api.w.org\/{rel}","templated":true}]}}