{"id":195082,"date":"2020-07-29T08:15:49","date_gmt":"2020-07-29T06:15:49","guid":{"rendered":"https:\/\/najnaj.eu\/proizvod\/aerosleep-safesleep-set-vzmetnica-zascita-za-vzmetnico-essential-70x140\/"},"modified":"2025-02-06T12:49:55","modified_gmt":"2025-02-06T11:49:55","slug":"aerosleep-safesleep-set-vzmetnica-zascita-za-vzmetnico-essential-70x140","status":"publish","type":"product","link":"https:\/\/najnaj.eu\/sl\/izdelek\/aerosleep-safesleep-set-vzmetnica-zascita-za-vzmetnico-essential-70x140\/","title":{"rendered":"AeroSleep SafeSleep set &#8211; vzmetnica + za\u0161\u010dita za vzmetnico ESSENTIAL 70&#215;140"},"content":{"rendered":"<h5><strong>Bistvo varnega spanja<\/strong><\/h5>\n<p><span data-sheets-value=\"{\"1\":2,\"2\":\"Ovaj Essential paket madraca i 3D za\u0161tite pru\u017ea osnovu za sigurno i zdravo okru\u017eenje za spavanje va\u0161eg djeteta. Dobra potpora za le\u0111a, sigurno disanje i optimalna higijena poma\u017eu va\u0161oj bebi da spava cijelu no\u0107. Osim toga, presvlaka madraca je odvojiva i periva u perilici. Savr\u0161ena kombinacija za siguran i bla\u017een san.\"}\" data-sheets-userformat=\"{\"2\":769,\"3\":{\"1\":0},\"11\":4,\"12\":0}\">Ta Essential paket vzmetnice in 3D za\u0161\u010dite zagotavlja osnovo za varno in zdravo spalno okolje za va\u0161ega otroka. Dobra opora za hrbet, varno dihanje in optimalna higiena pomagajo va\u0161emu dojen\u010dku spati vso no\u010d. Poleg tega je prevleka vzmetnice snemljiva in pralna v pralnem stroju. Popolna kombinacija za varen in bla\u017een spanec.<\/span><\/p>\n<h5><strong>Kako deluje tehnologija AeroSleep?<\/strong><\/h5>\n<p><span data-sheets-value=\"{\"1\":2,\"2\":\"AeroSleep\u00ae tehnologija sastoji se od 3 sloja koji va\u0161em djetetu uvijek omogu\u0107uju slobodno disanje, odr\u017eavanje odgovaraju\u0107e temperature i suho\u0107u. Svaki sloj AeroSleep 3D tehnologije ima va\u017enu funkciju kako bi va\u0161e dijete bilo sigurno i dobro tijekom spavanja:\"}\" data-sheets-userformat=\"{\"2\":769,\"3\":{\"1\":0},\"11\":4,\"12\":0}\">Tehnologija AeroSleep\u00ae je sestavljena iz 3 plasti, ki va\u0161emu otroku vedno omogo\u010dajo svobodno dihanje, ohranjanje primerne temperature in ostane suh. Vsaka plast tehnologije AeroSleep 3D ima pomembno funkcijo, da ohranja va\u0161ega otroka varnega in zdravega med spanjem:<\/span><\/p>\n<p><span data-sheets-value=\"{\"1\":2,\"2\":\"1. 3D strukturarnOvaj sloj osigurava propusnost zraka. Zahvaljuju\u0107i \u010dvrstoj strukturi 3D sa\u0107a, va\u0161e dijete le\u017ei na sloju zraka koji osigurava da uvijek mo\u017ee slobodno disati. Taj sloj zraka tako\u0111er preuzima temperaturu va\u0161eg djeteta i odr\u017eava je konstantnom.rnrn2. Upijaju\u0107i slojrnOvaj sloj odr\u017eava va\u0161e dijete suhim i sprje\u010dava iritaciju ko\u017ee. Vlaga prolazi kroz 3D strukturu i zatim je zadr\u017eava upijaju\u0107i sloj.rnrn3. Vodonepropusni slojrnDr\u017ei bakterije i alergene podalje od va\u0161eg djeteta kako bi se osigurala optimalna higijena!\"}\" data-sheets-userformat=\"{\"2\":769,\"3\":{\"1\":0},\"11\":4,\"12\":0}\" data-sheets-textstyleruns=\"{\"1\":0,\"2\":{\"5\":1}}\uee10{\"1\":15}\uee10{\"1\":261,\"2\":{\"5\":1}}\uee10{\"1\":278}\uee10{\"1\":415,\"2\":{\"5\":1}}\uee10{\"1\":437}\"><strong>1. 3D struktura<\/strong><br \/>\nTa plast zagotavlja prepustnost zraka. Zahvaljujo\u010d trdni strukturi 3D satja va\u0161 otrok le\u017ei na zra\u010dni plasti, ki zagotavlja, da lahko vedno prosto diha. Ta plast zraka tudi prevzame temperaturo va\u0161ega otroka in jo ohranja konstantno.<\/span><\/p>\n<p><strong>2. Vpojna plast<\/strong><br \/>\nTa plast ohranja va\u0161ega otroka suhega in prepre\u010duje dra\u017eenje ko\u017ee. Vlaga prehaja skozi 3D strukturo in jo nato zadr\u017ei vpojna plast.<\/p>\n<p><strong>3. Vodotesna plast<\/strong><br \/>\nBakterije in alergene zadr\u017euje stran od va\u0161ega otroka, da zagotovi optimalno higieno!<\/p>\n<p><strong>Lastnosti<\/strong><\/p>\n<p><span data-sheets-value=\"{\"1\":2,\"2\":\"2-u-1: madrac i za\u0161tita za madrac s 3D strukturom sa\u0107a.rnrn\u0160titnik za madrac \u0161titi Va\u0161eg mali\u0161ana zahvaljuju\u0107i znanstveno ispitanoj 3D strukturi; neometano disanje i reguliranje temperature. 3D struktura osigurava higijenske i suhe uvjete u svakom trenutku.\"}\" data-sheets-userformat=\"{\"2\":769,\"3\":{\"1\":0},\"11\":4,\"12\":0}\" data-sheets-textstyleruns=\"{\"1\":0,\"2\":{\"5\":1}}\uee10{\"1\":55}\"><strong>2-v-1: vzmetnica in za\u0161\u010dita za le\u017ei\u0161\u010de s 3D strukturo satja<\/strong> .<br \/>\nZa\u0161\u010dita za vzmetnico \u0161\u010diti va\u0161ega mal\u010dka zahvaljujo\u010d znanstveno testirani 3D strukturi; neovirano dihanje in uravnavanje temperature. 3D struktura zagotavlja higienske in suhe pogoje ves \u010das.<\/span><\/p>\n<p><span data-sheets-value=\"{\"1\":2,\"2\":\"Dobra podr\u0161ka za le\u0111annpolieterska jezgra madraca (30 kg\/m\u00b3 gusto\u0107e) koja nudi \u010dvrstu podlogu za dobru potporu i udobnost.\"}\" data-sheets-userformat=\"{\"2\":769,\"3\":{\"1\":0},\"11\":4,\"12\":0}\" data-sheets-textstyleruns=\"{\"1\":0,\"2\":{\"5\":1}}\uee10{\"1\":21}\"><strong>Dobra opora za hrbet<\/strong><br \/>\njedro le\u017ei\u0161\u010da iz polietra (30 kg\/m\u00b3 gostote), ki nudi trdno podlago za dobro oporo in udobje.<\/span><\/p>\n<p><span data-sheets-value=\"{\"1\":2,\"2\":\"Izvrsna kvaliteta i posve\u0107enost detaljimannSigurnost nam je glavni prioritet, ali svojim proizvodima tako\u0111er dajemo srce i usavr\u0161avamo ih do posljednjeg detalja!\"}\" data-sheets-userformat=\"{\"2\":769,\"3\":{\"1\":0},\"11\":4,\"12\":0}\" data-sheets-textstyleruns=\"{\"1\":0,\"2\":{\"5\":1}}\uee10{\"1\":41}\"><strong>Odli\u010dna kakovost in pozornost do podrobnosti<\/strong><br \/>\nVarnost je na\u0161a glavna prioriteta, a v svoje izdelke vlagamo srce in jih izpopolnjujemo do zadnje podrobnosti!<\/span><\/p>\n<p><strong>Certifikat<\/strong><\/p>\n<p><span data-sheets-value=\"{\"1\":2,\"2\":\"Svi na\u0161i proizvodi pro\u0161li su opse\u017ena znanstvena testiranja u neovisnim istra\u017eiva\u010dkim centrima, imaju Oeko-tex i Certipur certifikate i uskla\u0111eni su s EN 16980, op\u0107im europskim sigurnosnim standardom za madrace za bebe.\"}\" data-sheets-userformat=\"{\"2\":769,\"3\":{\"1\":0},\"11\":4,\"12\":0}\">Vsi na\u0161i izdelki so bili podvr\u017eeni obse\u017enemu znanstvenemu testiranju v neodvisnih raziskovalnih centrih, imajo certifikate Oeko-tex in Certipur ter so v skladu z EN 16980, splo\u0161nim evropskim varnostnim standardom za otro\u0161ke vzmetnice.<\/span><\/p>\n<p><strong>Tehni\u010dni podatki<\/strong><\/p>\n<p><span data-sheets-value=\"{\"1\":2,\"2\":\"Detalji o proizvodurnMadracrnrnJezgra madraca od visokokvalitetnog polieterarnMekana navlaka za madrac od 100% PESrnrn3D za\u0161tita za madracrnrn3D struktura s AeroSleep\u00ae tehnologijom: 100% PESrnUpijaju\u0107i sloj: 80% pamuk, 20% PESrnVodonepropusni sloj: 100% poliuretanrnZavr\u0161ni sloj: 100% PESrnKomprimirano i kompaktno zapakirano\"}\" data-sheets-userformat=\"{\"2\":513,\"3\":{\"1\":0},\"12\":0}\" data-sheets-textstyleruns=\"{\"1\":0,\"2\":{\"5\":1}}\uee10{\"1\":27}\uee10{\"1\":118,\"2\":{\"5\":1}}\uee10{\"1\":138}\"><strong>Podrobnosti produkta<\/strong><\/span><br \/>\n <span data-sheets-value=\"{\"1\":2,\"2\":\"Detalji o proizvodurnMadracrnrnJezgra madraca od visokokvalitetnog polieterarnMekana navlaka za madrac od 100% PESrnrn3D za\u0161tita za madracrnrn3D struktura s AeroSleep\u00ae tehnologijom: 100% PESrnUpijaju\u0107i sloj: 80% pamuk, 20% PESrnVodonepropusni sloj: 100% poliuretanrnZavr\u0161ni sloj: 100% PESrnKomprimirano i kompaktno zapakirano\"}\" data-sheets-userformat=\"{\"2\":513,\"3\":{\"1\":0},\"12\":0}\" data-sheets-textstyleruns=\"{\"1\":0,\"2\":{\"5\":1}}\uee10{\"1\":27}\uee10{\"1\":118,\"2\":{\"5\":1}}\uee10{\"1\":138}\"><strong>Vzmetnica<\/strong><\/span><br \/>\n <span data-sheets-value=\"{\"1\":2,\"2\":\"Detalji o proizvodurnMadracrnrnJezgra madraca od visokokvalitetnog polieterarnMekana navlaka za madrac od 100% PESrnrn3D za\u0161tita za madracrnrn3D struktura s AeroSleep\u00ae tehnologijom: 100% PESrnUpijaju\u0107i sloj: 80% pamuk, 20% PESrnVodonepropusni sloj: 100% poliuretanrnZavr\u0161ni sloj: 100% PESrnKomprimirano i kompaktno zapakirano\"}\" data-sheets-userformat=\"{\"2\":513,\"3\":{\"1\":0},\"12\":0}\" data-sheets-textstyleruns=\"{\"1\":0,\"2\":{\"5\":1}}\uee10{\"1\":27}\uee10{\"1\":118,\"2\":{\"5\":1}}\uee10{\"1\":138}\">Jedro le\u017ei\u0161\u010da iz visokokakovostnega poliestra<\/span><br \/>\n <span data-sheets-value=\"{\"1\":2,\"2\":\"Detalji o proizvodurnMadracrnrnJezgra madraca od visokokvalitetnog polieterarnMekana navlaka za madrac od 100% PESrnrn3D za\u0161tita za madracrnrn3D struktura s AeroSleep\u00ae tehnologijom: 100% PESrnUpijaju\u0107i sloj: 80% pamuk, 20% PESrnVodonepropusni sloj: 100% poliuretanrnZavr\u0161ni sloj: 100% PESrnKomprimirano i kompaktno zapakirano\"}\" data-sheets-userformat=\"{\"2\":513,\"3\":{\"1\":0},\"12\":0}\" data-sheets-textstyleruns=\"{\"1\":0,\"2\":{\"5\":1}}\uee10{\"1\":27}\uee10{\"1\":118,\"2\":{\"5\":1}}\uee10{\"1\":138}\">Mehka prevleka za vzmetnico iz 100% PES<\/span><\/p>\n<p><strong>3D za\u0161\u010dita za vzmetnico<\/strong><br \/>\n3D struktura s tehnologijo AeroSleep\u00ae: 100% PES<br \/>\nVpojna plast: 80% bomba\u017e, 20% PES<br \/>\nVodoodporna plast: 100% poliuretan<br \/>\nKon\u010dni sloj: 100% PES<br \/>\nStisnjeno in kompaktno zapakirano<\/p>\n<p><span data-sheets-value=\"{\"1\":2,\"2\":\"\u0160to je u kutiji?rn3D za\u0161titarnNeophodan madracrnUklonjiva navlaka za madrac s patentnim zatvara\u010demrnZatvara\u010d s oblakomrnupute\"}\" data-sheets-userformat=\"{\"2\":769,\"3\":{\"1\":0},\"11\":4,\"12\":0}\" data-sheets-textstyleruns=\"{\"1\":0,\"2\":{\"5\":1}}\uee10{\"1\":16}\"><strong>Kaj je v \u0161katli?<\/strong><br \/>\n3D za\u0161\u010dita<br \/>\nPotrebna vzmetnica<br \/>\nOdstranljiva prevleka za vzmetnico z zadrgo<br \/>\nZaklop v oblaku<br \/>\nnavodila<\/span><\/p>\n<p><span data-sheets-value=\"{\"1\":2,\"2\":\"Njega i kori\u0161tenjern3D za\u0161tita za madracrnrn3D Protector je periv u perilici na 60\u00b0C.rnrnNavlaka za madracrnrnMo\u017eete otkop\u010dati i ukloniti sve AeroSleep navlake za madrace i prati ih u perilici na 40\u00b0C.\"}\" data-sheets-userformat=\"{\"2\":769,\"3\":{\"1\":0},\"11\":4,\"12\":0}\" data-sheets-textstyleruns=\"{\"1\":0,\"2\":{\"5\":1}}\uee10{\"1\":42}\uee10{\"1\":89,\"2\":{\"5\":1}}\uee10{\"1\":106}\"><strong>Nega in uporaba<\/strong><br \/>\n<strong>3D za\u0161\u010dita za vzmetnico<\/strong><br \/>\n3D Protector je pralen v pralnem stroju pri 60\u00b0C.<\/span><\/p>\n<p><strong>Prevleka za vzmetnice<\/strong><br \/>\nVse prevleke za vzmetnice AeroSleep lahko odprete in odstranite ter operete v pralnem stroju pri 40\u00b0C.<\/p>\n","protected":false},"excerpt":{"rendered":"<ul>\n<li><span style=\"color: #3366ff;\" data-sheets-value=\"{\"1\":2,\"2\":\"Madrac s dobrom lumbalnom potporom!rnIzdr\u017eljiva jezgra vrhunske kvaliteternS mekom navlakom za madrac koja se mo\u017ee skinutirnSigurno disanje zajam\u010deno u svakom trenutku, regulacija temperature i upijanje vlage zahvaljuju\u0107i 3D tehnologijirnZadovoljava najstro\u017ee europske standarde za sigurnost beba: EN 16 890\"}\" data-sheets-userformat=\"{\"2\":769,\"3\":{\"1\":0},\"11\":4,\"12\":0}\">Vzmetnica z dobro ledveno oporo!<\/span><\/li>\n<li><span style=\"color: #3366ff;\" data-sheets-value=\"{\"1\":2,\"2\":\"Madrac s dobrom lumbalnom potporom!rnIzdr\u017eljiva jezgra vrhunske kvaliteternS mekom navlakom za madrac koja se mo\u017ee skinutirnSigurno disanje zajam\u010deno u svakom trenutku, regulacija temperature i upijanje vlage zahvaljuju\u0107i 3D tehnologijirnZadovoljava najstro\u017ee europske standarde za sigurnost beba: EN 16 890\"}\" data-sheets-userformat=\"{\"2\":769,\"3\":{\"1\":0},\"11\":4,\"12\":0}\">Vzdr\u017eljivo jedro vrhunske kakovosti<\/span><\/li>\n<li><span style=\"color: #3366ff;\" data-sheets-value=\"{\"1\":2,\"2\":\"Madrac s dobrom lumbalnom potporom!rnIzdr\u017eljiva jezgra vrhunske kvaliteternS mekom navlakom za madrac koja se mo\u017ee skinutirnSigurno disanje zajam\u010deno u svakom trenutku, regulacija temperature i upijanje vlage zahvaljuju\u0107i 3D tehnologijirnZadovoljava najstro\u017ee europske standarde za sigurnost beba: EN 16 890\"}\" data-sheets-userformat=\"{\"2\":769,\"3\":{\"1\":0},\"11\":4,\"12\":0}\">Z mehko prevleko za vzmetnico, ki se lahko odstrani<\/span><\/li>\n<li><span style=\"color: #3366ff;\" data-sheets-value=\"{\"1\":2,\"2\":\"Madrac s dobrom lumbalnom potporom!rnIzdr\u017eljiva jezgra vrhunske kvaliteternS mekom navlakom za madrac koja se mo\u017ee skinutirnSigurno disanje zajam\u010deno u svakom trenutku, regulacija temperature i upijanje vlage zahvaljuju\u0107i 3D tehnologijirnZadovoljava najstro\u017ee europske standarde za sigurnost beba: EN 16 890\"}\" data-sheets-userformat=\"{\"2\":769,\"3\":{\"1\":0},\"11\":4,\"12\":0}\">Zagotovljeno varno dihanje ves \u010das, regulacija temperature in vpijanje vlage zahvaljujo\u010d 3D tehnologiji<\/span><\/li>\n<li><span style=\"color: #3366ff;\" data-sheets-value=\"{\"1\":2,\"2\":\"Madrac s dobrom lumbalnom potporom!rnIzdr\u017eljiva jezgra vrhunske kvaliteternS mekom navlakom za madrac koja se mo\u017ee skinutirnSigurno disanje zajam\u010deno u svakom trenutku, regulacija temperature i upijanje vlage zahvaljuju\u0107i 3D tehnologijirnZadovoljava najstro\u017ee europske standarde za sigurnost beba: EN 16 890\"}\" data-sheets-userformat=\"{\"2\":769,\"3\":{\"1\":0},\"11\":4,\"12\":0}\">Ustreza najstro\u017ejim evropskim standardom za varnost dojen\u010dkov: EN 16 890<\/span><\/li>\n<\/ul>\n","protected":false},"featured_media":154332,"comment_status":"open","ping_status":"closed","template":"","meta":{"_acf_changed":false,"footnotes":""},"product_brand":[],"product_cat":[1288,1289],"product_tag":[],"class_list":{"0":"post-195082","1":"product","2":"type-product","3":"status-publish","4":"has-post-thumbnail","6":"product_cat-otroska-soba","7":"product_cat-otroska-soba-sl","8":"pa_brand-aerosleep-sl","10":"first","11":"instock","12":"sale","13":"purchasable","14":"product-type-simple"},"bundled_by":[],"bundle_stock_status":"instock","bundle_stock_quantity":2,"bundle_virtual":false,"bundle_layout":"","bundle_add_to_cart_form_location":"","bundle_editable_in_cart":false,"bundle_sold_individually_context":"","bundle_item_grouping":"","bundle_min_size":"","bundle_max_size":"","bundle_price":[],"bundled_items":[],"bundle_sell_ids":[],"acf":[],"yoast_head":"<!-- This site is optimized with the Yoast SEO Premium plugin v21.5 (Yoast SEO v27.4) - https:\/\/yoast.com\/product\/yoast-seo-premium-wordpress\/ -->\n<title>AeroSleep SafeSleep set - vzmetnica + za\u0161\u010dita za vzmetnico ESSENTIAL 70x140 - NajNaj.eu<\/title>\n<meta name=\"robots\" content=\"index, follow, max-snippet:-1, max-image-preview:large, max-video-preview:-1\" \/>\n<link rel=\"canonical\" href=\"https:\/\/najnaj.eu\/sl\/izdelek\/aerosleep-safesleep-set-vzmetnica-zascita-za-vzmetnico-essential-70x140\/\" \/>\n<meta property=\"og:locale\" content=\"sl_SI\" \/>\n<meta property=\"og:type\" content=\"article\" \/>\n<meta property=\"og:title\" content=\"AeroSleep SafeSleep set - vzmetnica + za\u0161\u010dita za vzmetnico ESSENTIAL 70x140\" \/>\n<meta property=\"og:description\" content=\"Vzmetnica z dobro ledveno oporo!  Vzdr\u017eljivo jedro vrhunske kakovosti  Z mehko prevleko za vzmetnico, ki se lahko odstrani  Zagotovljeno varno dihanje ves \u010das, regulacija temperature in vpijanje vlage zahvaljujo\u010d 3D tehnologiji  Ustreza najstro\u017ejim evropskim standardom za varnost dojen\u010dkov: EN 16 890\" \/>\n<meta property=\"og:url\" content=\"https:\/\/najnaj.eu\/sl\/izdelek\/aerosleep-safesleep-set-vzmetnica-zascita-za-vzmetnico-essential-70x140\/\" \/>\n<meta property=\"og:site_name\" content=\"NajNaj.eu\" \/>\n<meta property=\"article:publisher\" content=\"https:\/\/web.facebook.com\/najnaj.eu\/\" \/>\n<meta property=\"article:modified_time\" content=\"2025-02-06T11:49:55+00:00\" \/>\n<meta property=\"og:image\" content=\"https:\/\/najnaj.eu\/wp-content\/uploads\/2023\/08\/AM-ES-120-060-mattress-pack-detail.jpg\" \/>\n\t<meta property=\"og:image:width\" content=\"1152\" \/>\n\t<meta property=\"og:image:height\" content=\"768\" \/>\n\t<meta property=\"og:image:type\" content=\"image\/jpeg\" \/>\n<meta name=\"twitter:card\" content=\"summary_large_image\" \/>\n<meta name=\"twitter:label1\" content=\"Price\" \/>\n\t<meta name=\"twitter:data1\" content=\"179,95&nbsp;&euro;\" \/>\n\t<meta name=\"twitter:label2\" content=\"Availability\" \/>\n\t<meta name=\"twitter:data2\" content=\"In stock\" \/>\n<script type=\"application\/ld+json\" class=\"yoast-schema-graph\">{\"@context\":\"https:\\\/\\\/schema.org\",\"@graph\":[{\"@type\":\"WebPage\",\"@id\":\"https:\\\/\\\/najnaj.eu\\\/sl\\\/izdelek\\\/aerosleep-safesleep-set-vzmetnica-zascita-za-vzmetnico-essential-70x140\\\/\",\"url\":\"https:\\\/\\\/najnaj.eu\\\/sl\\\/izdelek\\\/aerosleep-safesleep-set-vzmetnica-zascita-za-vzmetnico-essential-70x140\\\/\",\"name\":\"AeroSleep SafeSleep set - vzmetnica + za\u0161\u010dita za vzmetnico ESSENTIAL 70x140 - NajNaj.eu\",\"isPartOf\":{\"@id\":\"https:\\\/\\\/najnaj.eu\\\/sl\\\/#website\"},\"primaryImageOfPage\":{\"@id\":\"https:\\\/\\\/najnaj.eu\\\/sl\\\/izdelek\\\/aerosleep-safesleep-set-vzmetnica-zascita-za-vzmetnico-essential-70x140\\\/#primaryimage\"},\"image\":{\"@id\":\"https:\\\/\\\/najnaj.eu\\\/sl\\\/izdelek\\\/aerosleep-safesleep-set-vzmetnica-zascita-za-vzmetnico-essential-70x140\\\/#primaryimage\"},\"thumbnailUrl\":\"https:\\\/\\\/najnaj.eu\\\/wp-content\\\/uploads\\\/2023\\\/08\\\/AM-ES-120-060-mattress-pack-detail.jpg\",\"datePublished\":\"2020-07-29T06:15:49+00:00\",\"dateModified\":\"2025-02-06T11:49:55+00:00\",\"breadcrumb\":{\"@id\":\"https:\\\/\\\/najnaj.eu\\\/sl\\\/izdelek\\\/aerosleep-safesleep-set-vzmetnica-zascita-za-vzmetnico-essential-70x140\\\/#breadcrumb\"},\"inLanguage\":\"sl-SI\",\"potentialAction\":[{\"@type\":\"ReadAction\",\"target\":[\"https:\\\/\\\/najnaj.eu\\\/sl\\\/izdelek\\\/aerosleep-safesleep-set-vzmetnica-zascita-za-vzmetnico-essential-70x140\\\/\"]}]},{\"@type\":\"ImageObject\",\"inLanguage\":\"sl-SI\",\"@id\":\"https:\\\/\\\/najnaj.eu\\\/sl\\\/izdelek\\\/aerosleep-safesleep-set-vzmetnica-zascita-za-vzmetnico-essential-70x140\\\/#primaryimage\",\"url\":\"https:\\\/\\\/najnaj.eu\\\/wp-content\\\/uploads\\\/2023\\\/08\\\/AM-ES-120-060-mattress-pack-detail.jpg\",\"contentUrl\":\"https:\\\/\\\/najnaj.eu\\\/wp-content\\\/uploads\\\/2023\\\/08\\\/AM-ES-120-060-mattress-pack-detail.jpg\",\"width\":1152,\"height\":768},{\"@type\":\"BreadcrumbList\",\"@id\":\"https:\\\/\\\/najnaj.eu\\\/sl\\\/izdelek\\\/aerosleep-safesleep-set-vzmetnica-zascita-za-vzmetnico-essential-70x140\\\/#breadcrumb\",\"itemListElement\":[{\"@type\":\"ListItem\",\"position\":1,\"name\":\"Po\u010detna stranica\",\"item\":\"https:\\\/\\\/najnaj.eu\\\/sl\\\/prednja-stran\\\/\"},{\"@type\":\"ListItem\",\"position\":2,\"name\":\"Shop\",\"item\":\"https:\\\/\\\/najnaj.eu\\\/sl\\\/shop\\\/\"},{\"@type\":\"ListItem\",\"position\":3,\"name\":\"AeroSleep SafeSleep set &#8211; vzmetnica + za\u0161\u010dita za vzmetnico ESSENTIAL 70&#215;140\"}]},{\"@type\":\"WebSite\",\"@id\":\"https:\\\/\\\/najnaj.eu\\\/sl\\\/#website\",\"url\":\"https:\\\/\\\/najnaj.eu\\\/sl\\\/\",\"name\":\"NajNaj.eu\",\"description\":\"Za najva\u017enije!\",\"publisher\":{\"@id\":\"https:\\\/\\\/najnaj.eu\\\/sl\\\/#organization\"},\"potentialAction\":[{\"@type\":\"SearchAction\",\"target\":{\"@type\":\"EntryPoint\",\"urlTemplate\":\"https:\\\/\\\/najnaj.eu\\\/sl\\\/?s={search_term_string}\"},\"query-input\":{\"@type\":\"PropertyValueSpecification\",\"valueRequired\":true,\"valueName\":\"search_term_string\"}}],\"inLanguage\":\"sl-SI\"},{\"@type\":\"Organization\",\"@id\":\"https:\\\/\\\/najnaj.eu\\\/sl\\\/#organization\",\"name\":\"NajNaj.eu\",\"url\":\"https:\\\/\\\/najnaj.eu\\\/sl\\\/\",\"logo\":{\"@type\":\"ImageObject\",\"inLanguage\":\"sl-SI\",\"@id\":\"https:\\\/\\\/najnaj.eu\\\/sl\\\/#\\\/schema\\\/logo\\\/image\\\/\",\"url\":\"https:\\\/\\\/najnaj.eu\\\/wp-content\\\/uploads\\\/2023\\\/09\\\/logo_Najnaj_2023.svg\",\"contentUrl\":\"https:\\\/\\\/najnaj.eu\\\/wp-content\\\/uploads\\\/2023\\\/09\\\/logo_Najnaj_2023.svg\",\"width\":501,\"height\":278,\"caption\":\"NajNaj.eu\"},\"image\":{\"@id\":\"https:\\\/\\\/najnaj.eu\\\/sl\\\/#\\\/schema\\\/logo\\\/image\\\/\"},\"sameAs\":[\"https:\\\/\\\/web.facebook.com\\\/najnaj.eu\\\/\",\"https:\\\/\\\/www.instagram.com\\\/najnaj.eu\\\/\",\"https:\\\/\\\/www.tiktok.com\\\/@najnaj.eu\"]}]}<\/script>\n<meta property=\"product:brand\" content=\"AeroSleep\" \/>\n<meta property=\"product:price:amount\" content=\"179.95\" \/>\n<meta property=\"product:price:currency\" content=\"EUR\" \/>\n<meta property=\"og:availability\" content=\"instock\" \/>\n<meta property=\"product:availability\" content=\"instock\" \/>\n<meta property=\"product:retailer_item_id\" content=\"AM-ES140\" \/>\n<meta property=\"product:condition\" content=\"new\" \/>\n<!-- \/ Yoast SEO Premium plugin. -->","yoast_head_json":{"title":"AeroSleep SafeSleep set - vzmetnica + za\u0161\u010dita za vzmetnico ESSENTIAL 70x140 - NajNaj.eu","robots":{"index":"index","follow":"follow","max-snippet":"max-snippet:-1","max-image-preview":"max-image-preview:large","max-video-preview":"max-video-preview:-1"},"canonical":"https:\/\/najnaj.eu\/sl\/izdelek\/aerosleep-safesleep-set-vzmetnica-zascita-za-vzmetnico-essential-70x140\/","og_locale":"sl_SI","og_type":"article","og_title":"AeroSleep SafeSleep set - vzmetnica + za\u0161\u010dita za vzmetnico ESSENTIAL 70x140","og_description":"Vzmetnica z dobro ledveno oporo!  Vzdr\u017eljivo jedro vrhunske kakovosti  Z mehko prevleko za vzmetnico, ki se lahko odstrani  Zagotovljeno varno dihanje ves \u010das, regulacija temperature in vpijanje vlage zahvaljujo\u010d 3D tehnologiji  Ustreza najstro\u017ejim evropskim standardom za varnost dojen\u010dkov: EN 16 890","og_url":"https:\/\/najnaj.eu\/sl\/izdelek\/aerosleep-safesleep-set-vzmetnica-zascita-za-vzmetnico-essential-70x140\/","og_site_name":"NajNaj.eu","article_publisher":"https:\/\/web.facebook.com\/najnaj.eu\/","article_modified_time":"2025-02-06T11:49:55+00:00","og_image":[{"width":1152,"height":768,"url":"https:\/\/najnaj.eu\/wp-content\/uploads\/2023\/08\/AM-ES-120-060-mattress-pack-detail.jpg","type":"image\/jpeg"}],"twitter_card":"summary_large_image","twitter_misc":{"Price":"179,95&nbsp;&euro;","Availability":"In stock"},"schema":{"@context":"https:\/\/schema.org","@graph":[{"@type":"WebPage","@id":"https:\/\/najnaj.eu\/sl\/izdelek\/aerosleep-safesleep-set-vzmetnica-zascita-za-vzmetnico-essential-70x140\/","url":"https:\/\/najnaj.eu\/sl\/izdelek\/aerosleep-safesleep-set-vzmetnica-zascita-za-vzmetnico-essential-70x140\/","name":"AeroSleep SafeSleep set - vzmetnica + za\u0161\u010dita za vzmetnico ESSENTIAL 70x140 - NajNaj.eu","isPartOf":{"@id":"https:\/\/najnaj.eu\/sl\/#website"},"primaryImageOfPage":{"@id":"https:\/\/najnaj.eu\/sl\/izdelek\/aerosleep-safesleep-set-vzmetnica-zascita-za-vzmetnico-essential-70x140\/#primaryimage"},"image":{"@id":"https:\/\/najnaj.eu\/sl\/izdelek\/aerosleep-safesleep-set-vzmetnica-zascita-za-vzmetnico-essential-70x140\/#primaryimage"},"thumbnailUrl":"https:\/\/najnaj.eu\/wp-content\/uploads\/2023\/08\/AM-ES-120-060-mattress-pack-detail.jpg","datePublished":"2020-07-29T06:15:49+00:00","dateModified":"2025-02-06T11:49:55+00:00","breadcrumb":{"@id":"https:\/\/najnaj.eu\/sl\/izdelek\/aerosleep-safesleep-set-vzmetnica-zascita-za-vzmetnico-essential-70x140\/#breadcrumb"},"inLanguage":"sl-SI","potentialAction":[{"@type":"ReadAction","target":["https:\/\/najnaj.eu\/sl\/izdelek\/aerosleep-safesleep-set-vzmetnica-zascita-za-vzmetnico-essential-70x140\/"]}]},{"@type":"ImageObject","inLanguage":"sl-SI","@id":"https:\/\/najnaj.eu\/sl\/izdelek\/aerosleep-safesleep-set-vzmetnica-zascita-za-vzmetnico-essential-70x140\/#primaryimage","url":"https:\/\/najnaj.eu\/wp-content\/uploads\/2023\/08\/AM-ES-120-060-mattress-pack-detail.jpg","contentUrl":"https:\/\/najnaj.eu\/wp-content\/uploads\/2023\/08\/AM-ES-120-060-mattress-pack-detail.jpg","width":1152,"height":768},{"@type":"BreadcrumbList","@id":"https:\/\/najnaj.eu\/sl\/izdelek\/aerosleep-safesleep-set-vzmetnica-zascita-za-vzmetnico-essential-70x140\/#breadcrumb","itemListElement":[{"@type":"ListItem","position":1,"name":"Po\u010detna stranica","item":"https:\/\/najnaj.eu\/sl\/prednja-stran\/"},{"@type":"ListItem","position":2,"name":"Shop","item":"https:\/\/najnaj.eu\/sl\/shop\/"},{"@type":"ListItem","position":3,"name":"AeroSleep SafeSleep set &#8211; vzmetnica + za\u0161\u010dita za vzmetnico ESSENTIAL 70&#215;140"}]},{"@type":"WebSite","@id":"https:\/\/najnaj.eu\/sl\/#website","url":"https:\/\/najnaj.eu\/sl\/","name":"NajNaj.eu","description":"Za najva\u017enije!","publisher":{"@id":"https:\/\/najnaj.eu\/sl\/#organization"},"potentialAction":[{"@type":"SearchAction","target":{"@type":"EntryPoint","urlTemplate":"https:\/\/najnaj.eu\/sl\/?s={search_term_string}"},"query-input":{"@type":"PropertyValueSpecification","valueRequired":true,"valueName":"search_term_string"}}],"inLanguage":"sl-SI"},{"@type":"Organization","@id":"https:\/\/najnaj.eu\/sl\/#organization","name":"NajNaj.eu","url":"https:\/\/najnaj.eu\/sl\/","logo":{"@type":"ImageObject","inLanguage":"sl-SI","@id":"https:\/\/najnaj.eu\/sl\/#\/schema\/logo\/image\/","url":"https:\/\/najnaj.eu\/wp-content\/uploads\/2023\/09\/logo_Najnaj_2023.svg","contentUrl":"https:\/\/najnaj.eu\/wp-content\/uploads\/2023\/09\/logo_Najnaj_2023.svg","width":501,"height":278,"caption":"NajNaj.eu"},"image":{"@id":"https:\/\/najnaj.eu\/sl\/#\/schema\/logo\/image\/"},"sameAs":["https:\/\/web.facebook.com\/najnaj.eu\/","https:\/\/www.instagram.com\/najnaj.eu\/","https:\/\/www.tiktok.com\/@najnaj.eu"]}]},"product_brand":"AeroSleep","product_price_amount":"179.95","product_price_currency":"EUR","og_availability":"instock","product_availability":"instock","product_retailer_item_id":"AM-ES140","product_condition":"new"},"_links":{"self":[{"href":"https:\/\/najnaj.eu\/sl\/wp-json\/wp\/v2\/product\/195082","targetHints":{"allow":["GET"]}}],"collection":[{"href":"https:\/\/najnaj.eu\/sl\/wp-json\/wp\/v2\/product"}],"about":[{"href":"https:\/\/najnaj.eu\/sl\/wp-json\/wp\/v2\/types\/product"}],"replies":[{"embeddable":true,"href":"https:\/\/najnaj.eu\/sl\/wp-json\/wp\/v2\/comments?post=195082"}],"version-history":[{"count":0,"href":"https:\/\/najnaj.eu\/sl\/wp-json\/wp\/v2\/product\/195082\/revisions"}],"wp:featuredmedia":[{"embeddable":true,"href":"https:\/\/najnaj.eu\/sl\/wp-json\/wp\/v2\/media\/154332"}],"wp:attachment":[{"href":"https:\/\/najnaj.eu\/sl\/wp-json\/wp\/v2\/media?parent=195082"}],"wp:term":[{"taxonomy":"product_brand","embeddable":true,"href":"https:\/\/najnaj.eu\/sl\/wp-json\/wp\/v2\/product_brand?post=195082"},{"taxonomy":"product_cat","embeddable":true,"href":"https:\/\/najnaj.eu\/sl\/wp-json\/wp\/v2\/product_cat?post=195082"},{"taxonomy":"product_tag","embeddable":true,"href":"https:\/\/najnaj.eu\/sl\/wp-json\/wp\/v2\/product_tag?post=195082"}],"curies":[{"name":"wp","href":"https:\/\/api.w.org\/{rel}","templated":true}]}}