{"id":195055,"date":"2020-07-29T08:55:30","date_gmt":"2020-07-29T06:55:30","guid":{"rendered":"https:\/\/najnaj.eu\/proizvod\/aerosleep-protection-za-otrosko-posteljo-60x120cm\/"},"modified":"2025-02-06T12:49:22","modified_gmt":"2025-02-06T11:49:22","slug":"aerosleep-protection-za-otrosko-posteljo-60x120cm","status":"publish","type":"product","link":"https:\/\/najnaj.eu\/sl\/izdelek\/aerosleep-protection-za-otrosko-posteljo-60x120cm\/","title":{"rendered":"AeroSleep Protection za otro\u0161ko posteljo 60x120cm"},"content":{"rendered":"<h5><strong>Varno diha, uravnava temperaturo in absorbira vlago<\/strong><\/h5>\n<p><span data-sheets-value=\"{\"1\":2,\"2\":\"Neovisni istra\u017eiva\u010dki centri podvrgli su 3D Protector opse\u017enim znanstvenim ispitivanjima. On uvijek omogu\u0107uje va\u0161em djetetu sigurno disanje, regulira toplinu i upija vlagu.nnSvaki sloj je dizajniran da omogu\u0107i va\u0161oj bebi da spava cijelu no\u0107 sigurno i u higijenskim uvjetima. 3D zra\u010dni sloj omogu\u0107uje slobodno disanje i odvo\u0111enje vi\u0161ka topline. Osim dobrog disanja i sigurne temperature, va\u0161e dijete je cijelo vrijeme suho. Sva vlaga prolazi kroz 3D strukturu do upijaju\u0107eg sloja kako se va\u0161 mali\u0161an ne bi rano probudio zbog iritacije ko\u017ee. Zahvaljuju\u0107i za\u0161titnom sloju, madrac ostaje suh, \u010dist i bez bakterija i alergena.nnPerivo u perilici rublja na 60\u00b0!\"}\" data-sheets-userformat=\"{\"2\":769,\"3\":{\"1\":0},\"11\":4,\"12\":0}\">Neodvisni raziskovalni centri so 3D Protector podvrgli obse\u017enemu znanstvenemu testiranju. Otroku vedno omogo\u010da varno dihanje, uravnava toploto in absorbira vlago.<br \/>\nVsaka plast je zasnovana tako, da va\u0161emu dojen\u010dku omogo\u010da varno in higieni\u010dno spanje vso no\u010d. 3D zra\u010dna plast omogo\u010da prosto dihanje in odvajanje odve\u010dne toplote. Poleg dobrega dihanja in varne temperature je va\u0161 otrok vedno suh. Vsa vlaga prehaja skozi 3D strukturo do vpojne plasti, da se va\u0161 mal\u010dek ne zbuja pred\u010dasno zaradi razdra\u017eenosti ko\u017ee. Zahvaljujo\u010d za\u0161\u010ditni plasti le\u017ei\u0161\u010de ostane suho, \u010disto ter brez bakterij in alergenov.<br \/>\nPralno v pralnem stroju na 60\u00b0!<\/span><\/p>\n<h5><strong>Kako deluje tehnologija AeroSleep?<\/strong><\/h5>\n<p><span data-sheets-value=\"{\"1\":2,\"2\":\"AeroSleep\u00ae tehnologija sastoji se od 3 sloja koji va\u0161em djetetu uvijek omogu\u0107uju slobodno disanje, odr\u017eavanje odgovaraju\u0107e temperature i suho\u0107u. Svaki sloj AeroSleep 3D tehnologije ima va\u017enu funkciju kako bi va\u0161e dijete bilo sigurno i dobro tijekom spavanja:\"}\" data-sheets-userformat=\"{\"2\":769,\"3\":{\"1\":0},\"11\":4,\"12\":0}\">Tehnologija AeroSleep\u00ae je sestavljena iz 3 plasti, ki va\u0161emu otroku vedno omogo\u010dajo svobodno dihanje, ohranjanje primerne temperature in ostane suh. Vsaka plast tehnologije AeroSleep 3D ima pomembno funkcijo, da ohranja va\u0161ega otroka varnega in zdravega med spanjem:<\/span><\/p>\n<p><span data-sheets-value=\"{\"1\":2,\"2\":\"1. 3D strukturarnOvaj sloj osigurava propusnost zraka. Zahvaljuju\u0107i \u010dvrstoj strukturi 3D sa\u0107a, va\u0161e dijete le\u017ei na sloju zraka koji osigurava da uvijek mo\u017ee slobodno disati. Taj sloj zraka tako\u0111er preuzima temperaturu va\u0161eg djeteta i odr\u017eava je konstantnom.rnrn2. Upijaju\u0107i slojrnOvaj sloj odr\u017eava va\u0161e dijete suhim i sprje\u010dava iritaciju ko\u017ee. Vlaga prolazi kroz 3D strukturu i zatim je zadr\u017eava upijaju\u0107i sloj.rnrn3. Vodonepropusni slojrnDr\u017ei bakterije i alergene podalje od va\u0161eg djeteta kako bi se osigurala optimalna higijena!\"}\" data-sheets-userformat=\"{\"2\":769,\"3\":{\"1\":0},\"11\":4,\"12\":0}\" data-sheets-textstyleruns=\"{\"1\":0,\"2\":{\"5\":1}}\uee10{\"1\":15}\uee10{\"1\":261,\"2\":{\"5\":1}}\uee10{\"1\":278}\uee10{\"1\":415,\"2\":{\"5\":1}}\uee10{\"1\":437}\"><strong>1. 3D struktura<\/strong><br \/>\nTa plast zagotavlja prepustnost zraka. Zahvaljujo\u010d trdni strukturi 3D satja va\u0161 otrok le\u017ei na zra\u010dni plasti, ki zagotavlja, da lahko vedno prosto diha. Ta plast zraka tudi prevzame temperaturo va\u0161ega otroka in jo ohranja konstantno.<\/span><\/p>\n<p><strong>2. Vpojna plast<\/strong><br \/>\nTa plast ohranja va\u0161ega otroka suhega in prepre\u010duje dra\u017eenje ko\u017ee. Vlaga prehaja skozi 3D strukturo in jo nato zadr\u017ei vpojna plast.<\/p>\n<p><strong>3. Vodotesna plast<\/strong><br \/>\nBakterije in alergene zadr\u017euje stran od va\u0161ega otroka, da zagotovi optimalno higieno!<\/p>\n<p><strong>Certifikat<\/strong><\/p>\n<p><span data-sheets-value=\"{\"1\":2,\"2\":\"Svi na\u0161i proizvodi pro\u0161li su opse\u017ena znanstvena testiranja u neovisnim istra\u017eiva\u010dkim centrima, imaju Oeko-tex i Certipur certifikate i uskla\u0111eni su s EN 16980, op\u0107im europskim sigurnosnim standardom za madrace za bebe.\"}\" data-sheets-userformat=\"{\"2\":769,\"3\":{\"1\":0},\"11\":4,\"12\":0}\">Vsi na\u0161i izdelki so bili podvr\u017eeni obse\u017enemu znanstvenemu testiranju v neodvisnih raziskovalnih centrih, imajo certifikate Oeko-tex in Certipur ter so v skladu z EN 16980, splo\u0161nim evropskim varnostnim standardom za otro\u0161ke vzmetnice.<\/span><\/p>\n<p><strong>Tehni\u010dni podatki<\/strong><\/p>\n<p><span data-sheets-value=\"{\"1\":2,\"2\":\"Detalji o proizvodurn3D struktura s AeroSleep\u00ae tehnologijom: 100% PESrnUpijaju\u0107i sloj: 80% pamuk, 20% PESrnVodonepropusni sloj: 100% poliuretanrnZavr\u0161ni sloj: 100% PES\"}\" data-sheets-userformat=\"{\"2\":513,\"3\":{\"1\":0},\"12\":0}\" data-sheets-textstyleruns=\"{\"1\":0,\"2\":{\"5\":1}}\uee10{\"1\":19}\"><strong>Podrobnosti produkta<\/strong><br \/>\n3D struktura s tehnologijo AeroSleep\u00ae: 100% PES<br \/>\nVpojna plast: 80% bomba\u017e, 20% PES<br \/>\nVodoodporna plast: 100% poliuretan<br \/>\nKon\u010dni sloj: 100% PES<\/span><\/p>\n<p><span data-sheets-value=\"{\"1\":2,\"2\":\"\u0160to je u kutiji?rn3D za\u0161tita\"}\" data-sheets-userformat=\"{\"2\":513,\"3\":{\"1\":0},\"12\":0}\" data-sheets-textstyleruns=\"{\"1\":0,\"2\":{\"5\":1}}\uee10{\"1\":16}\"><strong>Kaj je v \u0161katli?<\/strong><br \/>\n3D za\u0161\u010dita<\/span><\/p>\n<p><span data-sheets-value=\"{\"1\":2,\"2\":\"Njega i kori\u0161tenjernPerivo u perilici na 60\u00b0C\"}\" data-sheets-userformat=\"{\"2\":513,\"3\":{\"1\":0},\"12\":0}\" data-sheets-textstyleruns=\"{\"1\":0,\"2\":{\"5\":1}}\uee10{\"1\":18}\"><strong>Nega in uporaba<\/strong><br \/>\nPralno v pralnem stroju pri 60\u00b0C<\/span><\/p>\n","protected":false},"excerpt":{"rendered":"<ul>\n<li><span style=\"color: #3366ff;\" data-sheets-value=\"{\"1\":2,\"2\":\"Za\u0161tita za madrac \u0161titi Va\u0161eg mali\u0161ana zahvaljuju\u0107i znanstveno testiranoj AeroSleep tehnologiji;rnNeometano disanje i regulacija temperature u svim okolnostima.rnOkru\u017eenje va\u0161eg djeteta odr\u017eava se higijenskim i suhim cijelo vrijeme.rnSprje\u010dava iritaciju ko\u017ee.rnPerivo u perilici na 60\u00b0C, pru\u017ea za\u0161titu od bakterija i alergena.rnKoristite AeroSleep plahte za optimalnu propusnost zraka. Dostupno zasebno.\"}\" data-sheets-userformat=\"{\"2\":769,\"3\":{\"1\":0},\"11\":4,\"12\":0}\">Za\u0161\u010dita za vzmetnico \u0161\u010diti va\u0161ega mal\u010dka zahvaljujo\u010d znanstveno preizku\u0161eni tehnologiji AeroSleep;<\/span><\/li>\n<li><span style=\"color: #3366ff;\" data-sheets-value=\"{\"1\":2,\"2\":\"Za\u0161tita za madrac \u0161titi Va\u0161eg mali\u0161ana zahvaljuju\u0107i znanstveno testiranoj AeroSleep tehnologiji;rnNeometano disanje i regulacija temperature u svim okolnostima.rnOkru\u017eenje va\u0161eg djeteta odr\u017eava se higijenskim i suhim cijelo vrijeme.rnSprje\u010dava iritaciju ko\u017ee.rnPerivo u perilici na 60\u00b0C, pru\u017ea za\u0161titu od bakterija i alergena.rnKoristite AeroSleep plahte za optimalnu propusnost zraka. Dostupno zasebno.\"}\" data-sheets-userformat=\"{\"2\":769,\"3\":{\"1\":0},\"11\":4,\"12\":0}\">Neovirano dihanje in uravnavanje temperature v vseh okoli\u0161\u010dinah.<\/span><\/li>\n<li><span style=\"color: #3366ff;\" data-sheets-value=\"{\"1\":2,\"2\":\"Za\u0161tita za madrac \u0161titi Va\u0161eg mali\u0161ana zahvaljuju\u0107i znanstveno testiranoj AeroSleep tehnologiji;rnNeometano disanje i regulacija temperature u svim okolnostima.rnOkru\u017eenje va\u0161eg djeteta odr\u017eava se higijenskim i suhim cijelo vrijeme.rnSprje\u010dava iritaciju ko\u017ee.rnPerivo u perilici na 60\u00b0C, pru\u017ea za\u0161titu od bakterija i alergena.rnKoristite AeroSleep plahte za optimalnu propusnost zraka. Dostupno zasebno.\"}\" data-sheets-userformat=\"{\"2\":769,\"3\":{\"1\":0},\"11\":4,\"12\":0}\">Okolje va\u0161ega otroka je ves \u010das higieni\u010dno in suho.<\/span><\/li>\n<li><span style=\"color: #3366ff;\" data-sheets-value=\"{\"1\":2,\"2\":\"Za\u0161tita za madrac \u0161titi Va\u0161eg mali\u0161ana zahvaljuju\u0107i znanstveno testiranoj AeroSleep tehnologiji;rnNeometano disanje i regulacija temperature u svim okolnostima.rnOkru\u017eenje va\u0161eg djeteta odr\u017eava se higijenskim i suhim cijelo vrijeme.rnSprje\u010dava iritaciju ko\u017ee.rnPerivo u perilici na 60\u00b0C, pru\u017ea za\u0161titu od bakterija i alergena.rnKoristite AeroSleep plahte za optimalnu propusnost zraka. Dostupno zasebno.\"}\" data-sheets-userformat=\"{\"2\":769,\"3\":{\"1\":0},\"11\":4,\"12\":0}\">Prepre\u010duje dra\u017eenje ko\u017ee.<\/span><\/li>\n<li><span style=\"color: #3366ff;\" data-sheets-value=\"{\"1\":2,\"2\":\"Za\u0161tita za madrac \u0161titi Va\u0161eg mali\u0161ana zahvaljuju\u0107i znanstveno testiranoj AeroSleep tehnologiji;rnNeometano disanje i regulacija temperature u svim okolnostima.rnOkru\u017eenje va\u0161eg djeteta odr\u017eava se higijenskim i suhim cijelo vrijeme.rnSprje\u010dava iritaciju ko\u017ee.rnPerivo u perilici na 60\u00b0C, pru\u017ea za\u0161titu od bakterija i alergena.rnKoristite AeroSleep plahte za optimalnu propusnost zraka. Dostupno zasebno.\"}\" data-sheets-userformat=\"{\"2\":769,\"3\":{\"1\":0},\"11\":4,\"12\":0}\">Pralno v pralnem stroju na 60\u00b0C, zagotavlja za\u0161\u010dito pred bakterijami in alergeni.<\/span><\/li>\n<li><span style=\"color: #3366ff;\" data-sheets-value=\"{\"1\":2,\"2\":\"Za\u0161tita za madrac \u0161titi Va\u0161eg mali\u0161ana zahvaljuju\u0107i znanstveno testiranoj AeroSleep tehnologiji;rnNeometano disanje i regulacija temperature u svim okolnostima.rnOkru\u017eenje va\u0161eg djeteta odr\u017eava se higijenskim i suhim cijelo vrijeme.rnSprje\u010dava iritaciju ko\u017ee.rnPerivo u perilici na 60\u00b0C, pru\u017ea za\u0161titu od bakterija i alergena.rnKoristite AeroSleep plahte za optimalnu propusnost zraka. Dostupno zasebno.\"}\" data-sheets-userformat=\"{\"2\":769,\"3\":{\"1\":0},\"11\":4,\"12\":0}\">Za optimalno prepustnost zraka uporabite rjuhe AeroSleep. Na voljo lo\u010deno.<\/span><\/li>\n<\/ul>\n","protected":false},"featured_media":154344,"comment_status":"open","ping_status":"closed","template":"","meta":{"_acf_changed":false,"footnotes":""},"product_brand":[],"product_cat":[1307],"product_tag":[],"class_list":{"0":"post-195055","1":"product","2":"type-product","3":"status-publish","4":"has-post-thumbnail","6":"product_cat-dodatki-za-otrosko-posteljico","7":"pa_brand-aerosleep-sl","9":"first","10":"instock","11":"sale","12":"purchasable","13":"product-type-simple"},"bundled_by":[],"bundle_stock_status":"instock","bundle_stock_quantity":2,"bundle_virtual":false,"bundle_layout":"","bundle_add_to_cart_form_location":"","bundle_editable_in_cart":false,"bundle_sold_individually_context":"","bundle_item_grouping":"","bundle_min_size":"","bundle_max_size":"","bundle_price":[],"bundled_items":[],"bundle_sell_ids":[],"acf":[],"yoast_head":"<!-- This site is optimized with the Yoast SEO Premium plugin v21.5 (Yoast SEO v27.4) - https:\/\/yoast.com\/product\/yoast-seo-premium-wordpress\/ -->\n<title>AeroSleep Protection za otro\u0161ko posteljo 60x120cm - NajNaj.eu<\/title>\n<meta name=\"robots\" content=\"index, follow, max-snippet:-1, max-image-preview:large, max-video-preview:-1\" \/>\n<link rel=\"canonical\" href=\"https:\/\/najnaj.eu\/sl\/izdelek\/aerosleep-protection-za-otrosko-posteljo-60x120cm\/\" \/>\n<meta property=\"og:locale\" content=\"sl_SI\" \/>\n<meta property=\"og:type\" content=\"article\" \/>\n<meta property=\"og:title\" content=\"AeroSleep Protection za otro\u0161ko posteljo 60x120cm\" \/>\n<meta property=\"og:description\" content=\"Za\u0161\u010dita za vzmetnico \u0161\u010diti va\u0161ega mal\u010dka zahvaljujo\u010d znanstveno preizku\u0161eni tehnologiji AeroSleep;  Neovirano dihanje in uravnavanje temperature v vseh okoli\u0161\u010dinah.  Okolje va\u0161ega otroka je ves \u010das higieni\u010dno in suho.  Prepre\u010duje dra\u017eenje ko\u017ee.  Pralno v pralnem stroju na 60\u00b0C, zagotavlja za\u0161\u010dito pred bakterijami in alergeni.  Za optimalno prepustnost zraka uporabite rjuhe AeroSleep. Na voljo lo\u010deno.\" \/>\n<meta property=\"og:url\" content=\"https:\/\/najnaj.eu\/sl\/izdelek\/aerosleep-protection-za-otrosko-posteljo-60x120cm\/\" \/>\n<meta property=\"og:site_name\" content=\"NajNaj.eu\" \/>\n<meta property=\"article:publisher\" content=\"https:\/\/web.facebook.com\/najnaj.eu\/\" \/>\n<meta property=\"article:modified_time\" content=\"2025-02-06T11:49:22+00:00\" \/>\n<meta property=\"og:image\" content=\"https:\/\/najnaj.eu\/wp-content\/uploads\/2023\/08\/Priority-picture-AP-120-060-folded.jpg\" \/>\n\t<meta property=\"og:image:width\" content=\"1152\" \/>\n\t<meta property=\"og:image:height\" content=\"768\" \/>\n\t<meta property=\"og:image:type\" content=\"image\/jpeg\" \/>\n<meta name=\"twitter:card\" content=\"summary_large_image\" \/>\n<meta name=\"twitter:label1\" content=\"Price\" \/>\n\t<meta name=\"twitter:data1\" content=\"74,95&nbsp;&euro;\" \/>\n\t<meta name=\"twitter:label2\" content=\"Availability\" \/>\n\t<meta name=\"twitter:data2\" content=\"In stock\" \/>\n<script type=\"application\/ld+json\" class=\"yoast-schema-graph\">{\"@context\":\"https:\\\/\\\/schema.org\",\"@graph\":[{\"@type\":\"WebPage\",\"@id\":\"https:\\\/\\\/najnaj.eu\\\/sl\\\/izdelek\\\/aerosleep-protection-za-otrosko-posteljo-60x120cm\\\/\",\"url\":\"https:\\\/\\\/najnaj.eu\\\/sl\\\/izdelek\\\/aerosleep-protection-za-otrosko-posteljo-60x120cm\\\/\",\"name\":\"AeroSleep Protection za otro\u0161ko posteljo 60x120cm - NajNaj.eu\",\"isPartOf\":{\"@id\":\"https:\\\/\\\/najnaj.eu\\\/sl\\\/#website\"},\"primaryImageOfPage\":{\"@id\":\"https:\\\/\\\/najnaj.eu\\\/sl\\\/izdelek\\\/aerosleep-protection-za-otrosko-posteljo-60x120cm\\\/#primaryimage\"},\"image\":{\"@id\":\"https:\\\/\\\/najnaj.eu\\\/sl\\\/izdelek\\\/aerosleep-protection-za-otrosko-posteljo-60x120cm\\\/#primaryimage\"},\"thumbnailUrl\":\"https:\\\/\\\/najnaj.eu\\\/wp-content\\\/uploads\\\/2023\\\/08\\\/Priority-picture-AP-120-060-folded.jpg\",\"datePublished\":\"2020-07-29T06:55:30+00:00\",\"dateModified\":\"2025-02-06T11:49:22+00:00\",\"breadcrumb\":{\"@id\":\"https:\\\/\\\/najnaj.eu\\\/sl\\\/izdelek\\\/aerosleep-protection-za-otrosko-posteljo-60x120cm\\\/#breadcrumb\"},\"inLanguage\":\"sl-SI\",\"potentialAction\":[{\"@type\":\"ReadAction\",\"target\":[\"https:\\\/\\\/najnaj.eu\\\/sl\\\/izdelek\\\/aerosleep-protection-za-otrosko-posteljo-60x120cm\\\/\"]}]},{\"@type\":\"ImageObject\",\"inLanguage\":\"sl-SI\",\"@id\":\"https:\\\/\\\/najnaj.eu\\\/sl\\\/izdelek\\\/aerosleep-protection-za-otrosko-posteljo-60x120cm\\\/#primaryimage\",\"url\":\"https:\\\/\\\/najnaj.eu\\\/wp-content\\\/uploads\\\/2023\\\/08\\\/Priority-picture-AP-120-060-folded.jpg\",\"contentUrl\":\"https:\\\/\\\/najnaj.eu\\\/wp-content\\\/uploads\\\/2023\\\/08\\\/Priority-picture-AP-120-060-folded.jpg\",\"width\":1152,\"height\":768},{\"@type\":\"BreadcrumbList\",\"@id\":\"https:\\\/\\\/najnaj.eu\\\/sl\\\/izdelek\\\/aerosleep-protection-za-otrosko-posteljo-60x120cm\\\/#breadcrumb\",\"itemListElement\":[{\"@type\":\"ListItem\",\"position\":1,\"name\":\"Po\u010detna stranica\",\"item\":\"https:\\\/\\\/najnaj.eu\\\/sl\\\/prednja-stran\\\/\"},{\"@type\":\"ListItem\",\"position\":2,\"name\":\"Shop\",\"item\":\"https:\\\/\\\/najnaj.eu\\\/sl\\\/shop\\\/\"},{\"@type\":\"ListItem\",\"position\":3,\"name\":\"AeroSleep Protection za otro\u0161ko posteljo 60x120cm\"}]},{\"@type\":\"WebSite\",\"@id\":\"https:\\\/\\\/najnaj.eu\\\/sl\\\/#website\",\"url\":\"https:\\\/\\\/najnaj.eu\\\/sl\\\/\",\"name\":\"NajNaj.eu\",\"description\":\"Za najva\u017enije!\",\"publisher\":{\"@id\":\"https:\\\/\\\/najnaj.eu\\\/sl\\\/#organization\"},\"potentialAction\":[{\"@type\":\"SearchAction\",\"target\":{\"@type\":\"EntryPoint\",\"urlTemplate\":\"https:\\\/\\\/najnaj.eu\\\/sl\\\/?s={search_term_string}\"},\"query-input\":{\"@type\":\"PropertyValueSpecification\",\"valueRequired\":true,\"valueName\":\"search_term_string\"}}],\"inLanguage\":\"sl-SI\"},{\"@type\":\"Organization\",\"@id\":\"https:\\\/\\\/najnaj.eu\\\/sl\\\/#organization\",\"name\":\"NajNaj.eu\",\"url\":\"https:\\\/\\\/najnaj.eu\\\/sl\\\/\",\"logo\":{\"@type\":\"ImageObject\",\"inLanguage\":\"sl-SI\",\"@id\":\"https:\\\/\\\/najnaj.eu\\\/sl\\\/#\\\/schema\\\/logo\\\/image\\\/\",\"url\":\"https:\\\/\\\/najnaj.eu\\\/wp-content\\\/uploads\\\/2023\\\/09\\\/logo_Najnaj_2023.svg\",\"contentUrl\":\"https:\\\/\\\/najnaj.eu\\\/wp-content\\\/uploads\\\/2023\\\/09\\\/logo_Najnaj_2023.svg\",\"width\":501,\"height\":278,\"caption\":\"NajNaj.eu\"},\"image\":{\"@id\":\"https:\\\/\\\/najnaj.eu\\\/sl\\\/#\\\/schema\\\/logo\\\/image\\\/\"},\"sameAs\":[\"https:\\\/\\\/web.facebook.com\\\/najnaj.eu\\\/\",\"https:\\\/\\\/www.instagram.com\\\/najnaj.eu\\\/\",\"https:\\\/\\\/www.tiktok.com\\\/@najnaj.eu\"]}]}<\/script>\n<meta property=\"product:brand\" content=\"AeroSleep\" \/>\n<meta property=\"product:price:amount\" content=\"74.95\" \/>\n<meta property=\"product:price:currency\" content=\"EUR\" \/>\n<meta property=\"og:availability\" content=\"instock\" \/>\n<meta property=\"product:availability\" content=\"instock\" \/>\n<meta property=\"product:retailer_item_id\" content=\"AP-120-060-B\" \/>\n<meta property=\"product:condition\" content=\"new\" \/>\n<!-- \/ Yoast SEO Premium plugin. -->","yoast_head_json":{"title":"AeroSleep Protection za otro\u0161ko posteljo 60x120cm - NajNaj.eu","robots":{"index":"index","follow":"follow","max-snippet":"max-snippet:-1","max-image-preview":"max-image-preview:large","max-video-preview":"max-video-preview:-1"},"canonical":"https:\/\/najnaj.eu\/sl\/izdelek\/aerosleep-protection-za-otrosko-posteljo-60x120cm\/","og_locale":"sl_SI","og_type":"article","og_title":"AeroSleep Protection za otro\u0161ko posteljo 60x120cm","og_description":"Za\u0161\u010dita za vzmetnico \u0161\u010diti va\u0161ega mal\u010dka zahvaljujo\u010d znanstveno preizku\u0161eni tehnologiji AeroSleep;  Neovirano dihanje in uravnavanje temperature v vseh okoli\u0161\u010dinah.  Okolje va\u0161ega otroka je ves \u010das higieni\u010dno in suho.  Prepre\u010duje dra\u017eenje ko\u017ee.  Pralno v pralnem stroju na 60\u00b0C, zagotavlja za\u0161\u010dito pred bakterijami in alergeni.  Za optimalno prepustnost zraka uporabite rjuhe AeroSleep. Na voljo lo\u010deno.","og_url":"https:\/\/najnaj.eu\/sl\/izdelek\/aerosleep-protection-za-otrosko-posteljo-60x120cm\/","og_site_name":"NajNaj.eu","article_publisher":"https:\/\/web.facebook.com\/najnaj.eu\/","article_modified_time":"2025-02-06T11:49:22+00:00","og_image":[{"width":1152,"height":768,"url":"https:\/\/najnaj.eu\/wp-content\/uploads\/2023\/08\/Priority-picture-AP-120-060-folded.jpg","type":"image\/jpeg"}],"twitter_card":"summary_large_image","twitter_misc":{"Price":"74,95&nbsp;&euro;","Availability":"In stock"},"schema":{"@context":"https:\/\/schema.org","@graph":[{"@type":"WebPage","@id":"https:\/\/najnaj.eu\/sl\/izdelek\/aerosleep-protection-za-otrosko-posteljo-60x120cm\/","url":"https:\/\/najnaj.eu\/sl\/izdelek\/aerosleep-protection-za-otrosko-posteljo-60x120cm\/","name":"AeroSleep Protection za otro\u0161ko posteljo 60x120cm - NajNaj.eu","isPartOf":{"@id":"https:\/\/najnaj.eu\/sl\/#website"},"primaryImageOfPage":{"@id":"https:\/\/najnaj.eu\/sl\/izdelek\/aerosleep-protection-za-otrosko-posteljo-60x120cm\/#primaryimage"},"image":{"@id":"https:\/\/najnaj.eu\/sl\/izdelek\/aerosleep-protection-za-otrosko-posteljo-60x120cm\/#primaryimage"},"thumbnailUrl":"https:\/\/najnaj.eu\/wp-content\/uploads\/2023\/08\/Priority-picture-AP-120-060-folded.jpg","datePublished":"2020-07-29T06:55:30+00:00","dateModified":"2025-02-06T11:49:22+00:00","breadcrumb":{"@id":"https:\/\/najnaj.eu\/sl\/izdelek\/aerosleep-protection-za-otrosko-posteljo-60x120cm\/#breadcrumb"},"inLanguage":"sl-SI","potentialAction":[{"@type":"ReadAction","target":["https:\/\/najnaj.eu\/sl\/izdelek\/aerosleep-protection-za-otrosko-posteljo-60x120cm\/"]}]},{"@type":"ImageObject","inLanguage":"sl-SI","@id":"https:\/\/najnaj.eu\/sl\/izdelek\/aerosleep-protection-za-otrosko-posteljo-60x120cm\/#primaryimage","url":"https:\/\/najnaj.eu\/wp-content\/uploads\/2023\/08\/Priority-picture-AP-120-060-folded.jpg","contentUrl":"https:\/\/najnaj.eu\/wp-content\/uploads\/2023\/08\/Priority-picture-AP-120-060-folded.jpg","width":1152,"height":768},{"@type":"BreadcrumbList","@id":"https:\/\/najnaj.eu\/sl\/izdelek\/aerosleep-protection-za-otrosko-posteljo-60x120cm\/#breadcrumb","itemListElement":[{"@type":"ListItem","position":1,"name":"Po\u010detna stranica","item":"https:\/\/najnaj.eu\/sl\/prednja-stran\/"},{"@type":"ListItem","position":2,"name":"Shop","item":"https:\/\/najnaj.eu\/sl\/shop\/"},{"@type":"ListItem","position":3,"name":"AeroSleep Protection za otro\u0161ko posteljo 60x120cm"}]},{"@type":"WebSite","@id":"https:\/\/najnaj.eu\/sl\/#website","url":"https:\/\/najnaj.eu\/sl\/","name":"NajNaj.eu","description":"Za najva\u017enije!","publisher":{"@id":"https:\/\/najnaj.eu\/sl\/#organization"},"potentialAction":[{"@type":"SearchAction","target":{"@type":"EntryPoint","urlTemplate":"https:\/\/najnaj.eu\/sl\/?s={search_term_string}"},"query-input":{"@type":"PropertyValueSpecification","valueRequired":true,"valueName":"search_term_string"}}],"inLanguage":"sl-SI"},{"@type":"Organization","@id":"https:\/\/najnaj.eu\/sl\/#organization","name":"NajNaj.eu","url":"https:\/\/najnaj.eu\/sl\/","logo":{"@type":"ImageObject","inLanguage":"sl-SI","@id":"https:\/\/najnaj.eu\/sl\/#\/schema\/logo\/image\/","url":"https:\/\/najnaj.eu\/wp-content\/uploads\/2023\/09\/logo_Najnaj_2023.svg","contentUrl":"https:\/\/najnaj.eu\/wp-content\/uploads\/2023\/09\/logo_Najnaj_2023.svg","width":501,"height":278,"caption":"NajNaj.eu"},"image":{"@id":"https:\/\/najnaj.eu\/sl\/#\/schema\/logo\/image\/"},"sameAs":["https:\/\/web.facebook.com\/najnaj.eu\/","https:\/\/www.instagram.com\/najnaj.eu\/","https:\/\/www.tiktok.com\/@najnaj.eu"]}]},"product_brand":"AeroSleep","product_price_amount":"74.95","product_price_currency":"EUR","og_availability":"instock","product_availability":"instock","product_retailer_item_id":"AP-120-060-B","product_condition":"new"},"_links":{"self":[{"href":"https:\/\/najnaj.eu\/sl\/wp-json\/wp\/v2\/product\/195055","targetHints":{"allow":["GET"]}}],"collection":[{"href":"https:\/\/najnaj.eu\/sl\/wp-json\/wp\/v2\/product"}],"about":[{"href":"https:\/\/najnaj.eu\/sl\/wp-json\/wp\/v2\/types\/product"}],"replies":[{"embeddable":true,"href":"https:\/\/najnaj.eu\/sl\/wp-json\/wp\/v2\/comments?post=195055"}],"version-history":[{"count":0,"href":"https:\/\/najnaj.eu\/sl\/wp-json\/wp\/v2\/product\/195055\/revisions"}],"wp:featuredmedia":[{"embeddable":true,"href":"https:\/\/najnaj.eu\/sl\/wp-json\/wp\/v2\/media\/154344"}],"wp:attachment":[{"href":"https:\/\/najnaj.eu\/sl\/wp-json\/wp\/v2\/media?parent=195055"}],"wp:term":[{"taxonomy":"product_brand","embeddable":true,"href":"https:\/\/najnaj.eu\/sl\/wp-json\/wp\/v2\/product_brand?post=195055"},{"taxonomy":"product_cat","embeddable":true,"href":"https:\/\/najnaj.eu\/sl\/wp-json\/wp\/v2\/product_cat?post=195055"},{"taxonomy":"product_tag","embeddable":true,"href":"https:\/\/najnaj.eu\/sl\/wp-json\/wp\/v2\/product_tag?post=195055"}],"curies":[{"name":"wp","href":"https:\/\/api.w.org\/{rel}","templated":true}]}}