{"id":195024,"date":"2020-09-17T09:17:14","date_gmt":"2020-09-17T07:17:14","guid":{"rendered":"https:\/\/najnaj.eu\/proizvod\/spalna-vreca-swaddler-stellar\/"},"modified":"2026-03-24T11:07:47","modified_gmt":"2026-03-24T10:07:47","slug":"spalna-vreca-swaddler-stellar","status":"publish","type":"product","link":"https:\/\/najnaj.eu\/sl\/izdelek\/spalna-vreca-swaddler-stellar\/","title":{"rendered":"Spalna vre\u010da Ergobaby Swaddler, Stellar"},"content":{"rendered":"<h1 class=\"alt-font\"><span data-text-color=\"secondary\">Inovativen izdelek za miren in dolg spanec<\/span><\/h1>\n<p>&nbsp;<\/p>\n<p>Novope\u010deni star\u0161i imajo radi na\u0161ega Swaddlerja. Z uporabo spalne vre\u010de Ergobaby Swaddler varno, preprosto in u\u010dinkovito poskrbimo za dalj\u0161i in bolj miren spanec otroka, z inovativnimi lastnostmi, ki prepre\u010dujejo, da bi se nenadno prebudil ali potegnil iz vre\u010de. Priporo\u010dajo ga matere in zdravstveni strokovnjaki.<br \/>\n Na\u0161a patentirana ergonomska zasnova omogo\u010da naravno gibanje otrokovih bokov in nog, kar priporo\u010da Mednarodni in\u0161titut za displazijo kolkov, snemljiva vre\u010dka za noge pa omogo\u010da menjavo plenice brez odvijanja ali zbujanja otroka.<br \/>\n Spalna vre\u010da Ergobaby Swaddler je edina spalna vre\u010da na trgu, ki vsebuje patentiran sistem \u201eHealthy Hip Positioner\u201c, ki zagotavlja ergonomsko pravilen in priporo\u010den t.i. &#8220;\u017eabji&#8221; polo\u017eaj nog za zdrav razvoj kolkov.   <\/p>\n<p>&nbsp;<\/p>\n<p>Lastnosti:<\/p>\n<ul>\n<li>Ergonomska oblika &#8211; ameri\u0161ki patent, vlo\u017eek Healthy Hip Positioner ohranja otrokove nogice in boke v pravilnem ergonomskem polo\u017eaju, ki omogo\u010da zdrav razvoj kolkov. Spalna vre\u010da Swaddler je zasnovana tudi tako, da dr\u017ei roke v naravnem &#8220;sr\u010dnem&#8221; polo\u017eaju (kar tudi prepre\u010duje, da bi si dojen\u010dek pomotoma opraskal obraz). <\/li>\n<li>Enostaven za uporabo &#8211; zagotavlja otrokovo udobje in varnost v samo nekaj preprostih korakih.<\/li>\n<li>Za\u0161\u010dita proti odvijanju &#8211; posebej oblikovani \u017eepi za roke in noge ohranjajo spalno vre\u010do Ergobaby Swaddler v fiksnem polo\u017eaju in prepre\u010dujejo njeno premikanje ali odvijanje.<\/li>\n<li>Edinstvena prakti\u010dnost &#8211; spalna vre\u010da Swaddler vsebuje originalni &#8220;premi\u010dni \u017eep za noge&#8221;, ki omogo\u010da hiter dostop do pleni\u010dke in enostavno previjanje dojen\u010dka.<\/li>\n<li>Za ovijanje in varen polo\u017eaj bokov skrbi kakovosten Velcro sistem.<\/li>\n<\/ul>\n","protected":false},"excerpt":{"rendered":"<p>&nbsp;<\/p>\n<ul>\n<li>dojen\u010dku omogo\u010da dalj\u0161i in mirnej\u0161i spanec<\/li>\n<li>ergonomsko oblikovana<\/li>\n<li>enostavno rokovanje in enostavno previjanje dojen\u010dka<\/li>\n<\/ul>\n<p>Za dojen\u010dke od 48 \u2013 61 cm \/ 2,7 \u2013 6,8 kg<\/p>\n<p>&nbsp;<\/p>\n<p><a href=\"https:\/\/ergobaby.hr\/wp-content\/uploads\/2018\/10\/Easy-To-Use.png\"><img loading=\"lazy\" decoding=\"async\" class=\"wp-image-6926 alignnone\" src=\"https:\/\/ergobaby.hr\/wp-content\/uploads\/2018\/10\/Easy-To-Use.png\" alt=\"\" width=\"23\" height=\"23\"><\/a>  Enostavna uporaba<\/p>\n<p><a href=\"https:\/\/ergobaby.hr\/wp-content\/uploads\/2018\/10\/Easy-Diaper-Change.png\"><img loading=\"lazy\" decoding=\"async\" class=\" wp-image-6930 alignnone\" src=\"https:\/\/ergobaby.hr\/wp-content\/uploads\/2018\/10\/Easy-Diaper-Change.png\" alt=\"\" width=\"28\" height=\"28\"><\/a>  Enostavna menjava plenic<\/p>\n<p><a href=\"https:\/\/ergobaby.hr\/wp-content\/uploads\/2018\/10\/Healthy-Hip-position.png\"><img loading=\"lazy\" decoding=\"async\" class=\" wp-image-6934 alignnone\" src=\"https:\/\/ergobaby.hr\/wp-content\/uploads\/2018\/10\/Healthy-Hip-position.png\" alt=\"\" width=\"28\" height=\"28\"><\/a>  Zdrav polo\u017eaj bokov<\/p>\n<p><a href=\"https:\/\/ergobaby.hr\/wp-content\/uploads\/2018\/10\/Escape-Proof.png\"><img loading=\"lazy\" decoding=\"async\" class=\" wp-image-6938 alignnone\" src=\"https:\/\/ergobaby.hr\/wp-content\/uploads\/2018\/10\/Escape-Proof.png\" alt=\"\" width=\"28\" height=\"28\"><\/a>  Za\u0161\u010dita pred izvlekom &#8211; \u017eepi za roke<\/p>\n<p><a href=\"https:\/\/ergobaby.hr\/wp-content\/uploads\/2019\/04\/Breathable-Cotton.png\"><img loading=\"lazy\" decoding=\"async\" class=\" wp-image-6998 alignnone\" src=\"https:\/\/ergobaby.hr\/wp-content\/uploads\/2019\/04\/Breathable-Cotton.png\" alt=\"\" width=\"27\" height=\"27\"><\/a>  Zra\u010den bomba\u017e<\/p>\n<p><a href=\"https:\/\/ergobaby.hr\/wp-content\/uploads\/2019\/04\/100_-Cotton.png\"><img loading=\"lazy\" decoding=\"async\" class=\" wp-image-7002 alignnone\" src=\"https:\/\/ergobaby.hr\/wp-content\/uploads\/2019\/04\/100_-Cotton.png\" alt=\"\" width=\"27\" height=\"27\"><\/a>  100 % bomba\u017e<\/p>\n","protected":false},"featured_media":154430,"comment_status":"open","ping_status":"closed","template":"","meta":{"_acf_changed":false,"footnotes":""},"product_brand":[],"product_cat":[1302,1313],"product_tag":[],"class_list":{"0":"post-195024","1":"product","2":"type-product","3":"status-publish","4":"has-post-thumbnail","6":"product_cat-spalne-vrece","7":"product_cat-swaddlers","8":"pa_boja-modra","9":"pa_brand-ergobaby-sl","11":"first","12":"instock","13":"purchasable","14":"product-type-simple"},"bundled_by":[],"bundle_stock_status":"instock","bundle_stock_quantity":15,"bundle_virtual":false,"bundle_layout":"","bundle_add_to_cart_form_location":"","bundle_editable_in_cart":false,"bundle_sold_individually_context":"","bundle_item_grouping":"","bundle_min_size":"","bundle_max_size":"","bundle_price":[],"bundled_items":[],"bundle_sell_ids":[],"acf":[],"yoast_head":"<!-- This site is optimized with the Yoast SEO Premium plugin v21.5 (Yoast SEO v27.4) - https:\/\/yoast.com\/product\/yoast-seo-premium-wordpress\/ -->\n<title>Spalna vre\u010da Ergobaby Swaddler, Stellar - NajNaj.eu<\/title>\n<meta name=\"robots\" content=\"index, follow, max-snippet:-1, max-image-preview:large, max-video-preview:-1\" \/>\n<link rel=\"canonical\" href=\"https:\/\/najnaj.eu\/sl\/izdelek\/spalna-vreca-swaddler-stellar\/\" \/>\n<meta property=\"og:locale\" content=\"sl_SI\" \/>\n<meta property=\"og:type\" content=\"article\" \/>\n<meta property=\"og:title\" content=\"Spalna vre\u010da Ergobaby Swaddler, Stellar\" \/>\n<meta property=\"og:description\" content=\"&nbsp;  dojen\u010dku omogo\u010da dalj\u0161i in mirnej\u0161i spanec  ergonomsko oblikovana  enostavno rokovanje in enostavno previjanje dojen\u010dka Za dojen\u010dke od 48 \u2013 61 cm \/ 2,7 \u2013 6,8 kg &nbsp;  Enostavna uporaba  Enostavna menjava plenic  Zdrav polo\u017eaj bokov  Za\u0161\u010dita pred izvlekom - \u017eepi za roke  Zra\u010den bomba\u017e  100 % bomba\u017e\" \/>\n<meta property=\"og:url\" content=\"https:\/\/najnaj.eu\/sl\/izdelek\/spalna-vreca-swaddler-stellar\/\" \/>\n<meta property=\"og:site_name\" content=\"NajNaj.eu\" \/>\n<meta property=\"article:publisher\" content=\"https:\/\/web.facebook.com\/najnaj.eu\/\" \/>\n<meta property=\"article:modified_time\" content=\"2026-03-24T10:07:47+00:00\" \/>\n<meta property=\"og:image\" content=\"https:\/\/najnaj.eu\/wp-content\/uploads\/2023\/08\/SWADDLER_STELLAR_SWASTELL_01-Large.jpg\" \/>\n\t<meta property=\"og:image:width\" content=\"960\" \/>\n\t<meta property=\"og:image:height\" content=\"1440\" \/>\n\t<meta property=\"og:image:type\" content=\"image\/jpeg\" \/>\n<meta name=\"twitter:card\" content=\"summary_large_image\" \/>\n<meta name=\"twitter:label1\" content=\"Price\" \/>\n\t<meta name=\"twitter:data1\" content=\"24,90&nbsp;&euro;\" \/>\n\t<meta name=\"twitter:label2\" content=\"Availability\" \/>\n\t<meta name=\"twitter:data2\" content=\"In stock\" \/>\n<script type=\"application\/ld+json\" class=\"yoast-schema-graph\">{\"@context\":\"https:\\\/\\\/schema.org\",\"@graph\":[{\"@type\":\"WebPage\",\"@id\":\"https:\\\/\\\/najnaj.eu\\\/sl\\\/izdelek\\\/spalna-vreca-swaddler-stellar\\\/\",\"url\":\"https:\\\/\\\/najnaj.eu\\\/sl\\\/izdelek\\\/spalna-vreca-swaddler-stellar\\\/\",\"name\":\"Spalna vre\u010da Ergobaby Swaddler, Stellar - NajNaj.eu\",\"isPartOf\":{\"@id\":\"https:\\\/\\\/najnaj.eu\\\/sl\\\/#website\"},\"primaryImageOfPage\":{\"@id\":\"https:\\\/\\\/najnaj.eu\\\/sl\\\/izdelek\\\/spalna-vreca-swaddler-stellar\\\/#primaryimage\"},\"image\":{\"@id\":\"https:\\\/\\\/najnaj.eu\\\/sl\\\/izdelek\\\/spalna-vreca-swaddler-stellar\\\/#primaryimage\"},\"thumbnailUrl\":\"https:\\\/\\\/najnaj.eu\\\/wp-content\\\/uploads\\\/2023\\\/08\\\/SWADDLER_STELLAR_SWASTELL_01-Large.jpg\",\"datePublished\":\"2020-09-17T07:17:14+00:00\",\"dateModified\":\"2026-03-24T10:07:47+00:00\",\"breadcrumb\":{\"@id\":\"https:\\\/\\\/najnaj.eu\\\/sl\\\/izdelek\\\/spalna-vreca-swaddler-stellar\\\/#breadcrumb\"},\"inLanguage\":\"sl-SI\",\"potentialAction\":[{\"@type\":\"ReadAction\",\"target\":[\"https:\\\/\\\/najnaj.eu\\\/sl\\\/izdelek\\\/spalna-vreca-swaddler-stellar\\\/\"]}]},{\"@type\":\"ImageObject\",\"inLanguage\":\"sl-SI\",\"@id\":\"https:\\\/\\\/najnaj.eu\\\/sl\\\/izdelek\\\/spalna-vreca-swaddler-stellar\\\/#primaryimage\",\"url\":\"https:\\\/\\\/najnaj.eu\\\/wp-content\\\/uploads\\\/2023\\\/08\\\/SWADDLER_STELLAR_SWASTELL_01-Large.jpg\",\"contentUrl\":\"https:\\\/\\\/najnaj.eu\\\/wp-content\\\/uploads\\\/2023\\\/08\\\/SWADDLER_STELLAR_SWASTELL_01-Large.jpg\",\"width\":960,\"height\":1440},{\"@type\":\"BreadcrumbList\",\"@id\":\"https:\\\/\\\/najnaj.eu\\\/sl\\\/izdelek\\\/spalna-vreca-swaddler-stellar\\\/#breadcrumb\",\"itemListElement\":[{\"@type\":\"ListItem\",\"position\":1,\"name\":\"Po\u010detna stranica\",\"item\":\"https:\\\/\\\/najnaj.eu\\\/sl\\\/prednja-stran\\\/\"},{\"@type\":\"ListItem\",\"position\":2,\"name\":\"Shop\",\"item\":\"https:\\\/\\\/najnaj.eu\\\/sl\\\/shop\\\/\"},{\"@type\":\"ListItem\",\"position\":3,\"name\":\"Spalna vre\u010da Ergobaby Swaddler, Stellar\"}]},{\"@type\":\"WebSite\",\"@id\":\"https:\\\/\\\/najnaj.eu\\\/sl\\\/#website\",\"url\":\"https:\\\/\\\/najnaj.eu\\\/sl\\\/\",\"name\":\"NajNaj.eu\",\"description\":\"Za najva\u017enije!\",\"publisher\":{\"@id\":\"https:\\\/\\\/najnaj.eu\\\/sl\\\/#organization\"},\"potentialAction\":[{\"@type\":\"SearchAction\",\"target\":{\"@type\":\"EntryPoint\",\"urlTemplate\":\"https:\\\/\\\/najnaj.eu\\\/sl\\\/?s={search_term_string}\"},\"query-input\":{\"@type\":\"PropertyValueSpecification\",\"valueRequired\":true,\"valueName\":\"search_term_string\"}}],\"inLanguage\":\"sl-SI\"},{\"@type\":\"Organization\",\"@id\":\"https:\\\/\\\/najnaj.eu\\\/sl\\\/#organization\",\"name\":\"NajNaj.eu\",\"url\":\"https:\\\/\\\/najnaj.eu\\\/sl\\\/\",\"logo\":{\"@type\":\"ImageObject\",\"inLanguage\":\"sl-SI\",\"@id\":\"https:\\\/\\\/najnaj.eu\\\/sl\\\/#\\\/schema\\\/logo\\\/image\\\/\",\"url\":\"https:\\\/\\\/najnaj.eu\\\/wp-content\\\/uploads\\\/2023\\\/09\\\/logo_Najnaj_2023.svg\",\"contentUrl\":\"https:\\\/\\\/najnaj.eu\\\/wp-content\\\/uploads\\\/2023\\\/09\\\/logo_Najnaj_2023.svg\",\"width\":501,\"height\":278,\"caption\":\"NajNaj.eu\"},\"image\":{\"@id\":\"https:\\\/\\\/najnaj.eu\\\/sl\\\/#\\\/schema\\\/logo\\\/image\\\/\"},\"sameAs\":[\"https:\\\/\\\/web.facebook.com\\\/najnaj.eu\\\/\",\"https:\\\/\\\/www.instagram.com\\\/najnaj.eu\\\/\",\"https:\\\/\\\/www.tiktok.com\\\/@najnaj.eu\"]}]}<\/script>\n<meta property=\"product:brand\" content=\"Ergobaby\" \/>\n<meta property=\"product:price:amount\" content=\"24.90\" \/>\n<meta property=\"product:price:currency\" content=\"EUR\" \/>\n<meta property=\"og:availability\" content=\"instock\" \/>\n<meta property=\"product:availability\" content=\"instock\" \/>\n<meta property=\"product:retailer_item_id\" content=\"SWASTELL\" \/>\n<meta property=\"product:condition\" content=\"new\" \/>\n<!-- \/ Yoast SEO Premium plugin. -->","yoast_head_json":{"title":"Spalna vre\u010da Ergobaby Swaddler, Stellar - NajNaj.eu","robots":{"index":"index","follow":"follow","max-snippet":"max-snippet:-1","max-image-preview":"max-image-preview:large","max-video-preview":"max-video-preview:-1"},"canonical":"https:\/\/najnaj.eu\/sl\/izdelek\/spalna-vreca-swaddler-stellar\/","og_locale":"sl_SI","og_type":"article","og_title":"Spalna vre\u010da Ergobaby Swaddler, Stellar","og_description":"&nbsp;  dojen\u010dku omogo\u010da dalj\u0161i in mirnej\u0161i spanec  ergonomsko oblikovana  enostavno rokovanje in enostavno previjanje dojen\u010dka Za dojen\u010dke od 48 \u2013 61 cm \/ 2,7 \u2013 6,8 kg &nbsp;  Enostavna uporaba  Enostavna menjava plenic  Zdrav polo\u017eaj bokov  Za\u0161\u010dita pred izvlekom - \u017eepi za roke  Zra\u010den bomba\u017e  100 % bomba\u017e","og_url":"https:\/\/najnaj.eu\/sl\/izdelek\/spalna-vreca-swaddler-stellar\/","og_site_name":"NajNaj.eu","article_publisher":"https:\/\/web.facebook.com\/najnaj.eu\/","article_modified_time":"2026-03-24T10:07:47+00:00","og_image":[{"width":960,"height":1440,"url":"https:\/\/najnaj.eu\/wp-content\/uploads\/2023\/08\/SWADDLER_STELLAR_SWASTELL_01-Large.jpg","type":"image\/jpeg"}],"twitter_card":"summary_large_image","twitter_misc":{"Price":"24,90&nbsp;&euro;","Availability":"In stock"},"schema":{"@context":"https:\/\/schema.org","@graph":[{"@type":"WebPage","@id":"https:\/\/najnaj.eu\/sl\/izdelek\/spalna-vreca-swaddler-stellar\/","url":"https:\/\/najnaj.eu\/sl\/izdelek\/spalna-vreca-swaddler-stellar\/","name":"Spalna vre\u010da Ergobaby Swaddler, Stellar - NajNaj.eu","isPartOf":{"@id":"https:\/\/najnaj.eu\/sl\/#website"},"primaryImageOfPage":{"@id":"https:\/\/najnaj.eu\/sl\/izdelek\/spalna-vreca-swaddler-stellar\/#primaryimage"},"image":{"@id":"https:\/\/najnaj.eu\/sl\/izdelek\/spalna-vreca-swaddler-stellar\/#primaryimage"},"thumbnailUrl":"https:\/\/najnaj.eu\/wp-content\/uploads\/2023\/08\/SWADDLER_STELLAR_SWASTELL_01-Large.jpg","datePublished":"2020-09-17T07:17:14+00:00","dateModified":"2026-03-24T10:07:47+00:00","breadcrumb":{"@id":"https:\/\/najnaj.eu\/sl\/izdelek\/spalna-vreca-swaddler-stellar\/#breadcrumb"},"inLanguage":"sl-SI","potentialAction":[{"@type":"ReadAction","target":["https:\/\/najnaj.eu\/sl\/izdelek\/spalna-vreca-swaddler-stellar\/"]}]},{"@type":"ImageObject","inLanguage":"sl-SI","@id":"https:\/\/najnaj.eu\/sl\/izdelek\/spalna-vreca-swaddler-stellar\/#primaryimage","url":"https:\/\/najnaj.eu\/wp-content\/uploads\/2023\/08\/SWADDLER_STELLAR_SWASTELL_01-Large.jpg","contentUrl":"https:\/\/najnaj.eu\/wp-content\/uploads\/2023\/08\/SWADDLER_STELLAR_SWASTELL_01-Large.jpg","width":960,"height":1440},{"@type":"BreadcrumbList","@id":"https:\/\/najnaj.eu\/sl\/izdelek\/spalna-vreca-swaddler-stellar\/#breadcrumb","itemListElement":[{"@type":"ListItem","position":1,"name":"Po\u010detna stranica","item":"https:\/\/najnaj.eu\/sl\/prednja-stran\/"},{"@type":"ListItem","position":2,"name":"Shop","item":"https:\/\/najnaj.eu\/sl\/shop\/"},{"@type":"ListItem","position":3,"name":"Spalna vre\u010da Ergobaby Swaddler, Stellar"}]},{"@type":"WebSite","@id":"https:\/\/najnaj.eu\/sl\/#website","url":"https:\/\/najnaj.eu\/sl\/","name":"NajNaj.eu","description":"Za najva\u017enije!","publisher":{"@id":"https:\/\/najnaj.eu\/sl\/#organization"},"potentialAction":[{"@type":"SearchAction","target":{"@type":"EntryPoint","urlTemplate":"https:\/\/najnaj.eu\/sl\/?s={search_term_string}"},"query-input":{"@type":"PropertyValueSpecification","valueRequired":true,"valueName":"search_term_string"}}],"inLanguage":"sl-SI"},{"@type":"Organization","@id":"https:\/\/najnaj.eu\/sl\/#organization","name":"NajNaj.eu","url":"https:\/\/najnaj.eu\/sl\/","logo":{"@type":"ImageObject","inLanguage":"sl-SI","@id":"https:\/\/najnaj.eu\/sl\/#\/schema\/logo\/image\/","url":"https:\/\/najnaj.eu\/wp-content\/uploads\/2023\/09\/logo_Najnaj_2023.svg","contentUrl":"https:\/\/najnaj.eu\/wp-content\/uploads\/2023\/09\/logo_Najnaj_2023.svg","width":501,"height":278,"caption":"NajNaj.eu"},"image":{"@id":"https:\/\/najnaj.eu\/sl\/#\/schema\/logo\/image\/"},"sameAs":["https:\/\/web.facebook.com\/najnaj.eu\/","https:\/\/www.instagram.com\/najnaj.eu\/","https:\/\/www.tiktok.com\/@najnaj.eu"]}]},"product_brand":"Ergobaby","product_price_amount":"24.90","product_price_currency":"EUR","og_availability":"instock","product_availability":"instock","product_retailer_item_id":"SWASTELL","product_condition":"new"},"_links":{"self":[{"href":"https:\/\/najnaj.eu\/sl\/wp-json\/wp\/v2\/product\/195024","targetHints":{"allow":["GET"]}}],"collection":[{"href":"https:\/\/najnaj.eu\/sl\/wp-json\/wp\/v2\/product"}],"about":[{"href":"https:\/\/najnaj.eu\/sl\/wp-json\/wp\/v2\/types\/product"}],"replies":[{"embeddable":true,"href":"https:\/\/najnaj.eu\/sl\/wp-json\/wp\/v2\/comments?post=195024"}],"version-history":[{"count":0,"href":"https:\/\/najnaj.eu\/sl\/wp-json\/wp\/v2\/product\/195024\/revisions"}],"wp:featuredmedia":[{"embeddable":true,"href":"https:\/\/najnaj.eu\/sl\/wp-json\/wp\/v2\/media\/154430"}],"wp:attachment":[{"href":"https:\/\/najnaj.eu\/sl\/wp-json\/wp\/v2\/media?parent=195024"}],"wp:term":[{"taxonomy":"product_brand","embeddable":true,"href":"https:\/\/najnaj.eu\/sl\/wp-json\/wp\/v2\/product_brand?post=195024"},{"taxonomy":"product_cat","embeddable":true,"href":"https:\/\/najnaj.eu\/sl\/wp-json\/wp\/v2\/product_cat?post=195024"},{"taxonomy":"product_tag","embeddable":true,"href":"https:\/\/najnaj.eu\/sl\/wp-json\/wp\/v2\/product_tag?post=195024"}],"curies":[{"name":"wp","href":"https:\/\/api.w.org\/{rel}","templated":true}]}}