{"id":195020,"date":"2020-09-17T08:28:30","date_gmt":"2020-09-17T06:28:30","guid":{"rendered":"https:\/\/najnaj.eu\/proizvod\/klasicna-spalna-vreca-cozy-tog-2-5-elephant\/"},"modified":"2026-03-24T11:08:46","modified_gmt":"2026-03-24T10:08:46","slug":"klasicna-spalna-vreca-cozy-tog-2-5-elephant","status":"publish","type":"product","link":"https:\/\/najnaj.eu\/sl\/izdelek\/klasicna-spalna-vreca-cozy-tog-2-5-elephant\/","title":{"rendered":"Ergobaby Classic Cozy spalna vre\u010da (TOG 2.5), slon"},"content":{"rendered":"<h1 class=\"alt-font\"><span style=\"color: #f99b1c;\">Udobje in toplina za va\u0161ega otroka brez odeje, ki nenehno pada dol<\/span><\/h1>\n<p>&nbsp;<\/p>\n<p>Spalna vre\u010da Ergobaby Classic je izjemno mehka in udobna. Izdelana je iz ultra mehkega in zra\u010dnega 100 % bomba\u017ea. Na voljo je v treh debelinah: TOG 0,5 za poletje, TOG 1,0 za prehodna obdobja ali ogrevane prostore in TOG 2,5 za hladne zimske no\u010di. Vre\u010da omogo\u010da va\u0161emu otroku dalj\u0161i in mirnej\u0161i spanec, dvosmerna zadrga pa omogo\u010da izjemno hitro menjavo plenic. Vre\u010da je enostavna za uporabo, zato jo lahko oble\u010dete v hipu, ima pa tudi re\u017eo za pas za pritrditev na sede\u017e, otro\u0161ki stol\u010dek ali vozi\u010dek.    <\/p>\n<p><img loading=\"lazy\" decoding=\"async\" class=\"alignnone size-full wp-image-91685\" src=\"https:\/\/najnaj.eu\/wp-content\/uploads\/2023\/08\/Ergibaby-vreca-za-spavanje-infografika.jpeg\" alt=\"\" width=\"1052\" height=\"1053\"><\/p>\n","protected":false},"excerpt":{"rendered":"<p>Na\u0161a klasi\u010dna spalna vre\u010da je idealna za va\u0161ega dojen\u010dka, saj mu bo udobno in toplo, brez potrebe po odejah, ki padajo ali se ovijajo okoli njega, tako da lahko vsi brezskrbno po\u010divajo in spijo.<\/p>\n<ul>\n<li>omogo\u010da hitro menjavo plenic<\/li>\n<li>otroku zagotavlja dalj\u0161i in bolj miren spanec<\/li>\n<li>funkcionalen in enostaven za uporabo<\/li>\n<li>Debelina: TOG 2.5 (udobno &#8211; za zimo)<\/li>\n<\/ul>\n<p>Velikost S: 0 \u2013 6 mesecev \/ 46 \u2013 68 cm \/ 11,3 kg<\/p>\n<p>&nbsp;<\/p>\n<p><a href=\"https:\/\/ergobaby.hr\/wp-content\/uploads\/2018\/10\/Easy-To-Use.png\"><img loading=\"lazy\" decoding=\"async\" class=\"wp-image-6926 alignnone\" src=\"https:\/\/ergobaby.hr\/wp-content\/uploads\/2018\/10\/Easy-To-Use.png\" alt=\"\" width=\"23\" height=\"23\"><\/a>  Enostavna uporaba<\/p>\n<p><a href=\"https:\/\/ergobaby.hr\/wp-content\/uploads\/2018\/10\/Easy-Diaper-Change.png\"><img loading=\"lazy\" decoding=\"async\" class=\" wp-image-6930 alignnone\" src=\"https:\/\/ergobaby.hr\/wp-content\/uploads\/2018\/10\/Easy-Diaper-Change.png\" alt=\"\" width=\"28\" height=\"28\"><\/a>  Enostavna menjava plenic<\/p>\n<p><a href=\"https:\/\/ergobaby.hr\/wp-content\/uploads\/2019\/04\/Breathable-Cotton.png\"><img loading=\"lazy\" decoding=\"async\" class=\" wp-image-6998 alignnone\" src=\"https:\/\/ergobaby.hr\/wp-content\/uploads\/2019\/04\/Breathable-Cotton.png\" alt=\"\" width=\"27\" height=\"27\"><\/a>  Zra\u010den bomba\u017e<\/p>\n<p><a href=\"https:\/\/ergobaby.hr\/wp-content\/uploads\/2019\/04\/100_-Cotton.png\"><img loading=\"lazy\" decoding=\"async\" class=\" wp-image-7002 alignnone\" src=\"https:\/\/ergobaby.hr\/wp-content\/uploads\/2019\/04\/100_-Cotton.png\" alt=\"\" width=\"27\" height=\"27\"><\/a>  100 % bomba\u017e<\/p>\n","protected":false},"featured_media":154207,"comment_status":"open","ping_status":"closed","template":"","meta":{"_acf_changed":false,"footnotes":""},"product_brand":[],"product_cat":[1302,1368],"product_tag":[2282],"class_list":{"0":"post-195020","1":"product","2":"type-product","3":"status-publish","4":"has-post-thumbnail","6":"product_cat-spalne-vrece","7":"product_cat-zimske-spalne-vrece","8":"product_tag-zima-sl","9":"pa_boja-bela","10":"pa_boja-siva-sl","11":"pa_brand-ergobaby-sl","13":"first","14":"instock","15":"purchasable","16":"product-type-simple"},"bundled_by":[],"bundle_stock_status":"instock","bundle_stock_quantity":15,"bundle_virtual":false,"bundle_layout":"","bundle_add_to_cart_form_location":"","bundle_editable_in_cart":false,"bundle_sold_individually_context":"","bundle_item_grouping":"","bundle_min_size":"","bundle_max_size":"","bundle_price":[],"bundled_items":[],"bundle_sell_ids":[],"acf":[],"yoast_head":"<!-- This site is optimized with the Yoast SEO Premium plugin v21.5 (Yoast SEO v27.4) - https:\/\/yoast.com\/product\/yoast-seo-premium-wordpress\/ -->\n<title>Ergobaby Classic Cozy spalna vre\u010da (TOG 2.5), slon - NajNaj.eu<\/title>\n<meta name=\"robots\" content=\"index, follow, max-snippet:-1, max-image-preview:large, max-video-preview:-1\" \/>\n<link rel=\"canonical\" href=\"https:\/\/najnaj.eu\/sl\/izdelek\/klasicna-spalna-vreca-cozy-tog-2-5-elephant\/\" \/>\n<meta property=\"og:locale\" content=\"sl_SI\" \/>\n<meta property=\"og:type\" content=\"article\" \/>\n<meta property=\"og:title\" content=\"Ergobaby Classic Cozy spalna vre\u010da (TOG 2.5), slon\" \/>\n<meta property=\"og:description\" content=\"Na\u0161a klasi\u010dna spalna vre\u010da je idealna za va\u0161ega dojen\u010dka, saj mu bo udobno in toplo, brez potrebe po odejah, ki padajo ali se ovijajo okoli njega, tako da lahko vsi brezskrbno po\u010divajo in spijo.  omogo\u010da hitro menjavo plenic  otroku zagotavlja dalj\u0161i in bolj miren spanec  funkcionalen in enostaven za uporabo  Debelina: TOG 2.5 (udobno - za zimo) Velikost S: 0 \u2013 6 mesecev \/ 46 \u2013 68 cm \/ 11,3 kg &nbsp;  Enostavna uporaba  Enostavna menjava plenic  Zra\u010den bomba\u017e  100 % bomba\u017e\" \/>\n<meta property=\"og:url\" content=\"https:\/\/najnaj.eu\/sl\/izdelek\/klasicna-spalna-vreca-cozy-tog-2-5-elephant\/\" \/>\n<meta property=\"og:site_name\" content=\"NajNaj.eu\" \/>\n<meta property=\"article:publisher\" content=\"https:\/\/web.facebook.com\/najnaj.eu\/\" \/>\n<meta property=\"article:modified_time\" content=\"2026-03-24T10:08:46+00:00\" \/>\n<meta property=\"og:image\" content=\"https:\/\/najnaj.eu\/wp-content\/uploads\/2023\/08\/sleeping_bag_elephants_03-2.jpg\" \/>\n\t<meta property=\"og:image:width\" content=\"1080\" \/>\n\t<meta property=\"og:image:height\" content=\"1080\" \/>\n\t<meta property=\"og:image:type\" content=\"image\/jpeg\" \/>\n<meta name=\"twitter:card\" content=\"summary_large_image\" \/>\n<meta name=\"twitter:label1\" content=\"Price\" \/>\n\t<meta name=\"twitter:data1\" content=\"39,90&nbsp;&euro;\" \/>\n\t<meta name=\"twitter:label2\" content=\"Availability\" \/>\n\t<meta name=\"twitter:data2\" content=\"In stock\" \/>\n<script type=\"application\/ld+json\" class=\"yoast-schema-graph\">{\"@context\":\"https:\\\/\\\/schema.org\",\"@graph\":[{\"@type\":\"WebPage\",\"@id\":\"https:\\\/\\\/najnaj.eu\\\/sl\\\/izdelek\\\/klasicna-spalna-vreca-cozy-tog-2-5-elephant\\\/\",\"url\":\"https:\\\/\\\/najnaj.eu\\\/sl\\\/izdelek\\\/klasicna-spalna-vreca-cozy-tog-2-5-elephant\\\/\",\"name\":\"Ergobaby Classic Cozy spalna vre\u010da (TOG 2.5), slon - NajNaj.eu\",\"isPartOf\":{\"@id\":\"https:\\\/\\\/najnaj.eu\\\/sl\\\/#website\"},\"primaryImageOfPage\":{\"@id\":\"https:\\\/\\\/najnaj.eu\\\/sl\\\/izdelek\\\/klasicna-spalna-vreca-cozy-tog-2-5-elephant\\\/#primaryimage\"},\"image\":{\"@id\":\"https:\\\/\\\/najnaj.eu\\\/sl\\\/izdelek\\\/klasicna-spalna-vreca-cozy-tog-2-5-elephant\\\/#primaryimage\"},\"thumbnailUrl\":\"https:\\\/\\\/najnaj.eu\\\/wp-content\\\/uploads\\\/2023\\\/08\\\/sleeping_bag_elephants_03-2.jpg\",\"datePublished\":\"2020-09-17T06:28:30+00:00\",\"dateModified\":\"2026-03-24T10:08:46+00:00\",\"breadcrumb\":{\"@id\":\"https:\\\/\\\/najnaj.eu\\\/sl\\\/izdelek\\\/klasicna-spalna-vreca-cozy-tog-2-5-elephant\\\/#breadcrumb\"},\"inLanguage\":\"sl-SI\",\"potentialAction\":[{\"@type\":\"ReadAction\",\"target\":[\"https:\\\/\\\/najnaj.eu\\\/sl\\\/izdelek\\\/klasicna-spalna-vreca-cozy-tog-2-5-elephant\\\/\"]}]},{\"@type\":\"ImageObject\",\"inLanguage\":\"sl-SI\",\"@id\":\"https:\\\/\\\/najnaj.eu\\\/sl\\\/izdelek\\\/klasicna-spalna-vreca-cozy-tog-2-5-elephant\\\/#primaryimage\",\"url\":\"https:\\\/\\\/najnaj.eu\\\/wp-content\\\/uploads\\\/2023\\\/08\\\/sleeping_bag_elephants_03-2.jpg\",\"contentUrl\":\"https:\\\/\\\/najnaj.eu\\\/wp-content\\\/uploads\\\/2023\\\/08\\\/sleeping_bag_elephants_03-2.jpg\",\"width\":1080,\"height\":1080},{\"@type\":\"BreadcrumbList\",\"@id\":\"https:\\\/\\\/najnaj.eu\\\/sl\\\/izdelek\\\/klasicna-spalna-vreca-cozy-tog-2-5-elephant\\\/#breadcrumb\",\"itemListElement\":[{\"@type\":\"ListItem\",\"position\":1,\"name\":\"Po\u010detna stranica\",\"item\":\"https:\\\/\\\/najnaj.eu\\\/sl\\\/prednja-stran\\\/\"},{\"@type\":\"ListItem\",\"position\":2,\"name\":\"Shop\",\"item\":\"https:\\\/\\\/najnaj.eu\\\/sl\\\/shop\\\/\"},{\"@type\":\"ListItem\",\"position\":3,\"name\":\"Ergobaby Classic Cozy spalna vre\u010da (TOG 2.5), slon\"}]},{\"@type\":\"WebSite\",\"@id\":\"https:\\\/\\\/najnaj.eu\\\/sl\\\/#website\",\"url\":\"https:\\\/\\\/najnaj.eu\\\/sl\\\/\",\"name\":\"NajNaj.eu\",\"description\":\"Za najva\u017enije!\",\"publisher\":{\"@id\":\"https:\\\/\\\/najnaj.eu\\\/sl\\\/#organization\"},\"potentialAction\":[{\"@type\":\"SearchAction\",\"target\":{\"@type\":\"EntryPoint\",\"urlTemplate\":\"https:\\\/\\\/najnaj.eu\\\/sl\\\/?s={search_term_string}\"},\"query-input\":{\"@type\":\"PropertyValueSpecification\",\"valueRequired\":true,\"valueName\":\"search_term_string\"}}],\"inLanguage\":\"sl-SI\"},{\"@type\":\"Organization\",\"@id\":\"https:\\\/\\\/najnaj.eu\\\/sl\\\/#organization\",\"name\":\"NajNaj.eu\",\"url\":\"https:\\\/\\\/najnaj.eu\\\/sl\\\/\",\"logo\":{\"@type\":\"ImageObject\",\"inLanguage\":\"sl-SI\",\"@id\":\"https:\\\/\\\/najnaj.eu\\\/sl\\\/#\\\/schema\\\/logo\\\/image\\\/\",\"url\":\"https:\\\/\\\/najnaj.eu\\\/wp-content\\\/uploads\\\/2023\\\/09\\\/logo_Najnaj_2023.svg\",\"contentUrl\":\"https:\\\/\\\/najnaj.eu\\\/wp-content\\\/uploads\\\/2023\\\/09\\\/logo_Najnaj_2023.svg\",\"width\":501,\"height\":278,\"caption\":\"NajNaj.eu\"},\"image\":{\"@id\":\"https:\\\/\\\/najnaj.eu\\\/sl\\\/#\\\/schema\\\/logo\\\/image\\\/\"},\"sameAs\":[\"https:\\\/\\\/web.facebook.com\\\/najnaj.eu\\\/\",\"https:\\\/\\\/www.instagram.com\\\/najnaj.eu\\\/\",\"https:\\\/\\\/www.tiktok.com\\\/@najnaj.eu\"]}]}<\/script>\n<meta property=\"product:brand\" content=\"Ergobaby\" \/>\n<meta property=\"product:price:amount\" content=\"39.90\" \/>\n<meta property=\"product:price:currency\" content=\"EUR\" \/>\n<meta property=\"og:availability\" content=\"instock\" \/>\n<meta property=\"product:availability\" content=\"instock\" \/>\n<meta property=\"product:retailer_item_id\" content=\"SLBSMELEPH25\" \/>\n<meta property=\"product:condition\" content=\"new\" \/>\n<!-- \/ Yoast SEO Premium plugin. -->","yoast_head_json":{"title":"Ergobaby Classic Cozy spalna vre\u010da (TOG 2.5), slon - NajNaj.eu","robots":{"index":"index","follow":"follow","max-snippet":"max-snippet:-1","max-image-preview":"max-image-preview:large","max-video-preview":"max-video-preview:-1"},"canonical":"https:\/\/najnaj.eu\/sl\/izdelek\/klasicna-spalna-vreca-cozy-tog-2-5-elephant\/","og_locale":"sl_SI","og_type":"article","og_title":"Ergobaby Classic Cozy spalna vre\u010da (TOG 2.5), slon","og_description":"Na\u0161a klasi\u010dna spalna vre\u010da je idealna za va\u0161ega dojen\u010dka, saj mu bo udobno in toplo, brez potrebe po odejah, ki padajo ali se ovijajo okoli njega, tako da lahko vsi brezskrbno po\u010divajo in spijo.  omogo\u010da hitro menjavo plenic  otroku zagotavlja dalj\u0161i in bolj miren spanec  funkcionalen in enostaven za uporabo  Debelina: TOG 2.5 (udobno - za zimo) Velikost S: 0 \u2013 6 mesecev \/ 46 \u2013 68 cm \/ 11,3 kg &nbsp;  Enostavna uporaba  Enostavna menjava plenic  Zra\u010den bomba\u017e  100 % bomba\u017e","og_url":"https:\/\/najnaj.eu\/sl\/izdelek\/klasicna-spalna-vreca-cozy-tog-2-5-elephant\/","og_site_name":"NajNaj.eu","article_publisher":"https:\/\/web.facebook.com\/najnaj.eu\/","article_modified_time":"2026-03-24T10:08:46+00:00","og_image":[{"width":1080,"height":1080,"url":"https:\/\/najnaj.eu\/wp-content\/uploads\/2023\/08\/sleeping_bag_elephants_03-2.jpg","type":"image\/jpeg"}],"twitter_card":"summary_large_image","twitter_misc":{"Price":"39,90&nbsp;&euro;","Availability":"In stock"},"schema":{"@context":"https:\/\/schema.org","@graph":[{"@type":"WebPage","@id":"https:\/\/najnaj.eu\/sl\/izdelek\/klasicna-spalna-vreca-cozy-tog-2-5-elephant\/","url":"https:\/\/najnaj.eu\/sl\/izdelek\/klasicna-spalna-vreca-cozy-tog-2-5-elephant\/","name":"Ergobaby Classic Cozy spalna vre\u010da (TOG 2.5), slon - NajNaj.eu","isPartOf":{"@id":"https:\/\/najnaj.eu\/sl\/#website"},"primaryImageOfPage":{"@id":"https:\/\/najnaj.eu\/sl\/izdelek\/klasicna-spalna-vreca-cozy-tog-2-5-elephant\/#primaryimage"},"image":{"@id":"https:\/\/najnaj.eu\/sl\/izdelek\/klasicna-spalna-vreca-cozy-tog-2-5-elephant\/#primaryimage"},"thumbnailUrl":"https:\/\/najnaj.eu\/wp-content\/uploads\/2023\/08\/sleeping_bag_elephants_03-2.jpg","datePublished":"2020-09-17T06:28:30+00:00","dateModified":"2026-03-24T10:08:46+00:00","breadcrumb":{"@id":"https:\/\/najnaj.eu\/sl\/izdelek\/klasicna-spalna-vreca-cozy-tog-2-5-elephant\/#breadcrumb"},"inLanguage":"sl-SI","potentialAction":[{"@type":"ReadAction","target":["https:\/\/najnaj.eu\/sl\/izdelek\/klasicna-spalna-vreca-cozy-tog-2-5-elephant\/"]}]},{"@type":"ImageObject","inLanguage":"sl-SI","@id":"https:\/\/najnaj.eu\/sl\/izdelek\/klasicna-spalna-vreca-cozy-tog-2-5-elephant\/#primaryimage","url":"https:\/\/najnaj.eu\/wp-content\/uploads\/2023\/08\/sleeping_bag_elephants_03-2.jpg","contentUrl":"https:\/\/najnaj.eu\/wp-content\/uploads\/2023\/08\/sleeping_bag_elephants_03-2.jpg","width":1080,"height":1080},{"@type":"BreadcrumbList","@id":"https:\/\/najnaj.eu\/sl\/izdelek\/klasicna-spalna-vreca-cozy-tog-2-5-elephant\/#breadcrumb","itemListElement":[{"@type":"ListItem","position":1,"name":"Po\u010detna stranica","item":"https:\/\/najnaj.eu\/sl\/prednja-stran\/"},{"@type":"ListItem","position":2,"name":"Shop","item":"https:\/\/najnaj.eu\/sl\/shop\/"},{"@type":"ListItem","position":3,"name":"Ergobaby Classic Cozy spalna vre\u010da (TOG 2.5), slon"}]},{"@type":"WebSite","@id":"https:\/\/najnaj.eu\/sl\/#website","url":"https:\/\/najnaj.eu\/sl\/","name":"NajNaj.eu","description":"Za najva\u017enije!","publisher":{"@id":"https:\/\/najnaj.eu\/sl\/#organization"},"potentialAction":[{"@type":"SearchAction","target":{"@type":"EntryPoint","urlTemplate":"https:\/\/najnaj.eu\/sl\/?s={search_term_string}"},"query-input":{"@type":"PropertyValueSpecification","valueRequired":true,"valueName":"search_term_string"}}],"inLanguage":"sl-SI"},{"@type":"Organization","@id":"https:\/\/najnaj.eu\/sl\/#organization","name":"NajNaj.eu","url":"https:\/\/najnaj.eu\/sl\/","logo":{"@type":"ImageObject","inLanguage":"sl-SI","@id":"https:\/\/najnaj.eu\/sl\/#\/schema\/logo\/image\/","url":"https:\/\/najnaj.eu\/wp-content\/uploads\/2023\/09\/logo_Najnaj_2023.svg","contentUrl":"https:\/\/najnaj.eu\/wp-content\/uploads\/2023\/09\/logo_Najnaj_2023.svg","width":501,"height":278,"caption":"NajNaj.eu"},"image":{"@id":"https:\/\/najnaj.eu\/sl\/#\/schema\/logo\/image\/"},"sameAs":["https:\/\/web.facebook.com\/najnaj.eu\/","https:\/\/www.instagram.com\/najnaj.eu\/","https:\/\/www.tiktok.com\/@najnaj.eu"]}]},"product_brand":"Ergobaby","product_price_amount":"39.90","product_price_currency":"EUR","og_availability":"instock","product_availability":"instock","product_retailer_item_id":"SLBSMELEPH25","product_condition":"new"},"_links":{"self":[{"href":"https:\/\/najnaj.eu\/sl\/wp-json\/wp\/v2\/product\/195020","targetHints":{"allow":["GET"]}}],"collection":[{"href":"https:\/\/najnaj.eu\/sl\/wp-json\/wp\/v2\/product"}],"about":[{"href":"https:\/\/najnaj.eu\/sl\/wp-json\/wp\/v2\/types\/product"}],"replies":[{"embeddable":true,"href":"https:\/\/najnaj.eu\/sl\/wp-json\/wp\/v2\/comments?post=195020"}],"version-history":[{"count":0,"href":"https:\/\/najnaj.eu\/sl\/wp-json\/wp\/v2\/product\/195020\/revisions"}],"wp:featuredmedia":[{"embeddable":true,"href":"https:\/\/najnaj.eu\/sl\/wp-json\/wp\/v2\/media\/154207"}],"wp:attachment":[{"href":"https:\/\/najnaj.eu\/sl\/wp-json\/wp\/v2\/media?parent=195020"}],"wp:term":[{"taxonomy":"product_brand","embeddable":true,"href":"https:\/\/najnaj.eu\/sl\/wp-json\/wp\/v2\/product_brand?post=195020"},{"taxonomy":"product_cat","embeddable":true,"href":"https:\/\/najnaj.eu\/sl\/wp-json\/wp\/v2\/product_cat?post=195020"},{"taxonomy":"product_tag","embeddable":true,"href":"https:\/\/najnaj.eu\/sl\/wp-json\/wp\/v2\/product_tag?post=195020"}],"curies":[{"name":"wp","href":"https:\/\/api.w.org\/{rel}","templated":true}]}}