{"id":195008,"date":"2020-10-16T12:41:45","date_gmt":"2020-10-16T10:41:45","guid":{"rendered":"https:\/\/najnaj.eu\/proizvod\/klasicna-spalna-vreca-srednje-tezka-tog-1-0-stellar\/"},"modified":"2026-03-24T11:07:26","modified_gmt":"2026-03-24T10:07:26","slug":"klasicna-spalna-vreca-srednje-tezka-tog-1-0-stellar","status":"publish","type":"product","link":"https:\/\/najnaj.eu\/sl\/izdelek\/klasicna-spalna-vreca-srednje-tezka-tog-1-0-stellar\/","title":{"rendered":"Spalna vre\u010da Ergobaby Classic, srednje te\u017eka (TOG 1.0), Stellar"},"content":{"rendered":"<h1 class=\"alt-font\"><span style=\"color: #f99b1c;\">Udobje in toplina za va\u0161ega otroka brez odeje, ki nenehno pada dol<\/span><\/h1>\n<p>Spalna vre\u010da Ergobaby classic je izjemno mehka in udobna. Narejena je iz ultra mehkega in zra\u010dnega 100% bomba\u017ea. Na voljo je v treh debelinah: TOG 0,5 za poletje, TOG 1,0 za prehodna obdobja ali ogrevane prostore in TOG 2,5 za mrzle zimske no\u010di. Vre\u010da omogo\u010da dalj\u0161e in mirnej\u0161e spanje va\u0161ega otroka, dvosmerna zadrga pa izjemno hitro menjavo plenic. Torba je enostavna za uporabo, tako da jo lahko oble\u010dete kot bi mignil, ima pa tudi re\u017eo za pasove, ki se uporablja pri privezovanju v sede\u017e, hranilnik ali vozi\u010dek.<\/p>\n<p><img loading=\"lazy\" decoding=\"async\" class=\"alignnone size-full wp-image-91685\" src=\"https:\/\/najnaj.eu\/wp-content\/uploads\/2023\/08\/Ergibaby-vreca-za-spavanje-infografika.jpeg\" alt=\"\" width=\"1052\" height=\"1053\"><\/p>\n<p>&nbsp;<\/p>\n","protected":false},"excerpt":{"rendered":"<ul>\n<li>omogo\u010da hitro menjavo plenic<\/li>\n<li>otroku zagotavlja dalj\u0161i in bolj miren spanec<\/li>\n<li>enostavno rokovanje<\/li>\n<li>Debelina: TOG 1.0<\/li>\n<\/ul>\n<p>Velikost S: 0 \u2013 6 mesecev \/ 46 \u2013 68 cm \/ 11,3 kg<\/p>\n<p>&nbsp;<\/p>\n<p><a href=\"https:\/\/ergobaby.hr\/wp-content\/uploads\/2018\/10\/Easy-To-Use.png\"><img loading=\"lazy\" decoding=\"async\" class=\"wp-image-6926 alignnone\" src=\"https:\/\/ergobaby.hr\/wp-content\/uploads\/2018\/10\/Easy-To-Use.png\" alt=\"\" width=\"23\" height=\"23\"><\/a>  Enostavna uporaba<\/p>\n<p><a href=\"https:\/\/ergobaby.hr\/wp-content\/uploads\/2018\/10\/Easy-Diaper-Change.png\"><img loading=\"lazy\" decoding=\"async\" class=\" wp-image-6930 alignnone\" src=\"https:\/\/ergobaby.hr\/wp-content\/uploads\/2018\/10\/Easy-Diaper-Change.png\" alt=\"\" width=\"28\" height=\"28\"><\/a>  Enostavna menjava plenic<\/p>\n<p><a href=\"https:\/\/ergobaby.hr\/wp-content\/uploads\/2019\/04\/Breathable-Cotton.png\"><img loading=\"lazy\" decoding=\"async\" class=\" wp-image-6998 alignnone\" src=\"https:\/\/ergobaby.hr\/wp-content\/uploads\/2019\/04\/Breathable-Cotton.png\" alt=\"\" width=\"27\" height=\"27\"><\/a>  Zra\u010den bomba\u017e<\/p>\n<p><a href=\"https:\/\/ergobaby.hr\/wp-content\/uploads\/2019\/04\/100_-Cotton.png\"><img loading=\"lazy\" decoding=\"async\" class=\" wp-image-7002 alignnone\" src=\"https:\/\/ergobaby.hr\/wp-content\/uploads\/2019\/04\/100_-Cotton.png\" alt=\"\" width=\"27\" height=\"27\"><\/a>  100 % bomba\u017e<\/p>\n","protected":false},"featured_media":154533,"comment_status":"open","ping_status":"closed","template":"","meta":{"_acf_changed":false,"footnotes":""},"product_brand":[],"product_cat":[1304,1306,1302],"product_tag":[],"class_list":{"0":"post-195008","1":"product","2":"type-product","3":"status-publish","4":"has-post-thumbnail","6":"product_cat-klasicne-spalne-vrece","7":"product_cat-prehodne-spalne-vrece","8":"product_cat-spalne-vrece","9":"pa_boja-modra","10":"pa_brand-ergobaby-sl","12":"first","13":"outofstock","14":"purchasable","15":"product-type-simple"},"bundled_by":[],"bundle_stock_status":"outofstock","bundle_stock_quantity":0,"bundle_virtual":false,"bundle_layout":"","bundle_add_to_cart_form_location":"","bundle_editable_in_cart":false,"bundle_sold_individually_context":"","bundle_item_grouping":"","bundle_min_size":"","bundle_max_size":"","bundle_price":[],"bundled_items":[],"bundle_sell_ids":[],"acf":[],"yoast_head":"<!-- This site is optimized with the Yoast SEO Premium plugin v21.5 (Yoast SEO v27.4) - https:\/\/yoast.com\/product\/yoast-seo-premium-wordpress\/ -->\n<title>Spalna vre\u010da Ergobaby Classic, srednje te\u017eka (TOG 1.0), Stellar - NajNaj.eu<\/title>\n<meta name=\"robots\" content=\"index, follow, max-snippet:-1, max-image-preview:large, max-video-preview:-1\" \/>\n<link rel=\"canonical\" href=\"https:\/\/najnaj.eu\/sl\/izdelek\/klasicna-spalna-vreca-srednje-tezka-tog-1-0-stellar\/\" \/>\n<meta property=\"og:locale\" content=\"sl_SI\" \/>\n<meta property=\"og:type\" content=\"article\" \/>\n<meta property=\"og:title\" content=\"Spalna vre\u010da Ergobaby Classic, srednje te\u017eka (TOG 1.0), Stellar\" \/>\n<meta property=\"og:description\" content=\"omogo\u010da hitro menjavo plenic  otroku zagotavlja dalj\u0161i in bolj miren spanec  enostavno rokovanje  Debelina: TOG 1.0 Velikost S: 0 \u2013 6 mesecev \/ 46 \u2013 68 cm \/ 11,3 kg &nbsp;  Enostavna uporaba  Enostavna menjava plenic  Zra\u010den bomba\u017e  100 % bomba\u017e\" \/>\n<meta property=\"og:url\" content=\"https:\/\/najnaj.eu\/sl\/izdelek\/klasicna-spalna-vreca-srednje-tezka-tog-1-0-stellar\/\" \/>\n<meta property=\"og:site_name\" content=\"NajNaj.eu\" \/>\n<meta property=\"article:publisher\" content=\"https:\/\/web.facebook.com\/najnaj.eu\/\" \/>\n<meta property=\"article:modified_time\" content=\"2026-03-24T10:07:26+00:00\" \/>\n<meta property=\"og:image\" content=\"https:\/\/najnaj.eu\/wp-content\/uploads\/2023\/08\/CLASSIC-SLEEP-BAG_STELLAR_SLBSMSTELL1_SLBSMSTELL25_01.jpg\" \/>\n\t<meta property=\"og:image:width\" content=\"1080\" \/>\n\t<meta property=\"og:image:height\" content=\"1080\" \/>\n\t<meta property=\"og:image:type\" content=\"image\/jpeg\" \/>\n<meta name=\"twitter:card\" content=\"summary_large_image\" \/>\n<meta name=\"twitter:label1\" content=\"Price\" \/>\n\t<meta name=\"twitter:data1\" content=\"34,90&nbsp;&euro;\" \/>\n\t<meta name=\"twitter:label2\" content=\"Availability\" \/>\n\t<meta name=\"twitter:data2\" content=\"Out of stock\" \/>\n<script type=\"application\/ld+json\" class=\"yoast-schema-graph\">{\"@context\":\"https:\\\/\\\/schema.org\",\"@graph\":[{\"@type\":\"WebPage\",\"@id\":\"https:\\\/\\\/najnaj.eu\\\/sl\\\/izdelek\\\/klasicna-spalna-vreca-srednje-tezka-tog-1-0-stellar\\\/\",\"url\":\"https:\\\/\\\/najnaj.eu\\\/sl\\\/izdelek\\\/klasicna-spalna-vreca-srednje-tezka-tog-1-0-stellar\\\/\",\"name\":\"Spalna vre\u010da Ergobaby Classic, srednje te\u017eka (TOG 1.0), Stellar - NajNaj.eu\",\"isPartOf\":{\"@id\":\"https:\\\/\\\/najnaj.eu\\\/sl\\\/#website\"},\"primaryImageOfPage\":{\"@id\":\"https:\\\/\\\/najnaj.eu\\\/sl\\\/izdelek\\\/klasicna-spalna-vreca-srednje-tezka-tog-1-0-stellar\\\/#primaryimage\"},\"image\":{\"@id\":\"https:\\\/\\\/najnaj.eu\\\/sl\\\/izdelek\\\/klasicna-spalna-vreca-srednje-tezka-tog-1-0-stellar\\\/#primaryimage\"},\"thumbnailUrl\":\"https:\\\/\\\/najnaj.eu\\\/wp-content\\\/uploads\\\/2023\\\/08\\\/CLASSIC-SLEEP-BAG_STELLAR_SLBSMSTELL1_SLBSMSTELL25_01.jpg\",\"datePublished\":\"2020-10-16T10:41:45+00:00\",\"dateModified\":\"2026-03-24T10:07:26+00:00\",\"breadcrumb\":{\"@id\":\"https:\\\/\\\/najnaj.eu\\\/sl\\\/izdelek\\\/klasicna-spalna-vreca-srednje-tezka-tog-1-0-stellar\\\/#breadcrumb\"},\"inLanguage\":\"sl-SI\",\"potentialAction\":[{\"@type\":\"ReadAction\",\"target\":[\"https:\\\/\\\/najnaj.eu\\\/sl\\\/izdelek\\\/klasicna-spalna-vreca-srednje-tezka-tog-1-0-stellar\\\/\"]}]},{\"@type\":\"ImageObject\",\"inLanguage\":\"sl-SI\",\"@id\":\"https:\\\/\\\/najnaj.eu\\\/sl\\\/izdelek\\\/klasicna-spalna-vreca-srednje-tezka-tog-1-0-stellar\\\/#primaryimage\",\"url\":\"https:\\\/\\\/najnaj.eu\\\/wp-content\\\/uploads\\\/2023\\\/08\\\/CLASSIC-SLEEP-BAG_STELLAR_SLBSMSTELL1_SLBSMSTELL25_01.jpg\",\"contentUrl\":\"https:\\\/\\\/najnaj.eu\\\/wp-content\\\/uploads\\\/2023\\\/08\\\/CLASSIC-SLEEP-BAG_STELLAR_SLBSMSTELL1_SLBSMSTELL25_01.jpg\",\"width\":1080,\"height\":1080},{\"@type\":\"BreadcrumbList\",\"@id\":\"https:\\\/\\\/najnaj.eu\\\/sl\\\/izdelek\\\/klasicna-spalna-vreca-srednje-tezka-tog-1-0-stellar\\\/#breadcrumb\",\"itemListElement\":[{\"@type\":\"ListItem\",\"position\":1,\"name\":\"Po\u010detna stranica\",\"item\":\"https:\\\/\\\/najnaj.eu\\\/sl\\\/prednja-stran\\\/\"},{\"@type\":\"ListItem\",\"position\":2,\"name\":\"Shop\",\"item\":\"https:\\\/\\\/najnaj.eu\\\/sl\\\/shop\\\/\"},{\"@type\":\"ListItem\",\"position\":3,\"name\":\"Spalna vre\u010da Ergobaby Classic, srednje te\u017eka (TOG 1.0), Stellar\"}]},{\"@type\":\"WebSite\",\"@id\":\"https:\\\/\\\/najnaj.eu\\\/sl\\\/#website\",\"url\":\"https:\\\/\\\/najnaj.eu\\\/sl\\\/\",\"name\":\"NajNaj.eu\",\"description\":\"Za najva\u017enije!\",\"publisher\":{\"@id\":\"https:\\\/\\\/najnaj.eu\\\/sl\\\/#organization\"},\"potentialAction\":[{\"@type\":\"SearchAction\",\"target\":{\"@type\":\"EntryPoint\",\"urlTemplate\":\"https:\\\/\\\/najnaj.eu\\\/sl\\\/?s={search_term_string}\"},\"query-input\":{\"@type\":\"PropertyValueSpecification\",\"valueRequired\":true,\"valueName\":\"search_term_string\"}}],\"inLanguage\":\"sl-SI\"},{\"@type\":\"Organization\",\"@id\":\"https:\\\/\\\/najnaj.eu\\\/sl\\\/#organization\",\"name\":\"NajNaj.eu\",\"url\":\"https:\\\/\\\/najnaj.eu\\\/sl\\\/\",\"logo\":{\"@type\":\"ImageObject\",\"inLanguage\":\"sl-SI\",\"@id\":\"https:\\\/\\\/najnaj.eu\\\/sl\\\/#\\\/schema\\\/logo\\\/image\\\/\",\"url\":\"https:\\\/\\\/najnaj.eu\\\/wp-content\\\/uploads\\\/2023\\\/09\\\/logo_Najnaj_2023.svg\",\"contentUrl\":\"https:\\\/\\\/najnaj.eu\\\/wp-content\\\/uploads\\\/2023\\\/09\\\/logo_Najnaj_2023.svg\",\"width\":501,\"height\":278,\"caption\":\"NajNaj.eu\"},\"image\":{\"@id\":\"https:\\\/\\\/najnaj.eu\\\/sl\\\/#\\\/schema\\\/logo\\\/image\\\/\"},\"sameAs\":[\"https:\\\/\\\/web.facebook.com\\\/najnaj.eu\\\/\",\"https:\\\/\\\/www.instagram.com\\\/najnaj.eu\\\/\",\"https:\\\/\\\/www.tiktok.com\\\/@najnaj.eu\"]}]}<\/script>\n<meta property=\"product:brand\" content=\"Ergobaby\" \/>\n<meta property=\"product:price:amount\" content=\"34.90\" \/>\n<meta property=\"product:price:currency\" content=\"EUR\" \/>\n<meta property=\"og:availability\" content=\"out of stock\" \/>\n<meta property=\"product:availability\" content=\"out of stock\" \/>\n<meta property=\"product:retailer_item_id\" content=\"SLBSMSTELL1\" \/>\n<meta property=\"product:condition\" content=\"new\" \/>\n<!-- \/ Yoast SEO Premium plugin. -->","yoast_head_json":{"title":"Spalna vre\u010da Ergobaby Classic, srednje te\u017eka (TOG 1.0), Stellar - NajNaj.eu","robots":{"index":"index","follow":"follow","max-snippet":"max-snippet:-1","max-image-preview":"max-image-preview:large","max-video-preview":"max-video-preview:-1"},"canonical":"https:\/\/najnaj.eu\/sl\/izdelek\/klasicna-spalna-vreca-srednje-tezka-tog-1-0-stellar\/","og_locale":"sl_SI","og_type":"article","og_title":"Spalna vre\u010da Ergobaby Classic, srednje te\u017eka (TOG 1.0), Stellar","og_description":"omogo\u010da hitro menjavo plenic  otroku zagotavlja dalj\u0161i in bolj miren spanec  enostavno rokovanje  Debelina: TOG 1.0 Velikost S: 0 \u2013 6 mesecev \/ 46 \u2013 68 cm \/ 11,3 kg &nbsp;  Enostavna uporaba  Enostavna menjava plenic  Zra\u010den bomba\u017e  100 % bomba\u017e","og_url":"https:\/\/najnaj.eu\/sl\/izdelek\/klasicna-spalna-vreca-srednje-tezka-tog-1-0-stellar\/","og_site_name":"NajNaj.eu","article_publisher":"https:\/\/web.facebook.com\/najnaj.eu\/","article_modified_time":"2026-03-24T10:07:26+00:00","og_image":[{"width":1080,"height":1080,"url":"https:\/\/najnaj.eu\/wp-content\/uploads\/2023\/08\/CLASSIC-SLEEP-BAG_STELLAR_SLBSMSTELL1_SLBSMSTELL25_01.jpg","type":"image\/jpeg"}],"twitter_card":"summary_large_image","twitter_misc":{"Price":"34,90&nbsp;&euro;","Availability":"Out of stock"},"schema":{"@context":"https:\/\/schema.org","@graph":[{"@type":"WebPage","@id":"https:\/\/najnaj.eu\/sl\/izdelek\/klasicna-spalna-vreca-srednje-tezka-tog-1-0-stellar\/","url":"https:\/\/najnaj.eu\/sl\/izdelek\/klasicna-spalna-vreca-srednje-tezka-tog-1-0-stellar\/","name":"Spalna vre\u010da Ergobaby Classic, srednje te\u017eka (TOG 1.0), Stellar - NajNaj.eu","isPartOf":{"@id":"https:\/\/najnaj.eu\/sl\/#website"},"primaryImageOfPage":{"@id":"https:\/\/najnaj.eu\/sl\/izdelek\/klasicna-spalna-vreca-srednje-tezka-tog-1-0-stellar\/#primaryimage"},"image":{"@id":"https:\/\/najnaj.eu\/sl\/izdelek\/klasicna-spalna-vreca-srednje-tezka-tog-1-0-stellar\/#primaryimage"},"thumbnailUrl":"https:\/\/najnaj.eu\/wp-content\/uploads\/2023\/08\/CLASSIC-SLEEP-BAG_STELLAR_SLBSMSTELL1_SLBSMSTELL25_01.jpg","datePublished":"2020-10-16T10:41:45+00:00","dateModified":"2026-03-24T10:07:26+00:00","breadcrumb":{"@id":"https:\/\/najnaj.eu\/sl\/izdelek\/klasicna-spalna-vreca-srednje-tezka-tog-1-0-stellar\/#breadcrumb"},"inLanguage":"sl-SI","potentialAction":[{"@type":"ReadAction","target":["https:\/\/najnaj.eu\/sl\/izdelek\/klasicna-spalna-vreca-srednje-tezka-tog-1-0-stellar\/"]}]},{"@type":"ImageObject","inLanguage":"sl-SI","@id":"https:\/\/najnaj.eu\/sl\/izdelek\/klasicna-spalna-vreca-srednje-tezka-tog-1-0-stellar\/#primaryimage","url":"https:\/\/najnaj.eu\/wp-content\/uploads\/2023\/08\/CLASSIC-SLEEP-BAG_STELLAR_SLBSMSTELL1_SLBSMSTELL25_01.jpg","contentUrl":"https:\/\/najnaj.eu\/wp-content\/uploads\/2023\/08\/CLASSIC-SLEEP-BAG_STELLAR_SLBSMSTELL1_SLBSMSTELL25_01.jpg","width":1080,"height":1080},{"@type":"BreadcrumbList","@id":"https:\/\/najnaj.eu\/sl\/izdelek\/klasicna-spalna-vreca-srednje-tezka-tog-1-0-stellar\/#breadcrumb","itemListElement":[{"@type":"ListItem","position":1,"name":"Po\u010detna stranica","item":"https:\/\/najnaj.eu\/sl\/prednja-stran\/"},{"@type":"ListItem","position":2,"name":"Shop","item":"https:\/\/najnaj.eu\/sl\/shop\/"},{"@type":"ListItem","position":3,"name":"Spalna vre\u010da Ergobaby Classic, srednje te\u017eka (TOG 1.0), Stellar"}]},{"@type":"WebSite","@id":"https:\/\/najnaj.eu\/sl\/#website","url":"https:\/\/najnaj.eu\/sl\/","name":"NajNaj.eu","description":"Za najva\u017enije!","publisher":{"@id":"https:\/\/najnaj.eu\/sl\/#organization"},"potentialAction":[{"@type":"SearchAction","target":{"@type":"EntryPoint","urlTemplate":"https:\/\/najnaj.eu\/sl\/?s={search_term_string}"},"query-input":{"@type":"PropertyValueSpecification","valueRequired":true,"valueName":"search_term_string"}}],"inLanguage":"sl-SI"},{"@type":"Organization","@id":"https:\/\/najnaj.eu\/sl\/#organization","name":"NajNaj.eu","url":"https:\/\/najnaj.eu\/sl\/","logo":{"@type":"ImageObject","inLanguage":"sl-SI","@id":"https:\/\/najnaj.eu\/sl\/#\/schema\/logo\/image\/","url":"https:\/\/najnaj.eu\/wp-content\/uploads\/2023\/09\/logo_Najnaj_2023.svg","contentUrl":"https:\/\/najnaj.eu\/wp-content\/uploads\/2023\/09\/logo_Najnaj_2023.svg","width":501,"height":278,"caption":"NajNaj.eu"},"image":{"@id":"https:\/\/najnaj.eu\/sl\/#\/schema\/logo\/image\/"},"sameAs":["https:\/\/web.facebook.com\/najnaj.eu\/","https:\/\/www.instagram.com\/najnaj.eu\/","https:\/\/www.tiktok.com\/@najnaj.eu"]}]},"product_brand":"Ergobaby","product_price_amount":"34.90","product_price_currency":"EUR","og_availability":"out of stock","product_availability":"out of stock","product_retailer_item_id":"SLBSMSTELL1","product_condition":"new"},"_links":{"self":[{"href":"https:\/\/najnaj.eu\/sl\/wp-json\/wp\/v2\/product\/195008","targetHints":{"allow":["GET"]}}],"collection":[{"href":"https:\/\/najnaj.eu\/sl\/wp-json\/wp\/v2\/product"}],"about":[{"href":"https:\/\/najnaj.eu\/sl\/wp-json\/wp\/v2\/types\/product"}],"replies":[{"embeddable":true,"href":"https:\/\/najnaj.eu\/sl\/wp-json\/wp\/v2\/comments?post=195008"}],"version-history":[{"count":0,"href":"https:\/\/najnaj.eu\/sl\/wp-json\/wp\/v2\/product\/195008\/revisions"}],"wp:featuredmedia":[{"embeddable":true,"href":"https:\/\/najnaj.eu\/sl\/wp-json\/wp\/v2\/media\/154533"}],"wp:attachment":[{"href":"https:\/\/najnaj.eu\/sl\/wp-json\/wp\/v2\/media?parent=195008"}],"wp:term":[{"taxonomy":"product_brand","embeddable":true,"href":"https:\/\/najnaj.eu\/sl\/wp-json\/wp\/v2\/product_brand?post=195008"},{"taxonomy":"product_cat","embeddable":true,"href":"https:\/\/najnaj.eu\/sl\/wp-json\/wp\/v2\/product_cat?post=195008"},{"taxonomy":"product_tag","embeddable":true,"href":"https:\/\/najnaj.eu\/sl\/wp-json\/wp\/v2\/product_tag?post=195008"}],"curies":[{"name":"wp","href":"https:\/\/api.w.org\/{rel}","templated":true}]}}