{"id":194633,"date":"2022-09-28T12:11:39","date_gmt":"2022-09-28T10:11:39","guid":{"rendered":"https:\/\/najnaj.eu\/proizvod\/mehki-otroski-cevlji-baobaby-rainbow\/"},"modified":"2026-03-23T14:48:27","modified_gmt":"2026-03-23T13:48:27","slug":"mehki-otroski-cevlji-baobaby-rainbow","status":"publish","type":"product","link":"https:\/\/najnaj.eu\/sl\/izdelek\/mehki-otroski-cevlji-baobaby-rainbow\/","title":{"rendered":"Mehki otro\u0161ki \u010devlji Baobaby, Rainbow"},"content":{"rendered":"<p><span data-sheets-value=\"{\"1\":2,\"2\":\"Izuzetno mekane i fleksibilne Baobaby cipelice podr\u017eavaju prirodni razvoj stopala. Omogu\u0107uju slobodu kretanja, poti\u010du u\u010denje puzanja, stajanja i prvih koraka. Nose\u0107i Baobaby cipelice va\u0161e dijete bolje razvija osje\u0107aj ravnote\u017ee i ja\u010da mi\u0161i\u0107e stopala. Ortopedi za djecu preporu\u010duju bosonogo hodanje.nnZa unutarnju upotrebu ili vanjsku u suhim uvjetima. nnDizajnirane i proizvedene u Hrvatskoj, EU.nnBoja i tekstura biljno \u0161tavljene ko\u017ee mo\u017ee odstupati od slike.nnnnnnnn\"}\" data-sheets-userformat=\"{\"2\":12797,\"3\":{\"1\":2,\"2\":\"#,##0.00 [$\u20ac-408];-#,##0.00 [$\u20ac-408]\",\"3\":1},\"5\":{\"1\":[{\"1\":2,\"2\":0,\"5\":{\"1\":2,\"2\":0}},{\"1\":0,\"2\":0,\"3\":3},{\"1\":1,\"2\":0,\"4\":1}]},\"6\":{\"1\":[{\"1\":2,\"2\":0,\"5\":{\"1\":2,\"2\":0}},{\"1\":0,\"2\":0,\"3\":3},{\"1\":1,\"2\":0,\"4\":1}]},\"7\":{\"1\":[{\"1\":2,\"2\":0,\"5\":{\"1\":2,\"2\":0}},{\"1\":0,\"2\":0,\"3\":3},{\"1\":1,\"2\":0,\"4\":1}]},\"8\":{\"1\":[{\"1\":2,\"2\":0,\"5\":{\"1\":2,\"2\":0}},{\"1\":0,\"2\":0,\"3\":3},{\"1\":1,\"2\":0,\"4\":1}]},\"9\":0,\"10\":0,\"11\":4,\"15\":\"Calibri\",\"16\":10}\">Izjemno mehki in pro\u017eni \u010devlji Baobaby podpirajo naravni razvoj stopal. Omogo\u010dajo svobodo gibanja, spodbujajo u\u010denje plazenja, stanja in prvih korakov. Z \u010devlji Baobaby va\u0161 otrok razvije bolj\u0161i ob\u010dutek za ravnote\u017eje in okrepi mi\u0161ice stopala. Ortopedi otrokom priporo\u010dajo boso hojo.   <\/span><\/p>\n<p>Za notranjo ali zunanjo uporabo v suhih pogojih.<\/p>\n<p>Oblikovano in izdelano na Hrva\u0161kem, EU.<\/p>\n<p>Barva in tekstura rastlinsko strojenega usnja se lahko razlikujeta od slike.<\/p>\n","protected":false},"excerpt":{"rendered":"<p><span data-sheets-value=\"{\"1\":2,\"2\":\"Super udobne cipelice za bebe idealne za puzanje, prve korake i djecu do 3 godine, sa slatkim likovima koji uvijek razvesele va\u0161e dijete. Mekani potplati podr\u017eavaju prirodan razvoj stopala i bosonogo hodanje. Izra\u0111ene od vrhunske biljno \u0161tavljene prave ko\u017ee, sigurne za dje\u010dja bosa stopala. Obo\u017eavaju ih i djevoj\u010dice i dje\u010daci. nn\u00a9 protuklizni potplatn\u00a9 lako se obuvaju i ostaju na no\u017eicaman\u00a9 mekane i fleksibilne n\u00a9 prozra\u010dne i prikladne za osobe sklone alergijaman\u00a9 bez kroman\u00a9 izuzetna dugotrajnostn\u00a9 ru\u010dno ra\u0111ene u EU\"}\" data-sheets-userformat=\"{\"2\":12797,\"3\":{\"1\":2,\"2\":\"#,##0.00 [$\u20ac-408];-#,##0.00 [$\u20ac-408]\",\"3\":1},\"5\":{\"1\":[{\"1\":2,\"2\":0,\"5\":{\"1\":2,\"2\":0}},{\"1\":0,\"2\":0,\"3\":3},{\"1\":1,\"2\":0,\"4\":1}]},\"6\":{\"1\":[{\"1\":2,\"2\":0,\"5\":{\"1\":2,\"2\":0}},{\"1\":0,\"2\":0,\"3\":3},{\"1\":1,\"2\":0,\"4\":1}]},\"7\":{\"1\":[{\"1\":2,\"2\":0,\"5\":{\"1\":2,\"2\":0}},{\"1\":0,\"2\":0,\"3\":3},{\"1\":1,\"2\":0,\"4\":1}]},\"8\":{\"1\":[{\"1\":2,\"2\":0,\"5\":{\"1\":2,\"2\":0}},{\"1\":0,\"2\":0,\"3\":3},{\"1\":1,\"2\":0,\"4\":1}]},\"9\":0,\"10\":0,\"11\":4,\"15\":\"Calibri\",\"16\":10}\">Super udobni otro\u0161ki \u010devlji idealni za plazenje, prve korake in otroke do 3 let, s prikupnimi liki, ki vedno razveselijo va\u0161ega otroka. Mehki podplati podpirajo naravni razvoj stopala in boso hojo. Izdelana iz vrhunskega rastlinsko strojenega pravega usnja, varnega za otro\u0161ke bose noge. Obo\u017eujejo jih tako dekleta kot fantje.   <\/span><\/p>\n<p>\u00a9 protizdrsni podplat<br \/>\n \u00a9 enostavno obuvanje in ostajanje na nogah<br \/>\n \u00a9 mehko in pro\u017eno<br \/>\n \u00a9 zra\u010dno in primerno za ljudi, nagnjene k alergijam<br \/>\n \u00a9 brez kroma<br \/>\n \u00a9 izjemna vzdr\u017eljivost<br \/>\n \u00a9 ro\u010dno izdelano v EU<\/p>\n","protected":false},"featured_media":162744,"comment_status":"closed","ping_status":"closed","template":"","meta":{"_acf_changed":false,"footnotes":""},"product_brand":[],"product_cat":[2195,1386,2228,1387,2197],"product_tag":[],"class_list":{"0":"post-194633","1":"product","2":"type-product","3":"status-publish","4":"has-post-thumbnail","6":"product_cat-baobab","7":"product_cat-cevlji","8":"product_cat-darila","9":"product_cat-klasicni-cevlji","10":"product_cat-klasicni-piscanci","11":"pa_boja-siva-sl","12":"pa_brand-baobaby-sl","13":"pa_omiljeno-najljubsa-dekleta","14":"pa_omiljeno-najljubsa-pri-fantih","16":"first","17":"instock","18":"sale","19":"purchasable","20":"product-type-variable"},"bundled_by":[],"bundle_stock_status":"instock","bundle_stock_quantity":null,"bundle_virtual":false,"bundle_layout":"","bundle_add_to_cart_form_location":"","bundle_editable_in_cart":false,"bundle_sold_individually_context":"","bundle_item_grouping":"","bundle_min_size":"","bundle_max_size":"","bundle_price":[],"bundled_items":[],"bundle_sell_ids":[],"acf":[],"yoast_head":"<!-- This site is optimized with the Yoast SEO Premium plugin v21.5 (Yoast SEO v27.3) - https:\/\/yoast.com\/product\/yoast-seo-premium-wordpress\/ -->\n<title>Mehki otro\u0161ki \u010devlji Baobaby, Rainbow - NajNaj.eu<\/title>\n<meta name=\"robots\" content=\"index, follow, max-snippet:-1, max-image-preview:large, max-video-preview:-1\" \/>\n<link rel=\"canonical\" href=\"https:\/\/najnaj.eu\/sl\/izdelek\/mehki-otroski-cevlji-baobaby-rainbow\/\" \/>\n<meta property=\"og:locale\" content=\"sl_SI\" \/>\n<meta property=\"og:type\" content=\"article\" \/>\n<meta property=\"og:title\" content=\"Mehki otro\u0161ki \u010devlji Baobaby, Rainbow\" \/>\n<meta property=\"og:description\" content=\"Super udobni otro\u0161ki \u010devlji idealni za plazenje, prve korake in otroke do 3 let, s prikupnimi liki, ki vedno razveselijo va\u0161ega otroka. Mehki podplati podpirajo naravni razvoj stopala in boso hojo. Izdelana iz vrhunskega rastlinsko strojenega pravega usnja, varnega za otro\u0161ke bose noge. Obo\u017eujejo jih tako dekleta kot fantje.   \u00a9 protizdrsni podplat \u00a9 enostavno obuvanje in ostajanje na nogah \u00a9 mehko in pro\u017eno \u00a9 zra\u010dno in primerno za ljudi, nagnjene k alergijam \u00a9 brez kroma \u00a9 izjemna vzdr\u017eljivost \u00a9 ro\u010dno izdelano v EU\" \/>\n<meta property=\"og:url\" content=\"https:\/\/najnaj.eu\/sl\/izdelek\/mehki-otroski-cevlji-baobaby-rainbow\/\" \/>\n<meta property=\"og:site_name\" content=\"NajNaj.eu\" \/>\n<meta property=\"article:publisher\" content=\"https:\/\/web.facebook.com\/najnaj.eu\/\" \/>\n<meta property=\"article:modified_time\" content=\"2026-03-23T13:48:27+00:00\" \/>\n<meta property=\"og:image\" content=\"https:\/\/najnaj.eu\/wp-content\/uploads\/2023\/08\/Baobaby-pelice-soft-sole-baby-shoes-rainbow-15.jpg\" \/>\n\t<meta property=\"og:image:width\" content=\"1000\" \/>\n\t<meta property=\"og:image:height\" content=\"1000\" \/>\n\t<meta property=\"og:image:type\" content=\"image\/jpeg\" \/>\n<meta name=\"twitter:card\" content=\"summary_large_image\" \/>\n<meta name=\"twitter:label1\" content=\"Availability\" \/>\n\t<meta name=\"twitter:data1\" content=\"In stock\" \/>\n<script type=\"application\/ld+json\" class=\"yoast-schema-graph\">{\"@context\":\"https:\\\/\\\/schema.org\",\"@graph\":[{\"@type\":\"WebPage\",\"@id\":\"https:\\\/\\\/najnaj.eu\\\/sl\\\/izdelek\\\/mehki-otroski-cevlji-baobaby-rainbow\\\/\",\"url\":\"https:\\\/\\\/najnaj.eu\\\/sl\\\/izdelek\\\/mehki-otroski-cevlji-baobaby-rainbow\\\/\",\"name\":\"Mehki otro\u0161ki \u010devlji Baobaby, Rainbow - NajNaj.eu\",\"isPartOf\":{\"@id\":\"https:\\\/\\\/najnaj.eu\\\/sl\\\/#website\"},\"primaryImageOfPage\":{\"@id\":\"https:\\\/\\\/najnaj.eu\\\/sl\\\/izdelek\\\/mehki-otroski-cevlji-baobaby-rainbow\\\/#primaryimage\"},\"image\":{\"@id\":\"https:\\\/\\\/najnaj.eu\\\/sl\\\/izdelek\\\/mehki-otroski-cevlji-baobaby-rainbow\\\/#primaryimage\"},\"thumbnailUrl\":\"https:\\\/\\\/najnaj.eu\\\/wp-content\\\/uploads\\\/2023\\\/08\\\/Baobaby-pelice-soft-sole-baby-shoes-rainbow-15.jpg\",\"datePublished\":\"2022-09-28T10:11:39+00:00\",\"dateModified\":\"2026-03-23T13:48:27+00:00\",\"breadcrumb\":{\"@id\":\"https:\\\/\\\/najnaj.eu\\\/sl\\\/izdelek\\\/mehki-otroski-cevlji-baobaby-rainbow\\\/#breadcrumb\"},\"inLanguage\":\"sl-SI\",\"potentialAction\":[{\"@type\":\"ReadAction\",\"target\":[\"https:\\\/\\\/najnaj.eu\\\/sl\\\/izdelek\\\/mehki-otroski-cevlji-baobaby-rainbow\\\/\"]}]},{\"@type\":\"ImageObject\",\"inLanguage\":\"sl-SI\",\"@id\":\"https:\\\/\\\/najnaj.eu\\\/sl\\\/izdelek\\\/mehki-otroski-cevlji-baobaby-rainbow\\\/#primaryimage\",\"url\":\"https:\\\/\\\/najnaj.eu\\\/wp-content\\\/uploads\\\/2023\\\/08\\\/Baobaby-pelice-soft-sole-baby-shoes-rainbow-15.jpg\",\"contentUrl\":\"https:\\\/\\\/najnaj.eu\\\/wp-content\\\/uploads\\\/2023\\\/08\\\/Baobaby-pelice-soft-sole-baby-shoes-rainbow-15.jpg\",\"width\":1000,\"height\":1000,\"caption\":\"Otro\u0161ki \u010devlji\"},{\"@type\":\"BreadcrumbList\",\"@id\":\"https:\\\/\\\/najnaj.eu\\\/sl\\\/izdelek\\\/mehki-otroski-cevlji-baobaby-rainbow\\\/#breadcrumb\",\"itemListElement\":[{\"@type\":\"ListItem\",\"position\":1,\"name\":\"Po\u010detna stranica\",\"item\":\"https:\\\/\\\/najnaj.eu\\\/sl\\\/prednja-stran\\\/\"},{\"@type\":\"ListItem\",\"position\":2,\"name\":\"Shop\",\"item\":\"https:\\\/\\\/najnaj.eu\\\/sl\\\/shop\\\/\"},{\"@type\":\"ListItem\",\"position\":3,\"name\":\"Mehki otro\u0161ki \u010devlji Baobaby, Rainbow\"}]},{\"@type\":\"WebSite\",\"@id\":\"https:\\\/\\\/najnaj.eu\\\/sl\\\/#website\",\"url\":\"https:\\\/\\\/najnaj.eu\\\/sl\\\/\",\"name\":\"NajNaj.eu\",\"description\":\"Za najva\u017enije!\",\"publisher\":{\"@id\":\"https:\\\/\\\/najnaj.eu\\\/sl\\\/#organization\"},\"potentialAction\":[{\"@type\":\"SearchAction\",\"target\":{\"@type\":\"EntryPoint\",\"urlTemplate\":\"https:\\\/\\\/najnaj.eu\\\/sl\\\/?s={search_term_string}\"},\"query-input\":{\"@type\":\"PropertyValueSpecification\",\"valueRequired\":true,\"valueName\":\"search_term_string\"}}],\"inLanguage\":\"sl-SI\"},{\"@type\":\"Organization\",\"@id\":\"https:\\\/\\\/najnaj.eu\\\/sl\\\/#organization\",\"name\":\"NajNaj.eu\",\"url\":\"https:\\\/\\\/najnaj.eu\\\/sl\\\/\",\"logo\":{\"@type\":\"ImageObject\",\"inLanguage\":\"sl-SI\",\"@id\":\"https:\\\/\\\/najnaj.eu\\\/sl\\\/#\\\/schema\\\/logo\\\/image\\\/\",\"url\":\"https:\\\/\\\/najnaj.eu\\\/wp-content\\\/uploads\\\/2023\\\/09\\\/logo_Najnaj_2023.svg\",\"contentUrl\":\"https:\\\/\\\/najnaj.eu\\\/wp-content\\\/uploads\\\/2023\\\/09\\\/logo_Najnaj_2023.svg\",\"width\":501,\"height\":278,\"caption\":\"NajNaj.eu\"},\"image\":{\"@id\":\"https:\\\/\\\/najnaj.eu\\\/sl\\\/#\\\/schema\\\/logo\\\/image\\\/\"},\"sameAs\":[\"https:\\\/\\\/web.facebook.com\\\/najnaj.eu\\\/\",\"https:\\\/\\\/www.instagram.com\\\/najnaj.eu\\\/\",\"https:\\\/\\\/www.tiktok.com\\\/@najnaj.eu\"]}]}<\/script>\n<meta property=\"product:brand\" content=\"Baobaby\" \/>\n<meta property=\"og:availability\" content=\"instock\" \/>\n<meta property=\"product:availability\" content=\"instock\" \/>\n<meta property=\"product:retailer_item_id\" content=\"BBCL215\" \/>\n<meta property=\"product:condition\" content=\"new\" \/>\n<!-- \/ Yoast SEO Premium plugin. -->","yoast_head_json":{"title":"Mehki otro\u0161ki \u010devlji Baobaby, Rainbow - NajNaj.eu","robots":{"index":"index","follow":"follow","max-snippet":"max-snippet:-1","max-image-preview":"max-image-preview:large","max-video-preview":"max-video-preview:-1"},"canonical":"https:\/\/najnaj.eu\/sl\/izdelek\/mehki-otroski-cevlji-baobaby-rainbow\/","og_locale":"sl_SI","og_type":"article","og_title":"Mehki otro\u0161ki \u010devlji Baobaby, Rainbow","og_description":"Super udobni otro\u0161ki \u010devlji idealni za plazenje, prve korake in otroke do 3 let, s prikupnimi liki, ki vedno razveselijo va\u0161ega otroka. Mehki podplati podpirajo naravni razvoj stopala in boso hojo. Izdelana iz vrhunskega rastlinsko strojenega pravega usnja, varnega za otro\u0161ke bose noge. Obo\u017eujejo jih tako dekleta kot fantje.   \u00a9 protizdrsni podplat \u00a9 enostavno obuvanje in ostajanje na nogah \u00a9 mehko in pro\u017eno \u00a9 zra\u010dno in primerno za ljudi, nagnjene k alergijam \u00a9 brez kroma \u00a9 izjemna vzdr\u017eljivost \u00a9 ro\u010dno izdelano v EU","og_url":"https:\/\/najnaj.eu\/sl\/izdelek\/mehki-otroski-cevlji-baobaby-rainbow\/","og_site_name":"NajNaj.eu","article_publisher":"https:\/\/web.facebook.com\/najnaj.eu\/","article_modified_time":"2026-03-23T13:48:27+00:00","og_image":[{"width":1000,"height":1000,"url":"https:\/\/najnaj.eu\/wp-content\/uploads\/2023\/08\/Baobaby-pelice-soft-sole-baby-shoes-rainbow-15.jpg","type":"image\/jpeg"}],"twitter_card":"summary_large_image","twitter_misc":{"Availability":"In stock"},"schema":{"@context":"https:\/\/schema.org","@graph":[{"@type":"WebPage","@id":"https:\/\/najnaj.eu\/sl\/izdelek\/mehki-otroski-cevlji-baobaby-rainbow\/","url":"https:\/\/najnaj.eu\/sl\/izdelek\/mehki-otroski-cevlji-baobaby-rainbow\/","name":"Mehki otro\u0161ki \u010devlji Baobaby, Rainbow - NajNaj.eu","isPartOf":{"@id":"https:\/\/najnaj.eu\/sl\/#website"},"primaryImageOfPage":{"@id":"https:\/\/najnaj.eu\/sl\/izdelek\/mehki-otroski-cevlji-baobaby-rainbow\/#primaryimage"},"image":{"@id":"https:\/\/najnaj.eu\/sl\/izdelek\/mehki-otroski-cevlji-baobaby-rainbow\/#primaryimage"},"thumbnailUrl":"https:\/\/najnaj.eu\/wp-content\/uploads\/2023\/08\/Baobaby-pelice-soft-sole-baby-shoes-rainbow-15.jpg","datePublished":"2022-09-28T10:11:39+00:00","dateModified":"2026-03-23T13:48:27+00:00","breadcrumb":{"@id":"https:\/\/najnaj.eu\/sl\/izdelek\/mehki-otroski-cevlji-baobaby-rainbow\/#breadcrumb"},"inLanguage":"sl-SI","potentialAction":[{"@type":"ReadAction","target":["https:\/\/najnaj.eu\/sl\/izdelek\/mehki-otroski-cevlji-baobaby-rainbow\/"]}]},{"@type":"ImageObject","inLanguage":"sl-SI","@id":"https:\/\/najnaj.eu\/sl\/izdelek\/mehki-otroski-cevlji-baobaby-rainbow\/#primaryimage","url":"https:\/\/najnaj.eu\/wp-content\/uploads\/2023\/08\/Baobaby-pelice-soft-sole-baby-shoes-rainbow-15.jpg","contentUrl":"https:\/\/najnaj.eu\/wp-content\/uploads\/2023\/08\/Baobaby-pelice-soft-sole-baby-shoes-rainbow-15.jpg","width":1000,"height":1000,"caption":"Otro\u0161ki \u010devlji"},{"@type":"BreadcrumbList","@id":"https:\/\/najnaj.eu\/sl\/izdelek\/mehki-otroski-cevlji-baobaby-rainbow\/#breadcrumb","itemListElement":[{"@type":"ListItem","position":1,"name":"Po\u010detna stranica","item":"https:\/\/najnaj.eu\/sl\/prednja-stran\/"},{"@type":"ListItem","position":2,"name":"Shop","item":"https:\/\/najnaj.eu\/sl\/shop\/"},{"@type":"ListItem","position":3,"name":"Mehki otro\u0161ki \u010devlji Baobaby, Rainbow"}]},{"@type":"WebSite","@id":"https:\/\/najnaj.eu\/sl\/#website","url":"https:\/\/najnaj.eu\/sl\/","name":"NajNaj.eu","description":"Za najva\u017enije!","publisher":{"@id":"https:\/\/najnaj.eu\/sl\/#organization"},"potentialAction":[{"@type":"SearchAction","target":{"@type":"EntryPoint","urlTemplate":"https:\/\/najnaj.eu\/sl\/?s={search_term_string}"},"query-input":{"@type":"PropertyValueSpecification","valueRequired":true,"valueName":"search_term_string"}}],"inLanguage":"sl-SI"},{"@type":"Organization","@id":"https:\/\/najnaj.eu\/sl\/#organization","name":"NajNaj.eu","url":"https:\/\/najnaj.eu\/sl\/","logo":{"@type":"ImageObject","inLanguage":"sl-SI","@id":"https:\/\/najnaj.eu\/sl\/#\/schema\/logo\/image\/","url":"https:\/\/najnaj.eu\/wp-content\/uploads\/2023\/09\/logo_Najnaj_2023.svg","contentUrl":"https:\/\/najnaj.eu\/wp-content\/uploads\/2023\/09\/logo_Najnaj_2023.svg","width":501,"height":278,"caption":"NajNaj.eu"},"image":{"@id":"https:\/\/najnaj.eu\/sl\/#\/schema\/logo\/image\/"},"sameAs":["https:\/\/web.facebook.com\/najnaj.eu\/","https:\/\/www.instagram.com\/najnaj.eu\/","https:\/\/www.tiktok.com\/@najnaj.eu"]}]},"product_brand":"Baobaby","og_availability":"instock","product_availability":"instock","product_retailer_item_id":"BBCL215","product_condition":"new"},"_links":{"self":[{"href":"https:\/\/najnaj.eu\/sl\/wp-json\/wp\/v2\/product\/194633","targetHints":{"allow":["GET"]}}],"collection":[{"href":"https:\/\/najnaj.eu\/sl\/wp-json\/wp\/v2\/product"}],"about":[{"href":"https:\/\/najnaj.eu\/sl\/wp-json\/wp\/v2\/types\/product"}],"replies":[{"embeddable":true,"href":"https:\/\/najnaj.eu\/sl\/wp-json\/wp\/v2\/comments?post=194633"}],"version-history":[{"count":0,"href":"https:\/\/najnaj.eu\/sl\/wp-json\/wp\/v2\/product\/194633\/revisions"}],"wp:featuredmedia":[{"embeddable":true,"href":"https:\/\/najnaj.eu\/sl\/wp-json\/wp\/v2\/media\/162744"}],"wp:attachment":[{"href":"https:\/\/najnaj.eu\/sl\/wp-json\/wp\/v2\/media?parent=194633"}],"wp:term":[{"taxonomy":"product_brand","embeddable":true,"href":"https:\/\/najnaj.eu\/sl\/wp-json\/wp\/v2\/product_brand?post=194633"},{"taxonomy":"product_cat","embeddable":true,"href":"https:\/\/najnaj.eu\/sl\/wp-json\/wp\/v2\/product_cat?post=194633"},{"taxonomy":"product_tag","embeddable":true,"href":"https:\/\/najnaj.eu\/sl\/wp-json\/wp\/v2\/product_tag?post=194633"}],"curies":[{"name":"wp","href":"https:\/\/api.w.org\/{rel}","templated":true}]}}