{"id":194614,"date":"2023-10-13T09:15:52","date_gmt":"2023-10-13T07:15:52","guid":{"rendered":"https:\/\/najnaj.eu\/proizvod\/opora-za-noge-kneeguardkids4\/"},"modified":"2025-02-06T11:06:38","modified_gmt":"2025-02-06T10:06:38","slug":"opora-za-noge-kneeguardkids4","status":"publish","type":"product","link":"https:\/\/najnaj.eu\/sl\/izdelek\/opora-za-noge-kneeguardkids4\/","title":{"rendered":"Dr\u017ealo za noge KneeGuardKids4"},"content":{"rendered":"<p>KneeGuardKids4, prvi popolnoma nastavljiv podstavek za noge, preizku\u0161en v tr\u010denju.<br \/>\nPomaga ohranjati pravilen sede\u010di polo\u017eaj otrok v avtosede\u017eih, obrnjenih naprej v smeri vo\u017enje, ki nimajo podporne noge. Uporabljajte KneeGuardKids4 vedno, ko vozite svojega otroka v avtu, ne glede na razdaljo.<br \/>\nPreizku\u0161en v tr\u010denju.<br \/>\nOpora za noge prepre\u010duje odrevenelost otrokovih nog, saj njegove noge ne bodo ve\u010d pritiskale na robove avtosede\u017ea, kar povzro\u010da pritisk na krvne \u017eile.<br \/>\nPomembno je, da KneeGuardKids, ko podpira noge, pomaga, da se otrokov hrbet nasloni na naslonjalo sede\u017ea, glava pa ostane znotraj za\u0161\u010ditenega obmo\u010dja.<\/p>\n<p>Enostaven za sestavo in prilagajanje posamezniku ali potrebam majhnega potnika.<br \/>\nPrimeren za otroke do 9-10 let.<br \/>\nPrimeren za avtomobile s in brez sistema ISOFIX. V obeh primerih je opora za noge pritrjena enako varno.<br \/>\nV primeru nesre\u010de se ne premika po vozilu, zato ne ogro\u017ea potnikov. Priporo\u010dljivo je za otroke, ki brcajo v sprednji sede\u017e avtomobila pred seboj ali imajo bole\u010dine v nogah in hrbtu.<\/p>\n<p>Garancija &#8211; 24 mesecev<\/p>\n<p>Izdelek, zasnovan v Ju\u017eni Koreji in izdelan na Kitajskem. Za\u0161\u010diten s patentnim pravom.<\/p>\n","protected":false},"excerpt":{"rendered":"<ul>\n<li>najbolj\u0161i spremljevalec za vse otroke v avtosede\u017eih, obrnjenih v smeri vo\u017enje.<\/li>\n<li>pomaga ohranjati pravilen sede\u010di polo\u017eaj otrok v avtosede\u017eih, obrnjenih naprej v smeri vo\u017enje, ki nimajo podporne noge<\/li>\n<li>prepre\u010duje odrevenelost otrokovih nog, saj njegove noge ne bodo ve\u010d pritiskale na robove avtosede\u017ea, kar povzro\u010da pritisk na krvne \u017eile.<\/li>\n<li>podpira noge, zato otrok sedi pravilno, tako da je s hrbtom naslonjen na naslon sede\u017ea, glava pa ostane znotraj za\u0161\u010ditenega prostora<\/li>\n<li>preizku\u0161en v trku<\/li>\n<\/ul>\n","protected":false},"featured_media":165378,"comment_status":"open","ping_status":"closed","template":"","meta":{"_acf_changed":false,"footnotes":""},"product_brand":[],"product_cat":[1341,1334],"product_tag":[],"class_list":{"0":"post-194614","1":"product","2":"type-product","3":"status-publish","4":"has-post-thumbnail","6":"product_cat-dodatki-za-avtosedeze","7":"product_cat-dodatna-oprema-sl","8":"pa_brand-kneeguardkids-sl","10":"first","11":"instock","12":"shipping-taxable","13":"purchasable","14":"product-type-simple"},"bundled_by":[],"bundle_stock_status":"instock","bundle_stock_quantity":15,"bundle_virtual":false,"bundle_layout":"","bundle_add_to_cart_form_location":"","bundle_editable_in_cart":false,"bundle_sold_individually_context":"","bundle_item_grouping":"","bundle_min_size":"","bundle_max_size":"","bundle_price":[],"bundled_items":[],"bundle_sell_ids":[],"acf":[],"yoast_head":"<!-- This site is optimized with the Yoast SEO Premium plugin v21.5 (Yoast SEO v27.4) - https:\/\/yoast.com\/product\/yoast-seo-premium-wordpress\/ -->\n<title>Dr\u017ealo za noge KneeGuardKids4 - NajNaj.eu<\/title>\n<meta name=\"robots\" content=\"index, follow, max-snippet:-1, max-image-preview:large, max-video-preview:-1\" \/>\n<link rel=\"canonical\" href=\"https:\/\/najnaj.eu\/sl\/izdelek\/opora-za-noge-kneeguardkids4\/\" \/>\n<meta property=\"og:locale\" content=\"sl_SI\" \/>\n<meta property=\"og:type\" content=\"article\" \/>\n<meta property=\"og:title\" content=\"Dr\u017ealo za noge KneeGuardKids4\" \/>\n<meta property=\"og:description\" content=\"najbolj\u0161i spremljevalec za vse otroke v avtosede\u017eih, obrnjenih v smeri vo\u017enje.  pomaga ohranjati pravilen sede\u010di polo\u017eaj otrok v avtosede\u017eih, obrnjenih naprej v smeri vo\u017enje, ki nimajo podporne noge  prepre\u010duje odrevenelost otrokovih nog, saj njegove noge ne bodo ve\u010d pritiskale na robove avtosede\u017ea, kar povzro\u010da pritisk na krvne \u017eile.  podpira noge, zato otrok sedi pravilno, tako da je s hrbtom naslonjen na naslon sede\u017ea, glava pa ostane znotraj za\u0161\u010ditenega prostora  preizku\u0161en v trku\" \/>\n<meta property=\"og:url\" content=\"https:\/\/najnaj.eu\/sl\/izdelek\/opora-za-noge-kneeguardkids4\/\" \/>\n<meta property=\"og:site_name\" content=\"NajNaj.eu\" \/>\n<meta property=\"article:publisher\" content=\"https:\/\/web.facebook.com\/najnaj.eu\/\" \/>\n<meta property=\"article:modified_time\" content=\"2025-02-06T10:06:38+00:00\" \/>\n<meta property=\"og:image\" content=\"https:\/\/najnaj.eu\/wp-content\/uploads\/2023\/10\/Kopia-KneeGuardKids4_main_7000px_001.jpg\" \/>\n\t<meta property=\"og:image:width\" content=\"2400\" \/>\n\t<meta property=\"og:image:height\" content=\"1500\" \/>\n\t<meta property=\"og:image:type\" content=\"image\/jpeg\" \/>\n<meta name=\"twitter:card\" content=\"summary_large_image\" \/>\n<meta name=\"twitter:label1\" content=\"Price\" \/>\n\t<meta name=\"twitter:data1\" content=\"79,90&nbsp;&euro;\" \/>\n\t<meta name=\"twitter:label2\" content=\"Availability\" \/>\n\t<meta name=\"twitter:data2\" content=\"In stock\" \/>\n<script type=\"application\/ld+json\" class=\"yoast-schema-graph\">{\"@context\":\"https:\\\/\\\/schema.org\",\"@graph\":[{\"@type\":\"WebPage\",\"@id\":\"https:\\\/\\\/najnaj.eu\\\/sl\\\/izdelek\\\/opora-za-noge-kneeguardkids4\\\/\",\"url\":\"https:\\\/\\\/najnaj.eu\\\/sl\\\/izdelek\\\/opora-za-noge-kneeguardkids4\\\/\",\"name\":\"Dr\u017ealo za noge KneeGuardKids4 - NajNaj.eu\",\"isPartOf\":{\"@id\":\"https:\\\/\\\/najnaj.eu\\\/sl\\\/#website\"},\"primaryImageOfPage\":{\"@id\":\"https:\\\/\\\/najnaj.eu\\\/sl\\\/izdelek\\\/opora-za-noge-kneeguardkids4\\\/#primaryimage\"},\"image\":{\"@id\":\"https:\\\/\\\/najnaj.eu\\\/sl\\\/izdelek\\\/opora-za-noge-kneeguardkids4\\\/#primaryimage\"},\"thumbnailUrl\":\"https:\\\/\\\/najnaj.eu\\\/wp-content\\\/uploads\\\/2023\\\/10\\\/Kopia-KneeGuardKids4_main_7000px_001.jpg\",\"datePublished\":\"2023-10-13T07:15:52+00:00\",\"dateModified\":\"2025-02-06T10:06:38+00:00\",\"breadcrumb\":{\"@id\":\"https:\\\/\\\/najnaj.eu\\\/sl\\\/izdelek\\\/opora-za-noge-kneeguardkids4\\\/#breadcrumb\"},\"inLanguage\":\"sl-SI\",\"potentialAction\":[{\"@type\":\"ReadAction\",\"target\":[\"https:\\\/\\\/najnaj.eu\\\/sl\\\/izdelek\\\/opora-za-noge-kneeguardkids4\\\/\"]}]},{\"@type\":\"ImageObject\",\"inLanguage\":\"sl-SI\",\"@id\":\"https:\\\/\\\/najnaj.eu\\\/sl\\\/izdelek\\\/opora-za-noge-kneeguardkids4\\\/#primaryimage\",\"url\":\"https:\\\/\\\/najnaj.eu\\\/wp-content\\\/uploads\\\/2023\\\/10\\\/Kopia-KneeGuardKids4_main_7000px_001.jpg\",\"contentUrl\":\"https:\\\/\\\/najnaj.eu\\\/wp-content\\\/uploads\\\/2023\\\/10\\\/Kopia-KneeGuardKids4_main_7000px_001.jpg\",\"width\":2400,\"height\":1500},{\"@type\":\"BreadcrumbList\",\"@id\":\"https:\\\/\\\/najnaj.eu\\\/sl\\\/izdelek\\\/opora-za-noge-kneeguardkids4\\\/#breadcrumb\",\"itemListElement\":[{\"@type\":\"ListItem\",\"position\":1,\"name\":\"Po\u010detna stranica\",\"item\":\"https:\\\/\\\/najnaj.eu\\\/sl\\\/prednja-stran\\\/\"},{\"@type\":\"ListItem\",\"position\":2,\"name\":\"Shop\",\"item\":\"https:\\\/\\\/najnaj.eu\\\/sl\\\/shop\\\/\"},{\"@type\":\"ListItem\",\"position\":3,\"name\":\"Dr\u017ealo za noge KneeGuardKids4\"}]},{\"@type\":\"WebSite\",\"@id\":\"https:\\\/\\\/najnaj.eu\\\/sl\\\/#website\",\"url\":\"https:\\\/\\\/najnaj.eu\\\/sl\\\/\",\"name\":\"NajNaj.eu\",\"description\":\"Za najva\u017enije!\",\"publisher\":{\"@id\":\"https:\\\/\\\/najnaj.eu\\\/sl\\\/#organization\"},\"potentialAction\":[{\"@type\":\"SearchAction\",\"target\":{\"@type\":\"EntryPoint\",\"urlTemplate\":\"https:\\\/\\\/najnaj.eu\\\/sl\\\/?s={search_term_string}\"},\"query-input\":{\"@type\":\"PropertyValueSpecification\",\"valueRequired\":true,\"valueName\":\"search_term_string\"}}],\"inLanguage\":\"sl-SI\"},{\"@type\":\"Organization\",\"@id\":\"https:\\\/\\\/najnaj.eu\\\/sl\\\/#organization\",\"name\":\"NajNaj.eu\",\"url\":\"https:\\\/\\\/najnaj.eu\\\/sl\\\/\",\"logo\":{\"@type\":\"ImageObject\",\"inLanguage\":\"sl-SI\",\"@id\":\"https:\\\/\\\/najnaj.eu\\\/sl\\\/#\\\/schema\\\/logo\\\/image\\\/\",\"url\":\"https:\\\/\\\/najnaj.eu\\\/wp-content\\\/uploads\\\/2023\\\/09\\\/logo_Najnaj_2023.svg\",\"contentUrl\":\"https:\\\/\\\/najnaj.eu\\\/wp-content\\\/uploads\\\/2023\\\/09\\\/logo_Najnaj_2023.svg\",\"width\":501,\"height\":278,\"caption\":\"NajNaj.eu\"},\"image\":{\"@id\":\"https:\\\/\\\/najnaj.eu\\\/sl\\\/#\\\/schema\\\/logo\\\/image\\\/\"},\"sameAs\":[\"https:\\\/\\\/web.facebook.com\\\/najnaj.eu\\\/\",\"https:\\\/\\\/www.instagram.com\\\/najnaj.eu\\\/\",\"https:\\\/\\\/www.tiktok.com\\\/@najnaj.eu\"]}]}<\/script>\n<meta property=\"product:brand\" content=\"KneeGuardKids\" \/>\n<meta property=\"product:price:amount\" content=\"79.90\" \/>\n<meta property=\"product:price:currency\" content=\"EUR\" \/>\n<meta property=\"og:availability\" content=\"instock\" \/>\n<meta property=\"product:availability\" content=\"instock\" \/>\n<meta property=\"product:retailer_item_id\" content=\"KGK401\" \/>\n<meta property=\"product:condition\" content=\"new\" \/>\n<!-- \/ Yoast SEO Premium plugin. -->","yoast_head_json":{"title":"Dr\u017ealo za noge KneeGuardKids4 - NajNaj.eu","robots":{"index":"index","follow":"follow","max-snippet":"max-snippet:-1","max-image-preview":"max-image-preview:large","max-video-preview":"max-video-preview:-1"},"canonical":"https:\/\/najnaj.eu\/sl\/izdelek\/opora-za-noge-kneeguardkids4\/","og_locale":"sl_SI","og_type":"article","og_title":"Dr\u017ealo za noge KneeGuardKids4","og_description":"najbolj\u0161i spremljevalec za vse otroke v avtosede\u017eih, obrnjenih v smeri vo\u017enje.  pomaga ohranjati pravilen sede\u010di polo\u017eaj otrok v avtosede\u017eih, obrnjenih naprej v smeri vo\u017enje, ki nimajo podporne noge  prepre\u010duje odrevenelost otrokovih nog, saj njegove noge ne bodo ve\u010d pritiskale na robove avtosede\u017ea, kar povzro\u010da pritisk na krvne \u017eile.  podpira noge, zato otrok sedi pravilno, tako da je s hrbtom naslonjen na naslon sede\u017ea, glava pa ostane znotraj za\u0161\u010ditenega prostora  preizku\u0161en v trku","og_url":"https:\/\/najnaj.eu\/sl\/izdelek\/opora-za-noge-kneeguardkids4\/","og_site_name":"NajNaj.eu","article_publisher":"https:\/\/web.facebook.com\/najnaj.eu\/","article_modified_time":"2025-02-06T10:06:38+00:00","og_image":[{"width":2400,"height":1500,"url":"https:\/\/najnaj.eu\/wp-content\/uploads\/2023\/10\/Kopia-KneeGuardKids4_main_7000px_001.jpg","type":"image\/jpeg"}],"twitter_card":"summary_large_image","twitter_misc":{"Price":"79,90&nbsp;&euro;","Availability":"In stock"},"schema":{"@context":"https:\/\/schema.org","@graph":[{"@type":"WebPage","@id":"https:\/\/najnaj.eu\/sl\/izdelek\/opora-za-noge-kneeguardkids4\/","url":"https:\/\/najnaj.eu\/sl\/izdelek\/opora-za-noge-kneeguardkids4\/","name":"Dr\u017ealo za noge KneeGuardKids4 - NajNaj.eu","isPartOf":{"@id":"https:\/\/najnaj.eu\/sl\/#website"},"primaryImageOfPage":{"@id":"https:\/\/najnaj.eu\/sl\/izdelek\/opora-za-noge-kneeguardkids4\/#primaryimage"},"image":{"@id":"https:\/\/najnaj.eu\/sl\/izdelek\/opora-za-noge-kneeguardkids4\/#primaryimage"},"thumbnailUrl":"https:\/\/najnaj.eu\/wp-content\/uploads\/2023\/10\/Kopia-KneeGuardKids4_main_7000px_001.jpg","datePublished":"2023-10-13T07:15:52+00:00","dateModified":"2025-02-06T10:06:38+00:00","breadcrumb":{"@id":"https:\/\/najnaj.eu\/sl\/izdelek\/opora-za-noge-kneeguardkids4\/#breadcrumb"},"inLanguage":"sl-SI","potentialAction":[{"@type":"ReadAction","target":["https:\/\/najnaj.eu\/sl\/izdelek\/opora-za-noge-kneeguardkids4\/"]}]},{"@type":"ImageObject","inLanguage":"sl-SI","@id":"https:\/\/najnaj.eu\/sl\/izdelek\/opora-za-noge-kneeguardkids4\/#primaryimage","url":"https:\/\/najnaj.eu\/wp-content\/uploads\/2023\/10\/Kopia-KneeGuardKids4_main_7000px_001.jpg","contentUrl":"https:\/\/najnaj.eu\/wp-content\/uploads\/2023\/10\/Kopia-KneeGuardKids4_main_7000px_001.jpg","width":2400,"height":1500},{"@type":"BreadcrumbList","@id":"https:\/\/najnaj.eu\/sl\/izdelek\/opora-za-noge-kneeguardkids4\/#breadcrumb","itemListElement":[{"@type":"ListItem","position":1,"name":"Po\u010detna stranica","item":"https:\/\/najnaj.eu\/sl\/prednja-stran\/"},{"@type":"ListItem","position":2,"name":"Shop","item":"https:\/\/najnaj.eu\/sl\/shop\/"},{"@type":"ListItem","position":3,"name":"Dr\u017ealo za noge KneeGuardKids4"}]},{"@type":"WebSite","@id":"https:\/\/najnaj.eu\/sl\/#website","url":"https:\/\/najnaj.eu\/sl\/","name":"NajNaj.eu","description":"Za najva\u017enije!","publisher":{"@id":"https:\/\/najnaj.eu\/sl\/#organization"},"potentialAction":[{"@type":"SearchAction","target":{"@type":"EntryPoint","urlTemplate":"https:\/\/najnaj.eu\/sl\/?s={search_term_string}"},"query-input":{"@type":"PropertyValueSpecification","valueRequired":true,"valueName":"search_term_string"}}],"inLanguage":"sl-SI"},{"@type":"Organization","@id":"https:\/\/najnaj.eu\/sl\/#organization","name":"NajNaj.eu","url":"https:\/\/najnaj.eu\/sl\/","logo":{"@type":"ImageObject","inLanguage":"sl-SI","@id":"https:\/\/najnaj.eu\/sl\/#\/schema\/logo\/image\/","url":"https:\/\/najnaj.eu\/wp-content\/uploads\/2023\/09\/logo_Najnaj_2023.svg","contentUrl":"https:\/\/najnaj.eu\/wp-content\/uploads\/2023\/09\/logo_Najnaj_2023.svg","width":501,"height":278,"caption":"NajNaj.eu"},"image":{"@id":"https:\/\/najnaj.eu\/sl\/#\/schema\/logo\/image\/"},"sameAs":["https:\/\/web.facebook.com\/najnaj.eu\/","https:\/\/www.instagram.com\/najnaj.eu\/","https:\/\/www.tiktok.com\/@najnaj.eu"]}]},"product_brand":"KneeGuardKids","product_price_amount":"79.90","product_price_currency":"EUR","og_availability":"instock","product_availability":"instock","product_retailer_item_id":"KGK401","product_condition":"new"},"_links":{"self":[{"href":"https:\/\/najnaj.eu\/sl\/wp-json\/wp\/v2\/product\/194614","targetHints":{"allow":["GET"]}}],"collection":[{"href":"https:\/\/najnaj.eu\/sl\/wp-json\/wp\/v2\/product"}],"about":[{"href":"https:\/\/najnaj.eu\/sl\/wp-json\/wp\/v2\/types\/product"}],"replies":[{"embeddable":true,"href":"https:\/\/najnaj.eu\/sl\/wp-json\/wp\/v2\/comments?post=194614"}],"version-history":[{"count":0,"href":"https:\/\/najnaj.eu\/sl\/wp-json\/wp\/v2\/product\/194614\/revisions"}],"wp:featuredmedia":[{"embeddable":true,"href":"https:\/\/najnaj.eu\/sl\/wp-json\/wp\/v2\/media\/165378"}],"wp:attachment":[{"href":"https:\/\/najnaj.eu\/sl\/wp-json\/wp\/v2\/media?parent=194614"}],"wp:term":[{"taxonomy":"product_brand","embeddable":true,"href":"https:\/\/najnaj.eu\/sl\/wp-json\/wp\/v2\/product_brand?post=194614"},{"taxonomy":"product_cat","embeddable":true,"href":"https:\/\/najnaj.eu\/sl\/wp-json\/wp\/v2\/product_cat?post=194614"},{"taxonomy":"product_tag","embeddable":true,"href":"https:\/\/najnaj.eu\/sl\/wp-json\/wp\/v2\/product_tag?post=194614"}],"curies":[{"name":"wp","href":"https:\/\/api.w.org\/{rel}","templated":true}]}}