{"id":194563,"date":"2022-11-28T11:25:56","date_gmt":"2022-11-28T10:25:56","guid":{"rendered":"https:\/\/najnaj.eu\/proizvod\/majhen-nahrbtnik-lassig-about-friends-raccoon\/"},"modified":"2025-02-06T12:29:50","modified_gmt":"2025-02-06T11:29:50","slug":"majhen-nahrbtnik-lassig-about-friends-raccoon","status":"publish","type":"product","link":"https:\/\/najnaj.eu\/sl\/izdelek\/majhen-nahrbtnik-lassig-about-friends-raccoon\/","title":{"rendered":"Majhen nahrbtnik L\u00e4ssig About Friends Raccoon"},"content":{"rendered":"<p>Nepremagljiva ekipa About Friends postaja vse ve\u010dja: z drobnimi nahrbtniki iz kolekcije About Friends imajo va\u0161i najmlaj\u0161i zdaj \u010dudovitega spremljevalca, ki ga lahko vzamejo v vrtec ali jaslice. Prisr\u010dne \u017eivalce bodo spremljale najmlaj\u0161e pri njihovih dogodiv\u0161\u010dinah in odpravah. Ob zadovoljnih obrazih in 3D detajlih otro\u0161kemu veselju ni konca.<\/p>\n<p>Poleg dizajna je bila pozornost posve\u010dena tudi prakti\u010dnosti: ti majhni nahrbtniki ponujajo po vi\u0161ini nastavljive naramnice s prsnim pasom, velik glavni predal z dr\u017ealom za steklenice in nalepke z imeni, da se izognete zmedi v vrtcu. Vodoodporen zunanji material poskrbi, da njihove najljub\u0161e stvari ostanejo suhe tudi v de\u017eju.<\/p>\n<p>Najmanj\u0161i otro\u0161ki nahrbtnik iz serije L\u00c4SSIG ima prostornino 3,5 litra in je popoln pripomo\u010dek za otroke od 2. leta.<\/p>\n<p>Ali si vedel?<br \/>\nZ zbirko About Friends L\u00c4SSIG podpira otro\u0161ki projekt Switch organizacije Kulturbr\u00fccke Hamburg eV. Projekt je namenjen spodbujanju medkulturne izmenjave in komunikacije med dru\u017einami razli\u010dnih izvorov z namenom spodbujanja strpnosti in spo\u0161tovanja kulturnih razlik. Za prijateljstvo!<\/p>\n","protected":false},"excerpt":{"rendered":"<p>Otro\u0161ki nahrbtnik Tiny s prostornino 3,5 litra je najmanj\u0161i v ponudbi L\u00c4SSIG in je primeren za otroke od 2. leta in ve\u010d. Zaradi veselega \u017eivalskega dizajna s prakti\u010dnimi elementi je nepogre\u0161ljiv pripomo\u010dek pri vsaki otro\u0161ki dejavnosti.<\/p>\n","protected":false},"featured_media":156362,"comment_status":"open","ping_status":"closed","template":"","meta":{"_acf_changed":false,"footnotes":""},"product_brand":[],"product_cat":[1708],"product_tag":[],"class_list":{"0":"post-194563","1":"product","2":"type-product","3":"status-publish","4":"has-post-thumbnail","6":"product_cat-zima-sl","7":"pa_brand-lassig-sl","9":"first","10":"instock","11":"purchasable","12":"product-type-simple"},"bundled_by":[],"bundle_stock_status":"instock","bundle_stock_quantity":5,"bundle_virtual":false,"bundle_layout":"","bundle_add_to_cart_form_location":"","bundle_editable_in_cart":false,"bundle_sold_individually_context":"","bundle_item_grouping":"","bundle_min_size":"","bundle_max_size":"","bundle_price":[],"bundled_items":[],"bundle_sell_ids":[],"acf":[],"yoast_head":"<!-- This site is optimized with the Yoast SEO Premium plugin v21.5 (Yoast SEO v27.3) - https:\/\/yoast.com\/product\/yoast-seo-premium-wordpress\/ -->\n<title>Majhen nahrbtnik L\u00e4ssig About Friends Raccoon - NajNaj.eu<\/title>\n<meta name=\"robots\" content=\"index, follow, max-snippet:-1, max-image-preview:large, max-video-preview:-1\" \/>\n<link rel=\"canonical\" href=\"https:\/\/najnaj.eu\/sl\/izdelek\/majhen-nahrbtnik-lassig-about-friends-raccoon\/\" \/>\n<meta property=\"og:locale\" content=\"sl_SI\" \/>\n<meta property=\"og:type\" content=\"article\" \/>\n<meta property=\"og:title\" content=\"Majhen nahrbtnik L\u00e4ssig About Friends Raccoon\" \/>\n<meta property=\"og:description\" content=\"Otro\u0161ki nahrbtnik Tiny s prostornino 3,5 litra je najmanj\u0161i v ponudbi L\u00c4SSIG in je primeren za otroke od 2. leta in ve\u010d. Zaradi veselega \u017eivalskega dizajna s prakti\u010dnimi elementi je nepogre\u0161ljiv pripomo\u010dek pri vsaki otro\u0161ki dejavnosti.\" \/>\n<meta property=\"og:url\" content=\"https:\/\/najnaj.eu\/sl\/izdelek\/majhen-nahrbtnik-lassig-about-friends-raccoon\/\" \/>\n<meta property=\"og:site_name\" content=\"NajNaj.eu\" \/>\n<meta property=\"article:publisher\" content=\"https:\/\/web.facebook.com\/najnaj.eu\/\" \/>\n<meta property=\"article:modified_time\" content=\"2025-02-06T11:29:50+00:00\" \/>\n<meta property=\"og:image\" content=\"https:\/\/najnaj.eu\/wp-content\/uploads\/2023\/08\/KID_S19_1203021250_P_1.jpg\" \/>\n\t<meta property=\"og:image:width\" content=\"2000\" \/>\n\t<meta property=\"og:image:height\" content=\"2001\" \/>\n\t<meta property=\"og:image:type\" content=\"image\/jpeg\" \/>\n<meta name=\"twitter:card\" content=\"summary_large_image\" \/>\n<meta name=\"twitter:label1\" content=\"Price\" \/>\n\t<meta name=\"twitter:data1\" content=\"24,95&nbsp;&euro;\" \/>\n\t<meta name=\"twitter:label2\" content=\"Availability\" \/>\n\t<meta name=\"twitter:data2\" content=\"In stock\" \/>\n<script type=\"application\/ld+json\" class=\"yoast-schema-graph\">{\"@context\":\"https:\\\/\\\/schema.org\",\"@graph\":[{\"@type\":\"WebPage\",\"@id\":\"https:\\\/\\\/najnaj.eu\\\/sl\\\/izdelek\\\/majhen-nahrbtnik-lassig-about-friends-raccoon\\\/\",\"url\":\"https:\\\/\\\/najnaj.eu\\\/sl\\\/izdelek\\\/majhen-nahrbtnik-lassig-about-friends-raccoon\\\/\",\"name\":\"Majhen nahrbtnik L\u00e4ssig About Friends Raccoon - NajNaj.eu\",\"isPartOf\":{\"@id\":\"https:\\\/\\\/najnaj.eu\\\/sl\\\/#website\"},\"primaryImageOfPage\":{\"@id\":\"https:\\\/\\\/najnaj.eu\\\/sl\\\/izdelek\\\/majhen-nahrbtnik-lassig-about-friends-raccoon\\\/#primaryimage\"},\"image\":{\"@id\":\"https:\\\/\\\/najnaj.eu\\\/sl\\\/izdelek\\\/majhen-nahrbtnik-lassig-about-friends-raccoon\\\/#primaryimage\"},\"thumbnailUrl\":\"https:\\\/\\\/najnaj.eu\\\/wp-content\\\/uploads\\\/2023\\\/08\\\/KID_S19_1203021250_P_1.jpg\",\"datePublished\":\"2022-11-28T10:25:56+00:00\",\"dateModified\":\"2025-02-06T11:29:50+00:00\",\"breadcrumb\":{\"@id\":\"https:\\\/\\\/najnaj.eu\\\/sl\\\/izdelek\\\/majhen-nahrbtnik-lassig-about-friends-raccoon\\\/#breadcrumb\"},\"inLanguage\":\"sl-SI\",\"potentialAction\":[{\"@type\":\"ReadAction\",\"target\":[\"https:\\\/\\\/najnaj.eu\\\/sl\\\/izdelek\\\/majhen-nahrbtnik-lassig-about-friends-raccoon\\\/\"]}]},{\"@type\":\"ImageObject\",\"inLanguage\":\"sl-SI\",\"@id\":\"https:\\\/\\\/najnaj.eu\\\/sl\\\/izdelek\\\/majhen-nahrbtnik-lassig-about-friends-raccoon\\\/#primaryimage\",\"url\":\"https:\\\/\\\/najnaj.eu\\\/wp-content\\\/uploads\\\/2023\\\/08\\\/KID_S19_1203021250_P_1.jpg\",\"contentUrl\":\"https:\\\/\\\/najnaj.eu\\\/wp-content\\\/uploads\\\/2023\\\/08\\\/KID_S19_1203021250_P_1.jpg\",\"width\":2000,\"height\":2001},{\"@type\":\"BreadcrumbList\",\"@id\":\"https:\\\/\\\/najnaj.eu\\\/sl\\\/izdelek\\\/majhen-nahrbtnik-lassig-about-friends-raccoon\\\/#breadcrumb\",\"itemListElement\":[{\"@type\":\"ListItem\",\"position\":1,\"name\":\"Po\u010detna stranica\",\"item\":\"https:\\\/\\\/najnaj.eu\\\/sl\\\/prednja-stran\\\/\"},{\"@type\":\"ListItem\",\"position\":2,\"name\":\"Shop\",\"item\":\"https:\\\/\\\/najnaj.eu\\\/sl\\\/shop\\\/\"},{\"@type\":\"ListItem\",\"position\":3,\"name\":\"Majhen nahrbtnik L\u00e4ssig About Friends Raccoon\"}]},{\"@type\":\"WebSite\",\"@id\":\"https:\\\/\\\/najnaj.eu\\\/sl\\\/#website\",\"url\":\"https:\\\/\\\/najnaj.eu\\\/sl\\\/\",\"name\":\"NajNaj.eu\",\"description\":\"Za najva\u017enije!\",\"publisher\":{\"@id\":\"https:\\\/\\\/najnaj.eu\\\/sl\\\/#organization\"},\"potentialAction\":[{\"@type\":\"SearchAction\",\"target\":{\"@type\":\"EntryPoint\",\"urlTemplate\":\"https:\\\/\\\/najnaj.eu\\\/sl\\\/?s={search_term_string}\"},\"query-input\":{\"@type\":\"PropertyValueSpecification\",\"valueRequired\":true,\"valueName\":\"search_term_string\"}}],\"inLanguage\":\"sl-SI\"},{\"@type\":\"Organization\",\"@id\":\"https:\\\/\\\/najnaj.eu\\\/sl\\\/#organization\",\"name\":\"NajNaj.eu\",\"url\":\"https:\\\/\\\/najnaj.eu\\\/sl\\\/\",\"logo\":{\"@type\":\"ImageObject\",\"inLanguage\":\"sl-SI\",\"@id\":\"https:\\\/\\\/najnaj.eu\\\/sl\\\/#\\\/schema\\\/logo\\\/image\\\/\",\"url\":\"https:\\\/\\\/najnaj.eu\\\/wp-content\\\/uploads\\\/2023\\\/09\\\/logo_Najnaj_2023.svg\",\"contentUrl\":\"https:\\\/\\\/najnaj.eu\\\/wp-content\\\/uploads\\\/2023\\\/09\\\/logo_Najnaj_2023.svg\",\"width\":501,\"height\":278,\"caption\":\"NajNaj.eu\"},\"image\":{\"@id\":\"https:\\\/\\\/najnaj.eu\\\/sl\\\/#\\\/schema\\\/logo\\\/image\\\/\"},\"sameAs\":[\"https:\\\/\\\/web.facebook.com\\\/najnaj.eu\\\/\",\"https:\\\/\\\/www.instagram.com\\\/najnaj.eu\\\/\",\"https:\\\/\\\/www.tiktok.com\\\/@najnaj.eu\"]}]}<\/script>\n<meta property=\"product:brand\" content=\"L\u00e4ssig\" \/>\n<meta property=\"product:price:amount\" content=\"24.95\" \/>\n<meta property=\"product:price:currency\" content=\"EUR\" \/>\n<meta property=\"og:availability\" content=\"instock\" \/>\n<meta property=\"product:availability\" content=\"instock\" \/>\n<meta property=\"product:retailer_item_id\" content=\"1203021250\" \/>\n<meta property=\"product:condition\" content=\"new\" \/>\n<!-- \/ Yoast SEO Premium plugin. -->","yoast_head_json":{"title":"Majhen nahrbtnik L\u00e4ssig About Friends Raccoon - NajNaj.eu","robots":{"index":"index","follow":"follow","max-snippet":"max-snippet:-1","max-image-preview":"max-image-preview:large","max-video-preview":"max-video-preview:-1"},"canonical":"https:\/\/najnaj.eu\/sl\/izdelek\/majhen-nahrbtnik-lassig-about-friends-raccoon\/","og_locale":"sl_SI","og_type":"article","og_title":"Majhen nahrbtnik L\u00e4ssig About Friends Raccoon","og_description":"Otro\u0161ki nahrbtnik Tiny s prostornino 3,5 litra je najmanj\u0161i v ponudbi L\u00c4SSIG in je primeren za otroke od 2. leta in ve\u010d. Zaradi veselega \u017eivalskega dizajna s prakti\u010dnimi elementi je nepogre\u0161ljiv pripomo\u010dek pri vsaki otro\u0161ki dejavnosti.","og_url":"https:\/\/najnaj.eu\/sl\/izdelek\/majhen-nahrbtnik-lassig-about-friends-raccoon\/","og_site_name":"NajNaj.eu","article_publisher":"https:\/\/web.facebook.com\/najnaj.eu\/","article_modified_time":"2025-02-06T11:29:50+00:00","og_image":[{"width":2000,"height":2001,"url":"https:\/\/najnaj.eu\/wp-content\/uploads\/2023\/08\/KID_S19_1203021250_P_1.jpg","type":"image\/jpeg"}],"twitter_card":"summary_large_image","twitter_misc":{"Price":"24,95&nbsp;&euro;","Availability":"In stock"},"schema":{"@context":"https:\/\/schema.org","@graph":[{"@type":"WebPage","@id":"https:\/\/najnaj.eu\/sl\/izdelek\/majhen-nahrbtnik-lassig-about-friends-raccoon\/","url":"https:\/\/najnaj.eu\/sl\/izdelek\/majhen-nahrbtnik-lassig-about-friends-raccoon\/","name":"Majhen nahrbtnik L\u00e4ssig About Friends Raccoon - NajNaj.eu","isPartOf":{"@id":"https:\/\/najnaj.eu\/sl\/#website"},"primaryImageOfPage":{"@id":"https:\/\/najnaj.eu\/sl\/izdelek\/majhen-nahrbtnik-lassig-about-friends-raccoon\/#primaryimage"},"image":{"@id":"https:\/\/najnaj.eu\/sl\/izdelek\/majhen-nahrbtnik-lassig-about-friends-raccoon\/#primaryimage"},"thumbnailUrl":"https:\/\/najnaj.eu\/wp-content\/uploads\/2023\/08\/KID_S19_1203021250_P_1.jpg","datePublished":"2022-11-28T10:25:56+00:00","dateModified":"2025-02-06T11:29:50+00:00","breadcrumb":{"@id":"https:\/\/najnaj.eu\/sl\/izdelek\/majhen-nahrbtnik-lassig-about-friends-raccoon\/#breadcrumb"},"inLanguage":"sl-SI","potentialAction":[{"@type":"ReadAction","target":["https:\/\/najnaj.eu\/sl\/izdelek\/majhen-nahrbtnik-lassig-about-friends-raccoon\/"]}]},{"@type":"ImageObject","inLanguage":"sl-SI","@id":"https:\/\/najnaj.eu\/sl\/izdelek\/majhen-nahrbtnik-lassig-about-friends-raccoon\/#primaryimage","url":"https:\/\/najnaj.eu\/wp-content\/uploads\/2023\/08\/KID_S19_1203021250_P_1.jpg","contentUrl":"https:\/\/najnaj.eu\/wp-content\/uploads\/2023\/08\/KID_S19_1203021250_P_1.jpg","width":2000,"height":2001},{"@type":"BreadcrumbList","@id":"https:\/\/najnaj.eu\/sl\/izdelek\/majhen-nahrbtnik-lassig-about-friends-raccoon\/#breadcrumb","itemListElement":[{"@type":"ListItem","position":1,"name":"Po\u010detna stranica","item":"https:\/\/najnaj.eu\/sl\/prednja-stran\/"},{"@type":"ListItem","position":2,"name":"Shop","item":"https:\/\/najnaj.eu\/sl\/shop\/"},{"@type":"ListItem","position":3,"name":"Majhen nahrbtnik L\u00e4ssig About Friends Raccoon"}]},{"@type":"WebSite","@id":"https:\/\/najnaj.eu\/sl\/#website","url":"https:\/\/najnaj.eu\/sl\/","name":"NajNaj.eu","description":"Za najva\u017enije!","publisher":{"@id":"https:\/\/najnaj.eu\/sl\/#organization"},"potentialAction":[{"@type":"SearchAction","target":{"@type":"EntryPoint","urlTemplate":"https:\/\/najnaj.eu\/sl\/?s={search_term_string}"},"query-input":{"@type":"PropertyValueSpecification","valueRequired":true,"valueName":"search_term_string"}}],"inLanguage":"sl-SI"},{"@type":"Organization","@id":"https:\/\/najnaj.eu\/sl\/#organization","name":"NajNaj.eu","url":"https:\/\/najnaj.eu\/sl\/","logo":{"@type":"ImageObject","inLanguage":"sl-SI","@id":"https:\/\/najnaj.eu\/sl\/#\/schema\/logo\/image\/","url":"https:\/\/najnaj.eu\/wp-content\/uploads\/2023\/09\/logo_Najnaj_2023.svg","contentUrl":"https:\/\/najnaj.eu\/wp-content\/uploads\/2023\/09\/logo_Najnaj_2023.svg","width":501,"height":278,"caption":"NajNaj.eu"},"image":{"@id":"https:\/\/najnaj.eu\/sl\/#\/schema\/logo\/image\/"},"sameAs":["https:\/\/web.facebook.com\/najnaj.eu\/","https:\/\/www.instagram.com\/najnaj.eu\/","https:\/\/www.tiktok.com\/@najnaj.eu"]}]},"product_brand":"L\u00e4ssig","product_price_amount":"24.95","product_price_currency":"EUR","og_availability":"instock","product_availability":"instock","product_retailer_item_id":"1203021250","product_condition":"new"},"_links":{"self":[{"href":"https:\/\/najnaj.eu\/sl\/wp-json\/wp\/v2\/product\/194563","targetHints":{"allow":["GET"]}}],"collection":[{"href":"https:\/\/najnaj.eu\/sl\/wp-json\/wp\/v2\/product"}],"about":[{"href":"https:\/\/najnaj.eu\/sl\/wp-json\/wp\/v2\/types\/product"}],"replies":[{"embeddable":true,"href":"https:\/\/najnaj.eu\/sl\/wp-json\/wp\/v2\/comments?post=194563"}],"version-history":[{"count":0,"href":"https:\/\/najnaj.eu\/sl\/wp-json\/wp\/v2\/product\/194563\/revisions"}],"wp:featuredmedia":[{"embeddable":true,"href":"https:\/\/najnaj.eu\/sl\/wp-json\/wp\/v2\/media\/156362"}],"wp:attachment":[{"href":"https:\/\/najnaj.eu\/sl\/wp-json\/wp\/v2\/media?parent=194563"}],"wp:term":[{"taxonomy":"product_brand","embeddable":true,"href":"https:\/\/najnaj.eu\/sl\/wp-json\/wp\/v2\/product_brand?post=194563"},{"taxonomy":"product_cat","embeddable":true,"href":"https:\/\/najnaj.eu\/sl\/wp-json\/wp\/v2\/product_cat?post=194563"},{"taxonomy":"product_tag","embeddable":true,"href":"https:\/\/najnaj.eu\/sl\/wp-json\/wp\/v2\/product_tag?post=194563"}],"curies":[{"name":"wp","href":"https:\/\/api.w.org\/{rel}","templated":true}]}}