{"id":194561,"date":"2022-12-05T08:50:24","date_gmt":"2022-12-05T07:50:24","guid":{"rendered":"https:\/\/najnaj.eu\/proizvod\/lassig-plate-geo-sivo-modra\/"},"modified":"2025-02-06T12:26:45","modified_gmt":"2025-02-06T11:26:45","slug":"lassig-plate-geo-sivo-modra","status":"publish","type":"product","link":"https:\/\/najnaj.eu\/sl\/izdelek\/lassig-plate-geo-sivo-modra\/","title":{"rendered":"L\u00e4ssig Plate Geo sivo modra"},"content":{"rendered":"<p>Ekolo\u0161ki otro\u0161ki kro\u017enik GEO znamke L\u00c4SSIG je izdelan prete\u017eno iz organske plastike. Zaradi geometrijskega dizajna in mat pudrastih barv je idealen dodatek obstoje\u010di posodi.<\/p>\n<p>Dvignjeni robovi in \u200b\u200boglata oblika posode poenostavijo dojen\u010dkove prve poskuse prehranjevanja z jedilnim priborom. Sklede, tako kot druge elemente serije GEO, je mogo\u010de zlo\u017eiti in prihraniti prostor na potovanju ali za shranjevanje na kuhinjski polici.<\/p>\n<p>Materiali, uporabljeni za GEO posode, so ve\u010dinoma organski. Za razliko od obi\u010dajne plastike bioplastika, ki jo je L\u00c4SSIG razvil posebej za ta izdelek, ni izdelana iz redkih naftnih virov, temve\u010d iz sladkih trav, kot je sladkorni trs, ki predstavljajo vsaj 85 % celotne sestave. Zato namizna posoda GEO ponuja trajnostno alternativo posodi za enkratno uporabo ali plasti\u010dni posodi na osnovi nafte, hkrati pa prihrani dragocene vire.<\/p>\n<p>Namizna posoda L\u00c4SSIG GEO je certificirana kot vsaj 85 % ekolo\u0161ka v skladu z mednarodnim standardom DIN CERTCO ASTM D 6866:2020-02. Poleg tega ne vsebuje BPA in melamina in se lahko pere v pomivalnem stroju do 65\u00b0C.<\/p>\n<p>Opomba: Sem edinstveno naraven izdelek! Zaradi organske narave materialov, uporabljenih pri izdelavi te posode, lahko pride do manj\u0161ih barvnih razlik ali sprememb. Njegova funkcija, kakovost in izjemen videz pa ostajajo nespremenjeni.<\/p>\n","protected":false},"excerpt":{"rendered":"<p>Ekolo\u0161ka pridelava, ustrezna kakovost in urejen, geometrijski dizajn so prepoznavne lastnosti otro\u0161kega kro\u017enika GEO iz L\u00c4SSIG-a. Ne vsebuje BPA in melamina in se lahko pere v pomivalnem stroju do 65\u00b0C.<\/p>\n","protected":false},"featured_media":156555,"comment_status":"open","ping_status":"closed","template":"","meta":{"_acf_changed":false,"footnotes":""},"product_brand":[],"product_cat":[1167,1379,1275],"product_tag":[],"class_list":{"0":"post-194561","1":"product","2":"type-product","3":"status-publish","4":"has-post-thumbnail","6":"product_cat-hranjenje-sl","7":"product_cat-krozniki-in-sklede","8":"product_cat-posoda","9":"pa_boja-plava-sl","10":"pa_boja-siva-sl","11":"pa_brand-lassig-sl","12":"pa_vrsta-posuda-krozniki-in-sklede","14":"first","15":"instock","16":"purchasable","17":"product-type-simple"},"bundled_by":[],"bundle_stock_status":"instock","bundle_stock_quantity":2,"bundle_virtual":false,"bundle_layout":"","bundle_add_to_cart_form_location":"","bundle_editable_in_cart":false,"bundle_sold_individually_context":"","bundle_item_grouping":"","bundle_min_size":"","bundle_max_size":"","bundle_price":[],"bundled_items":[],"bundle_sell_ids":[],"acf":[],"yoast_head":"<!-- This site is optimized with the Yoast SEO Premium plugin v21.5 (Yoast SEO v27.3) - https:\/\/yoast.com\/product\/yoast-seo-premium-wordpress\/ -->\n<title>L\u00e4ssig Plate Geo sivo modra - NajNaj.eu<\/title>\n<meta name=\"robots\" content=\"index, follow, max-snippet:-1, max-image-preview:large, max-video-preview:-1\" \/>\n<link rel=\"canonical\" href=\"https:\/\/najnaj.eu\/sl\/izdelek\/lassig-plate-geo-sivo-modra\/\" \/>\n<meta property=\"og:locale\" content=\"sl_SI\" \/>\n<meta property=\"og:type\" content=\"article\" \/>\n<meta property=\"og:title\" content=\"L\u00e4ssig Plate Geo sivo modra\" \/>\n<meta property=\"og:description\" content=\"Ekolo\u0161ka pridelava, ustrezna kakovost in urejen, geometrijski dizajn so prepoznavne lastnosti otro\u0161kega kro\u017enika GEO iz L\u00c4SSIG-a. Ne vsebuje BPA in melamina in se lahko pere v pomivalnem stroju do 65\u00b0C.\" \/>\n<meta property=\"og:url\" content=\"https:\/\/najnaj.eu\/sl\/izdelek\/lassig-plate-geo-sivo-modra\/\" \/>\n<meta property=\"og:site_name\" content=\"NajNaj.eu\" \/>\n<meta property=\"article:publisher\" content=\"https:\/\/web.facebook.com\/najnaj.eu\/\" \/>\n<meta property=\"article:modified_time\" content=\"2025-02-06T11:26:45+00:00\" \/>\n<meta property=\"og:image\" content=\"https:\/\/najnaj.eu\/wp-content\/uploads\/2023\/08\/1310076274_4_600x600-Large.jpg\" \/>\n\t<meta property=\"og:image:width\" content=\"1080\" \/>\n\t<meta property=\"og:image:height\" content=\"1080\" \/>\n\t<meta property=\"og:image:type\" content=\"image\/jpeg\" \/>\n<meta name=\"twitter:card\" content=\"summary_large_image\" \/>\n<meta name=\"twitter:label1\" content=\"Price\" \/>\n\t<meta name=\"twitter:data1\" content=\"9,95&nbsp;&euro;\" \/>\n\t<meta name=\"twitter:label2\" content=\"Availability\" \/>\n\t<meta name=\"twitter:data2\" content=\"In stock\" \/>\n<script type=\"application\/ld+json\" class=\"yoast-schema-graph\">{\"@context\":\"https:\\\/\\\/schema.org\",\"@graph\":[{\"@type\":\"WebPage\",\"@id\":\"https:\\\/\\\/najnaj.eu\\\/sl\\\/izdelek\\\/lassig-plate-geo-sivo-modra\\\/\",\"url\":\"https:\\\/\\\/najnaj.eu\\\/sl\\\/izdelek\\\/lassig-plate-geo-sivo-modra\\\/\",\"name\":\"L\u00e4ssig Plate Geo sivo modra - NajNaj.eu\",\"isPartOf\":{\"@id\":\"https:\\\/\\\/najnaj.eu\\\/sl\\\/#website\"},\"primaryImageOfPage\":{\"@id\":\"https:\\\/\\\/najnaj.eu\\\/sl\\\/izdelek\\\/lassig-plate-geo-sivo-modra\\\/#primaryimage\"},\"image\":{\"@id\":\"https:\\\/\\\/najnaj.eu\\\/sl\\\/izdelek\\\/lassig-plate-geo-sivo-modra\\\/#primaryimage\"},\"thumbnailUrl\":\"https:\\\/\\\/najnaj.eu\\\/wp-content\\\/uploads\\\/2023\\\/08\\\/1310076274_4_600x600-Large.jpg\",\"datePublished\":\"2022-12-05T07:50:24+00:00\",\"dateModified\":\"2025-02-06T11:26:45+00:00\",\"breadcrumb\":{\"@id\":\"https:\\\/\\\/najnaj.eu\\\/sl\\\/izdelek\\\/lassig-plate-geo-sivo-modra\\\/#breadcrumb\"},\"inLanguage\":\"sl-SI\",\"potentialAction\":[{\"@type\":\"ReadAction\",\"target\":[\"https:\\\/\\\/najnaj.eu\\\/sl\\\/izdelek\\\/lassig-plate-geo-sivo-modra\\\/\"]}]},{\"@type\":\"ImageObject\",\"inLanguage\":\"sl-SI\",\"@id\":\"https:\\\/\\\/najnaj.eu\\\/sl\\\/izdelek\\\/lassig-plate-geo-sivo-modra\\\/#primaryimage\",\"url\":\"https:\\\/\\\/najnaj.eu\\\/wp-content\\\/uploads\\\/2023\\\/08\\\/1310076274_4_600x600-Large.jpg\",\"contentUrl\":\"https:\\\/\\\/najnaj.eu\\\/wp-content\\\/uploads\\\/2023\\\/08\\\/1310076274_4_600x600-Large.jpg\",\"width\":1080,\"height\":1080},{\"@type\":\"BreadcrumbList\",\"@id\":\"https:\\\/\\\/najnaj.eu\\\/sl\\\/izdelek\\\/lassig-plate-geo-sivo-modra\\\/#breadcrumb\",\"itemListElement\":[{\"@type\":\"ListItem\",\"position\":1,\"name\":\"Po\u010detna stranica\",\"item\":\"https:\\\/\\\/najnaj.eu\\\/sl\\\/prednja-stran\\\/\"},{\"@type\":\"ListItem\",\"position\":2,\"name\":\"Shop\",\"item\":\"https:\\\/\\\/najnaj.eu\\\/sl\\\/shop\\\/\"},{\"@type\":\"ListItem\",\"position\":3,\"name\":\"L\u00e4ssig Plate Geo sivo modra\"}]},{\"@type\":\"WebSite\",\"@id\":\"https:\\\/\\\/najnaj.eu\\\/sl\\\/#website\",\"url\":\"https:\\\/\\\/najnaj.eu\\\/sl\\\/\",\"name\":\"NajNaj.eu\",\"description\":\"Za najva\u017enije!\",\"publisher\":{\"@id\":\"https:\\\/\\\/najnaj.eu\\\/sl\\\/#organization\"},\"potentialAction\":[{\"@type\":\"SearchAction\",\"target\":{\"@type\":\"EntryPoint\",\"urlTemplate\":\"https:\\\/\\\/najnaj.eu\\\/sl\\\/?s={search_term_string}\"},\"query-input\":{\"@type\":\"PropertyValueSpecification\",\"valueRequired\":true,\"valueName\":\"search_term_string\"}}],\"inLanguage\":\"sl-SI\"},{\"@type\":\"Organization\",\"@id\":\"https:\\\/\\\/najnaj.eu\\\/sl\\\/#organization\",\"name\":\"NajNaj.eu\",\"url\":\"https:\\\/\\\/najnaj.eu\\\/sl\\\/\",\"logo\":{\"@type\":\"ImageObject\",\"inLanguage\":\"sl-SI\",\"@id\":\"https:\\\/\\\/najnaj.eu\\\/sl\\\/#\\\/schema\\\/logo\\\/image\\\/\",\"url\":\"https:\\\/\\\/najnaj.eu\\\/wp-content\\\/uploads\\\/2023\\\/09\\\/logo_Najnaj_2023.svg\",\"contentUrl\":\"https:\\\/\\\/najnaj.eu\\\/wp-content\\\/uploads\\\/2023\\\/09\\\/logo_Najnaj_2023.svg\",\"width\":501,\"height\":278,\"caption\":\"NajNaj.eu\"},\"image\":{\"@id\":\"https:\\\/\\\/najnaj.eu\\\/sl\\\/#\\\/schema\\\/logo\\\/image\\\/\"},\"sameAs\":[\"https:\\\/\\\/web.facebook.com\\\/najnaj.eu\\\/\",\"https:\\\/\\\/www.instagram.com\\\/najnaj.eu\\\/\",\"https:\\\/\\\/www.tiktok.com\\\/@najnaj.eu\"]}]}<\/script>\n<meta property=\"product:brand\" content=\"L\u00e4ssig\" \/>\n<meta property=\"product:price:amount\" content=\"9.95\" \/>\n<meta property=\"product:price:currency\" content=\"EUR\" \/>\n<meta property=\"og:availability\" content=\"instock\" \/>\n<meta property=\"product:availability\" content=\"instock\" \/>\n<meta property=\"product:retailer_item_id\" content=\"1310076274\" \/>\n<meta property=\"product:condition\" content=\"new\" \/>\n<!-- \/ Yoast SEO Premium plugin. -->","yoast_head_json":{"title":"L\u00e4ssig Plate Geo sivo modra - NajNaj.eu","robots":{"index":"index","follow":"follow","max-snippet":"max-snippet:-1","max-image-preview":"max-image-preview:large","max-video-preview":"max-video-preview:-1"},"canonical":"https:\/\/najnaj.eu\/sl\/izdelek\/lassig-plate-geo-sivo-modra\/","og_locale":"sl_SI","og_type":"article","og_title":"L\u00e4ssig Plate Geo sivo modra","og_description":"Ekolo\u0161ka pridelava, ustrezna kakovost in urejen, geometrijski dizajn so prepoznavne lastnosti otro\u0161kega kro\u017enika GEO iz L\u00c4SSIG-a. Ne vsebuje BPA in melamina in se lahko pere v pomivalnem stroju do 65\u00b0C.","og_url":"https:\/\/najnaj.eu\/sl\/izdelek\/lassig-plate-geo-sivo-modra\/","og_site_name":"NajNaj.eu","article_publisher":"https:\/\/web.facebook.com\/najnaj.eu\/","article_modified_time":"2025-02-06T11:26:45+00:00","og_image":[{"width":1080,"height":1080,"url":"https:\/\/najnaj.eu\/wp-content\/uploads\/2023\/08\/1310076274_4_600x600-Large.jpg","type":"image\/jpeg"}],"twitter_card":"summary_large_image","twitter_misc":{"Price":"9,95&nbsp;&euro;","Availability":"In stock"},"schema":{"@context":"https:\/\/schema.org","@graph":[{"@type":"WebPage","@id":"https:\/\/najnaj.eu\/sl\/izdelek\/lassig-plate-geo-sivo-modra\/","url":"https:\/\/najnaj.eu\/sl\/izdelek\/lassig-plate-geo-sivo-modra\/","name":"L\u00e4ssig Plate Geo sivo modra - NajNaj.eu","isPartOf":{"@id":"https:\/\/najnaj.eu\/sl\/#website"},"primaryImageOfPage":{"@id":"https:\/\/najnaj.eu\/sl\/izdelek\/lassig-plate-geo-sivo-modra\/#primaryimage"},"image":{"@id":"https:\/\/najnaj.eu\/sl\/izdelek\/lassig-plate-geo-sivo-modra\/#primaryimage"},"thumbnailUrl":"https:\/\/najnaj.eu\/wp-content\/uploads\/2023\/08\/1310076274_4_600x600-Large.jpg","datePublished":"2022-12-05T07:50:24+00:00","dateModified":"2025-02-06T11:26:45+00:00","breadcrumb":{"@id":"https:\/\/najnaj.eu\/sl\/izdelek\/lassig-plate-geo-sivo-modra\/#breadcrumb"},"inLanguage":"sl-SI","potentialAction":[{"@type":"ReadAction","target":["https:\/\/najnaj.eu\/sl\/izdelek\/lassig-plate-geo-sivo-modra\/"]}]},{"@type":"ImageObject","inLanguage":"sl-SI","@id":"https:\/\/najnaj.eu\/sl\/izdelek\/lassig-plate-geo-sivo-modra\/#primaryimage","url":"https:\/\/najnaj.eu\/wp-content\/uploads\/2023\/08\/1310076274_4_600x600-Large.jpg","contentUrl":"https:\/\/najnaj.eu\/wp-content\/uploads\/2023\/08\/1310076274_4_600x600-Large.jpg","width":1080,"height":1080},{"@type":"BreadcrumbList","@id":"https:\/\/najnaj.eu\/sl\/izdelek\/lassig-plate-geo-sivo-modra\/#breadcrumb","itemListElement":[{"@type":"ListItem","position":1,"name":"Po\u010detna stranica","item":"https:\/\/najnaj.eu\/sl\/prednja-stran\/"},{"@type":"ListItem","position":2,"name":"Shop","item":"https:\/\/najnaj.eu\/sl\/shop\/"},{"@type":"ListItem","position":3,"name":"L\u00e4ssig Plate Geo sivo modra"}]},{"@type":"WebSite","@id":"https:\/\/najnaj.eu\/sl\/#website","url":"https:\/\/najnaj.eu\/sl\/","name":"NajNaj.eu","description":"Za najva\u017enije!","publisher":{"@id":"https:\/\/najnaj.eu\/sl\/#organization"},"potentialAction":[{"@type":"SearchAction","target":{"@type":"EntryPoint","urlTemplate":"https:\/\/najnaj.eu\/sl\/?s={search_term_string}"},"query-input":{"@type":"PropertyValueSpecification","valueRequired":true,"valueName":"search_term_string"}}],"inLanguage":"sl-SI"},{"@type":"Organization","@id":"https:\/\/najnaj.eu\/sl\/#organization","name":"NajNaj.eu","url":"https:\/\/najnaj.eu\/sl\/","logo":{"@type":"ImageObject","inLanguage":"sl-SI","@id":"https:\/\/najnaj.eu\/sl\/#\/schema\/logo\/image\/","url":"https:\/\/najnaj.eu\/wp-content\/uploads\/2023\/09\/logo_Najnaj_2023.svg","contentUrl":"https:\/\/najnaj.eu\/wp-content\/uploads\/2023\/09\/logo_Najnaj_2023.svg","width":501,"height":278,"caption":"NajNaj.eu"},"image":{"@id":"https:\/\/najnaj.eu\/sl\/#\/schema\/logo\/image\/"},"sameAs":["https:\/\/web.facebook.com\/najnaj.eu\/","https:\/\/www.instagram.com\/najnaj.eu\/","https:\/\/www.tiktok.com\/@najnaj.eu"]}]},"product_brand":"L\u00e4ssig","product_price_amount":"9.95","product_price_currency":"EUR","og_availability":"instock","product_availability":"instock","product_retailer_item_id":"1310076274","product_condition":"new"},"_links":{"self":[{"href":"https:\/\/najnaj.eu\/sl\/wp-json\/wp\/v2\/product\/194561","targetHints":{"allow":["GET"]}}],"collection":[{"href":"https:\/\/najnaj.eu\/sl\/wp-json\/wp\/v2\/product"}],"about":[{"href":"https:\/\/najnaj.eu\/sl\/wp-json\/wp\/v2\/types\/product"}],"replies":[{"embeddable":true,"href":"https:\/\/najnaj.eu\/sl\/wp-json\/wp\/v2\/comments?post=194561"}],"version-history":[{"count":0,"href":"https:\/\/najnaj.eu\/sl\/wp-json\/wp\/v2\/product\/194561\/revisions"}],"wp:featuredmedia":[{"embeddable":true,"href":"https:\/\/najnaj.eu\/sl\/wp-json\/wp\/v2\/media\/156555"}],"wp:attachment":[{"href":"https:\/\/najnaj.eu\/sl\/wp-json\/wp\/v2\/media?parent=194561"}],"wp:term":[{"taxonomy":"product_brand","embeddable":true,"href":"https:\/\/najnaj.eu\/sl\/wp-json\/wp\/v2\/product_brand?post=194561"},{"taxonomy":"product_cat","embeddable":true,"href":"https:\/\/najnaj.eu\/sl\/wp-json\/wp\/v2\/product_cat?post=194561"},{"taxonomy":"product_tag","embeddable":true,"href":"https:\/\/najnaj.eu\/sl\/wp-json\/wp\/v2\/product_tag?post=194561"}],"curies":[{"name":"wp","href":"https:\/\/api.w.org\/{rel}","templated":true}]}}