{"id":194555,"date":"2022-12-05T09:17:49","date_gmt":"2022-12-05T08:17:49","guid":{"rendered":"https:\/\/najnaj.eu\/proizvod\/lassig-snack-silicone-garden-explorer-mushroom-0-18-mesecev\/"},"modified":"2025-02-06T12:25:56","modified_gmt":"2025-02-06T11:25:56","slug":"lassig-snack-silicone-garden-explorer-mushroom-0-18-mesecev","status":"publish","type":"product","link":"https:\/\/najnaj.eu\/sl\/izdelek\/lassig-snack-silicone-garden-explorer-mushroom-0-18-mesecev\/","title":{"rendered":"L\u00e4ssig Snack Silicone Garden Explorer Mushroom 0-18 mesecev."},"content":{"rendered":"<p>Za mlade ljubitelje narave: grizalo iz kolekcije Garden Explorer ne le laj\u0161a bole\u010dine med izra\u0161\u010danjem zobkov, ampak tudi stimulira in spodbuja otrokov ob\u010dutek za dotik. Sladki gri\u017eljaji so v obliki \u010debel, pol\u017ekov in gob, ki nudijo olaj\u0161anje, ko so prvi zobki na poti. Mehka, a izrazita struktura na obeh straneh in rahle izbokline masirajo otrokove dlesni pri \u017eve\u010denju.<\/p>\n<p>S premikanjem igra\u010de pred o\u010dmi dojen\u010dek spodbuja koordinacijo o\u010di in rok ter se tako u\u010di prijemanja stvari. Tako na igriv na\u010din urimo otrokove motori\u010dne sposobnosti. Velikost in material te igra\u010de sta popolnoma prilagojena majhnim rokam.<\/p>\n<p>Grizalo je narejeno iz silikona, ki je varen za \u017eve\u010denje in ga je mogo\u010de prati v pomivalnem stroju. Primerno za dojen\u010dke od rojstva.<\/p>\n","protected":false},"excerpt":{"rendered":"<p>Za dojen\u010dkove prve drobne zobke: grizalo za zobe iz kolekcije Garden Explorer stimulira dojen\u010dkove \u010dute in olaj\u0161a izra\u0161\u010danje zobkov. Spodbuja otrokov ob\u010dutek za dotik, motori\u010dne sposobnosti in koordinacijo o\u010di in rok. Primerno za dojen\u010dke od rojstva.<\/p>\n","protected":false},"featured_media":156577,"comment_status":"open","ping_status":"closed","template":"","meta":{"_acf_changed":false,"footnotes":""},"product_brand":[],"product_cat":[661,577,742,745,622],"product_tag":[],"class_list":{"0":"post-194555","1":"product","2":"type-product","3":"status-publish","4":"has-post-thumbnail","6":"product_cat-grickala","7":"product_cat-hranjenje","8":"product_cat-igracke","9":"product_cat-igrackice-za-bebe","10":"product_cat-posude","11":"pa_boja-roza","12":"pa_brand-lassig","13":"pa_vrsta-posuda-grickala","15":"first","16":"instock","17":"purchasable","18":"product-type-simple"},"bundled_by":[],"bundle_stock_status":"instock","bundle_stock_quantity":2,"bundle_virtual":false,"bundle_layout":"","bundle_add_to_cart_form_location":"","bundle_editable_in_cart":false,"bundle_sold_individually_context":"","bundle_item_grouping":"","bundle_min_size":"","bundle_max_size":"","bundle_price":[],"bundled_items":[],"bundle_sell_ids":[],"acf":[],"yoast_head":"<!-- This site is optimized with the Yoast SEO Premium plugin v21.5 (Yoast SEO v27.4) - https:\/\/yoast.com\/product\/yoast-seo-premium-wordpress\/ -->\n<title>L\u00e4ssig Snack Silicone Garden Explorer Mushroom 0-18 mesecev. - NajNaj.eu<\/title>\n<meta name=\"robots\" content=\"index, follow, max-snippet:-1, max-image-preview:large, max-video-preview:-1\" \/>\n<link rel=\"canonical\" href=\"https:\/\/najnaj.eu\/sl\/izdelek\/lassig-snack-silicone-garden-explorer-mushroom-0-18-mesecev\/\" \/>\n<meta property=\"og:locale\" content=\"sl_SI\" \/>\n<meta property=\"og:type\" content=\"article\" \/>\n<meta property=\"og:title\" content=\"L\u00e4ssig Snack Silicone Garden Explorer Mushroom 0-18 mesecev.\" \/>\n<meta property=\"og:description\" content=\"Za dojen\u010dkove prve drobne zobke: grizalo za zobe iz kolekcije Garden Explorer stimulira dojen\u010dkove \u010dute in olaj\u0161a izra\u0161\u010danje zobkov. Spodbuja otrokov ob\u010dutek za dotik, motori\u010dne sposobnosti in koordinacijo o\u010di in rok. Primerno za dojen\u010dke od rojstva.\" \/>\n<meta property=\"og:url\" content=\"https:\/\/najnaj.eu\/sl\/izdelek\/lassig-snack-silicone-garden-explorer-mushroom-0-18-mesecev\/\" \/>\n<meta property=\"og:site_name\" content=\"NajNaj.eu\" \/>\n<meta property=\"article:publisher\" content=\"https:\/\/web.facebook.com\/najnaj.eu\/\" \/>\n<meta property=\"article:modified_time\" content=\"2025-02-06T11:25:56+00:00\" \/>\n<meta property=\"og:image\" content=\"https:\/\/najnaj.eu\/wp-content\/uploads\/2023\/08\/KID_F19_1313012613_P_2-Large.jpg\" \/>\n\t<meta property=\"og:image:width\" content=\"1081\" \/>\n\t<meta property=\"og:image:height\" content=\"1080\" \/>\n\t<meta property=\"og:image:type\" content=\"image\/jpeg\" \/>\n<meta name=\"twitter:card\" content=\"summary_large_image\" \/>\n<meta name=\"twitter:label1\" content=\"Price\" \/>\n\t<meta name=\"twitter:data1\" content=\"10,95&nbsp;&euro;\" \/>\n\t<meta name=\"twitter:label2\" content=\"Availability\" \/>\n\t<meta name=\"twitter:data2\" content=\"In stock\" \/>\n<script type=\"application\/ld+json\" class=\"yoast-schema-graph\">{\"@context\":\"https:\\\/\\\/schema.org\",\"@graph\":[{\"@type\":\"WebPage\",\"@id\":\"https:\\\/\\\/najnaj.eu\\\/sl\\\/izdelek\\\/lassig-snack-silicone-garden-explorer-mushroom-0-18-mesecev\\\/\",\"url\":\"https:\\\/\\\/najnaj.eu\\\/sl\\\/izdelek\\\/lassig-snack-silicone-garden-explorer-mushroom-0-18-mesecev\\\/\",\"name\":\"L\u00e4ssig Snack Silicone Garden Explorer Mushroom 0-18 mesecev. - NajNaj.eu\",\"isPartOf\":{\"@id\":\"https:\\\/\\\/najnaj.eu\\\/sl\\\/#website\"},\"primaryImageOfPage\":{\"@id\":\"https:\\\/\\\/najnaj.eu\\\/sl\\\/izdelek\\\/lassig-snack-silicone-garden-explorer-mushroom-0-18-mesecev\\\/#primaryimage\"},\"image\":{\"@id\":\"https:\\\/\\\/najnaj.eu\\\/sl\\\/izdelek\\\/lassig-snack-silicone-garden-explorer-mushroom-0-18-mesecev\\\/#primaryimage\"},\"thumbnailUrl\":\"https:\\\/\\\/najnaj.eu\\\/wp-content\\\/uploads\\\/2023\\\/08\\\/KID_F19_1313012613_P_2-Large.jpg\",\"datePublished\":\"2022-12-05T08:17:49+00:00\",\"dateModified\":\"2025-02-06T11:25:56+00:00\",\"breadcrumb\":{\"@id\":\"https:\\\/\\\/najnaj.eu\\\/sl\\\/izdelek\\\/lassig-snack-silicone-garden-explorer-mushroom-0-18-mesecev\\\/#breadcrumb\"},\"inLanguage\":\"sl-SI\",\"potentialAction\":[{\"@type\":\"ReadAction\",\"target\":[\"https:\\\/\\\/najnaj.eu\\\/sl\\\/izdelek\\\/lassig-snack-silicone-garden-explorer-mushroom-0-18-mesecev\\\/\"]}]},{\"@type\":\"ImageObject\",\"inLanguage\":\"sl-SI\",\"@id\":\"https:\\\/\\\/najnaj.eu\\\/sl\\\/izdelek\\\/lassig-snack-silicone-garden-explorer-mushroom-0-18-mesecev\\\/#primaryimage\",\"url\":\"https:\\\/\\\/najnaj.eu\\\/wp-content\\\/uploads\\\/2023\\\/08\\\/KID_F19_1313012613_P_2-Large.jpg\",\"contentUrl\":\"https:\\\/\\\/najnaj.eu\\\/wp-content\\\/uploads\\\/2023\\\/08\\\/KID_F19_1313012613_P_2-Large.jpg\",\"width\":1081,\"height\":1080},{\"@type\":\"BreadcrumbList\",\"@id\":\"https:\\\/\\\/najnaj.eu\\\/sl\\\/izdelek\\\/lassig-snack-silicone-garden-explorer-mushroom-0-18-mesecev\\\/#breadcrumb\",\"itemListElement\":[{\"@type\":\"ListItem\",\"position\":1,\"name\":\"Po\u010detna stranica\",\"item\":\"https:\\\/\\\/najnaj.eu\\\/sl\\\/prednja-stran\\\/\"},{\"@type\":\"ListItem\",\"position\":2,\"name\":\"Shop\",\"item\":\"https:\\\/\\\/najnaj.eu\\\/sl\\\/shop\\\/\"},{\"@type\":\"ListItem\",\"position\":3,\"name\":\"L\u00e4ssig Snack Silicone Garden Explorer Mushroom 0-18 mesecev.\"}]},{\"@type\":\"WebSite\",\"@id\":\"https:\\\/\\\/najnaj.eu\\\/sl\\\/#website\",\"url\":\"https:\\\/\\\/najnaj.eu\\\/sl\\\/\",\"name\":\"NajNaj.eu\",\"description\":\"Za najva\u017enije!\",\"publisher\":{\"@id\":\"https:\\\/\\\/najnaj.eu\\\/sl\\\/#organization\"},\"potentialAction\":[{\"@type\":\"SearchAction\",\"target\":{\"@type\":\"EntryPoint\",\"urlTemplate\":\"https:\\\/\\\/najnaj.eu\\\/sl\\\/?s={search_term_string}\"},\"query-input\":{\"@type\":\"PropertyValueSpecification\",\"valueRequired\":true,\"valueName\":\"search_term_string\"}}],\"inLanguage\":\"sl-SI\"},{\"@type\":\"Organization\",\"@id\":\"https:\\\/\\\/najnaj.eu\\\/sl\\\/#organization\",\"name\":\"NajNaj.eu\",\"url\":\"https:\\\/\\\/najnaj.eu\\\/sl\\\/\",\"logo\":{\"@type\":\"ImageObject\",\"inLanguage\":\"sl-SI\",\"@id\":\"https:\\\/\\\/najnaj.eu\\\/sl\\\/#\\\/schema\\\/logo\\\/image\\\/\",\"url\":\"https:\\\/\\\/najnaj.eu\\\/wp-content\\\/uploads\\\/2023\\\/09\\\/logo_Najnaj_2023.svg\",\"contentUrl\":\"https:\\\/\\\/najnaj.eu\\\/wp-content\\\/uploads\\\/2023\\\/09\\\/logo_Najnaj_2023.svg\",\"width\":501,\"height\":278,\"caption\":\"NajNaj.eu\"},\"image\":{\"@id\":\"https:\\\/\\\/najnaj.eu\\\/sl\\\/#\\\/schema\\\/logo\\\/image\\\/\"},\"sameAs\":[\"https:\\\/\\\/web.facebook.com\\\/najnaj.eu\\\/\",\"https:\\\/\\\/www.instagram.com\\\/najnaj.eu\\\/\",\"https:\\\/\\\/www.tiktok.com\\\/@najnaj.eu\"]}]}<\/script>\n<meta property=\"product:brand\" content=\"L\u00e4ssig\" \/>\n<meta property=\"product:price:amount\" content=\"10.95\" \/>\n<meta property=\"product:price:currency\" content=\"EUR\" \/>\n<meta property=\"og:availability\" content=\"instock\" \/>\n<meta property=\"product:availability\" content=\"instock\" \/>\n<meta property=\"product:retailer_item_id\" content=\"1313012613\" \/>\n<meta property=\"product:condition\" content=\"new\" \/>\n<!-- \/ Yoast SEO Premium plugin. -->","yoast_head_json":{"title":"L\u00e4ssig Snack Silicone Garden Explorer Mushroom 0-18 mesecev. - NajNaj.eu","robots":{"index":"index","follow":"follow","max-snippet":"max-snippet:-1","max-image-preview":"max-image-preview:large","max-video-preview":"max-video-preview:-1"},"canonical":"https:\/\/najnaj.eu\/sl\/izdelek\/lassig-snack-silicone-garden-explorer-mushroom-0-18-mesecev\/","og_locale":"sl_SI","og_type":"article","og_title":"L\u00e4ssig Snack Silicone Garden Explorer Mushroom 0-18 mesecev.","og_description":"Za dojen\u010dkove prve drobne zobke: grizalo za zobe iz kolekcije Garden Explorer stimulira dojen\u010dkove \u010dute in olaj\u0161a izra\u0161\u010danje zobkov. Spodbuja otrokov ob\u010dutek za dotik, motori\u010dne sposobnosti in koordinacijo o\u010di in rok. Primerno za dojen\u010dke od rojstva.","og_url":"https:\/\/najnaj.eu\/sl\/izdelek\/lassig-snack-silicone-garden-explorer-mushroom-0-18-mesecev\/","og_site_name":"NajNaj.eu","article_publisher":"https:\/\/web.facebook.com\/najnaj.eu\/","article_modified_time":"2025-02-06T11:25:56+00:00","og_image":[{"width":1081,"height":1080,"url":"https:\/\/najnaj.eu\/wp-content\/uploads\/2023\/08\/KID_F19_1313012613_P_2-Large.jpg","type":"image\/jpeg"}],"twitter_card":"summary_large_image","twitter_misc":{"Price":"10,95&nbsp;&euro;","Availability":"In stock"},"schema":{"@context":"https:\/\/schema.org","@graph":[{"@type":"WebPage","@id":"https:\/\/najnaj.eu\/sl\/izdelek\/lassig-snack-silicone-garden-explorer-mushroom-0-18-mesecev\/","url":"https:\/\/najnaj.eu\/sl\/izdelek\/lassig-snack-silicone-garden-explorer-mushroom-0-18-mesecev\/","name":"L\u00e4ssig Snack Silicone Garden Explorer Mushroom 0-18 mesecev. - NajNaj.eu","isPartOf":{"@id":"https:\/\/najnaj.eu\/sl\/#website"},"primaryImageOfPage":{"@id":"https:\/\/najnaj.eu\/sl\/izdelek\/lassig-snack-silicone-garden-explorer-mushroom-0-18-mesecev\/#primaryimage"},"image":{"@id":"https:\/\/najnaj.eu\/sl\/izdelek\/lassig-snack-silicone-garden-explorer-mushroom-0-18-mesecev\/#primaryimage"},"thumbnailUrl":"https:\/\/najnaj.eu\/wp-content\/uploads\/2023\/08\/KID_F19_1313012613_P_2-Large.jpg","datePublished":"2022-12-05T08:17:49+00:00","dateModified":"2025-02-06T11:25:56+00:00","breadcrumb":{"@id":"https:\/\/najnaj.eu\/sl\/izdelek\/lassig-snack-silicone-garden-explorer-mushroom-0-18-mesecev\/#breadcrumb"},"inLanguage":"sl-SI","potentialAction":[{"@type":"ReadAction","target":["https:\/\/najnaj.eu\/sl\/izdelek\/lassig-snack-silicone-garden-explorer-mushroom-0-18-mesecev\/"]}]},{"@type":"ImageObject","inLanguage":"sl-SI","@id":"https:\/\/najnaj.eu\/sl\/izdelek\/lassig-snack-silicone-garden-explorer-mushroom-0-18-mesecev\/#primaryimage","url":"https:\/\/najnaj.eu\/wp-content\/uploads\/2023\/08\/KID_F19_1313012613_P_2-Large.jpg","contentUrl":"https:\/\/najnaj.eu\/wp-content\/uploads\/2023\/08\/KID_F19_1313012613_P_2-Large.jpg","width":1081,"height":1080},{"@type":"BreadcrumbList","@id":"https:\/\/najnaj.eu\/sl\/izdelek\/lassig-snack-silicone-garden-explorer-mushroom-0-18-mesecev\/#breadcrumb","itemListElement":[{"@type":"ListItem","position":1,"name":"Po\u010detna stranica","item":"https:\/\/najnaj.eu\/sl\/prednja-stran\/"},{"@type":"ListItem","position":2,"name":"Shop","item":"https:\/\/najnaj.eu\/sl\/shop\/"},{"@type":"ListItem","position":3,"name":"L\u00e4ssig Snack Silicone Garden Explorer Mushroom 0-18 mesecev."}]},{"@type":"WebSite","@id":"https:\/\/najnaj.eu\/sl\/#website","url":"https:\/\/najnaj.eu\/sl\/","name":"NajNaj.eu","description":"Za najva\u017enije!","publisher":{"@id":"https:\/\/najnaj.eu\/sl\/#organization"},"potentialAction":[{"@type":"SearchAction","target":{"@type":"EntryPoint","urlTemplate":"https:\/\/najnaj.eu\/sl\/?s={search_term_string}"},"query-input":{"@type":"PropertyValueSpecification","valueRequired":true,"valueName":"search_term_string"}}],"inLanguage":"sl-SI"},{"@type":"Organization","@id":"https:\/\/najnaj.eu\/sl\/#organization","name":"NajNaj.eu","url":"https:\/\/najnaj.eu\/sl\/","logo":{"@type":"ImageObject","inLanguage":"sl-SI","@id":"https:\/\/najnaj.eu\/sl\/#\/schema\/logo\/image\/","url":"https:\/\/najnaj.eu\/wp-content\/uploads\/2023\/09\/logo_Najnaj_2023.svg","contentUrl":"https:\/\/najnaj.eu\/wp-content\/uploads\/2023\/09\/logo_Najnaj_2023.svg","width":501,"height":278,"caption":"NajNaj.eu"},"image":{"@id":"https:\/\/najnaj.eu\/sl\/#\/schema\/logo\/image\/"},"sameAs":["https:\/\/web.facebook.com\/najnaj.eu\/","https:\/\/www.instagram.com\/najnaj.eu\/","https:\/\/www.tiktok.com\/@najnaj.eu"]}]},"product_brand":"L\u00e4ssig","product_price_amount":"10.95","product_price_currency":"EUR","og_availability":"instock","product_availability":"instock","product_retailer_item_id":"1313012613","product_condition":"new"},"_links":{"self":[{"href":"https:\/\/najnaj.eu\/sl\/wp-json\/wp\/v2\/product\/194555","targetHints":{"allow":["GET"]}}],"collection":[{"href":"https:\/\/najnaj.eu\/sl\/wp-json\/wp\/v2\/product"}],"about":[{"href":"https:\/\/najnaj.eu\/sl\/wp-json\/wp\/v2\/types\/product"}],"replies":[{"embeddable":true,"href":"https:\/\/najnaj.eu\/sl\/wp-json\/wp\/v2\/comments?post=194555"}],"version-history":[{"count":0,"href":"https:\/\/najnaj.eu\/sl\/wp-json\/wp\/v2\/product\/194555\/revisions"}],"wp:featuredmedia":[{"embeddable":true,"href":"https:\/\/najnaj.eu\/sl\/wp-json\/wp\/v2\/media\/156577"}],"wp:attachment":[{"href":"https:\/\/najnaj.eu\/sl\/wp-json\/wp\/v2\/media?parent=194555"}],"wp:term":[{"taxonomy":"product_brand","embeddable":true,"href":"https:\/\/najnaj.eu\/sl\/wp-json\/wp\/v2\/product_brand?post=194555"},{"taxonomy":"product_cat","embeddable":true,"href":"https:\/\/najnaj.eu\/sl\/wp-json\/wp\/v2\/product_cat?post=194555"},{"taxonomy":"product_tag","embeddable":true,"href":"https:\/\/najnaj.eu\/sl\/wp-json\/wp\/v2\/product_tag?post=194555"}],"curies":[{"name":"wp","href":"https:\/\/api.w.org\/{rel}","templated":true}]}}