{"id":194542,"date":"2022-11-30T11:08:07","date_gmt":"2022-11-30T10:08:07","guid":{"rendered":"https:\/\/najnaj.eu\/proizvod\/lassig-gre-cotton-statement-bag-antracit\/"},"modified":"2025-02-06T12:28:05","modified_gmt":"2025-02-06T11:28:05","slug":"lassig-gre-cotton-statement-bag-antracit","status":"publish","type":"product","link":"https:\/\/najnaj.eu\/sl\/izdelek\/lassig-gre-cotton-statement-bag-antracit\/","title":{"rendered":"L\u00e4ssig GRE Cotton Statement Bag antracit"},"content":{"rendered":"<p>Narejeno iz organskega bomba\u017ea! Vodotesna torba Cotton Statement Shopper iz kolekcije L\u00c4SSIG Green Label navdu\u0161uje s svojo visokokakovostno kon\u010dno obdelavo iz organskega bomba\u017ea in nevsiljivim dizajnom. Pod njegovo lepo in okolju prijazno zunanjostjo se skriva presenetljivo veliko prostora za shranjevanje, zaradi \u010desar je popoln spremljevalec za izlete, vikend izlete, nakupovanje ali \u0161port.<\/p>\n<p>Minimalisti\u010dna nakupovalna torba je izdelana iz organskega bomba\u017ea. Zaradi izvora uporabljenih materialov je torba Cotton Statement Shopper okolju prijazna. Poleg tega je robusten in vodoodporen premaz kos vsem vremenskim razmeram. Torbico lahko perete v pralnem stroju na 30\u00b0C v ne\u017enem na\u010dinu in tudi po dalj\u0161i uporabi \u0161e naprej zagotavlja vrhunsko funkcionalnost.<\/p>\n<p>Torba Cotton Statement Shopper navdu\u0161i s svojo prakti\u010dno obliko, modernimi barvami in pusti mo\u010dan vtis z drznima logotipoma Fairness in Kindness, izjavama, ki odra\u017eata prioritete podjetja L\u00c4SSIG. L\u00c4SSIG kot proizvajalec skrbi za funkcionalnost in dizajn, vendar pripisuje poseben pomen pravi\u010dni trgovini in odgovorni rabi virov planeta.<\/p>\n<p>Nepogre\u0161ljive stvari za izlet v naravo &#8211; \u0161portna oprema, odeje, otro\u0161ke igra\u010de ali prigrizki &#8211; se lepo prilegajo v torbico Cotton Essential Shopper. Vse, kar potrebuje takoj\u0161en dostop, je mogo\u010de organizirati v veliki notranjosti s svetlo obarvano podlogo in ve\u010d predali za shranjevanje. Torba ima dodatne kljukice za vozi\u010dek, kar omogo\u010da pritrditev na vozi\u010dek in razbremeni hrbet star\u0161ev.<\/p>\n","protected":false},"excerpt":{"rendered":"<p>L\u00c4SSIG Cotton Statement Shopper torba uspe\u0161no zdru\u017euje okolju prijaznost, preprostost in funkcionalnost. \u010cude\u017e kompaktnega dizajna in popoln spremljevalec za vsako prilo\u017enost. Torba je izdelana iz organskega bomba\u017ea, zato je vodoodporna in pralna v pralnem stroju.<\/p>\n","protected":false},"featured_media":156449,"comment_status":"open","ping_status":"closed","template":"","meta":{"_acf_changed":false,"footnotes":""},"product_brand":[],"product_cat":[1152,1406,1409,1401],"product_tag":[],"class_list":{"0":"post-194542","1":"product","2":"type-product","3":"status-publish","4":"has-post-thumbnail","6":"product_cat-dodaci-za-kolica-sl","7":"product_cat-moda-sl","8":"product_cat-torbe-nahrbtniki-za-vozicke","9":"product_cat-za-mamo","10":"pa_boja-siva-sl","11":"pa_brand-lassig-sl","12":"pa_torbe-za-porodnisnico","14":"first","15":"instock","16":"sale","17":"purchasable","18":"product-type-simple"},"bundled_by":[],"bundle_stock_status":"instock","bundle_stock_quantity":7,"bundle_virtual":false,"bundle_layout":"","bundle_add_to_cart_form_location":"","bundle_editable_in_cart":false,"bundle_sold_individually_context":"","bundle_item_grouping":"","bundle_min_size":"","bundle_max_size":"","bundle_price":[],"bundled_items":[],"bundle_sell_ids":[],"acf":[],"yoast_head":"<!-- This site is optimized with the Yoast SEO Premium plugin v21.5 (Yoast SEO v27.3) - https:\/\/yoast.com\/product\/yoast-seo-premium-wordpress\/ -->\n<title>L\u00e4ssig GRE Cotton Statement Bag antracit - NajNaj.eu<\/title>\n<meta name=\"robots\" content=\"index, follow, max-snippet:-1, max-image-preview:large, max-video-preview:-1\" \/>\n<link rel=\"canonical\" href=\"https:\/\/najnaj.eu\/sl\/izdelek\/lassig-gre-cotton-statement-bag-antracit\/\" \/>\n<meta property=\"og:locale\" content=\"sl_SI\" \/>\n<meta property=\"og:type\" content=\"article\" \/>\n<meta property=\"og:title\" content=\"L\u00e4ssig GRE Cotton Statement Bag antracit\" \/>\n<meta property=\"og:description\" content=\"L\u00c4SSIG Cotton Statement Shopper torba uspe\u0161no zdru\u017euje okolju prijaznost, preprostost in funkcionalnost. \u010cude\u017e kompaktnega dizajna in popoln spremljevalec za vsako prilo\u017enost. Torba je izdelana iz organskega bomba\u017ea, zato je vodoodporna in pralna v pralnem stroju.\" \/>\n<meta property=\"og:url\" content=\"https:\/\/najnaj.eu\/sl\/izdelek\/lassig-gre-cotton-statement-bag-antracit\/\" \/>\n<meta property=\"og:site_name\" content=\"NajNaj.eu\" \/>\n<meta property=\"article:publisher\" content=\"https:\/\/web.facebook.com\/najnaj.eu\/\" \/>\n<meta property=\"article:modified_time\" content=\"2025-02-06T11:28:05+00:00\" \/>\n<meta property=\"og:image\" content=\"https:\/\/najnaj.eu\/wp-content\/uploads\/2023\/08\/GRE_F21_1101034236_P_1-Large.jpg\" \/>\n\t<meta property=\"og:image:width\" content=\"1080\" \/>\n\t<meta property=\"og:image:height\" content=\"1080\" \/>\n\t<meta property=\"og:image:type\" content=\"image\/jpeg\" \/>\n<meta name=\"twitter:card\" content=\"summary_large_image\" \/>\n<meta name=\"twitter:label1\" content=\"Price\" \/>\n\t<meta name=\"twitter:data1\" content=\"39,95&nbsp;&euro;\" \/>\n\t<meta name=\"twitter:label2\" content=\"Availability\" \/>\n\t<meta name=\"twitter:data2\" content=\"In stock\" \/>\n<script type=\"application\/ld+json\" class=\"yoast-schema-graph\">{\"@context\":\"https:\\\/\\\/schema.org\",\"@graph\":[{\"@type\":\"WebPage\",\"@id\":\"https:\\\/\\\/najnaj.eu\\\/sl\\\/izdelek\\\/lassig-gre-cotton-statement-bag-antracit\\\/\",\"url\":\"https:\\\/\\\/najnaj.eu\\\/sl\\\/izdelek\\\/lassig-gre-cotton-statement-bag-antracit\\\/\",\"name\":\"L\u00e4ssig GRE Cotton Statement Bag antracit - NajNaj.eu\",\"isPartOf\":{\"@id\":\"https:\\\/\\\/najnaj.eu\\\/sl\\\/#website\"},\"primaryImageOfPage\":{\"@id\":\"https:\\\/\\\/najnaj.eu\\\/sl\\\/izdelek\\\/lassig-gre-cotton-statement-bag-antracit\\\/#primaryimage\"},\"image\":{\"@id\":\"https:\\\/\\\/najnaj.eu\\\/sl\\\/izdelek\\\/lassig-gre-cotton-statement-bag-antracit\\\/#primaryimage\"},\"thumbnailUrl\":\"https:\\\/\\\/najnaj.eu\\\/wp-content\\\/uploads\\\/2023\\\/08\\\/GRE_F21_1101034236_P_1-Large.jpg\",\"datePublished\":\"2022-11-30T10:08:07+00:00\",\"dateModified\":\"2025-02-06T11:28:05+00:00\",\"breadcrumb\":{\"@id\":\"https:\\\/\\\/najnaj.eu\\\/sl\\\/izdelek\\\/lassig-gre-cotton-statement-bag-antracit\\\/#breadcrumb\"},\"inLanguage\":\"sl-SI\",\"potentialAction\":[{\"@type\":\"ReadAction\",\"target\":[\"https:\\\/\\\/najnaj.eu\\\/sl\\\/izdelek\\\/lassig-gre-cotton-statement-bag-antracit\\\/\"]}]},{\"@type\":\"ImageObject\",\"inLanguage\":\"sl-SI\",\"@id\":\"https:\\\/\\\/najnaj.eu\\\/sl\\\/izdelek\\\/lassig-gre-cotton-statement-bag-antracit\\\/#primaryimage\",\"url\":\"https:\\\/\\\/najnaj.eu\\\/wp-content\\\/uploads\\\/2023\\\/08\\\/GRE_F21_1101034236_P_1-Large.jpg\",\"contentUrl\":\"https:\\\/\\\/najnaj.eu\\\/wp-content\\\/uploads\\\/2023\\\/08\\\/GRE_F21_1101034236_P_1-Large.jpg\",\"width\":1080,\"height\":1080},{\"@type\":\"BreadcrumbList\",\"@id\":\"https:\\\/\\\/najnaj.eu\\\/sl\\\/izdelek\\\/lassig-gre-cotton-statement-bag-antracit\\\/#breadcrumb\",\"itemListElement\":[{\"@type\":\"ListItem\",\"position\":1,\"name\":\"Po\u010detna stranica\",\"item\":\"https:\\\/\\\/najnaj.eu\\\/sl\\\/prednja-stran\\\/\"},{\"@type\":\"ListItem\",\"position\":2,\"name\":\"Shop\",\"item\":\"https:\\\/\\\/najnaj.eu\\\/sl\\\/shop\\\/\"},{\"@type\":\"ListItem\",\"position\":3,\"name\":\"L\u00e4ssig GRE Cotton Statement Bag antracit\"}]},{\"@type\":\"WebSite\",\"@id\":\"https:\\\/\\\/najnaj.eu\\\/sl\\\/#website\",\"url\":\"https:\\\/\\\/najnaj.eu\\\/sl\\\/\",\"name\":\"NajNaj.eu\",\"description\":\"Za najva\u017enije!\",\"publisher\":{\"@id\":\"https:\\\/\\\/najnaj.eu\\\/sl\\\/#organization\"},\"potentialAction\":[{\"@type\":\"SearchAction\",\"target\":{\"@type\":\"EntryPoint\",\"urlTemplate\":\"https:\\\/\\\/najnaj.eu\\\/sl\\\/?s={search_term_string}\"},\"query-input\":{\"@type\":\"PropertyValueSpecification\",\"valueRequired\":true,\"valueName\":\"search_term_string\"}}],\"inLanguage\":\"sl-SI\"},{\"@type\":\"Organization\",\"@id\":\"https:\\\/\\\/najnaj.eu\\\/sl\\\/#organization\",\"name\":\"NajNaj.eu\",\"url\":\"https:\\\/\\\/najnaj.eu\\\/sl\\\/\",\"logo\":{\"@type\":\"ImageObject\",\"inLanguage\":\"sl-SI\",\"@id\":\"https:\\\/\\\/najnaj.eu\\\/sl\\\/#\\\/schema\\\/logo\\\/image\\\/\",\"url\":\"https:\\\/\\\/najnaj.eu\\\/wp-content\\\/uploads\\\/2023\\\/09\\\/logo_Najnaj_2023.svg\",\"contentUrl\":\"https:\\\/\\\/najnaj.eu\\\/wp-content\\\/uploads\\\/2023\\\/09\\\/logo_Najnaj_2023.svg\",\"width\":501,\"height\":278,\"caption\":\"NajNaj.eu\"},\"image\":{\"@id\":\"https:\\\/\\\/najnaj.eu\\\/sl\\\/#\\\/schema\\\/logo\\\/image\\\/\"},\"sameAs\":[\"https:\\\/\\\/web.facebook.com\\\/najnaj.eu\\\/\",\"https:\\\/\\\/www.instagram.com\\\/najnaj.eu\\\/\",\"https:\\\/\\\/www.tiktok.com\\\/@najnaj.eu\"]}]}<\/script>\n<meta property=\"product:brand\" content=\"L\u00e4ssig\" \/>\n<meta property=\"product:price:amount\" content=\"39.95\" \/>\n<meta property=\"product:price:currency\" content=\"EUR\" \/>\n<meta property=\"og:availability\" content=\"instock\" \/>\n<meta property=\"product:availability\" content=\"instock\" \/>\n<meta property=\"product:retailer_item_id\" content=\"1101034236\" \/>\n<meta property=\"product:condition\" content=\"new\" \/>\n<!-- \/ Yoast SEO Premium plugin. -->","yoast_head_json":{"title":"L\u00e4ssig GRE Cotton Statement Bag antracit - NajNaj.eu","robots":{"index":"index","follow":"follow","max-snippet":"max-snippet:-1","max-image-preview":"max-image-preview:large","max-video-preview":"max-video-preview:-1"},"canonical":"https:\/\/najnaj.eu\/sl\/izdelek\/lassig-gre-cotton-statement-bag-antracit\/","og_locale":"sl_SI","og_type":"article","og_title":"L\u00e4ssig GRE Cotton Statement Bag antracit","og_description":"L\u00c4SSIG Cotton Statement Shopper torba uspe\u0161no zdru\u017euje okolju prijaznost, preprostost in funkcionalnost. \u010cude\u017e kompaktnega dizajna in popoln spremljevalec za vsako prilo\u017enost. Torba je izdelana iz organskega bomba\u017ea, zato je vodoodporna in pralna v pralnem stroju.","og_url":"https:\/\/najnaj.eu\/sl\/izdelek\/lassig-gre-cotton-statement-bag-antracit\/","og_site_name":"NajNaj.eu","article_publisher":"https:\/\/web.facebook.com\/najnaj.eu\/","article_modified_time":"2025-02-06T11:28:05+00:00","og_image":[{"width":1080,"height":1080,"url":"https:\/\/najnaj.eu\/wp-content\/uploads\/2023\/08\/GRE_F21_1101034236_P_1-Large.jpg","type":"image\/jpeg"}],"twitter_card":"summary_large_image","twitter_misc":{"Price":"39,95&nbsp;&euro;","Availability":"In stock"},"schema":{"@context":"https:\/\/schema.org","@graph":[{"@type":"WebPage","@id":"https:\/\/najnaj.eu\/sl\/izdelek\/lassig-gre-cotton-statement-bag-antracit\/","url":"https:\/\/najnaj.eu\/sl\/izdelek\/lassig-gre-cotton-statement-bag-antracit\/","name":"L\u00e4ssig GRE Cotton Statement Bag antracit - NajNaj.eu","isPartOf":{"@id":"https:\/\/najnaj.eu\/sl\/#website"},"primaryImageOfPage":{"@id":"https:\/\/najnaj.eu\/sl\/izdelek\/lassig-gre-cotton-statement-bag-antracit\/#primaryimage"},"image":{"@id":"https:\/\/najnaj.eu\/sl\/izdelek\/lassig-gre-cotton-statement-bag-antracit\/#primaryimage"},"thumbnailUrl":"https:\/\/najnaj.eu\/wp-content\/uploads\/2023\/08\/GRE_F21_1101034236_P_1-Large.jpg","datePublished":"2022-11-30T10:08:07+00:00","dateModified":"2025-02-06T11:28:05+00:00","breadcrumb":{"@id":"https:\/\/najnaj.eu\/sl\/izdelek\/lassig-gre-cotton-statement-bag-antracit\/#breadcrumb"},"inLanguage":"sl-SI","potentialAction":[{"@type":"ReadAction","target":["https:\/\/najnaj.eu\/sl\/izdelek\/lassig-gre-cotton-statement-bag-antracit\/"]}]},{"@type":"ImageObject","inLanguage":"sl-SI","@id":"https:\/\/najnaj.eu\/sl\/izdelek\/lassig-gre-cotton-statement-bag-antracit\/#primaryimage","url":"https:\/\/najnaj.eu\/wp-content\/uploads\/2023\/08\/GRE_F21_1101034236_P_1-Large.jpg","contentUrl":"https:\/\/najnaj.eu\/wp-content\/uploads\/2023\/08\/GRE_F21_1101034236_P_1-Large.jpg","width":1080,"height":1080},{"@type":"BreadcrumbList","@id":"https:\/\/najnaj.eu\/sl\/izdelek\/lassig-gre-cotton-statement-bag-antracit\/#breadcrumb","itemListElement":[{"@type":"ListItem","position":1,"name":"Po\u010detna stranica","item":"https:\/\/najnaj.eu\/sl\/prednja-stran\/"},{"@type":"ListItem","position":2,"name":"Shop","item":"https:\/\/najnaj.eu\/sl\/shop\/"},{"@type":"ListItem","position":3,"name":"L\u00e4ssig GRE Cotton Statement Bag antracit"}]},{"@type":"WebSite","@id":"https:\/\/najnaj.eu\/sl\/#website","url":"https:\/\/najnaj.eu\/sl\/","name":"NajNaj.eu","description":"Za najva\u017enije!","publisher":{"@id":"https:\/\/najnaj.eu\/sl\/#organization"},"potentialAction":[{"@type":"SearchAction","target":{"@type":"EntryPoint","urlTemplate":"https:\/\/najnaj.eu\/sl\/?s={search_term_string}"},"query-input":{"@type":"PropertyValueSpecification","valueRequired":true,"valueName":"search_term_string"}}],"inLanguage":"sl-SI"},{"@type":"Organization","@id":"https:\/\/najnaj.eu\/sl\/#organization","name":"NajNaj.eu","url":"https:\/\/najnaj.eu\/sl\/","logo":{"@type":"ImageObject","inLanguage":"sl-SI","@id":"https:\/\/najnaj.eu\/sl\/#\/schema\/logo\/image\/","url":"https:\/\/najnaj.eu\/wp-content\/uploads\/2023\/09\/logo_Najnaj_2023.svg","contentUrl":"https:\/\/najnaj.eu\/wp-content\/uploads\/2023\/09\/logo_Najnaj_2023.svg","width":501,"height":278,"caption":"NajNaj.eu"},"image":{"@id":"https:\/\/najnaj.eu\/sl\/#\/schema\/logo\/image\/"},"sameAs":["https:\/\/web.facebook.com\/najnaj.eu\/","https:\/\/www.instagram.com\/najnaj.eu\/","https:\/\/www.tiktok.com\/@najnaj.eu"]}]},"product_brand":"L\u00e4ssig","product_price_amount":"39.95","product_price_currency":"EUR","og_availability":"instock","product_availability":"instock","product_retailer_item_id":"1101034236","product_condition":"new"},"_links":{"self":[{"href":"https:\/\/najnaj.eu\/sl\/wp-json\/wp\/v2\/product\/194542","targetHints":{"allow":["GET"]}}],"collection":[{"href":"https:\/\/najnaj.eu\/sl\/wp-json\/wp\/v2\/product"}],"about":[{"href":"https:\/\/najnaj.eu\/sl\/wp-json\/wp\/v2\/types\/product"}],"replies":[{"embeddable":true,"href":"https:\/\/najnaj.eu\/sl\/wp-json\/wp\/v2\/comments?post=194542"}],"version-history":[{"count":0,"href":"https:\/\/najnaj.eu\/sl\/wp-json\/wp\/v2\/product\/194542\/revisions"}],"wp:featuredmedia":[{"embeddable":true,"href":"https:\/\/najnaj.eu\/sl\/wp-json\/wp\/v2\/media\/156449"}],"wp:attachment":[{"href":"https:\/\/najnaj.eu\/sl\/wp-json\/wp\/v2\/media?parent=194542"}],"wp:term":[{"taxonomy":"product_brand","embeddable":true,"href":"https:\/\/najnaj.eu\/sl\/wp-json\/wp\/v2\/product_brand?post=194542"},{"taxonomy":"product_cat","embeddable":true,"href":"https:\/\/najnaj.eu\/sl\/wp-json\/wp\/v2\/product_cat?post=194542"},{"taxonomy":"product_tag","embeddable":true,"href":"https:\/\/najnaj.eu\/sl\/wp-json\/wp\/v2\/product_tag?post=194542"}],"curies":[{"name":"wp","href":"https:\/\/api.w.org\/{rel}","templated":true}]}}