{"id":194515,"date":"2022-12-05T08:06:55","date_gmt":"2022-12-05T07:06:55","guid":{"rendered":"https:\/\/najnaj.eu\/proizvod\/lassig-set-oprsnic-5-kosov-izbrani-mali-gozdni-zajec\/"},"modified":"2025-02-06T12:27:36","modified_gmt":"2025-02-06T11:27:36","slug":"lassig-set-oprsnic-5-kosov-izbrani-mali-gozdni-zajec","status":"publish","type":"product","link":"https:\/\/najnaj.eu\/sl\/izdelek\/lassig-set-oprsnic-5-kosov-izbrani-mali-gozdni-zajec\/","title":{"rendered":"L\u00e4ssig Set oprsnic 5 kosov, izbrani mali gozdni zajec"},"content":{"rendered":"<p>Ti prakti\u010dni podbradniki (komplet 5 kosov) iz kolekcije L\u00c4SSIG Little Forest omogo\u010dajo malim gurmanom, da se izognejo polivanju hrane za jedilno mizo. Igrivi odtisi spodbujajo la\u010dne otroke, da med obrokom spoznavajo gozd in njegove \u017eivalske prebivalce.<\/p>\n<p>Blazinice za brado imajo visok dele\u017e organskega bomba\u017ea, zato so enostavne za pranje in ne\u017ene do ko\u017ee. Vodoodporen premaz na notranji strani poskrbi, da majice in bluze pod njimi ostanejo lepe in suhe. Prakti\u010dna zaponka Velcro omogo\u010da preprosto obla\u010denje in sla\u010denje.<\/p>\n<p>Podbradniki so pralni pri 40\u00b0C. Namig: pred pranjem prilepite je\u017eka in uporabite vre\u010dko za perilo.<\/p>\n","protected":false},"excerpt":{"rendered":"<p>Ti prakti\u010dni podbradniki (komplet 5 kosov) iz kolekcije L\u00c4SSIG Little Forest omogo\u010dajo malim gurmanom, da se izognejo polivanju hrane za jedilno mizo. Blazinice za brado imajo visok dele\u017e organskega bomba\u017ea, zato jih je enostavno prati. Pralni so na 40\u00b0C.<\/p>\n","protected":false},"featured_media":156522,"comment_status":"open","ping_status":"closed","template":"","meta":{"_acf_changed":false,"footnotes":""},"product_brand":[],"product_cat":[577,622,623],"product_tag":[],"class_list":{"0":"post-194515","1":"product","2":"type-product","3":"status-publish","4":"has-post-thumbnail","6":"product_cat-hranjenje","7":"product_cat-posude","8":"product_cat-podbradnjaci","9":"pa_boja-bijela","10":"pa_boja-roza","11":"pa_brand-lassig","13":"first","14":"instock","15":"sale","16":"purchasable","17":"product-type-simple"},"bundled_by":[],"bundle_stock_status":"instock","bundle_stock_quantity":6,"bundle_virtual":false,"bundle_layout":"","bundle_add_to_cart_form_location":"","bundle_editable_in_cart":false,"bundle_sold_individually_context":"","bundle_item_grouping":"","bundle_min_size":"","bundle_max_size":"","bundle_price":[],"bundled_items":[],"bundle_sell_ids":[],"acf":[],"yoast_head":"<!-- This site is optimized with the Yoast SEO Premium plugin v21.5 (Yoast SEO v27.3) - https:\/\/yoast.com\/product\/yoast-seo-premium-wordpress\/ -->\n<title>L\u00e4ssig Set oprsnic 5 kosov, izbrani mali gozdni zajec - NajNaj.eu<\/title>\n<meta name=\"robots\" content=\"index, follow, max-snippet:-1, max-image-preview:large, max-video-preview:-1\" \/>\n<link rel=\"canonical\" href=\"https:\/\/najnaj.eu\/sl\/izdelek\/lassig-set-oprsnic-5-kosov-izbrani-mali-gozdni-zajec\/\" \/>\n<meta property=\"og:locale\" content=\"sl_SI\" \/>\n<meta property=\"og:type\" content=\"article\" \/>\n<meta property=\"og:title\" content=\"L\u00e4ssig Set oprsnic 5 kosov, izbrani mali gozdni zajec\" \/>\n<meta property=\"og:description\" content=\"Ti prakti\u010dni podbradniki (komplet 5 kosov) iz kolekcije L\u00c4SSIG Little Forest omogo\u010dajo malim gurmanom, da se izognejo polivanju hrane za jedilno mizo. Blazinice za brado imajo visok dele\u017e organskega bomba\u017ea, zato jih je enostavno prati. Pralni so na 40\u00b0C.\" \/>\n<meta property=\"og:url\" content=\"https:\/\/najnaj.eu\/sl\/izdelek\/lassig-set-oprsnic-5-kosov-izbrani-mali-gozdni-zajec\/\" \/>\n<meta property=\"og:site_name\" content=\"NajNaj.eu\" \/>\n<meta property=\"article:publisher\" content=\"https:\/\/web.facebook.com\/najnaj.eu\/\" \/>\n<meta property=\"article:modified_time\" content=\"2025-02-06T11:27:36+00:00\" \/>\n<meta property=\"og:image\" content=\"https:\/\/najnaj.eu\/wp-content\/uploads\/2023\/08\/KID_F21_1311002727_P_1-Large.jpg\" \/>\n\t<meta property=\"og:image:width\" content=\"1110\" \/>\n\t<meta property=\"og:image:height\" content=\"1080\" \/>\n\t<meta property=\"og:image:type\" content=\"image\/jpeg\" \/>\n<meta name=\"twitter:card\" content=\"summary_large_image\" \/>\n<meta name=\"twitter:label1\" content=\"Price\" \/>\n\t<meta name=\"twitter:data1\" content=\"29,95&nbsp;&euro;\" \/>\n\t<meta name=\"twitter:label2\" content=\"Availability\" \/>\n\t<meta name=\"twitter:data2\" content=\"In stock\" \/>\n<script type=\"application\/ld+json\" class=\"yoast-schema-graph\">{\"@context\":\"https:\\\/\\\/schema.org\",\"@graph\":[{\"@type\":\"WebPage\",\"@id\":\"https:\\\/\\\/najnaj.eu\\\/sl\\\/izdelek\\\/lassig-set-oprsnic-5-kosov-izbrani-mali-gozdni-zajec\\\/\",\"url\":\"https:\\\/\\\/najnaj.eu\\\/sl\\\/izdelek\\\/lassig-set-oprsnic-5-kosov-izbrani-mali-gozdni-zajec\\\/\",\"name\":\"L\u00e4ssig Set oprsnic 5 kosov, izbrani mali gozdni zajec - NajNaj.eu\",\"isPartOf\":{\"@id\":\"https:\\\/\\\/najnaj.eu\\\/sl\\\/#website\"},\"primaryImageOfPage\":{\"@id\":\"https:\\\/\\\/najnaj.eu\\\/sl\\\/izdelek\\\/lassig-set-oprsnic-5-kosov-izbrani-mali-gozdni-zajec\\\/#primaryimage\"},\"image\":{\"@id\":\"https:\\\/\\\/najnaj.eu\\\/sl\\\/izdelek\\\/lassig-set-oprsnic-5-kosov-izbrani-mali-gozdni-zajec\\\/#primaryimage\"},\"thumbnailUrl\":\"https:\\\/\\\/najnaj.eu\\\/wp-content\\\/uploads\\\/2023\\\/08\\\/KID_F21_1311002727_P_1-Large.jpg\",\"datePublished\":\"2022-12-05T07:06:55+00:00\",\"dateModified\":\"2025-02-06T11:27:36+00:00\",\"breadcrumb\":{\"@id\":\"https:\\\/\\\/najnaj.eu\\\/sl\\\/izdelek\\\/lassig-set-oprsnic-5-kosov-izbrani-mali-gozdni-zajec\\\/#breadcrumb\"},\"inLanguage\":\"sl-SI\",\"potentialAction\":[{\"@type\":\"ReadAction\",\"target\":[\"https:\\\/\\\/najnaj.eu\\\/sl\\\/izdelek\\\/lassig-set-oprsnic-5-kosov-izbrani-mali-gozdni-zajec\\\/\"]}]},{\"@type\":\"ImageObject\",\"inLanguage\":\"sl-SI\",\"@id\":\"https:\\\/\\\/najnaj.eu\\\/sl\\\/izdelek\\\/lassig-set-oprsnic-5-kosov-izbrani-mali-gozdni-zajec\\\/#primaryimage\",\"url\":\"https:\\\/\\\/najnaj.eu\\\/wp-content\\\/uploads\\\/2023\\\/08\\\/KID_F21_1311002727_P_1-Large.jpg\",\"contentUrl\":\"https:\\\/\\\/najnaj.eu\\\/wp-content\\\/uploads\\\/2023\\\/08\\\/KID_F21_1311002727_P_1-Large.jpg\",\"width\":1110,\"height\":1080},{\"@type\":\"BreadcrumbList\",\"@id\":\"https:\\\/\\\/najnaj.eu\\\/sl\\\/izdelek\\\/lassig-set-oprsnic-5-kosov-izbrani-mali-gozdni-zajec\\\/#breadcrumb\",\"itemListElement\":[{\"@type\":\"ListItem\",\"position\":1,\"name\":\"Po\u010detna stranica\",\"item\":\"https:\\\/\\\/najnaj.eu\\\/sl\\\/prednja-stran\\\/\"},{\"@type\":\"ListItem\",\"position\":2,\"name\":\"Shop\",\"item\":\"https:\\\/\\\/najnaj.eu\\\/sl\\\/shop\\\/\"},{\"@type\":\"ListItem\",\"position\":3,\"name\":\"L\u00e4ssig Set oprsnic 5 kosov, izbrani mali gozdni zajec\"}]},{\"@type\":\"WebSite\",\"@id\":\"https:\\\/\\\/najnaj.eu\\\/sl\\\/#website\",\"url\":\"https:\\\/\\\/najnaj.eu\\\/sl\\\/\",\"name\":\"NajNaj.eu\",\"description\":\"Za najva\u017enije!\",\"publisher\":{\"@id\":\"https:\\\/\\\/najnaj.eu\\\/sl\\\/#organization\"},\"potentialAction\":[{\"@type\":\"SearchAction\",\"target\":{\"@type\":\"EntryPoint\",\"urlTemplate\":\"https:\\\/\\\/najnaj.eu\\\/sl\\\/?s={search_term_string}\"},\"query-input\":{\"@type\":\"PropertyValueSpecification\",\"valueRequired\":true,\"valueName\":\"search_term_string\"}}],\"inLanguage\":\"sl-SI\"},{\"@type\":\"Organization\",\"@id\":\"https:\\\/\\\/najnaj.eu\\\/sl\\\/#organization\",\"name\":\"NajNaj.eu\",\"url\":\"https:\\\/\\\/najnaj.eu\\\/sl\\\/\",\"logo\":{\"@type\":\"ImageObject\",\"inLanguage\":\"sl-SI\",\"@id\":\"https:\\\/\\\/najnaj.eu\\\/sl\\\/#\\\/schema\\\/logo\\\/image\\\/\",\"url\":\"https:\\\/\\\/najnaj.eu\\\/wp-content\\\/uploads\\\/2023\\\/09\\\/logo_Najnaj_2023.svg\",\"contentUrl\":\"https:\\\/\\\/najnaj.eu\\\/wp-content\\\/uploads\\\/2023\\\/09\\\/logo_Najnaj_2023.svg\",\"width\":501,\"height\":278,\"caption\":\"NajNaj.eu\"},\"image\":{\"@id\":\"https:\\\/\\\/najnaj.eu\\\/sl\\\/#\\\/schema\\\/logo\\\/image\\\/\"},\"sameAs\":[\"https:\\\/\\\/web.facebook.com\\\/najnaj.eu\\\/\",\"https:\\\/\\\/www.instagram.com\\\/najnaj.eu\\\/\",\"https:\\\/\\\/www.tiktok.com\\\/@najnaj.eu\"]}]}<\/script>\n<meta property=\"product:brand\" content=\"L\u00e4ssig\" \/>\n<meta property=\"product:price:amount\" content=\"29.95\" \/>\n<meta property=\"product:price:currency\" content=\"EUR\" \/>\n<meta property=\"og:availability\" content=\"instock\" \/>\n<meta property=\"product:availability\" content=\"instock\" \/>\n<meta property=\"product:retailer_item_id\" content=\"1311002727\" \/>\n<meta property=\"product:condition\" content=\"new\" \/>\n<!-- \/ Yoast SEO Premium plugin. -->","yoast_head_json":{"title":"L\u00e4ssig Set oprsnic 5 kosov, izbrani mali gozdni zajec - NajNaj.eu","robots":{"index":"index","follow":"follow","max-snippet":"max-snippet:-1","max-image-preview":"max-image-preview:large","max-video-preview":"max-video-preview:-1"},"canonical":"https:\/\/najnaj.eu\/sl\/izdelek\/lassig-set-oprsnic-5-kosov-izbrani-mali-gozdni-zajec\/","og_locale":"sl_SI","og_type":"article","og_title":"L\u00e4ssig Set oprsnic 5 kosov, izbrani mali gozdni zajec","og_description":"Ti prakti\u010dni podbradniki (komplet 5 kosov) iz kolekcije L\u00c4SSIG Little Forest omogo\u010dajo malim gurmanom, da se izognejo polivanju hrane za jedilno mizo. Blazinice za brado imajo visok dele\u017e organskega bomba\u017ea, zato jih je enostavno prati. Pralni so na 40\u00b0C.","og_url":"https:\/\/najnaj.eu\/sl\/izdelek\/lassig-set-oprsnic-5-kosov-izbrani-mali-gozdni-zajec\/","og_site_name":"NajNaj.eu","article_publisher":"https:\/\/web.facebook.com\/najnaj.eu\/","article_modified_time":"2025-02-06T11:27:36+00:00","og_image":[{"width":1110,"height":1080,"url":"https:\/\/najnaj.eu\/wp-content\/uploads\/2023\/08\/KID_F21_1311002727_P_1-Large.jpg","type":"image\/jpeg"}],"twitter_card":"summary_large_image","twitter_misc":{"Price":"29,95&nbsp;&euro;","Availability":"In stock"},"schema":{"@context":"https:\/\/schema.org","@graph":[{"@type":"WebPage","@id":"https:\/\/najnaj.eu\/sl\/izdelek\/lassig-set-oprsnic-5-kosov-izbrani-mali-gozdni-zajec\/","url":"https:\/\/najnaj.eu\/sl\/izdelek\/lassig-set-oprsnic-5-kosov-izbrani-mali-gozdni-zajec\/","name":"L\u00e4ssig Set oprsnic 5 kosov, izbrani mali gozdni zajec - NajNaj.eu","isPartOf":{"@id":"https:\/\/najnaj.eu\/sl\/#website"},"primaryImageOfPage":{"@id":"https:\/\/najnaj.eu\/sl\/izdelek\/lassig-set-oprsnic-5-kosov-izbrani-mali-gozdni-zajec\/#primaryimage"},"image":{"@id":"https:\/\/najnaj.eu\/sl\/izdelek\/lassig-set-oprsnic-5-kosov-izbrani-mali-gozdni-zajec\/#primaryimage"},"thumbnailUrl":"https:\/\/najnaj.eu\/wp-content\/uploads\/2023\/08\/KID_F21_1311002727_P_1-Large.jpg","datePublished":"2022-12-05T07:06:55+00:00","dateModified":"2025-02-06T11:27:36+00:00","breadcrumb":{"@id":"https:\/\/najnaj.eu\/sl\/izdelek\/lassig-set-oprsnic-5-kosov-izbrani-mali-gozdni-zajec\/#breadcrumb"},"inLanguage":"sl-SI","potentialAction":[{"@type":"ReadAction","target":["https:\/\/najnaj.eu\/sl\/izdelek\/lassig-set-oprsnic-5-kosov-izbrani-mali-gozdni-zajec\/"]}]},{"@type":"ImageObject","inLanguage":"sl-SI","@id":"https:\/\/najnaj.eu\/sl\/izdelek\/lassig-set-oprsnic-5-kosov-izbrani-mali-gozdni-zajec\/#primaryimage","url":"https:\/\/najnaj.eu\/wp-content\/uploads\/2023\/08\/KID_F21_1311002727_P_1-Large.jpg","contentUrl":"https:\/\/najnaj.eu\/wp-content\/uploads\/2023\/08\/KID_F21_1311002727_P_1-Large.jpg","width":1110,"height":1080},{"@type":"BreadcrumbList","@id":"https:\/\/najnaj.eu\/sl\/izdelek\/lassig-set-oprsnic-5-kosov-izbrani-mali-gozdni-zajec\/#breadcrumb","itemListElement":[{"@type":"ListItem","position":1,"name":"Po\u010detna stranica","item":"https:\/\/najnaj.eu\/sl\/prednja-stran\/"},{"@type":"ListItem","position":2,"name":"Shop","item":"https:\/\/najnaj.eu\/sl\/shop\/"},{"@type":"ListItem","position":3,"name":"L\u00e4ssig Set oprsnic 5 kosov, izbrani mali gozdni zajec"}]},{"@type":"WebSite","@id":"https:\/\/najnaj.eu\/sl\/#website","url":"https:\/\/najnaj.eu\/sl\/","name":"NajNaj.eu","description":"Za najva\u017enije!","publisher":{"@id":"https:\/\/najnaj.eu\/sl\/#organization"},"potentialAction":[{"@type":"SearchAction","target":{"@type":"EntryPoint","urlTemplate":"https:\/\/najnaj.eu\/sl\/?s={search_term_string}"},"query-input":{"@type":"PropertyValueSpecification","valueRequired":true,"valueName":"search_term_string"}}],"inLanguage":"sl-SI"},{"@type":"Organization","@id":"https:\/\/najnaj.eu\/sl\/#organization","name":"NajNaj.eu","url":"https:\/\/najnaj.eu\/sl\/","logo":{"@type":"ImageObject","inLanguage":"sl-SI","@id":"https:\/\/najnaj.eu\/sl\/#\/schema\/logo\/image\/","url":"https:\/\/najnaj.eu\/wp-content\/uploads\/2023\/09\/logo_Najnaj_2023.svg","contentUrl":"https:\/\/najnaj.eu\/wp-content\/uploads\/2023\/09\/logo_Najnaj_2023.svg","width":501,"height":278,"caption":"NajNaj.eu"},"image":{"@id":"https:\/\/najnaj.eu\/sl\/#\/schema\/logo\/image\/"},"sameAs":["https:\/\/web.facebook.com\/najnaj.eu\/","https:\/\/www.instagram.com\/najnaj.eu\/","https:\/\/www.tiktok.com\/@najnaj.eu"]}]},"product_brand":"L\u00e4ssig","product_price_amount":"29.95","product_price_currency":"EUR","og_availability":"instock","product_availability":"instock","product_retailer_item_id":"1311002727","product_condition":"new"},"_links":{"self":[{"href":"https:\/\/najnaj.eu\/sl\/wp-json\/wp\/v2\/product\/194515","targetHints":{"allow":["GET"]}}],"collection":[{"href":"https:\/\/najnaj.eu\/sl\/wp-json\/wp\/v2\/product"}],"about":[{"href":"https:\/\/najnaj.eu\/sl\/wp-json\/wp\/v2\/types\/product"}],"replies":[{"embeddable":true,"href":"https:\/\/najnaj.eu\/sl\/wp-json\/wp\/v2\/comments?post=194515"}],"version-history":[{"count":0,"href":"https:\/\/najnaj.eu\/sl\/wp-json\/wp\/v2\/product\/194515\/revisions"}],"wp:featuredmedia":[{"embeddable":true,"href":"https:\/\/najnaj.eu\/sl\/wp-json\/wp\/v2\/media\/156522"}],"wp:attachment":[{"href":"https:\/\/najnaj.eu\/sl\/wp-json\/wp\/v2\/media?parent=194515"}],"wp:term":[{"taxonomy":"product_brand","embeddable":true,"href":"https:\/\/najnaj.eu\/sl\/wp-json\/wp\/v2\/product_brand?post=194515"},{"taxonomy":"product_cat","embeddable":true,"href":"https:\/\/najnaj.eu\/sl\/wp-json\/wp\/v2\/product_cat?post=194515"},{"taxonomy":"product_tag","embeddable":true,"href":"https:\/\/najnaj.eu\/sl\/wp-json\/wp\/v2\/product_tag?post=194515"}],"curies":[{"name":"wp","href":"https:\/\/api.w.org\/{rel}","templated":true}]}}