{"id":194498,"date":"2022-12-09T11:26:19","date_gmt":"2022-12-09T10:26:19","guid":{"rendered":"https:\/\/najnaj.eu\/proizvod\/set-posode-lassig-pp-celuloza-little-forest-rabbit-kroznik-skleda-skodelica-zlica\/"},"modified":"2025-02-06T12:22:10","modified_gmt":"2025-02-06T11:22:10","slug":"set-posode-lassig-pp-celuloza-little-forest-rabbit-kroznik-skleda-skodelica-zlica","status":"publish","type":"product","link":"https:\/\/najnaj.eu\/sl\/izdelek\/set-posode-lassig-pp-celuloza-little-forest-rabbit-kroznik-skleda-skodelica-zlica\/","title":{"rendered":"Set posode L\u00e4ssig PP\/celuloza Little Forest Rabbit (kro\u017enik, skleda, skodelica, \u017elica)"},"content":{"rendered":"<p>Set posode L\u00c4SSIG Little Forest otroke spodbuja k odkrivanju gozda in njegovih \u017eivalskih prebivalcev, tudi ko sedijo za mizo! Funkcionalni detajli in privla\u010dni potiski pomagajo va\u0161emu otroku obvladati umetnost samostojnega hranjenja.<\/p>\n<p>Set vsebuje kro\u017enik, skledico, skodelico in \u017elico. Obro\u010d na spodnji strani posode poskrbi za bolj\u0161i oprijem na mizi.<\/p>\n<p>Set otro\u0161ke posode ni le ultra lahek, ampak tudi brez BPA. Lahko se pere v pomivalnem stroju in uporablja v mikrovalovni pe\u010dici. Narejen je iz me\u0161anice polipropilena in celuloze, zato je bolj trajnosten in var\u010duje z viri pri proizvodnji kot obi\u010dajni polipropilen.<\/p>\n<p>Kro\u017enik, skledico, skodelico, \u017elico in dodatno skodelico z dvema ro\u010dajema in nastavkom za pija\u010do lahko kupite posebej.<\/p>\n","protected":false},"excerpt":{"rendered":"<p>Set posode iz kolekcije L\u00c4SSIG Little Forest dosega najvi\u0161je ocene za funkcionalnost, \u010dudovit dizajn in trajnostne materiale. Set otro\u0161ke posode ne vsebuje BPA, je lahek in se lahko pere v pomivalnem stroju ter uporablja v mikrovalovni pe\u010dici.<\/p>\n","protected":false},"featured_media":165200,"comment_status":"open","ping_status":"closed","template":"","meta":{"_acf_changed":false,"footnotes":""},"product_brand":[],"product_cat":[1167,1379,1275],"product_tag":[],"class_list":{"0":"post-194498","1":"product","2":"type-product","3":"status-publish","4":"has-post-thumbnail","6":"product_cat-hranjenje-sl","7":"product_cat-krozniki-in-sklede","8":"product_cat-posoda","9":"pa_boja-roza-sl","10":"pa_brand-lassig-sl","11":"pa_vrsta-posuda-krozniki-in-sklede","13":"first","14":"outofstock","15":"sale","16":"purchasable","17":"product-type-simple"},"bundled_by":[],"bundle_stock_status":"outofstock","bundle_stock_quantity":0,"bundle_virtual":false,"bundle_layout":"","bundle_add_to_cart_form_location":"","bundle_editable_in_cart":false,"bundle_sold_individually_context":"","bundle_item_grouping":"","bundle_min_size":"","bundle_max_size":"","bundle_price":[],"bundled_items":[],"bundle_sell_ids":[],"acf":[],"yoast_head":"<!-- This site is optimized with the Yoast SEO Premium plugin v21.5 (Yoast SEO v27.4) - https:\/\/yoast.com\/product\/yoast-seo-premium-wordpress\/ -->\n<title>Set posode L\u00e4ssig PP\/celuloza Little Forest Rabbit (kro\u017enik, skleda, skodelica, \u017elica) - NajNaj.eu<\/title>\n<meta name=\"robots\" content=\"index, follow, max-snippet:-1, max-image-preview:large, max-video-preview:-1\" \/>\n<link rel=\"canonical\" href=\"https:\/\/najnaj.eu\/sl\/izdelek\/set-posode-lassig-pp-celuloza-little-forest-rabbit-kroznik-skleda-skodelica-zlica\/\" \/>\n<meta property=\"og:locale\" content=\"sl_SI\" \/>\n<meta property=\"og:type\" content=\"article\" \/>\n<meta property=\"og:title\" content=\"Set posode L\u00e4ssig PP\/celuloza Little Forest Rabbit (kro\u017enik, skleda, skodelica, \u017elica)\" \/>\n<meta property=\"og:description\" content=\"Set posode iz kolekcije L\u00c4SSIG Little Forest dosega najvi\u0161je ocene za funkcionalnost, \u010dudovit dizajn in trajnostne materiale. Set otro\u0161ke posode ne vsebuje BPA, je lahek in se lahko pere v pomivalnem stroju ter uporablja v mikrovalovni pe\u010dici.\" \/>\n<meta property=\"og:url\" content=\"https:\/\/najnaj.eu\/sl\/izdelek\/set-posode-lassig-pp-celuloza-little-forest-rabbit-kroznik-skleda-skodelica-zlica\/\" \/>\n<meta property=\"og:site_name\" content=\"NajNaj.eu\" \/>\n<meta property=\"article:publisher\" content=\"https:\/\/web.facebook.com\/najnaj.eu\/\" \/>\n<meta property=\"article:modified_time\" content=\"2025-02-06T11:22:10+00:00\" \/>\n<meta property=\"og:image\" content=\"https:\/\/najnaj.eu\/wp-content\/uploads\/2022\/12\/1310062727_41YsDUDXAvJW6d_600x600-1.jpg\" \/>\n\t<meta property=\"og:image:width\" content=\"600\" \/>\n\t<meta property=\"og:image:height\" content=\"600\" \/>\n\t<meta property=\"og:image:type\" content=\"image\/jpeg\" \/>\n<meta name=\"twitter:card\" content=\"summary_large_image\" \/>\n<meta name=\"twitter:label1\" content=\"Price\" \/>\n\t<meta name=\"twitter:data1\" content=\"21,95&nbsp;&euro;\" \/>\n\t<meta name=\"twitter:label2\" content=\"Availability\" \/>\n\t<meta name=\"twitter:data2\" content=\"Out of stock\" \/>\n<script type=\"application\/ld+json\" class=\"yoast-schema-graph\">{\"@context\":\"https:\\\/\\\/schema.org\",\"@graph\":[{\"@type\":\"WebPage\",\"@id\":\"https:\\\/\\\/najnaj.eu\\\/sl\\\/izdelek\\\/set-posode-lassig-pp-celuloza-little-forest-rabbit-kroznik-skleda-skodelica-zlica\\\/\",\"url\":\"https:\\\/\\\/najnaj.eu\\\/sl\\\/izdelek\\\/set-posode-lassig-pp-celuloza-little-forest-rabbit-kroznik-skleda-skodelica-zlica\\\/\",\"name\":\"Set posode L\u00e4ssig PP\\\/celuloza Little Forest Rabbit (kro\u017enik, skleda, skodelica, \u017elica) - NajNaj.eu\",\"isPartOf\":{\"@id\":\"https:\\\/\\\/najnaj.eu\\\/sl\\\/#website\"},\"primaryImageOfPage\":{\"@id\":\"https:\\\/\\\/najnaj.eu\\\/sl\\\/izdelek\\\/set-posode-lassig-pp-celuloza-little-forest-rabbit-kroznik-skleda-skodelica-zlica\\\/#primaryimage\"},\"image\":{\"@id\":\"https:\\\/\\\/najnaj.eu\\\/sl\\\/izdelek\\\/set-posode-lassig-pp-celuloza-little-forest-rabbit-kroznik-skleda-skodelica-zlica\\\/#primaryimage\"},\"thumbnailUrl\":\"https:\\\/\\\/najnaj.eu\\\/wp-content\\\/uploads\\\/2022\\\/12\\\/1310062727_41YsDUDXAvJW6d_600x600-1.jpg\",\"datePublished\":\"2022-12-09T10:26:19+00:00\",\"dateModified\":\"2025-02-06T11:22:10+00:00\",\"breadcrumb\":{\"@id\":\"https:\\\/\\\/najnaj.eu\\\/sl\\\/izdelek\\\/set-posode-lassig-pp-celuloza-little-forest-rabbit-kroznik-skleda-skodelica-zlica\\\/#breadcrumb\"},\"inLanguage\":\"sl-SI\",\"potentialAction\":[{\"@type\":\"ReadAction\",\"target\":[\"https:\\\/\\\/najnaj.eu\\\/sl\\\/izdelek\\\/set-posode-lassig-pp-celuloza-little-forest-rabbit-kroznik-skleda-skodelica-zlica\\\/\"]}]},{\"@type\":\"ImageObject\",\"inLanguage\":\"sl-SI\",\"@id\":\"https:\\\/\\\/najnaj.eu\\\/sl\\\/izdelek\\\/set-posode-lassig-pp-celuloza-little-forest-rabbit-kroznik-skleda-skodelica-zlica\\\/#primaryimage\",\"url\":\"https:\\\/\\\/najnaj.eu\\\/wp-content\\\/uploads\\\/2022\\\/12\\\/1310062727_41YsDUDXAvJW6d_600x600-1.jpg\",\"contentUrl\":\"https:\\\/\\\/najnaj.eu\\\/wp-content\\\/uploads\\\/2022\\\/12\\\/1310062727_41YsDUDXAvJW6d_600x600-1.jpg\",\"width\":600,\"height\":600},{\"@type\":\"BreadcrumbList\",\"@id\":\"https:\\\/\\\/najnaj.eu\\\/sl\\\/izdelek\\\/set-posode-lassig-pp-celuloza-little-forest-rabbit-kroznik-skleda-skodelica-zlica\\\/#breadcrumb\",\"itemListElement\":[{\"@type\":\"ListItem\",\"position\":1,\"name\":\"Po\u010detna stranica\",\"item\":\"https:\\\/\\\/najnaj.eu\\\/sl\\\/prednja-stran\\\/\"},{\"@type\":\"ListItem\",\"position\":2,\"name\":\"Shop\",\"item\":\"https:\\\/\\\/najnaj.eu\\\/sl\\\/shop\\\/\"},{\"@type\":\"ListItem\",\"position\":3,\"name\":\"Set posode L\u00e4ssig PP\\\/celuloza Little Forest Rabbit (kro\u017enik, skleda, skodelica, \u017elica)\"}]},{\"@type\":\"WebSite\",\"@id\":\"https:\\\/\\\/najnaj.eu\\\/sl\\\/#website\",\"url\":\"https:\\\/\\\/najnaj.eu\\\/sl\\\/\",\"name\":\"NajNaj.eu\",\"description\":\"Za najva\u017enije!\",\"publisher\":{\"@id\":\"https:\\\/\\\/najnaj.eu\\\/sl\\\/#organization\"},\"potentialAction\":[{\"@type\":\"SearchAction\",\"target\":{\"@type\":\"EntryPoint\",\"urlTemplate\":\"https:\\\/\\\/najnaj.eu\\\/sl\\\/?s={search_term_string}\"},\"query-input\":{\"@type\":\"PropertyValueSpecification\",\"valueRequired\":true,\"valueName\":\"search_term_string\"}}],\"inLanguage\":\"sl-SI\"},{\"@type\":\"Organization\",\"@id\":\"https:\\\/\\\/najnaj.eu\\\/sl\\\/#organization\",\"name\":\"NajNaj.eu\",\"url\":\"https:\\\/\\\/najnaj.eu\\\/sl\\\/\",\"logo\":{\"@type\":\"ImageObject\",\"inLanguage\":\"sl-SI\",\"@id\":\"https:\\\/\\\/najnaj.eu\\\/sl\\\/#\\\/schema\\\/logo\\\/image\\\/\",\"url\":\"https:\\\/\\\/najnaj.eu\\\/wp-content\\\/uploads\\\/2023\\\/09\\\/logo_Najnaj_2023.svg\",\"contentUrl\":\"https:\\\/\\\/najnaj.eu\\\/wp-content\\\/uploads\\\/2023\\\/09\\\/logo_Najnaj_2023.svg\",\"width\":501,\"height\":278,\"caption\":\"NajNaj.eu\"},\"image\":{\"@id\":\"https:\\\/\\\/najnaj.eu\\\/sl\\\/#\\\/schema\\\/logo\\\/image\\\/\"},\"sameAs\":[\"https:\\\/\\\/web.facebook.com\\\/najnaj.eu\\\/\",\"https:\\\/\\\/www.instagram.com\\\/najnaj.eu\\\/\",\"https:\\\/\\\/www.tiktok.com\\\/@najnaj.eu\"]}]}<\/script>\n<meta property=\"product:brand\" content=\"L\u00e4ssig\" \/>\n<meta property=\"product:price:amount\" content=\"21.95\" \/>\n<meta property=\"product:price:currency\" content=\"EUR\" \/>\n<meta property=\"og:availability\" content=\"out of stock\" \/>\n<meta property=\"product:availability\" content=\"out of stock\" \/>\n<meta property=\"product:retailer_item_id\" content=\"1310062727\" \/>\n<meta property=\"product:condition\" content=\"new\" \/>\n<!-- \/ Yoast SEO Premium plugin. -->","yoast_head_json":{"title":"Set posode L\u00e4ssig PP\/celuloza Little Forest Rabbit (kro\u017enik, skleda, skodelica, \u017elica) - NajNaj.eu","robots":{"index":"index","follow":"follow","max-snippet":"max-snippet:-1","max-image-preview":"max-image-preview:large","max-video-preview":"max-video-preview:-1"},"canonical":"https:\/\/najnaj.eu\/sl\/izdelek\/set-posode-lassig-pp-celuloza-little-forest-rabbit-kroznik-skleda-skodelica-zlica\/","og_locale":"sl_SI","og_type":"article","og_title":"Set posode L\u00e4ssig PP\/celuloza Little Forest Rabbit (kro\u017enik, skleda, skodelica, \u017elica)","og_description":"Set posode iz kolekcije L\u00c4SSIG Little Forest dosega najvi\u0161je ocene za funkcionalnost, \u010dudovit dizajn in trajnostne materiale. Set otro\u0161ke posode ne vsebuje BPA, je lahek in se lahko pere v pomivalnem stroju ter uporablja v mikrovalovni pe\u010dici.","og_url":"https:\/\/najnaj.eu\/sl\/izdelek\/set-posode-lassig-pp-celuloza-little-forest-rabbit-kroznik-skleda-skodelica-zlica\/","og_site_name":"NajNaj.eu","article_publisher":"https:\/\/web.facebook.com\/najnaj.eu\/","article_modified_time":"2025-02-06T11:22:10+00:00","og_image":[{"width":600,"height":600,"url":"https:\/\/najnaj.eu\/wp-content\/uploads\/2022\/12\/1310062727_41YsDUDXAvJW6d_600x600-1.jpg","type":"image\/jpeg"}],"twitter_card":"summary_large_image","twitter_misc":{"Price":"21,95&nbsp;&euro;","Availability":"Out of stock"},"schema":{"@context":"https:\/\/schema.org","@graph":[{"@type":"WebPage","@id":"https:\/\/najnaj.eu\/sl\/izdelek\/set-posode-lassig-pp-celuloza-little-forest-rabbit-kroznik-skleda-skodelica-zlica\/","url":"https:\/\/najnaj.eu\/sl\/izdelek\/set-posode-lassig-pp-celuloza-little-forest-rabbit-kroznik-skleda-skodelica-zlica\/","name":"Set posode L\u00e4ssig PP\/celuloza Little Forest Rabbit (kro\u017enik, skleda, skodelica, \u017elica) - NajNaj.eu","isPartOf":{"@id":"https:\/\/najnaj.eu\/sl\/#website"},"primaryImageOfPage":{"@id":"https:\/\/najnaj.eu\/sl\/izdelek\/set-posode-lassig-pp-celuloza-little-forest-rabbit-kroznik-skleda-skodelica-zlica\/#primaryimage"},"image":{"@id":"https:\/\/najnaj.eu\/sl\/izdelek\/set-posode-lassig-pp-celuloza-little-forest-rabbit-kroznik-skleda-skodelica-zlica\/#primaryimage"},"thumbnailUrl":"https:\/\/najnaj.eu\/wp-content\/uploads\/2022\/12\/1310062727_41YsDUDXAvJW6d_600x600-1.jpg","datePublished":"2022-12-09T10:26:19+00:00","dateModified":"2025-02-06T11:22:10+00:00","breadcrumb":{"@id":"https:\/\/najnaj.eu\/sl\/izdelek\/set-posode-lassig-pp-celuloza-little-forest-rabbit-kroznik-skleda-skodelica-zlica\/#breadcrumb"},"inLanguage":"sl-SI","potentialAction":[{"@type":"ReadAction","target":["https:\/\/najnaj.eu\/sl\/izdelek\/set-posode-lassig-pp-celuloza-little-forest-rabbit-kroznik-skleda-skodelica-zlica\/"]}]},{"@type":"ImageObject","inLanguage":"sl-SI","@id":"https:\/\/najnaj.eu\/sl\/izdelek\/set-posode-lassig-pp-celuloza-little-forest-rabbit-kroznik-skleda-skodelica-zlica\/#primaryimage","url":"https:\/\/najnaj.eu\/wp-content\/uploads\/2022\/12\/1310062727_41YsDUDXAvJW6d_600x600-1.jpg","contentUrl":"https:\/\/najnaj.eu\/wp-content\/uploads\/2022\/12\/1310062727_41YsDUDXAvJW6d_600x600-1.jpg","width":600,"height":600},{"@type":"BreadcrumbList","@id":"https:\/\/najnaj.eu\/sl\/izdelek\/set-posode-lassig-pp-celuloza-little-forest-rabbit-kroznik-skleda-skodelica-zlica\/#breadcrumb","itemListElement":[{"@type":"ListItem","position":1,"name":"Po\u010detna stranica","item":"https:\/\/najnaj.eu\/sl\/prednja-stran\/"},{"@type":"ListItem","position":2,"name":"Shop","item":"https:\/\/najnaj.eu\/sl\/shop\/"},{"@type":"ListItem","position":3,"name":"Set posode L\u00e4ssig PP\/celuloza Little Forest Rabbit (kro\u017enik, skleda, skodelica, \u017elica)"}]},{"@type":"WebSite","@id":"https:\/\/najnaj.eu\/sl\/#website","url":"https:\/\/najnaj.eu\/sl\/","name":"NajNaj.eu","description":"Za najva\u017enije!","publisher":{"@id":"https:\/\/najnaj.eu\/sl\/#organization"},"potentialAction":[{"@type":"SearchAction","target":{"@type":"EntryPoint","urlTemplate":"https:\/\/najnaj.eu\/sl\/?s={search_term_string}"},"query-input":{"@type":"PropertyValueSpecification","valueRequired":true,"valueName":"search_term_string"}}],"inLanguage":"sl-SI"},{"@type":"Organization","@id":"https:\/\/najnaj.eu\/sl\/#organization","name":"NajNaj.eu","url":"https:\/\/najnaj.eu\/sl\/","logo":{"@type":"ImageObject","inLanguage":"sl-SI","@id":"https:\/\/najnaj.eu\/sl\/#\/schema\/logo\/image\/","url":"https:\/\/najnaj.eu\/wp-content\/uploads\/2023\/09\/logo_Najnaj_2023.svg","contentUrl":"https:\/\/najnaj.eu\/wp-content\/uploads\/2023\/09\/logo_Najnaj_2023.svg","width":501,"height":278,"caption":"NajNaj.eu"},"image":{"@id":"https:\/\/najnaj.eu\/sl\/#\/schema\/logo\/image\/"},"sameAs":["https:\/\/web.facebook.com\/najnaj.eu\/","https:\/\/www.instagram.com\/najnaj.eu\/","https:\/\/www.tiktok.com\/@najnaj.eu"]}]},"product_brand":"L\u00e4ssig","product_price_amount":"21.95","product_price_currency":"EUR","og_availability":"out of stock","product_availability":"out of stock","product_retailer_item_id":"1310062727","product_condition":"new"},"_links":{"self":[{"href":"https:\/\/najnaj.eu\/sl\/wp-json\/wp\/v2\/product\/194498","targetHints":{"allow":["GET"]}}],"collection":[{"href":"https:\/\/najnaj.eu\/sl\/wp-json\/wp\/v2\/product"}],"about":[{"href":"https:\/\/najnaj.eu\/sl\/wp-json\/wp\/v2\/types\/product"}],"replies":[{"embeddable":true,"href":"https:\/\/najnaj.eu\/sl\/wp-json\/wp\/v2\/comments?post=194498"}],"version-history":[{"count":0,"href":"https:\/\/najnaj.eu\/sl\/wp-json\/wp\/v2\/product\/194498\/revisions"}],"wp:featuredmedia":[{"embeddable":true,"href":"https:\/\/najnaj.eu\/sl\/wp-json\/wp\/v2\/media\/165200"}],"wp:attachment":[{"href":"https:\/\/najnaj.eu\/sl\/wp-json\/wp\/v2\/media?parent=194498"}],"wp:term":[{"taxonomy":"product_brand","embeddable":true,"href":"https:\/\/najnaj.eu\/sl\/wp-json\/wp\/v2\/product_brand?post=194498"},{"taxonomy":"product_cat","embeddable":true,"href":"https:\/\/najnaj.eu\/sl\/wp-json\/wp\/v2\/product_cat?post=194498"},{"taxonomy":"product_tag","embeddable":true,"href":"https:\/\/najnaj.eu\/sl\/wp-json\/wp\/v2\/product_tag?post=194498"}],"curies":[{"name":"wp","href":"https:\/\/api.w.org\/{rel}","templated":true}]}}