{"id":194493,"date":"2025-12-22T13:32:05","date_gmt":"2025-12-22T12:32:05","guid":{"rendered":"https:\/\/najnaj.eu\/proizvod\/zimska-vreca-voksi-explorer-sands-peach-wings\/"},"modified":"2025-02-06T12:20:41","modified_gmt":"2025-02-06T11:20:41","slug":"zimska-vreca-voksi-explorer-sands-peach-wings","status":"publish","type":"product","link":"https:\/\/najnaj.eu\/sl\/izdelek\/zimska-vreca-voksi-explorer-sands-peach-wings\/","title":{"rendered":"Zimska vre\u010da Voksi, Explorer, Sands Peach Wings"},"content":{"rendered":"<h2>Posebnosti &#8211; najbolj\u0161e med najbolj\u0161imi<\/h2>\n<p>Voksi\u00ae Explorer je sestavljen iz naravnih in visokokakovostnih materialov, kot sta volna in puh. Zimska vre\u010da ima na zadnji strani zra\u010dno volno, ki vpija vlago in tako zagotavlja optimalno temperaturo. Polnjena je s puhom, ki zagotavlja edinstveno izolacijo in greje otroka.<\/p>\n<p>Na zunanji strani je torba prevle\u010dena s premazom BIONIC-FINISH\u00aeECO, ki odbija vodo in \u0161\u010diti pred snegom, vetrom in de\u017ejem.<\/p>\n<p>Vsi materiali v Voksi\u00ae Explorerju imajo certifikat OEKO-TEX\u00ae standard 100, razred 1, ki je znak kakovosti, ki ozna\u010duje, da noben material v izdelku ne vsebuje \u0161kodljivih kemikalij.<\/p>\n<p>Trak okoli glave omogo\u010da nastavitev torbe v razli\u010dnih vremenskih razmerah. Stranske odprtine slu\u017eijo za zlaganje sprednjega dela za optimalno zra\u010denje in dobro vidljivost, ko otrok \u017eeli raziskovati svet iz udobja vozi\u010dka.<\/p>\n<p>Zadrga omogo\u010da hitro lo\u010devanje, zadnji del pa lahko uporabite kot sede\u017eno prevleko ali kot igralno podlogo.<\/p>\n<p>Edinstvena zasnova odprtine za naslonjalo omogo\u010da, da se ta torba enostavno prilega in uporablja v avtomobilskih sede\u017eih in vozi\u010dkih z razli\u010dnimi pasovi. Protizdrsni material na zadnji strani poskrbi, da torba ostane na mestu v vozi\u010dku. Pri uporabi v avtomobilskem sede\u017eu Voksi\u00ae Explorer zagotavlja izolacijo, ki nadomesti debela zimska obla\u010dila. Na ta na\u010din je pas name\u0161\u010den bli\u017eje otrokovemu telesu. Zadrga se hitro odpre, kar omogo\u010da enostaven dostop do otroka v avtosede\u017eu.<\/p>\n<p>Zimska vre\u010da Voksi\u00ae Explorer je testirana v trku z avtosede\u017ei BeSafe in se zaradi odprtine na zadnji strani prilagodi vsem ostalim avtosede\u017eem.<\/p>\n<h3>PODROBNOSTI PRODUKTA<\/h3>\n<p>Zdru\u017eljivost s pasom: ustreza 5-to\u010dkovnemu pasu<\/p>\n<p>Glavna odprtina: stranske zadrge<\/p>\n<p>Najve\u010dja zunanja dol\u017eina: 105 cm<\/p>\n<p>Najve\u010dja zunanja \u0161irina: 50 cm<\/p>\n<p>Zmogljivost: zra\u010den; odporen na veter; vodoodporen<\/p>\n<p>Zdru\u017eljivost izdelkov: Vsi vozi\u010dki; Avtosede\u017e in vozi\u010dek<\/p>\n<p>Sezona: jesen\/zima<\/p>\n<p>Temperatura: MRZLO &#8211; Srednja izolacija<\/p>\n<p>Starost: 0-3 leta<\/p>\n<h3>MATERIALI<\/h3>\n<p>Zunanji material: 100% najlon<\/p>\n<p>Notranji material: 100% bomba\u017e<\/p>\n<p>Polnilo spodnjega dela: 100% volna<\/p>\n<p>Polnilo zgornjega dela: 70% puh, 30% perje<\/p>\n<p>Polnilo: puh\/perje in volna na hrbtu<\/p>\n<h3>BIONIC-FINISH\u00aeECO<\/h3>\n<p>Poleg tega, da posnema naravne vodoodbojne strukture, BIONIC-FINISH\u00aeECO zagotavlja tudi vodoodbojnost brez vsebnosti fluoroogljika \u2013 tako kot to po\u010dne narava. Ta okolju prijazna re\u0161itev ne spro\u0161\u010da fluoroorganskih spojin v ozra\u010dje in tako omogo\u010da tudi bolj\u0161o prihodnost na\u0161ih otrok.<\/p>\n<p><a href=\"https:\/\/najnaj.eu\/wp-content\/uploads\/2023\/11\/topla-zima.jpg\"><img loading=\"lazy\" decoding=\"async\" class=\"aligncenter wp-image-5732 size-full\" src=\"https:\/\/najnaj.eu\/wp-content\/uploads\/2023\/11\/topla-zima.jpg\" alt=\"\" width=\"1280\" height=\"800\"><br \/>\n<\/a><\/p>\n<h3>RDS, odgovorni standard<\/h3>\n<p>Vsa polnila iz puha in perja, uporabljena v tem izdelku, so certificirana v skladu s standardom Responsible Down. Ta certifikat zagotavlja humano ravnanje z \u017eivalmi v celotni dobavni verigi in zato ne pride do puljenja v \u017eivo.<\/p>\n<h3>RWS, Standard za odgovorno volno<\/h3>\n<p>Vsa volna v tem izdelku je certificirana po standardu za odgovorno volno, da se zagotovi dobro po\u010dutje ovac in odgovorna obdelava zemlje, na kateri se pasejo. Zagotavlja tudi, da vsa volna ne pu\u0161\u010da vlaken.<\/p>\n<h3>Standard 100 po Oeko-Tex\u00ae razredu 1<\/h3>\n<p>S standardom 100 po Oeko-Tex\u00ae razredu 1 ste lahko prepri\u010dani, da je vsaka komponenta izdelka sledljiva in varna. Vsaka nit, gumb in tkanina je testirana na \u0161kodljive snovi, zato je izdelek ne\u0161kodljiv za zdravje ljudi.<\/p>\n<p>&nbsp;<\/p>\n<h3>PRANJE IN VZDR\u017dEVANJE<\/h3>\n<p>\u30fbZgoraj: pranje pri 40 \u00b0C v ob\u010dutljivem ciklu, uporabite detergent brez encimov, ne belite, su\u0161ite v su\u0161ilnem stroju na srednjem ognju s kroglicami za su\u0161ilni stroj, dokler se popolnoma ne posu\u0161i.<\/p>\n<p>\u30fbHrbat: Pranje na programu za volno pri 40\u00b0C, uporabite detergent za volno, ne belite, su\u0161ite v su\u0161ilnem stroju na srednji temperaturi s kroglicami za su\u0161enje, dokler se popolnoma ne posu\u0161i.<\/p>\n","protected":false},"excerpt":{"rendered":"<p>Voksi\u00ae Explorer je zimska vre\u010da za otro\u0161ke vozi\u010dke in avtosede\u017ee, namenjena hladnim jesenem in zimam. Uporablja se lahko od rojstva do 3 let. leta.<\/p>\n<h3>GLAVNE ZNA\u010cILNOSTI<\/h3>\n<ul>\n<li>Naravno polnilo iz ra\u010djega puha in volne<\/li>\n<li>Vodoodbojna zgornja plast<\/li>\n<li>Lahko se uporablja tudi v avtomobilskih sede\u017eih<\/li>\n<\/ul>\n<p>&nbsp;<\/p>\n","protected":false},"featured_media":156842,"comment_status":"open","ping_status":"closed","template":"","meta":{"_acf_changed":false,"footnotes":""},"product_brand":[],"product_cat":[1152,1294,1293],"product_tag":[2282],"class_list":{"0":"post-194493","1":"product","2":"type-product","3":"status-publish","4":"has-post-thumbnail","6":"product_cat-dodaci-za-kolica-sl","7":"product_cat-zimske-vrece-sl","8":"product_cat-zimske-vrece-za-vozicke","9":"product_tag-zima-sl","10":"pa_boja-bez-sl","11":"pa_brand-voksi-sl","13":"first","14":"instock","15":"purchasable","16":"product-type-simple"},"bundled_by":[],"bundle_stock_status":"instock","bundle_stock_quantity":3,"bundle_virtual":false,"bundle_layout":"","bundle_add_to_cart_form_location":"","bundle_editable_in_cart":false,"bundle_sold_individually_context":"","bundle_item_grouping":"","bundle_min_size":"","bundle_max_size":"","bundle_price":[],"bundled_items":[],"bundle_sell_ids":[],"acf":[],"yoast_head":"<!-- This site is optimized with the Yoast SEO Premium plugin v21.5 (Yoast SEO v27.4) - https:\/\/yoast.com\/product\/yoast-seo-premium-wordpress\/ -->\n<title>Zimska vre\u010da Voksi, Explorer, Sands Peach Wings - NajNaj.eu<\/title>\n<meta name=\"robots\" content=\"index, follow, max-snippet:-1, max-image-preview:large, max-video-preview:-1\" \/>\n<link rel=\"canonical\" href=\"https:\/\/najnaj.eu\/sl\/izdelek\/zimska-vreca-voksi-explorer-sands-peach-wings\/\" \/>\n<meta property=\"og:locale\" content=\"sl_SI\" \/>\n<meta property=\"og:type\" content=\"article\" \/>\n<meta property=\"og:title\" content=\"Zimska vre\u010da Voksi, Explorer, Sands Peach Wings\" \/>\n<meta property=\"og:description\" content=\"Voksi\u00ae Explorer je zimska vre\u010da za otro\u0161ke vozi\u010dke in avtosede\u017ee, namenjena hladnim jesenem in zimam. Uporablja se lahko od rojstva do 3 let. leta. GLAVNE ZNA\u010cILNOSTI  Naravno polnilo iz ra\u010djega puha in volne  Vodoodbojna zgornja plast  Lahko se uporablja tudi v avtomobilskih sede\u017eih &nbsp;\" \/>\n<meta property=\"og:url\" content=\"https:\/\/najnaj.eu\/sl\/izdelek\/zimska-vreca-voksi-explorer-sands-peach-wings\/\" \/>\n<meta property=\"og:site_name\" content=\"NajNaj.eu\" \/>\n<meta property=\"article:publisher\" content=\"https:\/\/web.facebook.com\/najnaj.eu\/\" \/>\n<meta property=\"og:image\" content=\"https:\/\/najnaj.eu\/wp-content\/uploads\/2023\/08\/11024840_Voksi_Explorer_SandstonePeach-Wings_front.jpg\" \/>\n\t<meta property=\"og:image:width\" content=\"1080\" \/>\n\t<meta property=\"og:image:height\" content=\"1080\" \/>\n\t<meta property=\"og:image:type\" content=\"image\/png\" \/>\n<meta name=\"twitter:card\" content=\"summary_large_image\" \/>\n<meta name=\"twitter:label1\" content=\"Price\" \/>\n\t<meta name=\"twitter:data1\" content=\"159,90&nbsp;&euro;\" \/>\n\t<meta name=\"twitter:label2\" content=\"Availability\" \/>\n\t<meta name=\"twitter:data2\" content=\"In stock\" \/>\n<script type=\"application\/ld+json\" class=\"yoast-schema-graph\">{\"@context\":\"https:\\\/\\\/schema.org\",\"@graph\":[{\"@type\":\"WebPage\",\"@id\":\"https:\\\/\\\/najnaj.eu\\\/sl\\\/izdelek\\\/zimska-vreca-voksi-explorer-sands-peach-wings\\\/\",\"url\":\"https:\\\/\\\/najnaj.eu\\\/sl\\\/izdelek\\\/zimska-vreca-voksi-explorer-sands-peach-wings\\\/\",\"name\":\"Zimska vre\u010da Voksi, Explorer, Sands Peach Wings - NajNaj.eu\",\"isPartOf\":{\"@id\":\"https:\\\/\\\/najnaj.eu\\\/sl\\\/#website\"},\"primaryImageOfPage\":{\"@id\":\"https:\\\/\\\/najnaj.eu\\\/sl\\\/izdelek\\\/zimska-vreca-voksi-explorer-sands-peach-wings\\\/#primaryimage\"},\"image\":{\"@id\":\"https:\\\/\\\/najnaj.eu\\\/sl\\\/izdelek\\\/zimska-vreca-voksi-explorer-sands-peach-wings\\\/#primaryimage\"},\"thumbnailUrl\":\"https:\\\/\\\/najnaj.eu\\\/wp-content\\\/uploads\\\/2023\\\/08\\\/11024840_Voksi_Explorer_SandstonePeach-Wings_front.jpg\",\"datePublished\":\"2025-12-22T12:32:05+00:00\",\"breadcrumb\":{\"@id\":\"https:\\\/\\\/najnaj.eu\\\/sl\\\/izdelek\\\/zimska-vreca-voksi-explorer-sands-peach-wings\\\/#breadcrumb\"},\"inLanguage\":\"sl-SI\",\"potentialAction\":[{\"@type\":\"ReadAction\",\"target\":[\"https:\\\/\\\/najnaj.eu\\\/sl\\\/izdelek\\\/zimska-vreca-voksi-explorer-sands-peach-wings\\\/\"]}]},{\"@type\":\"ImageObject\",\"inLanguage\":\"sl-SI\",\"@id\":\"https:\\\/\\\/najnaj.eu\\\/sl\\\/izdelek\\\/zimska-vreca-voksi-explorer-sands-peach-wings\\\/#primaryimage\",\"url\":\"https:\\\/\\\/najnaj.eu\\\/wp-content\\\/uploads\\\/2023\\\/08\\\/11024840_Voksi_Explorer_SandstonePeach-Wings_front.jpg\",\"contentUrl\":\"https:\\\/\\\/najnaj.eu\\\/wp-content\\\/uploads\\\/2023\\\/08\\\/11024840_Voksi_Explorer_SandstonePeach-Wings_front.jpg\",\"width\":1080,\"height\":1080},{\"@type\":\"BreadcrumbList\",\"@id\":\"https:\\\/\\\/najnaj.eu\\\/sl\\\/izdelek\\\/zimska-vreca-voksi-explorer-sands-peach-wings\\\/#breadcrumb\",\"itemListElement\":[{\"@type\":\"ListItem\",\"position\":1,\"name\":\"Po\u010detna stranica\",\"item\":\"https:\\\/\\\/najnaj.eu\\\/sl\\\/prednja-stran\\\/\"},{\"@type\":\"ListItem\",\"position\":2,\"name\":\"Shop\",\"item\":\"https:\\\/\\\/najnaj.eu\\\/sl\\\/shop\\\/\"},{\"@type\":\"ListItem\",\"position\":3,\"name\":\"Zimska vre\u010da Voksi, Explorer, Sands Peach Wings\"}]},{\"@type\":\"WebSite\",\"@id\":\"https:\\\/\\\/najnaj.eu\\\/sl\\\/#website\",\"url\":\"https:\\\/\\\/najnaj.eu\\\/sl\\\/\",\"name\":\"NajNaj.eu\",\"description\":\"Za najva\u017enije!\",\"publisher\":{\"@id\":\"https:\\\/\\\/najnaj.eu\\\/sl\\\/#organization\"},\"potentialAction\":[{\"@type\":\"SearchAction\",\"target\":{\"@type\":\"EntryPoint\",\"urlTemplate\":\"https:\\\/\\\/najnaj.eu\\\/sl\\\/?s={search_term_string}\"},\"query-input\":{\"@type\":\"PropertyValueSpecification\",\"valueRequired\":true,\"valueName\":\"search_term_string\"}}],\"inLanguage\":\"sl-SI\"},{\"@type\":\"Organization\",\"@id\":\"https:\\\/\\\/najnaj.eu\\\/sl\\\/#organization\",\"name\":\"NajNaj.eu\",\"url\":\"https:\\\/\\\/najnaj.eu\\\/sl\\\/\",\"logo\":{\"@type\":\"ImageObject\",\"inLanguage\":\"sl-SI\",\"@id\":\"https:\\\/\\\/najnaj.eu\\\/sl\\\/#\\\/schema\\\/logo\\\/image\\\/\",\"url\":\"https:\\\/\\\/najnaj.eu\\\/wp-content\\\/uploads\\\/2023\\\/09\\\/logo_Najnaj_2023.svg\",\"contentUrl\":\"https:\\\/\\\/najnaj.eu\\\/wp-content\\\/uploads\\\/2023\\\/09\\\/logo_Najnaj_2023.svg\",\"width\":501,\"height\":278,\"caption\":\"NajNaj.eu\"},\"image\":{\"@id\":\"https:\\\/\\\/najnaj.eu\\\/sl\\\/#\\\/schema\\\/logo\\\/image\\\/\"},\"sameAs\":[\"https:\\\/\\\/web.facebook.com\\\/najnaj.eu\\\/\",\"https:\\\/\\\/www.instagram.com\\\/najnaj.eu\\\/\",\"https:\\\/\\\/www.tiktok.com\\\/@najnaj.eu\"]}]}<\/script>\n<meta property=\"product:brand\" content=\"Voksi\" \/>\n<meta property=\"product:price:amount\" content=\"159.90\" \/>\n<meta property=\"product:price:currency\" content=\"EUR\" \/>\n<meta property=\"og:availability\" content=\"instock\" \/>\n<meta property=\"product:availability\" content=\"instock\" \/>\n<meta property=\"product:retailer_item_id\" content=\"11024840-SandsPeach-wings\" \/>\n<meta property=\"product:condition\" content=\"new\" \/>\n<!-- \/ Yoast SEO Premium plugin. -->","yoast_head_json":{"title":"Zimska vre\u010da Voksi, Explorer, Sands Peach Wings - NajNaj.eu","robots":{"index":"index","follow":"follow","max-snippet":"max-snippet:-1","max-image-preview":"max-image-preview:large","max-video-preview":"max-video-preview:-1"},"canonical":"https:\/\/najnaj.eu\/sl\/izdelek\/zimska-vreca-voksi-explorer-sands-peach-wings\/","og_locale":"sl_SI","og_type":"article","og_title":"Zimska vre\u010da Voksi, Explorer, Sands Peach Wings","og_description":"Voksi\u00ae Explorer je zimska vre\u010da za otro\u0161ke vozi\u010dke in avtosede\u017ee, namenjena hladnim jesenem in zimam. Uporablja se lahko od rojstva do 3 let. leta. GLAVNE ZNA\u010cILNOSTI  Naravno polnilo iz ra\u010djega puha in volne  Vodoodbojna zgornja plast  Lahko se uporablja tudi v avtomobilskih sede\u017eih &nbsp;","og_url":"https:\/\/najnaj.eu\/sl\/izdelek\/zimska-vreca-voksi-explorer-sands-peach-wings\/","og_site_name":"NajNaj.eu","article_publisher":"https:\/\/web.facebook.com\/najnaj.eu\/","og_image":[{"width":1080,"height":1080,"url":"https:\/\/najnaj.eu\/wp-content\/uploads\/2023\/08\/11024840_Voksi_Explorer_SandstonePeach-Wings_front.jpg","type":"image\/png"}],"twitter_card":"summary_large_image","twitter_misc":{"Price":"159,90&nbsp;&euro;","Availability":"In stock"},"schema":{"@context":"https:\/\/schema.org","@graph":[{"@type":"WebPage","@id":"https:\/\/najnaj.eu\/sl\/izdelek\/zimska-vreca-voksi-explorer-sands-peach-wings\/","url":"https:\/\/najnaj.eu\/sl\/izdelek\/zimska-vreca-voksi-explorer-sands-peach-wings\/","name":"Zimska vre\u010da Voksi, Explorer, Sands Peach Wings - NajNaj.eu","isPartOf":{"@id":"https:\/\/najnaj.eu\/sl\/#website"},"primaryImageOfPage":{"@id":"https:\/\/najnaj.eu\/sl\/izdelek\/zimska-vreca-voksi-explorer-sands-peach-wings\/#primaryimage"},"image":{"@id":"https:\/\/najnaj.eu\/sl\/izdelek\/zimska-vreca-voksi-explorer-sands-peach-wings\/#primaryimage"},"thumbnailUrl":"https:\/\/najnaj.eu\/wp-content\/uploads\/2023\/08\/11024840_Voksi_Explorer_SandstonePeach-Wings_front.jpg","datePublished":"2025-12-22T12:32:05+00:00","breadcrumb":{"@id":"https:\/\/najnaj.eu\/sl\/izdelek\/zimska-vreca-voksi-explorer-sands-peach-wings\/#breadcrumb"},"inLanguage":"sl-SI","potentialAction":[{"@type":"ReadAction","target":["https:\/\/najnaj.eu\/sl\/izdelek\/zimska-vreca-voksi-explorer-sands-peach-wings\/"]}]},{"@type":"ImageObject","inLanguage":"sl-SI","@id":"https:\/\/najnaj.eu\/sl\/izdelek\/zimska-vreca-voksi-explorer-sands-peach-wings\/#primaryimage","url":"https:\/\/najnaj.eu\/wp-content\/uploads\/2023\/08\/11024840_Voksi_Explorer_SandstonePeach-Wings_front.jpg","contentUrl":"https:\/\/najnaj.eu\/wp-content\/uploads\/2023\/08\/11024840_Voksi_Explorer_SandstonePeach-Wings_front.jpg","width":1080,"height":1080},{"@type":"BreadcrumbList","@id":"https:\/\/najnaj.eu\/sl\/izdelek\/zimska-vreca-voksi-explorer-sands-peach-wings\/#breadcrumb","itemListElement":[{"@type":"ListItem","position":1,"name":"Po\u010detna stranica","item":"https:\/\/najnaj.eu\/sl\/prednja-stran\/"},{"@type":"ListItem","position":2,"name":"Shop","item":"https:\/\/najnaj.eu\/sl\/shop\/"},{"@type":"ListItem","position":3,"name":"Zimska vre\u010da Voksi, Explorer, Sands Peach Wings"}]},{"@type":"WebSite","@id":"https:\/\/najnaj.eu\/sl\/#website","url":"https:\/\/najnaj.eu\/sl\/","name":"NajNaj.eu","description":"Za najva\u017enije!","publisher":{"@id":"https:\/\/najnaj.eu\/sl\/#organization"},"potentialAction":[{"@type":"SearchAction","target":{"@type":"EntryPoint","urlTemplate":"https:\/\/najnaj.eu\/sl\/?s={search_term_string}"},"query-input":{"@type":"PropertyValueSpecification","valueRequired":true,"valueName":"search_term_string"}}],"inLanguage":"sl-SI"},{"@type":"Organization","@id":"https:\/\/najnaj.eu\/sl\/#organization","name":"NajNaj.eu","url":"https:\/\/najnaj.eu\/sl\/","logo":{"@type":"ImageObject","inLanguage":"sl-SI","@id":"https:\/\/najnaj.eu\/sl\/#\/schema\/logo\/image\/","url":"https:\/\/najnaj.eu\/wp-content\/uploads\/2023\/09\/logo_Najnaj_2023.svg","contentUrl":"https:\/\/najnaj.eu\/wp-content\/uploads\/2023\/09\/logo_Najnaj_2023.svg","width":501,"height":278,"caption":"NajNaj.eu"},"image":{"@id":"https:\/\/najnaj.eu\/sl\/#\/schema\/logo\/image\/"},"sameAs":["https:\/\/web.facebook.com\/najnaj.eu\/","https:\/\/www.instagram.com\/najnaj.eu\/","https:\/\/www.tiktok.com\/@najnaj.eu"]}]},"product_brand":"Voksi","product_price_amount":"159.90","product_price_currency":"EUR","og_availability":"instock","product_availability":"instock","product_retailer_item_id":"11024840-SandsPeach-wings","product_condition":"new"},"_links":{"self":[{"href":"https:\/\/najnaj.eu\/sl\/wp-json\/wp\/v2\/product\/194493","targetHints":{"allow":["GET"]}}],"collection":[{"href":"https:\/\/najnaj.eu\/sl\/wp-json\/wp\/v2\/product"}],"about":[{"href":"https:\/\/najnaj.eu\/sl\/wp-json\/wp\/v2\/types\/product"}],"replies":[{"embeddable":true,"href":"https:\/\/najnaj.eu\/sl\/wp-json\/wp\/v2\/comments?post=194493"}],"version-history":[{"count":0,"href":"https:\/\/najnaj.eu\/sl\/wp-json\/wp\/v2\/product\/194493\/revisions"}],"wp:featuredmedia":[{"embeddable":true,"href":"https:\/\/najnaj.eu\/sl\/wp-json\/wp\/v2\/media\/156842"}],"wp:attachment":[{"href":"https:\/\/najnaj.eu\/sl\/wp-json\/wp\/v2\/media?parent=194493"}],"wp:term":[{"taxonomy":"product_brand","embeddable":true,"href":"https:\/\/najnaj.eu\/sl\/wp-json\/wp\/v2\/product_brand?post=194493"},{"taxonomy":"product_cat","embeddable":true,"href":"https:\/\/najnaj.eu\/sl\/wp-json\/wp\/v2\/product_cat?post=194493"},{"taxonomy":"product_tag","embeddable":true,"href":"https:\/\/najnaj.eu\/sl\/wp-json\/wp\/v2\/product_tag?post=194493"}],"curies":[{"name":"wp","href":"https:\/\/api.w.org\/{rel}","templated":true}]}}