{"id":194487,"date":"2023-02-02T08:05:11","date_gmt":"2023-02-02T07:05:11","guid":{"rendered":"https:\/\/najnaj.eu\/proizvod\/lassig-cas-organizator-dokumentov-blocks-sivo-bez\/"},"modified":"2025-02-06T12:17:47","modified_gmt":"2025-02-06T11:17:47","slug":"lassig-cas-organizator-dokumentov-blocks-sivo-bez","status":"publish","type":"product","link":"https:\/\/najnaj.eu\/sl\/izdelek\/lassig-cas-organizator-dokumentov-blocks-sivo-bez\/","title":{"rendered":"L\u00e4ssig CAS Organizator dokumentov Blocks sivo be\u017e"},"content":{"rendered":"<p>Organizator L\u00c4SSIG iz kolekcije Casual ima prostor za vse pomembne dokumente med nose\u010dnostjo in po njej. Nose\u010dni\u0161ka knji\u017eica, ultrazvo\u010dne slike, zdravstvena izkaznica, zapisnik o pregledu ali potrdilo o cepljenju, ta organizator dokumentov ponuja dovolj predelkov, da je vse jasno urejeno. Organizator je tudi idealno zasnovan kot potovalni pripomo\u010dek, da lahko va\u0161 potni list in osebno izkaznico, vozovnice in bone shranite na enem mestu in jih lahko dostopate.<\/p>\n<p>Zahvaljujo\u010d tanki obliki se L\u00c4SSIG Organizer prilega vsaki torbi in ga lahko vzamete kamor koli. Ko je razporejen do konca, postane iznajdljivost tega organizatorja takoj o\u010ditna. \u0160tevilni predelki, prakti\u010dni elasti\u010dni trakovi, prozoren plasti\u010dni \u017eep in dr\u017ealo za pisala olaj\u0161ajo organiziranje vsega. L\u00c4SSIG Mother&#8217;s Organizer poskrbi za red v vsakdanjem \u017eivljenju zaposlenih mamic, ki so nenehno v gibanju in je popoln pripomo\u010dek ob obisku zdravnika ali na katerem koli potovanju.<\/p>\n","protected":false},"excerpt":{"rendered":"<p>L\u00c4SSIG Organizer hrani vse pomembne dokumente skupaj, med in po nose\u010dnosti. Zaradi vitke oblike se organizator prilega vsakemu \u017eepu in je nujen pripomo\u010dek ob obisku zdravnika ali na katerem koli potovanju.<\/p>\n","protected":false},"featured_media":156915,"comment_status":"open","ping_status":"closed","template":"","meta":{"_acf_changed":false,"footnotes":""},"product_brand":[],"product_cat":[1406,1407,1401],"product_tag":[],"class_list":{"0":"post-194487","1":"product","2":"type-product","3":"status-publish","4":"has-post-thumbnail","6":"product_cat-moda-sl","7":"product_cat-organizatorji-za-dokumente","8":"product_cat-za-mamo","9":"pa_boja-bez-sl","10":"pa_boja-siva-sl","11":"pa_brand-lassig-sl","12":"pa_torbe-za-dokumente-sl","14":"first","15":"instock","16":"sale","17":"purchasable","18":"product-type-simple"},"bundled_by":[],"bundle_stock_status":"instock","bundle_stock_quantity":14,"bundle_virtual":false,"bundle_layout":"","bundle_add_to_cart_form_location":"","bundle_editable_in_cart":false,"bundle_sold_individually_context":"","bundle_item_grouping":"","bundle_min_size":"","bundle_max_size":"","bundle_price":[],"bundled_items":[],"bundle_sell_ids":[],"acf":[],"yoast_head":"<!-- This site is optimized with the Yoast SEO Premium plugin v21.5 (Yoast SEO v27.4) - https:\/\/yoast.com\/product\/yoast-seo-premium-wordpress\/ -->\n<title>L\u00e4ssig CAS Organizator dokumentov Blocks sivo be\u017e - NajNaj.eu<\/title>\n<meta name=\"robots\" content=\"index, follow, max-snippet:-1, max-image-preview:large, max-video-preview:-1\" \/>\n<link rel=\"canonical\" href=\"https:\/\/najnaj.eu\/sl\/izdelek\/lassig-cas-organizator-dokumentov-blocks-sivo-bez\/\" \/>\n<meta property=\"og:locale\" content=\"sl_SI\" \/>\n<meta property=\"og:type\" content=\"article\" \/>\n<meta property=\"og:title\" content=\"L\u00e4ssig CAS Organizator dokumentov Blocks sivo be\u017e\" \/>\n<meta property=\"og:description\" content=\"L\u00c4SSIG Organizer hrani vse pomembne dokumente skupaj, med in po nose\u010dnosti. Zaradi vitke oblike se organizator prilega vsakemu \u017eepu in je nujen pripomo\u010dek ob obisku zdravnika ali na katerem koli potovanju.\" \/>\n<meta property=\"og:url\" content=\"https:\/\/najnaj.eu\/sl\/izdelek\/lassig-cas-organizator-dokumentov-blocks-sivo-bez\/\" \/>\n<meta property=\"og:site_name\" content=\"NajNaj.eu\" \/>\n<meta property=\"article:publisher\" content=\"https:\/\/web.facebook.com\/najnaj.eu\/\" \/>\n<meta property=\"article:modified_time\" content=\"2025-02-06T11:17:47+00:00\" \/>\n<meta property=\"og:image\" content=\"https:\/\/najnaj.eu\/wp-content\/uploads\/2023\/08\/1106001237_1HSKSEuwyUEtPn_600x600.jpg\" \/>\n\t<meta property=\"og:image:width\" content=\"600\" \/>\n\t<meta property=\"og:image:height\" content=\"600\" \/>\n\t<meta property=\"og:image:type\" content=\"image\/jpeg\" \/>\n<meta name=\"twitter:card\" content=\"summary_large_image\" \/>\n<meta name=\"twitter:label1\" content=\"Price\" \/>\n\t<meta name=\"twitter:data1\" content=\"19,95&nbsp;&euro;\" \/>\n\t<meta name=\"twitter:label2\" content=\"Availability\" \/>\n\t<meta name=\"twitter:data2\" content=\"In stock\" \/>\n<script type=\"application\/ld+json\" class=\"yoast-schema-graph\">{\"@context\":\"https:\\\/\\\/schema.org\",\"@graph\":[{\"@type\":\"WebPage\",\"@id\":\"https:\\\/\\\/najnaj.eu\\\/sl\\\/izdelek\\\/lassig-cas-organizator-dokumentov-blocks-sivo-bez\\\/\",\"url\":\"https:\\\/\\\/najnaj.eu\\\/sl\\\/izdelek\\\/lassig-cas-organizator-dokumentov-blocks-sivo-bez\\\/\",\"name\":\"L\u00e4ssig CAS Organizator dokumentov Blocks sivo be\u017e - NajNaj.eu\",\"isPartOf\":{\"@id\":\"https:\\\/\\\/najnaj.eu\\\/sl\\\/#website\"},\"primaryImageOfPage\":{\"@id\":\"https:\\\/\\\/najnaj.eu\\\/sl\\\/izdelek\\\/lassig-cas-organizator-dokumentov-blocks-sivo-bez\\\/#primaryimage\"},\"image\":{\"@id\":\"https:\\\/\\\/najnaj.eu\\\/sl\\\/izdelek\\\/lassig-cas-organizator-dokumentov-blocks-sivo-bez\\\/#primaryimage\"},\"thumbnailUrl\":\"https:\\\/\\\/najnaj.eu\\\/wp-content\\\/uploads\\\/2023\\\/08\\\/1106001237_1HSKSEuwyUEtPn_600x600.jpg\",\"datePublished\":\"2023-02-02T07:05:11+00:00\",\"dateModified\":\"2025-02-06T11:17:47+00:00\",\"breadcrumb\":{\"@id\":\"https:\\\/\\\/najnaj.eu\\\/sl\\\/izdelek\\\/lassig-cas-organizator-dokumentov-blocks-sivo-bez\\\/#breadcrumb\"},\"inLanguage\":\"sl-SI\",\"potentialAction\":[{\"@type\":\"ReadAction\",\"target\":[\"https:\\\/\\\/najnaj.eu\\\/sl\\\/izdelek\\\/lassig-cas-organizator-dokumentov-blocks-sivo-bez\\\/\"]}]},{\"@type\":\"ImageObject\",\"inLanguage\":\"sl-SI\",\"@id\":\"https:\\\/\\\/najnaj.eu\\\/sl\\\/izdelek\\\/lassig-cas-organizator-dokumentov-blocks-sivo-bez\\\/#primaryimage\",\"url\":\"https:\\\/\\\/najnaj.eu\\\/wp-content\\\/uploads\\\/2023\\\/08\\\/1106001237_1HSKSEuwyUEtPn_600x600.jpg\",\"contentUrl\":\"https:\\\/\\\/najnaj.eu\\\/wp-content\\\/uploads\\\/2023\\\/08\\\/1106001237_1HSKSEuwyUEtPn_600x600.jpg\",\"width\":600,\"height\":600},{\"@type\":\"BreadcrumbList\",\"@id\":\"https:\\\/\\\/najnaj.eu\\\/sl\\\/izdelek\\\/lassig-cas-organizator-dokumentov-blocks-sivo-bez\\\/#breadcrumb\",\"itemListElement\":[{\"@type\":\"ListItem\",\"position\":1,\"name\":\"Po\u010detna stranica\",\"item\":\"https:\\\/\\\/najnaj.eu\\\/sl\\\/prednja-stran\\\/\"},{\"@type\":\"ListItem\",\"position\":2,\"name\":\"Shop\",\"item\":\"https:\\\/\\\/najnaj.eu\\\/sl\\\/shop\\\/\"},{\"@type\":\"ListItem\",\"position\":3,\"name\":\"L\u00e4ssig CAS Organizator dokumentov Blocks sivo be\u017e\"}]},{\"@type\":\"WebSite\",\"@id\":\"https:\\\/\\\/najnaj.eu\\\/sl\\\/#website\",\"url\":\"https:\\\/\\\/najnaj.eu\\\/sl\\\/\",\"name\":\"NajNaj.eu\",\"description\":\"Za najva\u017enije!\",\"publisher\":{\"@id\":\"https:\\\/\\\/najnaj.eu\\\/sl\\\/#organization\"},\"potentialAction\":[{\"@type\":\"SearchAction\",\"target\":{\"@type\":\"EntryPoint\",\"urlTemplate\":\"https:\\\/\\\/najnaj.eu\\\/sl\\\/?s={search_term_string}\"},\"query-input\":{\"@type\":\"PropertyValueSpecification\",\"valueRequired\":true,\"valueName\":\"search_term_string\"}}],\"inLanguage\":\"sl-SI\"},{\"@type\":\"Organization\",\"@id\":\"https:\\\/\\\/najnaj.eu\\\/sl\\\/#organization\",\"name\":\"NajNaj.eu\",\"url\":\"https:\\\/\\\/najnaj.eu\\\/sl\\\/\",\"logo\":{\"@type\":\"ImageObject\",\"inLanguage\":\"sl-SI\",\"@id\":\"https:\\\/\\\/najnaj.eu\\\/sl\\\/#\\\/schema\\\/logo\\\/image\\\/\",\"url\":\"https:\\\/\\\/najnaj.eu\\\/wp-content\\\/uploads\\\/2023\\\/09\\\/logo_Najnaj_2023.svg\",\"contentUrl\":\"https:\\\/\\\/najnaj.eu\\\/wp-content\\\/uploads\\\/2023\\\/09\\\/logo_Najnaj_2023.svg\",\"width\":501,\"height\":278,\"caption\":\"NajNaj.eu\"},\"image\":{\"@id\":\"https:\\\/\\\/najnaj.eu\\\/sl\\\/#\\\/schema\\\/logo\\\/image\\\/\"},\"sameAs\":[\"https:\\\/\\\/web.facebook.com\\\/najnaj.eu\\\/\",\"https:\\\/\\\/www.instagram.com\\\/najnaj.eu\\\/\",\"https:\\\/\\\/www.tiktok.com\\\/@najnaj.eu\"]}]}<\/script>\n<meta property=\"product:brand\" content=\"L\u00e4ssig\" \/>\n<meta property=\"product:price:amount\" content=\"19.95\" \/>\n<meta property=\"product:price:currency\" content=\"EUR\" \/>\n<meta property=\"og:availability\" content=\"instock\" \/>\n<meta property=\"product:availability\" content=\"instock\" \/>\n<meta property=\"product:retailer_item_id\" content=\"1106001237\" \/>\n<meta property=\"product:condition\" content=\"new\" \/>\n<!-- \/ Yoast SEO Premium plugin. -->","yoast_head_json":{"title":"L\u00e4ssig CAS Organizator dokumentov Blocks sivo be\u017e - NajNaj.eu","robots":{"index":"index","follow":"follow","max-snippet":"max-snippet:-1","max-image-preview":"max-image-preview:large","max-video-preview":"max-video-preview:-1"},"canonical":"https:\/\/najnaj.eu\/sl\/izdelek\/lassig-cas-organizator-dokumentov-blocks-sivo-bez\/","og_locale":"sl_SI","og_type":"article","og_title":"L\u00e4ssig CAS Organizator dokumentov Blocks sivo be\u017e","og_description":"L\u00c4SSIG Organizer hrani vse pomembne dokumente skupaj, med in po nose\u010dnosti. Zaradi vitke oblike se organizator prilega vsakemu \u017eepu in je nujen pripomo\u010dek ob obisku zdravnika ali na katerem koli potovanju.","og_url":"https:\/\/najnaj.eu\/sl\/izdelek\/lassig-cas-organizator-dokumentov-blocks-sivo-bez\/","og_site_name":"NajNaj.eu","article_publisher":"https:\/\/web.facebook.com\/najnaj.eu\/","article_modified_time":"2025-02-06T11:17:47+00:00","og_image":[{"width":600,"height":600,"url":"https:\/\/najnaj.eu\/wp-content\/uploads\/2023\/08\/1106001237_1HSKSEuwyUEtPn_600x600.jpg","type":"image\/jpeg"}],"twitter_card":"summary_large_image","twitter_misc":{"Price":"19,95&nbsp;&euro;","Availability":"In stock"},"schema":{"@context":"https:\/\/schema.org","@graph":[{"@type":"WebPage","@id":"https:\/\/najnaj.eu\/sl\/izdelek\/lassig-cas-organizator-dokumentov-blocks-sivo-bez\/","url":"https:\/\/najnaj.eu\/sl\/izdelek\/lassig-cas-organizator-dokumentov-blocks-sivo-bez\/","name":"L\u00e4ssig CAS Organizator dokumentov Blocks sivo be\u017e - NajNaj.eu","isPartOf":{"@id":"https:\/\/najnaj.eu\/sl\/#website"},"primaryImageOfPage":{"@id":"https:\/\/najnaj.eu\/sl\/izdelek\/lassig-cas-organizator-dokumentov-blocks-sivo-bez\/#primaryimage"},"image":{"@id":"https:\/\/najnaj.eu\/sl\/izdelek\/lassig-cas-organizator-dokumentov-blocks-sivo-bez\/#primaryimage"},"thumbnailUrl":"https:\/\/najnaj.eu\/wp-content\/uploads\/2023\/08\/1106001237_1HSKSEuwyUEtPn_600x600.jpg","datePublished":"2023-02-02T07:05:11+00:00","dateModified":"2025-02-06T11:17:47+00:00","breadcrumb":{"@id":"https:\/\/najnaj.eu\/sl\/izdelek\/lassig-cas-organizator-dokumentov-blocks-sivo-bez\/#breadcrumb"},"inLanguage":"sl-SI","potentialAction":[{"@type":"ReadAction","target":["https:\/\/najnaj.eu\/sl\/izdelek\/lassig-cas-organizator-dokumentov-blocks-sivo-bez\/"]}]},{"@type":"ImageObject","inLanguage":"sl-SI","@id":"https:\/\/najnaj.eu\/sl\/izdelek\/lassig-cas-organizator-dokumentov-blocks-sivo-bez\/#primaryimage","url":"https:\/\/najnaj.eu\/wp-content\/uploads\/2023\/08\/1106001237_1HSKSEuwyUEtPn_600x600.jpg","contentUrl":"https:\/\/najnaj.eu\/wp-content\/uploads\/2023\/08\/1106001237_1HSKSEuwyUEtPn_600x600.jpg","width":600,"height":600},{"@type":"BreadcrumbList","@id":"https:\/\/najnaj.eu\/sl\/izdelek\/lassig-cas-organizator-dokumentov-blocks-sivo-bez\/#breadcrumb","itemListElement":[{"@type":"ListItem","position":1,"name":"Po\u010detna stranica","item":"https:\/\/najnaj.eu\/sl\/prednja-stran\/"},{"@type":"ListItem","position":2,"name":"Shop","item":"https:\/\/najnaj.eu\/sl\/shop\/"},{"@type":"ListItem","position":3,"name":"L\u00e4ssig CAS Organizator dokumentov Blocks sivo be\u017e"}]},{"@type":"WebSite","@id":"https:\/\/najnaj.eu\/sl\/#website","url":"https:\/\/najnaj.eu\/sl\/","name":"NajNaj.eu","description":"Za najva\u017enije!","publisher":{"@id":"https:\/\/najnaj.eu\/sl\/#organization"},"potentialAction":[{"@type":"SearchAction","target":{"@type":"EntryPoint","urlTemplate":"https:\/\/najnaj.eu\/sl\/?s={search_term_string}"},"query-input":{"@type":"PropertyValueSpecification","valueRequired":true,"valueName":"search_term_string"}}],"inLanguage":"sl-SI"},{"@type":"Organization","@id":"https:\/\/najnaj.eu\/sl\/#organization","name":"NajNaj.eu","url":"https:\/\/najnaj.eu\/sl\/","logo":{"@type":"ImageObject","inLanguage":"sl-SI","@id":"https:\/\/najnaj.eu\/sl\/#\/schema\/logo\/image\/","url":"https:\/\/najnaj.eu\/wp-content\/uploads\/2023\/09\/logo_Najnaj_2023.svg","contentUrl":"https:\/\/najnaj.eu\/wp-content\/uploads\/2023\/09\/logo_Najnaj_2023.svg","width":501,"height":278,"caption":"NajNaj.eu"},"image":{"@id":"https:\/\/najnaj.eu\/sl\/#\/schema\/logo\/image\/"},"sameAs":["https:\/\/web.facebook.com\/najnaj.eu\/","https:\/\/www.instagram.com\/najnaj.eu\/","https:\/\/www.tiktok.com\/@najnaj.eu"]}]},"product_brand":"L\u00e4ssig","product_price_amount":"19.95","product_price_currency":"EUR","og_availability":"instock","product_availability":"instock","product_retailer_item_id":"1106001237","product_condition":"new"},"_links":{"self":[{"href":"https:\/\/najnaj.eu\/sl\/wp-json\/wp\/v2\/product\/194487","targetHints":{"allow":["GET"]}}],"collection":[{"href":"https:\/\/najnaj.eu\/sl\/wp-json\/wp\/v2\/product"}],"about":[{"href":"https:\/\/najnaj.eu\/sl\/wp-json\/wp\/v2\/types\/product"}],"replies":[{"embeddable":true,"href":"https:\/\/najnaj.eu\/sl\/wp-json\/wp\/v2\/comments?post=194487"}],"version-history":[{"count":0,"href":"https:\/\/najnaj.eu\/sl\/wp-json\/wp\/v2\/product\/194487\/revisions"}],"wp:featuredmedia":[{"embeddable":true,"href":"https:\/\/najnaj.eu\/sl\/wp-json\/wp\/v2\/media\/156915"}],"wp:attachment":[{"href":"https:\/\/najnaj.eu\/sl\/wp-json\/wp\/v2\/media?parent=194487"}],"wp:term":[{"taxonomy":"product_brand","embeddable":true,"href":"https:\/\/najnaj.eu\/sl\/wp-json\/wp\/v2\/product_brand?post=194487"},{"taxonomy":"product_cat","embeddable":true,"href":"https:\/\/najnaj.eu\/sl\/wp-json\/wp\/v2\/product_cat?post=194487"},{"taxonomy":"product_tag","embeddable":true,"href":"https:\/\/najnaj.eu\/sl\/wp-json\/wp\/v2\/product_tag?post=194487"}],"curies":[{"name":"wp","href":"https:\/\/api.w.org\/{rel}","templated":true}]}}