{"id":194462,"date":"2023-02-02T13:27:07","date_gmt":"2023-02-02T12:27:07","guid":{"rendered":"https:\/\/najnaj.eu\/proizvod\/lassig-cas-toaletna-torbica-block-sivo-bez\/"},"modified":"2025-02-06T12:16:18","modified_gmt":"2025-02-06T11:16:18","slug":"lassig-cas-toaletna-torbica-block-sivo-bez","status":"publish","type":"product","link":"https:\/\/najnaj.eu\/sl\/izdelek\/lassig-cas-toaletna-torbica-block-sivo-bez\/","title":{"rendered":"L\u00e4ssig CAS Toaletna torbica Block sivo be\u017e"},"content":{"rendered":"<p>Toaletna previjalna torba: s toaletno torbico L\u00c4SSIG Nursery Caddy To Go iz kolekcije Casual imajo star\u0161i najpomembnej\u0161e previjalne potreb\u0161\u010dine vedno pri roki. Eleganten etui za shranjevanje ne le izgleda odli\u010dno na previjalni mizi, ampak ga lahko nosite povsod. Ne glede na to, ali se spu\u0161\u010date v dnevno sobo, greste na izlet ali prvo no\u010d pre\u017eivite pri sorodnikih \u2013 prakti\u010dna ko\u0161ara odpravlja potrebo po dolgo\u010dasnem pakiranju in razpakiranju.<\/p>\n<p>V toaletni torbici Nursery Caddy To Go so vse potrebne stvari za previjanje pregledno razporejene zahvaljujo\u010d \u0161iroki odprtini na zadrgo in svetli podlogi. Medtem ko imajo predmeti za menjavo plenic svoje mesto v glavnem predalu s \u0161tevilnimi stranskimi \u017eepi in so pritrjeni z elasti\u010dnimi trakovi, so drobnarije, kot so nogavice, dude in podobno, varno shranjene v predalu z zadrgo na pokrovu.<\/p>\n<p>Za spontana ali no\u010dna potovanja je vse, kar morate storiti, to, da pospravite najpomembnej\u0161e stvari v organizator plenic in \u017ee greste! Zahvaljujo\u010d prakti\u010dnemu ro\u010daju za prena\u0161anje lahko Nursery Caddy To Go v hipu prenesete v avto in ste pripravljeni na naslednjo avanturo z va\u0161im dojen\u010dkom.<\/p>\n<p>Prakti\u010den Nursery Caddy To Go je na voljo v razli\u010dnih trendovskih dizajnih. Lahko se pere v pralnem stroju na 30\u00b0C z metodo ne\u017enega pranja.<\/p>\n","protected":false},"excerpt":{"rendered":"<p>Nursery Caddy To Go ni samo eleganten kov\u010dek za shranjevanje previjalne mize, ampak tudi prakti\u010den pripomo\u010dek za va\u0161e naslednje potovanje. Najpomembnej\u0161e predmete shranite v Nursery Caddy To Go in se odpravite na va\u0161 naslednji cilj.<\/p>\n","protected":false},"featured_media":156974,"comment_status":"open","ping_status":"closed","template":"","meta":{"_acf_changed":false,"footnotes":""},"product_brand":[],"product_cat":[1406,1408,1401],"product_tag":[],"class_list":{"0":"post-194462","1":"product","2":"type-product","3":"status-publish","4":"has-post-thumbnail","6":"product_cat-moda-sl","7":"product_cat-toaletne-torbice-sl","8":"product_cat-za-mamo","9":"pa_boja-bez","10":"pa_boja-siva-sl","11":"pa_brand-lassig-sl","13":"first","14":"instock","15":"purchasable","16":"product-type-simple"},"bundled_by":[],"bundle_stock_status":"instock","bundle_stock_quantity":15,"bundle_virtual":false,"bundle_layout":"","bundle_add_to_cart_form_location":"","bundle_editable_in_cart":false,"bundle_sold_individually_context":"","bundle_item_grouping":"","bundle_min_size":"","bundle_max_size":"","bundle_price":[],"bundled_items":[],"bundle_sell_ids":[],"acf":[],"yoast_head":"<!-- This site is optimized with the Yoast SEO Premium plugin v21.5 (Yoast SEO v27.3) - https:\/\/yoast.com\/product\/yoast-seo-premium-wordpress\/ -->\n<title>L\u00e4ssig CAS Toaletna torbica Block sivo be\u017e - NajNaj.eu<\/title>\n<meta name=\"robots\" content=\"index, follow, max-snippet:-1, max-image-preview:large, max-video-preview:-1\" \/>\n<link rel=\"canonical\" href=\"https:\/\/najnaj.eu\/sl\/izdelek\/lassig-cas-toaletna-torbica-block-sivo-bez\/\" \/>\n<meta property=\"og:locale\" content=\"sl_SI\" \/>\n<meta property=\"og:type\" content=\"article\" \/>\n<meta property=\"og:title\" content=\"L\u00e4ssig CAS Toaletna torbica Block sivo be\u017e\" \/>\n<meta property=\"og:description\" content=\"Nursery Caddy To Go ni samo eleganten kov\u010dek za shranjevanje previjalne mize, ampak tudi prakti\u010den pripomo\u010dek za va\u0161e naslednje potovanje. Najpomembnej\u0161e predmete shranite v Nursery Caddy To Go in se odpravite na va\u0161 naslednji cilj.\" \/>\n<meta property=\"og:url\" content=\"https:\/\/najnaj.eu\/sl\/izdelek\/lassig-cas-toaletna-torbica-block-sivo-bez\/\" \/>\n<meta property=\"og:site_name\" content=\"NajNaj.eu\" \/>\n<meta property=\"article:publisher\" content=\"https:\/\/web.facebook.com\/najnaj.eu\/\" \/>\n<meta property=\"article:modified_time\" content=\"2025-02-06T11:16:18+00:00\" \/>\n<meta property=\"og:image\" content=\"https:\/\/najnaj.eu\/wp-content\/uploads\/2023\/08\/CAS_F21_1106018237_P_1-Large.jpg\" \/>\n\t<meta property=\"og:image:width\" content=\"1080\" \/>\n\t<meta property=\"og:image:height\" content=\"1080\" \/>\n\t<meta property=\"og:image:type\" content=\"image\/jpeg\" \/>\n<meta name=\"twitter:card\" content=\"summary_large_image\" \/>\n<meta name=\"twitter:label1\" content=\"Price\" \/>\n\t<meta name=\"twitter:data1\" content=\"29,95&nbsp;&euro;\" \/>\n\t<meta name=\"twitter:label2\" content=\"Availability\" \/>\n\t<meta name=\"twitter:data2\" content=\"In stock\" \/>\n<script type=\"application\/ld+json\" class=\"yoast-schema-graph\">{\"@context\":\"https:\\\/\\\/schema.org\",\"@graph\":[{\"@type\":\"WebPage\",\"@id\":\"https:\\\/\\\/najnaj.eu\\\/sl\\\/izdelek\\\/lassig-cas-toaletna-torbica-block-sivo-bez\\\/\",\"url\":\"https:\\\/\\\/najnaj.eu\\\/sl\\\/izdelek\\\/lassig-cas-toaletna-torbica-block-sivo-bez\\\/\",\"name\":\"L\u00e4ssig CAS Toaletna torbica Block sivo be\u017e - NajNaj.eu\",\"isPartOf\":{\"@id\":\"https:\\\/\\\/najnaj.eu\\\/sl\\\/#website\"},\"primaryImageOfPage\":{\"@id\":\"https:\\\/\\\/najnaj.eu\\\/sl\\\/izdelek\\\/lassig-cas-toaletna-torbica-block-sivo-bez\\\/#primaryimage\"},\"image\":{\"@id\":\"https:\\\/\\\/najnaj.eu\\\/sl\\\/izdelek\\\/lassig-cas-toaletna-torbica-block-sivo-bez\\\/#primaryimage\"},\"thumbnailUrl\":\"https:\\\/\\\/najnaj.eu\\\/wp-content\\\/uploads\\\/2023\\\/08\\\/CAS_F21_1106018237_P_1-Large.jpg\",\"datePublished\":\"2023-02-02T12:27:07+00:00\",\"dateModified\":\"2025-02-06T11:16:18+00:00\",\"breadcrumb\":{\"@id\":\"https:\\\/\\\/najnaj.eu\\\/sl\\\/izdelek\\\/lassig-cas-toaletna-torbica-block-sivo-bez\\\/#breadcrumb\"},\"inLanguage\":\"sl-SI\",\"potentialAction\":[{\"@type\":\"ReadAction\",\"target\":[\"https:\\\/\\\/najnaj.eu\\\/sl\\\/izdelek\\\/lassig-cas-toaletna-torbica-block-sivo-bez\\\/\"]}]},{\"@type\":\"ImageObject\",\"inLanguage\":\"sl-SI\",\"@id\":\"https:\\\/\\\/najnaj.eu\\\/sl\\\/izdelek\\\/lassig-cas-toaletna-torbica-block-sivo-bez\\\/#primaryimage\",\"url\":\"https:\\\/\\\/najnaj.eu\\\/wp-content\\\/uploads\\\/2023\\\/08\\\/CAS_F21_1106018237_P_1-Large.jpg\",\"contentUrl\":\"https:\\\/\\\/najnaj.eu\\\/wp-content\\\/uploads\\\/2023\\\/08\\\/CAS_F21_1106018237_P_1-Large.jpg\",\"width\":1080,\"height\":1080},{\"@type\":\"BreadcrumbList\",\"@id\":\"https:\\\/\\\/najnaj.eu\\\/sl\\\/izdelek\\\/lassig-cas-toaletna-torbica-block-sivo-bez\\\/#breadcrumb\",\"itemListElement\":[{\"@type\":\"ListItem\",\"position\":1,\"name\":\"Po\u010detna stranica\",\"item\":\"https:\\\/\\\/najnaj.eu\\\/sl\\\/prednja-stran\\\/\"},{\"@type\":\"ListItem\",\"position\":2,\"name\":\"Shop\",\"item\":\"https:\\\/\\\/najnaj.eu\\\/sl\\\/shop\\\/\"},{\"@type\":\"ListItem\",\"position\":3,\"name\":\"L\u00e4ssig CAS Toaletna torbica Block sivo be\u017e\"}]},{\"@type\":\"WebSite\",\"@id\":\"https:\\\/\\\/najnaj.eu\\\/sl\\\/#website\",\"url\":\"https:\\\/\\\/najnaj.eu\\\/sl\\\/\",\"name\":\"NajNaj.eu\",\"description\":\"Za najva\u017enije!\",\"publisher\":{\"@id\":\"https:\\\/\\\/najnaj.eu\\\/sl\\\/#organization\"},\"potentialAction\":[{\"@type\":\"SearchAction\",\"target\":{\"@type\":\"EntryPoint\",\"urlTemplate\":\"https:\\\/\\\/najnaj.eu\\\/sl\\\/?s={search_term_string}\"},\"query-input\":{\"@type\":\"PropertyValueSpecification\",\"valueRequired\":true,\"valueName\":\"search_term_string\"}}],\"inLanguage\":\"sl-SI\"},{\"@type\":\"Organization\",\"@id\":\"https:\\\/\\\/najnaj.eu\\\/sl\\\/#organization\",\"name\":\"NajNaj.eu\",\"url\":\"https:\\\/\\\/najnaj.eu\\\/sl\\\/\",\"logo\":{\"@type\":\"ImageObject\",\"inLanguage\":\"sl-SI\",\"@id\":\"https:\\\/\\\/najnaj.eu\\\/sl\\\/#\\\/schema\\\/logo\\\/image\\\/\",\"url\":\"https:\\\/\\\/najnaj.eu\\\/wp-content\\\/uploads\\\/2023\\\/09\\\/logo_Najnaj_2023.svg\",\"contentUrl\":\"https:\\\/\\\/najnaj.eu\\\/wp-content\\\/uploads\\\/2023\\\/09\\\/logo_Najnaj_2023.svg\",\"width\":501,\"height\":278,\"caption\":\"NajNaj.eu\"},\"image\":{\"@id\":\"https:\\\/\\\/najnaj.eu\\\/sl\\\/#\\\/schema\\\/logo\\\/image\\\/\"},\"sameAs\":[\"https:\\\/\\\/web.facebook.com\\\/najnaj.eu\\\/\",\"https:\\\/\\\/www.instagram.com\\\/najnaj.eu\\\/\",\"https:\\\/\\\/www.tiktok.com\\\/@najnaj.eu\"]}]}<\/script>\n<meta property=\"product:brand\" content=\"L\u00e4ssig\" \/>\n<meta property=\"product:price:amount\" content=\"29.95\" \/>\n<meta property=\"product:price:currency\" content=\"EUR\" \/>\n<meta property=\"og:availability\" content=\"instock\" \/>\n<meta property=\"product:availability\" content=\"instock\" \/>\n<meta property=\"product:retailer_item_id\" content=\"1106018237\" \/>\n<meta property=\"product:condition\" content=\"new\" \/>\n<!-- \/ Yoast SEO Premium plugin. -->","yoast_head_json":{"title":"L\u00e4ssig CAS Toaletna torbica Block sivo be\u017e - NajNaj.eu","robots":{"index":"index","follow":"follow","max-snippet":"max-snippet:-1","max-image-preview":"max-image-preview:large","max-video-preview":"max-video-preview:-1"},"canonical":"https:\/\/najnaj.eu\/sl\/izdelek\/lassig-cas-toaletna-torbica-block-sivo-bez\/","og_locale":"sl_SI","og_type":"article","og_title":"L\u00e4ssig CAS Toaletna torbica Block sivo be\u017e","og_description":"Nursery Caddy To Go ni samo eleganten kov\u010dek za shranjevanje previjalne mize, ampak tudi prakti\u010den pripomo\u010dek za va\u0161e naslednje potovanje. Najpomembnej\u0161e predmete shranite v Nursery Caddy To Go in se odpravite na va\u0161 naslednji cilj.","og_url":"https:\/\/najnaj.eu\/sl\/izdelek\/lassig-cas-toaletna-torbica-block-sivo-bez\/","og_site_name":"NajNaj.eu","article_publisher":"https:\/\/web.facebook.com\/najnaj.eu\/","article_modified_time":"2025-02-06T11:16:18+00:00","og_image":[{"width":1080,"height":1080,"url":"https:\/\/najnaj.eu\/wp-content\/uploads\/2023\/08\/CAS_F21_1106018237_P_1-Large.jpg","type":"image\/jpeg"}],"twitter_card":"summary_large_image","twitter_misc":{"Price":"29,95&nbsp;&euro;","Availability":"In stock"},"schema":{"@context":"https:\/\/schema.org","@graph":[{"@type":"WebPage","@id":"https:\/\/najnaj.eu\/sl\/izdelek\/lassig-cas-toaletna-torbica-block-sivo-bez\/","url":"https:\/\/najnaj.eu\/sl\/izdelek\/lassig-cas-toaletna-torbica-block-sivo-bez\/","name":"L\u00e4ssig CAS Toaletna torbica Block sivo be\u017e - NajNaj.eu","isPartOf":{"@id":"https:\/\/najnaj.eu\/sl\/#website"},"primaryImageOfPage":{"@id":"https:\/\/najnaj.eu\/sl\/izdelek\/lassig-cas-toaletna-torbica-block-sivo-bez\/#primaryimage"},"image":{"@id":"https:\/\/najnaj.eu\/sl\/izdelek\/lassig-cas-toaletna-torbica-block-sivo-bez\/#primaryimage"},"thumbnailUrl":"https:\/\/najnaj.eu\/wp-content\/uploads\/2023\/08\/CAS_F21_1106018237_P_1-Large.jpg","datePublished":"2023-02-02T12:27:07+00:00","dateModified":"2025-02-06T11:16:18+00:00","breadcrumb":{"@id":"https:\/\/najnaj.eu\/sl\/izdelek\/lassig-cas-toaletna-torbica-block-sivo-bez\/#breadcrumb"},"inLanguage":"sl-SI","potentialAction":[{"@type":"ReadAction","target":["https:\/\/najnaj.eu\/sl\/izdelek\/lassig-cas-toaletna-torbica-block-sivo-bez\/"]}]},{"@type":"ImageObject","inLanguage":"sl-SI","@id":"https:\/\/najnaj.eu\/sl\/izdelek\/lassig-cas-toaletna-torbica-block-sivo-bez\/#primaryimage","url":"https:\/\/najnaj.eu\/wp-content\/uploads\/2023\/08\/CAS_F21_1106018237_P_1-Large.jpg","contentUrl":"https:\/\/najnaj.eu\/wp-content\/uploads\/2023\/08\/CAS_F21_1106018237_P_1-Large.jpg","width":1080,"height":1080},{"@type":"BreadcrumbList","@id":"https:\/\/najnaj.eu\/sl\/izdelek\/lassig-cas-toaletna-torbica-block-sivo-bez\/#breadcrumb","itemListElement":[{"@type":"ListItem","position":1,"name":"Po\u010detna stranica","item":"https:\/\/najnaj.eu\/sl\/prednja-stran\/"},{"@type":"ListItem","position":2,"name":"Shop","item":"https:\/\/najnaj.eu\/sl\/shop\/"},{"@type":"ListItem","position":3,"name":"L\u00e4ssig CAS Toaletna torbica Block sivo be\u017e"}]},{"@type":"WebSite","@id":"https:\/\/najnaj.eu\/sl\/#website","url":"https:\/\/najnaj.eu\/sl\/","name":"NajNaj.eu","description":"Za najva\u017enije!","publisher":{"@id":"https:\/\/najnaj.eu\/sl\/#organization"},"potentialAction":[{"@type":"SearchAction","target":{"@type":"EntryPoint","urlTemplate":"https:\/\/najnaj.eu\/sl\/?s={search_term_string}"},"query-input":{"@type":"PropertyValueSpecification","valueRequired":true,"valueName":"search_term_string"}}],"inLanguage":"sl-SI"},{"@type":"Organization","@id":"https:\/\/najnaj.eu\/sl\/#organization","name":"NajNaj.eu","url":"https:\/\/najnaj.eu\/sl\/","logo":{"@type":"ImageObject","inLanguage":"sl-SI","@id":"https:\/\/najnaj.eu\/sl\/#\/schema\/logo\/image\/","url":"https:\/\/najnaj.eu\/wp-content\/uploads\/2023\/09\/logo_Najnaj_2023.svg","contentUrl":"https:\/\/najnaj.eu\/wp-content\/uploads\/2023\/09\/logo_Najnaj_2023.svg","width":501,"height":278,"caption":"NajNaj.eu"},"image":{"@id":"https:\/\/najnaj.eu\/sl\/#\/schema\/logo\/image\/"},"sameAs":["https:\/\/web.facebook.com\/najnaj.eu\/","https:\/\/www.instagram.com\/najnaj.eu\/","https:\/\/www.tiktok.com\/@najnaj.eu"]}]},"product_brand":"L\u00e4ssig","product_price_amount":"29.95","product_price_currency":"EUR","og_availability":"instock","product_availability":"instock","product_retailer_item_id":"1106018237","product_condition":"new"},"_links":{"self":[{"href":"https:\/\/najnaj.eu\/sl\/wp-json\/wp\/v2\/product\/194462","targetHints":{"allow":["GET"]}}],"collection":[{"href":"https:\/\/najnaj.eu\/sl\/wp-json\/wp\/v2\/product"}],"about":[{"href":"https:\/\/najnaj.eu\/sl\/wp-json\/wp\/v2\/types\/product"}],"replies":[{"embeddable":true,"href":"https:\/\/najnaj.eu\/sl\/wp-json\/wp\/v2\/comments?post=194462"}],"version-history":[{"count":0,"href":"https:\/\/najnaj.eu\/sl\/wp-json\/wp\/v2\/product\/194462\/revisions"}],"wp:featuredmedia":[{"embeddable":true,"href":"https:\/\/najnaj.eu\/sl\/wp-json\/wp\/v2\/media\/156974"}],"wp:attachment":[{"href":"https:\/\/najnaj.eu\/sl\/wp-json\/wp\/v2\/media?parent=194462"}],"wp:term":[{"taxonomy":"product_brand","embeddable":true,"href":"https:\/\/najnaj.eu\/sl\/wp-json\/wp\/v2\/product_brand?post=194462"},{"taxonomy":"product_cat","embeddable":true,"href":"https:\/\/najnaj.eu\/sl\/wp-json\/wp\/v2\/product_cat?post=194462"},{"taxonomy":"product_tag","embeddable":true,"href":"https:\/\/najnaj.eu\/sl\/wp-json\/wp\/v2\/product_tag?post=194462"}],"curies":[{"name":"wp","href":"https:\/\/api.w.org\/{rel}","templated":true}]}}