{"id":194453,"date":"2023-02-02T13:31:18","date_gmt":"2023-02-02T12:31:18","guid":{"rendered":"https:\/\/najnaj.eu\/proizvod\/lassig-gre-bombazna-previjalna-torba-sivo-bez\/"},"modified":"2025-02-06T12:16:09","modified_gmt":"2025-02-06T11:16:09","slug":"lassig-gre-bombazna-previjalna-torba-sivo-bez","status":"publish","type":"product","link":"https:\/\/najnaj.eu\/sl\/izdelek\/lassig-gre-bombazna-previjalna-torba-sivo-bez\/","title":{"rendered":"L\u00e4ssig GRE Bomba\u017ena previjalna torba, sivo be\u017e"},"content":{"rendered":"<p>Narejeno iz organskega bomba\u017ea! Vodotesna bomba\u017ena torba iz kolekcije L\u00c4SSIG Green Label navdu\u0161uje s svojo visokokakovostno obdelavo iz organskega bomba\u017ea in elegantnim dizajnom. Pod njegovo lepo in okolju prijazno zunanjostjo se skriva presenetljivo veliko prostora za shranjevanje in nabor dodatkov za previjanje, pripravljenih za uporabo. Prav zaradi tega je torba Cotton Essential Bag elegantna in nepogre\u0161ljiva spremljevalka v obdobju, ko je dojen\u010dek v plenicah in po njem.<\/p>\n<p>Minimalisti\u010dna previjalna torba je izdelana iz organskega bomba\u017ea. Zaradi izvora uporabljenih materialov je vre\u010dka Cotton Essential Bag okolju prijazna. Poleg tega je robusten in vodoodporen premaz kos vsem vremenskim razmeram. Torbico lahko perete v pralnem stroju na 30\u00b0C na ne\u017enem na\u010dinu in tudi po dalj\u0161i uporabi \u0161e naprej zagotavlja vrhunsko funkcionalnost.<\/p>\n<p>Poleg prijetne teksture in modernih barv ima torbica Cotton Essential Bag dodatne podrobnosti, ki jih bodo cenili mladi star\u0161i, drzna logotipa Fairness in Kindness \u2013 izjave, ki odra\u017eajo prednostne naloge podjetja L\u00c4SSIG. L\u00c4SSIG kot proizvajalec ne skrbi le za funkcionalnost in dizajn, ampak pripisuje poseben pomen pravi\u010dni trgovini in odgovorni uporabi virov planeta.<\/p>\n<p>Torba Cotton Essential Bag se na \u0161iroko odpre in razkrije \u017eivobarvno podlogo in odli\u010dno razporeditev predelkov. Star\u0161i imajo dober pregled nad obla\u010dili, plenicami, kozarci in drugimi previjalnimi pripomo\u010dki, ki so organizirano shranjeni v velikem glavnem predalu. Prav tako lahko steklenice z vodo preprosto shranite v zunanje \u017eepe. Opremljen z vodoodporno podlogo za previjanje, nastavkom za vozi\u010dek in lo\u010denim ramenskim pasom, imajo star\u0161i vse, kar potrebujejo za zabavo s svojimi mal\u010dki.<\/p>\n","protected":false},"excerpt":{"rendered":"<p>Torba L\u00c4SSIG Cotton Essential Bag uspe\u0161no zdru\u017euje prijaznost do okolja, stil in funkcionalnost. Ta previjalna torba, izdelana iz organskega bomba\u017ea, je v skromnem dizajnu z veliko pozornosti do podrobnosti. Je tudi vodoodporen in pralen v pralnem stroju.<\/p>\n","protected":false},"featured_media":156980,"comment_status":"closed","ping_status":"closed","template":"","meta":{"_acf_changed":false,"footnotes":""},"product_brand":[],"product_cat":[552,676,648,677],"product_tag":[],"class_list":{"0":"post-194453","1":"product","2":"type-product","3":"status-publish","4":"has-post-thumbnail","6":"product_cat-dodaci-za-kolica","7":"product_cat-moda","8":"product_cat-organizatori-za-kolica","9":"product_cat-torbe-moda","10":"pa_brand-lassig","12":"first","13":"instock","14":"purchasable","15":"product-type-simple"},"bundled_by":[],"bundle_stock_status":"instock","bundle_stock_quantity":3,"bundle_virtual":false,"bundle_layout":"","bundle_add_to_cart_form_location":"","bundle_editable_in_cart":false,"bundle_sold_individually_context":"","bundle_item_grouping":"","bundle_min_size":"","bundle_max_size":"","bundle_price":[],"bundled_items":[],"bundle_sell_ids":[],"acf":[],"yoast_head":"<!-- This site is optimized with the Yoast SEO Premium plugin v21.5 (Yoast SEO v27.3) - https:\/\/yoast.com\/product\/yoast-seo-premium-wordpress\/ -->\n<title>L\u00e4ssig GRE Bomba\u017ena previjalna torba, sivo be\u017e - NajNaj.eu<\/title>\n<meta name=\"robots\" content=\"index, follow, max-snippet:-1, max-image-preview:large, max-video-preview:-1\" \/>\n<link rel=\"canonical\" href=\"https:\/\/najnaj.eu\/sl\/izdelek\/lassig-gre-bombazna-previjalna-torba-sivo-bez\/\" \/>\n<meta property=\"og:locale\" content=\"sl_SI\" \/>\n<meta property=\"og:type\" content=\"article\" \/>\n<meta property=\"og:title\" content=\"L\u00e4ssig GRE Bomba\u017ena previjalna torba, sivo be\u017e\" \/>\n<meta property=\"og:description\" content=\"Torba L\u00c4SSIG Cotton Essential Bag uspe\u0161no zdru\u017euje prijaznost do okolja, stil in funkcionalnost. Ta previjalna torba, izdelana iz organskega bomba\u017ea, je v skromnem dizajnu z veliko pozornosti do podrobnosti. Je tudi vodoodporen in pralen v pralnem stroju.\" \/>\n<meta property=\"og:url\" content=\"https:\/\/najnaj.eu\/sl\/izdelek\/lassig-gre-bombazna-previjalna-torba-sivo-bez\/\" \/>\n<meta property=\"og:site_name\" content=\"NajNaj.eu\" \/>\n<meta property=\"article:publisher\" content=\"https:\/\/web.facebook.com\/najnaj.eu\/\" \/>\n<meta property=\"article:modified_time\" content=\"2025-02-06T11:16:09+00:00\" \/>\n<meta property=\"og:image\" content=\"https:\/\/najnaj.eu\/wp-content\/uploads\/2023\/08\/1101033273_1mvJIqsHCAZ96Z_600x600.jpg\" \/>\n\t<meta property=\"og:image:width\" content=\"600\" \/>\n\t<meta property=\"og:image:height\" content=\"600\" \/>\n\t<meta property=\"og:image:type\" content=\"image\/jpeg\" \/>\n<meta name=\"twitter:card\" content=\"summary_large_image\" \/>\n<meta name=\"twitter:label1\" content=\"Price\" \/>\n\t<meta name=\"twitter:data1\" content=\"89,95&nbsp;&euro;\" \/>\n\t<meta name=\"twitter:label2\" content=\"Availability\" \/>\n\t<meta name=\"twitter:data2\" content=\"In stock\" \/>\n<script type=\"application\/ld+json\" class=\"yoast-schema-graph\">{\"@context\":\"https:\\\/\\\/schema.org\",\"@graph\":[{\"@type\":\"WebPage\",\"@id\":\"https:\\\/\\\/najnaj.eu\\\/sl\\\/izdelek\\\/lassig-gre-bombazna-previjalna-torba-sivo-bez\\\/\",\"url\":\"https:\\\/\\\/najnaj.eu\\\/sl\\\/izdelek\\\/lassig-gre-bombazna-previjalna-torba-sivo-bez\\\/\",\"name\":\"L\u00e4ssig GRE Bomba\u017ena previjalna torba, sivo be\u017e - NajNaj.eu\",\"isPartOf\":{\"@id\":\"https:\\\/\\\/najnaj.eu\\\/sl\\\/#website\"},\"primaryImageOfPage\":{\"@id\":\"https:\\\/\\\/najnaj.eu\\\/sl\\\/izdelek\\\/lassig-gre-bombazna-previjalna-torba-sivo-bez\\\/#primaryimage\"},\"image\":{\"@id\":\"https:\\\/\\\/najnaj.eu\\\/sl\\\/izdelek\\\/lassig-gre-bombazna-previjalna-torba-sivo-bez\\\/#primaryimage\"},\"thumbnailUrl\":\"https:\\\/\\\/najnaj.eu\\\/wp-content\\\/uploads\\\/2023\\\/08\\\/1101033273_1mvJIqsHCAZ96Z_600x600.jpg\",\"datePublished\":\"2023-02-02T12:31:18+00:00\",\"dateModified\":\"2025-02-06T11:16:09+00:00\",\"breadcrumb\":{\"@id\":\"https:\\\/\\\/najnaj.eu\\\/sl\\\/izdelek\\\/lassig-gre-bombazna-previjalna-torba-sivo-bez\\\/#breadcrumb\"},\"inLanguage\":\"sl-SI\",\"potentialAction\":[{\"@type\":\"ReadAction\",\"target\":[\"https:\\\/\\\/najnaj.eu\\\/sl\\\/izdelek\\\/lassig-gre-bombazna-previjalna-torba-sivo-bez\\\/\"]}]},{\"@type\":\"ImageObject\",\"inLanguage\":\"sl-SI\",\"@id\":\"https:\\\/\\\/najnaj.eu\\\/sl\\\/izdelek\\\/lassig-gre-bombazna-previjalna-torba-sivo-bez\\\/#primaryimage\",\"url\":\"https:\\\/\\\/najnaj.eu\\\/wp-content\\\/uploads\\\/2023\\\/08\\\/1101033273_1mvJIqsHCAZ96Z_600x600.jpg\",\"contentUrl\":\"https:\\\/\\\/najnaj.eu\\\/wp-content\\\/uploads\\\/2023\\\/08\\\/1101033273_1mvJIqsHCAZ96Z_600x600.jpg\",\"width\":600,\"height\":600},{\"@type\":\"BreadcrumbList\",\"@id\":\"https:\\\/\\\/najnaj.eu\\\/sl\\\/izdelek\\\/lassig-gre-bombazna-previjalna-torba-sivo-bez\\\/#breadcrumb\",\"itemListElement\":[{\"@type\":\"ListItem\",\"position\":1,\"name\":\"Po\u010detna stranica\",\"item\":\"https:\\\/\\\/najnaj.eu\\\/sl\\\/prednja-stran\\\/\"},{\"@type\":\"ListItem\",\"position\":2,\"name\":\"Shop\",\"item\":\"https:\\\/\\\/najnaj.eu\\\/sl\\\/shop\\\/\"},{\"@type\":\"ListItem\",\"position\":3,\"name\":\"L\u00e4ssig GRE Bomba\u017ena previjalna torba, sivo be\u017e\"}]},{\"@type\":\"WebSite\",\"@id\":\"https:\\\/\\\/najnaj.eu\\\/sl\\\/#website\",\"url\":\"https:\\\/\\\/najnaj.eu\\\/sl\\\/\",\"name\":\"NajNaj.eu\",\"description\":\"Za najva\u017enije!\",\"publisher\":{\"@id\":\"https:\\\/\\\/najnaj.eu\\\/sl\\\/#organization\"},\"potentialAction\":[{\"@type\":\"SearchAction\",\"target\":{\"@type\":\"EntryPoint\",\"urlTemplate\":\"https:\\\/\\\/najnaj.eu\\\/sl\\\/?s={search_term_string}\"},\"query-input\":{\"@type\":\"PropertyValueSpecification\",\"valueRequired\":true,\"valueName\":\"search_term_string\"}}],\"inLanguage\":\"sl-SI\"},{\"@type\":\"Organization\",\"@id\":\"https:\\\/\\\/najnaj.eu\\\/sl\\\/#organization\",\"name\":\"NajNaj.eu\",\"url\":\"https:\\\/\\\/najnaj.eu\\\/sl\\\/\",\"logo\":{\"@type\":\"ImageObject\",\"inLanguage\":\"sl-SI\",\"@id\":\"https:\\\/\\\/najnaj.eu\\\/sl\\\/#\\\/schema\\\/logo\\\/image\\\/\",\"url\":\"https:\\\/\\\/najnaj.eu\\\/wp-content\\\/uploads\\\/2023\\\/09\\\/logo_Najnaj_2023.svg\",\"contentUrl\":\"https:\\\/\\\/najnaj.eu\\\/wp-content\\\/uploads\\\/2023\\\/09\\\/logo_Najnaj_2023.svg\",\"width\":501,\"height\":278,\"caption\":\"NajNaj.eu\"},\"image\":{\"@id\":\"https:\\\/\\\/najnaj.eu\\\/sl\\\/#\\\/schema\\\/logo\\\/image\\\/\"},\"sameAs\":[\"https:\\\/\\\/web.facebook.com\\\/najnaj.eu\\\/\",\"https:\\\/\\\/www.instagram.com\\\/najnaj.eu\\\/\",\"https:\\\/\\\/www.tiktok.com\\\/@najnaj.eu\"]}]}<\/script>\n<meta property=\"product:brand\" content=\"L\u00e4ssig\" \/>\n<meta property=\"product:price:amount\" content=\"89.95\" \/>\n<meta property=\"product:price:currency\" content=\"EUR\" \/>\n<meta property=\"og:availability\" content=\"instock\" \/>\n<meta property=\"product:availability\" content=\"instock\" \/>\n<meta property=\"product:retailer_item_id\" content=\"1101033273\" \/>\n<meta property=\"product:condition\" content=\"new\" \/>\n<!-- \/ Yoast SEO Premium plugin. -->","yoast_head_json":{"title":"L\u00e4ssig GRE Bomba\u017ena previjalna torba, sivo be\u017e - NajNaj.eu","robots":{"index":"index","follow":"follow","max-snippet":"max-snippet:-1","max-image-preview":"max-image-preview:large","max-video-preview":"max-video-preview:-1"},"canonical":"https:\/\/najnaj.eu\/sl\/izdelek\/lassig-gre-bombazna-previjalna-torba-sivo-bez\/","og_locale":"sl_SI","og_type":"article","og_title":"L\u00e4ssig GRE Bomba\u017ena previjalna torba, sivo be\u017e","og_description":"Torba L\u00c4SSIG Cotton Essential Bag uspe\u0161no zdru\u017euje prijaznost do okolja, stil in funkcionalnost. Ta previjalna torba, izdelana iz organskega bomba\u017ea, je v skromnem dizajnu z veliko pozornosti do podrobnosti. Je tudi vodoodporen in pralen v pralnem stroju.","og_url":"https:\/\/najnaj.eu\/sl\/izdelek\/lassig-gre-bombazna-previjalna-torba-sivo-bez\/","og_site_name":"NajNaj.eu","article_publisher":"https:\/\/web.facebook.com\/najnaj.eu\/","article_modified_time":"2025-02-06T11:16:09+00:00","og_image":[{"width":600,"height":600,"url":"https:\/\/najnaj.eu\/wp-content\/uploads\/2023\/08\/1101033273_1mvJIqsHCAZ96Z_600x600.jpg","type":"image\/jpeg"}],"twitter_card":"summary_large_image","twitter_misc":{"Price":"89,95&nbsp;&euro;","Availability":"In stock"},"schema":{"@context":"https:\/\/schema.org","@graph":[{"@type":"WebPage","@id":"https:\/\/najnaj.eu\/sl\/izdelek\/lassig-gre-bombazna-previjalna-torba-sivo-bez\/","url":"https:\/\/najnaj.eu\/sl\/izdelek\/lassig-gre-bombazna-previjalna-torba-sivo-bez\/","name":"L\u00e4ssig GRE Bomba\u017ena previjalna torba, sivo be\u017e - NajNaj.eu","isPartOf":{"@id":"https:\/\/najnaj.eu\/sl\/#website"},"primaryImageOfPage":{"@id":"https:\/\/najnaj.eu\/sl\/izdelek\/lassig-gre-bombazna-previjalna-torba-sivo-bez\/#primaryimage"},"image":{"@id":"https:\/\/najnaj.eu\/sl\/izdelek\/lassig-gre-bombazna-previjalna-torba-sivo-bez\/#primaryimage"},"thumbnailUrl":"https:\/\/najnaj.eu\/wp-content\/uploads\/2023\/08\/1101033273_1mvJIqsHCAZ96Z_600x600.jpg","datePublished":"2023-02-02T12:31:18+00:00","dateModified":"2025-02-06T11:16:09+00:00","breadcrumb":{"@id":"https:\/\/najnaj.eu\/sl\/izdelek\/lassig-gre-bombazna-previjalna-torba-sivo-bez\/#breadcrumb"},"inLanguage":"sl-SI","potentialAction":[{"@type":"ReadAction","target":["https:\/\/najnaj.eu\/sl\/izdelek\/lassig-gre-bombazna-previjalna-torba-sivo-bez\/"]}]},{"@type":"ImageObject","inLanguage":"sl-SI","@id":"https:\/\/najnaj.eu\/sl\/izdelek\/lassig-gre-bombazna-previjalna-torba-sivo-bez\/#primaryimage","url":"https:\/\/najnaj.eu\/wp-content\/uploads\/2023\/08\/1101033273_1mvJIqsHCAZ96Z_600x600.jpg","contentUrl":"https:\/\/najnaj.eu\/wp-content\/uploads\/2023\/08\/1101033273_1mvJIqsHCAZ96Z_600x600.jpg","width":600,"height":600},{"@type":"BreadcrumbList","@id":"https:\/\/najnaj.eu\/sl\/izdelek\/lassig-gre-bombazna-previjalna-torba-sivo-bez\/#breadcrumb","itemListElement":[{"@type":"ListItem","position":1,"name":"Po\u010detna stranica","item":"https:\/\/najnaj.eu\/sl\/prednja-stran\/"},{"@type":"ListItem","position":2,"name":"Shop","item":"https:\/\/najnaj.eu\/sl\/shop\/"},{"@type":"ListItem","position":3,"name":"L\u00e4ssig GRE Bomba\u017ena previjalna torba, sivo be\u017e"}]},{"@type":"WebSite","@id":"https:\/\/najnaj.eu\/sl\/#website","url":"https:\/\/najnaj.eu\/sl\/","name":"NajNaj.eu","description":"Za najva\u017enije!","publisher":{"@id":"https:\/\/najnaj.eu\/sl\/#organization"},"potentialAction":[{"@type":"SearchAction","target":{"@type":"EntryPoint","urlTemplate":"https:\/\/najnaj.eu\/sl\/?s={search_term_string}"},"query-input":{"@type":"PropertyValueSpecification","valueRequired":true,"valueName":"search_term_string"}}],"inLanguage":"sl-SI"},{"@type":"Organization","@id":"https:\/\/najnaj.eu\/sl\/#organization","name":"NajNaj.eu","url":"https:\/\/najnaj.eu\/sl\/","logo":{"@type":"ImageObject","inLanguage":"sl-SI","@id":"https:\/\/najnaj.eu\/sl\/#\/schema\/logo\/image\/","url":"https:\/\/najnaj.eu\/wp-content\/uploads\/2023\/09\/logo_Najnaj_2023.svg","contentUrl":"https:\/\/najnaj.eu\/wp-content\/uploads\/2023\/09\/logo_Najnaj_2023.svg","width":501,"height":278,"caption":"NajNaj.eu"},"image":{"@id":"https:\/\/najnaj.eu\/sl\/#\/schema\/logo\/image\/"},"sameAs":["https:\/\/web.facebook.com\/najnaj.eu\/","https:\/\/www.instagram.com\/najnaj.eu\/","https:\/\/www.tiktok.com\/@najnaj.eu"]}]},"product_brand":"L\u00e4ssig","product_price_amount":"89.95","product_price_currency":"EUR","og_availability":"instock","product_availability":"instock","product_retailer_item_id":"1101033273","product_condition":"new"},"_links":{"self":[{"href":"https:\/\/najnaj.eu\/sl\/wp-json\/wp\/v2\/product\/194453","targetHints":{"allow":["GET"]}}],"collection":[{"href":"https:\/\/najnaj.eu\/sl\/wp-json\/wp\/v2\/product"}],"about":[{"href":"https:\/\/najnaj.eu\/sl\/wp-json\/wp\/v2\/types\/product"}],"replies":[{"embeddable":true,"href":"https:\/\/najnaj.eu\/sl\/wp-json\/wp\/v2\/comments?post=194453"}],"version-history":[{"count":0,"href":"https:\/\/najnaj.eu\/sl\/wp-json\/wp\/v2\/product\/194453\/revisions"}],"wp:featuredmedia":[{"embeddable":true,"href":"https:\/\/najnaj.eu\/sl\/wp-json\/wp\/v2\/media\/156980"}],"wp:attachment":[{"href":"https:\/\/najnaj.eu\/sl\/wp-json\/wp\/v2\/media?parent=194453"}],"wp:term":[{"taxonomy":"product_brand","embeddable":true,"href":"https:\/\/najnaj.eu\/sl\/wp-json\/wp\/v2\/product_brand?post=194453"},{"taxonomy":"product_cat","embeddable":true,"href":"https:\/\/najnaj.eu\/sl\/wp-json\/wp\/v2\/product_cat?post=194453"},{"taxonomy":"product_tag","embeddable":true,"href":"https:\/\/najnaj.eu\/sl\/wp-json\/wp\/v2\/product_tag?post=194453"}],"curies":[{"name":"wp","href":"https:\/\/api.w.org\/{rel}","templated":true}]}}